{"id":7935,"date":"2022-11-17T10:00:02","date_gmt":"2022-11-17T10:00:02","guid":{"rendered":"https:\/\/everydaychemshop.com\/de\/?post_type=product&#038;p=7935"},"modified":"2023-04-06T18:45:45","modified_gmt":"2023-04-06T18:45:45","slug":"tramadol","status":"publish","type":"product","link":"https:\/\/everydaychemshop.com\/de\/product\/tramadol\/","title":{"rendered":"Tramadol"},"content":{"rendered":"<h1>Kaufen Sie Tramadol-Pillen online<\/h1>\n<p><a href=\"https:\/\/everydaychemshop.com\/de\/product\/tramadol\/\">Kaufen Sie Tramadol-Pillen online<\/a>. Tramadol ist ein starkes Schmerzmittel zur Behandlung von m\u00e4\u00dfigen bis starken Schmerzen, die durch andere Arten von Schmerzmitteln nicht gelindert werden. Tramadol ist ein synthetisches Opioid und wirkt im Gehirn und der Wirbels\u00e4ule (Zentralnervensystem), um die Schmerzen zu lindern, die Sie empfinden.<\/p>\n<p>Die Retardform von Tramadol dient zur Schmerzbehandlung rund um die Uhr . <a href=\"https:\/\/de.wikipedia.org\/wiki\/Tramadol\">Diese<\/a> Form von Tramadol ist nicht zur bedarfsgerechten Anwendung bei Schmerzen bestimmt.<\/p>\n","protected":false},"excerpt":{"rendered":"<p>Tramadol geh\u00f6rt zur Wirkstoffklasse der Opioide (narkotische Analgetika) und wird h\u00e4ufig bei Angstzust\u00e4nden, R\u00fcckenschmerzen, chronischen Schmerzen und anderen eingesetzt.<\/p>\n","protected":false},"featured_media":7962,"comment_status":"open","ping_status":"closed","template":"","meta":{"inline_featured_image":false},"product_brand":[],"product_cat":[116],"product_tag":[],"class_list":{"0":"post-7935","1":"product","2":"type-product","3":"status-publish","4":"has-post-thumbnail","6":"product_cat-schmerzmittel","8":"first","9":"instock","10":"shipping-taxable","11":"purchasable","12":"product-type-variable","13":"has-default-attributes"},"yoast_head":"<!-- This site is optimized with the Yoast SEO Premium plugin v19.2 (Yoast SEO v27.3) - https:\/\/yoast.com\/product\/yoast-seo-premium-wordpress\/ -->\n<title>Kaufen Sie Tramadol-Pillen online - Everyday Chem Shop<\/title>\n<meta name=\"description\" content=\"Kaufen Sie Tramadol-Pillen online. Wir verkaufen Tramadol-Pillen in bester Qualit\u00e4t online. Bitte kontaktieren Sie f\u00fcr weitere Informationen und Preise f\u00fcr Ihre Bestellung.\" \/>\n<meta name=\"robots\" content=\"index, follow, max-snippet:-1, max-image-preview:large, max-video-preview:-1\" \/>\n<link rel=\"canonical\" href=\"https:\/\/everydaychemshop.com\/de\/product\/tramadol\/\" \/>\n<meta property=\"og:locale\" content=\"en_US\" \/>\n<meta property=\"og:type\" content=\"article\" \/>\n<meta property=\"og:title\" content=\"Tramadol\" \/>\n<meta property=\"og:description\" content=\"Kaufen Sie Tramadol-Pillen online. Wir verkaufen Tramadol-Pillen in bester Qualit\u00e4t online. Bitte kontaktieren Sie f\u00fcr weitere Informationen und Preise f\u00fcr Ihre Bestellung.\" \/>\n<meta property=\"og:url\" content=\"https:\/\/everydaychemshop.com\/de\/product\/tramadol\/\" \/>\n<meta property=\"og:site_name\" content=\"Everyday Chem Shop\" \/>\n<meta property=\"article:modified_time\" content=\"2023-04-06T18:45:45+00:00\" \/>\n<meta property=\"og:image\" content=\"https:\/\/everydaychemshop.com\/de\/wp-content\/uploads\/sites\/3\/2022\/11\/CCA03770.jpg\" \/>\n\t<meta property=\"og:image:width\" content=\"288\" \/>\n\t<meta property=\"og:image:height\" content=\"216\" \/>\n\t<meta property=\"og:image:type\" content=\"image\/jpeg\" \/>\n<meta name=\"twitter:card\" content=\"summary_large_image\" \/>\n<meta name=\"twitter:label1\" content=\"Est. reading time\" \/>\n\t<meta name=\"twitter:data1\" content=\"1 minute\" \/>\n<script type=\"application\/ld+json\" class=\"yoast-schema-graph\">{\"@context\":\"https:\\\/\\\/schema.org\",\"@graph\":[{\"@type\":\"WebPage\",\"@id\":\"https:\\\/\\\/everydaychemshop.com\\\/de\\\/product\\\/tramadol\\\/\",\"url\":\"https:\\\/\\\/everydaychemshop.com\\\/de\\\/product\\\/tramadol\\\/\",\"name\":\"Kaufen Sie Tramadol-Pillen online - Everyday Chem Shop\",\"isPartOf\":{\"@id\":\"https:\\\/\\\/everydaychemshop.com\\\/de\\\/#website\"},\"primaryImageOfPage\":{\"@id\":\"https:\\\/\\\/everydaychemshop.com\\\/de\\\/product\\\/tramadol\\\/#primaryimage\"},\"image\":{\"@id\":\"https:\\\/\\\/everydaychemshop.com\\\/de\\\/product\\\/tramadol\\\/#primaryimage\"},\"thumbnailUrl\":\"https:\\\/\\\/everydaychemshop.com\\\/de\\\/wp-content\\\/uploads\\\/sites\\\/3\\\/2022\\\/11\\\/CCA03770.jpg\",\"datePublished\":\"2022-11-17T10:00:02+00:00\",\"dateModified\":\"2023-04-06T18:45:45+00:00\",\"description\":\"Kaufen Sie Tramadol-Pillen online. Wir verkaufen Tramadol-Pillen in bester Qualit\u00e4t online. Bitte kontaktieren Sie f\u00fcr weitere Informationen und Preise f\u00fcr Ihre Bestellung.\",\"breadcrumb\":{\"@id\":\"https:\\\/\\\/everydaychemshop.com\\\/de\\\/product\\\/tramadol\\\/#breadcrumb\"},\"inLanguage\":\"en-US\",\"potentialAction\":[{\"@type\":\"ReadAction\",\"target\":[\"https:\\\/\\\/everydaychemshop.com\\\/de\\\/product\\\/tramadol\\\/\"]}]},{\"@type\":\"ImageObject\",\"inLanguage\":\"en-US\",\"@id\":\"https:\\\/\\\/everydaychemshop.com\\\/de\\\/product\\\/tramadol\\\/#primaryimage\",\"url\":\"https:\\\/\\\/everydaychemshop.com\\\/de\\\/wp-content\\\/uploads\\\/sites\\\/3\\\/2022\\\/11\\\/CCA03770.jpg\",\"contentUrl\":\"https:\\\/\\\/everydaychemshop.com\\\/de\\\/wp-content\\\/uploads\\\/sites\\\/3\\\/2022\\\/11\\\/CCA03770.jpg\",\"width\":288,\"height\":216,\"caption\":\"Kaufen Sie Tramadol-Pillen online\"},{\"@type\":\"BreadcrumbList\",\"@id\":\"https:\\\/\\\/everydaychemshop.com\\\/de\\\/product\\\/tramadol\\\/#breadcrumb\",\"itemListElement\":[{\"@type\":\"ListItem\",\"position\":1,\"name\":\"Home\",\"item\":\"https:\\\/\\\/everydaychemshop.com\\\/de\\\/\"},{\"@type\":\"ListItem\",\"position\":2,\"name\":\"Produkte\",\"item\":\"https:\\\/\\\/everydaychemshop.com\\\/de\\\/produkte\\\/\"},{\"@type\":\"ListItem\",\"position\":3,\"name\":\"Tramadol\"}]},{\"@type\":\"WebSite\",\"@id\":\"https:\\\/\\\/everydaychemshop.com\\\/de\\\/#website\",\"url\":\"https:\\\/\\\/everydaychemshop.com\\\/de\\\/\",\"name\":\"Everyday Chem Shop\",\"description\":\"\",\"potentialAction\":[{\"@type\":\"SearchAction\",\"target\":{\"@type\":\"EntryPoint\",\"urlTemplate\":\"https:\\\/\\\/everydaychemshop.com\\\/de\\\/?s={search_term_string}\"},\"query-input\":{\"@type\":\"PropertyValueSpecification\",\"valueRequired\":true,\"valueName\":\"search_term_string\"}}],\"inLanguage\":\"en-US\"}]}<\/script>\n<!-- \/ Yoast SEO Premium plugin. -->","yoast_head_json":{"title":"Kaufen Sie Tramadol-Pillen online - Everyday Chem Shop","description":"Kaufen Sie Tramadol-Pillen online. Wir verkaufen Tramadol-Pillen in bester Qualit\u00e4t online. Bitte kontaktieren Sie f\u00fcr weitere Informationen und Preise f\u00fcr Ihre Bestellung.","robots":{"index":"index","follow":"follow","max-snippet":"max-snippet:-1","max-image-preview":"max-image-preview:large","max-video-preview":"max-video-preview:-1"},"canonical":"https:\/\/everydaychemshop.com\/de\/product\/tramadol\/","og_locale":"en_US","og_type":"article","og_title":"Tramadol","og_description":"Kaufen Sie Tramadol-Pillen online. Wir verkaufen Tramadol-Pillen in bester Qualit\u00e4t online. Bitte kontaktieren Sie f\u00fcr weitere Informationen und Preise f\u00fcr Ihre Bestellung.","og_url":"https:\/\/everydaychemshop.com\/de\/product\/tramadol\/","og_site_name":"Everyday Chem Shop","article_modified_time":"2023-04-06T18:45:45+00:00","og_image":[{"width":288,"height":216,"url":"https:\/\/everydaychemshop.com\/de\/wp-content\/uploads\/sites\/3\/2022\/11\/CCA03770.jpg","type":"image\/jpeg"}],"twitter_card":"summary_large_image","twitter_misc":{"Est. reading time":"1 minute"},"schema":{"@context":"https:\/\/schema.org","@graph":[{"@type":"WebPage","@id":"https:\/\/everydaychemshop.com\/de\/product\/tramadol\/","url":"https:\/\/everydaychemshop.com\/de\/product\/tramadol\/","name":"Kaufen Sie Tramadol-Pillen online - Everyday Chem Shop","isPartOf":{"@id":"https:\/\/everydaychemshop.com\/de\/#website"},"primaryImageOfPage":{"@id":"https:\/\/everydaychemshop.com\/de\/product\/tramadol\/#primaryimage"},"image":{"@id":"https:\/\/everydaychemshop.com\/de\/product\/tramadol\/#primaryimage"},"thumbnailUrl":"https:\/\/everydaychemshop.com\/de\/wp-content\/uploads\/sites\/3\/2022\/11\/CCA03770.jpg","datePublished":"2022-11-17T10:00:02+00:00","dateModified":"2023-04-06T18:45:45+00:00","description":"Kaufen Sie Tramadol-Pillen online. Wir verkaufen Tramadol-Pillen in bester Qualit\u00e4t online. Bitte kontaktieren Sie f\u00fcr weitere Informationen und Preise f\u00fcr Ihre Bestellung.","breadcrumb":{"@id":"https:\/\/everydaychemshop.com\/de\/product\/tramadol\/#breadcrumb"},"inLanguage":"en-US","potentialAction":[{"@type":"ReadAction","target":["https:\/\/everydaychemshop.com\/de\/product\/tramadol\/"]}]},{"@type":"ImageObject","inLanguage":"en-US","@id":"https:\/\/everydaychemshop.com\/de\/product\/tramadol\/#primaryimage","url":"https:\/\/everydaychemshop.com\/de\/wp-content\/uploads\/sites\/3\/2022\/11\/CCA03770.jpg","contentUrl":"https:\/\/everydaychemshop.com\/de\/wp-content\/uploads\/sites\/3\/2022\/11\/CCA03770.jpg","width":288,"height":216,"caption":"Kaufen Sie Tramadol-Pillen online"},{"@type":"BreadcrumbList","@id":"https:\/\/everydaychemshop.com\/de\/product\/tramadol\/#breadcrumb","itemListElement":[{"@type":"ListItem","position":1,"name":"Home","item":"https:\/\/everydaychemshop.com\/de\/"},{"@type":"ListItem","position":2,"name":"Produkte","item":"https:\/\/everydaychemshop.com\/de\/produkte\/"},{"@type":"ListItem","position":3,"name":"Tramadol"}]},{"@type":"WebSite","@id":"https:\/\/everydaychemshop.com\/de\/#website","url":"https:\/\/everydaychemshop.com\/de\/","name":"Everyday Chem Shop","description":"","potentialAction":[{"@type":"SearchAction","target":{"@type":"EntryPoint","urlTemplate":"https:\/\/everydaychemshop.com\/de\/?s={search_term_string}"},"query-input":{"@type":"PropertyValueSpecification","valueRequired":true,"valueName":"search_term_string"}}],"inLanguage":"en-US"}]}},"_links":{"self":[{"href":"https:\/\/everydaychemshop.com\/de\/wp-json\/wp\/v2\/product\/7935","targetHints":{"allow":["GET"]}}],"collection":[{"href":"https:\/\/everydaychemshop.com\/de\/wp-json\/wp\/v2\/product"}],"about":[{"href":"https:\/\/everydaychemshop.com\/de\/wp-json\/wp\/v2\/types\/product"}],"replies":[{"embeddable":true,"href":"https:\/\/everydaychemshop.com\/de\/wp-json\/wp\/v2\/comments?post=7935"}],"wp:featuredmedia":[{"embeddable":true,"href":"https:\/\/everydaychemshop.com\/de\/wp-json\/wp\/v2\/media\/7962"}],"wp:attachment":[{"href":"https:\/\/everydaychemshop.com\/de\/wp-json\/wp\/v2\/media?parent=7935"}],"wp:term":[{"taxonomy":"product_brand","embeddable":true,"href":"https:\/\/everydaychemshop.com\/de\/wp-json\/wp\/v2\/product_brand?post=7935"},{"taxonomy":"product_cat","embeddable":true,"href":"https:\/\/everydaychemshop.com\/de\/wp-json\/wp\/v2\/product_cat?post=7935"},{"taxonomy":"product_tag","embeddable":true,"href":"https:\/\/everydaychemshop.com\/de\/wp-json\/wp\/v2\/product_tag?post=7935"}],"curies":[{"name":"wp","href":"https:\/\/api.w.org\/{rel}","templated":true}]}}