{"id":7964,"date":"2022-11-17T10:07:48","date_gmt":"2022-11-17T10:07:48","guid":{"rendered":"https:\/\/everydaychemshop.com\/de\/?post_type=product&#038;p=7964"},"modified":"2023-04-06T18:44:28","modified_gmt":"2023-04-06T18:44:28","slug":"kaufen-w-18-pillen","status":"publish","type":"product","link":"https:\/\/everydaychemshop.com\/de\/product\/kaufen-w-18-pillen\/","title":{"rendered":"W-18-Pillen"},"content":{"rendered":"<h1>Kaufen Sie W-18-Pillen online<\/h1>\n<p><a href=\"https:\/\/everydaychemshop.com\/de\/product\/kaufen-w-18-pillen\/\">Kaufen Sie W-18-Pillen online<\/a>. W-18 ist eine Verbindung in einer Reihe von 32 Substanzen (mit den Namen W-1 bis W-32), die erstmals in den 1980er Jahren in der akademischen Forschung zur Entdeckung von Analgetika synthetisiert wurden und in den 2010er Jahren als Designerdroge auftauchten. Kaufen Sie W-18-Pulver zum Verkauf online.<\/p>\n<p>W-18 wurde an der University of Alberta von einem Labor erfunden, das in den 1980er Jahren an der Entdeckung von Analgetika arbeitete. Vorl\u00e4ufige Studien an Tieren zeigten, dass es bei M\u00e4usen schmerzstillende Wirkung hatte.<\/p>\n<p>In Europa und den Vereinigten Staaten wurde das Molek\u00fcl 2013 beim Freizeitdrogenkonsum als Ersatz f\u00fcr andere verbotene Bet\u00e4ubungsmittel entdeckt. Im Dezember 2015 entdeckten die Law Enforcement Response Teams (ALERT) von Alberta vier Kilogramm W-18 bei einer Drogenverhaftung in Edmonton. Health Canada <a href=\"https:\/\/en.wikipedia.org\/wiki\/W-18\">fand<\/a> W-18 in mindestens drei von 110 Fentanyl-Tabletten, die im August 2015 in einem Haus in Calgary beschlagnahmt wurden.<\/p>\n<p>In den 2010er Jahren wurde W-18 in der popul\u00e4ren Presse weithin als Opioid bezeichnet. Dies wurde jedoch sp\u00e4ter entlarvt. Sowohl Sigma-Rezeptoren als auch das Translokator-Protein zeigten eine geringe Aktivit\u00e4t, als W-18 getestet wurde (peripherer Benzodiazepin-Rezeptor). Es hat auch eine mikromolare Affinit\u00e4t zum hERG-Kaliumkanal, der bei hohen Dosen zu Herzrhythmusst\u00f6rungen f\u00fchren kann.<br \/>\nW-18 Urspr\u00fcnglich als starkes Opioid eingestuft<br \/>\nNach fast drei Jahrzehnten der Dunkelheit tauchte W-18 wieder auf eine Designerdroge, die in den 1980er Jahren bei der Erforschung analgetischer Schmerzmittel entdeckt wurde. In fr\u00fchen Tests war die Substanz hundertmal wirksamer als Fentanyl. Es ist ein starkes Opioid-Schmerzmittel, das 50-mal st\u00e4rker als Heroin und 10.000-mal st\u00e4rker als Morphin ist. 1. Pharmazeutische Unternehmen haben das Medikament nie abgeholt. Nichtsdestotrotz ist W-18 in den letzten Jahren \u00fcber das Internet erh\u00e4ltlich, wobei die Lieferungen von au\u00dferhalb Kanadas stammen, wo das Medikament zuerst hergestellt wurde. W-18 hat aufgrund seiner Zug\u00e4nglichkeit schnell als gef\u00e4hrliche und potenziell t\u00f6dliche Stra\u00dfendroge in Nordamerika und Europa Anklang gefunden.<\/p>\n<p>W-18 wurde in vielen Geschichten als das folgende neuartige Medikament in der anhaltenden Opioid-Pandemie beschrieben fr\u00fcher in diesem Jahr. W-18 wurde als Opioid-Medikament mit au\u00dfergew\u00f6hnlicher T\u00f6dlichkeit bezeichnet, da es w\u00e4hrend der Schmerzmittelforschung entwickelt wurde. Seine Wirkungen wurden mit denen von Opioiden verglichen. 2 W-18 hingegen war in mehrfacher Hinsicht anders als Opiat-Medikamente und andere Opioid-Medikamente. Beispielsweise ist das Medikament bei keinem Standard-Medikamentenscreening nachweisbar, einschlie\u00dflich solcher, die speziell zur Identifizierung von Schmerzmitteln entwickelt wurden. Auch Naloxon, das dazu bestimmt ist, eine Opioid-\u00dcberdosis im Notfall r\u00fcckg\u00e4ngig zu machen, hat keine Auswirkungen auf Patienten mit W-18-\u00dcberdosis. Trotz dieser Anomalien wurde W-18 dennoch als Opioid eingestuft, aufgrund von vermehrten Todesf\u00e4llen durch \u00dcberdosierung im Zusammenhang mit seiner Verwendung.<\/p>\n<p>Todesf\u00e4lle durch \u00dcberdosierung schossen aufgrund von W-18 in die H\u00f6he<br \/>\nFr\u00fcher w\u00fcrden Heroindealer ihre Drogen verd\u00fcnnen Lieferungen von Chemikalien wie Backpulver, um die Menge an Heroin zu maximieren, die sie verkaufen k\u00f6nnten. Da dies jedoch die Wirksamkeit des Heroins verringern w\u00fcrde, f\u00fcgten sie kleine Dosen Fentanyl hinzu, um die Wirkung der stark besch\u00e4digten Mischung zu steigern. Als Folge des mit Fentanyl versetzten Heroins, das Drogenabh\u00e4ngige einnahmen, gab es einen Anstieg der Todesf\u00e4lle durch \u00dcberdosierung, insbesondere entlang der amerikanischen Ostk\u00fcste. Infolgedessen war es nur eine Frage der Zeit, bis W-18, das ein Heroin-\u00e4hnliches High hervorrufen soll, aber um ein Vielfaches gef\u00e4hrlicher als Fentanyl ist, auf die gleiche Weise verwendet wurde, was zu einer Zunahme der Todesf\u00e4lle durch \u00dcberdosierung f\u00fchrte. 3 W-18 ist auch als wei\u00dfes Pulver erh\u00e4ltlich, wodurch es leicht mit Heroin oder der Pulverversion von Fentanyl verwechselt werden kann.<\/p>\n<p>Die Substanz ist ein synthetisches Opioid ohne anerkannte klinische Anwendung. Das Medikament wurde in den 1980er Jahren von einer Gruppe kanadischer Wissenschaftler als Teil einer Reihe experimenteller Schmerzmittel entwickelt, aber nie an Menschen getestet. Infolgedessen sind die meisten seiner m\u00f6glichen Nebenwirkungen auf den Menschen unbekannt \u2013 W-18 wurde bisher nur an Laborm\u00e4usen untersucht.<\/p>\n<p>W-18 ist 100-mal st\u00e4rker als Fentanyl in Bezug auf Potenz. Fentanyl ist ein Medikament, das 100-mal st\u00e4rker ist als Morphin. W-18 ist 10.000 Mal st\u00e4rker als herk\u00f6mmliche Opiate.<\/p>\n","protected":false},"excerpt":{"rendered":"<p>Kaufen Sie W-18-Pillen zum Verkauf in den USA, Kanada, Gro\u00dfbritannien, Asien und Europa online. Unser Versand und unsere Lieferung sind 100\u00a0% sicher, sicher und diskret.<\/p>\n","protected":false},"featured_media":7969,"comment_status":"open","ping_status":"closed","template":"","meta":{"inline_featured_image":false},"product_brand":[],"product_cat":[116],"product_tag":[462,463,468,469,470,471,476,477,478,687,479,482,688,464,497,485,486,489,490,491,467,474,473,472,483,484,487,465,494,481,495,496,475,493,502,498,500,499,501,503,504,492,480,488,466,505,506],"class_list":{"0":"post-7964","1":"product","2":"type-product","3":"status-publish","4":"has-post-thumbnail","6":"product_cat-schmerzmittel","7":"product_tag-buy-w-18","8":"product_tag-buy-w-18-2mg-online","9":"product_tag-buy-w-18-for-sale","10":"product_tag-buy-w-18-for-sale-usa-online","11":"product_tag-buy-w-18-germany-online","12":"product_tag-buy-w-18-in-australia","13":"product_tag-buy-w-18-pills","14":"product_tag-buy-w-18-uk","15":"product_tag-buy-w-18-usa","16":"product_tag-der-beste-ort","17":"product_tag-ist-w-18-legal","18":"product_tag-quality-w-18-for-sale","19":"product_tag-um-w-18-online-zu-kaufen","20":"product_tag-w-18-australien-kaufen","21":"product_tag-w-18-bestellung","22":"product_tag-w-18-buy-online","23":"product_tag-w-18-buy-uk","24":"product_tag-w-18-medikamente","25":"product_tag-w-18-drogen-zum-verkauf","26":"product_tag-w-18-effect","27":"product_tag-buy-w-18-europe","28":"product_tag-kaufen-w-18-in-usa","29":"product_tag-kaufen-w-18-in-uk","30":"product_tag-kaufen-w-18-in-kanada","31":"product_tag-w-18-kaufen","32":"product_tag-w-18-kaufen-kanada","33":"product_tag-w-18-kaufen-usa","34":"product_tag-w-18-medikament-online-kaufen","35":"product_tag-w-18-online","36":"product_tag-w-18-online-bestellen","37":"product_tag-w-18-online-buy","38":"product_tag-w-18-online-in-den-usa","39":"product_tag-w-18-online-kaufen","40":"product_tag-w-18-zum-verkauf-online","41":"product_tag-w-18-pillen-grohandel","42":"product_tag-w-18-pillen-kaufen","43":"product_tag-w-18-pillen-zu-verkaufen","44":"product_tag-w-18-pillen-effekt","45":"product_tag-w-18-pillen-bestellung","46":"product_tag-w-18-preis-online","47":"product_tag-w-18-reddit","48":"product_tag-w-18-zu-verkaufen","49":"product_tag-bestellung-w-18-zu-verkaufen","50":"product_tag-w-18-sekunden","51":"product_tag-kaufen-w-18-drogen","52":"product_tag-where-to-buy-w-18-online","53":"product_tag-where-to-buy-w-18-pills","55":"first","56":"instock","57":"shipping-taxable","58":"purchasable","59":"product-type-variable","60":"has-default-attributes"},"yoast_head":"<!-- This site is optimized with the Yoast SEO Premium plugin v19.2 (Yoast SEO v27.3) - https:\/\/yoast.com\/product\/yoast-seo-premium-wordpress\/ -->\n<title>Kaufen Sie W-18-Pillen online - Everyday Chem Shop<\/title>\n<meta name=\"description\" content=\"Kaufen Sie W-18-Pillen online. Wir verkaufen W-18-Pillen online. Bitte kontaktieren Sie uns f\u00fcr weitere Informationen f\u00fcr weitere Informationen und Preise.\" \/>\n<meta name=\"robots\" content=\"index, follow, max-snippet:-1, max-image-preview:large, max-video-preview:-1\" \/>\n<link rel=\"canonical\" href=\"https:\/\/everydaychemshop.com\/de\/product\/kaufen-w-18-pillen\/\" \/>\n<meta property=\"og:locale\" content=\"en_US\" \/>\n<meta property=\"og:type\" content=\"article\" \/>\n<meta property=\"og:title\" content=\"W-18-Pillen\" \/>\n<meta property=\"og:description\" content=\"Kaufen Sie W-18-Pillen online. Wir verkaufen W-18-Pillen online. Bitte kontaktieren Sie uns f\u00fcr weitere Informationen f\u00fcr weitere Informationen und Preise.\" \/>\n<meta property=\"og:url\" content=\"https:\/\/everydaychemshop.com\/de\/product\/kaufen-w-18-pillen\/\" \/>\n<meta property=\"og:site_name\" content=\"Everyday Chem Shop\" \/>\n<meta property=\"article:modified_time\" content=\"2023-04-06T18:44:28+00:00\" \/>\n<meta property=\"og:image\" content=\"https:\/\/everydaychemshop.com\/de\/wp-content\/uploads\/sites\/3\/2022\/11\/Buy-W-18-Pills.jpg\" \/>\n\t<meta property=\"og:image:width\" content=\"840\" \/>\n\t<meta property=\"og:image:height\" content=\"781\" \/>\n\t<meta property=\"og:image:type\" content=\"image\/jpeg\" \/>\n<meta name=\"twitter:card\" content=\"summary_large_image\" \/>\n<meta name=\"twitter:label1\" content=\"Est. reading time\" \/>\n\t<meta name=\"twitter:data1\" content=\"3 minutes\" \/>\n<script type=\"application\/ld+json\" class=\"yoast-schema-graph\">{\"@context\":\"https:\\\/\\\/schema.org\",\"@graph\":[{\"@type\":\"WebPage\",\"@id\":\"https:\\\/\\\/everydaychemshop.com\\\/de\\\/product\\\/kaufen-w-18-pillen\\\/\",\"url\":\"https:\\\/\\\/everydaychemshop.com\\\/de\\\/product\\\/kaufen-w-18-pillen\\\/\",\"name\":\"Kaufen Sie W-18-Pillen online - Everyday Chem Shop\",\"isPartOf\":{\"@id\":\"https:\\\/\\\/everydaychemshop.com\\\/de\\\/#website\"},\"primaryImageOfPage\":{\"@id\":\"https:\\\/\\\/everydaychemshop.com\\\/de\\\/product\\\/kaufen-w-18-pillen\\\/#primaryimage\"},\"image\":{\"@id\":\"https:\\\/\\\/everydaychemshop.com\\\/de\\\/product\\\/kaufen-w-18-pillen\\\/#primaryimage\"},\"thumbnailUrl\":\"https:\\\/\\\/everydaychemshop.com\\\/de\\\/wp-content\\\/uploads\\\/sites\\\/3\\\/2022\\\/11\\\/Buy-W-18-Pills.jpg\",\"datePublished\":\"2022-11-17T10:07:48+00:00\",\"dateModified\":\"2023-04-06T18:44:28+00:00\",\"description\":\"Kaufen Sie W-18-Pillen online. Wir verkaufen W-18-Pillen online. Bitte kontaktieren Sie uns f\u00fcr weitere Informationen f\u00fcr weitere Informationen und Preise.\",\"breadcrumb\":{\"@id\":\"https:\\\/\\\/everydaychemshop.com\\\/de\\\/product\\\/kaufen-w-18-pillen\\\/#breadcrumb\"},\"inLanguage\":\"en-US\",\"potentialAction\":[{\"@type\":\"ReadAction\",\"target\":[\"https:\\\/\\\/everydaychemshop.com\\\/de\\\/product\\\/kaufen-w-18-pillen\\\/\"]}]},{\"@type\":\"ImageObject\",\"inLanguage\":\"en-US\",\"@id\":\"https:\\\/\\\/everydaychemshop.com\\\/de\\\/product\\\/kaufen-w-18-pillen\\\/#primaryimage\",\"url\":\"https:\\\/\\\/everydaychemshop.com\\\/de\\\/wp-content\\\/uploads\\\/sites\\\/3\\\/2022\\\/11\\\/Buy-W-18-Pills.jpg\",\"contentUrl\":\"https:\\\/\\\/everydaychemshop.com\\\/de\\\/wp-content\\\/uploads\\\/sites\\\/3\\\/2022\\\/11\\\/Buy-W-18-Pills.jpg\",\"width\":840,\"height\":781,\"caption\":\"Kaufen Sie W-18-Pillen online\"},{\"@type\":\"BreadcrumbList\",\"@id\":\"https:\\\/\\\/everydaychemshop.com\\\/de\\\/product\\\/kaufen-w-18-pillen\\\/#breadcrumb\",\"itemListElement\":[{\"@type\":\"ListItem\",\"position\":1,\"name\":\"Home\",\"item\":\"https:\\\/\\\/everydaychemshop.com\\\/de\\\/\"},{\"@type\":\"ListItem\",\"position\":2,\"name\":\"Produkte\",\"item\":\"https:\\\/\\\/everydaychemshop.com\\\/de\\\/produkte\\\/\"},{\"@type\":\"ListItem\",\"position\":3,\"name\":\"W-18-Pillen\"}]},{\"@type\":\"WebSite\",\"@id\":\"https:\\\/\\\/everydaychemshop.com\\\/de\\\/#website\",\"url\":\"https:\\\/\\\/everydaychemshop.com\\\/de\\\/\",\"name\":\"Everyday Chem Shop\",\"description\":\"\",\"potentialAction\":[{\"@type\":\"SearchAction\",\"target\":{\"@type\":\"EntryPoint\",\"urlTemplate\":\"https:\\\/\\\/everydaychemshop.com\\\/de\\\/?s={search_term_string}\"},\"query-input\":{\"@type\":\"PropertyValueSpecification\",\"valueRequired\":true,\"valueName\":\"search_term_string\"}}],\"inLanguage\":\"en-US\"}]}<\/script>\n<!-- \/ Yoast SEO Premium plugin. -->","yoast_head_json":{"title":"Kaufen Sie W-18-Pillen online - Everyday Chem Shop","description":"Kaufen Sie W-18-Pillen online. Wir verkaufen W-18-Pillen online. Bitte kontaktieren Sie uns f\u00fcr weitere Informationen f\u00fcr weitere Informationen und Preise.","robots":{"index":"index","follow":"follow","max-snippet":"max-snippet:-1","max-image-preview":"max-image-preview:large","max-video-preview":"max-video-preview:-1"},"canonical":"https:\/\/everydaychemshop.com\/de\/product\/kaufen-w-18-pillen\/","og_locale":"en_US","og_type":"article","og_title":"W-18-Pillen","og_description":"Kaufen Sie W-18-Pillen online. Wir verkaufen W-18-Pillen online. Bitte kontaktieren Sie uns f\u00fcr weitere Informationen f\u00fcr weitere Informationen und Preise.","og_url":"https:\/\/everydaychemshop.com\/de\/product\/kaufen-w-18-pillen\/","og_site_name":"Everyday Chem Shop","article_modified_time":"2023-04-06T18:44:28+00:00","og_image":[{"width":840,"height":781,"url":"https:\/\/everydaychemshop.com\/de\/wp-content\/uploads\/sites\/3\/2022\/11\/Buy-W-18-Pills.jpg","type":"image\/jpeg"}],"twitter_card":"summary_large_image","twitter_misc":{"Est. reading time":"3 minutes"},"schema":{"@context":"https:\/\/schema.org","@graph":[{"@type":"WebPage","@id":"https:\/\/everydaychemshop.com\/de\/product\/kaufen-w-18-pillen\/","url":"https:\/\/everydaychemshop.com\/de\/product\/kaufen-w-18-pillen\/","name":"Kaufen Sie W-18-Pillen online - Everyday Chem Shop","isPartOf":{"@id":"https:\/\/everydaychemshop.com\/de\/#website"},"primaryImageOfPage":{"@id":"https:\/\/everydaychemshop.com\/de\/product\/kaufen-w-18-pillen\/#primaryimage"},"image":{"@id":"https:\/\/everydaychemshop.com\/de\/product\/kaufen-w-18-pillen\/#primaryimage"},"thumbnailUrl":"https:\/\/everydaychemshop.com\/de\/wp-content\/uploads\/sites\/3\/2022\/11\/Buy-W-18-Pills.jpg","datePublished":"2022-11-17T10:07:48+00:00","dateModified":"2023-04-06T18:44:28+00:00","description":"Kaufen Sie W-18-Pillen online. Wir verkaufen W-18-Pillen online. Bitte kontaktieren Sie uns f\u00fcr weitere Informationen f\u00fcr weitere Informationen und Preise.","breadcrumb":{"@id":"https:\/\/everydaychemshop.com\/de\/product\/kaufen-w-18-pillen\/#breadcrumb"},"inLanguage":"en-US","potentialAction":[{"@type":"ReadAction","target":["https:\/\/everydaychemshop.com\/de\/product\/kaufen-w-18-pillen\/"]}]},{"@type":"ImageObject","inLanguage":"en-US","@id":"https:\/\/everydaychemshop.com\/de\/product\/kaufen-w-18-pillen\/#primaryimage","url":"https:\/\/everydaychemshop.com\/de\/wp-content\/uploads\/sites\/3\/2022\/11\/Buy-W-18-Pills.jpg","contentUrl":"https:\/\/everydaychemshop.com\/de\/wp-content\/uploads\/sites\/3\/2022\/11\/Buy-W-18-Pills.jpg","width":840,"height":781,"caption":"Kaufen Sie W-18-Pillen online"},{"@type":"BreadcrumbList","@id":"https:\/\/everydaychemshop.com\/de\/product\/kaufen-w-18-pillen\/#breadcrumb","itemListElement":[{"@type":"ListItem","position":1,"name":"Home","item":"https:\/\/everydaychemshop.com\/de\/"},{"@type":"ListItem","position":2,"name":"Produkte","item":"https:\/\/everydaychemshop.com\/de\/produkte\/"},{"@type":"ListItem","position":3,"name":"W-18-Pillen"}]},{"@type":"WebSite","@id":"https:\/\/everydaychemshop.com\/de\/#website","url":"https:\/\/everydaychemshop.com\/de\/","name":"Everyday Chem Shop","description":"","potentialAction":[{"@type":"SearchAction","target":{"@type":"EntryPoint","urlTemplate":"https:\/\/everydaychemshop.com\/de\/?s={search_term_string}"},"query-input":{"@type":"PropertyValueSpecification","valueRequired":true,"valueName":"search_term_string"}}],"inLanguage":"en-US"}]}},"_links":{"self":[{"href":"https:\/\/everydaychemshop.com\/de\/wp-json\/wp\/v2\/product\/7964","targetHints":{"allow":["GET"]}}],"collection":[{"href":"https:\/\/everydaychemshop.com\/de\/wp-json\/wp\/v2\/product"}],"about":[{"href":"https:\/\/everydaychemshop.com\/de\/wp-json\/wp\/v2\/types\/product"}],"replies":[{"embeddable":true,"href":"https:\/\/everydaychemshop.com\/de\/wp-json\/wp\/v2\/comments?post=7964"}],"wp:featuredmedia":[{"embeddable":true,"href":"https:\/\/everydaychemshop.com\/de\/wp-json\/wp\/v2\/media\/7969"}],"wp:attachment":[{"href":"https:\/\/everydaychemshop.com\/de\/wp-json\/wp\/v2\/media?parent=7964"}],"wp:term":[{"taxonomy":"product_brand","embeddable":true,"href":"https:\/\/everydaychemshop.com\/de\/wp-json\/wp\/v2\/product_brand?post=7964"},{"taxonomy":"product_cat","embeddable":true,"href":"https:\/\/everydaychemshop.com\/de\/wp-json\/wp\/v2\/product_cat?post=7964"},{"taxonomy":"product_tag","embeddable":true,"href":"https:\/\/everydaychemshop.com\/de\/wp-json\/wp\/v2\/product_tag?post=7964"}],"curies":[{"name":"wp","href":"https:\/\/api.w.org\/{rel}","templated":true}]}}