{"id":7970,"date":"2022-11-17T10:15:18","date_gmt":"2022-11-17T10:15:18","guid":{"rendered":"https:\/\/everydaychemshop.com\/de\/?post_type=product&#038;p=7970"},"modified":"2023-04-06T18:43:03","modified_gmt":"2023-04-06T18:43:03","slug":"buy-ald-52-blotters","status":"publish","type":"product","link":"https:\/\/everydaychemshop.com\/de\/product\/buy-ald-52-blotters\/","title":{"rendered":"Kaufen Sie ALD-52 Blotter"},"content":{"rendered":"<h2>Kaufen Sie ALD-52 Blotter online<\/h2>\n<p><a href=\"https:\/\/everydaychemshop.com\/de\/product\/buy-ald-52-blotters\/\">Kaufen Sie ALD-52 Blotter online<\/a>. ALD-52 ist ein modisches Medikament, das durch verschiedene Reschems konsolidiert wird, die sich an die verz\u00f6gerte ALD-52-Geschichte gebunden f\u00fchlen und verschiedene andere ALD-52-Namen. Forscher kaufen ALD-52 online, um es im Medikamentenbereich, in Freizeit- und Untersuchungszielen zu verwenden. ALD-52 psychotrope Zuschreibungen machten es unter Labormitarbeitern und Fachexperten unbestreitbar. Ein gro\u00dfer Teil typischer Kunden entscheidet sich daf\u00fcr, erschwinglich zu kaufen, um Erregung zu haben, Zufriedenheit zu haben, Energie zu halten und die sexuelle Aktivit\u00e4t zu steigern f\u00fcr vollst\u00e4ndig kontrollierte Sammelma\u00dfnahmen. Umfangreiche Beitr\u00e4ge zur Untersuchung hergestellter Mischungen, die zum Kauf angeboten werden, werden auf dem Markt erm\u00f6glicht, um den Stand der Verarbeitung in chinesischen Labors zu regulieren, in denen alle Duschsalze hergestellt werden.<\/p>\n<p>Als einzigartiger Anbieter nimmt unser Verband Stellung Interesse direkt mit legitimen chinesischen Verb\u00e4nden. Sie berechtigt zum Handel mit Duschsalzen von h\u00f6chster Makellosigkeit <a href=\"https:\/\/en.wikipedia.org\/wiki\/ALD-52\">und<\/a> erstklassiger Qualit\u00e4t. ALD-52 wird unter vollst\u00e4ndiger Aufsicht und nach allen Grunds\u00e4tzen gemischt. Entscheidend sind die zur Verf\u00fcgung gestellten zeitgen\u00f6ssischen konsistenten Daten, um die schillerndsten Kosten auf der besten Website zum Kauf von forschungstechnischen Materialien zu erzielen. In chinesischen Labors werden ALD-52-Pellets, ALD-52-Blotting-Oberfl\u00e4chen, ALD-52-Pulver bef\u00f6rdert. Der ALD-52-Versender versendet ALD-52 in jedes Land. Die enge Zusammenarbeit mit legitimen ALD-52-Lieferanten garantiert folgenschwere verz\u00f6gerte Folgen Ihrer Tests und Untersuchungen.<\/p>\n<p>Der Lieferant ist seit langem ein zuverl\u00e4ssiger Hersteller von Bewertungschemikalien. Site hat den Kunden einen \u00fcberw\u00e4ltigenden Ruf im gesamten Netzwerk von res chems eingebracht. ald 52 zu verkaufen, ald 52 kaufen, kaufen ald 52, ald-52 kaufen Als vertrauensw\u00fcrdige RC-Lieferanten helfen Sie der Organisation jeden Tag aufs Neue mit erfahrenen F\u00fchrungskr\u00e4ften durch Live-Gespr\u00e4che, die \u00fcber wichtige Daten verf\u00fcgen, um Ihnen bei schwierigen Zust\u00e4nden zu helfen.<\/p>\n<p>Bei ausstehenden kaufm\u00e4nnischen Gespr\u00e4chen im Internet finden Sie positive Reaktionen von unseren K\u00e4ufern, die derzeit mit der angebotenen Hilfe und den besten online gekauften Artikeln zufrieden sind<\/p>\n","protected":false},"excerpt":{"rendered":"<p><em>ALD<\/em>\u2013<em>52<\/em>\u00a0zum Verkauf in Europa,\u00a0<em>kaufen<\/em>\u00a0mit Bitcoin, diskreter Versand aus der EU. <em>Kaufen Sie ALD<\/em>\u2013<em>52 Blotter<\/em>,\u00a0<em>ALD<\/em>\u2013<em>52<\/em>\u00a0Rohpulver, Lieferant von Forschungschemikalien.<\/p>\n","protected":false},"featured_media":7979,"comment_status":"open","ping_status":"closed","template":"","meta":{"inline_featured_image":false},"product_brand":[],"product_cat":[116],"product_tag":[],"class_list":{"0":"post-7970","1":"product","2":"type-product","3":"status-publish","4":"has-post-thumbnail","6":"product_cat-schmerzmittel","8":"first","9":"instock","10":"shipping-taxable","11":"purchasable","12":"product-type-variable","13":"has-default-attributes"},"yoast_head":"<!-- This site is optimized with the Yoast SEO Premium plugin v19.2 (Yoast SEO v27.3) - https:\/\/yoast.com\/product\/yoast-seo-premium-wordpress\/ -->\n<title>Kaufen Sie ALD-52 Blotter online - Everyday Chem Shop<\/title>\n<meta name=\"description\" content=\"Kaufen Sie ALD-52 Blotter online. Wir verkaufen ALD-52 Blotter in bester Qualit\u00e4t online. Bitte kontaktieren Sie f\u00fcr weitere Informationen und Preise.\" \/>\n<meta name=\"robots\" content=\"index, follow, max-snippet:-1, max-image-preview:large, max-video-preview:-1\" \/>\n<link rel=\"canonical\" href=\"https:\/\/everydaychemshop.com\/de\/product\/buy-ald-52-blotters\/\" \/>\n<meta property=\"og:locale\" content=\"en_US\" \/>\n<meta property=\"og:type\" content=\"article\" \/>\n<meta property=\"og:title\" content=\"Kaufen Sie ALD-52 Blotter\" \/>\n<meta property=\"og:description\" content=\"Kaufen Sie ALD-52 Blotter online. Wir verkaufen ALD-52 Blotter in bester Qualit\u00e4t online. Bitte kontaktieren Sie f\u00fcr weitere Informationen und Preise.\" \/>\n<meta property=\"og:url\" content=\"https:\/\/everydaychemshop.com\/de\/product\/buy-ald-52-blotters\/\" \/>\n<meta property=\"og:site_name\" content=\"Everyday Chem Shop\" \/>\n<meta property=\"article:modified_time\" content=\"2023-04-06T18:43:03+00:00\" \/>\n<meta property=\"og:image\" content=\"https:\/\/everydaychemshop.com\/de\/wp-content\/uploads\/sites\/3\/2022\/11\/Buy-ALD-52-Blotters.jpg\" \/>\n\t<meta property=\"og:image:width\" content=\"350\" \/>\n\t<meta property=\"og:image:height\" content=\"350\" \/>\n\t<meta property=\"og:image:type\" content=\"image\/jpeg\" \/>\n<meta name=\"twitter:card\" content=\"summary_large_image\" \/>\n<meta name=\"twitter:label1\" content=\"Est. reading time\" \/>\n\t<meta name=\"twitter:data1\" content=\"2 minutes\" \/>\n<script type=\"application\/ld+json\" class=\"yoast-schema-graph\">{\"@context\":\"https:\\\/\\\/schema.org\",\"@graph\":[{\"@type\":\"WebPage\",\"@id\":\"https:\\\/\\\/everydaychemshop.com\\\/de\\\/product\\\/buy-ald-52-blotters\\\/\",\"url\":\"https:\\\/\\\/everydaychemshop.com\\\/de\\\/product\\\/buy-ald-52-blotters\\\/\",\"name\":\"Kaufen Sie ALD-52 Blotter online - Everyday Chem Shop\",\"isPartOf\":{\"@id\":\"https:\\\/\\\/everydaychemshop.com\\\/de\\\/#website\"},\"primaryImageOfPage\":{\"@id\":\"https:\\\/\\\/everydaychemshop.com\\\/de\\\/product\\\/buy-ald-52-blotters\\\/#primaryimage\"},\"image\":{\"@id\":\"https:\\\/\\\/everydaychemshop.com\\\/de\\\/product\\\/buy-ald-52-blotters\\\/#primaryimage\"},\"thumbnailUrl\":\"https:\\\/\\\/everydaychemshop.com\\\/de\\\/wp-content\\\/uploads\\\/sites\\\/3\\\/2022\\\/11\\\/Buy-ALD-52-Blotters.jpg\",\"datePublished\":\"2022-11-17T10:15:18+00:00\",\"dateModified\":\"2023-04-06T18:43:03+00:00\",\"description\":\"Kaufen Sie ALD-52 Blotter online. Wir verkaufen ALD-52 Blotter in bester Qualit\u00e4t online. Bitte kontaktieren Sie f\u00fcr weitere Informationen und Preise.\",\"breadcrumb\":{\"@id\":\"https:\\\/\\\/everydaychemshop.com\\\/de\\\/product\\\/buy-ald-52-blotters\\\/#breadcrumb\"},\"inLanguage\":\"en-US\",\"potentialAction\":[{\"@type\":\"ReadAction\",\"target\":[\"https:\\\/\\\/everydaychemshop.com\\\/de\\\/product\\\/buy-ald-52-blotters\\\/\"]}]},{\"@type\":\"ImageObject\",\"inLanguage\":\"en-US\",\"@id\":\"https:\\\/\\\/everydaychemshop.com\\\/de\\\/product\\\/buy-ald-52-blotters\\\/#primaryimage\",\"url\":\"https:\\\/\\\/everydaychemshop.com\\\/de\\\/wp-content\\\/uploads\\\/sites\\\/3\\\/2022\\\/11\\\/Buy-ALD-52-Blotters.jpg\",\"contentUrl\":\"https:\\\/\\\/everydaychemshop.com\\\/de\\\/wp-content\\\/uploads\\\/sites\\\/3\\\/2022\\\/11\\\/Buy-ALD-52-Blotters.jpg\",\"width\":350,\"height\":350,\"caption\":\"Kaufen Sie ALD-52 Blotter online\"},{\"@type\":\"BreadcrumbList\",\"@id\":\"https:\\\/\\\/everydaychemshop.com\\\/de\\\/product\\\/buy-ald-52-blotters\\\/#breadcrumb\",\"itemListElement\":[{\"@type\":\"ListItem\",\"position\":1,\"name\":\"Home\",\"item\":\"https:\\\/\\\/everydaychemshop.com\\\/de\\\/\"},{\"@type\":\"ListItem\",\"position\":2,\"name\":\"Produkte\",\"item\":\"https:\\\/\\\/everydaychemshop.com\\\/de\\\/produkte\\\/\"},{\"@type\":\"ListItem\",\"position\":3,\"name\":\"Kaufen Sie ALD-52 Blotter\"}]},{\"@type\":\"WebSite\",\"@id\":\"https:\\\/\\\/everydaychemshop.com\\\/de\\\/#website\",\"url\":\"https:\\\/\\\/everydaychemshop.com\\\/de\\\/\",\"name\":\"Everyday Chem Shop\",\"description\":\"\",\"potentialAction\":[{\"@type\":\"SearchAction\",\"target\":{\"@type\":\"EntryPoint\",\"urlTemplate\":\"https:\\\/\\\/everydaychemshop.com\\\/de\\\/?s={search_term_string}\"},\"query-input\":{\"@type\":\"PropertyValueSpecification\",\"valueRequired\":true,\"valueName\":\"search_term_string\"}}],\"inLanguage\":\"en-US\"}]}<\/script>\n<!-- \/ Yoast SEO Premium plugin. -->","yoast_head_json":{"title":"Kaufen Sie ALD-52 Blotter online - Everyday Chem Shop","description":"Kaufen Sie ALD-52 Blotter online. Wir verkaufen ALD-52 Blotter in bester Qualit\u00e4t online. Bitte kontaktieren Sie f\u00fcr weitere Informationen und Preise.","robots":{"index":"index","follow":"follow","max-snippet":"max-snippet:-1","max-image-preview":"max-image-preview:large","max-video-preview":"max-video-preview:-1"},"canonical":"https:\/\/everydaychemshop.com\/de\/product\/buy-ald-52-blotters\/","og_locale":"en_US","og_type":"article","og_title":"Kaufen Sie ALD-52 Blotter","og_description":"Kaufen Sie ALD-52 Blotter online. Wir verkaufen ALD-52 Blotter in bester Qualit\u00e4t online. Bitte kontaktieren Sie f\u00fcr weitere Informationen und Preise.","og_url":"https:\/\/everydaychemshop.com\/de\/product\/buy-ald-52-blotters\/","og_site_name":"Everyday Chem Shop","article_modified_time":"2023-04-06T18:43:03+00:00","og_image":[{"width":350,"height":350,"url":"https:\/\/everydaychemshop.com\/de\/wp-content\/uploads\/sites\/3\/2022\/11\/Buy-ALD-52-Blotters.jpg","type":"image\/jpeg"}],"twitter_card":"summary_large_image","twitter_misc":{"Est. reading time":"2 minutes"},"schema":{"@context":"https:\/\/schema.org","@graph":[{"@type":"WebPage","@id":"https:\/\/everydaychemshop.com\/de\/product\/buy-ald-52-blotters\/","url":"https:\/\/everydaychemshop.com\/de\/product\/buy-ald-52-blotters\/","name":"Kaufen Sie ALD-52 Blotter online - Everyday Chem Shop","isPartOf":{"@id":"https:\/\/everydaychemshop.com\/de\/#website"},"primaryImageOfPage":{"@id":"https:\/\/everydaychemshop.com\/de\/product\/buy-ald-52-blotters\/#primaryimage"},"image":{"@id":"https:\/\/everydaychemshop.com\/de\/product\/buy-ald-52-blotters\/#primaryimage"},"thumbnailUrl":"https:\/\/everydaychemshop.com\/de\/wp-content\/uploads\/sites\/3\/2022\/11\/Buy-ALD-52-Blotters.jpg","datePublished":"2022-11-17T10:15:18+00:00","dateModified":"2023-04-06T18:43:03+00:00","description":"Kaufen Sie ALD-52 Blotter online. Wir verkaufen ALD-52 Blotter in bester Qualit\u00e4t online. Bitte kontaktieren Sie f\u00fcr weitere Informationen und Preise.","breadcrumb":{"@id":"https:\/\/everydaychemshop.com\/de\/product\/buy-ald-52-blotters\/#breadcrumb"},"inLanguage":"en-US","potentialAction":[{"@type":"ReadAction","target":["https:\/\/everydaychemshop.com\/de\/product\/buy-ald-52-blotters\/"]}]},{"@type":"ImageObject","inLanguage":"en-US","@id":"https:\/\/everydaychemshop.com\/de\/product\/buy-ald-52-blotters\/#primaryimage","url":"https:\/\/everydaychemshop.com\/de\/wp-content\/uploads\/sites\/3\/2022\/11\/Buy-ALD-52-Blotters.jpg","contentUrl":"https:\/\/everydaychemshop.com\/de\/wp-content\/uploads\/sites\/3\/2022\/11\/Buy-ALD-52-Blotters.jpg","width":350,"height":350,"caption":"Kaufen Sie ALD-52 Blotter online"},{"@type":"BreadcrumbList","@id":"https:\/\/everydaychemshop.com\/de\/product\/buy-ald-52-blotters\/#breadcrumb","itemListElement":[{"@type":"ListItem","position":1,"name":"Home","item":"https:\/\/everydaychemshop.com\/de\/"},{"@type":"ListItem","position":2,"name":"Produkte","item":"https:\/\/everydaychemshop.com\/de\/produkte\/"},{"@type":"ListItem","position":3,"name":"Kaufen Sie ALD-52 Blotter"}]},{"@type":"WebSite","@id":"https:\/\/everydaychemshop.com\/de\/#website","url":"https:\/\/everydaychemshop.com\/de\/","name":"Everyday Chem Shop","description":"","potentialAction":[{"@type":"SearchAction","target":{"@type":"EntryPoint","urlTemplate":"https:\/\/everydaychemshop.com\/de\/?s={search_term_string}"},"query-input":{"@type":"PropertyValueSpecification","valueRequired":true,"valueName":"search_term_string"}}],"inLanguage":"en-US"}]}},"_links":{"self":[{"href":"https:\/\/everydaychemshop.com\/de\/wp-json\/wp\/v2\/product\/7970","targetHints":{"allow":["GET"]}}],"collection":[{"href":"https:\/\/everydaychemshop.com\/de\/wp-json\/wp\/v2\/product"}],"about":[{"href":"https:\/\/everydaychemshop.com\/de\/wp-json\/wp\/v2\/types\/product"}],"replies":[{"embeddable":true,"href":"https:\/\/everydaychemshop.com\/de\/wp-json\/wp\/v2\/comments?post=7970"}],"wp:featuredmedia":[{"embeddable":true,"href":"https:\/\/everydaychemshop.com\/de\/wp-json\/wp\/v2\/media\/7979"}],"wp:attachment":[{"href":"https:\/\/everydaychemshop.com\/de\/wp-json\/wp\/v2\/media?parent=7970"}],"wp:term":[{"taxonomy":"product_brand","embeddable":true,"href":"https:\/\/everydaychemshop.com\/de\/wp-json\/wp\/v2\/product_brand?post=7970"},{"taxonomy":"product_cat","embeddable":true,"href":"https:\/\/everydaychemshop.com\/de\/wp-json\/wp\/v2\/product_cat?post=7970"},{"taxonomy":"product_tag","embeddable":true,"href":"https:\/\/everydaychemshop.com\/de\/wp-json\/wp\/v2\/product_tag?post=7970"}],"curies":[{"name":"wp","href":"https:\/\/api.w.org\/{rel}","templated":true}]}}