{"id":7980,"date":"2022-11-17T10:22:08","date_gmt":"2022-11-17T10:22:08","guid":{"rendered":"https:\/\/everydaychemshop.com\/de\/?post_type=product&#038;p=7980"},"modified":"2023-04-06T18:41:26","modified_gmt":"2023-04-06T18:41:26","slug":"badesalz-droge","status":"publish","type":"product","link":"https:\/\/everydaychemshop.com\/de\/product\/badesalz-droge\/","title":{"rendered":"Badesalz Droge"},"content":{"rendered":"<h1>Badesalz online kaufen<\/h1>\n<p><a href=\"https:\/\/everydaychemshop.com\/de\/product\/badesalz-droge\/\">Badesalz online kaufen<\/a>. Badesalze sind eine Designerdroge mit Berichten \u00fcber gef\u00e4hrliche Vergiftungen aus Notaufnahmen in den gesamten USA. &#8220;Badesalze&#8221; sind kein Hygieneprodukt zum Baden, wie der Name vermuten l\u00e4sst, sondern gef\u00e4hrliche synthetische (&#8220;k\u00fcnstliche&#8221;) Cathinone. Cathinone sind Stimulanzien, die in der <a href=\"https:\/\/en.wikipedia.org\/wiki\/Bath_salts_(drug)\">in<\/a> Ostafrika und S\u00fcdarabien angebauten Khat-Pflanze vorkommen. Diese bewusstseinsver\u00e4ndernden Medikamente sind starke Stimulanzien f\u00fcr das zentrale Nervensystem, die das Dopamin-Noradrenalin-Wiederaufnahmesystem (Neurotransmitter im Gehirn) hemmen.<\/p>\n","protected":false},"excerpt":{"rendered":"<p>Badesalze sind eine Designerdroge mit Berichten \u00fcber gef\u00e4hrliche Vergiftungen aus Notaufnahmen in den gesamten USA.<\/p>\n","protected":false},"featured_media":7982,"comment_status":"open","ping_status":"closed","template":"","meta":{"inline_featured_image":false},"product_brand":[],"product_cat":[116],"product_tag":[],"class_list":{"0":"post-7980","1":"product","2":"type-product","3":"status-publish","4":"has-post-thumbnail","6":"product_cat-schmerzmittel","8":"first","9":"instock","10":"shipping-taxable","11":"purchasable","12":"product-type-simple"},"yoast_head":"<!-- This site is optimized with the Yoast SEO Premium plugin v19.2 (Yoast SEO v27.3) - https:\/\/yoast.com\/product\/yoast-seo-premium-wordpress\/ -->\n<title>Badesalz online kaufen - Everyday Chem Shop<\/title>\n<meta name=\"description\" content=\"Badesalz online kaufen. Wir verkaufen hochwertige Badesalze online. Bitte kontaktieren Sie f\u00fcr weitere Informationen und Preise f\u00fcr Ihre Bestellung.\" \/>\n<meta name=\"robots\" content=\"index, follow, max-snippet:-1, max-image-preview:large, max-video-preview:-1\" \/>\n<link rel=\"canonical\" href=\"https:\/\/everydaychemshop.com\/de\/product\/badesalz-droge\/\" \/>\n<meta property=\"og:locale\" content=\"en_US\" \/>\n<meta property=\"og:type\" content=\"article\" \/>\n<meta property=\"og:title\" content=\"Badesalz Droge\" \/>\n<meta property=\"og:description\" content=\"Badesalz online kaufen. Wir verkaufen hochwertige Badesalze online. Bitte kontaktieren Sie f\u00fcr weitere Informationen und Preise f\u00fcr Ihre Bestellung.\" \/>\n<meta property=\"og:url\" content=\"https:\/\/everydaychemshop.com\/de\/product\/badesalz-droge\/\" \/>\n<meta property=\"og:site_name\" content=\"Everyday Chem Shop\" \/>\n<meta property=\"article:modified_time\" content=\"2023-04-06T18:41:26+00:00\" \/>\n<meta property=\"og:image\" content=\"https:\/\/everydaychemshop.com\/de\/wp-content\/uploads\/sites\/3\/2022\/11\/Bath-salts-drug-1.jpg\" \/>\n\t<meta property=\"og:image:width\" content=\"300\" \/>\n\t<meta property=\"og:image:height\" content=\"200\" \/>\n\t<meta property=\"og:image:type\" content=\"image\/jpeg\" \/>\n<meta name=\"twitter:card\" content=\"summary_large_image\" \/>\n<meta name=\"twitter:label1\" content=\"Est. reading time\" \/>\n\t<meta name=\"twitter:data1\" content=\"1 minute\" \/>\n<script type=\"application\/ld+json\" class=\"yoast-schema-graph\">{\"@context\":\"https:\\\/\\\/schema.org\",\"@graph\":[{\"@type\":\"WebPage\",\"@id\":\"https:\\\/\\\/everydaychemshop.com\\\/de\\\/product\\\/badesalz-droge\\\/\",\"url\":\"https:\\\/\\\/everydaychemshop.com\\\/de\\\/product\\\/badesalz-droge\\\/\",\"name\":\"Badesalz online kaufen - Everyday Chem Shop\",\"isPartOf\":{\"@id\":\"https:\\\/\\\/everydaychemshop.com\\\/de\\\/#website\"},\"primaryImageOfPage\":{\"@id\":\"https:\\\/\\\/everydaychemshop.com\\\/de\\\/product\\\/badesalz-droge\\\/#primaryimage\"},\"image\":{\"@id\":\"https:\\\/\\\/everydaychemshop.com\\\/de\\\/product\\\/badesalz-droge\\\/#primaryimage\"},\"thumbnailUrl\":\"https:\\\/\\\/everydaychemshop.com\\\/de\\\/wp-content\\\/uploads\\\/sites\\\/3\\\/2022\\\/11\\\/Bath-salts-drug-1.jpg\",\"datePublished\":\"2022-11-17T10:22:08+00:00\",\"dateModified\":\"2023-04-06T18:41:26+00:00\",\"description\":\"Badesalz online kaufen. Wir verkaufen hochwertige Badesalze online. Bitte kontaktieren Sie f\u00fcr weitere Informationen und Preise f\u00fcr Ihre Bestellung.\",\"breadcrumb\":{\"@id\":\"https:\\\/\\\/everydaychemshop.com\\\/de\\\/product\\\/badesalz-droge\\\/#breadcrumb\"},\"inLanguage\":\"en-US\",\"potentialAction\":[{\"@type\":\"ReadAction\",\"target\":[\"https:\\\/\\\/everydaychemshop.com\\\/de\\\/product\\\/badesalz-droge\\\/\"]}]},{\"@type\":\"ImageObject\",\"inLanguage\":\"en-US\",\"@id\":\"https:\\\/\\\/everydaychemshop.com\\\/de\\\/product\\\/badesalz-droge\\\/#primaryimage\",\"url\":\"https:\\\/\\\/everydaychemshop.com\\\/de\\\/wp-content\\\/uploads\\\/sites\\\/3\\\/2022\\\/11\\\/Bath-salts-drug-1.jpg\",\"contentUrl\":\"https:\\\/\\\/everydaychemshop.com\\\/de\\\/wp-content\\\/uploads\\\/sites\\\/3\\\/2022\\\/11\\\/Bath-salts-drug-1.jpg\",\"width\":300,\"height\":200,\"caption\":\"Badesalz online kaufen\"},{\"@type\":\"BreadcrumbList\",\"@id\":\"https:\\\/\\\/everydaychemshop.com\\\/de\\\/product\\\/badesalz-droge\\\/#breadcrumb\",\"itemListElement\":[{\"@type\":\"ListItem\",\"position\":1,\"name\":\"Home\",\"item\":\"https:\\\/\\\/everydaychemshop.com\\\/de\\\/\"},{\"@type\":\"ListItem\",\"position\":2,\"name\":\"Produkte\",\"item\":\"https:\\\/\\\/everydaychemshop.com\\\/de\\\/produkte\\\/\"},{\"@type\":\"ListItem\",\"position\":3,\"name\":\"Badesalz Droge\"}]},{\"@type\":\"WebSite\",\"@id\":\"https:\\\/\\\/everydaychemshop.com\\\/de\\\/#website\",\"url\":\"https:\\\/\\\/everydaychemshop.com\\\/de\\\/\",\"name\":\"Everyday Chem Shop\",\"description\":\"\",\"potentialAction\":[{\"@type\":\"SearchAction\",\"target\":{\"@type\":\"EntryPoint\",\"urlTemplate\":\"https:\\\/\\\/everydaychemshop.com\\\/de\\\/?s={search_term_string}\"},\"query-input\":{\"@type\":\"PropertyValueSpecification\",\"valueRequired\":true,\"valueName\":\"search_term_string\"}}],\"inLanguage\":\"en-US\"}]}<\/script>\n<!-- \/ Yoast SEO Premium plugin. -->","yoast_head_json":{"title":"Badesalz online kaufen - Everyday Chem Shop","description":"Badesalz online kaufen. Wir verkaufen hochwertige Badesalze online. Bitte kontaktieren Sie f\u00fcr weitere Informationen und Preise f\u00fcr Ihre Bestellung.","robots":{"index":"index","follow":"follow","max-snippet":"max-snippet:-1","max-image-preview":"max-image-preview:large","max-video-preview":"max-video-preview:-1"},"canonical":"https:\/\/everydaychemshop.com\/de\/product\/badesalz-droge\/","og_locale":"en_US","og_type":"article","og_title":"Badesalz Droge","og_description":"Badesalz online kaufen. Wir verkaufen hochwertige Badesalze online. Bitte kontaktieren Sie f\u00fcr weitere Informationen und Preise f\u00fcr Ihre Bestellung.","og_url":"https:\/\/everydaychemshop.com\/de\/product\/badesalz-droge\/","og_site_name":"Everyday Chem Shop","article_modified_time":"2023-04-06T18:41:26+00:00","og_image":[{"width":300,"height":200,"url":"https:\/\/everydaychemshop.com\/de\/wp-content\/uploads\/sites\/3\/2022\/11\/Bath-salts-drug-1.jpg","type":"image\/jpeg"}],"twitter_card":"summary_large_image","twitter_misc":{"Est. reading time":"1 minute"},"schema":{"@context":"https:\/\/schema.org","@graph":[{"@type":"WebPage","@id":"https:\/\/everydaychemshop.com\/de\/product\/badesalz-droge\/","url":"https:\/\/everydaychemshop.com\/de\/product\/badesalz-droge\/","name":"Badesalz online kaufen - Everyday Chem Shop","isPartOf":{"@id":"https:\/\/everydaychemshop.com\/de\/#website"},"primaryImageOfPage":{"@id":"https:\/\/everydaychemshop.com\/de\/product\/badesalz-droge\/#primaryimage"},"image":{"@id":"https:\/\/everydaychemshop.com\/de\/product\/badesalz-droge\/#primaryimage"},"thumbnailUrl":"https:\/\/everydaychemshop.com\/de\/wp-content\/uploads\/sites\/3\/2022\/11\/Bath-salts-drug-1.jpg","datePublished":"2022-11-17T10:22:08+00:00","dateModified":"2023-04-06T18:41:26+00:00","description":"Badesalz online kaufen. Wir verkaufen hochwertige Badesalze online. Bitte kontaktieren Sie f\u00fcr weitere Informationen und Preise f\u00fcr Ihre Bestellung.","breadcrumb":{"@id":"https:\/\/everydaychemshop.com\/de\/product\/badesalz-droge\/#breadcrumb"},"inLanguage":"en-US","potentialAction":[{"@type":"ReadAction","target":["https:\/\/everydaychemshop.com\/de\/product\/badesalz-droge\/"]}]},{"@type":"ImageObject","inLanguage":"en-US","@id":"https:\/\/everydaychemshop.com\/de\/product\/badesalz-droge\/#primaryimage","url":"https:\/\/everydaychemshop.com\/de\/wp-content\/uploads\/sites\/3\/2022\/11\/Bath-salts-drug-1.jpg","contentUrl":"https:\/\/everydaychemshop.com\/de\/wp-content\/uploads\/sites\/3\/2022\/11\/Bath-salts-drug-1.jpg","width":300,"height":200,"caption":"Badesalz online kaufen"},{"@type":"BreadcrumbList","@id":"https:\/\/everydaychemshop.com\/de\/product\/badesalz-droge\/#breadcrumb","itemListElement":[{"@type":"ListItem","position":1,"name":"Home","item":"https:\/\/everydaychemshop.com\/de\/"},{"@type":"ListItem","position":2,"name":"Produkte","item":"https:\/\/everydaychemshop.com\/de\/produkte\/"},{"@type":"ListItem","position":3,"name":"Badesalz Droge"}]},{"@type":"WebSite","@id":"https:\/\/everydaychemshop.com\/de\/#website","url":"https:\/\/everydaychemshop.com\/de\/","name":"Everyday Chem Shop","description":"","potentialAction":[{"@type":"SearchAction","target":{"@type":"EntryPoint","urlTemplate":"https:\/\/everydaychemshop.com\/de\/?s={search_term_string}"},"query-input":{"@type":"PropertyValueSpecification","valueRequired":true,"valueName":"search_term_string"}}],"inLanguage":"en-US"}]}},"_links":{"self":[{"href":"https:\/\/everydaychemshop.com\/de\/wp-json\/wp\/v2\/product\/7980","targetHints":{"allow":["GET"]}}],"collection":[{"href":"https:\/\/everydaychemshop.com\/de\/wp-json\/wp\/v2\/product"}],"about":[{"href":"https:\/\/everydaychemshop.com\/de\/wp-json\/wp\/v2\/types\/product"}],"replies":[{"embeddable":true,"href":"https:\/\/everydaychemshop.com\/de\/wp-json\/wp\/v2\/comments?post=7980"}],"wp:featuredmedia":[{"embeddable":true,"href":"https:\/\/everydaychemshop.com\/de\/wp-json\/wp\/v2\/media\/7982"}],"wp:attachment":[{"href":"https:\/\/everydaychemshop.com\/de\/wp-json\/wp\/v2\/media?parent=7980"}],"wp:term":[{"taxonomy":"product_brand","embeddable":true,"href":"https:\/\/everydaychemshop.com\/de\/wp-json\/wp\/v2\/product_brand?post=7980"},{"taxonomy":"product_cat","embeddable":true,"href":"https:\/\/everydaychemshop.com\/de\/wp-json\/wp\/v2\/product_cat?post=7980"},{"taxonomy":"product_tag","embeddable":true,"href":"https:\/\/everydaychemshop.com\/de\/wp-json\/wp\/v2\/product_tag?post=7980"}],"curies":[{"name":"wp","href":"https:\/\/api.w.org\/{rel}","templated":true}]}}