{"id":8010,"date":"2022-11-18T20:32:27","date_gmt":"2022-11-18T20:32:27","guid":{"rendered":"https:\/\/everydaychemshop.com\/de\/?post_type=product&#038;p=8010"},"modified":"2023-04-06T18:37:28","modified_gmt":"2023-04-06T18:37:28","slug":"buy-2c-e-research-chemical","status":"publish","type":"product","link":"https:\/\/everydaychemshop.com\/de\/product\/buy-2c-e-research-chemical\/","title":{"rendered":"Kaufen Sie 2C-E Research Chemical"},"content":{"rendered":"<h1>Kaufen Sie 2C-E-Forschungschemikalien online<\/h1>\n<p class=\"one\"><a href=\"https:\/\/everydaychemshop.com\/de\/product\/buy-2c-e-research-chemical\/\">Kaufen Sie 2C-E-Forschungschemikalien online<\/a>. Die Substanz 2C-E steht online zum Verkauf, Alexander Shulgin entwickelt die Chemikalie und gewinnt zahlreiche Anh\u00e4nger. 2C-E-Forschungschemikalien online kaufen<\/p>\n<p>Der chemische Wirkstoff 2C-E (Trip) geh\u00f6rt zur 2C-Familie, ebenso wie 2C-I und 2C-H. 2C-E besitzt psychedelische Wirkungen und ist Phenylethylamin. Nach einer Reihe von Forschungsexperimenten stellen wir nun fest, dass bei intranasaler Verabreichung des Pulvers 2C-E die Standarddosis nicht mehr als 5 Milligramm betragen sollte. Bei oraler Einnahme sollte die Dosis jedoch nicht mehr als etwa 10-20 Milligramm betragen. Es wird darauf hingewiesen, <a href=\"https:\/\/en.wikipedia.org\/wiki\/2C-E\">dass<\/a> wir beim Einatmen durch die Nase in etwa 10 Minuten ein starkes Brennen beobachten. Im Buch PiHKAL bezeichnet Shulgin die Substanz 2C-E zusammen mit Meskalin, 2C-T-2, 2C-B und 2C-T-7 dem \u00abmagischen halben Dutzend\u00bb. <strong>Kaufen Sie 2C-E-Forschungschemikalien online<\/strong><\/p>\n<p>Wir k\u00f6nnen die folgenden Wirkungen von 2C-E beobachten: Energieschub, Steigerung der Kreativit\u00e4t, visuelle Effekte, Steigerung der Taktilit\u00e4t. Dar\u00fcber hinaus gibt es bestimmte Bewusstseinsver\u00e4nderungen, Konzentrationsschwierigkeiten, der Puls beschleunigt sich und die K\u00f6rpertemperatur kann leicht ansteigen. Zu den Nebenwirkungen von 2C-E geh\u00f6ren auch\u00a0Schwindel,\u00a0\u00dcbelkeit, hohe L\u00e4rmempfindlichkeit und Angst. 2C-E online zu verkaufen<\/p>\n<p>Die Wirkungsdauer von 2C-E betr\u00e4gt im Durchschnitt 4 bis 9 Stunden. Wenn wir 2C-E mit 2C-I vergleichen, stellen wir im Laufe des Tests fest, dass 2C-E deutlichere visuelle und akustische Effekte hervorruft.<\/p>\n<p>Auf unserer Website k\u00f6nnen Sie 2C-E\u00a0(Trip )\u00a0nur f\u00fcr chemische Studien und Labortests, aber erkundigen Sie sich zuerst, ob dieses Pr\u00e4parat in Ihrem Wohnbereich legal ist. Wir bieten hochwertige Substanzen an.<\/p>\n","protected":false},"excerpt":{"rendered":"<p>1 \u2013 3 Tage f\u00fcr USA\/KANADA<br \/>\n2 \u2013 10 Tage f\u00fcr ALLE ANDEREN L\u00c4NDER<\/p>\n","protected":false},"featured_media":8023,"comment_status":"open","ping_status":"closed","template":"","meta":{"inline_featured_image":false},"product_brand":[],"product_cat":[264],"product_tag":[],"class_list":{"0":"post-8010","1":"product","2":"type-product","3":"status-publish","4":"has-post-thumbnail","6":"product_cat-forschungschemikalie","8":"first","9":"instock","10":"sale","11":"shipping-taxable","12":"purchasable","13":"product-type-variable","14":"has-default-attributes"},"yoast_head":"<!-- This site is optimized with the Yoast SEO Premium plugin v19.2 (Yoast SEO v27.3) - https:\/\/yoast.com\/product\/yoast-seo-premium-wordpress\/ -->\n<title>Kaufen Sie 2C-E-Forschungschemikalien - Everyday Chem Shop<\/title>\n<meta name=\"description\" content=\"Kaufen Sie 2C-E-Forschungschemikalien online. Wir verkaufen 2C-E-Forschungschemikalien von bester Qualit\u00e4t online. Bitte kontaktieren Sie f\u00fcr weitere Informationen und Preise.\" \/>\n<meta name=\"robots\" content=\"index, follow, max-snippet:-1, max-image-preview:large, max-video-preview:-1\" \/>\n<link rel=\"canonical\" href=\"https:\/\/everydaychemshop.com\/de\/product\/buy-2c-e-research-chemical\/\" \/>\n<meta property=\"og:locale\" content=\"en_US\" \/>\n<meta property=\"og:type\" content=\"article\" \/>\n<meta property=\"og:title\" content=\"Kaufen Sie 2C-E Research Chemical\" \/>\n<meta property=\"og:description\" content=\"Kaufen Sie 2C-E-Forschungschemikalien online. Wir verkaufen 2C-E-Forschungschemikalien von bester Qualit\u00e4t online. Bitte kontaktieren Sie f\u00fcr weitere Informationen und Preise.\" \/>\n<meta property=\"og:url\" content=\"https:\/\/everydaychemshop.com\/de\/product\/buy-2c-e-research-chemical\/\" \/>\n<meta property=\"og:site_name\" content=\"Everyday Chem Shop\" \/>\n<meta property=\"article:modified_time\" content=\"2023-04-06T18:37:28+00:00\" \/>\n<meta property=\"og:image\" content=\"https:\/\/everydaychemshop.com\/de\/wp-content\/uploads\/sites\/3\/2022\/11\/2ce.jpg\" \/>\n\t<meta property=\"og:image:width\" content=\"600\" \/>\n\t<meta property=\"og:image:height\" content=\"400\" \/>\n\t<meta property=\"og:image:type\" content=\"image\/jpeg\" \/>\n<meta name=\"twitter:card\" content=\"summary_large_image\" \/>\n<meta name=\"twitter:label1\" content=\"Est. reading time\" \/>\n\t<meta name=\"twitter:data1\" content=\"2 minutes\" \/>\n<script type=\"application\/ld+json\" class=\"yoast-schema-graph\">{\"@context\":\"https:\\\/\\\/schema.org\",\"@graph\":[{\"@type\":\"WebPage\",\"@id\":\"https:\\\/\\\/everydaychemshop.com\\\/de\\\/product\\\/buy-2c-e-research-chemical\\\/\",\"url\":\"https:\\\/\\\/everydaychemshop.com\\\/de\\\/product\\\/buy-2c-e-research-chemical\\\/\",\"name\":\"Kaufen Sie 2C-E-Forschungschemikalien - Everyday Chem Shop\",\"isPartOf\":{\"@id\":\"https:\\\/\\\/everydaychemshop.com\\\/de\\\/#website\"},\"primaryImageOfPage\":{\"@id\":\"https:\\\/\\\/everydaychemshop.com\\\/de\\\/product\\\/buy-2c-e-research-chemical\\\/#primaryimage\"},\"image\":{\"@id\":\"https:\\\/\\\/everydaychemshop.com\\\/de\\\/product\\\/buy-2c-e-research-chemical\\\/#primaryimage\"},\"thumbnailUrl\":\"https:\\\/\\\/everydaychemshop.com\\\/de\\\/wp-content\\\/uploads\\\/sites\\\/3\\\/2022\\\/11\\\/2ce.jpg\",\"datePublished\":\"2022-11-18T20:32:27+00:00\",\"dateModified\":\"2023-04-06T18:37:28+00:00\",\"description\":\"Kaufen Sie 2C-E-Forschungschemikalien online. Wir verkaufen 2C-E-Forschungschemikalien von bester Qualit\u00e4t online. Bitte kontaktieren Sie f\u00fcr weitere Informationen und Preise.\",\"breadcrumb\":{\"@id\":\"https:\\\/\\\/everydaychemshop.com\\\/de\\\/product\\\/buy-2c-e-research-chemical\\\/#breadcrumb\"},\"inLanguage\":\"en-US\",\"potentialAction\":[{\"@type\":\"ReadAction\",\"target\":[\"https:\\\/\\\/everydaychemshop.com\\\/de\\\/product\\\/buy-2c-e-research-chemical\\\/\"]}]},{\"@type\":\"ImageObject\",\"inLanguage\":\"en-US\",\"@id\":\"https:\\\/\\\/everydaychemshop.com\\\/de\\\/product\\\/buy-2c-e-research-chemical\\\/#primaryimage\",\"url\":\"https:\\\/\\\/everydaychemshop.com\\\/de\\\/wp-content\\\/uploads\\\/sites\\\/3\\\/2022\\\/11\\\/2ce.jpg\",\"contentUrl\":\"https:\\\/\\\/everydaychemshop.com\\\/de\\\/wp-content\\\/uploads\\\/sites\\\/3\\\/2022\\\/11\\\/2ce.jpg\",\"width\":600,\"height\":400,\"caption\":\"Kaufen Sie 2C-E-Forschungschemikalien online\"},{\"@type\":\"BreadcrumbList\",\"@id\":\"https:\\\/\\\/everydaychemshop.com\\\/de\\\/product\\\/buy-2c-e-research-chemical\\\/#breadcrumb\",\"itemListElement\":[{\"@type\":\"ListItem\",\"position\":1,\"name\":\"Home\",\"item\":\"https:\\\/\\\/everydaychemshop.com\\\/de\\\/\"},{\"@type\":\"ListItem\",\"position\":2,\"name\":\"Produkte\",\"item\":\"https:\\\/\\\/everydaychemshop.com\\\/de\\\/produkte\\\/\"},{\"@type\":\"ListItem\",\"position\":3,\"name\":\"Kaufen Sie 2C-E Research Chemical\"}]},{\"@type\":\"WebSite\",\"@id\":\"https:\\\/\\\/everydaychemshop.com\\\/de\\\/#website\",\"url\":\"https:\\\/\\\/everydaychemshop.com\\\/de\\\/\",\"name\":\"Everyday Chem Shop\",\"description\":\"\",\"potentialAction\":[{\"@type\":\"SearchAction\",\"target\":{\"@type\":\"EntryPoint\",\"urlTemplate\":\"https:\\\/\\\/everydaychemshop.com\\\/de\\\/?s={search_term_string}\"},\"query-input\":{\"@type\":\"PropertyValueSpecification\",\"valueRequired\":true,\"valueName\":\"search_term_string\"}}],\"inLanguage\":\"en-US\"}]}<\/script>\n<!-- \/ Yoast SEO Premium plugin. -->","yoast_head_json":{"title":"Kaufen Sie 2C-E-Forschungschemikalien - Everyday Chem Shop","description":"Kaufen Sie 2C-E-Forschungschemikalien online. Wir verkaufen 2C-E-Forschungschemikalien von bester Qualit\u00e4t online. Bitte kontaktieren Sie f\u00fcr weitere Informationen und Preise.","robots":{"index":"index","follow":"follow","max-snippet":"max-snippet:-1","max-image-preview":"max-image-preview:large","max-video-preview":"max-video-preview:-1"},"canonical":"https:\/\/everydaychemshop.com\/de\/product\/buy-2c-e-research-chemical\/","og_locale":"en_US","og_type":"article","og_title":"Kaufen Sie 2C-E Research Chemical","og_description":"Kaufen Sie 2C-E-Forschungschemikalien online. Wir verkaufen 2C-E-Forschungschemikalien von bester Qualit\u00e4t online. Bitte kontaktieren Sie f\u00fcr weitere Informationen und Preise.","og_url":"https:\/\/everydaychemshop.com\/de\/product\/buy-2c-e-research-chemical\/","og_site_name":"Everyday Chem Shop","article_modified_time":"2023-04-06T18:37:28+00:00","og_image":[{"width":600,"height":400,"url":"https:\/\/everydaychemshop.com\/de\/wp-content\/uploads\/sites\/3\/2022\/11\/2ce.jpg","type":"image\/jpeg"}],"twitter_card":"summary_large_image","twitter_misc":{"Est. reading time":"2 minutes"},"schema":{"@context":"https:\/\/schema.org","@graph":[{"@type":"WebPage","@id":"https:\/\/everydaychemshop.com\/de\/product\/buy-2c-e-research-chemical\/","url":"https:\/\/everydaychemshop.com\/de\/product\/buy-2c-e-research-chemical\/","name":"Kaufen Sie 2C-E-Forschungschemikalien - Everyday Chem Shop","isPartOf":{"@id":"https:\/\/everydaychemshop.com\/de\/#website"},"primaryImageOfPage":{"@id":"https:\/\/everydaychemshop.com\/de\/product\/buy-2c-e-research-chemical\/#primaryimage"},"image":{"@id":"https:\/\/everydaychemshop.com\/de\/product\/buy-2c-e-research-chemical\/#primaryimage"},"thumbnailUrl":"https:\/\/everydaychemshop.com\/de\/wp-content\/uploads\/sites\/3\/2022\/11\/2ce.jpg","datePublished":"2022-11-18T20:32:27+00:00","dateModified":"2023-04-06T18:37:28+00:00","description":"Kaufen Sie 2C-E-Forschungschemikalien online. Wir verkaufen 2C-E-Forschungschemikalien von bester Qualit\u00e4t online. Bitte kontaktieren Sie f\u00fcr weitere Informationen und Preise.","breadcrumb":{"@id":"https:\/\/everydaychemshop.com\/de\/product\/buy-2c-e-research-chemical\/#breadcrumb"},"inLanguage":"en-US","potentialAction":[{"@type":"ReadAction","target":["https:\/\/everydaychemshop.com\/de\/product\/buy-2c-e-research-chemical\/"]}]},{"@type":"ImageObject","inLanguage":"en-US","@id":"https:\/\/everydaychemshop.com\/de\/product\/buy-2c-e-research-chemical\/#primaryimage","url":"https:\/\/everydaychemshop.com\/de\/wp-content\/uploads\/sites\/3\/2022\/11\/2ce.jpg","contentUrl":"https:\/\/everydaychemshop.com\/de\/wp-content\/uploads\/sites\/3\/2022\/11\/2ce.jpg","width":600,"height":400,"caption":"Kaufen Sie 2C-E-Forschungschemikalien online"},{"@type":"BreadcrumbList","@id":"https:\/\/everydaychemshop.com\/de\/product\/buy-2c-e-research-chemical\/#breadcrumb","itemListElement":[{"@type":"ListItem","position":1,"name":"Home","item":"https:\/\/everydaychemshop.com\/de\/"},{"@type":"ListItem","position":2,"name":"Produkte","item":"https:\/\/everydaychemshop.com\/de\/produkte\/"},{"@type":"ListItem","position":3,"name":"Kaufen Sie 2C-E Research Chemical"}]},{"@type":"WebSite","@id":"https:\/\/everydaychemshop.com\/de\/#website","url":"https:\/\/everydaychemshop.com\/de\/","name":"Everyday Chem Shop","description":"","potentialAction":[{"@type":"SearchAction","target":{"@type":"EntryPoint","urlTemplate":"https:\/\/everydaychemshop.com\/de\/?s={search_term_string}"},"query-input":{"@type":"PropertyValueSpecification","valueRequired":true,"valueName":"search_term_string"}}],"inLanguage":"en-US"}]}},"_links":{"self":[{"href":"https:\/\/everydaychemshop.com\/de\/wp-json\/wp\/v2\/product\/8010","targetHints":{"allow":["GET"]}}],"collection":[{"href":"https:\/\/everydaychemshop.com\/de\/wp-json\/wp\/v2\/product"}],"about":[{"href":"https:\/\/everydaychemshop.com\/de\/wp-json\/wp\/v2\/types\/product"}],"replies":[{"embeddable":true,"href":"https:\/\/everydaychemshop.com\/de\/wp-json\/wp\/v2\/comments?post=8010"}],"wp:featuredmedia":[{"embeddable":true,"href":"https:\/\/everydaychemshop.com\/de\/wp-json\/wp\/v2\/media\/8023"}],"wp:attachment":[{"href":"https:\/\/everydaychemshop.com\/de\/wp-json\/wp\/v2\/media?parent=8010"}],"wp:term":[{"taxonomy":"product_brand","embeddable":true,"href":"https:\/\/everydaychemshop.com\/de\/wp-json\/wp\/v2\/product_brand?post=8010"},{"taxonomy":"product_cat","embeddable":true,"href":"https:\/\/everydaychemshop.com\/de\/wp-json\/wp\/v2\/product_cat?post=8010"},{"taxonomy":"product_tag","embeddable":true,"href":"https:\/\/everydaychemshop.com\/de\/wp-json\/wp\/v2\/product_tag?post=8010"}],"curies":[{"name":"wp","href":"https:\/\/api.w.org\/{rel}","templated":true}]}}