{"id":8033,"date":"2022-11-18T20:51:32","date_gmt":"2022-11-18T20:51:32","guid":{"rendered":"https:\/\/everydaychemshop.com\/de\/?post_type=product&#038;p=8033"},"modified":"2023-04-06T18:34:18","modified_gmt":"2023-04-06T18:34:18","slug":"3-fpm-3-fluorphenmetrazin","status":"publish","type":"product","link":"https:\/\/everydaychemshop.com\/de\/product\/3-fpm-3-fluorphenmetrazin\/","title":{"rendered":"3-FPM (3-Fluorphenmetrazin)"},"content":{"rendered":"<h1>Kaufen Sie 3-FPM-Pulver online<\/h1>\n<p><a href=\"https:\/\/everydaychemshop.com\/de\/product\/3-fpm-3-fluorphenmetrazin\/\">Kaufen Sie 3-FPM-Pulver online<\/a>. 3-Fluorphenmetrazin (auch bekannt als\u00a03-FPM,\u00a03-FPH\u00a0und\u00a0PAL-593) ist ein\u00a0auf Phenylmorpholin basierendes\u00a0Stimulans\u00a0und\u00a0fluoriert\u00a0Analog von\u00a0Phenmetrazin\u00a0das online als\u00a0Designerdroge verkauft wurde.<\/p>\n<p><strong><span data-preserver-spaces=\"true\">3-Fluorphenmetrazin<\/span><\/strong><span data-preserver-spaces=\"true\">\u00a0(auch bekannt als\u00a0<\/span><strong><span data-preserver-spaces=\"true\">3F-Phenmetrazin<\/span><\/strong><span data-preserver-spaces=\"true\">,\u00a0<\/span><strong><span data-preserver-spaces=\"true\">PAL-593<\/span><\/strong><span data-preserver-spaces=\"true\"> und\u00a0<\/span> <strong><span data-preserver-spaces=\"true\">3-FPM<\/span><\/strong><span data-preserver-spaces=\"true\">) ist ein Novum\u00a0<\/span><span data-preserver-spaces=\"true\">Stimulans<\/span><span data-preserver-spaces=\"true\">\u00a0Substanz des\u00a0<\/span><span data-preserver-spaces=\"true\">Phenylmorpholin<\/span><span data-preserver-spaces=\" true\">\u00a0Klasse. 3-FPM ist ein Derivat von\u00a0<\/span>Phenmetrazin<span data-preserver-spaces=\"true\">, ein einst beliebtes Stimulans, <a href=\"https:\/\/en.wikipedia.org\/wiki\/3-Fluorophenmetrazine\">das<\/a> in den 1950er Jahren in Europa klinisch als Appetitz\u00fcgler verwendet wurde. Es erzeugt seine Aktivit\u00e4t, indem es die Datenbewahrung\u00a0<\/span>Serotonin<span data-preserver-spaces=\"true\">,\u00a0<\/span><span data-preserver-spaces=\"true\">Dopamin<\/span><span data-preserver-spaces=\"true\"> und\u00a0<\/span><span data-preserver-spaces=\"true\">Noradrenalin<\/span><span data-preserver-spaces=\"true\">\u00a0Niveaus im Gehirn.<\/span><\/p>\n<p><span data-preserver-spaces=\" true\">Die Synthese und Pharmakologie von 3-FPM wurde erstmals in einem 2011 eingereichten Patent beschrieben. Berichte \u00fcber die Anwendung beim Menschen tauchten erstmals Anfang 2015 auf, nachdem es im Internet zum Verkauf angeboten wurde\u00a0<\/span><span data-preserver-spaces=\"true\">Forschungschemikalien<\/span><span data-preserver-spaces=\"true\">\u00a0Markt. 3-FPM Crystal online kaufen<\/span><\/p>\n<p><span data-preserver-spaces=\"true\">3-FPM ist die Abk\u00fcrzung f\u00fcr 3-Fluorophenmetrazin. 3-FPM ist eine Forschungschemikalie mit soliden stimulierenden Eigenschaften. 3-FPM f\u00e4llt in die Klasse der Phenol-Morpholine-Chemikalien. Die experimentellen Ergebnisse von 3-FPM werden normalerweise als sehr \u00e4hnlich und nahezu identisch mit denen von Amphetamin angesehen. Experimente mit 3-FPM f\u00fchren typischerweise zu einer verbesserten Konzentration und Motivation, Gedankenbeschleunigung und Euphorie. Diese Ergebnisse werden jedoch oft als weniger intensiv als Amphetamine oder andere Stimulanzien beschrieben. Nervosit\u00e4t und Schlaflosigkeit sind zwei Befunde, die bei 3-FPM im Allgemeinen weniger oder mit reduzierten Raten beobachtet werden. Kaufen Sie 3-FPM-Pulver, 3-FPM zum Verkauf online, kaufen Sie 3-FPM-Pellets zum Verkauf, kaufen Sie 3-FPM-Kristall online<\/span><\/p>\n<h2><strong>Wo kann man 3-FPM kaufen?<\/strong><\/h2>\n<p><span data-preserver-spaces=\"true\">Hier bei Best Globel Med haben wir sehr viel -Qualit\u00e4t 3-FPM zu verkaufen. Unser 3-FPM ist sowohl in Pulver- als auch in Pelletform erh\u00e4ltlich. Unabh\u00e4ngig davon, welchen chemischen Zustand Sie zwischen diesen beiden Optionen bevorzugen, sind wir f\u00fcr Sie da.<\/span><\/p>\n<p><span data-preserver-spaces=\"true\">Der 3-FPM ist nur zum Verkauf verf\u00fcgbar zu Forschungszwecken bestimmt. Es ist nicht f\u00fcr den internen Gebrauch bestimmt. Sie m\u00fcssen au\u00dferdem \u00fcber 18 Jahre alt sein, um 3-FPM bei uns zu kaufen, und die Gesetze Ihres Landes vollst\u00e4ndig einhalten.<\/span><\/p>\n<h2><strong><span data-preserver-spaces=\"true\">Rechtlicher Status von 3-FPM<\/span><\/strong><\/h2>\n<p><span data-preserver-spaces=\"true\">Der Kauf, Verkauf oder Besitz von 3-FPM ist illegal Israel, die Schweiz und die Vereinigten Staaten. Im Vereinigten K\u00f6nigreich gilt es als Analogon zu Phenmetrazin, einem Medikament der Liste II, das f\u00fcr den menschlichen Verzehr verwendet wird.<\/span><\/p>\n<p><span data-preserver-spaces=\"true\">Immer k\u00fchl lagern , trockener Ort f\u00fcr maximale Haltbarkeit. Dieses Produkt ist nur f\u00fcr forensische und Forschungsanwendungen vorgesehen. Daher ist es NICHT f\u00fcr den menschlichen Verzehr oder In-vivo-Tests jeglicher Art an Tieren oder lebenden Organismen bestimmt.<\/span><\/p>\n","protected":false},"excerpt":{"rendered":"<p><span data-preserver-spaces=\"true\">Kaufen Sie 3-FMP online. <b>3-Fluorphenmetrazin\u00a0<\/b>(auch bekannt als\u00a0<b>3-FPM<\/b>,\u00a0<b>3-FPH<\/b>\u00a0und\u00a0<b>PAL-593<\/b>) ist erh\u00e4ltlich f\u00fcr Verkauf in Gro\u00dfbritannien, USA, Europa (EU). Bitte kaufen Sie es bei Fairpricemedical.com in hoher Qualit\u00e4t.<\/span><\/p>\n<p><span data-preserver-spaces=\"true\">Kaufen Sie 3-FMP-Pulver bequem von zu Hause oder vom B\u00fcro aus und von uns wird es versandt und an Ihre Adresse geliefert.<\/span><\/p>\n","protected":false},"featured_media":8039,"comment_status":"open","ping_status":"closed","template":"","meta":{"inline_featured_image":false},"product_brand":[],"product_cat":[264],"product_tag":[],"class_list":{"0":"post-8033","1":"product","2":"type-product","3":"status-publish","4":"has-post-thumbnail","6":"product_cat-forschungschemikalie","8":"first","9":"instock","10":"shipping-taxable","11":"purchasable","12":"product-type-variable","13":"has-default-attributes"},"yoast_head":"<!-- This site is optimized with the Yoast SEO Premium plugin v19.2 (Yoast SEO v27.3) - https:\/\/yoast.com\/product\/yoast-seo-premium-wordpress\/ -->\n<title>Kaufen Sie 3-FPM-Pulver online- Everyday Chem Shop<\/title>\n<meta name=\"description\" content=\"Kaufen Sie 3-FPM-Pulver online. Wir verkaufen 3-FPM-Pulver in bester Qualit\u00e4t online. Bitte kontaktieren Sie uns f\u00fcr weitere Informationen und Preise.\" \/>\n<meta name=\"robots\" content=\"index, follow, max-snippet:-1, max-image-preview:large, max-video-preview:-1\" \/>\n<link rel=\"canonical\" href=\"https:\/\/everydaychemshop.com\/de\/product\/3-fpm-3-fluorphenmetrazin\/\" \/>\n<meta property=\"og:locale\" content=\"en_US\" \/>\n<meta property=\"og:type\" content=\"article\" \/>\n<meta property=\"og:title\" content=\"3-FPM (3-Fluorphenmetrazin)\" \/>\n<meta property=\"og:description\" content=\"Kaufen Sie 3-FPM-Pulver online. Wir verkaufen 3-FPM-Pulver in bester Qualit\u00e4t online. Bitte kontaktieren Sie uns f\u00fcr weitere Informationen und Preise.\" \/>\n<meta property=\"og:url\" content=\"https:\/\/everydaychemshop.com\/de\/product\/3-fpm-3-fluorphenmetrazin\/\" \/>\n<meta property=\"og:site_name\" content=\"Everyday Chem Shop\" \/>\n<meta property=\"article:modified_time\" content=\"2023-04-06T18:34:18+00:00\" \/>\n<meta property=\"og:image\" content=\"https:\/\/everydaychemshop.com\/de\/wp-content\/uploads\/sites\/3\/2022\/11\/3fpm.jpg\" \/>\n\t<meta property=\"og:image:width\" content=\"600\" \/>\n\t<meta property=\"og:image:height\" content=\"600\" \/>\n\t<meta property=\"og:image:type\" content=\"image\/jpeg\" \/>\n<meta name=\"twitter:card\" content=\"summary_large_image\" \/>\n<meta name=\"twitter:label1\" content=\"Est. reading time\" \/>\n\t<meta name=\"twitter:data1\" content=\"2 minutes\" \/>\n<script type=\"application\/ld+json\" class=\"yoast-schema-graph\">{\"@context\":\"https:\\\/\\\/schema.org\",\"@graph\":[{\"@type\":\"WebPage\",\"@id\":\"https:\\\/\\\/everydaychemshop.com\\\/de\\\/product\\\/3-fpm-3-fluorphenmetrazin\\\/\",\"url\":\"https:\\\/\\\/everydaychemshop.com\\\/de\\\/product\\\/3-fpm-3-fluorphenmetrazin\\\/\",\"name\":\"Kaufen Sie 3-FPM-Pulver online- Everyday Chem Shop\",\"isPartOf\":{\"@id\":\"https:\\\/\\\/everydaychemshop.com\\\/de\\\/#website\"},\"primaryImageOfPage\":{\"@id\":\"https:\\\/\\\/everydaychemshop.com\\\/de\\\/product\\\/3-fpm-3-fluorphenmetrazin\\\/#primaryimage\"},\"image\":{\"@id\":\"https:\\\/\\\/everydaychemshop.com\\\/de\\\/product\\\/3-fpm-3-fluorphenmetrazin\\\/#primaryimage\"},\"thumbnailUrl\":\"https:\\\/\\\/everydaychemshop.com\\\/de\\\/wp-content\\\/uploads\\\/sites\\\/3\\\/2022\\\/11\\\/3fpm.jpg\",\"datePublished\":\"2022-11-18T20:51:32+00:00\",\"dateModified\":\"2023-04-06T18:34:18+00:00\",\"description\":\"Kaufen Sie 3-FPM-Pulver online. Wir verkaufen 3-FPM-Pulver in bester Qualit\u00e4t online. Bitte kontaktieren Sie uns f\u00fcr weitere Informationen und Preise.\",\"breadcrumb\":{\"@id\":\"https:\\\/\\\/everydaychemshop.com\\\/de\\\/product\\\/3-fpm-3-fluorphenmetrazin\\\/#breadcrumb\"},\"inLanguage\":\"en-US\",\"potentialAction\":[{\"@type\":\"ReadAction\",\"target\":[\"https:\\\/\\\/everydaychemshop.com\\\/de\\\/product\\\/3-fpm-3-fluorphenmetrazin\\\/\"]}]},{\"@type\":\"ImageObject\",\"inLanguage\":\"en-US\",\"@id\":\"https:\\\/\\\/everydaychemshop.com\\\/de\\\/product\\\/3-fpm-3-fluorphenmetrazin\\\/#primaryimage\",\"url\":\"https:\\\/\\\/everydaychemshop.com\\\/de\\\/wp-content\\\/uploads\\\/sites\\\/3\\\/2022\\\/11\\\/3fpm.jpg\",\"contentUrl\":\"https:\\\/\\\/everydaychemshop.com\\\/de\\\/wp-content\\\/uploads\\\/sites\\\/3\\\/2022\\\/11\\\/3fpm.jpg\",\"width\":600,\"height\":600,\"caption\":\"Kaufen Sie 3-FPM-Pulver online\"},{\"@type\":\"BreadcrumbList\",\"@id\":\"https:\\\/\\\/everydaychemshop.com\\\/de\\\/product\\\/3-fpm-3-fluorphenmetrazin\\\/#breadcrumb\",\"itemListElement\":[{\"@type\":\"ListItem\",\"position\":1,\"name\":\"Home\",\"item\":\"https:\\\/\\\/everydaychemshop.com\\\/de\\\/\"},{\"@type\":\"ListItem\",\"position\":2,\"name\":\"Produkte\",\"item\":\"https:\\\/\\\/everydaychemshop.com\\\/de\\\/produkte\\\/\"},{\"@type\":\"ListItem\",\"position\":3,\"name\":\"3-FPM (3-Fluorphenmetrazin)\"}]},{\"@type\":\"WebSite\",\"@id\":\"https:\\\/\\\/everydaychemshop.com\\\/de\\\/#website\",\"url\":\"https:\\\/\\\/everydaychemshop.com\\\/de\\\/\",\"name\":\"Everyday Chem Shop\",\"description\":\"\",\"potentialAction\":[{\"@type\":\"SearchAction\",\"target\":{\"@type\":\"EntryPoint\",\"urlTemplate\":\"https:\\\/\\\/everydaychemshop.com\\\/de\\\/?s={search_term_string}\"},\"query-input\":{\"@type\":\"PropertyValueSpecification\",\"valueRequired\":true,\"valueName\":\"search_term_string\"}}],\"inLanguage\":\"en-US\"}]}<\/script>\n<!-- \/ Yoast SEO Premium plugin. -->","yoast_head_json":{"title":"Kaufen Sie 3-FPM-Pulver online- Everyday Chem Shop","description":"Kaufen Sie 3-FPM-Pulver online. Wir verkaufen 3-FPM-Pulver in bester Qualit\u00e4t online. Bitte kontaktieren Sie uns f\u00fcr weitere Informationen und Preise.","robots":{"index":"index","follow":"follow","max-snippet":"max-snippet:-1","max-image-preview":"max-image-preview:large","max-video-preview":"max-video-preview:-1"},"canonical":"https:\/\/everydaychemshop.com\/de\/product\/3-fpm-3-fluorphenmetrazin\/","og_locale":"en_US","og_type":"article","og_title":"3-FPM (3-Fluorphenmetrazin)","og_description":"Kaufen Sie 3-FPM-Pulver online. Wir verkaufen 3-FPM-Pulver in bester Qualit\u00e4t online. Bitte kontaktieren Sie uns f\u00fcr weitere Informationen und Preise.","og_url":"https:\/\/everydaychemshop.com\/de\/product\/3-fpm-3-fluorphenmetrazin\/","og_site_name":"Everyday Chem Shop","article_modified_time":"2023-04-06T18:34:18+00:00","og_image":[{"width":600,"height":600,"url":"https:\/\/everydaychemshop.com\/de\/wp-content\/uploads\/sites\/3\/2022\/11\/3fpm.jpg","type":"image\/jpeg"}],"twitter_card":"summary_large_image","twitter_misc":{"Est. reading time":"2 minutes"},"schema":{"@context":"https:\/\/schema.org","@graph":[{"@type":"WebPage","@id":"https:\/\/everydaychemshop.com\/de\/product\/3-fpm-3-fluorphenmetrazin\/","url":"https:\/\/everydaychemshop.com\/de\/product\/3-fpm-3-fluorphenmetrazin\/","name":"Kaufen Sie 3-FPM-Pulver online- Everyday Chem Shop","isPartOf":{"@id":"https:\/\/everydaychemshop.com\/de\/#website"},"primaryImageOfPage":{"@id":"https:\/\/everydaychemshop.com\/de\/product\/3-fpm-3-fluorphenmetrazin\/#primaryimage"},"image":{"@id":"https:\/\/everydaychemshop.com\/de\/product\/3-fpm-3-fluorphenmetrazin\/#primaryimage"},"thumbnailUrl":"https:\/\/everydaychemshop.com\/de\/wp-content\/uploads\/sites\/3\/2022\/11\/3fpm.jpg","datePublished":"2022-11-18T20:51:32+00:00","dateModified":"2023-04-06T18:34:18+00:00","description":"Kaufen Sie 3-FPM-Pulver online. Wir verkaufen 3-FPM-Pulver in bester Qualit\u00e4t online. Bitte kontaktieren Sie uns f\u00fcr weitere Informationen und Preise.","breadcrumb":{"@id":"https:\/\/everydaychemshop.com\/de\/product\/3-fpm-3-fluorphenmetrazin\/#breadcrumb"},"inLanguage":"en-US","potentialAction":[{"@type":"ReadAction","target":["https:\/\/everydaychemshop.com\/de\/product\/3-fpm-3-fluorphenmetrazin\/"]}]},{"@type":"ImageObject","inLanguage":"en-US","@id":"https:\/\/everydaychemshop.com\/de\/product\/3-fpm-3-fluorphenmetrazin\/#primaryimage","url":"https:\/\/everydaychemshop.com\/de\/wp-content\/uploads\/sites\/3\/2022\/11\/3fpm.jpg","contentUrl":"https:\/\/everydaychemshop.com\/de\/wp-content\/uploads\/sites\/3\/2022\/11\/3fpm.jpg","width":600,"height":600,"caption":"Kaufen Sie 3-FPM-Pulver online"},{"@type":"BreadcrumbList","@id":"https:\/\/everydaychemshop.com\/de\/product\/3-fpm-3-fluorphenmetrazin\/#breadcrumb","itemListElement":[{"@type":"ListItem","position":1,"name":"Home","item":"https:\/\/everydaychemshop.com\/de\/"},{"@type":"ListItem","position":2,"name":"Produkte","item":"https:\/\/everydaychemshop.com\/de\/produkte\/"},{"@type":"ListItem","position":3,"name":"3-FPM (3-Fluorphenmetrazin)"}]},{"@type":"WebSite","@id":"https:\/\/everydaychemshop.com\/de\/#website","url":"https:\/\/everydaychemshop.com\/de\/","name":"Everyday Chem Shop","description":"","potentialAction":[{"@type":"SearchAction","target":{"@type":"EntryPoint","urlTemplate":"https:\/\/everydaychemshop.com\/de\/?s={search_term_string}"},"query-input":{"@type":"PropertyValueSpecification","valueRequired":true,"valueName":"search_term_string"}}],"inLanguage":"en-US"}]}},"_links":{"self":[{"href":"https:\/\/everydaychemshop.com\/de\/wp-json\/wp\/v2\/product\/8033","targetHints":{"allow":["GET"]}}],"collection":[{"href":"https:\/\/everydaychemshop.com\/de\/wp-json\/wp\/v2\/product"}],"about":[{"href":"https:\/\/everydaychemshop.com\/de\/wp-json\/wp\/v2\/types\/product"}],"replies":[{"embeddable":true,"href":"https:\/\/everydaychemshop.com\/de\/wp-json\/wp\/v2\/comments?post=8033"}],"wp:featuredmedia":[{"embeddable":true,"href":"https:\/\/everydaychemshop.com\/de\/wp-json\/wp\/v2\/media\/8039"}],"wp:attachment":[{"href":"https:\/\/everydaychemshop.com\/de\/wp-json\/wp\/v2\/media?parent=8033"}],"wp:term":[{"taxonomy":"product_brand","embeddable":true,"href":"https:\/\/everydaychemshop.com\/de\/wp-json\/wp\/v2\/product_brand?post=8033"},{"taxonomy":"product_cat","embeddable":true,"href":"https:\/\/everydaychemshop.com\/de\/wp-json\/wp\/v2\/product_cat?post=8033"},{"taxonomy":"product_tag","embeddable":true,"href":"https:\/\/everydaychemshop.com\/de\/wp-json\/wp\/v2\/product_tag?post=8033"}],"curies":[{"name":"wp","href":"https:\/\/api.w.org\/{rel}","templated":true}]}}