{"id":8052,"date":"2022-11-18T21:12:25","date_gmt":"2022-11-18T21:12:25","guid":{"rendered":"https:\/\/everydaychemshop.com\/de\/?post_type=product&#038;p=8052"},"modified":"2023-04-06T06:30:30","modified_gmt":"2023-04-06T06:30:30","slug":"4-chlormethcathinon-4-cmc-hcl-kristall","status":"publish","type":"product","link":"https:\/\/everydaychemshop.com\/de\/product\/4-chlormethcathinon-4-cmc-hcl-kristall\/","title":{"rendered":"4-Chlormethcathinon (4-CMC HCl) Kristall"},"content":{"rendered":"<h1 class=\"product_title entry-title\">Kaufen Sie 4-CMC-Kristalle online<\/h1>\n<p><a href=\"https:\/\/everydaychemshop.com\/de\/product\/4-chlormethcathinon-4-cmc-hcl-kristall\/\">Kaufen Sie 4-CMC-Kristalle online<\/a>. 4-CMC ist die Abk\u00fcrzung f\u00fcr 4-Chlormethcathinon. 4-CMC f\u00e4llt in die Klasse der Cathinone von Chemikalien. Es ist ein Stimulans. Diese Forschungschemikalie ist sehr <a href=\"https:\/\/de.wikipedia.org\/wiki\/Carboxymethylcellulosen\">neu<\/a> auf dem Markt. Das bedeutet, dass es viele Forscher gibt, die es noch nicht getestet haben.<\/p>\n<p><em>Kaufen Sie 4-CMC<\/em>\u00a0Kristalle \u2713 4-Chlormethcathinon \u2713 Hochwertigste Forschungschemikalie \u2713 Schnelle Lieferung, tolle Preise \u2713 Nur hier at globalhomemed.com<\/p>\n<p>Trotz der Tatsache, dass 4-CMC neu ist, wurde gesagt, dass die vorl\u00e4ufigen Experimente mit dieser Substanz zu Ergebnissen von gesteigerten Emotionen, Beschleunigung von Denkprozessen und hohen Energieniveaus f\u00fchrten. 4-CMC ist 4-MMC, bk-MDMA und 3-MMC sehr \u00e4hnlich. Wenn Sie also mit einer dieser Forschungschemikalien experimentiert haben, haben Sie eine gute Vorstellung davon, was Sie von 4-CMC-Forschungsexperimenten erwarten k\u00f6nnen.<\/p>\n<p>&nbsp;<\/p>\n<h2><b>Wo 4-CMC kaufen?<\/b><\/h2>\n<p>Hier bei Chemical Planet haben wir extrem hochwertiges 4-CMC zum Verkauf. Unser 4-CMC ist typischerweise in Kristallform erh\u00e4ltlich. Wenn Sie Ihr gew\u00fcnschtes Formular nicht sehen, k\u00f6nnen Sie sich gerne an uns wenden, um zu sehen, wann es wieder verf\u00fcgbar sein k\u00f6nnte.<\/p>\n<p>Wenn Sie vorhaben, 4-CMC von Chemical Planet zu kaufen, m\u00fcssen Sie mindestens 18 Jahre alt sein vollj\u00e4hrig sein und alle Gesetze zu Forschungschemikalien in Ihrem Land vollst\u00e4ndig einhalten. Unsere Chemikalien sind nur f\u00fcr Forschungszwecke bestimmt und nicht f\u00fcr den menschlichen oder tierischen Gebrauch bestimmt.<\/p>\n<h2><b>4-CMC Legalit\u00e4t<\/b><\/h2>\n<p>4-CMC ist in China illegal und Schweden. In Deutschland ist es eine \u201eAnlage I\u201c kontrollierte Droge. Viele andere Nationen haben diese Chemikalie noch nicht geplant. Das liegt vor allem daran, dass es so neu ist.<\/p>\n<p>F\u00fcr maximale Haltbarkeit immer an einem k\u00fchlen, trockenen Ort lagern. Dieses Produkt ist nur f\u00fcr forensische und Forschungsanwendungen vorgesehen. Es ist daher NICHT f\u00fcr den menschlichen Verzehr oder In-vivo-Tests jeglicher Art an Tieren oder lebenden Organismen bestimmt.<\/p>\n","protected":false},"excerpt":{"rendered":"<p>Kaufen Sie 4-CMC-Kristalle &amp; Pulver online g\u00fcnstig. Kaufen Sie 4-CMC-Kristalle &amp; amp; Pulver in loser Sch\u00fcttung 99% Reinheit. Bestellen Sie 4-Chlormethcathinon zum Verkauf in Gro\u00dfbritannien, Europa<\/p>\n<p>M\u00f6chten\u00a0<em>4<\/em>-Chlormethcathinon (<em>4<\/em>\u2013<em>CMC<\/em>\u00a0HCl)-Hydrochlorid kaufen <em>Kristall<\/em>\u00a0zu besten Preisen, kaufen Sie mit schneller weltweiter Lieferung ein! Bestellen Sie\u00a0<em>4<\/em>\u2013<em>CMC<\/em>\u00a0GB, Europa.<\/p>\n<p>Kaufen Sie 4-CMC Crystal &amp; Pulver online g\u00fcnstig. Kaufen Sie 4-CMC-Kristalle &amp; amp; Pulver in loser Sch\u00fcttung 99 % Reinheit .<\/p>\n","protected":false},"featured_media":8059,"comment_status":"open","ping_status":"closed","template":"","meta":{"inline_featured_image":false},"product_brand":[],"product_cat":[264],"product_tag":[],"class_list":{"0":"post-8052","1":"product","2":"type-product","3":"status-publish","4":"has-post-thumbnail","6":"product_cat-forschungschemikalie","8":"first","9":"instock","10":"shipping-taxable","11":"purchasable","12":"product-type-variable","13":"has-default-attributes"},"yoast_head":"<!-- This site is optimized with the Yoast SEO Premium plugin v19.2 (Yoast SEO v27.3) - https:\/\/yoast.com\/product\/yoast-seo-premium-wordpress\/ -->\n<title>Kaufen Sie 4-CMC-Kristalle online - Everyday Chem Shop<\/title>\n<meta name=\"description\" content=\"Kaufen Sie 4-CMC-Kristalle online. Wir verkaufen 4-CMC-Kristalle in bester Qualit\u00e4t online. Bitte kontaktieren Sie f\u00fcr weitere Informationen und Preise.\" \/>\n<meta name=\"robots\" content=\"index, follow, max-snippet:-1, max-image-preview:large, max-video-preview:-1\" \/>\n<link rel=\"canonical\" href=\"https:\/\/everydaychemshop.com\/de\/product\/4-chlormethcathinon-4-cmc-hcl-kristall\/\" \/>\n<meta property=\"og:locale\" content=\"en_US\" \/>\n<meta property=\"og:type\" content=\"article\" \/>\n<meta property=\"og:title\" content=\"4-Chlormethcathinon (4-CMC HCl) Kristall\" \/>\n<meta property=\"og:description\" content=\"Kaufen Sie 4-CMC-Kristalle online. Wir verkaufen 4-CMC-Kristalle in bester Qualit\u00e4t online. Bitte kontaktieren Sie f\u00fcr weitere Informationen und Preise.\" \/>\n<meta property=\"og:url\" content=\"https:\/\/everydaychemshop.com\/de\/product\/4-chlormethcathinon-4-cmc-hcl-kristall\/\" \/>\n<meta property=\"og:site_name\" content=\"Everyday Chem Shop\" \/>\n<meta property=\"article:modified_time\" content=\"2023-04-06T06:30:30+00:00\" \/>\n<meta property=\"og:image\" content=\"https:\/\/everydaychemshop.com\/de\/wp-content\/uploads\/sites\/3\/2022\/11\/buy-4-Chloromethcathinone.jpg\" \/>\n\t<meta property=\"og:image:width\" content=\"2560\" \/>\n\t<meta property=\"og:image:height\" content=\"1887\" \/>\n\t<meta property=\"og:image:type\" content=\"image\/jpeg\" \/>\n<meta name=\"twitter:card\" content=\"summary_large_image\" \/>\n<meta name=\"twitter:label1\" content=\"Est. reading time\" \/>\n\t<meta name=\"twitter:data1\" content=\"2 minutes\" \/>\n<script type=\"application\/ld+json\" class=\"yoast-schema-graph\">{\"@context\":\"https:\\\/\\\/schema.org\",\"@graph\":[{\"@type\":\"WebPage\",\"@id\":\"https:\\\/\\\/everydaychemshop.com\\\/de\\\/product\\\/4-chlormethcathinon-4-cmc-hcl-kristall\\\/\",\"url\":\"https:\\\/\\\/everydaychemshop.com\\\/de\\\/product\\\/4-chlormethcathinon-4-cmc-hcl-kristall\\\/\",\"name\":\"Kaufen Sie 4-CMC-Kristalle online - Everyday Chem Shop\",\"isPartOf\":{\"@id\":\"https:\\\/\\\/everydaychemshop.com\\\/de\\\/#website\"},\"primaryImageOfPage\":{\"@id\":\"https:\\\/\\\/everydaychemshop.com\\\/de\\\/product\\\/4-chlormethcathinon-4-cmc-hcl-kristall\\\/#primaryimage\"},\"image\":{\"@id\":\"https:\\\/\\\/everydaychemshop.com\\\/de\\\/product\\\/4-chlormethcathinon-4-cmc-hcl-kristall\\\/#primaryimage\"},\"thumbnailUrl\":\"https:\\\/\\\/everydaychemshop.com\\\/de\\\/wp-content\\\/uploads\\\/sites\\\/3\\\/2022\\\/11\\\/buy-4-Chloromethcathinone.jpg\",\"datePublished\":\"2022-11-18T21:12:25+00:00\",\"dateModified\":\"2023-04-06T06:30:30+00:00\",\"description\":\"Kaufen Sie 4-CMC-Kristalle online. Wir verkaufen 4-CMC-Kristalle in bester Qualit\u00e4t online. Bitte kontaktieren Sie f\u00fcr weitere Informationen und Preise.\",\"breadcrumb\":{\"@id\":\"https:\\\/\\\/everydaychemshop.com\\\/de\\\/product\\\/4-chlormethcathinon-4-cmc-hcl-kristall\\\/#breadcrumb\"},\"inLanguage\":\"en-US\",\"potentialAction\":[{\"@type\":\"ReadAction\",\"target\":[\"https:\\\/\\\/everydaychemshop.com\\\/de\\\/product\\\/4-chlormethcathinon-4-cmc-hcl-kristall\\\/\"]}]},{\"@type\":\"ImageObject\",\"inLanguage\":\"en-US\",\"@id\":\"https:\\\/\\\/everydaychemshop.com\\\/de\\\/product\\\/4-chlormethcathinon-4-cmc-hcl-kristall\\\/#primaryimage\",\"url\":\"https:\\\/\\\/everydaychemshop.com\\\/de\\\/wp-content\\\/uploads\\\/sites\\\/3\\\/2022\\\/11\\\/buy-4-Chloromethcathinone.jpg\",\"contentUrl\":\"https:\\\/\\\/everydaychemshop.com\\\/de\\\/wp-content\\\/uploads\\\/sites\\\/3\\\/2022\\\/11\\\/buy-4-Chloromethcathinone.jpg\",\"width\":2560,\"height\":1887,\"caption\":\"Kaufen Sie 4-CMC-Kristalle online\"},{\"@type\":\"BreadcrumbList\",\"@id\":\"https:\\\/\\\/everydaychemshop.com\\\/de\\\/product\\\/4-chlormethcathinon-4-cmc-hcl-kristall\\\/#breadcrumb\",\"itemListElement\":[{\"@type\":\"ListItem\",\"position\":1,\"name\":\"Home\",\"item\":\"https:\\\/\\\/everydaychemshop.com\\\/de\\\/\"},{\"@type\":\"ListItem\",\"position\":2,\"name\":\"Produkte\",\"item\":\"https:\\\/\\\/everydaychemshop.com\\\/de\\\/produkte\\\/\"},{\"@type\":\"ListItem\",\"position\":3,\"name\":\"4-Chlormethcathinon (4-CMC HCl) Kristall\"}]},{\"@type\":\"WebSite\",\"@id\":\"https:\\\/\\\/everydaychemshop.com\\\/de\\\/#website\",\"url\":\"https:\\\/\\\/everydaychemshop.com\\\/de\\\/\",\"name\":\"Everyday Chem Shop\",\"description\":\"\",\"potentialAction\":[{\"@type\":\"SearchAction\",\"target\":{\"@type\":\"EntryPoint\",\"urlTemplate\":\"https:\\\/\\\/everydaychemshop.com\\\/de\\\/?s={search_term_string}\"},\"query-input\":{\"@type\":\"PropertyValueSpecification\",\"valueRequired\":true,\"valueName\":\"search_term_string\"}}],\"inLanguage\":\"en-US\"}]}<\/script>\n<!-- \/ Yoast SEO Premium plugin. -->","yoast_head_json":{"title":"Kaufen Sie 4-CMC-Kristalle online - Everyday Chem Shop","description":"Kaufen Sie 4-CMC-Kristalle online. Wir verkaufen 4-CMC-Kristalle in bester Qualit\u00e4t online. Bitte kontaktieren Sie f\u00fcr weitere Informationen und Preise.","robots":{"index":"index","follow":"follow","max-snippet":"max-snippet:-1","max-image-preview":"max-image-preview:large","max-video-preview":"max-video-preview:-1"},"canonical":"https:\/\/everydaychemshop.com\/de\/product\/4-chlormethcathinon-4-cmc-hcl-kristall\/","og_locale":"en_US","og_type":"article","og_title":"4-Chlormethcathinon (4-CMC HCl) Kristall","og_description":"Kaufen Sie 4-CMC-Kristalle online. Wir verkaufen 4-CMC-Kristalle in bester Qualit\u00e4t online. Bitte kontaktieren Sie f\u00fcr weitere Informationen und Preise.","og_url":"https:\/\/everydaychemshop.com\/de\/product\/4-chlormethcathinon-4-cmc-hcl-kristall\/","og_site_name":"Everyday Chem Shop","article_modified_time":"2023-04-06T06:30:30+00:00","og_image":[{"width":2560,"height":1887,"url":"https:\/\/everydaychemshop.com\/de\/wp-content\/uploads\/sites\/3\/2022\/11\/buy-4-Chloromethcathinone.jpg","type":"image\/jpeg"}],"twitter_card":"summary_large_image","twitter_misc":{"Est. reading time":"2 minutes"},"schema":{"@context":"https:\/\/schema.org","@graph":[{"@type":"WebPage","@id":"https:\/\/everydaychemshop.com\/de\/product\/4-chlormethcathinon-4-cmc-hcl-kristall\/","url":"https:\/\/everydaychemshop.com\/de\/product\/4-chlormethcathinon-4-cmc-hcl-kristall\/","name":"Kaufen Sie 4-CMC-Kristalle online - Everyday Chem Shop","isPartOf":{"@id":"https:\/\/everydaychemshop.com\/de\/#website"},"primaryImageOfPage":{"@id":"https:\/\/everydaychemshop.com\/de\/product\/4-chlormethcathinon-4-cmc-hcl-kristall\/#primaryimage"},"image":{"@id":"https:\/\/everydaychemshop.com\/de\/product\/4-chlormethcathinon-4-cmc-hcl-kristall\/#primaryimage"},"thumbnailUrl":"https:\/\/everydaychemshop.com\/de\/wp-content\/uploads\/sites\/3\/2022\/11\/buy-4-Chloromethcathinone.jpg","datePublished":"2022-11-18T21:12:25+00:00","dateModified":"2023-04-06T06:30:30+00:00","description":"Kaufen Sie 4-CMC-Kristalle online. Wir verkaufen 4-CMC-Kristalle in bester Qualit\u00e4t online. Bitte kontaktieren Sie f\u00fcr weitere Informationen und Preise.","breadcrumb":{"@id":"https:\/\/everydaychemshop.com\/de\/product\/4-chlormethcathinon-4-cmc-hcl-kristall\/#breadcrumb"},"inLanguage":"en-US","potentialAction":[{"@type":"ReadAction","target":["https:\/\/everydaychemshop.com\/de\/product\/4-chlormethcathinon-4-cmc-hcl-kristall\/"]}]},{"@type":"ImageObject","inLanguage":"en-US","@id":"https:\/\/everydaychemshop.com\/de\/product\/4-chlormethcathinon-4-cmc-hcl-kristall\/#primaryimage","url":"https:\/\/everydaychemshop.com\/de\/wp-content\/uploads\/sites\/3\/2022\/11\/buy-4-Chloromethcathinone.jpg","contentUrl":"https:\/\/everydaychemshop.com\/de\/wp-content\/uploads\/sites\/3\/2022\/11\/buy-4-Chloromethcathinone.jpg","width":2560,"height":1887,"caption":"Kaufen Sie 4-CMC-Kristalle online"},{"@type":"BreadcrumbList","@id":"https:\/\/everydaychemshop.com\/de\/product\/4-chlormethcathinon-4-cmc-hcl-kristall\/#breadcrumb","itemListElement":[{"@type":"ListItem","position":1,"name":"Home","item":"https:\/\/everydaychemshop.com\/de\/"},{"@type":"ListItem","position":2,"name":"Produkte","item":"https:\/\/everydaychemshop.com\/de\/produkte\/"},{"@type":"ListItem","position":3,"name":"4-Chlormethcathinon (4-CMC HCl) Kristall"}]},{"@type":"WebSite","@id":"https:\/\/everydaychemshop.com\/de\/#website","url":"https:\/\/everydaychemshop.com\/de\/","name":"Everyday Chem Shop","description":"","potentialAction":[{"@type":"SearchAction","target":{"@type":"EntryPoint","urlTemplate":"https:\/\/everydaychemshop.com\/de\/?s={search_term_string}"},"query-input":{"@type":"PropertyValueSpecification","valueRequired":true,"valueName":"search_term_string"}}],"inLanguage":"en-US"}]}},"_links":{"self":[{"href":"https:\/\/everydaychemshop.com\/de\/wp-json\/wp\/v2\/product\/8052","targetHints":{"allow":["GET"]}}],"collection":[{"href":"https:\/\/everydaychemshop.com\/de\/wp-json\/wp\/v2\/product"}],"about":[{"href":"https:\/\/everydaychemshop.com\/de\/wp-json\/wp\/v2\/types\/product"}],"replies":[{"embeddable":true,"href":"https:\/\/everydaychemshop.com\/de\/wp-json\/wp\/v2\/comments?post=8052"}],"wp:featuredmedia":[{"embeddable":true,"href":"https:\/\/everydaychemshop.com\/de\/wp-json\/wp\/v2\/media\/8059"}],"wp:attachment":[{"href":"https:\/\/everydaychemshop.com\/de\/wp-json\/wp\/v2\/media?parent=8052"}],"wp:term":[{"taxonomy":"product_brand","embeddable":true,"href":"https:\/\/everydaychemshop.com\/de\/wp-json\/wp\/v2\/product_brand?post=8052"},{"taxonomy":"product_cat","embeddable":true,"href":"https:\/\/everydaychemshop.com\/de\/wp-json\/wp\/v2\/product_cat?post=8052"},{"taxonomy":"product_tag","embeddable":true,"href":"https:\/\/everydaychemshop.com\/de\/wp-json\/wp\/v2\/product_tag?post=8052"}],"curies":[{"name":"wp","href":"https:\/\/api.w.org\/{rel}","templated":true}]}}