{"id":8060,"date":"2022-11-18T21:27:31","date_gmt":"2022-11-18T21:27:31","guid":{"rendered":"https:\/\/everydaychemshop.com\/de\/?post_type=product&#038;p=8060"},"modified":"2024-02-09T07:06:55","modified_gmt":"2024-02-09T07:06:55","slug":"kaufe-4-cl-pvp-kristalle","status":"publish","type":"product","link":"https:\/\/everydaychemshop.com\/de\/product\/kaufe-4-cl-pvp-kristalle\/","title":{"rendered":"Kaufen Sie 4-CL-PVP-Kristalle"},"content":{"rendered":"<h1>Kaufen Sie 4-CL-PVP-Kristalle online<\/h1>\n<p><a href=\"https:\/\/everydaychemshop.com\/de\/product\/kaufe-4-cl-pvp-kristalle\/\">Kaufen Sie 4-CL-PVP-Kristalle online<\/a>. 4-CL-PVP ist ein kristallines Analogon von a-PVP. Es ist ein Stimulans wie aus dem Lehrbuch. Forschungsexperimente mit 4-CL-PVP f\u00fchren tendenziell zu Gespr\u00e4chsbereitschaft, verbesserter Wachsamkeit, hoher Energie und anderen stimulierenden Ergebnissen. Die Befunde von 4-CL-PVP halten in der Regel weniger als drei Stunden an. Die Chemikalie ist auch daf\u00fcr bekannt, moderate bis extreme euphorische Ergebnisse hervorzurufen. Forscher, die nach einer Alternative zu a-PVP suchen, werden feststellen, dass 4-CL-PVP eine geeignete Alternative ist. 4-CL-PVP ist ein Noradrenalin-Dopamin-Wiederaufnahmehemmer. Die stimulierenden Ergebnisse dieser Chemikalie sind gr\u00f6\u00dftenteils auf diese Tatsache zur\u00fcckzuf\u00fchren.<\/p>\n<h2><b>Wo kann man 4-CL-PVP kaufen?<\/b><\/h2>\n<p>Hier bei Chemical Planet haben wir extrem hochwertiges 4-CL-PVP k\u00e4uflich zu erwerben. Unser 4-CL-PVP ist typischerweise in Kristallform erh\u00e4ltlich. Wenn Sie Ihr gew\u00fcnschtes Formular nicht sehen, k\u00f6nnen Sie uns gerne kontaktieren, um zu sehen, wann es wieder verf\u00fcgbar sein wird.<\/p>\n<p>Wenn Sie vorhaben, 4-Cl-PVP von Chemical Planet zu kaufen, m\u00fcssen Sie es zumindest <a href=\"https:\/\/en.wikipedia.org\/wiki\/4-Chloro-alpha-pyrrolidinovalerophenone\">sein<\/a> 18 Jahre alt sein und alle Gesetze zu Forschungschemikalien in Ihrem Land vollst\u00e4ndig einhalten. Unsere Chemikalien sind nur f\u00fcr Forschungszwecke bestimmt und nicht f\u00fcr den menschlichen oder tierischen Gebrauch bestimmt.<\/p>\n<p>&nbsp;<\/p>\n<h2><b>4-CL-PVP Legalit\u00e4t<\/b><\/h2>\n<p>Die meisten Regierungen auf der ganzen Welt haben 4-CL-PVP nicht als illegale Chemikalie deklariert. Dies bedeutet, dass es an den meisten Orten au\u00dferplanm\u00e4\u00dfig ist. Bitte wenden Sie sich an Ihre Bundesregierung, um den rechtlichen Status von 4-CL-PVP zu kl\u00e4ren, wenn Sie weitere Informationen ben\u00f6tigen.<\/p>\n<p><strong>Immer an einem k\u00fchlen, trockenen Ort lagern, um eine maximale Haltbarkeit zu gew\u00e4hrleisten. Dieses Produkt ist nur f\u00fcr forensische und Forschungsanwendungen vorgesehen. Es ist daher NICHT f\u00fcr den menschlichen Verzehr oder In-vivo-Tests jeglicher Art an Tieren oder lebenden Organismen bestimmt.<\/strong><\/p>\n","protected":false},"excerpt":{"rendered":"<p>Kaufen Sie 4-CL-PVP-Kristalle zum Verkauf in Gro\u00dfbritannien, Europa und der EU. Kaufen Sie 4-CL-PVP-Kristalle online, Top-Qualit\u00e4t, kostenloser Versand weltweit, g\u00fcnstigste aller Zeiten, bester Bestellpreis.<\/p>\n<p><em>4<\/em>\u2013<em>CL<\/em>\u2013<em>PVP-Kristalle zum Verkauf<\/em>\u00a0. <em>Kaufen Sie 4<\/em>\u2013<em>CL<\/em>\u2013<em>PVP-Kristalle<\/em> online, Top-Qualit\u00e4t, kostenloser Versand weltweit verf\u00fcgbar, g\u00fcnstigste aller Zeiten, bester Bestellpreis.<\/p>\n<p>Kaufen Sie g\u00fcnstige 4-CL-PVP-Kristalle online. 4-CL-PVP Crystal ist ein relativ neues Stimulansprodukt und Analogon der \u00e4u\u00dferst beliebten Verbindung a-PVP.<\/p>\n","protected":false},"featured_media":8067,"comment_status":"open","ping_status":"closed","template":"","meta":{"inline_featured_image":false},"product_brand":[],"product_cat":[264],"product_tag":[],"class_list":{"0":"post-8060","1":"product","2":"type-product","3":"status-publish","4":"has-post-thumbnail","6":"product_cat-forschungschemikalie","8":"first","9":"instock","10":"shipping-taxable","11":"purchasable","12":"product-type-variable","13":"has-default-attributes"},"yoast_head":"<!-- This site is optimized with the Yoast SEO Premium plugin v19.2 (Yoast SEO v27.3) - https:\/\/yoast.com\/product\/yoast-seo-premium-wordpress\/ -->\n<title>Kaufen Sie 4-CL-PVP-Kristalle online - Everyday Chem Shop<\/title>\n<meta name=\"description\" content=\"Kaufen Sie 4-CL-PVP-Kristalle online. Wir verkaufen 4-CL-PVP-Kristalle online. Bitte kontaktieren Sie f\u00fcr weitere Informationen und Preise f\u00fcr Ihre Bestellung.\" \/>\n<meta name=\"robots\" content=\"index, follow, max-snippet:-1, max-image-preview:large, max-video-preview:-1\" \/>\n<link rel=\"canonical\" href=\"https:\/\/everydaychemshop.com\/de\/product\/kaufe-4-cl-pvp-kristalle\/\" \/>\n<meta property=\"og:locale\" content=\"en_US\" \/>\n<meta property=\"og:type\" content=\"article\" \/>\n<meta property=\"og:title\" content=\"Kaufen Sie 4-CL-PVP-Kristalle\" \/>\n<meta property=\"og:description\" content=\"Kaufen Sie 4-CL-PVP-Kristalle online. Wir verkaufen 4-CL-PVP-Kristalle online. Bitte kontaktieren Sie f\u00fcr weitere Informationen und Preise f\u00fcr Ihre Bestellung.\" \/>\n<meta property=\"og:url\" content=\"https:\/\/everydaychemshop.com\/de\/product\/kaufe-4-cl-pvp-kristalle\/\" \/>\n<meta property=\"og:site_name\" content=\"Everyday Chem Shop\" \/>\n<meta property=\"article:modified_time\" content=\"2024-02-09T07:06:55+00:00\" \/>\n<meta property=\"og:image\" content=\"https:\/\/everydaychemshop.com\/de\/wp-content\/uploads\/sites\/3\/2022\/11\/Buy-4-CL-PVP-Crystals.jpg\" \/>\n\t<meta property=\"og:image:width\" content=\"275\" \/>\n\t<meta property=\"og:image:height\" content=\"183\" \/>\n\t<meta property=\"og:image:type\" content=\"image\/jpeg\" \/>\n<meta name=\"twitter:card\" content=\"summary_large_image\" \/>\n<meta name=\"twitter:label1\" content=\"Est. reading time\" \/>\n\t<meta name=\"twitter:data1\" content=\"2 minutes\" \/>\n<script type=\"application\/ld+json\" class=\"yoast-schema-graph\">{\"@context\":\"https:\\\/\\\/schema.org\",\"@graph\":[{\"@type\":\"WebPage\",\"@id\":\"https:\\\/\\\/everydaychemshop.com\\\/de\\\/product\\\/kaufe-4-cl-pvp-kristalle\\\/\",\"url\":\"https:\\\/\\\/everydaychemshop.com\\\/de\\\/product\\\/kaufe-4-cl-pvp-kristalle\\\/\",\"name\":\"Kaufen Sie 4-CL-PVP-Kristalle online - Everyday Chem Shop\",\"isPartOf\":{\"@id\":\"https:\\\/\\\/everydaychemshop.com\\\/de\\\/#website\"},\"primaryImageOfPage\":{\"@id\":\"https:\\\/\\\/everydaychemshop.com\\\/de\\\/product\\\/kaufe-4-cl-pvp-kristalle\\\/#primaryimage\"},\"image\":{\"@id\":\"https:\\\/\\\/everydaychemshop.com\\\/de\\\/product\\\/kaufe-4-cl-pvp-kristalle\\\/#primaryimage\"},\"thumbnailUrl\":\"https:\\\/\\\/everydaychemshop.com\\\/de\\\/wp-content\\\/uploads\\\/sites\\\/3\\\/2022\\\/11\\\/Buy-4-CL-PVP-Crystals.jpg\",\"datePublished\":\"2022-11-18T21:27:31+00:00\",\"dateModified\":\"2024-02-09T07:06:55+00:00\",\"description\":\"Kaufen Sie 4-CL-PVP-Kristalle online. Wir verkaufen 4-CL-PVP-Kristalle online. Bitte kontaktieren Sie f\u00fcr weitere Informationen und Preise f\u00fcr Ihre Bestellung.\",\"breadcrumb\":{\"@id\":\"https:\\\/\\\/everydaychemshop.com\\\/de\\\/product\\\/kaufe-4-cl-pvp-kristalle\\\/#breadcrumb\"},\"inLanguage\":\"en-US\",\"potentialAction\":[{\"@type\":\"ReadAction\",\"target\":[\"https:\\\/\\\/everydaychemshop.com\\\/de\\\/product\\\/kaufe-4-cl-pvp-kristalle\\\/\"]}]},{\"@type\":\"ImageObject\",\"inLanguage\":\"en-US\",\"@id\":\"https:\\\/\\\/everydaychemshop.com\\\/de\\\/product\\\/kaufe-4-cl-pvp-kristalle\\\/#primaryimage\",\"url\":\"https:\\\/\\\/everydaychemshop.com\\\/de\\\/wp-content\\\/uploads\\\/sites\\\/3\\\/2022\\\/11\\\/Buy-4-CL-PVP-Crystals.jpg\",\"contentUrl\":\"https:\\\/\\\/everydaychemshop.com\\\/de\\\/wp-content\\\/uploads\\\/sites\\\/3\\\/2022\\\/11\\\/Buy-4-CL-PVP-Crystals.jpg\",\"width\":275,\"height\":183,\"caption\":\"Kaufen Sie 4-CL-PVP-Kristalle online\"},{\"@type\":\"BreadcrumbList\",\"@id\":\"https:\\\/\\\/everydaychemshop.com\\\/de\\\/product\\\/kaufe-4-cl-pvp-kristalle\\\/#breadcrumb\",\"itemListElement\":[{\"@type\":\"ListItem\",\"position\":1,\"name\":\"Home\",\"item\":\"https:\\\/\\\/everydaychemshop.com\\\/de\\\/\"},{\"@type\":\"ListItem\",\"position\":2,\"name\":\"Produkte\",\"item\":\"https:\\\/\\\/everydaychemshop.com\\\/de\\\/produkte\\\/\"},{\"@type\":\"ListItem\",\"position\":3,\"name\":\"Kaufen Sie 4-CL-PVP-Kristalle\"}]},{\"@type\":\"WebSite\",\"@id\":\"https:\\\/\\\/everydaychemshop.com\\\/de\\\/#website\",\"url\":\"https:\\\/\\\/everydaychemshop.com\\\/de\\\/\",\"name\":\"Everyday Chem Shop\",\"description\":\"\",\"potentialAction\":[{\"@type\":\"SearchAction\",\"target\":{\"@type\":\"EntryPoint\",\"urlTemplate\":\"https:\\\/\\\/everydaychemshop.com\\\/de\\\/?s={search_term_string}\"},\"query-input\":{\"@type\":\"PropertyValueSpecification\",\"valueRequired\":true,\"valueName\":\"search_term_string\"}}],\"inLanguage\":\"en-US\"}]}<\/script>\n<!-- \/ Yoast SEO Premium plugin. -->","yoast_head_json":{"title":"Kaufen Sie 4-CL-PVP-Kristalle online - Everyday Chem Shop","description":"Kaufen Sie 4-CL-PVP-Kristalle online. Wir verkaufen 4-CL-PVP-Kristalle online. Bitte kontaktieren Sie f\u00fcr weitere Informationen und Preise f\u00fcr Ihre Bestellung.","robots":{"index":"index","follow":"follow","max-snippet":"max-snippet:-1","max-image-preview":"max-image-preview:large","max-video-preview":"max-video-preview:-1"},"canonical":"https:\/\/everydaychemshop.com\/de\/product\/kaufe-4-cl-pvp-kristalle\/","og_locale":"en_US","og_type":"article","og_title":"Kaufen Sie 4-CL-PVP-Kristalle","og_description":"Kaufen Sie 4-CL-PVP-Kristalle online. Wir verkaufen 4-CL-PVP-Kristalle online. Bitte kontaktieren Sie f\u00fcr weitere Informationen und Preise f\u00fcr Ihre Bestellung.","og_url":"https:\/\/everydaychemshop.com\/de\/product\/kaufe-4-cl-pvp-kristalle\/","og_site_name":"Everyday Chem Shop","article_modified_time":"2024-02-09T07:06:55+00:00","og_image":[{"width":275,"height":183,"url":"https:\/\/everydaychemshop.com\/de\/wp-content\/uploads\/sites\/3\/2022\/11\/Buy-4-CL-PVP-Crystals.jpg","type":"image\/jpeg"}],"twitter_card":"summary_large_image","twitter_misc":{"Est. reading time":"2 minutes"},"schema":{"@context":"https:\/\/schema.org","@graph":[{"@type":"WebPage","@id":"https:\/\/everydaychemshop.com\/de\/product\/kaufe-4-cl-pvp-kristalle\/","url":"https:\/\/everydaychemshop.com\/de\/product\/kaufe-4-cl-pvp-kristalle\/","name":"Kaufen Sie 4-CL-PVP-Kristalle online - Everyday Chem Shop","isPartOf":{"@id":"https:\/\/everydaychemshop.com\/de\/#website"},"primaryImageOfPage":{"@id":"https:\/\/everydaychemshop.com\/de\/product\/kaufe-4-cl-pvp-kristalle\/#primaryimage"},"image":{"@id":"https:\/\/everydaychemshop.com\/de\/product\/kaufe-4-cl-pvp-kristalle\/#primaryimage"},"thumbnailUrl":"https:\/\/everydaychemshop.com\/de\/wp-content\/uploads\/sites\/3\/2022\/11\/Buy-4-CL-PVP-Crystals.jpg","datePublished":"2022-11-18T21:27:31+00:00","dateModified":"2024-02-09T07:06:55+00:00","description":"Kaufen Sie 4-CL-PVP-Kristalle online. Wir verkaufen 4-CL-PVP-Kristalle online. Bitte kontaktieren Sie f\u00fcr weitere Informationen und Preise f\u00fcr Ihre Bestellung.","breadcrumb":{"@id":"https:\/\/everydaychemshop.com\/de\/product\/kaufe-4-cl-pvp-kristalle\/#breadcrumb"},"inLanguage":"en-US","potentialAction":[{"@type":"ReadAction","target":["https:\/\/everydaychemshop.com\/de\/product\/kaufe-4-cl-pvp-kristalle\/"]}]},{"@type":"ImageObject","inLanguage":"en-US","@id":"https:\/\/everydaychemshop.com\/de\/product\/kaufe-4-cl-pvp-kristalle\/#primaryimage","url":"https:\/\/everydaychemshop.com\/de\/wp-content\/uploads\/sites\/3\/2022\/11\/Buy-4-CL-PVP-Crystals.jpg","contentUrl":"https:\/\/everydaychemshop.com\/de\/wp-content\/uploads\/sites\/3\/2022\/11\/Buy-4-CL-PVP-Crystals.jpg","width":275,"height":183,"caption":"Kaufen Sie 4-CL-PVP-Kristalle online"},{"@type":"BreadcrumbList","@id":"https:\/\/everydaychemshop.com\/de\/product\/kaufe-4-cl-pvp-kristalle\/#breadcrumb","itemListElement":[{"@type":"ListItem","position":1,"name":"Home","item":"https:\/\/everydaychemshop.com\/de\/"},{"@type":"ListItem","position":2,"name":"Produkte","item":"https:\/\/everydaychemshop.com\/de\/produkte\/"},{"@type":"ListItem","position":3,"name":"Kaufen Sie 4-CL-PVP-Kristalle"}]},{"@type":"WebSite","@id":"https:\/\/everydaychemshop.com\/de\/#website","url":"https:\/\/everydaychemshop.com\/de\/","name":"Everyday Chem Shop","description":"","potentialAction":[{"@type":"SearchAction","target":{"@type":"EntryPoint","urlTemplate":"https:\/\/everydaychemshop.com\/de\/?s={search_term_string}"},"query-input":{"@type":"PropertyValueSpecification","valueRequired":true,"valueName":"search_term_string"}}],"inLanguage":"en-US"}]}},"_links":{"self":[{"href":"https:\/\/everydaychemshop.com\/de\/wp-json\/wp\/v2\/product\/8060","targetHints":{"allow":["GET"]}}],"collection":[{"href":"https:\/\/everydaychemshop.com\/de\/wp-json\/wp\/v2\/product"}],"about":[{"href":"https:\/\/everydaychemshop.com\/de\/wp-json\/wp\/v2\/types\/product"}],"replies":[{"embeddable":true,"href":"https:\/\/everydaychemshop.com\/de\/wp-json\/wp\/v2\/comments?post=8060"}],"wp:featuredmedia":[{"embeddable":true,"href":"https:\/\/everydaychemshop.com\/de\/wp-json\/wp\/v2\/media\/8067"}],"wp:attachment":[{"href":"https:\/\/everydaychemshop.com\/de\/wp-json\/wp\/v2\/media?parent=8060"}],"wp:term":[{"taxonomy":"product_brand","embeddable":true,"href":"https:\/\/everydaychemshop.com\/de\/wp-json\/wp\/v2\/product_brand?post=8060"},{"taxonomy":"product_cat","embeddable":true,"href":"https:\/\/everydaychemshop.com\/de\/wp-json\/wp\/v2\/product_cat?post=8060"},{"taxonomy":"product_tag","embeddable":true,"href":"https:\/\/everydaychemshop.com\/de\/wp-json\/wp\/v2\/product_tag?post=8060"}],"curies":[{"name":"wp","href":"https:\/\/api.w.org\/{rel}","templated":true}]}}