{"id":8068,"date":"2022-11-18T21:32:32","date_gmt":"2022-11-18T21:32:32","guid":{"rendered":"https:\/\/everydaychemshop.com\/de\/?post_type=product&#038;p=8068"},"modified":"2023-04-06T06:27:45","modified_gmt":"2023-04-06T06:27:45","slug":"4-ethylmethcathinon-4-emc","status":"publish","type":"product","link":"https:\/\/everydaychemshop.com\/de\/product\/4-ethylmethcathinon-4-emc\/","title":{"rendered":"4- Ethylmethcathinon (4-EMC)"},"content":{"rendered":"<h1>Kaufen Sie 4- Ethylmethcathinon (4-EMC) online<\/h1>\n<p><span data-preserver-spaces=\"true\"><a href=\"https:\/\/everydaychemshop.com\/de\/product\/4-ethylmethcathinon-4-emc\/\">Kaufen Sie 4- Ethylmethcathinon (4-EMC) online<\/a>. 4-EMC hat den vollst\u00e4ndigen IUPAC-Namen 1-(4-Ethylphenyl)-2-(methylamino)propan-1-on, Monohydrochlorid, das zu einer Klasse von Forschungschemikalien geh\u00f6rt, die als Stimulanzien f\u00fcr das zentrale Nervensystem bezeichnet werden.<\/span><\/p>\n<div class=\"mb-5 row\">\n<div class=\"w-100 col\">\n<div class=\"row\">\n<div class=\"col\">\n<div class=\"row\" data-attribute=\"synonyms\">\n<div class=\"text-lg-right vertical -Regel Produkt-Info-links float-links pl-3 pr-2 pb-3 col-6 col-md-5 col-lg-4 col-xl-3\">Synonyme<\/div>\n<div class=\"float -right pl-3 text-xsm product-info-right col-6 col-md-7 col-lg-8 col-xl-9\">\n<ul class=\" p-0 mb-3 list-unstyled\">\n<li class=\"undefined text-lato-bold\"><span class=\"\">4-EMC<\/span><\/li>\n<\/ul>\n<\/div>\n<\/div>\n<\/div>\n<\/div>\n<\/div>\n<\/div>\n<div class=\"mb-5 row\">\n<div class=\"w-100 col\">\n<h5>Technische Informationen<\/h5>\n<div class=\"row\">\n<div class=\"col\">\n<div class=\"row\" data-attribute=\"formalName\">\n<div class=\"text -lg-rechts Vertikalregel Produktinfo-links Float-links pl-3 pr-2 pb-3 col-6 col-md-5 col-lg-4 col-xl-3\">Formeller Name<\/div>\n<div class=\"float-right pl-3 text-xsm product-info-right col-6 col-md-7 col-lg-8 col-xl-9\">1-(4-Ethylphenyl)-2-( Methylamino)propan-1-on, Monohydrochlorid<\/div>\n<\/div>\n<div class=\"row\" data-attribute=\"casNumber\">\n<div class=\"text-lg-right vertical-rule product-info-left float-left pl-3 pr-2 pb-3 col-6 col-md-5 col-lg-4 col-xl-3\">CAS-Nummer<\/div>\n<div class=\"float-right pl-3 text -xsm product-info-right col-6 col-md-7 col-lg-8 col-xl-9\">1391053-87-4<\/div>\n<\/div>\n<div class=\"row\" data-attribute=\"molecularFormula\">\n<div class=\"text-lg-right vertikale-regel produkt-info-links float-links pl-3 pr-2 pb-3 col-6 col-md-5 col-lg-4 col- xl-3\">Molek\u00fclformel<\/div>\n<div class=\"float-right pl-3 text-xsm product-info-right col-6 col-md-7 col-lg-8 col-xl-9\">C<sub><small>12<\/small><\/sub>H<sub><small>17<\/small><\/sub>NO \u2022 HCl<\/div>\n<\/div>\n<div class=\"row\" data-attribute=\"formulaWeight\">\n<div class=\"text-lg-right vertikale-regel produktinfo-links float-links pl-3 pr-2 pb-3 col-6 col-md-5 col-lg-4 col-xl-3\">Formelgewicht<\/div>\n<div class=\"float-right pl-3 text-xsm product-info-right col-6 col-md-7 col-lg-8 col-xl-9\">227,7<\/div>\n<\/div>\n<div class=\"row\" data-attribute=\"reinheit\">\n<div class=\"text-lg-right vertikale-regel produkt-info-links float-links pl-3 pr-2 pb-3 col-6 col-md-5 col-lg-4 col-xl-3\">Reinheit<\/div>\n<div class=\"float-right pl-3 text-xsm product-info-right col-6 col-md-7 col-lg-8 col-xl-9\">\u226597%<\/div>\n<\/div>\n<div class=\"row\" data-attribute=\"formulation\">\n<div class=\"text-lg-right vertical-rule product-info-left float-left pl-3 pr-2 pb-3 col- 6 col-md-5 col-lg-4 col-xl-3\">Formulierung<\/div>\n<div class=\"float-right pl-3 text-xsm product-info-right col-6 col-md-7 col-lg-8 col-xl-9\">Ein kristalliner Feststoff<\/div>\n<\/div>\n<div class=\"row\" data-attribute=\"solubility\">\n<div class=\"text-lg-right vertical- Regel Produktinfo-links Float-links pl-3 pr-2 pb-3 col-6 col-md-5 col-lg-4 col-xl-3\">L\u00f6slichkeit<small>(Erfahren Sie mehr \u00fcber die Varianz der L\u00f6slichkeit )<\/small><\/div>\n<div class=\"float-right pl-3 text-xsm product-info-right col-6 col-md-7 co l-lg-8 col-xl-9\">\n<ul class=\" p-0 mb-3 list-unstyled\">\n<li class=\"undefined text-lato-bold\"><span class=\"\">DMF: 1 mg\/ml<\/span><\/li>\n<li class=\"undefined text-lato-bold\"><span class=\"\">DMSO: 2,5 mg\/ml<\/span><\/li>\n<li class=\"undefined text-lato-bold\"><span class=\"\">Ethanol: 5 mg\/ml<\/span><\/li>\n<li class=\"undefined text-lato-bold\"><span class=\"\"> PBS (pH 7,2): 10 mg\/ml<\/span><\/li>\n<\/ul>\n<p>4-EMC Crystal kaufen Kanada, 4-EMC Crystal kaufen Gro\u00dfbritannien, 4-EMC Crystal kaufen USA, 4-EMC Crystal kaufen Preis online, Qualit\u00e4t 4-EMC-Kristall zu verkaufen,<\/p>\n<\/div>\n<\/div>\n<div class=\"row\" data-attribute=\"lambdaMax\">\n<div class=\"text-lg-right vertical- Regel Produkt-Info-links Float-links pl-3 pr-2 pb-3 col-6 col-md-5 col-lg-4 col-xl-3\">\u03bb<sub>max<\/sub><\/div>\n<div class=\"float-right pl-3 text-xsm product-info-right col-6 col-md-7 col-lg-8 col-xl-9\">260 nm<\/div>\n<\/div>\n<div class=\"row\" data-attribute=\"smiles\">\n<div class=\"text-lg-right vertikale-regel produkt-info-links float-links pl-3 pr-2 pb-3 col-6 col- md-5 col-lg-4 col-xl-3\">L\u00c4CHELN<\/div>\n<div class=\"float-right pl-3 text-xsm product-info-right col-6 col-md-7 col-lg-8 col-xl-9\">CCC1=CC=C(C (C(NC)C)=O)C=C1<\/div>\n<\/div>\n<div class=\"row\" data-attribute=\"inchi\">\n<div class=\"text-lg-right vertikales Regelprodukt -info-links float-links pl-3 pr-2 pb-3 col-6 col-md-5 col-lg-4 col-xl-3\">InChi-Code<\/div>\n<div class=\"float-right pl-3 text-xsm produktinfo-rechts col-6 col-md-7 col-lg-8 col-xl-9\">InChI=1S\/C12H17NO.ClH\/c1-4-10-5-7-11 (8-6-10)12(14)9(2)13-3;\/h5-9,13H,4H2,1-3H3;1H<\/div>\n<\/div>\n<div class=\"row\">\n<div class=\"text-lg-right vertikale-regel produkt-info-links float-links pl-3 pr-2 pb-3 col-6 col-md-5 col-lg-4 col -xl-3\">InChi Key<\/div>\n<div class=\"float-right pl-3 text-xsm product-info-right col-6 col-md-7 col-lg-8 col-xl-9\">GGAVBQDFUOWSJS-UHFFFAOYSA-N<\/div>\n<\/div>\n<div class=\"row\" data-attribute=\"deaSchedule\">\n<div class=\"text-lg-right vertical-rule product-info-left float-left pl-3 pr-2 pb-3 col-6 col-md-5 col-lg-4 col-xl-3\">DEA-Zeitplan<\/div>\n<div>I<\/div>\n<\/div>\n<\/div>\n<\/div>\n<\/div>\n<\/div>\n<div class=\"row\">\n<div class=\"col\">\n<h5>Versand &amp; Speicherinformationen<\/h5>\n<div class=\"row\">\n<div class=\"col\">\n<div class=\"row\" data-attribute=\"storageTemp\">\n<div class=\"text-lg-right vertical-rule Produktinfo-links Float-Links pl-3 pr-2 pb-3 col-6 col-md-5 col-lg-4 col-xl-3\">Lagerung<\/div>\n<div class=\"float-right pl-3 text-xsm produktinfo-rechts col-6 col-md-7 col-lg-8 col-xl-9\">-20\u00b0C<\/div>\n<\/div>\n<div class=\"row\" data-attribute=\"address\">\n<div class=\"text-lg-right vertikale-regel produktinfo-links float-links pl-3 pr-2 pb-3 col-6 col-md-5 col-lg- 4 col-xl-3\">Versand<\/div>\n<div class=\"float-right pl-3 text-xsm product-info-right col-6 col-md-7 col-lg-8 col-xl-9 \">Raumtemperatur\u00a0in den kontinentalen USA; kann an anderer Stelle abweichen<\/div>\n<\/div>\n<div class=\"row\" data-attribute=\"stabilityDisplay\">\n<div class=\"text-lg-right vertical-rule product-info-left float-left pl-3 pr-2 pb-3 col-6 col-md-5 col-lg-4 col-xl-3\">Stabilit\u00e4t<\/div>\n<div class=\"float-right pl-3 text-xsm product-info-right col-6 col-md-7 col-lg-8 col-xl-9\">\u2265 2 Jahre<\/div>\n<\/div>\n<\/div>\n<\/div>\n<\/div>\n<\/div>\n<p><span data-preserver-spaces=\"true\">Die Forschungschemikalie namens 4-EMC geh\u00f6rt zu den chemischen Klassen Phenethylamin\u00a0und Amphetamin und hat die Summenformel C12H17NO. Das Formelgewicht hat einen Wert von 191,270 g\/mo. Kaufen Sie 4-EMC online<\/span><\/p>\n<p><span data-preserver-spaces=\"true\">Aufgrund des starken Interesses des Marktes f\u00fchren wir ein neues Cathinon-Produkt ein, das f\u00fcr Fortgeschrittene verwendet werden kann wissenschaftliche Studien. 4-EMV zum Verkauf online. 4-Methylmethcathinon ist eine isomere Form, die wiederum eng mit dem jetzt eingeschr\u00e4nkten Mephedron verwandt ist, wobei alle aufgef\u00fchrten Chemikalien stimulierende und entaktogene Eigenschaften aufweisen. 4-EMC online kaufen, 4-EMC Uk kaufen, 4-EMC online kaufen,<\/span><\/p>\n<p><span data-preserver-spaces=\"true\">Wie f\u00fcr diese typisch\u00a0chemische Klasse, 4-EMC\u00a0wird vermutlich blockiert die Wiederaufnahme wichtiger Neurotransmitter am synaptischen Spalt, mit Dopamin und Serotonin als wahrscheinlichen prim\u00e4ren Zielen. Kaufen Sie 4-EMC zum Verkauf, 4-EMC online, kaufen Sie 4-EMC online,<\/span><\/p>\n<p><span data-preserver-spaces=\"true\">Die Substanz erscheint unter normalen Bedingungen als kristallines Pulver Bedingungen. <a href=\"https:\/\/en.wikipedia.org\/wiki\/Mephedrone\">Es<\/a> kann es leicht zum Testen vorbereiten, ohne dass das Risiko besteht, dass Verunreinigungen eingeschlossen werden. 4-EMC kann in Wasser gel\u00f6st und trocken und luftdicht gelagert werden.<\/span><\/p>\n<p><span data-preserver-spaces=\"true\">Da der Stoff nicht ausgiebig getestet wurde Da die Vergangenheit und das meiste, was dar\u00fcber bekannt ist, aus Analogien verwandter Chemikalien stammen, haben Forscher die M\u00f6glichkeit, ihr Profil von Grund auf neu zu kartieren. Alle Experimentdesigns sollten den neuartigen Status der Chemikalie widerspiegeln und eine gro\u00dfe Fehlerspanne lassen. 4-EMC USA online kaufen, 4-FA online kaufen, 4-EMC online kaufen<\/span><\/p>\n<p><strong><span data-preserver-spaces=\"true\">Pharmakologie<\/span><\/strong><\/p>\n<p><span data-preserver-spaces=\"true\">4EMC hat eine komplexe Pharmakologie, aber im Kern ist sie a Synthetisches Stimulans und Empathogen in der gleichen Weise wie Methcathinon.<\/span><\/p>\n<p><strong><span data-preserver-spaces=\"true\">\u00c4hnliche Verbindungen:<\/span><\/strong><\/p>\n<ul>\n<li><span data-preserver-spaces=\"true\">4-MEC<\/span><\/li>\n<li><span data-preserver-spaces=\"true\">Mephedron<\/span><\/li>\n<li>Methcathinon<\/li>\n<li><span data-preserver-spaces=\"true\">Benzedron<\/span><\/li>\n<li>4-Methylpentedron<\/li>\n<li><span data-preserver-spaces=\"true\">4-Methylbuphedron<\/span><\/li>\n<\/ul>\n<p><strong><span data-preserver-spaces=\"true\">Rechtm\u00e4\u00dfigkeit:<\/span><\/strong><\/p>\n<p><span data-preserver-spaces=\"true\">4-EMC ist in keinem bekannten Land ausdr\u00fccklich als kontrollierte Substanz vermerkt. Dennoch ist es haupts\u00e4chlich im US-Bundesstaat Vermont eine kontrollierte Substanz. Da es rechtlich gesehen ein Analogon von 4-MEC oder verwandten Verbindungen sein k\u00f6nnte, k\u00f6nnte es unter die Analogiebestimmungen vieler L\u00e4nder fallen, wie z. B. die USA oder Gro\u00dfbritannien.<\/span><\/p>\n","protected":false},"excerpt":{"rendered":"<p>Kaufen Sie 4-EMC-Pulver online. Diese Chemikalie geh\u00f6rt zur Klasse der Stimulanzien und Entaktogene. Es ist ein strukturelles Isomer von 4-MEC.<\/p>\n<p>Kaufen Sie 4-EMC (4-Ethylmethcathinon) online in Europa, der EU, Gro\u00dfbritannien und den USA bei Fairpricemedical.com.<\/p>\n<p>Sie haben es hier zu den besten Preisen und in der besten Qualit\u00e4t. Wir sind hier, um Ihnen das beste Erlebnis zu bieten.<\/p>\n","protected":false},"featured_media":8075,"comment_status":"open","ping_status":"closed","template":"","meta":{"inline_featured_image":false},"product_brand":[],"product_cat":[264],"product_tag":[],"class_list":{"0":"post-8068","1":"product","2":"type-product","3":"status-publish","4":"has-post-thumbnail","6":"product_cat-forschungschemikalie","8":"first","9":"instock","10":"shipping-taxable","11":"purchasable","12":"product-type-variable","13":"has-default-attributes"},"yoast_head":"<!-- This site is optimized with the Yoast SEO Premium plugin v19.2 (Yoast SEO v27.3) - https:\/\/yoast.com\/product\/yoast-seo-premium-wordpress\/ -->\n<title>Kaufen Sie 4- Ethylmethcathinon (4-EMC) - Everyday Chem Shop<\/title>\n<meta name=\"description\" content=\"Kaufen Sie 4- Ethylmethcathinon (4-EMC) online. Wir verkaufen 4- Ethylmethcathinone (4-EMC) von bester Qualit\u00e4t. Bitte kontaktieren Sie f\u00fcr weitere Informationen.\" \/>\n<meta name=\"robots\" content=\"index, follow, max-snippet:-1, max-image-preview:large, max-video-preview:-1\" \/>\n<link rel=\"canonical\" href=\"https:\/\/everydaychemshop.com\/de\/product\/4-ethylmethcathinon-4-emc\/\" \/>\n<meta property=\"og:locale\" content=\"en_US\" \/>\n<meta property=\"og:type\" content=\"article\" \/>\n<meta property=\"og:title\" content=\"4- Ethylmethcathinon (4-EMC)\" \/>\n<meta property=\"og:description\" content=\"Kaufen Sie 4- Ethylmethcathinon (4-EMC) online. Wir verkaufen 4- Ethylmethcathinone (4-EMC) von bester Qualit\u00e4t. Bitte kontaktieren Sie f\u00fcr weitere Informationen.\" \/>\n<meta property=\"og:url\" content=\"https:\/\/everydaychemshop.com\/de\/product\/4-ethylmethcathinon-4-emc\/\" \/>\n<meta property=\"og:site_name\" content=\"Everyday Chem Shop\" \/>\n<meta property=\"article:modified_time\" content=\"2023-04-06T06:27:45+00:00\" \/>\n<meta property=\"og:image\" content=\"https:\/\/everydaychemshop.com\/de\/wp-content\/uploads\/sites\/3\/2022\/11\/Buy-4-EMC.jpg\" \/>\n\t<meta property=\"og:image:width\" content=\"230\" \/>\n\t<meta property=\"og:image:height\" content=\"230\" \/>\n\t<meta property=\"og:image:type\" content=\"image\/jpeg\" \/>\n<meta name=\"twitter:card\" content=\"summary_large_image\" \/>\n<meta name=\"twitter:label1\" content=\"Est. reading time\" \/>\n\t<meta name=\"twitter:data1\" content=\"2 minutes\" \/>\n<script type=\"application\/ld+json\" class=\"yoast-schema-graph\">{\"@context\":\"https:\\\/\\\/schema.org\",\"@graph\":[{\"@type\":\"WebPage\",\"@id\":\"https:\\\/\\\/everydaychemshop.com\\\/de\\\/product\\\/4-ethylmethcathinon-4-emc\\\/\",\"url\":\"https:\\\/\\\/everydaychemshop.com\\\/de\\\/product\\\/4-ethylmethcathinon-4-emc\\\/\",\"name\":\"Kaufen Sie 4- Ethylmethcathinon (4-EMC) - Everyday Chem Shop\",\"isPartOf\":{\"@id\":\"https:\\\/\\\/everydaychemshop.com\\\/de\\\/#website\"},\"primaryImageOfPage\":{\"@id\":\"https:\\\/\\\/everydaychemshop.com\\\/de\\\/product\\\/4-ethylmethcathinon-4-emc\\\/#primaryimage\"},\"image\":{\"@id\":\"https:\\\/\\\/everydaychemshop.com\\\/de\\\/product\\\/4-ethylmethcathinon-4-emc\\\/#primaryimage\"},\"thumbnailUrl\":\"https:\\\/\\\/everydaychemshop.com\\\/de\\\/wp-content\\\/uploads\\\/sites\\\/3\\\/2022\\\/11\\\/Buy-4-EMC.jpg\",\"datePublished\":\"2022-11-18T21:32:32+00:00\",\"dateModified\":\"2023-04-06T06:27:45+00:00\",\"description\":\"Kaufen Sie 4- Ethylmethcathinon (4-EMC) online. Wir verkaufen 4- Ethylmethcathinone (4-EMC) von bester Qualit\u00e4t. Bitte kontaktieren Sie f\u00fcr weitere Informationen.\",\"breadcrumb\":{\"@id\":\"https:\\\/\\\/everydaychemshop.com\\\/de\\\/product\\\/4-ethylmethcathinon-4-emc\\\/#breadcrumb\"},\"inLanguage\":\"en-US\",\"potentialAction\":[{\"@type\":\"ReadAction\",\"target\":[\"https:\\\/\\\/everydaychemshop.com\\\/de\\\/product\\\/4-ethylmethcathinon-4-emc\\\/\"]}]},{\"@type\":\"ImageObject\",\"inLanguage\":\"en-US\",\"@id\":\"https:\\\/\\\/everydaychemshop.com\\\/de\\\/product\\\/4-ethylmethcathinon-4-emc\\\/#primaryimage\",\"url\":\"https:\\\/\\\/everydaychemshop.com\\\/de\\\/wp-content\\\/uploads\\\/sites\\\/3\\\/2022\\\/11\\\/Buy-4-EMC.jpg\",\"contentUrl\":\"https:\\\/\\\/everydaychemshop.com\\\/de\\\/wp-content\\\/uploads\\\/sites\\\/3\\\/2022\\\/11\\\/Buy-4-EMC.jpg\",\"width\":230,\"height\":230,\"caption\":\"Kaufen Sie 4- Ethylmethcathinon (4-EMC) online\"},{\"@type\":\"BreadcrumbList\",\"@id\":\"https:\\\/\\\/everydaychemshop.com\\\/de\\\/product\\\/4-ethylmethcathinon-4-emc\\\/#breadcrumb\",\"itemListElement\":[{\"@type\":\"ListItem\",\"position\":1,\"name\":\"Home\",\"item\":\"https:\\\/\\\/everydaychemshop.com\\\/de\\\/\"},{\"@type\":\"ListItem\",\"position\":2,\"name\":\"Produkte\",\"item\":\"https:\\\/\\\/everydaychemshop.com\\\/de\\\/produkte\\\/\"},{\"@type\":\"ListItem\",\"position\":3,\"name\":\"4- Ethylmethcathinon (4-EMC)\"}]},{\"@type\":\"WebSite\",\"@id\":\"https:\\\/\\\/everydaychemshop.com\\\/de\\\/#website\",\"url\":\"https:\\\/\\\/everydaychemshop.com\\\/de\\\/\",\"name\":\"Everyday Chem Shop\",\"description\":\"\",\"potentialAction\":[{\"@type\":\"SearchAction\",\"target\":{\"@type\":\"EntryPoint\",\"urlTemplate\":\"https:\\\/\\\/everydaychemshop.com\\\/de\\\/?s={search_term_string}\"},\"query-input\":{\"@type\":\"PropertyValueSpecification\",\"valueRequired\":true,\"valueName\":\"search_term_string\"}}],\"inLanguage\":\"en-US\"}]}<\/script>\n<!-- \/ Yoast SEO Premium plugin. -->","yoast_head_json":{"title":"Kaufen Sie 4- Ethylmethcathinon (4-EMC) - Everyday Chem Shop","description":"Kaufen Sie 4- Ethylmethcathinon (4-EMC) online. Wir verkaufen 4- Ethylmethcathinone (4-EMC) von bester Qualit\u00e4t. Bitte kontaktieren Sie f\u00fcr weitere Informationen.","robots":{"index":"index","follow":"follow","max-snippet":"max-snippet:-1","max-image-preview":"max-image-preview:large","max-video-preview":"max-video-preview:-1"},"canonical":"https:\/\/everydaychemshop.com\/de\/product\/4-ethylmethcathinon-4-emc\/","og_locale":"en_US","og_type":"article","og_title":"4- Ethylmethcathinon (4-EMC)","og_description":"Kaufen Sie 4- Ethylmethcathinon (4-EMC) online. Wir verkaufen 4- Ethylmethcathinone (4-EMC) von bester Qualit\u00e4t. Bitte kontaktieren Sie f\u00fcr weitere Informationen.","og_url":"https:\/\/everydaychemshop.com\/de\/product\/4-ethylmethcathinon-4-emc\/","og_site_name":"Everyday Chem Shop","article_modified_time":"2023-04-06T06:27:45+00:00","og_image":[{"width":230,"height":230,"url":"https:\/\/everydaychemshop.com\/de\/wp-content\/uploads\/sites\/3\/2022\/11\/Buy-4-EMC.jpg","type":"image\/jpeg"}],"twitter_card":"summary_large_image","twitter_misc":{"Est. reading time":"2 minutes"},"schema":{"@context":"https:\/\/schema.org","@graph":[{"@type":"WebPage","@id":"https:\/\/everydaychemshop.com\/de\/product\/4-ethylmethcathinon-4-emc\/","url":"https:\/\/everydaychemshop.com\/de\/product\/4-ethylmethcathinon-4-emc\/","name":"Kaufen Sie 4- Ethylmethcathinon (4-EMC) - Everyday Chem Shop","isPartOf":{"@id":"https:\/\/everydaychemshop.com\/de\/#website"},"primaryImageOfPage":{"@id":"https:\/\/everydaychemshop.com\/de\/product\/4-ethylmethcathinon-4-emc\/#primaryimage"},"image":{"@id":"https:\/\/everydaychemshop.com\/de\/product\/4-ethylmethcathinon-4-emc\/#primaryimage"},"thumbnailUrl":"https:\/\/everydaychemshop.com\/de\/wp-content\/uploads\/sites\/3\/2022\/11\/Buy-4-EMC.jpg","datePublished":"2022-11-18T21:32:32+00:00","dateModified":"2023-04-06T06:27:45+00:00","description":"Kaufen Sie 4- Ethylmethcathinon (4-EMC) online. Wir verkaufen 4- Ethylmethcathinone (4-EMC) von bester Qualit\u00e4t. Bitte kontaktieren Sie f\u00fcr weitere Informationen.","breadcrumb":{"@id":"https:\/\/everydaychemshop.com\/de\/product\/4-ethylmethcathinon-4-emc\/#breadcrumb"},"inLanguage":"en-US","potentialAction":[{"@type":"ReadAction","target":["https:\/\/everydaychemshop.com\/de\/product\/4-ethylmethcathinon-4-emc\/"]}]},{"@type":"ImageObject","inLanguage":"en-US","@id":"https:\/\/everydaychemshop.com\/de\/product\/4-ethylmethcathinon-4-emc\/#primaryimage","url":"https:\/\/everydaychemshop.com\/de\/wp-content\/uploads\/sites\/3\/2022\/11\/Buy-4-EMC.jpg","contentUrl":"https:\/\/everydaychemshop.com\/de\/wp-content\/uploads\/sites\/3\/2022\/11\/Buy-4-EMC.jpg","width":230,"height":230,"caption":"Kaufen Sie 4- Ethylmethcathinon (4-EMC) online"},{"@type":"BreadcrumbList","@id":"https:\/\/everydaychemshop.com\/de\/product\/4-ethylmethcathinon-4-emc\/#breadcrumb","itemListElement":[{"@type":"ListItem","position":1,"name":"Home","item":"https:\/\/everydaychemshop.com\/de\/"},{"@type":"ListItem","position":2,"name":"Produkte","item":"https:\/\/everydaychemshop.com\/de\/produkte\/"},{"@type":"ListItem","position":3,"name":"4- Ethylmethcathinon (4-EMC)"}]},{"@type":"WebSite","@id":"https:\/\/everydaychemshop.com\/de\/#website","url":"https:\/\/everydaychemshop.com\/de\/","name":"Everyday Chem Shop","description":"","potentialAction":[{"@type":"SearchAction","target":{"@type":"EntryPoint","urlTemplate":"https:\/\/everydaychemshop.com\/de\/?s={search_term_string}"},"query-input":{"@type":"PropertyValueSpecification","valueRequired":true,"valueName":"search_term_string"}}],"inLanguage":"en-US"}]}},"_links":{"self":[{"href":"https:\/\/everydaychemshop.com\/de\/wp-json\/wp\/v2\/product\/8068","targetHints":{"allow":["GET"]}}],"collection":[{"href":"https:\/\/everydaychemshop.com\/de\/wp-json\/wp\/v2\/product"}],"about":[{"href":"https:\/\/everydaychemshop.com\/de\/wp-json\/wp\/v2\/types\/product"}],"replies":[{"embeddable":true,"href":"https:\/\/everydaychemshop.com\/de\/wp-json\/wp\/v2\/comments?post=8068"}],"wp:featuredmedia":[{"embeddable":true,"href":"https:\/\/everydaychemshop.com\/de\/wp-json\/wp\/v2\/media\/8075"}],"wp:attachment":[{"href":"https:\/\/everydaychemshop.com\/de\/wp-json\/wp\/v2\/media?parent=8068"}],"wp:term":[{"taxonomy":"product_brand","embeddable":true,"href":"https:\/\/everydaychemshop.com\/de\/wp-json\/wp\/v2\/product_brand?post=8068"},{"taxonomy":"product_cat","embeddable":true,"href":"https:\/\/everydaychemshop.com\/de\/wp-json\/wp\/v2\/product_cat?post=8068"},{"taxonomy":"product_tag","embeddable":true,"href":"https:\/\/everydaychemshop.com\/de\/wp-json\/wp\/v2\/product_tag?post=8068"}],"curies":[{"name":"wp","href":"https:\/\/api.w.org\/{rel}","templated":true}]}}