{"id":8076,"date":"2022-11-18T21:37:59","date_gmt":"2022-11-18T21:37:59","guid":{"rendered":"https:\/\/everydaychemshop.com\/de\/?post_type=product&#038;p=8076"},"modified":"2023-04-06T06:25:57","modified_gmt":"2023-04-06T06:25:57","slug":"4-fa-4-fluoramphetamin-pulver","status":"publish","type":"product","link":"https:\/\/everydaychemshop.com\/de\/product\/4-fa-4-fluoramphetamin-pulver\/","title":{"rendered":"4-FA (4-Fluoramphetamin) Pulver"},"content":{"rendered":"<div class=\"container\">\n<div class=\"row main-content-wrap\">\n<div class=\"main-content col-lg-12\">\n<div id=\"primary\" class=\"content-area\">\n<h1>Kaufen Sie 4-FA-Pulver online<\/h1>\n<div id=\"product-1651\" class=\"product type-product post-1651 status-publish first instock product_cat-research-chemicals- und-Badesalz product_tag-2-fluoroamphetamine product_tag-4-fa-buy-canada product_tag-4-fa-buy-online product_tag-4-fa-buy-uk product_tag-4-fa-buy-usa product_tag-4- fa-effekte product_tag-4-fa-online-verkaufen product_tag-4-fa-online-verkaufen product_tag-4-fa-online product_tag-4-fa-online-kaufen product_tag-4-fa-pulver -buy-canada product_tag-4-fa-powder-buy-uk product_tag-4-fa-powder-buy-usa product_tag-4-fa-powder-for-sale product_tag-4-fa-powder-for-sale-online product_tag-4-fa-Pulver-zu-verkaufen-usa-online product_tag-4-fa-Pulver-online product_tag-4-fa-Pulver-online-kaufen product_tag-4-fa-Pulver-Preis-online product_tag-4- fa-price-online product_tag-4-fa-research-chemical product_tag-4-fluoro amphetamine-legal-status product_tag-4-fluoroamphetamine-synthesis product_tag-5-mapb-legal product_tag-buy-4-fa-australien product_tag-buy-4-fa-canada product_tag-buy-4-fa-europe product_tag-buy- 4-fa-zu verkaufen product_tag-kaufen-4-fa-online product_tag-kaufen-4-fa-pulver-australien product_tag-kaufen-4-fa-pulver-kanada product_tag-kaufen-4-fa-pulver-europa product_tag -buy-4-fa-powder-for-sale product_tag-buy-4-fa-powder-online product_tag-buy-4-fa-powder-uk product_tag-buy-4-fa-powder-usa product_tag-buy-4 -fa-uk product_tag-buy-4-fa-usa product_tag-is-4-fa-legal product_tag-is-4-fa-legal-in-the-us-2020 product_tag-is-4-fma-legal product_tag- quality-4-fa-for-sale product_tag-quality-4-fa-powder-for-sale product_tag-wo-zu-kaufen-4-fa product_tag-wo-zu-kaufen-4-fa-salze hat-post- Vorschaubild Versandsteuerpflichtig Kaufbar Produkttypvariable hat Standardattribute Produktlayout-Standard\">\n<div id=\"product-tab\" class=\"woocommerce-tabs woocommerce-tabs-z37slqdj resp-htabs\">\n<div class=\"resp-tabs-container\">\n<div id=\"tab-description\" class=\"tab-content bzw.-tab-content bzw.-tab-content-active\" aria-labelledby=\"tab_item-0\">\n<p><a href=\"https:\/\/everydaychemshop.com\/de\/product\/4-fa-4-fluoramphetamin-pulver\/\">Kaufen Sie 4-FA-Pulver online<\/a>. Kaufen Sie 4-FA-Pulver. 4-Fluoramphetamin\u00a0(4-FA;\u00a04-FMP;\u00a0PAL-303; &#8220;Flux \u201c), auch bekannt als\u00a0<i>para<\/i>-Fluoramphetamin\u00a0(PFA), ist ein\u00a0Psychoactive\u00a0Research Chemical\u00a0of the Phenethylamine\u00a0und\u00a0substituiertes Amphetamin\u00a0chemische Klassen. Es produziert\u00a0Stimulans\u00a0und\u00a0entaktogene\u00a0Wirkungen. Als\u00a0Freizeitdroge wird 4-FA manchmal zusammen mit verkauft verwandte Verbindungen wie\u00a02-fluoroamphetamine\u00a0und\u00a04-Fluormethamphetamin.<sup id=\"cite_ref-1 \" class=\"reference\"><\/sup><\/p>\n<p>4-FA (4-Fluoramphetamin) ist ein amphetamin\u00e4hnliches Medikament, das gerade erst f\u00fcr einen relativ kurzen Zeitraum auf dem niederl\u00e4ndischen Markt aufgetaucht ist. Im Zeitraum von 2007 bis 2009 wurde es <a href=\"https:\/\/de.wikipedia.org\/wiki\/4-Fluoramphetamin\">im<\/a> Wesentlichen als Speed \u200b\u200boder MDMA verkauft. Kaufen Sie 4-FA-Pulver online. Denn damals mangelte es an Rohstoffen f\u00fcr diese Spezialisten, so wurde 4-FA als Schneidspezialist eingesetzt. Jedenfalls wird 4-FA seit 2010 zunehmend von Verk\u00e4ufern als 4-FA verkauft, was ebenfalls impliziert, dass K\u00e4ufer es als \u201eMedikament der Entscheidung\u201c ansehen. 4-FA-Pulver zum Verkauf \u2013 Gro\u00dfhandel Research Chemical Powders \u2013 Kaufen Sie 4-Fluoramphetamin online<\/p>\n<h2><span data-preserver-spaces=\"true\">Wirkungen\u00a0<b>4-Fluoramphetamin<\/b><\/span><\/h2>\n<p><span data-preserver-spaces=\"true\">Die subjektive\u00a0Effekte von 4-Fluoramphetamin\u00a0umfassen\u00a0<\/span><span data-preserver-spaces=\"true\">Euphorie<\/span><span data-preserver-spaces=\"true\">, die manche \u00e4hnlich der Wirkung finden von\u00a0<\/span><span data-preserver-spaces=\"true\">MDMA<\/span><span data-preserver-spaces=\"true\">\u00a0und Amphetamin,<\/span><span data-preserver-spaces=\"true\">\u00a0erh\u00f6hte Energie (Stimulation), Stimmungsaufhellung, Gef\u00fchle von W\u00e4rme und Empathie, \u00fcberm\u00e4\u00dfiges Reden,\u00a0<\/span><span data-preserver-spaces=\"true\">Br<\/span><span data-preserver-spaces=\"true\">u<\/span><span data-preserver-spaces=\"true\">xismus<\/span> <span data-preserver-spaces=\"true\"> und unterdr\u00fcckter Appetit (magers\u00fcchtig). Der allgemeine Wirkungsverlauf umfasst in den ersten Stunden haupts\u00e4chlich empathische Wirkungen, die mit zunehmender Stimulation in den n\u00e4chsten Stunden abklingen. Gro\u00dfhandel f\u00fcr Forschungschemikalienpulver<\/span><\/p>\n<p><span data-preserver-spaces=\"true\">Die\u00a0<\/span><span data-preserver-spaces=\"true\">Hemmung der Dopamin-Wiederaufnahme<\/span><span data-preserver-spaces=\"true\">\u00a0produziert von 4-FA ist st\u00e4rker als das von beiden\u00a0<\/span><span data-preserver-spaces=\"true\">4-CA<\/span><span data-preserver-spaces=\"true\">\u00a0oder\u00a0<\/span><span data-preserver-spaces=\"true\"> 4-IA<\/span><span data-preserver-spaces=\"true\">.<\/span><span data-preserver-spaces=\"true\">\u00a04-FA produziert auch weniger\u00a0<\/span> Hyperthermie<span data-preserver-spaces=\"true\">\u00a0als \u00e4hnliche Verbindungen wie\u00a0<\/span><span data-preserver-spaces=\"true\">PMA<\/span>,\u00a0<span data-preserver-spaces=\"true\">3-MTA<\/span><span data-preserver-spaces=\"true \"> und\u00a0<\/span>4-Methylamphetamin<span data-preserver-spaces=\"true\">.<\/span><\/p>\n<p>H\u00e4ufige akute Nebenwirkungen sind \u00dcbelkeit, Kopfschmerzen, erh\u00f6hte Herzfrequenz und Schlaflosigkeit.<\/p>\n<p><span data-preserver-spaces=\"true\">Es ist h\u00e4ufig rep festgestellt, dass die ersten drei bis vier Stunden von 4-FA unterschiedliche\u00a0<\/span><span data-preserver-spaces=\"true\">entactogenic<\/span><span data-preserver-spaces=\"true\">\u00a0Effekte, von denen berichtet wurde, dass sie sich \u00e4hnlich wie MDMA anf\u00fchlen, obwohl nicht ziemlich m\u00e4chtig. Es wird angenommen, dass dies mit der Dauer korreliert, in der die Ver\u00f6ffentlichung von\u00a0<\/span><span data-preserver-spaces=\"true\">Serotonin<\/span><span data-preserver-spaces=\"true\">\u00a0(zus\u00e4tzlich zu\u00a0<\/span><span data-preserver-spaces=\"true\">Dopamin<\/span><span data-preserver-spaces=\"true\">\u00a0und\u00a0<\/span><span data-preserver-spaces=\"true\">Noradrenalin<\/span><span data-preserver-spaces=\"true\">). Nach dieser ersten Phase der Erfahrung verschiebt sich der Effekt dann in Richtung etwas, das sich wie klassisch anf\u00fchlt\u00a0<\/span><span data-preserver-spaces=\"true\">Amphetamin<\/span><span data-preserver-spaces=\"true \">\u00a0Stimulation, die \u00fcber einen l\u00e4ngeren Zeitraum anhalten kann. Gro\u00dfhandel Research Chemical Powders \u2013 4-Fluoroamphetamine online kaufen<\/span><\/p>\n<p><strong><span data-preserver-spaces=\"true\">Verwenden Sie 4-FA nicht, wenn Sie in der Vergangenheit Herzprobleme hatten oder nach der Anwendung starke Kopfschmerzen haben. <\/span><\/strong><span data-preserver-spaces=\"true\">\u00a0Wir wurden auf einen Bericht des Trimbos-Instituts und des Nationaal Vergiftigingen Informatie Centrum (NVIC) aufmerksam gemacht, in dem Vorf\u00e4lle von Schlaganf\u00e4llen nach vermehrter Verwendung von Schlaganf\u00e4llen beschrieben werden 4-FA. Zus\u00e4tzlich zu den \u00fcblichen amphetamin\u00e4hnlichen Wirkungen (Erregung, Angst, Tachykardie, Bluthochdruck, Brustschmerzen u. a.) wurden schwerwiegende kardio- und zerebrovaskul\u00e4re Komplikationen berichtet, einschlie\u00dflich Herzrhythmusst\u00f6rungen (Sinusarrhythmie, ventrikul\u00e4re Extrasystolen (Bigeminie), Leitungsst\u00f6rungen). und akutes Herzversagen. Obwohl ein kausaler Zusammenhang nicht best\u00e4tigt wurde, sollte sofort eine medizinische Untersuchung in einer Notaufnahme durchgef\u00fchrt werden, wenn nach der Anwendung von 4-FA starke Kopfschmerzen und Lateralisation auftreten. Gro\u00dfhandel Research Chemical Powders \u2013 Kaufen Sie 4-Fluoramphetamin online<\/span><\/p>\n<p><strong><em><span data-preserver-spaces=\"true\">Haftungsausschluss:<\/span><\/em> <\/strong><em><span data-preserver-spaces=\"true\">\u00a0Die unten aufgef\u00fchrten Effekte zitieren die\u00a0<\/span><\/em><strong><em><span data-preserver-spaces=\"true\">Subjective Effect Index<\/span><\/em><\/strong><em><span data-preserver-spaces=\"true\">\u00a0(<\/span><\/em><strong><em>SEI<\/em><\/strong><em><span data-preserver-spaces=\"true\">), offene Forschungsliteratur basierend auf anekdotischen Benutzerberichten und das Pers\u00f6nliche Analysen von PsychonautWiki-Mitwirkenden. Daher sollten sie mit einem gesunden Ma\u00df an Skepsis betrachtet werden.<\/span><\/em><\/p>\n<p>4FA-Pulver Uk kaufen, 4FA online kaufen, 4FA-Pulver USA kaufen, 4-FA-Pulver Australien kaufen , 4FA-Pulver online kaufen, 4-FA-Pulver Europa kaufen, 4-FA-Pulver Kanada kaufen, Wo 4-FA kaufen, 4-FA-Pulver zum Verkauf kaufen, 4-FA-Pulver Kanada kaufen, 4-FA-Pulver Gro\u00dfbritannien kaufen, 4-FA-Pulver USA kaufen, 4FA-Pulver Preis online, Qualit\u00e4t 4-FA-Pulver zum Verkauf, 4-FA-Pulver zum Verkauf, 4-FA-Pulver zum Verkauf USA online, 4FA legal,<\/p>\n<div class=\"CCgQ5 vCa9Yd QfkTvb MUxGbd v0nnCb\" role=\" \u00dcberschrift\">4-FA Gro\u00dfhandel Research Chemical Powders \u2013 Kaufen Sie 4-Fluoramphetamin online<\/div>\n<\/div>\n<\/div>\n<\/div>\n<\/div>\n<p>&nbsp;<\/p>\n<\/div>\n<\/div>\n<\/div>\n<\/div>\n<div class=\"verwandte Produkte\">\n<div class=\"container\"><\/div>\n<\/div>\n","protected":false},"excerpt":{"rendered":"<p>M\u00f6chten Sie 4-FA-Pulver online zu einem guten und erschwinglichen Preis kaufen? Mit hochwertiger Qualit\u00e4t (99% Reinheit) haben Sie es hier am besten. Unser Versand und unsere Lieferung f\u00fcr 4-FA-Pulverforschungschemikalien sind 100 % sicher, sicher und diskret. Fair Price ist der weltweit f\u00fchrende Distributor von 4-Fluormethamphetamin und anderen verwandten Produkten.<\/p>\n","protected":false},"featured_media":8083,"comment_status":"open","ping_status":"closed","template":"","meta":{"inline_featured_image":false},"product_brand":[],"product_cat":[264],"product_tag":[],"class_list":{"0":"post-8076","1":"product","2":"type-product","3":"status-publish","4":"has-post-thumbnail","6":"product_cat-forschungschemikalie","8":"first","9":"instock","10":"shipping-taxable","11":"purchasable","12":"product-type-variable","13":"has-default-attributes"},"yoast_head":"<!-- This site is optimized with the Yoast SEO Premium plugin v19.2 (Yoast SEO v27.3) - https:\/\/yoast.com\/product\/yoast-seo-premium-wordpress\/ -->\n<title>Kaufen Sie 4-FA-Pulver online - Everyday Chem Shop<\/title>\n<meta name=\"description\" content=\"Kaufen Sie 4-FA-Pulver online. Wir verkaufen 4-FA-Pulver in bester Qualit\u00e4t online. Kontaktieren Sie uns f\u00fcr weitere Informationen und Preise, um Ihre Bestellung aufzugeben.\" \/>\n<meta name=\"robots\" content=\"index, follow, max-snippet:-1, max-image-preview:large, max-video-preview:-1\" \/>\n<link rel=\"canonical\" href=\"https:\/\/everydaychemshop.com\/de\/product\/4-fa-4-fluoramphetamin-pulver\/\" \/>\n<meta property=\"og:locale\" content=\"en_US\" \/>\n<meta property=\"og:type\" content=\"article\" \/>\n<meta property=\"og:title\" content=\"4-FA (4-Fluoramphetamin) Pulver\" \/>\n<meta property=\"og:description\" content=\"Kaufen Sie 4-FA-Pulver online. Wir verkaufen 4-FA-Pulver in bester Qualit\u00e4t online. Kontaktieren Sie uns f\u00fcr weitere Informationen und Preise, um Ihre Bestellung aufzugeben.\" \/>\n<meta property=\"og:url\" content=\"https:\/\/everydaychemshop.com\/de\/product\/4-fa-4-fluoramphetamin-pulver\/\" \/>\n<meta property=\"og:site_name\" content=\"Everyday Chem Shop\" \/>\n<meta property=\"article:modified_time\" content=\"2023-04-06T06:25:57+00:00\" \/>\n<meta property=\"og:image\" content=\"https:\/\/everydaychemshop.com\/de\/wp-content\/uploads\/sites\/3\/2022\/11\/Buy-4-FA-Powder.jpeg\" \/>\n\t<meta property=\"og:image:width\" content=\"510\" \/>\n\t<meta property=\"og:image:height\" content=\"365\" \/>\n\t<meta property=\"og:image:type\" content=\"image\/jpeg\" \/>\n<meta name=\"twitter:card\" content=\"summary_large_image\" \/>\n<meta name=\"twitter:label1\" content=\"Est. reading time\" \/>\n\t<meta name=\"twitter:data1\" content=\"3 minutes\" \/>\n<script type=\"application\/ld+json\" class=\"yoast-schema-graph\">{\"@context\":\"https:\\\/\\\/schema.org\",\"@graph\":[{\"@type\":\"WebPage\",\"@id\":\"https:\\\/\\\/everydaychemshop.com\\\/de\\\/product\\\/4-fa-4-fluoramphetamin-pulver\\\/\",\"url\":\"https:\\\/\\\/everydaychemshop.com\\\/de\\\/product\\\/4-fa-4-fluoramphetamin-pulver\\\/\",\"name\":\"Kaufen Sie 4-FA-Pulver online - Everyday Chem Shop\",\"isPartOf\":{\"@id\":\"https:\\\/\\\/everydaychemshop.com\\\/de\\\/#website\"},\"primaryImageOfPage\":{\"@id\":\"https:\\\/\\\/everydaychemshop.com\\\/de\\\/product\\\/4-fa-4-fluoramphetamin-pulver\\\/#primaryimage\"},\"image\":{\"@id\":\"https:\\\/\\\/everydaychemshop.com\\\/de\\\/product\\\/4-fa-4-fluoramphetamin-pulver\\\/#primaryimage\"},\"thumbnailUrl\":\"https:\\\/\\\/everydaychemshop.com\\\/de\\\/wp-content\\\/uploads\\\/sites\\\/3\\\/2022\\\/11\\\/Buy-4-FA-Powder.jpeg\",\"datePublished\":\"2022-11-18T21:37:59+00:00\",\"dateModified\":\"2023-04-06T06:25:57+00:00\",\"description\":\"Kaufen Sie 4-FA-Pulver online. Wir verkaufen 4-FA-Pulver in bester Qualit\u00e4t online. Kontaktieren Sie uns f\u00fcr weitere Informationen und Preise, um Ihre Bestellung aufzugeben.\",\"breadcrumb\":{\"@id\":\"https:\\\/\\\/everydaychemshop.com\\\/de\\\/product\\\/4-fa-4-fluoramphetamin-pulver\\\/#breadcrumb\"},\"inLanguage\":\"en-US\",\"potentialAction\":[{\"@type\":\"ReadAction\",\"target\":[\"https:\\\/\\\/everydaychemshop.com\\\/de\\\/product\\\/4-fa-4-fluoramphetamin-pulver\\\/\"]}]},{\"@type\":\"ImageObject\",\"inLanguage\":\"en-US\",\"@id\":\"https:\\\/\\\/everydaychemshop.com\\\/de\\\/product\\\/4-fa-4-fluoramphetamin-pulver\\\/#primaryimage\",\"url\":\"https:\\\/\\\/everydaychemshop.com\\\/de\\\/wp-content\\\/uploads\\\/sites\\\/3\\\/2022\\\/11\\\/Buy-4-FA-Powder.jpeg\",\"contentUrl\":\"https:\\\/\\\/everydaychemshop.com\\\/de\\\/wp-content\\\/uploads\\\/sites\\\/3\\\/2022\\\/11\\\/Buy-4-FA-Powder.jpeg\",\"width\":510,\"height\":365,\"caption\":\"Kaufen Sie 4-FA-Pulver online\"},{\"@type\":\"BreadcrumbList\",\"@id\":\"https:\\\/\\\/everydaychemshop.com\\\/de\\\/product\\\/4-fa-4-fluoramphetamin-pulver\\\/#breadcrumb\",\"itemListElement\":[{\"@type\":\"ListItem\",\"position\":1,\"name\":\"Home\",\"item\":\"https:\\\/\\\/everydaychemshop.com\\\/de\\\/\"},{\"@type\":\"ListItem\",\"position\":2,\"name\":\"Produkte\",\"item\":\"https:\\\/\\\/everydaychemshop.com\\\/de\\\/produkte\\\/\"},{\"@type\":\"ListItem\",\"position\":3,\"name\":\"4-FA (4-Fluoramphetamin) Pulver\"}]},{\"@type\":\"WebSite\",\"@id\":\"https:\\\/\\\/everydaychemshop.com\\\/de\\\/#website\",\"url\":\"https:\\\/\\\/everydaychemshop.com\\\/de\\\/\",\"name\":\"Everyday Chem Shop\",\"description\":\"\",\"potentialAction\":[{\"@type\":\"SearchAction\",\"target\":{\"@type\":\"EntryPoint\",\"urlTemplate\":\"https:\\\/\\\/everydaychemshop.com\\\/de\\\/?s={search_term_string}\"},\"query-input\":{\"@type\":\"PropertyValueSpecification\",\"valueRequired\":true,\"valueName\":\"search_term_string\"}}],\"inLanguage\":\"en-US\"}]}<\/script>\n<!-- \/ Yoast SEO Premium plugin. -->","yoast_head_json":{"title":"Kaufen Sie 4-FA-Pulver online - Everyday Chem Shop","description":"Kaufen Sie 4-FA-Pulver online. Wir verkaufen 4-FA-Pulver in bester Qualit\u00e4t online. Kontaktieren Sie uns f\u00fcr weitere Informationen und Preise, um Ihre Bestellung aufzugeben.","robots":{"index":"index","follow":"follow","max-snippet":"max-snippet:-1","max-image-preview":"max-image-preview:large","max-video-preview":"max-video-preview:-1"},"canonical":"https:\/\/everydaychemshop.com\/de\/product\/4-fa-4-fluoramphetamin-pulver\/","og_locale":"en_US","og_type":"article","og_title":"4-FA (4-Fluoramphetamin) Pulver","og_description":"Kaufen Sie 4-FA-Pulver online. Wir verkaufen 4-FA-Pulver in bester Qualit\u00e4t online. Kontaktieren Sie uns f\u00fcr weitere Informationen und Preise, um Ihre Bestellung aufzugeben.","og_url":"https:\/\/everydaychemshop.com\/de\/product\/4-fa-4-fluoramphetamin-pulver\/","og_site_name":"Everyday Chem Shop","article_modified_time":"2023-04-06T06:25:57+00:00","og_image":[{"width":510,"height":365,"url":"https:\/\/everydaychemshop.com\/de\/wp-content\/uploads\/sites\/3\/2022\/11\/Buy-4-FA-Powder.jpeg","type":"image\/jpeg"}],"twitter_card":"summary_large_image","twitter_misc":{"Est. reading time":"3 minutes"},"schema":{"@context":"https:\/\/schema.org","@graph":[{"@type":"WebPage","@id":"https:\/\/everydaychemshop.com\/de\/product\/4-fa-4-fluoramphetamin-pulver\/","url":"https:\/\/everydaychemshop.com\/de\/product\/4-fa-4-fluoramphetamin-pulver\/","name":"Kaufen Sie 4-FA-Pulver online - Everyday Chem Shop","isPartOf":{"@id":"https:\/\/everydaychemshop.com\/de\/#website"},"primaryImageOfPage":{"@id":"https:\/\/everydaychemshop.com\/de\/product\/4-fa-4-fluoramphetamin-pulver\/#primaryimage"},"image":{"@id":"https:\/\/everydaychemshop.com\/de\/product\/4-fa-4-fluoramphetamin-pulver\/#primaryimage"},"thumbnailUrl":"https:\/\/everydaychemshop.com\/de\/wp-content\/uploads\/sites\/3\/2022\/11\/Buy-4-FA-Powder.jpeg","datePublished":"2022-11-18T21:37:59+00:00","dateModified":"2023-04-06T06:25:57+00:00","description":"Kaufen Sie 4-FA-Pulver online. Wir verkaufen 4-FA-Pulver in bester Qualit\u00e4t online. Kontaktieren Sie uns f\u00fcr weitere Informationen und Preise, um Ihre Bestellung aufzugeben.","breadcrumb":{"@id":"https:\/\/everydaychemshop.com\/de\/product\/4-fa-4-fluoramphetamin-pulver\/#breadcrumb"},"inLanguage":"en-US","potentialAction":[{"@type":"ReadAction","target":["https:\/\/everydaychemshop.com\/de\/product\/4-fa-4-fluoramphetamin-pulver\/"]}]},{"@type":"ImageObject","inLanguage":"en-US","@id":"https:\/\/everydaychemshop.com\/de\/product\/4-fa-4-fluoramphetamin-pulver\/#primaryimage","url":"https:\/\/everydaychemshop.com\/de\/wp-content\/uploads\/sites\/3\/2022\/11\/Buy-4-FA-Powder.jpeg","contentUrl":"https:\/\/everydaychemshop.com\/de\/wp-content\/uploads\/sites\/3\/2022\/11\/Buy-4-FA-Powder.jpeg","width":510,"height":365,"caption":"Kaufen Sie 4-FA-Pulver online"},{"@type":"BreadcrumbList","@id":"https:\/\/everydaychemshop.com\/de\/product\/4-fa-4-fluoramphetamin-pulver\/#breadcrumb","itemListElement":[{"@type":"ListItem","position":1,"name":"Home","item":"https:\/\/everydaychemshop.com\/de\/"},{"@type":"ListItem","position":2,"name":"Produkte","item":"https:\/\/everydaychemshop.com\/de\/produkte\/"},{"@type":"ListItem","position":3,"name":"4-FA (4-Fluoramphetamin) Pulver"}]},{"@type":"WebSite","@id":"https:\/\/everydaychemshop.com\/de\/#website","url":"https:\/\/everydaychemshop.com\/de\/","name":"Everyday Chem Shop","description":"","potentialAction":[{"@type":"SearchAction","target":{"@type":"EntryPoint","urlTemplate":"https:\/\/everydaychemshop.com\/de\/?s={search_term_string}"},"query-input":{"@type":"PropertyValueSpecification","valueRequired":true,"valueName":"search_term_string"}}],"inLanguage":"en-US"}]}},"_links":{"self":[{"href":"https:\/\/everydaychemshop.com\/de\/wp-json\/wp\/v2\/product\/8076","targetHints":{"allow":["GET"]}}],"collection":[{"href":"https:\/\/everydaychemshop.com\/de\/wp-json\/wp\/v2\/product"}],"about":[{"href":"https:\/\/everydaychemshop.com\/de\/wp-json\/wp\/v2\/types\/product"}],"replies":[{"embeddable":true,"href":"https:\/\/everydaychemshop.com\/de\/wp-json\/wp\/v2\/comments?post=8076"}],"wp:featuredmedia":[{"embeddable":true,"href":"https:\/\/everydaychemshop.com\/de\/wp-json\/wp\/v2\/media\/8083"}],"wp:attachment":[{"href":"https:\/\/everydaychemshop.com\/de\/wp-json\/wp\/v2\/media?parent=8076"}],"wp:term":[{"taxonomy":"product_brand","embeddable":true,"href":"https:\/\/everydaychemshop.com\/de\/wp-json\/wp\/v2\/product_brand?post=8076"},{"taxonomy":"product_cat","embeddable":true,"href":"https:\/\/everydaychemshop.com\/de\/wp-json\/wp\/v2\/product_cat?post=8076"},{"taxonomy":"product_tag","embeddable":true,"href":"https:\/\/everydaychemshop.com\/de\/wp-json\/wp\/v2\/product_tag?post=8076"}],"curies":[{"name":"wp","href":"https:\/\/api.w.org\/{rel}","templated":true}]}}