{"id":8110,"date":"2022-11-19T08:07:54","date_gmt":"2022-11-19T08:07:54","guid":{"rendered":"https:\/\/everydaychemshop.com\/de\/?post_type=product&#038;p=8110"},"modified":"2025-11-23T14:41:36","modified_gmt":"2025-11-23T14:41:36","slug":"alpha-pvp","status":"publish","type":"product","link":"https:\/\/everydaychemshop.com\/de\/product\/alpha-pvp\/","title":{"rendered":"Alpha-PVP"},"content":{"rendered":"<h1>Hochwertige Alpha-PVP-Kristalle \u2013 Hochreines \u03b1-Pyrrolidinopentiophenon f\u00fcr die Forschung<\/h1>\n<p><a href=\"https:\/\/everydaychemshop.com\/de\/product\/alpha-pvp\/\">Kaufen Sie Alpha PVP Forschungschemikalie<\/a>. Alpha-PVP kaufen \u2013 die ideale Forschungschemikalie. Entdecken Sie die Wirkungsst\u00e4rke von Alpha-PVP, einem erstklassigen synthetischen Cathinon, das in der Welt der Forschungschemikalien einen hervorragenden Ruf genie\u00dft. Auch bekannt als \u03b1-Pyrrolidinopentiophenon oder A-PVP, geh\u00f6rt diese Designerdroge zur Pyrovaleron-Familie und bietet Forschern einzigartige Einblicke in neue psychoaktive Substanzen (NPS) und deren Wirkung auf Neurotransmittersysteme, insbesondere die Dopamin-Wiederaufnahmehemmung.<\/p>\n<p>Bei Everyday Chem Shop erhalten Sie hochreines Alpha-PVP-Pulver und -Kristalle (Reinheit &gt; 99 %, laborgepr\u00fcft mittels HPLC), ideal f\u00fcr analytische Studien, pharmakologische Experimente und forensische Untersuchungen. Unser Alpha-PVP stammt von vertrauensw\u00fcrdigen Herstellern und wird diskret vakuumversiegelt verpackt geliefert, um Stabilit\u00e4t und die Einhaltung der Versandbestimmungen zu gew\u00e4hrleisten. Ob Sie die Rolle von Alpha-PVP als Forschungschemikalie f\u00fcr Badesalze untersuchen oder es mit Analoga wie MDPV vergleichen \u2013 unser Produkt unterst\u00fctzt fundierte wissenschaftliche Forschung.<\/p>\n<p>Hauptmerkmale unserer Alpha-PVP-Forschungschemikalie:<br \/>\nChemisches Profil: Systematischer Name: 1-Phenyl-2-(pyrrolidin-1-yl)pentan-1-on. Summenformel: C\u2081\u2085H\u2082\u2081NO. Wei\u00dfes, kristallines Pulver, l\u00f6slich in organischen L\u00f6sungsmitteln.<br \/>\nForschungsanwendungen: Ideal f\u00fcr In-vitro-Studien zu stimulierenden Eigenschaften, Verhaltenspharmakologie und Toxizit\u00e4tsprofilen. Wird h\u00e4ufig zur Untersuchung synthetischer Stimulanzien und ihrer Auswirkungen auf das zentrale Nervensystem verwendet.<br \/>\nReinheit &amp; Qualit\u00e4t: 99,9 % rein, frei von Verunreinigungen. Jede Charge enth\u00e4lt ein Analysezertifikat (COA) zur R\u00fcckverfolgbarkeit.<br \/>\nVerf\u00fcgbare Mengen: 1 g, 5 g, 10 g, 25 g, 50 g, 100 g \u2013 Mengenrabatte f\u00fcr gr\u00f6\u00dfere Bestellungen.<br \/>\nLagerungshinweise: K\u00fchl, trocken und lichtgesch\u00fctzt lagern. Nicht f\u00fcr den menschlichen oder tier\u00e4rztlichen Verzehr \u2013 ausschlie\u00dflich f\u00fcr Laborzwecke.<\/p>\n<p>Warum sollten Sie Alpha PVP bei uns online kaufen? Wir legen Wert auf Diskretion und bieten weltweiten Versand mit sicheren Methoden (Lieferung in 3 Tagen). Unser Alpha PVP in Forschungsqualit\u00e4t ist preisg\u00fcnstig ab 50 $\/g erh\u00e4ltlich. Stammkunden profitieren von Treuepr\u00e4mien. Schlie\u00dfen Sie sich Tausenden zufriedener Kunden an, die ihre Forschung mit unserem zuverl\u00e4ssigen synthetischen Cathinon Alpha PVP vorangebracht haben.<\/p>\n<p>Sicherheitshinweis: Bitte tragen Sie geeignete Schutzausr\u00fcstung. Beachten Sie die lokalen Bestimmungen, da Alpha PVP in vielen L\u00e4ndern kontrolliert wird. Weitere Informationen zu Forschungschemikalien finden Sie in unserem Katalog mit Pyrovaleron-Analoga und NPS.<\/p>\n<p>Bereit f\u00fcr neue Experimente? Jetzt in den Warenkorb legen und den Unterschied von Everyday Chem Shop erleben.<\/p>\n<p>Laborgepr\u00fcft. Diskrete Verpackung. Schneller weltweiter Versand.<\/p>\n<p>Nutzen Sie unsere Online-Lieferdienste.<\/p>\n","protected":false},"excerpt":{"rendered":"<p>auf der Suche nach billigem A-pvp, kaufen Sie Alpha-Pyrrolidinopentiophenon zum Verkauf in Gro\u00dfbritannien, Europa in unserem Shop bestglobalemeds.com mit schnellem weltweiten Versand! Die besten A-PvP zum Bestellen findest du hier! <em>\u03b1<\/em>\u2013<em>PVP<\/em>(vollst\u00e4ndiger Name ist:<em>\u03b1<\/em>\u2013<em>Pyrrolidinopentiophenon<\/em>), auch bekannt als\u00a0<em>alpha<\/em>-Pyrrolidinovalerophenon, A-<em>PVP<\/em>,\u00a0<em>alpha<\/em>\u2013<em>PVP<\/em>,<\/p>\n<p><strong>Was ist a-PVP?<\/strong><br \/>\nA-PVP, \u03b1-Pyrrolidinopentiophenon (alpha-Pyrrolidinovalerophenon, \u03b1-PVP, alpha-PVP, O-2387, \u03b2-Keton-Prolintan) ist eine stimulierende Verbindung, die in den 1960er Jahren entwickelt wurde und mit Pyrovaleron verwandt ist ist das Keton-Analogon von Prolintan.<\/p>\n","protected":false},"featured_media":8123,"comment_status":"open","ping_status":"closed","template":"","meta":{"inline_featured_image":false},"product_brand":[],"product_cat":[264],"product_tag":[],"class_list":{"0":"post-8110","1":"product","2":"type-product","3":"status-publish","4":"has-post-thumbnail","6":"product_cat-forschungschemikalie","8":"first","9":"instock","10":"shipping-taxable","11":"purchasable","12":"product-type-variable","13":"has-default-attributes"},"yoast_head":"<!-- This site is optimized with the Yoast SEO Premium plugin v19.2 (Yoast SEO v27.3) - https:\/\/yoast.com\/product\/yoast-seo-premium-wordpress\/ -->\n<title>Kaufen Sie Alpha PVP Forschungschemikalie - Everyday Chem Shop<\/title>\n<meta name=\"description\" content=\"Kaufen Sie hochreines Alpha-PVP (Forschungschemikalie) online. Premium-\u03b1-Pyrrolidinopentiophenon-Kristalle f\u00fcr Laborzwecke \u2013 schneller, diskreter Versand weltweit. Entdecken Sie synthetische Cathinone im Everyday Chem Shop.\" \/>\n<meta name=\"robots\" content=\"index, follow, max-snippet:-1, max-image-preview:large, max-video-preview:-1\" \/>\n<link rel=\"canonical\" href=\"https:\/\/everydaychemshop.com\/de\/product\/alpha-pvp\/\" \/>\n<meta property=\"og:locale\" content=\"en_US\" \/>\n<meta property=\"og:type\" content=\"article\" \/>\n<meta property=\"og:title\" content=\"Alpha-PVP\" \/>\n<meta property=\"og:description\" content=\"Kaufen Sie hochreines Alpha-PVP (Forschungschemikalie) online. Premium-\u03b1-Pyrrolidinopentiophenon-Kristalle f\u00fcr Laborzwecke \u2013 schneller, diskreter Versand weltweit. Entdecken Sie synthetische Cathinone im Everyday Chem Shop.\" \/>\n<meta property=\"og:url\" content=\"https:\/\/everydaychemshop.com\/de\/product\/alpha-pvp\/\" \/>\n<meta property=\"og:site_name\" content=\"Everyday Chem Shop\" \/>\n<meta property=\"article:modified_time\" content=\"2025-11-23T14:41:36+00:00\" \/>\n<meta property=\"og:image\" content=\"https:\/\/everydaychemshop.com\/de\/wp-content\/uploads\/sites\/3\/2022\/11\/Buy-alpha-pvp.jpg\" \/>\n\t<meta property=\"og:image:width\" content=\"458\" \/>\n\t<meta property=\"og:image:height\" content=\"458\" \/>\n\t<meta property=\"og:image:type\" content=\"image\/jpeg\" \/>\n<meta name=\"twitter:card\" content=\"summary_large_image\" \/>\n<meta name=\"twitter:label1\" content=\"Est. reading time\" \/>\n\t<meta name=\"twitter:data1\" content=\"2 minutes\" \/>\n<script type=\"application\/ld+json\" class=\"yoast-schema-graph\">{\"@context\":\"https:\\\/\\\/schema.org\",\"@graph\":[{\"@type\":\"WebPage\",\"@id\":\"https:\\\/\\\/everydaychemshop.com\\\/de\\\/product\\\/alpha-pvp\\\/\",\"url\":\"https:\\\/\\\/everydaychemshop.com\\\/de\\\/product\\\/alpha-pvp\\\/\",\"name\":\"Kaufen Sie Alpha PVP Forschungschemikalie - Everyday Chem Shop\",\"isPartOf\":{\"@id\":\"https:\\\/\\\/everydaychemshop.com\\\/de\\\/#website\"},\"primaryImageOfPage\":{\"@id\":\"https:\\\/\\\/everydaychemshop.com\\\/de\\\/product\\\/alpha-pvp\\\/#primaryimage\"},\"image\":{\"@id\":\"https:\\\/\\\/everydaychemshop.com\\\/de\\\/product\\\/alpha-pvp\\\/#primaryimage\"},\"thumbnailUrl\":\"https:\\\/\\\/everydaychemshop.com\\\/de\\\/wp-content\\\/uploads\\\/sites\\\/3\\\/2022\\\/11\\\/Buy-alpha-pvp.jpg\",\"datePublished\":\"2022-11-19T08:07:54+00:00\",\"dateModified\":\"2025-11-23T14:41:36+00:00\",\"description\":\"Kaufen Sie hochreines Alpha-PVP (Forschungschemikalie) online. Premium-\u03b1-Pyrrolidinopentiophenon-Kristalle f\u00fcr Laborzwecke \u2013 schneller, diskreter Versand weltweit. Entdecken Sie synthetische Cathinone im Everyday Chem Shop.\",\"breadcrumb\":{\"@id\":\"https:\\\/\\\/everydaychemshop.com\\\/de\\\/product\\\/alpha-pvp\\\/#breadcrumb\"},\"inLanguage\":\"en-US\",\"potentialAction\":[{\"@type\":\"ReadAction\",\"target\":[\"https:\\\/\\\/everydaychemshop.com\\\/de\\\/product\\\/alpha-pvp\\\/\"]}]},{\"@type\":\"ImageObject\",\"inLanguage\":\"en-US\",\"@id\":\"https:\\\/\\\/everydaychemshop.com\\\/de\\\/product\\\/alpha-pvp\\\/#primaryimage\",\"url\":\"https:\\\/\\\/everydaychemshop.com\\\/de\\\/wp-content\\\/uploads\\\/sites\\\/3\\\/2022\\\/11\\\/Buy-alpha-pvp.jpg\",\"contentUrl\":\"https:\\\/\\\/everydaychemshop.com\\\/de\\\/wp-content\\\/uploads\\\/sites\\\/3\\\/2022\\\/11\\\/Buy-alpha-pvp.jpg\",\"width\":458,\"height\":458,\"caption\":\"Kaufen Sie Alpha PVP Forschungschemikalie\"},{\"@type\":\"BreadcrumbList\",\"@id\":\"https:\\\/\\\/everydaychemshop.com\\\/de\\\/product\\\/alpha-pvp\\\/#breadcrumb\",\"itemListElement\":[{\"@type\":\"ListItem\",\"position\":1,\"name\":\"Home\",\"item\":\"https:\\\/\\\/everydaychemshop.com\\\/de\\\/\"},{\"@type\":\"ListItem\",\"position\":2,\"name\":\"Produkte\",\"item\":\"https:\\\/\\\/everydaychemshop.com\\\/de\\\/produkte\\\/\"},{\"@type\":\"ListItem\",\"position\":3,\"name\":\"Alpha-PVP\"}]},{\"@type\":\"WebSite\",\"@id\":\"https:\\\/\\\/everydaychemshop.com\\\/de\\\/#website\",\"url\":\"https:\\\/\\\/everydaychemshop.com\\\/de\\\/\",\"name\":\"Everyday Chem Shop\",\"description\":\"\",\"potentialAction\":[{\"@type\":\"SearchAction\",\"target\":{\"@type\":\"EntryPoint\",\"urlTemplate\":\"https:\\\/\\\/everydaychemshop.com\\\/de\\\/?s={search_term_string}\"},\"query-input\":{\"@type\":\"PropertyValueSpecification\",\"valueRequired\":true,\"valueName\":\"search_term_string\"}}],\"inLanguage\":\"en-US\"}]}<\/script>\n<!-- \/ Yoast SEO Premium plugin. -->","yoast_head_json":{"title":"Kaufen Sie Alpha PVP Forschungschemikalie - Everyday Chem Shop","description":"Kaufen Sie hochreines Alpha-PVP (Forschungschemikalie) online. Premium-\u03b1-Pyrrolidinopentiophenon-Kristalle f\u00fcr Laborzwecke \u2013 schneller, diskreter Versand weltweit. Entdecken Sie synthetische Cathinone im Everyday Chem Shop.","robots":{"index":"index","follow":"follow","max-snippet":"max-snippet:-1","max-image-preview":"max-image-preview:large","max-video-preview":"max-video-preview:-1"},"canonical":"https:\/\/everydaychemshop.com\/de\/product\/alpha-pvp\/","og_locale":"en_US","og_type":"article","og_title":"Alpha-PVP","og_description":"Kaufen Sie hochreines Alpha-PVP (Forschungschemikalie) online. Premium-\u03b1-Pyrrolidinopentiophenon-Kristalle f\u00fcr Laborzwecke \u2013 schneller, diskreter Versand weltweit. Entdecken Sie synthetische Cathinone im Everyday Chem Shop.","og_url":"https:\/\/everydaychemshop.com\/de\/product\/alpha-pvp\/","og_site_name":"Everyday Chem Shop","article_modified_time":"2025-11-23T14:41:36+00:00","og_image":[{"width":458,"height":458,"url":"https:\/\/everydaychemshop.com\/de\/wp-content\/uploads\/sites\/3\/2022\/11\/Buy-alpha-pvp.jpg","type":"image\/jpeg"}],"twitter_card":"summary_large_image","twitter_misc":{"Est. reading time":"2 minutes"},"schema":{"@context":"https:\/\/schema.org","@graph":[{"@type":"WebPage","@id":"https:\/\/everydaychemshop.com\/de\/product\/alpha-pvp\/","url":"https:\/\/everydaychemshop.com\/de\/product\/alpha-pvp\/","name":"Kaufen Sie Alpha PVP Forschungschemikalie - Everyday Chem Shop","isPartOf":{"@id":"https:\/\/everydaychemshop.com\/de\/#website"},"primaryImageOfPage":{"@id":"https:\/\/everydaychemshop.com\/de\/product\/alpha-pvp\/#primaryimage"},"image":{"@id":"https:\/\/everydaychemshop.com\/de\/product\/alpha-pvp\/#primaryimage"},"thumbnailUrl":"https:\/\/everydaychemshop.com\/de\/wp-content\/uploads\/sites\/3\/2022\/11\/Buy-alpha-pvp.jpg","datePublished":"2022-11-19T08:07:54+00:00","dateModified":"2025-11-23T14:41:36+00:00","description":"Kaufen Sie hochreines Alpha-PVP (Forschungschemikalie) online. Premium-\u03b1-Pyrrolidinopentiophenon-Kristalle f\u00fcr Laborzwecke \u2013 schneller, diskreter Versand weltweit. Entdecken Sie synthetische Cathinone im Everyday Chem Shop.","breadcrumb":{"@id":"https:\/\/everydaychemshop.com\/de\/product\/alpha-pvp\/#breadcrumb"},"inLanguage":"en-US","potentialAction":[{"@type":"ReadAction","target":["https:\/\/everydaychemshop.com\/de\/product\/alpha-pvp\/"]}]},{"@type":"ImageObject","inLanguage":"en-US","@id":"https:\/\/everydaychemshop.com\/de\/product\/alpha-pvp\/#primaryimage","url":"https:\/\/everydaychemshop.com\/de\/wp-content\/uploads\/sites\/3\/2022\/11\/Buy-alpha-pvp.jpg","contentUrl":"https:\/\/everydaychemshop.com\/de\/wp-content\/uploads\/sites\/3\/2022\/11\/Buy-alpha-pvp.jpg","width":458,"height":458,"caption":"Kaufen Sie Alpha PVP Forschungschemikalie"},{"@type":"BreadcrumbList","@id":"https:\/\/everydaychemshop.com\/de\/product\/alpha-pvp\/#breadcrumb","itemListElement":[{"@type":"ListItem","position":1,"name":"Home","item":"https:\/\/everydaychemshop.com\/de\/"},{"@type":"ListItem","position":2,"name":"Produkte","item":"https:\/\/everydaychemshop.com\/de\/produkte\/"},{"@type":"ListItem","position":3,"name":"Alpha-PVP"}]},{"@type":"WebSite","@id":"https:\/\/everydaychemshop.com\/de\/#website","url":"https:\/\/everydaychemshop.com\/de\/","name":"Everyday Chem Shop","description":"","potentialAction":[{"@type":"SearchAction","target":{"@type":"EntryPoint","urlTemplate":"https:\/\/everydaychemshop.com\/de\/?s={search_term_string}"},"query-input":{"@type":"PropertyValueSpecification","valueRequired":true,"valueName":"search_term_string"}}],"inLanguage":"en-US"}]}},"_links":{"self":[{"href":"https:\/\/everydaychemshop.com\/de\/wp-json\/wp\/v2\/product\/8110","targetHints":{"allow":["GET"]}}],"collection":[{"href":"https:\/\/everydaychemshop.com\/de\/wp-json\/wp\/v2\/product"}],"about":[{"href":"https:\/\/everydaychemshop.com\/de\/wp-json\/wp\/v2\/types\/product"}],"replies":[{"embeddable":true,"href":"https:\/\/everydaychemshop.com\/de\/wp-json\/wp\/v2\/comments?post=8110"}],"wp:featuredmedia":[{"embeddable":true,"href":"https:\/\/everydaychemshop.com\/de\/wp-json\/wp\/v2\/media\/8123"}],"wp:attachment":[{"href":"https:\/\/everydaychemshop.com\/de\/wp-json\/wp\/v2\/media?parent=8110"}],"wp:term":[{"taxonomy":"product_brand","embeddable":true,"href":"https:\/\/everydaychemshop.com\/de\/wp-json\/wp\/v2\/product_brand?post=8110"},{"taxonomy":"product_cat","embeddable":true,"href":"https:\/\/everydaychemshop.com\/de\/wp-json\/wp\/v2\/product_cat?post=8110"},{"taxonomy":"product_tag","embeddable":true,"href":"https:\/\/everydaychemshop.com\/de\/wp-json\/wp\/v2\/product_tag?post=8110"}],"curies":[{"name":"wp","href":"https:\/\/api.w.org\/{rel}","templated":true}]}}