{"id":8134,"date":"2022-11-19T08:42:23","date_gmt":"2022-11-19T08:42:23","guid":{"rendered":"https:\/\/everydaychemshop.com\/de\/?post_type=product&#038;p=8134"},"modified":"2023-04-06T06:15:44","modified_gmt":"2023-04-06T06:15:44","slug":"bk-ethyl-k-kristalle","status":"publish","type":"product","link":"https:\/\/everydaychemshop.com\/de\/product\/bk-ethyl-k-kristalle\/","title":{"rendered":"BK-ETHYL-K-Kristalle"},"content":{"rendered":"<h1>BK-ETHYL-K Kristalle online kaufen<\/h1>\n<p><a href=\"https:\/\/everydaychemshop.com\/de\/product\/bk-ethyl-k-kristalle\/\">BK-ETHYL-K Kristalle online kaufen<\/a>. Kaufen Sie Bk-Ethyl-K online zum Verkauf<i>. <\/i>Buy Wholesale bk -Ethyl-K Chemical Online<b><i>. N<\/i>-Ethylpentylone<\/b>\u00a0(<b>\u03b2-keto-ethylbenzodioxolylpentanamine<\/b>,\u00a0<b>\u03b2k-ethyl-K<\/b>,\u00a0<b>\u03b2k-EBDP<\/b>,\u00a0<b>Ephylon<\/b>) ist ein\u00a0substituiertes Cathinon\u00a0und\u00a0Stimulans Medikament, das in den 1960er Jahren entwickelt wurde. Es wurde als Roman gemeldet\u00a0Designerdroge in mehreren L\u00e4ndern, darunter Gro\u00dfbritannien, S\u00fcdafrika, Neuseeland, die Vereinigten <a href=\"https:\/\/psychonautwiki.org\/wiki\/Ephylone\">Staaten<\/a>, <sup id=\"cite_ref-Thirakul_2017_6-0\" class=\"reference\"><\/sup>und Australien.Im Jahr 2018 war <i>N<\/i>-Ethylpentylon die h\u00e4ufigste Droge der Cathinon-Klasse, die in\u00a0Drug Enforcement Administration\u00a0Anf\u00e4lle.<\/p>\n<p>Kaufen Sie bk-Ethyl-K-Chemikalien im Gro\u00dfhandel, Bk-Ethyl-K-Kristalle zum Verkauf<\/p>\n","protected":false},"excerpt":{"rendered":"<p>auf der Suche nach g\u00fcnstigen bk-Ethyl-K-Kristallen zum Verkauf in Gro\u00dfbritannien und Europa in unserem fairpricemedical.com-Shop mit schnellem weltweiten Versand! Die besten bk-Ethyl-K Kristalle zum Bestellen finden Sie hier!<\/p>\n<p>Kaufen Sie Gro\u00dfhandel bk-Ethyl-K Chemical Online. g\u00fcnstige Forschungschemikalien in bester Reinheit.<\/p>\n","protected":false},"featured_media":8139,"comment_status":"open","ping_status":"closed","template":"","meta":{"inline_featured_image":false},"product_brand":[],"product_cat":[264],"product_tag":[],"class_list":{"0":"post-8134","1":"product","2":"type-product","3":"status-publish","4":"has-post-thumbnail","6":"product_cat-forschungschemikalie","8":"first","9":"instock","10":"shipping-taxable","11":"purchasable","12":"product-type-variable","13":"has-default-attributes"},"yoast_head":"<!-- This site is optimized with the Yoast SEO Premium plugin v19.2 (Yoast SEO v27.3) - https:\/\/yoast.com\/product\/yoast-seo-premium-wordpress\/ -->\n<title>BK-ETHYL-K Kristalle online kaufen - Everyday Chem Shop<\/title>\n<meta name=\"description\" content=\"BK-ETHYL-K Kristalle online kaufen. Wir verkaufen BK-ETHYL-K-Kristalle in bester Qualit\u00e4t online. Bitte kontaktieren Sie f\u00fcr weitere Informationen und Preise.\" \/>\n<meta name=\"robots\" content=\"index, follow, max-snippet:-1, max-image-preview:large, max-video-preview:-1\" \/>\n<link rel=\"canonical\" href=\"https:\/\/everydaychemshop.com\/de\/product\/bk-ethyl-k-kristalle\/\" \/>\n<meta property=\"og:locale\" content=\"en_US\" \/>\n<meta property=\"og:type\" content=\"article\" \/>\n<meta property=\"og:title\" content=\"BK-ETHYL-K-Kristalle\" \/>\n<meta property=\"og:description\" content=\"BK-ETHYL-K Kristalle online kaufen. Wir verkaufen BK-ETHYL-K-Kristalle in bester Qualit\u00e4t online. Bitte kontaktieren Sie f\u00fcr weitere Informationen und Preise.\" \/>\n<meta property=\"og:url\" content=\"https:\/\/everydaychemshop.com\/de\/product\/bk-ethyl-k-kristalle\/\" \/>\n<meta property=\"og:site_name\" content=\"Everyday Chem Shop\" \/>\n<meta property=\"article:modified_time\" content=\"2023-04-06T06:15:44+00:00\" \/>\n<meta property=\"og:image\" content=\"https:\/\/everydaychemshop.com\/de\/wp-content\/uploads\/sites\/3\/2022\/11\/Buy-bk-Ethyl-K-Crystals.jpg\" \/>\n\t<meta property=\"og:image:width\" content=\"600\" \/>\n\t<meta property=\"og:image:height\" content=\"600\" \/>\n\t<meta property=\"og:image:type\" content=\"image\/jpeg\" \/>\n<meta name=\"twitter:card\" content=\"summary_large_image\" \/>\n<meta name=\"twitter:label1\" content=\"Est. reading time\" \/>\n\t<meta name=\"twitter:data1\" content=\"1 minute\" \/>\n<script type=\"application\/ld+json\" class=\"yoast-schema-graph\">{\"@context\":\"https:\\\/\\\/schema.org\",\"@graph\":[{\"@type\":\"WebPage\",\"@id\":\"https:\\\/\\\/everydaychemshop.com\\\/de\\\/product\\\/bk-ethyl-k-kristalle\\\/\",\"url\":\"https:\\\/\\\/everydaychemshop.com\\\/de\\\/product\\\/bk-ethyl-k-kristalle\\\/\",\"name\":\"BK-ETHYL-K Kristalle online kaufen - Everyday Chem Shop\",\"isPartOf\":{\"@id\":\"https:\\\/\\\/everydaychemshop.com\\\/de\\\/#website\"},\"primaryImageOfPage\":{\"@id\":\"https:\\\/\\\/everydaychemshop.com\\\/de\\\/product\\\/bk-ethyl-k-kristalle\\\/#primaryimage\"},\"image\":{\"@id\":\"https:\\\/\\\/everydaychemshop.com\\\/de\\\/product\\\/bk-ethyl-k-kristalle\\\/#primaryimage\"},\"thumbnailUrl\":\"https:\\\/\\\/everydaychemshop.com\\\/de\\\/wp-content\\\/uploads\\\/sites\\\/3\\\/2022\\\/11\\\/Buy-bk-Ethyl-K-Crystals.jpg\",\"datePublished\":\"2022-11-19T08:42:23+00:00\",\"dateModified\":\"2023-04-06T06:15:44+00:00\",\"description\":\"BK-ETHYL-K Kristalle online kaufen. Wir verkaufen BK-ETHYL-K-Kristalle in bester Qualit\u00e4t online. Bitte kontaktieren Sie f\u00fcr weitere Informationen und Preise.\",\"breadcrumb\":{\"@id\":\"https:\\\/\\\/everydaychemshop.com\\\/de\\\/product\\\/bk-ethyl-k-kristalle\\\/#breadcrumb\"},\"inLanguage\":\"en-US\",\"potentialAction\":[{\"@type\":\"ReadAction\",\"target\":[\"https:\\\/\\\/everydaychemshop.com\\\/de\\\/product\\\/bk-ethyl-k-kristalle\\\/\"]}]},{\"@type\":\"ImageObject\",\"inLanguage\":\"en-US\",\"@id\":\"https:\\\/\\\/everydaychemshop.com\\\/de\\\/product\\\/bk-ethyl-k-kristalle\\\/#primaryimage\",\"url\":\"https:\\\/\\\/everydaychemshop.com\\\/de\\\/wp-content\\\/uploads\\\/sites\\\/3\\\/2022\\\/11\\\/Buy-bk-Ethyl-K-Crystals.jpg\",\"contentUrl\":\"https:\\\/\\\/everydaychemshop.com\\\/de\\\/wp-content\\\/uploads\\\/sites\\\/3\\\/2022\\\/11\\\/Buy-bk-Ethyl-K-Crystals.jpg\",\"width\":600,\"height\":600,\"caption\":\"BK-ETHYL-K Kristalle online kaufen\"},{\"@type\":\"BreadcrumbList\",\"@id\":\"https:\\\/\\\/everydaychemshop.com\\\/de\\\/product\\\/bk-ethyl-k-kristalle\\\/#breadcrumb\",\"itemListElement\":[{\"@type\":\"ListItem\",\"position\":1,\"name\":\"Home\",\"item\":\"https:\\\/\\\/everydaychemshop.com\\\/de\\\/\"},{\"@type\":\"ListItem\",\"position\":2,\"name\":\"Produkte\",\"item\":\"https:\\\/\\\/everydaychemshop.com\\\/de\\\/produkte\\\/\"},{\"@type\":\"ListItem\",\"position\":3,\"name\":\"BK-ETHYL-K-Kristalle\"}]},{\"@type\":\"WebSite\",\"@id\":\"https:\\\/\\\/everydaychemshop.com\\\/de\\\/#website\",\"url\":\"https:\\\/\\\/everydaychemshop.com\\\/de\\\/\",\"name\":\"Everyday Chem Shop\",\"description\":\"\",\"potentialAction\":[{\"@type\":\"SearchAction\",\"target\":{\"@type\":\"EntryPoint\",\"urlTemplate\":\"https:\\\/\\\/everydaychemshop.com\\\/de\\\/?s={search_term_string}\"},\"query-input\":{\"@type\":\"PropertyValueSpecification\",\"valueRequired\":true,\"valueName\":\"search_term_string\"}}],\"inLanguage\":\"en-US\"}]}<\/script>\n<!-- \/ Yoast SEO Premium plugin. -->","yoast_head_json":{"title":"BK-ETHYL-K Kristalle online kaufen - Everyday Chem Shop","description":"BK-ETHYL-K Kristalle online kaufen. Wir verkaufen BK-ETHYL-K-Kristalle in bester Qualit\u00e4t online. Bitte kontaktieren Sie f\u00fcr weitere Informationen und Preise.","robots":{"index":"index","follow":"follow","max-snippet":"max-snippet:-1","max-image-preview":"max-image-preview:large","max-video-preview":"max-video-preview:-1"},"canonical":"https:\/\/everydaychemshop.com\/de\/product\/bk-ethyl-k-kristalle\/","og_locale":"en_US","og_type":"article","og_title":"BK-ETHYL-K-Kristalle","og_description":"BK-ETHYL-K Kristalle online kaufen. Wir verkaufen BK-ETHYL-K-Kristalle in bester Qualit\u00e4t online. Bitte kontaktieren Sie f\u00fcr weitere Informationen und Preise.","og_url":"https:\/\/everydaychemshop.com\/de\/product\/bk-ethyl-k-kristalle\/","og_site_name":"Everyday Chem Shop","article_modified_time":"2023-04-06T06:15:44+00:00","og_image":[{"width":600,"height":600,"url":"https:\/\/everydaychemshop.com\/de\/wp-content\/uploads\/sites\/3\/2022\/11\/Buy-bk-Ethyl-K-Crystals.jpg","type":"image\/jpeg"}],"twitter_card":"summary_large_image","twitter_misc":{"Est. reading time":"1 minute"},"schema":{"@context":"https:\/\/schema.org","@graph":[{"@type":"WebPage","@id":"https:\/\/everydaychemshop.com\/de\/product\/bk-ethyl-k-kristalle\/","url":"https:\/\/everydaychemshop.com\/de\/product\/bk-ethyl-k-kristalle\/","name":"BK-ETHYL-K Kristalle online kaufen - Everyday Chem Shop","isPartOf":{"@id":"https:\/\/everydaychemshop.com\/de\/#website"},"primaryImageOfPage":{"@id":"https:\/\/everydaychemshop.com\/de\/product\/bk-ethyl-k-kristalle\/#primaryimage"},"image":{"@id":"https:\/\/everydaychemshop.com\/de\/product\/bk-ethyl-k-kristalle\/#primaryimage"},"thumbnailUrl":"https:\/\/everydaychemshop.com\/de\/wp-content\/uploads\/sites\/3\/2022\/11\/Buy-bk-Ethyl-K-Crystals.jpg","datePublished":"2022-11-19T08:42:23+00:00","dateModified":"2023-04-06T06:15:44+00:00","description":"BK-ETHYL-K Kristalle online kaufen. Wir verkaufen BK-ETHYL-K-Kristalle in bester Qualit\u00e4t online. Bitte kontaktieren Sie f\u00fcr weitere Informationen und Preise.","breadcrumb":{"@id":"https:\/\/everydaychemshop.com\/de\/product\/bk-ethyl-k-kristalle\/#breadcrumb"},"inLanguage":"en-US","potentialAction":[{"@type":"ReadAction","target":["https:\/\/everydaychemshop.com\/de\/product\/bk-ethyl-k-kristalle\/"]}]},{"@type":"ImageObject","inLanguage":"en-US","@id":"https:\/\/everydaychemshop.com\/de\/product\/bk-ethyl-k-kristalle\/#primaryimage","url":"https:\/\/everydaychemshop.com\/de\/wp-content\/uploads\/sites\/3\/2022\/11\/Buy-bk-Ethyl-K-Crystals.jpg","contentUrl":"https:\/\/everydaychemshop.com\/de\/wp-content\/uploads\/sites\/3\/2022\/11\/Buy-bk-Ethyl-K-Crystals.jpg","width":600,"height":600,"caption":"BK-ETHYL-K Kristalle online kaufen"},{"@type":"BreadcrumbList","@id":"https:\/\/everydaychemshop.com\/de\/product\/bk-ethyl-k-kristalle\/#breadcrumb","itemListElement":[{"@type":"ListItem","position":1,"name":"Home","item":"https:\/\/everydaychemshop.com\/de\/"},{"@type":"ListItem","position":2,"name":"Produkte","item":"https:\/\/everydaychemshop.com\/de\/produkte\/"},{"@type":"ListItem","position":3,"name":"BK-ETHYL-K-Kristalle"}]},{"@type":"WebSite","@id":"https:\/\/everydaychemshop.com\/de\/#website","url":"https:\/\/everydaychemshop.com\/de\/","name":"Everyday Chem Shop","description":"","potentialAction":[{"@type":"SearchAction","target":{"@type":"EntryPoint","urlTemplate":"https:\/\/everydaychemshop.com\/de\/?s={search_term_string}"},"query-input":{"@type":"PropertyValueSpecification","valueRequired":true,"valueName":"search_term_string"}}],"inLanguage":"en-US"}]}},"_links":{"self":[{"href":"https:\/\/everydaychemshop.com\/de\/wp-json\/wp\/v2\/product\/8134","targetHints":{"allow":["GET"]}}],"collection":[{"href":"https:\/\/everydaychemshop.com\/de\/wp-json\/wp\/v2\/product"}],"about":[{"href":"https:\/\/everydaychemshop.com\/de\/wp-json\/wp\/v2\/types\/product"}],"replies":[{"embeddable":true,"href":"https:\/\/everydaychemshop.com\/de\/wp-json\/wp\/v2\/comments?post=8134"}],"wp:featuredmedia":[{"embeddable":true,"href":"https:\/\/everydaychemshop.com\/de\/wp-json\/wp\/v2\/media\/8139"}],"wp:attachment":[{"href":"https:\/\/everydaychemshop.com\/de\/wp-json\/wp\/v2\/media?parent=8134"}],"wp:term":[{"taxonomy":"product_brand","embeddable":true,"href":"https:\/\/everydaychemshop.com\/de\/wp-json\/wp\/v2\/product_brand?post=8134"},{"taxonomy":"product_cat","embeddable":true,"href":"https:\/\/everydaychemshop.com\/de\/wp-json\/wp\/v2\/product_cat?post=8134"},{"taxonomy":"product_tag","embeddable":true,"href":"https:\/\/everydaychemshop.com\/de\/wp-json\/wp\/v2\/product_tag?post=8134"}],"curies":[{"name":"wp","href":"https:\/\/api.w.org\/{rel}","templated":true}]}}