{"id":8140,"date":"2022-11-19T08:53:59","date_gmt":"2022-11-19T08:53:59","guid":{"rendered":"https:\/\/everydaychemshop.com\/de\/?post_type=product&#038;p=8140"},"modified":"2023-04-06T06:13:56","modified_gmt":"2023-04-06T06:13:56","slug":"hdep-28-neues-ethylnaphthidat","status":"publish","type":"product","link":"https:\/\/everydaychemshop.com\/de\/product\/hdep-28-neues-ethylnaphthidat\/","title":{"rendered":"Hdep-28 Neuartiges Ethylnaphthidat"},"content":{"rendered":"<div class=\"container\">\n<div class=\"row main-content-wrap\">\n<div class=\"main-content col-lg-12\">\n<div id=\"primary\" class=\"content-area\">\n<h1>Hdep-28 Kristallpulver online kaufen<\/h1>\n<div id=\"product-1792\" class=\"product type-product post-1792 status-publish first instock product_cat-research-chemicals- und-badesalz hat-post-thumbnail versandsteuerpflichtig k\u00e4uflich produkttyp-variable hat-standard-attribute produkt-layout-default\">\n<div id=\"product-tab\" class=\"woocommerce-tabs woocommerce-tabs- xesk56dt resp-htabs\">\n<div class=\"resp-tabs-container\">\n<div id=\"tab-description\" class=\"tab-content resp-tab-content resp-tab-content-active\" aria-labelledby=\"tab_item-0\">\n<p><a href=\"https:\/\/everydaychemshop.com\/de\/product\/hdep-28-neues-ethylnaphthidat\/\">Hdep-28 Kristallpulver online kaufen<\/a>. Das ist ein entaktogener Energiespender, es wird oft als 3,4-Methylendioxy-N-ethylcathinon vorgeschlagen. Ethylon hat einen Produktivnamen von 1-(1,3-Benzodioxol-5-yl)-2-(ethylamino)-1-propanon. Die subnukleare Formel ist C12H15NO3 mit einer gew\u00f6hnlichen Masse von 221,251999 Da und einer monoisotopischen Masse von 221,104996 Da. Kaufen Sie Ethylen\u00a0in China. Ethylon wertvoller Stein, der gekauft werden <a href=\"https:\/\/en.wikipedia.org\/wiki\/HDEP-28\">kann<\/a>. \u00c4thylen Wertsteine \u200b\u200bkaufen. Ethylon-Lieferant. Ethylon-Abschlag kaufen. Rabatt Ethylone<\/p>\n<p>Die Bewertung von Ethylone wurde von ACD\/Labs und ChemAxon koordiniert. Eigenschaften, die von ACD\/Labs vorhergesehen wurden, demonstrierten 4 #H-Sicherheitsakzeptoren, 4 #Freidrehende Wertpapiere, einen Brechungsrekord bei 1,54 mit einem Oberfl\u00e4chenpressfaktor von 44,3470001220703 dyn\/cm, eine Explosionsmotivation hinter 172,845 \u00b0C und eine Beschr\u00e4nkung von 362,188 \u00b0C bei 760 mmHg.<\/p>\n<p>Dieses Ding ist normal f\u00fcr logische und Forschungsanwendungen.<\/p>\n<p>Dieses Ding wurde entwickelt und versucht, die Standards ISO17025:2005 und Guide 34:2009 zu erf\u00fcllen<\/p>\n<p>Wir sind die beste Vereinigung und haben eine schnelle Beziehung zu verschiedenen Herstellern und Lieferanten auf der ganzen Welt. Wir bieten unseren Kunden einfach erstklassige Dinge in Bewertungsqualit\u00e4t! Etwas grunds\u00e4tzlich das Gleiche, was wir im Gro\u00dfen und Ganzen erwarten, wenn wir Artikel kaufen.<\/p>\n<p>Aus diesem Grund k\u00f6nnen wir die absolut hochwertigsten Dinge zu den ehrlichsten Kosten erhalten und die Qualit\u00e4t zum besten Preis an Sie weitergeben !<\/p>\n<p>Alles, was wir verkaufen, ist von erstklassiger Qualit\u00e4t, wir bitten alle Kunden, ihre Sachen f\u00fcr Pr\u00e4zision und Legitimit\u00e4t zu GC\/MS. Wir f\u00fchren unsere eigenen Tests bei jeder Lieferung durch, um sicherzustellen, dass die Qualit\u00e4t der \u00fcbrig gebliebenen Teile zu 100 % erhalten bleibt, wir uns um unsere Kunden k\u00fcmmern und dass sie definitiv das bekommen, was mit ihrem Kauf vorangetrieben wird.<\/p>\n<p>Unser Gesch\u00e4ft ist begeistert h\u00e4ngt davon ab, dass wir Ihre Anfrage vollst\u00e4ndig bearbeiten, egal was passiert \u2013 auf hilfreiche Weise. Wir lassen niemals ein Problem zweifelhaft und versuchen, Ihnen die besten Rezepte und empfindlichsten Feuerwerke zum besten Preis und mit der heimlichsten Transportm\u00f6glichkeit zu geben! F\u00fcr den Fall, dass es nicht allzu schwierig ist, haben Sie Gewissheit und setzen Sie Ihre Bewerbung mit \u00dcberzeugung ein!<\/p>\n<p>Wir haben uns als \u00e4u\u00dferst stark erwiesen und werden uns an jedem Punkt, an dem die T\u00fcr von Ihnen offen steht, als solche erweisen Bemerkenswert, dass Sie vertrauen k\u00f6nnen und mit denen Sie ohnehin lange Gesch\u00e4fte machen k\u00f6nnen, wenn wir in der N\u00e4he sind! Wir erlauben Ihnen nicht, herunterzukommen.<\/p>\n<p>Wir geben die Begleitnummern, sobald die Gruppe gesendet wurde, mit dem Ziel, dass Sie den Fortschritt Ihres B\u00fcndels verfolgen k\u00f6nnen.<\/p>\n<\/div>\n<\/div>\n<\/div>\n<p>div&gt;<\/p>\n<\/div>\n<\/div>\n<p>&nbsp;<\/p>\n<\/div>\n<\/div>\n<\/div>\n<div class=\"verwandte Produkte\">\n<div class=\"container\"><\/div>\n<\/div>\n","protected":false},"excerpt":{"rendered":"<p>Kaufen Sie hdep-28 Novel Ethylnaphthidate zum Verkauf in Gro\u00dfbritannien, Europa online. IUPAC: Ethyl-2-(naphthalin-2-yl)-2-(piperidin-2-yl)acetat. Bestellen Sie hdep-28 Novel Ethylnaphthidate<\/p>\n<p><em>Kaufen Sie hdep<\/em> \u2013 <em>28 Novel Ethylnaphthidate 1 oz<\/em>\u00a0Ethylnapthidate, das manchmal als\u00a0<em>HDEP<\/em>\u2013<em>28<\/em>\u00a0ist als Ersatz f\u00fcr die verbotene Phenidat-Serie konzipiert.<\/p>\n<p>Ethylnaphthidat ist ein aufregendes neues Produkt, das zum Kauf angeboten wird.<br \/>\nEthylnapthidate, das manchmal als HDEP bezeichnet wird -28 ist als Ersatz f\u00fcr die k\u00fcrzlich verbotene Phenidat-Reihe von Chemikalien konzipiert<br \/>\nKunden, die mit diesem Produkt im Labor arbeiten, k\u00f6nnen erwarten, dass es im Vergleich zu den Phenidaten eine \u00e4hnliche Bandbreite an Wirkungen hervorruft.<br \/>\nWir erwarten Forscher finden HDEP 28 \/ Ethylnaphhidate eine hervorragende Alternative zu Ethylphenidat<br \/>\nIUPAC: Ethyl 2-(naphthalen-2-yl)-2-(piperidin-2-yl)acetat<br \/>\nCAS#: N\/A<br \/>\nMolekulargewicht: 297,40<br \/>\nFormel: C19H23NO2<\/p>\n","protected":false},"featured_media":8143,"comment_status":"open","ping_status":"closed","template":"","meta":{"inline_featured_image":false},"product_brand":[],"product_cat":[264],"product_tag":[],"class_list":{"0":"post-8140","1":"product","2":"type-product","3":"status-publish","4":"has-post-thumbnail","6":"product_cat-forschungschemikalie","8":"first","9":"instock","10":"shipping-taxable","11":"purchasable","12":"product-type-variable","13":"has-default-attributes"},"yoast_head":"<!-- This site is optimized with the Yoast SEO Premium plugin v19.2 (Yoast SEO v27.3) - https:\/\/yoast.com\/product\/yoast-seo-premium-wordpress\/ -->\n<title>Hdep-28 Kristallpulver online kaufen - Everyday Chem Shop<\/title>\n<meta name=\"description\" content=\"Hdep-28 Kristallpulver online kaufen. Wir verkaufen Hdep-28-Kristallpulver in bester Qualit\u00e4t online. Bitte kontaktieren Sie f\u00fcr weitere Informationen und Preise.\" \/>\n<meta name=\"robots\" content=\"index, follow, max-snippet:-1, max-image-preview:large, max-video-preview:-1\" \/>\n<link rel=\"canonical\" href=\"https:\/\/everydaychemshop.com\/de\/product\/hdep-28-neues-ethylnaphthidat\/\" \/>\n<meta property=\"og:locale\" content=\"en_US\" \/>\n<meta property=\"og:type\" content=\"article\" \/>\n<meta property=\"og:title\" content=\"Hdep-28 Neuartiges Ethylnaphthidat\" \/>\n<meta property=\"og:description\" content=\"Hdep-28 Kristallpulver online kaufen. Wir verkaufen Hdep-28-Kristallpulver in bester Qualit\u00e4t online. Bitte kontaktieren Sie f\u00fcr weitere Informationen und Preise.\" \/>\n<meta property=\"og:url\" content=\"https:\/\/everydaychemshop.com\/de\/product\/hdep-28-neues-ethylnaphthidat\/\" \/>\n<meta property=\"og:site_name\" content=\"Everyday Chem Shop\" \/>\n<meta property=\"article:modified_time\" content=\"2023-04-06T06:13:56+00:00\" \/>\n<meta property=\"og:image\" content=\"https:\/\/everydaychemshop.com\/de\/wp-content\/uploads\/sites\/3\/2022\/11\/Buy-hdep-28-Novel-Ethylnaphthidate.jpg\" \/>\n\t<meta property=\"og:image:width\" content=\"600\" \/>\n\t<meta property=\"og:image:height\" content=\"600\" \/>\n\t<meta property=\"og:image:type\" content=\"image\/jpeg\" \/>\n<meta name=\"twitter:card\" content=\"summary_large_image\" \/>\n<meta name=\"twitter:label1\" content=\"Est. reading time\" \/>\n\t<meta name=\"twitter:data1\" content=\"2 minutes\" \/>\n<script type=\"application\/ld+json\" class=\"yoast-schema-graph\">{\"@context\":\"https:\\\/\\\/schema.org\",\"@graph\":[{\"@type\":\"WebPage\",\"@id\":\"https:\\\/\\\/everydaychemshop.com\\\/de\\\/product\\\/hdep-28-neues-ethylnaphthidat\\\/\",\"url\":\"https:\\\/\\\/everydaychemshop.com\\\/de\\\/product\\\/hdep-28-neues-ethylnaphthidat\\\/\",\"name\":\"Hdep-28 Kristallpulver online kaufen - Everyday Chem Shop\",\"isPartOf\":{\"@id\":\"https:\\\/\\\/everydaychemshop.com\\\/de\\\/#website\"},\"primaryImageOfPage\":{\"@id\":\"https:\\\/\\\/everydaychemshop.com\\\/de\\\/product\\\/hdep-28-neues-ethylnaphthidat\\\/#primaryimage\"},\"image\":{\"@id\":\"https:\\\/\\\/everydaychemshop.com\\\/de\\\/product\\\/hdep-28-neues-ethylnaphthidat\\\/#primaryimage\"},\"thumbnailUrl\":\"https:\\\/\\\/everydaychemshop.com\\\/de\\\/wp-content\\\/uploads\\\/sites\\\/3\\\/2022\\\/11\\\/Buy-hdep-28-Novel-Ethylnaphthidate.jpg\",\"datePublished\":\"2022-11-19T08:53:59+00:00\",\"dateModified\":\"2023-04-06T06:13:56+00:00\",\"description\":\"Hdep-28 Kristallpulver online kaufen. Wir verkaufen Hdep-28-Kristallpulver in bester Qualit\u00e4t online. Bitte kontaktieren Sie f\u00fcr weitere Informationen und Preise.\",\"breadcrumb\":{\"@id\":\"https:\\\/\\\/everydaychemshop.com\\\/de\\\/product\\\/hdep-28-neues-ethylnaphthidat\\\/#breadcrumb\"},\"inLanguage\":\"en-US\",\"potentialAction\":[{\"@type\":\"ReadAction\",\"target\":[\"https:\\\/\\\/everydaychemshop.com\\\/de\\\/product\\\/hdep-28-neues-ethylnaphthidat\\\/\"]}]},{\"@type\":\"ImageObject\",\"inLanguage\":\"en-US\",\"@id\":\"https:\\\/\\\/everydaychemshop.com\\\/de\\\/product\\\/hdep-28-neues-ethylnaphthidat\\\/#primaryimage\",\"url\":\"https:\\\/\\\/everydaychemshop.com\\\/de\\\/wp-content\\\/uploads\\\/sites\\\/3\\\/2022\\\/11\\\/Buy-hdep-28-Novel-Ethylnaphthidate.jpg\",\"contentUrl\":\"https:\\\/\\\/everydaychemshop.com\\\/de\\\/wp-content\\\/uploads\\\/sites\\\/3\\\/2022\\\/11\\\/Buy-hdep-28-Novel-Ethylnaphthidate.jpg\",\"width\":600,\"height\":600,\"caption\":\"Hdep-28 Kristallpulver online kaufen\"},{\"@type\":\"BreadcrumbList\",\"@id\":\"https:\\\/\\\/everydaychemshop.com\\\/de\\\/product\\\/hdep-28-neues-ethylnaphthidat\\\/#breadcrumb\",\"itemListElement\":[{\"@type\":\"ListItem\",\"position\":1,\"name\":\"Home\",\"item\":\"https:\\\/\\\/everydaychemshop.com\\\/de\\\/\"},{\"@type\":\"ListItem\",\"position\":2,\"name\":\"Produkte\",\"item\":\"https:\\\/\\\/everydaychemshop.com\\\/de\\\/produkte\\\/\"},{\"@type\":\"ListItem\",\"position\":3,\"name\":\"Hdep-28 Neuartiges Ethylnaphthidat\"}]},{\"@type\":\"WebSite\",\"@id\":\"https:\\\/\\\/everydaychemshop.com\\\/de\\\/#website\",\"url\":\"https:\\\/\\\/everydaychemshop.com\\\/de\\\/\",\"name\":\"Everyday Chem Shop\",\"description\":\"\",\"potentialAction\":[{\"@type\":\"SearchAction\",\"target\":{\"@type\":\"EntryPoint\",\"urlTemplate\":\"https:\\\/\\\/everydaychemshop.com\\\/de\\\/?s={search_term_string}\"},\"query-input\":{\"@type\":\"PropertyValueSpecification\",\"valueRequired\":true,\"valueName\":\"search_term_string\"}}],\"inLanguage\":\"en-US\"}]}<\/script>\n<!-- \/ Yoast SEO Premium plugin. -->","yoast_head_json":{"title":"Hdep-28 Kristallpulver online kaufen - Everyday Chem Shop","description":"Hdep-28 Kristallpulver online kaufen. Wir verkaufen Hdep-28-Kristallpulver in bester Qualit\u00e4t online. Bitte kontaktieren Sie f\u00fcr weitere Informationen und Preise.","robots":{"index":"index","follow":"follow","max-snippet":"max-snippet:-1","max-image-preview":"max-image-preview:large","max-video-preview":"max-video-preview:-1"},"canonical":"https:\/\/everydaychemshop.com\/de\/product\/hdep-28-neues-ethylnaphthidat\/","og_locale":"en_US","og_type":"article","og_title":"Hdep-28 Neuartiges Ethylnaphthidat","og_description":"Hdep-28 Kristallpulver online kaufen. Wir verkaufen Hdep-28-Kristallpulver in bester Qualit\u00e4t online. Bitte kontaktieren Sie f\u00fcr weitere Informationen und Preise.","og_url":"https:\/\/everydaychemshop.com\/de\/product\/hdep-28-neues-ethylnaphthidat\/","og_site_name":"Everyday Chem Shop","article_modified_time":"2023-04-06T06:13:56+00:00","og_image":[{"width":600,"height":600,"url":"https:\/\/everydaychemshop.com\/de\/wp-content\/uploads\/sites\/3\/2022\/11\/Buy-hdep-28-Novel-Ethylnaphthidate.jpg","type":"image\/jpeg"}],"twitter_card":"summary_large_image","twitter_misc":{"Est. reading time":"2 minutes"},"schema":{"@context":"https:\/\/schema.org","@graph":[{"@type":"WebPage","@id":"https:\/\/everydaychemshop.com\/de\/product\/hdep-28-neues-ethylnaphthidat\/","url":"https:\/\/everydaychemshop.com\/de\/product\/hdep-28-neues-ethylnaphthidat\/","name":"Hdep-28 Kristallpulver online kaufen - Everyday Chem Shop","isPartOf":{"@id":"https:\/\/everydaychemshop.com\/de\/#website"},"primaryImageOfPage":{"@id":"https:\/\/everydaychemshop.com\/de\/product\/hdep-28-neues-ethylnaphthidat\/#primaryimage"},"image":{"@id":"https:\/\/everydaychemshop.com\/de\/product\/hdep-28-neues-ethylnaphthidat\/#primaryimage"},"thumbnailUrl":"https:\/\/everydaychemshop.com\/de\/wp-content\/uploads\/sites\/3\/2022\/11\/Buy-hdep-28-Novel-Ethylnaphthidate.jpg","datePublished":"2022-11-19T08:53:59+00:00","dateModified":"2023-04-06T06:13:56+00:00","description":"Hdep-28 Kristallpulver online kaufen. Wir verkaufen Hdep-28-Kristallpulver in bester Qualit\u00e4t online. Bitte kontaktieren Sie f\u00fcr weitere Informationen und Preise.","breadcrumb":{"@id":"https:\/\/everydaychemshop.com\/de\/product\/hdep-28-neues-ethylnaphthidat\/#breadcrumb"},"inLanguage":"en-US","potentialAction":[{"@type":"ReadAction","target":["https:\/\/everydaychemshop.com\/de\/product\/hdep-28-neues-ethylnaphthidat\/"]}]},{"@type":"ImageObject","inLanguage":"en-US","@id":"https:\/\/everydaychemshop.com\/de\/product\/hdep-28-neues-ethylnaphthidat\/#primaryimage","url":"https:\/\/everydaychemshop.com\/de\/wp-content\/uploads\/sites\/3\/2022\/11\/Buy-hdep-28-Novel-Ethylnaphthidate.jpg","contentUrl":"https:\/\/everydaychemshop.com\/de\/wp-content\/uploads\/sites\/3\/2022\/11\/Buy-hdep-28-Novel-Ethylnaphthidate.jpg","width":600,"height":600,"caption":"Hdep-28 Kristallpulver online kaufen"},{"@type":"BreadcrumbList","@id":"https:\/\/everydaychemshop.com\/de\/product\/hdep-28-neues-ethylnaphthidat\/#breadcrumb","itemListElement":[{"@type":"ListItem","position":1,"name":"Home","item":"https:\/\/everydaychemshop.com\/de\/"},{"@type":"ListItem","position":2,"name":"Produkte","item":"https:\/\/everydaychemshop.com\/de\/produkte\/"},{"@type":"ListItem","position":3,"name":"Hdep-28 Neuartiges Ethylnaphthidat"}]},{"@type":"WebSite","@id":"https:\/\/everydaychemshop.com\/de\/#website","url":"https:\/\/everydaychemshop.com\/de\/","name":"Everyday Chem Shop","description":"","potentialAction":[{"@type":"SearchAction","target":{"@type":"EntryPoint","urlTemplate":"https:\/\/everydaychemshop.com\/de\/?s={search_term_string}"},"query-input":{"@type":"PropertyValueSpecification","valueRequired":true,"valueName":"search_term_string"}}],"inLanguage":"en-US"}]}},"_links":{"self":[{"href":"https:\/\/everydaychemshop.com\/de\/wp-json\/wp\/v2\/product\/8140","targetHints":{"allow":["GET"]}}],"collection":[{"href":"https:\/\/everydaychemshop.com\/de\/wp-json\/wp\/v2\/product"}],"about":[{"href":"https:\/\/everydaychemshop.com\/de\/wp-json\/wp\/v2\/types\/product"}],"replies":[{"embeddable":true,"href":"https:\/\/everydaychemshop.com\/de\/wp-json\/wp\/v2\/comments?post=8140"}],"wp:featuredmedia":[{"embeddable":true,"href":"https:\/\/everydaychemshop.com\/de\/wp-json\/wp\/v2\/media\/8143"}],"wp:attachment":[{"href":"https:\/\/everydaychemshop.com\/de\/wp-json\/wp\/v2\/media?parent=8140"}],"wp:term":[{"taxonomy":"product_brand","embeddable":true,"href":"https:\/\/everydaychemshop.com\/de\/wp-json\/wp\/v2\/product_brand?post=8140"},{"taxonomy":"product_cat","embeddable":true,"href":"https:\/\/everydaychemshop.com\/de\/wp-json\/wp\/v2\/product_cat?post=8140"},{"taxonomy":"product_tag","embeddable":true,"href":"https:\/\/everydaychemshop.com\/de\/wp-json\/wp\/v2\/product_tag?post=8140"}],"curies":[{"name":"wp","href":"https:\/\/api.w.org\/{rel}","templated":true}]}}