{"id":8150,"date":"2022-11-19T09:19:03","date_gmt":"2022-11-19T09:19:03","guid":{"rendered":"https:\/\/everydaychemshop.com\/de\/?post_type=product&#038;p=8150"},"modified":"2023-04-06T06:12:33","modified_gmt":"2023-04-06T06:12:33","slug":"jwh-200","status":"publish","type":"product","link":"https:\/\/everydaychemshop.com\/de\/product\/jwh-200\/","title":{"rendered":"JWH-200"},"content":{"rendered":"<h1>JWH-200 Kristall online kaufen<\/h1>\n<p><a href=\"https:\/\/everydaychemshop.com\/de\/product\/jwh-200\/\">JWH-200 Kristall online kaufen<\/a>. JWH-200 (1-pentyl-3-(1-naphthoyl)indol) oder AM-678 ist eine analgetische Chemikalie aus der Familie der Naphthoylindole, die als vollst\u00e4ndiger Agonist sowohl an den CB1- als auch an den CB2-Cannabinoidrezeptoren mit einer gewissen Selektivit\u00e4t f\u00fcr CB2 wirkt. Es erzeugt bei Tieren \u00e4hnliche Wirkungen <a href=\"https:\/\/en.wikipedia.org\/wiki\/JWH-200\">wie<\/a> Tetrahydrocannabinol (THC), ein Cannabinoid, das nat\u00fcrlicherweise in Cannabis vorkommt, was zu seiner Verwendung in synthetischen Cannabisprodukten f\u00fchrt, die in einigen L\u00e4ndern legal als \u201eWeihrauchmischungen\u201c verkauft werden. Kaufen Sie JWH-200 Research Chemicals<\/p>\n<p>Der Metabolismus von JWH-200\u00a0wurde unter Verwendung von Wistar-Ratten bewertet, denen ein ethanolischer Extrakt mit JWH-200 verabreicht worden war. Der Urin wurde 24 Stunden lang gesammelt, gefolgt von der Extraktion von JWH-200-Metaboliten unter Verwendung von Fl\u00fcssig-Fl\u00fcssig-Extraktion und Festphasenextraktion. GC-MS wurde verwendet, um die extrahierten Verbindungen zu trennen und zu identifizieren. JWH-200 und sein N-dealkylierter Metabolit wurden nur in geringen Mengen nachgewiesen, wobei hydroxylierte N-dealkylierte Metaboliten das prim\u00e4re Signal darstellen. Die beobachtete Massenverschiebung zeigt an, dass es wahrscheinlich ist, dass die Hydroxylierung sowohl in den Naphthalin- als auch in den Indolteilen des Molek\u00fcls auftritt. Menschliche Metaboliten waren \u00e4hnlich, obwohl der meiste Metabolismus am Indolring und der Pentylseitenkette stattfand und die hydroxylierten Metaboliten weitgehend mit Glucuronid konjugiert waren.<\/p>\n<h3>Verwendung Kaufen Sie JWH-200 Research Chemicals<\/h3>\n<p>At Mindestens ein Fall von JWH-200-Abh\u00e4ngigkeit wurde von den Medien gemeldet. Der Benutzer konsumierte acht Monate lang t\u00e4glich JWH-018. Die Entzugssymptome waren schwerwiegender als diejenigen, die als Folge einer Cannabisabh\u00e4ngigkeit auftreten. Es hat sich gezeigt, dass JWH-200 nach der Verabreichung tiefgreifende Ver\u00e4nderungen der CB1-Rezeptordichte verursacht. Verursacht eine schnellere Desensibilisierung gegen\u00fcber seinen Wirkungen als verwandte Cannabinoide.<\/p>\n","protected":false},"excerpt":{"rendered":"<p>Kaufen Sie JWH-200 Chemikalienpulver zum Verkauf in Gro\u00dfbritannien, Europa online. (1-(2-Morpholin-4-ylethyl)indol-3-yl)-naphthalin-1-ylmethanon ist ein anderer Name. Kommen Sie und kaufen Sie jetzt!. Wir haben die beste diskrete Verpackungs- und Versandmethode.<\/p>\n","protected":false},"featured_media":8156,"comment_status":"open","ping_status":"closed","template":"","meta":{"inline_featured_image":false},"product_brand":[],"product_cat":[264],"product_tag":[],"class_list":{"0":"post-8150","1":"product","2":"type-product","3":"status-publish","4":"has-post-thumbnail","6":"product_cat-forschungschemikalie","8":"first","9":"instock","10":"shipping-taxable","11":"purchasable","12":"product-type-variable","13":"has-default-attributes"},"yoast_head":"<!-- This site is optimized with the Yoast SEO Premium plugin v19.2 (Yoast SEO v27.3) - https:\/\/yoast.com\/product\/yoast-seo-premium-wordpress\/ -->\n<title>JWH-200 Kristall online kaufen - Everyday Chem Shop<\/title>\n<meta name=\"description\" content=\"JWH-200 Kristall online kaufen. Wir verkaufen JWH-200-Kristalle von bester Qualit\u00e4t online. Bitte kontaktieren Sie f\u00fcr weitere Informationen und Preise f\u00fcr Ihre Bestellung.\" \/>\n<meta name=\"robots\" content=\"index, follow, max-snippet:-1, max-image-preview:large, max-video-preview:-1\" \/>\n<link rel=\"canonical\" href=\"https:\/\/everydaychemshop.com\/de\/product\/jwh-200\/\" \/>\n<meta property=\"og:locale\" content=\"en_US\" \/>\n<meta property=\"og:type\" content=\"article\" \/>\n<meta property=\"og:title\" content=\"JWH-200\" \/>\n<meta property=\"og:description\" content=\"JWH-200 Kristall online kaufen. Wir verkaufen JWH-200-Kristalle von bester Qualit\u00e4t online. Bitte kontaktieren Sie f\u00fcr weitere Informationen und Preise f\u00fcr Ihre Bestellung.\" \/>\n<meta property=\"og:url\" content=\"https:\/\/everydaychemshop.com\/de\/product\/jwh-200\/\" \/>\n<meta property=\"og:site_name\" content=\"Everyday Chem Shop\" \/>\n<meta property=\"article:modified_time\" content=\"2023-04-06T06:12:33+00:00\" \/>\n<meta property=\"og:image\" content=\"https:\/\/everydaychemshop.com\/de\/wp-content\/uploads\/sites\/3\/2022\/11\/Buy-JWH-200-Chemical.jpg\" \/>\n\t<meta property=\"og:image:width\" content=\"458\" \/>\n\t<meta property=\"og:image:height\" content=\"458\" \/>\n\t<meta property=\"og:image:type\" content=\"image\/jpeg\" \/>\n<meta name=\"twitter:card\" content=\"summary_large_image\" \/>\n<meta name=\"twitter:label1\" content=\"Est. reading time\" \/>\n\t<meta name=\"twitter:data1\" content=\"2 minutes\" \/>\n<script type=\"application\/ld+json\" class=\"yoast-schema-graph\">{\"@context\":\"https:\\\/\\\/schema.org\",\"@graph\":[{\"@type\":\"WebPage\",\"@id\":\"https:\\\/\\\/everydaychemshop.com\\\/de\\\/product\\\/jwh-200\\\/\",\"url\":\"https:\\\/\\\/everydaychemshop.com\\\/de\\\/product\\\/jwh-200\\\/\",\"name\":\"JWH-200 Kristall online kaufen - Everyday Chem Shop\",\"isPartOf\":{\"@id\":\"https:\\\/\\\/everydaychemshop.com\\\/de\\\/#website\"},\"primaryImageOfPage\":{\"@id\":\"https:\\\/\\\/everydaychemshop.com\\\/de\\\/product\\\/jwh-200\\\/#primaryimage\"},\"image\":{\"@id\":\"https:\\\/\\\/everydaychemshop.com\\\/de\\\/product\\\/jwh-200\\\/#primaryimage\"},\"thumbnailUrl\":\"https:\\\/\\\/everydaychemshop.com\\\/de\\\/wp-content\\\/uploads\\\/sites\\\/3\\\/2022\\\/11\\\/Buy-JWH-200-Chemical.jpg\",\"datePublished\":\"2022-11-19T09:19:03+00:00\",\"dateModified\":\"2023-04-06T06:12:33+00:00\",\"description\":\"JWH-200 Kristall online kaufen. Wir verkaufen JWH-200-Kristalle von bester Qualit\u00e4t online. Bitte kontaktieren Sie f\u00fcr weitere Informationen und Preise f\u00fcr Ihre Bestellung.\",\"breadcrumb\":{\"@id\":\"https:\\\/\\\/everydaychemshop.com\\\/de\\\/product\\\/jwh-200\\\/#breadcrumb\"},\"inLanguage\":\"en-US\",\"potentialAction\":[{\"@type\":\"ReadAction\",\"target\":[\"https:\\\/\\\/everydaychemshop.com\\\/de\\\/product\\\/jwh-200\\\/\"]}]},{\"@type\":\"ImageObject\",\"inLanguage\":\"en-US\",\"@id\":\"https:\\\/\\\/everydaychemshop.com\\\/de\\\/product\\\/jwh-200\\\/#primaryimage\",\"url\":\"https:\\\/\\\/everydaychemshop.com\\\/de\\\/wp-content\\\/uploads\\\/sites\\\/3\\\/2022\\\/11\\\/Buy-JWH-200-Chemical.jpg\",\"contentUrl\":\"https:\\\/\\\/everydaychemshop.com\\\/de\\\/wp-content\\\/uploads\\\/sites\\\/3\\\/2022\\\/11\\\/Buy-JWH-200-Chemical.jpg\",\"width\":458,\"height\":458,\"caption\":\"JWH-200 Kristall online kaufen\"},{\"@type\":\"BreadcrumbList\",\"@id\":\"https:\\\/\\\/everydaychemshop.com\\\/de\\\/product\\\/jwh-200\\\/#breadcrumb\",\"itemListElement\":[{\"@type\":\"ListItem\",\"position\":1,\"name\":\"Home\",\"item\":\"https:\\\/\\\/everydaychemshop.com\\\/de\\\/\"},{\"@type\":\"ListItem\",\"position\":2,\"name\":\"Produkte\",\"item\":\"https:\\\/\\\/everydaychemshop.com\\\/de\\\/produkte\\\/\"},{\"@type\":\"ListItem\",\"position\":3,\"name\":\"JWH-200\"}]},{\"@type\":\"WebSite\",\"@id\":\"https:\\\/\\\/everydaychemshop.com\\\/de\\\/#website\",\"url\":\"https:\\\/\\\/everydaychemshop.com\\\/de\\\/\",\"name\":\"Everyday Chem Shop\",\"description\":\"\",\"potentialAction\":[{\"@type\":\"SearchAction\",\"target\":{\"@type\":\"EntryPoint\",\"urlTemplate\":\"https:\\\/\\\/everydaychemshop.com\\\/de\\\/?s={search_term_string}\"},\"query-input\":{\"@type\":\"PropertyValueSpecification\",\"valueRequired\":true,\"valueName\":\"search_term_string\"}}],\"inLanguage\":\"en-US\"}]}<\/script>\n<!-- \/ Yoast SEO Premium plugin. -->","yoast_head_json":{"title":"JWH-200 Kristall online kaufen - Everyday Chem Shop","description":"JWH-200 Kristall online kaufen. Wir verkaufen JWH-200-Kristalle von bester Qualit\u00e4t online. Bitte kontaktieren Sie f\u00fcr weitere Informationen und Preise f\u00fcr Ihre Bestellung.","robots":{"index":"index","follow":"follow","max-snippet":"max-snippet:-1","max-image-preview":"max-image-preview:large","max-video-preview":"max-video-preview:-1"},"canonical":"https:\/\/everydaychemshop.com\/de\/product\/jwh-200\/","og_locale":"en_US","og_type":"article","og_title":"JWH-200","og_description":"JWH-200 Kristall online kaufen. Wir verkaufen JWH-200-Kristalle von bester Qualit\u00e4t online. Bitte kontaktieren Sie f\u00fcr weitere Informationen und Preise f\u00fcr Ihre Bestellung.","og_url":"https:\/\/everydaychemshop.com\/de\/product\/jwh-200\/","og_site_name":"Everyday Chem Shop","article_modified_time":"2023-04-06T06:12:33+00:00","og_image":[{"width":458,"height":458,"url":"https:\/\/everydaychemshop.com\/de\/wp-content\/uploads\/sites\/3\/2022\/11\/Buy-JWH-200-Chemical.jpg","type":"image\/jpeg"}],"twitter_card":"summary_large_image","twitter_misc":{"Est. reading time":"2 minutes"},"schema":{"@context":"https:\/\/schema.org","@graph":[{"@type":"WebPage","@id":"https:\/\/everydaychemshop.com\/de\/product\/jwh-200\/","url":"https:\/\/everydaychemshop.com\/de\/product\/jwh-200\/","name":"JWH-200 Kristall online kaufen - Everyday Chem Shop","isPartOf":{"@id":"https:\/\/everydaychemshop.com\/de\/#website"},"primaryImageOfPage":{"@id":"https:\/\/everydaychemshop.com\/de\/product\/jwh-200\/#primaryimage"},"image":{"@id":"https:\/\/everydaychemshop.com\/de\/product\/jwh-200\/#primaryimage"},"thumbnailUrl":"https:\/\/everydaychemshop.com\/de\/wp-content\/uploads\/sites\/3\/2022\/11\/Buy-JWH-200-Chemical.jpg","datePublished":"2022-11-19T09:19:03+00:00","dateModified":"2023-04-06T06:12:33+00:00","description":"JWH-200 Kristall online kaufen. Wir verkaufen JWH-200-Kristalle von bester Qualit\u00e4t online. Bitte kontaktieren Sie f\u00fcr weitere Informationen und Preise f\u00fcr Ihre Bestellung.","breadcrumb":{"@id":"https:\/\/everydaychemshop.com\/de\/product\/jwh-200\/#breadcrumb"},"inLanguage":"en-US","potentialAction":[{"@type":"ReadAction","target":["https:\/\/everydaychemshop.com\/de\/product\/jwh-200\/"]}]},{"@type":"ImageObject","inLanguage":"en-US","@id":"https:\/\/everydaychemshop.com\/de\/product\/jwh-200\/#primaryimage","url":"https:\/\/everydaychemshop.com\/de\/wp-content\/uploads\/sites\/3\/2022\/11\/Buy-JWH-200-Chemical.jpg","contentUrl":"https:\/\/everydaychemshop.com\/de\/wp-content\/uploads\/sites\/3\/2022\/11\/Buy-JWH-200-Chemical.jpg","width":458,"height":458,"caption":"JWH-200 Kristall online kaufen"},{"@type":"BreadcrumbList","@id":"https:\/\/everydaychemshop.com\/de\/product\/jwh-200\/#breadcrumb","itemListElement":[{"@type":"ListItem","position":1,"name":"Home","item":"https:\/\/everydaychemshop.com\/de\/"},{"@type":"ListItem","position":2,"name":"Produkte","item":"https:\/\/everydaychemshop.com\/de\/produkte\/"},{"@type":"ListItem","position":3,"name":"JWH-200"}]},{"@type":"WebSite","@id":"https:\/\/everydaychemshop.com\/de\/#website","url":"https:\/\/everydaychemshop.com\/de\/","name":"Everyday Chem Shop","description":"","potentialAction":[{"@type":"SearchAction","target":{"@type":"EntryPoint","urlTemplate":"https:\/\/everydaychemshop.com\/de\/?s={search_term_string}"},"query-input":{"@type":"PropertyValueSpecification","valueRequired":true,"valueName":"search_term_string"}}],"inLanguage":"en-US"}]}},"_links":{"self":[{"href":"https:\/\/everydaychemshop.com\/de\/wp-json\/wp\/v2\/product\/8150","targetHints":{"allow":["GET"]}}],"collection":[{"href":"https:\/\/everydaychemshop.com\/de\/wp-json\/wp\/v2\/product"}],"about":[{"href":"https:\/\/everydaychemshop.com\/de\/wp-json\/wp\/v2\/types\/product"}],"replies":[{"embeddable":true,"href":"https:\/\/everydaychemshop.com\/de\/wp-json\/wp\/v2\/comments?post=8150"}],"wp:featuredmedia":[{"embeddable":true,"href":"https:\/\/everydaychemshop.com\/de\/wp-json\/wp\/v2\/media\/8156"}],"wp:attachment":[{"href":"https:\/\/everydaychemshop.com\/de\/wp-json\/wp\/v2\/media?parent=8150"}],"wp:term":[{"taxonomy":"product_brand","embeddable":true,"href":"https:\/\/everydaychemshop.com\/de\/wp-json\/wp\/v2\/product_brand?post=8150"},{"taxonomy":"product_cat","embeddable":true,"href":"https:\/\/everydaychemshop.com\/de\/wp-json\/wp\/v2\/product_cat?post=8150"},{"taxonomy":"product_tag","embeddable":true,"href":"https:\/\/everydaychemshop.com\/de\/wp-json\/wp\/v2\/product_tag?post=8150"}],"curies":[{"name":"wp","href":"https:\/\/api.w.org\/{rel}","templated":true}]}}