{"id":8157,"date":"2022-11-19T09:28:30","date_gmt":"2022-11-19T09:28:30","guid":{"rendered":"https:\/\/everydaychemshop.com\/de\/?post_type=product&#038;p=8157"},"modified":"2023-04-06T06:11:21","modified_gmt":"2023-04-06T06:11:21","slug":"jwh-210-chemisches-pulver","status":"publish","type":"product","link":"https:\/\/everydaychemshop.com\/de\/product\/jwh-210-chemisches-pulver\/","title":{"rendered":"JWH-210 Chemisches Pulver"},"content":{"rendered":"<h1>Kaufen Sie chemisches Pulver JWH-210 online<\/h1>\n<p><a href=\"https:\/\/everydaychemshop.com\/de\/product\/jwh-210-chemisches-pulver\/\">Kaufen Sie chemisches Pulver JWH-210 online<\/a>. JWH-210 (JWH-210 ist auch bekannt als (4-Ethylnaphthalin-1-yl-(1-pentylindol-3-yl)methanon). Wirkt als starkes Cannabinoid.<\/p>\n<h2>WH-210-Pulver online<\/h2>\n<p>JWH-210-Pulver online ist eine analgetische Chemikalie aus der Familie der Naphtoylindole, die als starkes\u00a0Cannabinoid-Agonist sowohl am\u00a0CB<sub>1<\/sub>\u00a0und\u00a0CB<sub>2<\/sub>\u00a0Rezeptoren mit K<sub>i<\/sub>\u00a0Werten von 0,46 nM bei CB<sub>1<\/sub>\u00a0und 0,69 nM bei CB<sub>2<\/sub> Es ist eines der wirksamsten 4-substituierten Naphthoyl-Derivate in der Naphthoylindol-Reihe und hat eine h\u00f6here\u00a0 verbindlich zus nit\u00e4t\u00a0(d.\u00a0h. niedrigeres K<sub>i<\/sub>) an CB<sub>1<\/sub>\u00a0als seine beiden 4-Methyl- und 4-<i>n<\/i>-Propyl-Homologen\u00a0JWH-122\u00a0(CB<sub>1<\/sub>\u00a0K<sub>i<\/sub>\u00a00,69 nM) und JWH-182 (CB<sub>1<\/sub>\u00a0K<sub>i<\/sub>\u00a00,65 nM) und dann die 4-Methoxyverbindung\u00a0JWH-081\u00a0(CB<sub>1<\/sub>\u00a0K<sub>i<\/sub>\u00a01,2 nM).<sup id=\"cite_ref- 2\" class=\"reference\"><\/sup>Es wurde von John W. Huffman entdeckt und nach ihm benannt.<\/p>\n<p>Pharmakologische Wirkstoffklasse: JWH-210 ist eine analgetische Chemikalie aus der Familie der Naphthoylindole und<br \/>\nwirkt als potenter Cannabinoid-Agonist sowohl <a href=\"https:\/\/en.wikipedia.org\/wiki\/JWH-210\">an<\/a> den CB1- als auch an den CB2-Rezeptoren. Es hat Ki-Werte von 0,46 nM bei<br \/>\nCB1 und 0,69 nM bei CB2. Von den synthetischen Cannabinoiden der ersten Generation ist es eines der st\u00e4rksten 4 &#8211;<br \/>\nSubstituierte Naphthoylderivate in der Naphthoylindol-Reihe mit einer h\u00f6heren Bindungsaffinit\u00e4t an CB1<br \/>\nals JWH-122, JWH-182 und JWH-081 (1).<\/p>\n<p>Metabolismus: Bekannte Metaboliten von JWH-210 sind JWH-210 N-Pentans\u00e4ure-Metabolit (nachweisbar im<br \/>\nUrin), JWH-210 N-(4-Hydroxypentyl)-Metabolit (nachweisbar in Urin und Serum), JWH-210 N-( 5-<br \/>\nHydroxypentyl)-Metabolit (nachweisbar in Urin und Serum) und JWH-210 5-Hydroxyindol-Metabolit<br \/>\n(nachweisbar in Urin und Serum). Es wurde auch \u00fcber Hydroxylierungen am Naphthoylring berichtet (2).<\/p>\n<p>Wirkungen und Toxizit\u00e4t: Benutzer berichten, dass JWH-210 geraucht werden kann, nachdem es auf ein Pflanzenmaterial gespr\u00fcht wurde,<br \/>\n\u00e4hnlich wie Cannabis. Wirkungen beginnen innerhalb von 2-5 Minuten nach der Injektion. \u00dcber Wirkungen, die ausschlie\u00dflich auf die Einnahme von JWH-210 zur\u00fcckzuf\u00fchren sind, ist wenig bekannt, aber h\u00e4ufige Wirkungen von synthetischen Cannabinoiden sind Stimmungs- und Wahrnehmungsst\u00f6rungen, Panikattacken\/Erregung, Cannabis-\u00e4hnliches High und leichte Halluzinogene (visuell und auditiv).<\/p>\n","protected":false},"excerpt":{"rendered":"<p>Kaufen Sie chemisches Pulver JWH-210 zum Verkauf online in Gro\u00dfbritannien, Europa und der EU. JWH-210 Chemical Powder ist eine analgetische Chemikalie aus der Familie der Naphthoylindole.<\/p>\n","protected":false},"featured_media":8160,"comment_status":"open","ping_status":"closed","template":"","meta":{"inline_featured_image":false},"product_brand":[],"product_cat":[264],"product_tag":[],"class_list":{"0":"post-8157","1":"product","2":"type-product","3":"status-publish","4":"has-post-thumbnail","6":"product_cat-forschungschemikalie","8":"first","9":"instock","10":"shipping-taxable","11":"purchasable","12":"product-type-variable","13":"has-default-attributes"},"yoast_head":"<!-- This site is optimized with the Yoast SEO Premium plugin v19.2 (Yoast SEO v27.3) - https:\/\/yoast.com\/product\/yoast-seo-premium-wordpress\/ -->\n<title>Kaufen Sie chemisches Pulver JWH-210 - Everyday Chem Shop<\/title>\n<meta name=\"description\" content=\"Kaufen Sie chemisches Pulver JWH-210 online. Wir verkaufen JWH-210-Pulver in bester Qualit\u00e4t online. Bitte kontaktieren Sie f\u00fcr weitere Preise und Informationen.\" \/>\n<meta name=\"robots\" content=\"index, follow, max-snippet:-1, max-image-preview:large, max-video-preview:-1\" \/>\n<link rel=\"canonical\" href=\"https:\/\/everydaychemshop.com\/de\/product\/jwh-210-chemisches-pulver\/\" \/>\n<meta property=\"og:locale\" content=\"en_US\" \/>\n<meta property=\"og:type\" content=\"article\" \/>\n<meta property=\"og:title\" content=\"JWH-210 Chemisches Pulver\" \/>\n<meta property=\"og:description\" content=\"Kaufen Sie chemisches Pulver JWH-210 online. Wir verkaufen JWH-210-Pulver in bester Qualit\u00e4t online. Bitte kontaktieren Sie f\u00fcr weitere Preise und Informationen.\" \/>\n<meta property=\"og:url\" content=\"https:\/\/everydaychemshop.com\/de\/product\/jwh-210-chemisches-pulver\/\" \/>\n<meta property=\"og:site_name\" content=\"Everyday Chem Shop\" \/>\n<meta property=\"article:modified_time\" content=\"2023-04-06T06:11:21+00:00\" \/>\n<meta property=\"og:image\" content=\"https:\/\/everydaychemshop.com\/de\/wp-content\/uploads\/sites\/3\/2022\/11\/Buy-JWH-210-Chemical-Powder-Online.jpg\" \/>\n\t<meta property=\"og:image:width\" content=\"600\" \/>\n\t<meta property=\"og:image:height\" content=\"600\" \/>\n\t<meta property=\"og:image:type\" content=\"image\/jpeg\" \/>\n<meta name=\"twitter:card\" content=\"summary_large_image\" \/>\n<meta name=\"twitter:label1\" content=\"Est. reading time\" \/>\n\t<meta name=\"twitter:data1\" content=\"2 minutes\" \/>\n<script type=\"application\/ld+json\" class=\"yoast-schema-graph\">{\"@context\":\"https:\\\/\\\/schema.org\",\"@graph\":[{\"@type\":\"WebPage\",\"@id\":\"https:\\\/\\\/everydaychemshop.com\\\/de\\\/product\\\/jwh-210-chemisches-pulver\\\/\",\"url\":\"https:\\\/\\\/everydaychemshop.com\\\/de\\\/product\\\/jwh-210-chemisches-pulver\\\/\",\"name\":\"Kaufen Sie chemisches Pulver JWH-210 - Everyday Chem Shop\",\"isPartOf\":{\"@id\":\"https:\\\/\\\/everydaychemshop.com\\\/de\\\/#website\"},\"primaryImageOfPage\":{\"@id\":\"https:\\\/\\\/everydaychemshop.com\\\/de\\\/product\\\/jwh-210-chemisches-pulver\\\/#primaryimage\"},\"image\":{\"@id\":\"https:\\\/\\\/everydaychemshop.com\\\/de\\\/product\\\/jwh-210-chemisches-pulver\\\/#primaryimage\"},\"thumbnailUrl\":\"https:\\\/\\\/everydaychemshop.com\\\/de\\\/wp-content\\\/uploads\\\/sites\\\/3\\\/2022\\\/11\\\/Buy-JWH-210-Chemical-Powder-Online.jpg\",\"datePublished\":\"2022-11-19T09:28:30+00:00\",\"dateModified\":\"2023-04-06T06:11:21+00:00\",\"description\":\"Kaufen Sie chemisches Pulver JWH-210 online. Wir verkaufen JWH-210-Pulver in bester Qualit\u00e4t online. Bitte kontaktieren Sie f\u00fcr weitere Preise und Informationen.\",\"breadcrumb\":{\"@id\":\"https:\\\/\\\/everydaychemshop.com\\\/de\\\/product\\\/jwh-210-chemisches-pulver\\\/#breadcrumb\"},\"inLanguage\":\"en-US\",\"potentialAction\":[{\"@type\":\"ReadAction\",\"target\":[\"https:\\\/\\\/everydaychemshop.com\\\/de\\\/product\\\/jwh-210-chemisches-pulver\\\/\"]}]},{\"@type\":\"ImageObject\",\"inLanguage\":\"en-US\",\"@id\":\"https:\\\/\\\/everydaychemshop.com\\\/de\\\/product\\\/jwh-210-chemisches-pulver\\\/#primaryimage\",\"url\":\"https:\\\/\\\/everydaychemshop.com\\\/de\\\/wp-content\\\/uploads\\\/sites\\\/3\\\/2022\\\/11\\\/Buy-JWH-210-Chemical-Powder-Online.jpg\",\"contentUrl\":\"https:\\\/\\\/everydaychemshop.com\\\/de\\\/wp-content\\\/uploads\\\/sites\\\/3\\\/2022\\\/11\\\/Buy-JWH-210-Chemical-Powder-Online.jpg\",\"width\":600,\"height\":600,\"caption\":\"Kaufen Sie chemisches Pulver JWH-210 online.\"},{\"@type\":\"BreadcrumbList\",\"@id\":\"https:\\\/\\\/everydaychemshop.com\\\/de\\\/product\\\/jwh-210-chemisches-pulver\\\/#breadcrumb\",\"itemListElement\":[{\"@type\":\"ListItem\",\"position\":1,\"name\":\"Home\",\"item\":\"https:\\\/\\\/everydaychemshop.com\\\/de\\\/\"},{\"@type\":\"ListItem\",\"position\":2,\"name\":\"Produkte\",\"item\":\"https:\\\/\\\/everydaychemshop.com\\\/de\\\/produkte\\\/\"},{\"@type\":\"ListItem\",\"position\":3,\"name\":\"JWH-210 Chemisches Pulver\"}]},{\"@type\":\"WebSite\",\"@id\":\"https:\\\/\\\/everydaychemshop.com\\\/de\\\/#website\",\"url\":\"https:\\\/\\\/everydaychemshop.com\\\/de\\\/\",\"name\":\"Everyday Chem Shop\",\"description\":\"\",\"potentialAction\":[{\"@type\":\"SearchAction\",\"target\":{\"@type\":\"EntryPoint\",\"urlTemplate\":\"https:\\\/\\\/everydaychemshop.com\\\/de\\\/?s={search_term_string}\"},\"query-input\":{\"@type\":\"PropertyValueSpecification\",\"valueRequired\":true,\"valueName\":\"search_term_string\"}}],\"inLanguage\":\"en-US\"}]}<\/script>\n<!-- \/ Yoast SEO Premium plugin. -->","yoast_head_json":{"title":"Kaufen Sie chemisches Pulver JWH-210 - Everyday Chem Shop","description":"Kaufen Sie chemisches Pulver JWH-210 online. Wir verkaufen JWH-210-Pulver in bester Qualit\u00e4t online. Bitte kontaktieren Sie f\u00fcr weitere Preise und Informationen.","robots":{"index":"index","follow":"follow","max-snippet":"max-snippet:-1","max-image-preview":"max-image-preview:large","max-video-preview":"max-video-preview:-1"},"canonical":"https:\/\/everydaychemshop.com\/de\/product\/jwh-210-chemisches-pulver\/","og_locale":"en_US","og_type":"article","og_title":"JWH-210 Chemisches Pulver","og_description":"Kaufen Sie chemisches Pulver JWH-210 online. Wir verkaufen JWH-210-Pulver in bester Qualit\u00e4t online. Bitte kontaktieren Sie f\u00fcr weitere Preise und Informationen.","og_url":"https:\/\/everydaychemshop.com\/de\/product\/jwh-210-chemisches-pulver\/","og_site_name":"Everyday Chem Shop","article_modified_time":"2023-04-06T06:11:21+00:00","og_image":[{"width":600,"height":600,"url":"https:\/\/everydaychemshop.com\/de\/wp-content\/uploads\/sites\/3\/2022\/11\/Buy-JWH-210-Chemical-Powder-Online.jpg","type":"image\/jpeg"}],"twitter_card":"summary_large_image","twitter_misc":{"Est. reading time":"2 minutes"},"schema":{"@context":"https:\/\/schema.org","@graph":[{"@type":"WebPage","@id":"https:\/\/everydaychemshop.com\/de\/product\/jwh-210-chemisches-pulver\/","url":"https:\/\/everydaychemshop.com\/de\/product\/jwh-210-chemisches-pulver\/","name":"Kaufen Sie chemisches Pulver JWH-210 - Everyday Chem Shop","isPartOf":{"@id":"https:\/\/everydaychemshop.com\/de\/#website"},"primaryImageOfPage":{"@id":"https:\/\/everydaychemshop.com\/de\/product\/jwh-210-chemisches-pulver\/#primaryimage"},"image":{"@id":"https:\/\/everydaychemshop.com\/de\/product\/jwh-210-chemisches-pulver\/#primaryimage"},"thumbnailUrl":"https:\/\/everydaychemshop.com\/de\/wp-content\/uploads\/sites\/3\/2022\/11\/Buy-JWH-210-Chemical-Powder-Online.jpg","datePublished":"2022-11-19T09:28:30+00:00","dateModified":"2023-04-06T06:11:21+00:00","description":"Kaufen Sie chemisches Pulver JWH-210 online. Wir verkaufen JWH-210-Pulver in bester Qualit\u00e4t online. Bitte kontaktieren Sie f\u00fcr weitere Preise und Informationen.","breadcrumb":{"@id":"https:\/\/everydaychemshop.com\/de\/product\/jwh-210-chemisches-pulver\/#breadcrumb"},"inLanguage":"en-US","potentialAction":[{"@type":"ReadAction","target":["https:\/\/everydaychemshop.com\/de\/product\/jwh-210-chemisches-pulver\/"]}]},{"@type":"ImageObject","inLanguage":"en-US","@id":"https:\/\/everydaychemshop.com\/de\/product\/jwh-210-chemisches-pulver\/#primaryimage","url":"https:\/\/everydaychemshop.com\/de\/wp-content\/uploads\/sites\/3\/2022\/11\/Buy-JWH-210-Chemical-Powder-Online.jpg","contentUrl":"https:\/\/everydaychemshop.com\/de\/wp-content\/uploads\/sites\/3\/2022\/11\/Buy-JWH-210-Chemical-Powder-Online.jpg","width":600,"height":600,"caption":"Kaufen Sie chemisches Pulver JWH-210 online."},{"@type":"BreadcrumbList","@id":"https:\/\/everydaychemshop.com\/de\/product\/jwh-210-chemisches-pulver\/#breadcrumb","itemListElement":[{"@type":"ListItem","position":1,"name":"Home","item":"https:\/\/everydaychemshop.com\/de\/"},{"@type":"ListItem","position":2,"name":"Produkte","item":"https:\/\/everydaychemshop.com\/de\/produkte\/"},{"@type":"ListItem","position":3,"name":"JWH-210 Chemisches Pulver"}]},{"@type":"WebSite","@id":"https:\/\/everydaychemshop.com\/de\/#website","url":"https:\/\/everydaychemshop.com\/de\/","name":"Everyday Chem Shop","description":"","potentialAction":[{"@type":"SearchAction","target":{"@type":"EntryPoint","urlTemplate":"https:\/\/everydaychemshop.com\/de\/?s={search_term_string}"},"query-input":{"@type":"PropertyValueSpecification","valueRequired":true,"valueName":"search_term_string"}}],"inLanguage":"en-US"}]}},"_links":{"self":[{"href":"https:\/\/everydaychemshop.com\/de\/wp-json\/wp\/v2\/product\/8157","targetHints":{"allow":["GET"]}}],"collection":[{"href":"https:\/\/everydaychemshop.com\/de\/wp-json\/wp\/v2\/product"}],"about":[{"href":"https:\/\/everydaychemshop.com\/de\/wp-json\/wp\/v2\/types\/product"}],"replies":[{"embeddable":true,"href":"https:\/\/everydaychemshop.com\/de\/wp-json\/wp\/v2\/comments?post=8157"}],"wp:featuredmedia":[{"embeddable":true,"href":"https:\/\/everydaychemshop.com\/de\/wp-json\/wp\/v2\/media\/8160"}],"wp:attachment":[{"href":"https:\/\/everydaychemshop.com\/de\/wp-json\/wp\/v2\/media?parent=8157"}],"wp:term":[{"taxonomy":"product_brand","embeddable":true,"href":"https:\/\/everydaychemshop.com\/de\/wp-json\/wp\/v2\/product_brand?post=8157"},{"taxonomy":"product_cat","embeddable":true,"href":"https:\/\/everydaychemshop.com\/de\/wp-json\/wp\/v2\/product_cat?post=8157"},{"taxonomy":"product_tag","embeddable":true,"href":"https:\/\/everydaychemshop.com\/de\/wp-json\/wp\/v2\/product_tag?post=8157"}],"curies":[{"name":"wp","href":"https:\/\/api.w.org\/{rel}","templated":true}]}}