{"id":8237,"date":"2022-11-19T19:49:06","date_gmt":"2022-11-19T19:49:06","guid":{"rendered":"https:\/\/everydaychemshop.com\/de\/?post_type=product&#038;p=8237"},"modified":"2025-11-23T13:46:45","modified_gmt":"2025-11-23T13:46:45","slug":"pmk-piperonyl-methyl-keton-ol","status":"publish","type":"product","link":"https:\/\/everydaychemshop.com\/de\/product\/pmk-piperonyl-methyl-keton-ol\/","title":{"rendered":"PMK-\u00d6l (Piperonylmethylketon)."},"content":{"rendered":"<h1>PMK-\u00d6l (Piperonylmethylketon) kaufen \u2013 Hochreines chemisches Zwischenprodukt (98 %) | CAS 4676-39-5<\/h1>\n<p><a href=\"https:\/\/everydaychemshop.com\/de\/product\/pmk-piperonyl-methyl-keton-ol\/\">PMK-\u00d6l (Piperonylmethylketon) mit 98 % Reinheit kaufen<\/a>. Entdecken Sie hochwertiges PMK-\u00d6l, auch bekannt als Piperonylmethylketon oder 3,4-Methylendioxyphenylpropan-2-on (MDP2P), im Everyday Chem Shop \u2013 Ihrer zuverl\u00e4ssigen Quelle f\u00fcr hochwertige chemische Vorprodukte. Unser PMK-\u00d6l (Piperonylmethylketon) wird sorgf\u00e4ltig f\u00fcr pharmazeutische und Forschungsanwendungen synthetisiert und garantiert so au\u00dfergew\u00f6hnliche Reinheit und Zuverl\u00e4ssigkeit.<\/p>\n<p>Was ist PMK-\u00d6l?<\/p>\n<p>Piperonylmethylketon (PMK) ist eine vielseitige, gelbe, \u00f6lige Fl\u00fcssigkeit, die als wichtiges chemisches Zwischenprodukt in der organischen Synthese bekannt ist. Mit der Summenformel C\u2081\u2080H\u2081\u2080O\u2083 und einer molaren Masse von 178,18 g\/mol dient diese Verbindung als Vorstufe f\u00fcr die Synthese von Arzneimitteln, darunter antibakterielle und entz\u00fcndungshemmende Wirkstoffe wie Berberin und L-Methyldopa sowie kardiovaskul\u00e4re und tumorhemmende Mittel. PMK-\u00d6l, das \u00fcblicherweise durch Oxidationsprozesse (z. B. Wacker-Oxidation) aus Safrol oder Isosafrol gewonnen wird, ist in Laboren weltweit unverzichtbar f\u00fcr die Herstellung von Methylendioxyphenethylamin (MDxx)-Derivaten.<\/p>\n<p>Im Gegensatz zu minderwertigen Alternativen minimiert unser hochreines PMK-\u00d6l (98 %) Verunreinigungen und eignet sich daher ideal f\u00fcr pr\u00e4zise Reaktionen und erf\u00fcllt strenge Qualit\u00e4tsstandards.<\/p>\n<p>Wichtigste Spezifikationen<br \/>\nCAS-Nummer: 4676-39-5<br \/>\nSynonyme: MDP2P, 3,4-Methylendioxyphenyl-2-propanon, 1-(1,3-Benzodioxol-5-yl)aceton, NSC 16688<br \/>\nReinheit: \u226598 % (HPLC-gepr\u00fcft)<br \/>\nAussehen: Klare bis hellgelbe, \u00f6lige Fl\u00fcssigkeit<br \/>\nSummenformel: C\u2081\u2080H\u2081\u2080O\u2083<br \/>\nMolekulargewicht: 178,18 g\/mol<br \/>\nSiedepunkt: ca. 270 \u00b0C (gesch\u00e4tzt)<br \/>\nDichte: 1,2 g\/cm\u00b3<br \/>\nBrechungsindex: 1,537 (gesch\u00e4tzt)<br \/>\nLagerung: K\u00fchl und trocken lagern; im K\u00fchlschrank haltbar, um Zersetzung zu verhindern<br \/>\nWarum unser PMK Piperonylmethylketon\u00f6l w\u00e4hlen?<\/p>\n<p>Bei Everyday Chem Shop legen wir Wert auf Qualit\u00e4t und Diskretion f\u00fcr Fachleute, die PMK-\u00d6l f\u00fcr die pharmazeutische Synthese ben\u00f6tigen. Das zeichnet uns aus:<\/p>\n<p>H\u00f6chste Reinheit: 98 %+ f\u00fcr optimale Ausbeute in Ihren Syntheseprozessen.<br \/>\nWeltweiter Versand: Diskrete und sichere Lieferung weltweit mit Sendungsverfolgung \u2013 keine Zollprobleme bei legitimen Bestellungen.<br \/>\nAttraktive Preise: G\u00fcnstige Preise f\u00fcr Gro\u00dfbestellungen ab [Preis einf\u00fcgen, z. B. X \u20ac pro Liter].<br \/>\nKompetente Beratung: Beratung zu sicherer Handhabung und Lagerung; Einhaltung internationaler Vorschriften.<br \/>\nVielseitige Anwendungsm\u00f6glichkeiten: Ideal f\u00fcr die Forschung an Antihypertensiva, Duftstoffen oder komplexen organischen Zwischenprodukten.<\/p>\n<p>Ob Laborforscher oder Industrieabnehmer \u2013 mit unserer Online-Bestellung von PMK-\u00d6l garantieren wir schnelle Lieferung und 100 % Zufriedenheit.<\/p>\n<p>Sicherheits- und Handhabungshinweise<\/p>\n<p>PMK Piperonylmethylketon ist ausschlie\u00dflich f\u00fcr Forschungs- und industrielle Zwecke bestimmt. Handhabung in gut bel\u00fcfteten Bereichen mit geeigneter Schutzausr\u00fcstung. Nicht zum Verzehr geeignet. Bitte pr\u00fcfen Sie stets die lokalen Bestimmungen, da dieser Vorl\u00e4uferstoff in einigen L\u00e4ndern reguliert sein kann.<\/p>\n<p>Bereit zu bestellen? Legen Sie das Produkt jetzt in den Warenkorb und sichern Sie sich die zuverl\u00e4ssige Lieferung von hochreinem PMK-\u00d6l. F\u00fcr Anfragen zu gr\u00f6\u00dferen Mengen oder individuellen Spezifikationen kontaktieren Sie uns noch heute!<\/p>\n<p>Bewerten Sie als Erste\/r \u201ePMK (Piperonylmethylketon)-\u00d6l\u201c \u2013 teilen Sie Ihre Erfahrungen unten mit.<\/p>\n<p>Wir halten auch an unserer hohen Qualit\u00e4t fest.<\/p>\n<h1><span style=\"font-size: 16px\">u halten<\/span><\/h1>\n","protected":false},"excerpt":{"rendered":"<p>PMK (Piperonyl\u00a0Methyl Ketone) Oil, 3 4-Methylenedioxyphenylpropan-2-one oder Piperonylmethylketon (MDP2P oder PMK) ist eine chemische Verbindung, die aus einer Phenylacetoneinheit besteht, die mit einer funktionellen Methylendioxygruppe substituiert ist.<\/p>\n","protected":false},"featured_media":8242,"comment_status":"open","ping_status":"closed","template":"","meta":{"inline_featured_image":false},"product_brand":[],"product_cat":[59],"product_tag":[],"class_list":{"0":"post-8237","1":"product","2":"type-product","3":"status-publish","4":"has-post-thumbnail","6":"product_cat-chemikalien","8":"first","9":"instock","10":"shipping-taxable","11":"purchasable","12":"product-type-variable","13":"has-default-attributes"},"yoast_head":"<!-- This site is optimized with the Yoast SEO Premium plugin v19.2 (Yoast SEO v27.3) - https:\/\/yoast.com\/product\/yoast-seo-premium-wordpress\/ -->\n<title>PMK-\u00d6l (Piperonylmethylketon) mit 98 % Reinheit kaufen - Everyday Chem Shop<\/title>\n<meta name=\"description\" content=\"Kaufen Sie hochreines PMK-\u00d6l (Piperonylmethylketon) 98 %, CAS 4676-39-5, online. Essentielles chemisches Zwischenprodukt f\u00fcr die pharmazeutische Synthese. Diskreter weltweiter Versand von Everyday Chem Shop. Schnelle und sichere Lieferung!\" \/>\n<meta name=\"robots\" content=\"index, follow, max-snippet:-1, max-image-preview:large, max-video-preview:-1\" \/>\n<link rel=\"canonical\" href=\"https:\/\/everydaychemshop.com\/de\/product\/pmk-piperonyl-methyl-keton-ol\/\" \/>\n<meta property=\"og:locale\" content=\"en_US\" \/>\n<meta property=\"og:type\" content=\"article\" \/>\n<meta property=\"og:title\" content=\"PMK-\u00d6l (Piperonylmethylketon).\" \/>\n<meta property=\"og:description\" content=\"Kaufen Sie hochreines PMK-\u00d6l (Piperonylmethylketon) 98 %, CAS 4676-39-5, online. Essentielles chemisches Zwischenprodukt f\u00fcr die pharmazeutische Synthese. Diskreter weltweiter Versand von Everyday Chem Shop. Schnelle und sichere Lieferung!\" \/>\n<meta property=\"og:url\" content=\"https:\/\/everydaychemshop.com\/de\/product\/pmk-piperonyl-methyl-keton-ol\/\" \/>\n<meta property=\"og:site_name\" content=\"Everyday Chem Shop\" \/>\n<meta property=\"article:modified_time\" content=\"2025-11-23T13:46:45+00:00\" \/>\n<meta property=\"og:image\" content=\"https:\/\/everydaychemshop.com\/de\/wp-content\/uploads\/sites\/3\/2022\/11\/PMK-Piperonyl-Methyl-Ketone-Oil.webp\" \/>\n\t<meta property=\"og:image:width\" content=\"555\" \/>\n\t<meta property=\"og:image:height\" content=\"555\" \/>\n\t<meta property=\"og:image:type\" content=\"image\/webp\" \/>\n<meta name=\"twitter:card\" content=\"summary_large_image\" \/>\n<meta name=\"twitter:label1\" content=\"Est. reading time\" \/>\n\t<meta name=\"twitter:data1\" content=\"3 minutes\" \/>\n<script type=\"application\/ld+json\" class=\"yoast-schema-graph\">{\"@context\":\"https:\\\/\\\/schema.org\",\"@graph\":[{\"@type\":\"WebPage\",\"@id\":\"https:\\\/\\\/everydaychemshop.com\\\/de\\\/product\\\/pmk-piperonyl-methyl-keton-ol\\\/\",\"url\":\"https:\\\/\\\/everydaychemshop.com\\\/de\\\/product\\\/pmk-piperonyl-methyl-keton-ol\\\/\",\"name\":\"PMK-\u00d6l (Piperonylmethylketon) mit 98 % Reinheit kaufen - Everyday Chem Shop\",\"isPartOf\":{\"@id\":\"https:\\\/\\\/everydaychemshop.com\\\/de\\\/#website\"},\"primaryImageOfPage\":{\"@id\":\"https:\\\/\\\/everydaychemshop.com\\\/de\\\/product\\\/pmk-piperonyl-methyl-keton-ol\\\/#primaryimage\"},\"image\":{\"@id\":\"https:\\\/\\\/everydaychemshop.com\\\/de\\\/product\\\/pmk-piperonyl-methyl-keton-ol\\\/#primaryimage\"},\"thumbnailUrl\":\"https:\\\/\\\/everydaychemshop.com\\\/de\\\/wp-content\\\/uploads\\\/sites\\\/3\\\/2022\\\/11\\\/PMK-Piperonyl-Methyl-Ketone-Oil.webp\",\"datePublished\":\"2022-11-19T19:49:06+00:00\",\"dateModified\":\"2025-11-23T13:46:45+00:00\",\"description\":\"Kaufen Sie hochreines PMK-\u00d6l (Piperonylmethylketon) 98 %, CAS 4676-39-5, online. Essentielles chemisches Zwischenprodukt f\u00fcr die pharmazeutische Synthese. Diskreter weltweiter Versand von Everyday Chem Shop. Schnelle und sichere Lieferung!\",\"breadcrumb\":{\"@id\":\"https:\\\/\\\/everydaychemshop.com\\\/de\\\/product\\\/pmk-piperonyl-methyl-keton-ol\\\/#breadcrumb\"},\"inLanguage\":\"en-US\",\"potentialAction\":[{\"@type\":\"ReadAction\",\"target\":[\"https:\\\/\\\/everydaychemshop.com\\\/de\\\/product\\\/pmk-piperonyl-methyl-keton-ol\\\/\"]}]},{\"@type\":\"ImageObject\",\"inLanguage\":\"en-US\",\"@id\":\"https:\\\/\\\/everydaychemshop.com\\\/de\\\/product\\\/pmk-piperonyl-methyl-keton-ol\\\/#primaryimage\",\"url\":\"https:\\\/\\\/everydaychemshop.com\\\/de\\\/wp-content\\\/uploads\\\/sites\\\/3\\\/2022\\\/11\\\/PMK-Piperonyl-Methyl-Ketone-Oil.webp\",\"contentUrl\":\"https:\\\/\\\/everydaychemshop.com\\\/de\\\/wp-content\\\/uploads\\\/sites\\\/3\\\/2022\\\/11\\\/PMK-Piperonyl-Methyl-Ketone-Oil.webp\",\"width\":555,\"height\":555,\"caption\":\"PMK-\u00d6l (Piperonylmethylketon) mit 98 % Reinheit kaufen\"},{\"@type\":\"BreadcrumbList\",\"@id\":\"https:\\\/\\\/everydaychemshop.com\\\/de\\\/product\\\/pmk-piperonyl-methyl-keton-ol\\\/#breadcrumb\",\"itemListElement\":[{\"@type\":\"ListItem\",\"position\":1,\"name\":\"Home\",\"item\":\"https:\\\/\\\/everydaychemshop.com\\\/de\\\/\"},{\"@type\":\"ListItem\",\"position\":2,\"name\":\"Produkte\",\"item\":\"https:\\\/\\\/everydaychemshop.com\\\/de\\\/produkte\\\/\"},{\"@type\":\"ListItem\",\"position\":3,\"name\":\"PMK-\u00d6l (Piperonylmethylketon).\"}]},{\"@type\":\"WebSite\",\"@id\":\"https:\\\/\\\/everydaychemshop.com\\\/de\\\/#website\",\"url\":\"https:\\\/\\\/everydaychemshop.com\\\/de\\\/\",\"name\":\"Everyday Chem Shop\",\"description\":\"\",\"potentialAction\":[{\"@type\":\"SearchAction\",\"target\":{\"@type\":\"EntryPoint\",\"urlTemplate\":\"https:\\\/\\\/everydaychemshop.com\\\/de\\\/?s={search_term_string}\"},\"query-input\":{\"@type\":\"PropertyValueSpecification\",\"valueRequired\":true,\"valueName\":\"search_term_string\"}}],\"inLanguage\":\"en-US\"}]}<\/script>\n<!-- \/ Yoast SEO Premium plugin. -->","yoast_head_json":{"title":"PMK-\u00d6l (Piperonylmethylketon) mit 98 % Reinheit kaufen - Everyday Chem Shop","description":"Kaufen Sie hochreines PMK-\u00d6l (Piperonylmethylketon) 98 %, CAS 4676-39-5, online. Essentielles chemisches Zwischenprodukt f\u00fcr die pharmazeutische Synthese. Diskreter weltweiter Versand von Everyday Chem Shop. Schnelle und sichere Lieferung!","robots":{"index":"index","follow":"follow","max-snippet":"max-snippet:-1","max-image-preview":"max-image-preview:large","max-video-preview":"max-video-preview:-1"},"canonical":"https:\/\/everydaychemshop.com\/de\/product\/pmk-piperonyl-methyl-keton-ol\/","og_locale":"en_US","og_type":"article","og_title":"PMK-\u00d6l (Piperonylmethylketon).","og_description":"Kaufen Sie hochreines PMK-\u00d6l (Piperonylmethylketon) 98 %, CAS 4676-39-5, online. Essentielles chemisches Zwischenprodukt f\u00fcr die pharmazeutische Synthese. Diskreter weltweiter Versand von Everyday Chem Shop. Schnelle und sichere Lieferung!","og_url":"https:\/\/everydaychemshop.com\/de\/product\/pmk-piperonyl-methyl-keton-ol\/","og_site_name":"Everyday Chem Shop","article_modified_time":"2025-11-23T13:46:45+00:00","og_image":[{"width":555,"height":555,"url":"https:\/\/everydaychemshop.com\/de\/wp-content\/uploads\/sites\/3\/2022\/11\/PMK-Piperonyl-Methyl-Ketone-Oil.webp","type":"image\/webp"}],"twitter_card":"summary_large_image","twitter_misc":{"Est. reading time":"3 minutes"},"schema":{"@context":"https:\/\/schema.org","@graph":[{"@type":"WebPage","@id":"https:\/\/everydaychemshop.com\/de\/product\/pmk-piperonyl-methyl-keton-ol\/","url":"https:\/\/everydaychemshop.com\/de\/product\/pmk-piperonyl-methyl-keton-ol\/","name":"PMK-\u00d6l (Piperonylmethylketon) mit 98 % Reinheit kaufen - Everyday Chem Shop","isPartOf":{"@id":"https:\/\/everydaychemshop.com\/de\/#website"},"primaryImageOfPage":{"@id":"https:\/\/everydaychemshop.com\/de\/product\/pmk-piperonyl-methyl-keton-ol\/#primaryimage"},"image":{"@id":"https:\/\/everydaychemshop.com\/de\/product\/pmk-piperonyl-methyl-keton-ol\/#primaryimage"},"thumbnailUrl":"https:\/\/everydaychemshop.com\/de\/wp-content\/uploads\/sites\/3\/2022\/11\/PMK-Piperonyl-Methyl-Ketone-Oil.webp","datePublished":"2022-11-19T19:49:06+00:00","dateModified":"2025-11-23T13:46:45+00:00","description":"Kaufen Sie hochreines PMK-\u00d6l (Piperonylmethylketon) 98 %, CAS 4676-39-5, online. Essentielles chemisches Zwischenprodukt f\u00fcr die pharmazeutische Synthese. Diskreter weltweiter Versand von Everyday Chem Shop. Schnelle und sichere Lieferung!","breadcrumb":{"@id":"https:\/\/everydaychemshop.com\/de\/product\/pmk-piperonyl-methyl-keton-ol\/#breadcrumb"},"inLanguage":"en-US","potentialAction":[{"@type":"ReadAction","target":["https:\/\/everydaychemshop.com\/de\/product\/pmk-piperonyl-methyl-keton-ol\/"]}]},{"@type":"ImageObject","inLanguage":"en-US","@id":"https:\/\/everydaychemshop.com\/de\/product\/pmk-piperonyl-methyl-keton-ol\/#primaryimage","url":"https:\/\/everydaychemshop.com\/de\/wp-content\/uploads\/sites\/3\/2022\/11\/PMK-Piperonyl-Methyl-Ketone-Oil.webp","contentUrl":"https:\/\/everydaychemshop.com\/de\/wp-content\/uploads\/sites\/3\/2022\/11\/PMK-Piperonyl-Methyl-Ketone-Oil.webp","width":555,"height":555,"caption":"PMK-\u00d6l (Piperonylmethylketon) mit 98 % Reinheit kaufen"},{"@type":"BreadcrumbList","@id":"https:\/\/everydaychemshop.com\/de\/product\/pmk-piperonyl-methyl-keton-ol\/#breadcrumb","itemListElement":[{"@type":"ListItem","position":1,"name":"Home","item":"https:\/\/everydaychemshop.com\/de\/"},{"@type":"ListItem","position":2,"name":"Produkte","item":"https:\/\/everydaychemshop.com\/de\/produkte\/"},{"@type":"ListItem","position":3,"name":"PMK-\u00d6l (Piperonylmethylketon)."}]},{"@type":"WebSite","@id":"https:\/\/everydaychemshop.com\/de\/#website","url":"https:\/\/everydaychemshop.com\/de\/","name":"Everyday Chem Shop","description":"","potentialAction":[{"@type":"SearchAction","target":{"@type":"EntryPoint","urlTemplate":"https:\/\/everydaychemshop.com\/de\/?s={search_term_string}"},"query-input":{"@type":"PropertyValueSpecification","valueRequired":true,"valueName":"search_term_string"}}],"inLanguage":"en-US"}]}},"_links":{"self":[{"href":"https:\/\/everydaychemshop.com\/de\/wp-json\/wp\/v2\/product\/8237","targetHints":{"allow":["GET"]}}],"collection":[{"href":"https:\/\/everydaychemshop.com\/de\/wp-json\/wp\/v2\/product"}],"about":[{"href":"https:\/\/everydaychemshop.com\/de\/wp-json\/wp\/v2\/types\/product"}],"replies":[{"embeddable":true,"href":"https:\/\/everydaychemshop.com\/de\/wp-json\/wp\/v2\/comments?post=8237"}],"wp:featuredmedia":[{"embeddable":true,"href":"https:\/\/everydaychemshop.com\/de\/wp-json\/wp\/v2\/media\/8242"}],"wp:attachment":[{"href":"https:\/\/everydaychemshop.com\/de\/wp-json\/wp\/v2\/media?parent=8237"}],"wp:term":[{"taxonomy":"product_brand","embeddable":true,"href":"https:\/\/everydaychemshop.com\/de\/wp-json\/wp\/v2\/product_brand?post=8237"},{"taxonomy":"product_cat","embeddable":true,"href":"https:\/\/everydaychemshop.com\/de\/wp-json\/wp\/v2\/product_cat?post=8237"},{"taxonomy":"product_tag","embeddable":true,"href":"https:\/\/everydaychemshop.com\/de\/wp-json\/wp\/v2\/product_tag?post=8237"}],"curies":[{"name":"wp","href":"https:\/\/api.w.org\/{rel}","templated":true}]}}