{"id":8258,"date":"2022-11-20T06:13:42","date_gmt":"2022-11-20T06:13:42","guid":{"rendered":"https:\/\/everydaychemshop.com\/de\/?post_type=product&#038;p=8258"},"modified":"2023-04-06T05:50:45","modified_gmt":"2023-04-06T05:50:45","slug":"amnesie-dunst-marihuana","status":"publish","type":"product","link":"https:\/\/everydaychemshop.com\/de\/product\/amnesie-dunst-marihuana\/","title":{"rendered":"Amnesia Haze Marihuana"},"content":{"rendered":"<h1>Kaufen Sie die Sorte Amnesia Haze online<\/h1>\n<p><a href=\"https:\/\/everydaychemshop.com\/de\/product\/amnesie-dunst-marihuana\/\">Kaufen Sie die Sorte Amnesia Haze online<\/a>. Mit erdigen Aromen von Zitronen und Zitrusfr\u00fcchten Amnesia\u00a0Haze ist die perfekte\u00a0<b>Sativa-Sorte<\/b>\u00a0um deinen Tag mit einem L\u00e4cheln zu beginnen. Das erhebende, energiegeladene Summen wirst du so schnell nicht vergessen. \u2026 Mit erdigen Aromen von Zitronen und Zitrusfr\u00fcchten ist Amnesia Haze <a href=\"https:\/\/de.wikipedia.org\/wiki\/Cannabidiol\">die<\/a> perfekte Sativa-Sorte, um Ihren Tag mit einem L\u00e4cheln zu beginnen.<\/p>\n<div class=\"wWOJcd\" role=\"button\" aria-labelledby=\"exacc_VJZrYdLkLtGbgQaatL7QCA58\"><\/div>\n<div id=\"exacc_VJZrYdLkLtGbgQaatL7QCA59\" class=\"MBtdbb\" data-ved=\"2ahUKEwjS3vu0vtDzAhXRTcAKHRqaD4oQ7NUEegQIPxAD\">\n<div class=\" ymu2Hb\">\n<div id=\"_VJZrYdLkLtGbgQaatL7QCA60\" class=\"t0bRye r2fjmd\" data-hveid=\"CD8QBA\" data-ved=\"2ahUKEwjS3vu0vtDzAhXRTcAKHRqaD4oQu04oAHoECD8QBA\">\n<div id=\"VJZrYdLkLtGbgQaatL7QCA__37\">\n<div class=\"wDYxhc\" data-md=\"61\">\n<div class=\"LGOjhe\" role=\"heading\" data-attrid=\"wa:\/description\" data-hveid=\"CDIQAA\"><span class=\"ILfuVd NA6bn\"> <span class=\"hgKElc\">Anders als der Name vermuten l\u00e4sst,\u00a0<b>Amnesia Haze wird Sie nicht wirklich high machen<\/b>\u00a0und out dass du anf\u00e4ngst, alles zu vergessen. Ganz im Gegenteil, es weckt tendenziell das Interesse an kreativen Bet\u00e4tigungsfeldern und sorgt f\u00fcr Motivationssch\u00fcbe und produktive Energie.<\/span><\/span><\/div>\n<div role=\"heading\" data-attrid=\" wa:\/description\" data-hveid=\"CDIQAA\">\n<div class=\"wWOJcd\" role=\"button\" aria-labelledby=\"exacc_VJZrYdLkLtGbgQaatL7QCA53\"><\/div>\n<div id=\"exacc_VJZrYdLkLtGbgQaatL7QCA54\" class=\"MBtdbb\" data-ved=\"2ahUKEwjS3vu0vtDzAhXRTcAKHRqaD4oQ7NUEegQIOhAD\">\n<div class=\"ymu2Hb\">\n<div id=\"_VJZrYdLkLtGbgQaatL7QCA56\" class=\"t0bRye r2fjmd\" data-hveid=\"CDoQBA\" data-ved=\"2ahUKEwjS3vu0vtDzAhXRTcAKHRqaD4oQu04oAHoECDoQBA\">\n<div id=\"VJZrYdLkLtGbgQaatL7QCA__40\">\n<div class=\"wDYxhc\" data-md=\"61\">\n<div class=\"LGOjhe\" role=\"heading\" data-attrid=\"wa:\/description\" data-hveid=\"CDMQAA\"><span class=\"ILfuVd NA6bn\"><span class=\"hgKElc\">Angesichts seiner Stimmung- verst\u00e4rkende Wirkung, viele Menschen empfehlen Amnesia Haze bei\u00a0<b>Angstzust\u00e4nden<\/b>. Es gibt einige Hinweise darauf, dass sein aktivster Inhaltsstoff, THC, einigen Menschen helfen k\u00f6nnte, sich zu entspannen. Leider ist dies m\u00f6glicherweise nicht f\u00fcr alle der Fall. Die Abstammung von Amnesia Haze umfasst mehrere Sorten mit hohem THC-Gehalt.<\/span><\/span><\/div>\n<\/div>\n<\/div>\n<\/div>\n<\/div>\n<\/div>\n<\/div>\n<\/div>\n<\/div>\n<\/div>\n<\/div>\n<\/div>\n","protected":false},"excerpt":{"rendered":"<p>Mit erdigen Aromen von Zitronen und Zitrusfr\u00fcchten ist Amnesia Haze eine perfekte Sorte, um Ihren Tag mit einem L\u00e4cheln zu beginnen. Das erhebende, energiegeladene Summen wirst du so schnell nicht vergessen. Seine Genetik wurde auf die s\u00fcdasiatischen und jamaikanischen Landrassensorten zur\u00fcckgef\u00fchrt, und dieser Cannabis-Cup-Gewinner (1. Platz 2004, 1. Platz Sativa Cup 2012) ist seitdem in den Coffeeshops von Amsterdam popul\u00e4r geworden.<\/p>\n","protected":false},"featured_media":8260,"comment_status":"open","ping_status":"closed","template":"","meta":{"inline_featured_image":false},"product_brand":[],"product_cat":[60],"product_tag":[],"class_list":{"0":"post-8258","1":"product","2":"type-product","3":"status-publish","4":"has-post-thumbnail","6":"product_cat-cbd-hanf-blume","8":"first","9":"instock","10":"shipping-taxable","11":"purchasable","12":"product-type-variable","13":"has-default-attributes"},"yoast_head":"<!-- This site is optimized with the Yoast SEO Premium plugin v19.2 (Yoast SEO v27.3) - https:\/\/yoast.com\/product\/yoast-seo-premium-wordpress\/ -->\n<title>Kaufen Sie die Sorte Amnesia Haze online - Everyday Chem Shop<\/title>\n<meta name=\"description\" content=\"Kaufen Sie die Sorte Amnesia Haze online. Wir verkaufen Amnesia Haze-Sorten von bester Qualit\u00e4t online. Bitte kontaktieren Sie uns f\u00fcr weitere Informationen und Preise.\" \/>\n<meta name=\"robots\" content=\"index, follow, max-snippet:-1, max-image-preview:large, max-video-preview:-1\" \/>\n<link rel=\"canonical\" href=\"https:\/\/everydaychemshop.com\/de\/product\/amnesie-dunst-marihuana\/\" \/>\n<meta property=\"og:locale\" content=\"en_US\" \/>\n<meta property=\"og:type\" content=\"article\" \/>\n<meta property=\"og:title\" content=\"Amnesia Haze Marihuana\" \/>\n<meta property=\"og:description\" content=\"Kaufen Sie die Sorte Amnesia Haze online. Wir verkaufen Amnesia Haze-Sorten von bester Qualit\u00e4t online. Bitte kontaktieren Sie uns f\u00fcr weitere Informationen und Preise.\" \/>\n<meta property=\"og:url\" content=\"https:\/\/everydaychemshop.com\/de\/product\/amnesie-dunst-marihuana\/\" \/>\n<meta property=\"og:site_name\" content=\"Everyday Chem Shop\" \/>\n<meta property=\"article:modified_time\" content=\"2023-04-06T05:50:45+00:00\" \/>\n<meta property=\"og:image\" content=\"https:\/\/everydaychemshop.com\/de\/wp-content\/uploads\/sites\/3\/2022\/11\/Amnesia-haze.jpg\" \/>\n\t<meta property=\"og:image:width\" content=\"620\" \/>\n\t<meta property=\"og:image:height\" content=\"620\" \/>\n\t<meta property=\"og:image:type\" content=\"image\/jpeg\" \/>\n<meta name=\"twitter:card\" content=\"summary_large_image\" \/>\n<meta name=\"twitter:label1\" content=\"Est. reading time\" \/>\n\t<meta name=\"twitter:data1\" content=\"1 minute\" \/>\n<script type=\"application\/ld+json\" class=\"yoast-schema-graph\">{\"@context\":\"https:\\\/\\\/schema.org\",\"@graph\":[{\"@type\":\"WebPage\",\"@id\":\"https:\\\/\\\/everydaychemshop.com\\\/de\\\/product\\\/amnesie-dunst-marihuana\\\/\",\"url\":\"https:\\\/\\\/everydaychemshop.com\\\/de\\\/product\\\/amnesie-dunst-marihuana\\\/\",\"name\":\"Kaufen Sie die Sorte Amnesia Haze online - Everyday Chem Shop\",\"isPartOf\":{\"@id\":\"https:\\\/\\\/everydaychemshop.com\\\/de\\\/#website\"},\"primaryImageOfPage\":{\"@id\":\"https:\\\/\\\/everydaychemshop.com\\\/de\\\/product\\\/amnesie-dunst-marihuana\\\/#primaryimage\"},\"image\":{\"@id\":\"https:\\\/\\\/everydaychemshop.com\\\/de\\\/product\\\/amnesie-dunst-marihuana\\\/#primaryimage\"},\"thumbnailUrl\":\"https:\\\/\\\/everydaychemshop.com\\\/de\\\/wp-content\\\/uploads\\\/sites\\\/3\\\/2022\\\/11\\\/Amnesia-haze.jpg\",\"datePublished\":\"2022-11-20T06:13:42+00:00\",\"dateModified\":\"2023-04-06T05:50:45+00:00\",\"description\":\"Kaufen Sie die Sorte Amnesia Haze online. Wir verkaufen Amnesia Haze-Sorten von bester Qualit\u00e4t online. Bitte kontaktieren Sie uns f\u00fcr weitere Informationen und Preise.\",\"breadcrumb\":{\"@id\":\"https:\\\/\\\/everydaychemshop.com\\\/de\\\/product\\\/amnesie-dunst-marihuana\\\/#breadcrumb\"},\"inLanguage\":\"en-US\",\"potentialAction\":[{\"@type\":\"ReadAction\",\"target\":[\"https:\\\/\\\/everydaychemshop.com\\\/de\\\/product\\\/amnesie-dunst-marihuana\\\/\"]}]},{\"@type\":\"ImageObject\",\"inLanguage\":\"en-US\",\"@id\":\"https:\\\/\\\/everydaychemshop.com\\\/de\\\/product\\\/amnesie-dunst-marihuana\\\/#primaryimage\",\"url\":\"https:\\\/\\\/everydaychemshop.com\\\/de\\\/wp-content\\\/uploads\\\/sites\\\/3\\\/2022\\\/11\\\/Amnesia-haze.jpg\",\"contentUrl\":\"https:\\\/\\\/everydaychemshop.com\\\/de\\\/wp-content\\\/uploads\\\/sites\\\/3\\\/2022\\\/11\\\/Amnesia-haze.jpg\",\"width\":620,\"height\":620,\"caption\":\"Kaufen Sie die Sorte Amnesia Haze online\"},{\"@type\":\"BreadcrumbList\",\"@id\":\"https:\\\/\\\/everydaychemshop.com\\\/de\\\/product\\\/amnesie-dunst-marihuana\\\/#breadcrumb\",\"itemListElement\":[{\"@type\":\"ListItem\",\"position\":1,\"name\":\"Home\",\"item\":\"https:\\\/\\\/everydaychemshop.com\\\/de\\\/\"},{\"@type\":\"ListItem\",\"position\":2,\"name\":\"Produkte\",\"item\":\"https:\\\/\\\/everydaychemshop.com\\\/de\\\/produkte\\\/\"},{\"@type\":\"ListItem\",\"position\":3,\"name\":\"Amnesia Haze Marihuana\"}]},{\"@type\":\"WebSite\",\"@id\":\"https:\\\/\\\/everydaychemshop.com\\\/de\\\/#website\",\"url\":\"https:\\\/\\\/everydaychemshop.com\\\/de\\\/\",\"name\":\"Everyday Chem Shop\",\"description\":\"\",\"potentialAction\":[{\"@type\":\"SearchAction\",\"target\":{\"@type\":\"EntryPoint\",\"urlTemplate\":\"https:\\\/\\\/everydaychemshop.com\\\/de\\\/?s={search_term_string}\"},\"query-input\":{\"@type\":\"PropertyValueSpecification\",\"valueRequired\":true,\"valueName\":\"search_term_string\"}}],\"inLanguage\":\"en-US\"}]}<\/script>\n<!-- \/ Yoast SEO Premium plugin. -->","yoast_head_json":{"title":"Kaufen Sie die Sorte Amnesia Haze online - Everyday Chem Shop","description":"Kaufen Sie die Sorte Amnesia Haze online. Wir verkaufen Amnesia Haze-Sorten von bester Qualit\u00e4t online. Bitte kontaktieren Sie uns f\u00fcr weitere Informationen und Preise.","robots":{"index":"index","follow":"follow","max-snippet":"max-snippet:-1","max-image-preview":"max-image-preview:large","max-video-preview":"max-video-preview:-1"},"canonical":"https:\/\/everydaychemshop.com\/de\/product\/amnesie-dunst-marihuana\/","og_locale":"en_US","og_type":"article","og_title":"Amnesia Haze Marihuana","og_description":"Kaufen Sie die Sorte Amnesia Haze online. Wir verkaufen Amnesia Haze-Sorten von bester Qualit\u00e4t online. Bitte kontaktieren Sie uns f\u00fcr weitere Informationen und Preise.","og_url":"https:\/\/everydaychemshop.com\/de\/product\/amnesie-dunst-marihuana\/","og_site_name":"Everyday Chem Shop","article_modified_time":"2023-04-06T05:50:45+00:00","og_image":[{"width":620,"height":620,"url":"https:\/\/everydaychemshop.com\/de\/wp-content\/uploads\/sites\/3\/2022\/11\/Amnesia-haze.jpg","type":"image\/jpeg"}],"twitter_card":"summary_large_image","twitter_misc":{"Est. reading time":"1 minute"},"schema":{"@context":"https:\/\/schema.org","@graph":[{"@type":"WebPage","@id":"https:\/\/everydaychemshop.com\/de\/product\/amnesie-dunst-marihuana\/","url":"https:\/\/everydaychemshop.com\/de\/product\/amnesie-dunst-marihuana\/","name":"Kaufen Sie die Sorte Amnesia Haze online - Everyday Chem Shop","isPartOf":{"@id":"https:\/\/everydaychemshop.com\/de\/#website"},"primaryImageOfPage":{"@id":"https:\/\/everydaychemshop.com\/de\/product\/amnesie-dunst-marihuana\/#primaryimage"},"image":{"@id":"https:\/\/everydaychemshop.com\/de\/product\/amnesie-dunst-marihuana\/#primaryimage"},"thumbnailUrl":"https:\/\/everydaychemshop.com\/de\/wp-content\/uploads\/sites\/3\/2022\/11\/Amnesia-haze.jpg","datePublished":"2022-11-20T06:13:42+00:00","dateModified":"2023-04-06T05:50:45+00:00","description":"Kaufen Sie die Sorte Amnesia Haze online. Wir verkaufen Amnesia Haze-Sorten von bester Qualit\u00e4t online. Bitte kontaktieren Sie uns f\u00fcr weitere Informationen und Preise.","breadcrumb":{"@id":"https:\/\/everydaychemshop.com\/de\/product\/amnesie-dunst-marihuana\/#breadcrumb"},"inLanguage":"en-US","potentialAction":[{"@type":"ReadAction","target":["https:\/\/everydaychemshop.com\/de\/product\/amnesie-dunst-marihuana\/"]}]},{"@type":"ImageObject","inLanguage":"en-US","@id":"https:\/\/everydaychemshop.com\/de\/product\/amnesie-dunst-marihuana\/#primaryimage","url":"https:\/\/everydaychemshop.com\/de\/wp-content\/uploads\/sites\/3\/2022\/11\/Amnesia-haze.jpg","contentUrl":"https:\/\/everydaychemshop.com\/de\/wp-content\/uploads\/sites\/3\/2022\/11\/Amnesia-haze.jpg","width":620,"height":620,"caption":"Kaufen Sie die Sorte Amnesia Haze online"},{"@type":"BreadcrumbList","@id":"https:\/\/everydaychemshop.com\/de\/product\/amnesie-dunst-marihuana\/#breadcrumb","itemListElement":[{"@type":"ListItem","position":1,"name":"Home","item":"https:\/\/everydaychemshop.com\/de\/"},{"@type":"ListItem","position":2,"name":"Produkte","item":"https:\/\/everydaychemshop.com\/de\/produkte\/"},{"@type":"ListItem","position":3,"name":"Amnesia Haze Marihuana"}]},{"@type":"WebSite","@id":"https:\/\/everydaychemshop.com\/de\/#website","url":"https:\/\/everydaychemshop.com\/de\/","name":"Everyday Chem Shop","description":"","potentialAction":[{"@type":"SearchAction","target":{"@type":"EntryPoint","urlTemplate":"https:\/\/everydaychemshop.com\/de\/?s={search_term_string}"},"query-input":{"@type":"PropertyValueSpecification","valueRequired":true,"valueName":"search_term_string"}}],"inLanguage":"en-US"}]}},"_links":{"self":[{"href":"https:\/\/everydaychemshop.com\/de\/wp-json\/wp\/v2\/product\/8258","targetHints":{"allow":["GET"]}}],"collection":[{"href":"https:\/\/everydaychemshop.com\/de\/wp-json\/wp\/v2\/product"}],"about":[{"href":"https:\/\/everydaychemshop.com\/de\/wp-json\/wp\/v2\/types\/product"}],"replies":[{"embeddable":true,"href":"https:\/\/everydaychemshop.com\/de\/wp-json\/wp\/v2\/comments?post=8258"}],"wp:featuredmedia":[{"embeddable":true,"href":"https:\/\/everydaychemshop.com\/de\/wp-json\/wp\/v2\/media\/8260"}],"wp:attachment":[{"href":"https:\/\/everydaychemshop.com\/de\/wp-json\/wp\/v2\/media?parent=8258"}],"wp:term":[{"taxonomy":"product_brand","embeddable":true,"href":"https:\/\/everydaychemshop.com\/de\/wp-json\/wp\/v2\/product_brand?post=8258"},{"taxonomy":"product_cat","embeddable":true,"href":"https:\/\/everydaychemshop.com\/de\/wp-json\/wp\/v2\/product_cat?post=8258"},{"taxonomy":"product_tag","embeddable":true,"href":"https:\/\/everydaychemshop.com\/de\/wp-json\/wp\/v2\/product_tag?post=8258"}],"curies":[{"name":"wp","href":"https:\/\/api.w.org\/{rel}","templated":true}]}}