{"id":8271,"date":"2022-11-20T06:36:40","date_gmt":"2022-11-20T06:36:40","guid":{"rendered":"https:\/\/everydaychemshop.com\/de\/?post_type=product&#038;p=8271"},"modified":"2023-04-06T05:47:56","modified_gmt":"2023-04-06T05:47:56","slug":"brombeer-kush","status":"publish","type":"product","link":"https:\/\/everydaychemshop.com\/de\/product\/brombeer-kush\/","title":{"rendered":"Brombeer Kush"},"content":{"rendered":"<h1 class=\"fusion-woocommerce-tab-title fusion-responsive-typography-calculated\" data-fontsize=\"29\" data-lineheight=\"33.06px\">Kaufen Sie Blackberry Kush in Premiumqualit\u00e4t online<\/h1>\n<p><a href=\"https:\/\/everydaychemshop.com\/de\/product\/brombeer-kush\/\">Kaufen Sie Blackberry Kush in Premiumqualit\u00e4t online<\/a>. Am bekanntesten wegen ihres charakteristischen, skunkigen, aber fruchtigen Aromas ist Blackberry Kush Marihuana eine dieser haupts\u00e4chlich Indica-Sorten, die stark beruhigend und hervorragend f\u00fcr die Behandlung chronischer Schmerzen ist.<\/p>\n<p>Mit einem THC-Gehalt zwischen 16 % und 20 %, Blackberry Kush-Marihuana ist auf der starken Seite, aber dieser Heavy-Hitter eignet sich hervorragend, um eine schlechte Stimmung umzukehren und eine Dosis s\u00fc\u00dfer Entspannung zu liefern, die Stress und Angst beseitigt. In Verbindung mit seinem ansprechenden Profil ist Blackberry Kush in der medizinischen Gemeinschaft wegen seiner F\u00e4higkeit beliebt geworden, mentale Probleme, Schlaflosigkeit und Nebenwirkungen <a href=\"https:\/\/de.wikipedia.org\/wiki\/Cannabidiol\">im<\/a> Zusammenhang mit Krebs umzukehren.<\/p>\n<p>Blackberry Kush-Marihuana-Samen gelten als einfach anzubauen und Pflanzen produzieren, die gegen Schimmel und andere \u00fcbliche Sch\u00e4dlinge resistent sind, aber sie wird am besten drinnen kultiviert, wo darauf geachtet werden kann, dass sie ihre H\u00f6he und Form beh\u00e4lt. Blackberry Kush bl\u00fcht zwischen 7 und 9 Wochen und ist mit einem beeindruckenden Ertrag bereit \u2013 zwischen 14 und 42 Unzen, je nach gew\u00e4hlter Umgebung.<\/p>\n","protected":false},"excerpt":{"rendered":"<p>Blackberry Kush Marihuana ist bekannt f\u00fcr seinen s\u00fc\u00dfen Duft und sein vielseitiges Profil. Einfach f\u00fcr Anf\u00e4nger, bl\u00fcht schnell und liefert einen beeindruckenden Ertrag.<\/p>\n","protected":false},"featured_media":8273,"comment_status":"open","ping_status":"closed","template":"","meta":{"inline_featured_image":false},"product_brand":[],"product_cat":[60],"product_tag":[],"class_list":{"0":"post-8271","1":"product","2":"type-product","3":"status-publish","4":"has-post-thumbnail","6":"product_cat-cbd-hanf-blume","8":"first","9":"instock","10":"shipping-taxable","11":"purchasable","12":"product-type-variable","13":"has-default-attributes"},"yoast_head":"<!-- This site is optimized with the Yoast SEO Premium plugin v19.2 (Yoast SEO v27.3) - https:\/\/yoast.com\/product\/yoast-seo-premium-wordpress\/ -->\n<title>Kaufen Blackberry Kush in Premiumqualit\u00e4t- Everyday Chem Shop<\/title>\n<meta name=\"description\" content=\"Kaufen Sie Blackberry Kush in Premiumqualit\u00e4t online. Wir verkaufen Blackberry Kush in bester Qualit\u00e4t online. Bitte kontaktieren Sie f\u00fcr weitere Informationen und Preise.\" \/>\n<meta name=\"robots\" content=\"index, follow, max-snippet:-1, max-image-preview:large, max-video-preview:-1\" \/>\n<link rel=\"canonical\" href=\"https:\/\/everydaychemshop.com\/de\/product\/brombeer-kush\/\" \/>\n<meta property=\"og:locale\" content=\"en_US\" \/>\n<meta property=\"og:type\" content=\"article\" \/>\n<meta property=\"og:title\" content=\"Brombeer Kush\" \/>\n<meta property=\"og:description\" content=\"Kaufen Sie Blackberry Kush in Premiumqualit\u00e4t online. Wir verkaufen Blackberry Kush in bester Qualit\u00e4t online. Bitte kontaktieren Sie f\u00fcr weitere Informationen und Preise.\" \/>\n<meta property=\"og:url\" content=\"https:\/\/everydaychemshop.com\/de\/product\/brombeer-kush\/\" \/>\n<meta property=\"og:site_name\" content=\"Everyday Chem Shop\" \/>\n<meta property=\"article:modified_time\" content=\"2023-04-06T05:47:56+00:00\" \/>\n<meta property=\"og:image\" content=\"https:\/\/everydaychemshop.com\/de\/wp-content\/uploads\/sites\/3\/2022\/11\/buy-best-marijuana-seeds-backberry-kush.jpg\" \/>\n\t<meta property=\"og:image:width\" content=\"360\" \/>\n\t<meta property=\"og:image:height\" content=\"450\" \/>\n\t<meta property=\"og:image:type\" content=\"image\/jpeg\" \/>\n<meta name=\"twitter:card\" content=\"summary_large_image\" \/>\n<meta name=\"twitter:label1\" content=\"Est. reading time\" \/>\n\t<meta name=\"twitter:data1\" content=\"1 minute\" \/>\n<script type=\"application\/ld+json\" class=\"yoast-schema-graph\">{\"@context\":\"https:\\\/\\\/schema.org\",\"@graph\":[{\"@type\":\"WebPage\",\"@id\":\"https:\\\/\\\/everydaychemshop.com\\\/de\\\/product\\\/brombeer-kush\\\/\",\"url\":\"https:\\\/\\\/everydaychemshop.com\\\/de\\\/product\\\/brombeer-kush\\\/\",\"name\":\"Kaufen Blackberry Kush in Premiumqualit\u00e4t- Everyday Chem Shop\",\"isPartOf\":{\"@id\":\"https:\\\/\\\/everydaychemshop.com\\\/de\\\/#website\"},\"primaryImageOfPage\":{\"@id\":\"https:\\\/\\\/everydaychemshop.com\\\/de\\\/product\\\/brombeer-kush\\\/#primaryimage\"},\"image\":{\"@id\":\"https:\\\/\\\/everydaychemshop.com\\\/de\\\/product\\\/brombeer-kush\\\/#primaryimage\"},\"thumbnailUrl\":\"https:\\\/\\\/everydaychemshop.com\\\/de\\\/wp-content\\\/uploads\\\/sites\\\/3\\\/2022\\\/11\\\/buy-best-marijuana-seeds-backberry-kush.jpg\",\"datePublished\":\"2022-11-20T06:36:40+00:00\",\"dateModified\":\"2023-04-06T05:47:56+00:00\",\"description\":\"Kaufen Sie Blackberry Kush in Premiumqualit\u00e4t online. Wir verkaufen Blackberry Kush in bester Qualit\u00e4t online. Bitte kontaktieren Sie f\u00fcr weitere Informationen und Preise.\",\"breadcrumb\":{\"@id\":\"https:\\\/\\\/everydaychemshop.com\\\/de\\\/product\\\/brombeer-kush\\\/#breadcrumb\"},\"inLanguage\":\"en-US\",\"potentialAction\":[{\"@type\":\"ReadAction\",\"target\":[\"https:\\\/\\\/everydaychemshop.com\\\/de\\\/product\\\/brombeer-kush\\\/\"]}]},{\"@type\":\"ImageObject\",\"inLanguage\":\"en-US\",\"@id\":\"https:\\\/\\\/everydaychemshop.com\\\/de\\\/product\\\/brombeer-kush\\\/#primaryimage\",\"url\":\"https:\\\/\\\/everydaychemshop.com\\\/de\\\/wp-content\\\/uploads\\\/sites\\\/3\\\/2022\\\/11\\\/buy-best-marijuana-seeds-backberry-kush.jpg\",\"contentUrl\":\"https:\\\/\\\/everydaychemshop.com\\\/de\\\/wp-content\\\/uploads\\\/sites\\\/3\\\/2022\\\/11\\\/buy-best-marijuana-seeds-backberry-kush.jpg\",\"width\":360,\"height\":450,\"caption\":\"Kaufen Sie Blackberry Kush in Premiumqualit\u00e4t online\"},{\"@type\":\"BreadcrumbList\",\"@id\":\"https:\\\/\\\/everydaychemshop.com\\\/de\\\/product\\\/brombeer-kush\\\/#breadcrumb\",\"itemListElement\":[{\"@type\":\"ListItem\",\"position\":1,\"name\":\"Home\",\"item\":\"https:\\\/\\\/everydaychemshop.com\\\/de\\\/\"},{\"@type\":\"ListItem\",\"position\":2,\"name\":\"Produkte\",\"item\":\"https:\\\/\\\/everydaychemshop.com\\\/de\\\/produkte\\\/\"},{\"@type\":\"ListItem\",\"position\":3,\"name\":\"Brombeer Kush\"}]},{\"@type\":\"WebSite\",\"@id\":\"https:\\\/\\\/everydaychemshop.com\\\/de\\\/#website\",\"url\":\"https:\\\/\\\/everydaychemshop.com\\\/de\\\/\",\"name\":\"Everyday Chem Shop\",\"description\":\"\",\"potentialAction\":[{\"@type\":\"SearchAction\",\"target\":{\"@type\":\"EntryPoint\",\"urlTemplate\":\"https:\\\/\\\/everydaychemshop.com\\\/de\\\/?s={search_term_string}\"},\"query-input\":{\"@type\":\"PropertyValueSpecification\",\"valueRequired\":true,\"valueName\":\"search_term_string\"}}],\"inLanguage\":\"en-US\"}]}<\/script>\n<!-- \/ Yoast SEO Premium plugin. -->","yoast_head_json":{"title":"Kaufen Blackberry Kush in Premiumqualit\u00e4t- Everyday Chem Shop","description":"Kaufen Sie Blackberry Kush in Premiumqualit\u00e4t online. Wir verkaufen Blackberry Kush in bester Qualit\u00e4t online. Bitte kontaktieren Sie f\u00fcr weitere Informationen und Preise.","robots":{"index":"index","follow":"follow","max-snippet":"max-snippet:-1","max-image-preview":"max-image-preview:large","max-video-preview":"max-video-preview:-1"},"canonical":"https:\/\/everydaychemshop.com\/de\/product\/brombeer-kush\/","og_locale":"en_US","og_type":"article","og_title":"Brombeer Kush","og_description":"Kaufen Sie Blackberry Kush in Premiumqualit\u00e4t online. Wir verkaufen Blackberry Kush in bester Qualit\u00e4t online. Bitte kontaktieren Sie f\u00fcr weitere Informationen und Preise.","og_url":"https:\/\/everydaychemshop.com\/de\/product\/brombeer-kush\/","og_site_name":"Everyday Chem Shop","article_modified_time":"2023-04-06T05:47:56+00:00","og_image":[{"width":360,"height":450,"url":"https:\/\/everydaychemshop.com\/de\/wp-content\/uploads\/sites\/3\/2022\/11\/buy-best-marijuana-seeds-backberry-kush.jpg","type":"image\/jpeg"}],"twitter_card":"summary_large_image","twitter_misc":{"Est. reading time":"1 minute"},"schema":{"@context":"https:\/\/schema.org","@graph":[{"@type":"WebPage","@id":"https:\/\/everydaychemshop.com\/de\/product\/brombeer-kush\/","url":"https:\/\/everydaychemshop.com\/de\/product\/brombeer-kush\/","name":"Kaufen Blackberry Kush in Premiumqualit\u00e4t- Everyday Chem Shop","isPartOf":{"@id":"https:\/\/everydaychemshop.com\/de\/#website"},"primaryImageOfPage":{"@id":"https:\/\/everydaychemshop.com\/de\/product\/brombeer-kush\/#primaryimage"},"image":{"@id":"https:\/\/everydaychemshop.com\/de\/product\/brombeer-kush\/#primaryimage"},"thumbnailUrl":"https:\/\/everydaychemshop.com\/de\/wp-content\/uploads\/sites\/3\/2022\/11\/buy-best-marijuana-seeds-backberry-kush.jpg","datePublished":"2022-11-20T06:36:40+00:00","dateModified":"2023-04-06T05:47:56+00:00","description":"Kaufen Sie Blackberry Kush in Premiumqualit\u00e4t online. Wir verkaufen Blackberry Kush in bester Qualit\u00e4t online. Bitte kontaktieren Sie f\u00fcr weitere Informationen und Preise.","breadcrumb":{"@id":"https:\/\/everydaychemshop.com\/de\/product\/brombeer-kush\/#breadcrumb"},"inLanguage":"en-US","potentialAction":[{"@type":"ReadAction","target":["https:\/\/everydaychemshop.com\/de\/product\/brombeer-kush\/"]}]},{"@type":"ImageObject","inLanguage":"en-US","@id":"https:\/\/everydaychemshop.com\/de\/product\/brombeer-kush\/#primaryimage","url":"https:\/\/everydaychemshop.com\/de\/wp-content\/uploads\/sites\/3\/2022\/11\/buy-best-marijuana-seeds-backberry-kush.jpg","contentUrl":"https:\/\/everydaychemshop.com\/de\/wp-content\/uploads\/sites\/3\/2022\/11\/buy-best-marijuana-seeds-backberry-kush.jpg","width":360,"height":450,"caption":"Kaufen Sie Blackberry Kush in Premiumqualit\u00e4t online"},{"@type":"BreadcrumbList","@id":"https:\/\/everydaychemshop.com\/de\/product\/brombeer-kush\/#breadcrumb","itemListElement":[{"@type":"ListItem","position":1,"name":"Home","item":"https:\/\/everydaychemshop.com\/de\/"},{"@type":"ListItem","position":2,"name":"Produkte","item":"https:\/\/everydaychemshop.com\/de\/produkte\/"},{"@type":"ListItem","position":3,"name":"Brombeer Kush"}]},{"@type":"WebSite","@id":"https:\/\/everydaychemshop.com\/de\/#website","url":"https:\/\/everydaychemshop.com\/de\/","name":"Everyday Chem Shop","description":"","potentialAction":[{"@type":"SearchAction","target":{"@type":"EntryPoint","urlTemplate":"https:\/\/everydaychemshop.com\/de\/?s={search_term_string}"},"query-input":{"@type":"PropertyValueSpecification","valueRequired":true,"valueName":"search_term_string"}}],"inLanguage":"en-US"}]}},"_links":{"self":[{"href":"https:\/\/everydaychemshop.com\/de\/wp-json\/wp\/v2\/product\/8271","targetHints":{"allow":["GET"]}}],"collection":[{"href":"https:\/\/everydaychemshop.com\/de\/wp-json\/wp\/v2\/product"}],"about":[{"href":"https:\/\/everydaychemshop.com\/de\/wp-json\/wp\/v2\/types\/product"}],"replies":[{"embeddable":true,"href":"https:\/\/everydaychemshop.com\/de\/wp-json\/wp\/v2\/comments?post=8271"}],"wp:featuredmedia":[{"embeddable":true,"href":"https:\/\/everydaychemshop.com\/de\/wp-json\/wp\/v2\/media\/8273"}],"wp:attachment":[{"href":"https:\/\/everydaychemshop.com\/de\/wp-json\/wp\/v2\/media?parent=8271"}],"wp:term":[{"taxonomy":"product_brand","embeddable":true,"href":"https:\/\/everydaychemshop.com\/de\/wp-json\/wp\/v2\/product_brand?post=8271"},{"taxonomy":"product_cat","embeddable":true,"href":"https:\/\/everydaychemshop.com\/de\/wp-json\/wp\/v2\/product_cat?post=8271"},{"taxonomy":"product_tag","embeddable":true,"href":"https:\/\/everydaychemshop.com\/de\/wp-json\/wp\/v2\/product_tag?post=8271"}],"curies":[{"name":"wp","href":"https:\/\/api.w.org\/{rel}","templated":true}]}}