{"id":8278,"date":"2022-11-20T06:44:49","date_gmt":"2022-11-20T06:44:49","guid":{"rendered":"https:\/\/everydaychemshop.com\/de\/?post_type=product&#038;p=8278"},"modified":"2023-04-06T05:46:43","modified_gmt":"2023-04-06T05:46:43","slug":"blue-dream-sorte","status":"publish","type":"product","link":"https:\/\/everydaychemshop.com\/de\/product\/blue-dream-sorte\/","title":{"rendered":"Blue Dream-Sorte"},"content":{"rendered":"<h1>Blue Dream feminisierte Samen<\/h1>\n<p><a href=\"https:\/\/everydaychemshop.com\/de\/product\/blue-dream-sorte\/\">Blue Dream feminisierte Samen<\/a>. Ohne Zweifel sind Blue Dream-Samen eine der beliebtesten Marihuana-Sorten in den USA Seeds&#8221; href=&#8221;https:\/\/ilgm.com\/collections\/sativa-seeds\/&#8221;&gt;sativadominante Hybriden sind bekannt. Es ist Ihr idealer Start f\u00fcr einen entspannenden und belebenden Tag, der Sie sp\u00e4ter in eine leichte Euphorie versetzt. Wenn <a href=\"https:\/\/de.wikipedia.org\/wiki\/Cannabidiol\">Sie<\/a> auf der Suche nach einem gro\u00dfartigen Tages-High sind, suchen Sie nicht weiter.<\/p>\n<p>Blue Dream bietet einen\u00a0hoher THC-Gehalt\u00a0von 21 %, der s\u00fc\u00dfe Duft von Beeren beim Rauchen und eine beruhigende Wirkung, die verschiedene Symptome lindert. Wenn Sie nach Hilfe bei \u00dcbelkeit, Depression oder Schmerzen suchen, werden Sie die Erfahrung mit hohem THC-Gehalt lieben, die Blue Dream bringt!<\/p>\n<table>\n<tbody>\n<tr>\n<td>Pflanzentyp<\/td>\n<td>20 % Indica 80 % Sativa<\/td>\n<\/tr>\n<tr>\n<td>THC<\/td>\n<td>Bis zu 21 %<\/td>\n<\/tr>\n<tr>\n<td>CBD<\/td>\n<td>Bis zu 2 %<\/td>\n<\/tr>\n<tr>\n<td>Schwierigkeit<\/td>\n<td>Mittel<\/td>\n<\/tr>\n<tr>\n<td>Klima<\/td>\n<td>Innenr\u00e4ume\u00a0| Gem\u00e4\u00dfigt\u00a0| Mittelmeer<\/td>\n<\/tr>\n<tr>\n<td>Pflanzengr\u00f6\u00dfe<\/td>\n<td>Hoch<\/td>\n<\/tr>\n<tr>\n<td>Vegetatives Stadium<\/td>\n<td>4 to 8 Wochen<\/td>\n<\/tr>\n<tr>\n<td>Bl\u00fctezeit<\/td>\n<td>9 bis 12 Wochen<\/td>\n<\/tr>\n<tr>\n<td>Ertr\u00e4ge<\/td>\n<td>21 Unzen pro Pflanze<\/td>\n<\/tr>\n<tr>\n<td>Geschmack und Geruch<\/td>\n<td>Beere | erdig | Kr\u00e4uter | s\u00fc\u00df | Vanilla<\/td>\n<\/tr>\n<\/tbody>\n<\/table>\n<h3>Ursprung der Blue Dream-Sorte<\/h3>\n<p>Diese Sorte hat ihren Ursprung in der kalifornischen Szene f\u00fcr medizinisches Marihuana. Es wurde daf\u00fcr bekannt, dass es den kalifornischen Vibe liefert, der gleichbedeutend mit gro\u00dfartigen Highs am Tag ist. Die Sorte ist aufgrund ihrer gro\u00dfartigen Mischung aus\u00a0Blueberry Indica\u00a0und\u00a0Super Silver Haze eine der gefragtesten auf dem Markt.<\/p>\n<p>Blue Dream ist erstklassiges Cannabis. Sie hat einen hervorragenden Ruf f\u00fcr unbeschwerte Highs f\u00fcr den ganzen Tag, was sie zur ersten Wahl f\u00fcr Tagesraucher macht. Wenn du ein tolles High willst, das dich durch den Tag tragen kann, ohne dich auf der Couch zu verputzen, dann ist das genau das Richtige f\u00fcr dich.<\/p>\n<p>Eltern von Blue Dream<\/p>\n<ul>\n<li>Blueberry indica<\/li>\n<li>Haze sativa<\/li>\n<\/ul>\n","protected":false},"excerpt":{"rendered":"<p>Hybride aus 20\u00a0% Indica und 80\u00a0% Sativa<br \/>\ncheckmarkHoher THC-Gehalt von bis zu 21\u00a0%<br \/>\ncheckmarkKonstant hohe Ertr\u00e4ge<br \/>\ncheckmarkEinfaches High f\u00fcr den t\u00e4glichen Gebrauch<br \/>\ncheckmarkFeminisierte Samen f\u00fcr garantierten Knospen<\/p>\n","protected":false},"featured_media":8280,"comment_status":"open","ping_status":"closed","template":"","meta":{"inline_featured_image":false},"product_brand":[],"product_cat":[60],"product_tag":[],"class_list":{"0":"post-8278","1":"product","2":"type-product","3":"status-publish","4":"has-post-thumbnail","6":"product_cat-cbd-hanf-blume","8":"first","9":"instock","10":"shipping-taxable","11":"purchasable","12":"product-type-variable","13":"has-default-attributes"},"yoast_head":"<!-- This site is optimized with the Yoast SEO Premium plugin v19.2 (Yoast SEO v27.3) - https:\/\/yoast.com\/product\/yoast-seo-premium-wordpress\/ -->\n<title>Blue Dream feminisierte Samen - Everyday Chem Shop<\/title>\n<meta name=\"description\" content=\"Blue Dream feminisierte Samen. Ohne Zweifel sind Blue Dream-Samen eine der beliebtesten Marihuana-Sorten in den USA.\" \/>\n<meta name=\"robots\" content=\"index, follow, max-snippet:-1, max-image-preview:large, max-video-preview:-1\" \/>\n<link rel=\"canonical\" href=\"https:\/\/everydaychemshop.com\/de\/product\/blue-dream-sorte\/\" \/>\n<meta property=\"og:locale\" content=\"en_US\" \/>\n<meta property=\"og:type\" content=\"article\" \/>\n<meta property=\"og:title\" content=\"Blue Dream-Sorte\" \/>\n<meta property=\"og:description\" content=\"Blue Dream feminisierte Samen. Ohne Zweifel sind Blue Dream-Samen eine der beliebtesten Marihuana-Sorten in den USA.\" \/>\n<meta property=\"og:url\" content=\"https:\/\/everydaychemshop.com\/de\/product\/blue-dream-sorte\/\" \/>\n<meta property=\"og:site_name\" content=\"Everyday Chem Shop\" \/>\n<meta property=\"article:modified_time\" content=\"2023-04-06T05:46:43+00:00\" \/>\n<meta property=\"og:image\" content=\"https:\/\/everydaychemshop.com\/de\/wp-content\/uploads\/sites\/3\/2022\/11\/blue-dream-marijuana-seeds_feminized.jpg\" \/>\n\t<meta property=\"og:image:width\" content=\"480\" \/>\n\t<meta property=\"og:image:height\" content=\"480\" \/>\n\t<meta property=\"og:image:type\" content=\"image\/jpeg\" \/>\n<meta name=\"twitter:card\" content=\"summary_large_image\" \/>\n<meta name=\"twitter:label1\" content=\"Est. reading time\" \/>\n\t<meta name=\"twitter:data1\" content=\"2 minutes\" \/>\n<script type=\"application\/ld+json\" class=\"yoast-schema-graph\">{\"@context\":\"https:\\\/\\\/schema.org\",\"@graph\":[{\"@type\":\"WebPage\",\"@id\":\"https:\\\/\\\/everydaychemshop.com\\\/de\\\/product\\\/blue-dream-sorte\\\/\",\"url\":\"https:\\\/\\\/everydaychemshop.com\\\/de\\\/product\\\/blue-dream-sorte\\\/\",\"name\":\"Blue Dream feminisierte Samen - Everyday Chem Shop\",\"isPartOf\":{\"@id\":\"https:\\\/\\\/everydaychemshop.com\\\/de\\\/#website\"},\"primaryImageOfPage\":{\"@id\":\"https:\\\/\\\/everydaychemshop.com\\\/de\\\/product\\\/blue-dream-sorte\\\/#primaryimage\"},\"image\":{\"@id\":\"https:\\\/\\\/everydaychemshop.com\\\/de\\\/product\\\/blue-dream-sorte\\\/#primaryimage\"},\"thumbnailUrl\":\"https:\\\/\\\/everydaychemshop.com\\\/de\\\/wp-content\\\/uploads\\\/sites\\\/3\\\/2022\\\/11\\\/blue-dream-marijuana-seeds_feminized.jpg\",\"datePublished\":\"2022-11-20T06:44:49+00:00\",\"dateModified\":\"2023-04-06T05:46:43+00:00\",\"description\":\"Blue Dream feminisierte Samen. Ohne Zweifel sind Blue Dream-Samen eine der beliebtesten Marihuana-Sorten in den USA.\",\"breadcrumb\":{\"@id\":\"https:\\\/\\\/everydaychemshop.com\\\/de\\\/product\\\/blue-dream-sorte\\\/#breadcrumb\"},\"inLanguage\":\"en-US\",\"potentialAction\":[{\"@type\":\"ReadAction\",\"target\":[\"https:\\\/\\\/everydaychemshop.com\\\/de\\\/product\\\/blue-dream-sorte\\\/\"]}]},{\"@type\":\"ImageObject\",\"inLanguage\":\"en-US\",\"@id\":\"https:\\\/\\\/everydaychemshop.com\\\/de\\\/product\\\/blue-dream-sorte\\\/#primaryimage\",\"url\":\"https:\\\/\\\/everydaychemshop.com\\\/de\\\/wp-content\\\/uploads\\\/sites\\\/3\\\/2022\\\/11\\\/blue-dream-marijuana-seeds_feminized.jpg\",\"contentUrl\":\"https:\\\/\\\/everydaychemshop.com\\\/de\\\/wp-content\\\/uploads\\\/sites\\\/3\\\/2022\\\/11\\\/blue-dream-marijuana-seeds_feminized.jpg\",\"width\":480,\"height\":480,\"caption\":\"Blue Dream feminisierte Samen\"},{\"@type\":\"BreadcrumbList\",\"@id\":\"https:\\\/\\\/everydaychemshop.com\\\/de\\\/product\\\/blue-dream-sorte\\\/#breadcrumb\",\"itemListElement\":[{\"@type\":\"ListItem\",\"position\":1,\"name\":\"Home\",\"item\":\"https:\\\/\\\/everydaychemshop.com\\\/de\\\/\"},{\"@type\":\"ListItem\",\"position\":2,\"name\":\"Produkte\",\"item\":\"https:\\\/\\\/everydaychemshop.com\\\/de\\\/produkte\\\/\"},{\"@type\":\"ListItem\",\"position\":3,\"name\":\"Blue Dream-Sorte\"}]},{\"@type\":\"WebSite\",\"@id\":\"https:\\\/\\\/everydaychemshop.com\\\/de\\\/#website\",\"url\":\"https:\\\/\\\/everydaychemshop.com\\\/de\\\/\",\"name\":\"Everyday Chem Shop\",\"description\":\"\",\"potentialAction\":[{\"@type\":\"SearchAction\",\"target\":{\"@type\":\"EntryPoint\",\"urlTemplate\":\"https:\\\/\\\/everydaychemshop.com\\\/de\\\/?s={search_term_string}\"},\"query-input\":{\"@type\":\"PropertyValueSpecification\",\"valueRequired\":true,\"valueName\":\"search_term_string\"}}],\"inLanguage\":\"en-US\"}]}<\/script>\n<!-- \/ Yoast SEO Premium plugin. -->","yoast_head_json":{"title":"Blue Dream feminisierte Samen - Everyday Chem Shop","description":"Blue Dream feminisierte Samen. Ohne Zweifel sind Blue Dream-Samen eine der beliebtesten Marihuana-Sorten in den USA.","robots":{"index":"index","follow":"follow","max-snippet":"max-snippet:-1","max-image-preview":"max-image-preview:large","max-video-preview":"max-video-preview:-1"},"canonical":"https:\/\/everydaychemshop.com\/de\/product\/blue-dream-sorte\/","og_locale":"en_US","og_type":"article","og_title":"Blue Dream-Sorte","og_description":"Blue Dream feminisierte Samen. Ohne Zweifel sind Blue Dream-Samen eine der beliebtesten Marihuana-Sorten in den USA.","og_url":"https:\/\/everydaychemshop.com\/de\/product\/blue-dream-sorte\/","og_site_name":"Everyday Chem Shop","article_modified_time":"2023-04-06T05:46:43+00:00","og_image":[{"width":480,"height":480,"url":"https:\/\/everydaychemshop.com\/de\/wp-content\/uploads\/sites\/3\/2022\/11\/blue-dream-marijuana-seeds_feminized.jpg","type":"image\/jpeg"}],"twitter_card":"summary_large_image","twitter_misc":{"Est. reading time":"2 minutes"},"schema":{"@context":"https:\/\/schema.org","@graph":[{"@type":"WebPage","@id":"https:\/\/everydaychemshop.com\/de\/product\/blue-dream-sorte\/","url":"https:\/\/everydaychemshop.com\/de\/product\/blue-dream-sorte\/","name":"Blue Dream feminisierte Samen - Everyday Chem Shop","isPartOf":{"@id":"https:\/\/everydaychemshop.com\/de\/#website"},"primaryImageOfPage":{"@id":"https:\/\/everydaychemshop.com\/de\/product\/blue-dream-sorte\/#primaryimage"},"image":{"@id":"https:\/\/everydaychemshop.com\/de\/product\/blue-dream-sorte\/#primaryimage"},"thumbnailUrl":"https:\/\/everydaychemshop.com\/de\/wp-content\/uploads\/sites\/3\/2022\/11\/blue-dream-marijuana-seeds_feminized.jpg","datePublished":"2022-11-20T06:44:49+00:00","dateModified":"2023-04-06T05:46:43+00:00","description":"Blue Dream feminisierte Samen. Ohne Zweifel sind Blue Dream-Samen eine der beliebtesten Marihuana-Sorten in den USA.","breadcrumb":{"@id":"https:\/\/everydaychemshop.com\/de\/product\/blue-dream-sorte\/#breadcrumb"},"inLanguage":"en-US","potentialAction":[{"@type":"ReadAction","target":["https:\/\/everydaychemshop.com\/de\/product\/blue-dream-sorte\/"]}]},{"@type":"ImageObject","inLanguage":"en-US","@id":"https:\/\/everydaychemshop.com\/de\/product\/blue-dream-sorte\/#primaryimage","url":"https:\/\/everydaychemshop.com\/de\/wp-content\/uploads\/sites\/3\/2022\/11\/blue-dream-marijuana-seeds_feminized.jpg","contentUrl":"https:\/\/everydaychemshop.com\/de\/wp-content\/uploads\/sites\/3\/2022\/11\/blue-dream-marijuana-seeds_feminized.jpg","width":480,"height":480,"caption":"Blue Dream feminisierte Samen"},{"@type":"BreadcrumbList","@id":"https:\/\/everydaychemshop.com\/de\/product\/blue-dream-sorte\/#breadcrumb","itemListElement":[{"@type":"ListItem","position":1,"name":"Home","item":"https:\/\/everydaychemshop.com\/de\/"},{"@type":"ListItem","position":2,"name":"Produkte","item":"https:\/\/everydaychemshop.com\/de\/produkte\/"},{"@type":"ListItem","position":3,"name":"Blue Dream-Sorte"}]},{"@type":"WebSite","@id":"https:\/\/everydaychemshop.com\/de\/#website","url":"https:\/\/everydaychemshop.com\/de\/","name":"Everyday Chem Shop","description":"","potentialAction":[{"@type":"SearchAction","target":{"@type":"EntryPoint","urlTemplate":"https:\/\/everydaychemshop.com\/de\/?s={search_term_string}"},"query-input":{"@type":"PropertyValueSpecification","valueRequired":true,"valueName":"search_term_string"}}],"inLanguage":"en-US"}]}},"_links":{"self":[{"href":"https:\/\/everydaychemshop.com\/de\/wp-json\/wp\/v2\/product\/8278","targetHints":{"allow":["GET"]}}],"collection":[{"href":"https:\/\/everydaychemshop.com\/de\/wp-json\/wp\/v2\/product"}],"about":[{"href":"https:\/\/everydaychemshop.com\/de\/wp-json\/wp\/v2\/types\/product"}],"replies":[{"embeddable":true,"href":"https:\/\/everydaychemshop.com\/de\/wp-json\/wp\/v2\/comments?post=8278"}],"wp:featuredmedia":[{"embeddable":true,"href":"https:\/\/everydaychemshop.com\/de\/wp-json\/wp\/v2\/media\/8280"}],"wp:attachment":[{"href":"https:\/\/everydaychemshop.com\/de\/wp-json\/wp\/v2\/media?parent=8278"}],"wp:term":[{"taxonomy":"product_brand","embeddable":true,"href":"https:\/\/everydaychemshop.com\/de\/wp-json\/wp\/v2\/product_brand?post=8278"},{"taxonomy":"product_cat","embeddable":true,"href":"https:\/\/everydaychemshop.com\/de\/wp-json\/wp\/v2\/product_cat?post=8278"},{"taxonomy":"product_tag","embeddable":true,"href":"https:\/\/everydaychemshop.com\/de\/wp-json\/wp\/v2\/product_tag?post=8278"}],"curies":[{"name":"wp","href":"https:\/\/api.w.org\/{rel}","templated":true}]}}