{"id":8284,"date":"2022-11-20T06:47:12","date_gmt":"2022-11-20T06:47:12","guid":{"rendered":"https:\/\/everydaychemshop.com\/de\/?post_type=product&#038;p=8284"},"modified":"2023-04-06T05:45:43","modified_gmt":"2023-04-06T05:45:43","slug":"kirsch-gorilla-kleber","status":"publish","type":"product","link":"https:\/\/everydaychemshop.com\/de\/product\/kirsch-gorilla-kleber\/","title":{"rendered":"Cherry Gorilla alias Cherry Gorilla Glue"},"content":{"rendered":"<h1>Kaufen Sie Cherry Gorilla in Premium-Qualit\u00e4t online<\/h1>\n<p><a href=\"https:\/\/everydaychemshop.com\/de\/product\/kirsch-gorilla-kleber\/\">Kaufen Sie Cherry Gorilla in Premium-Qualit\u00e4t online<\/a>. Cherry Gorilla, auch bekannt als \u201eCherry Gorilla Glue\u201c, ist eine hybride Marihuana-Sorte. Die Wirkung von Cherry Gorilla ist eher beruhigend als anregend. Verbraucher sagen, dass diese Sorte ein unglaubliches High mit sofortigen Euphoriegef\u00fchlen bietet, bevor sie Sie schlie\u00dflich in <a href=\"https:\/\/de.wikipedia.org\/wiki\/Cannabidiol\">einen<\/a> schl\u00e4frigen Zustand versetzt. Cherry Gorilla enth\u00e4lt 17 % THC, aber Sorten dieser Sorte haben Tests mit bis zu 20 % THC oder mehr durchgef\u00fchrt. Aus diesem Grund ist Cherry Gorilla am besten erfahrenen Cannabiskonsumenten mit einer hohen THC-Toleranz vorbehalten. Diese Sorte strahlt ein erdiges Geschmacksprofil aus, das von Noten von Beeren und Diesel unterst\u00fctzt wird. Patienten mit medizinischem Marihuana k\u00f6nnen Cherry Gorilla w\u00e4hlen, um Symptome zu lindern, die mit Depressionen, Stress und Schmerzen verbunden sind.<\/p>\n","protected":false},"excerpt":{"rendered":"<p>Cherry Gorilla, auch bekannt als \u201eCherry Gorilla Glue\u201c, ist eine hybride Marihuana-Sorte. Die Wirkung von Cherry Gorilla ist eher beruhigend als anregend. Verbraucher sagen, dass diese Sorte ein unglaubliches High mit sofortigen Euphoriegef\u00fchlen bietet, bevor sie Sie schlie\u00dflich in einen schl\u00e4frigen Zustand versetzt.<\/p>\n","protected":false},"featured_media":8286,"comment_status":"open","ping_status":"closed","template":"","meta":{"inline_featured_image":false},"product_brand":[],"product_cat":[60],"product_tag":[],"class_list":{"0":"post-8284","1":"product","2":"type-product","3":"status-publish","4":"has-post-thumbnail","6":"product_cat-cbd-hanf-blume","8":"first","9":"instock","10":"shipping-taxable","11":"purchasable","12":"product-type-variable","13":"has-default-attributes"},"yoast_head":"<!-- This site is optimized with the Yoast SEO Premium plugin v19.2 (Yoast SEO v27.3) - https:\/\/yoast.com\/product\/yoast-seo-premium-wordpress\/ -->\n<title>Cherry Gorilla in Premium-Qualit\u00e4t - Everyday Chem Shop<\/title>\n<meta name=\"description\" content=\"Kaufen Sie Cherry Gorilla in Premium-Qualit\u00e4t online. Wir verkaufen Cherry Gorilla in bester Qualit\u00e4t online. Bitte kontaktieren Sie f\u00fcr weitere Informationen und Preise.\" \/>\n<meta name=\"robots\" content=\"index, follow, max-snippet:-1, max-image-preview:large, max-video-preview:-1\" \/>\n<link rel=\"canonical\" href=\"https:\/\/everydaychemshop.com\/de\/product\/kirsch-gorilla-kleber\/\" \/>\n<meta property=\"og:locale\" content=\"en_US\" \/>\n<meta property=\"og:type\" content=\"article\" \/>\n<meta property=\"og:title\" content=\"Cherry Gorilla alias Cherry Gorilla Glue\" \/>\n<meta property=\"og:description\" content=\"Kaufen Sie Cherry Gorilla in Premium-Qualit\u00e4t online. Wir verkaufen Cherry Gorilla in bester Qualit\u00e4t online. Bitte kontaktieren Sie f\u00fcr weitere Informationen und Preise.\" \/>\n<meta property=\"og:url\" content=\"https:\/\/everydaychemshop.com\/de\/product\/kirsch-gorilla-kleber\/\" \/>\n<meta property=\"og:site_name\" content=\"Everyday Chem Shop\" \/>\n<meta property=\"article:modified_time\" content=\"2023-04-06T05:45:43+00:00\" \/>\n<meta property=\"og:image\" content=\"https:\/\/everydaychemshop.com\/de\/wp-content\/uploads\/sites\/3\/2022\/11\/Cherry-Gorilla-C-scaled-1.jpeg\" \/>\n\t<meta property=\"og:image:width\" content=\"1920\" \/>\n\t<meta property=\"og:image:height\" content=\"2560\" \/>\n\t<meta property=\"og:image:type\" content=\"image\/jpeg\" \/>\n<meta name=\"twitter:card\" content=\"summary_large_image\" \/>\n<meta name=\"twitter:label1\" content=\"Est. reading time\" \/>\n\t<meta name=\"twitter:data1\" content=\"1 minute\" \/>\n<script type=\"application\/ld+json\" class=\"yoast-schema-graph\">{\"@context\":\"https:\\\/\\\/schema.org\",\"@graph\":[{\"@type\":\"WebPage\",\"@id\":\"https:\\\/\\\/everydaychemshop.com\\\/de\\\/product\\\/kirsch-gorilla-kleber\\\/\",\"url\":\"https:\\\/\\\/everydaychemshop.com\\\/de\\\/product\\\/kirsch-gorilla-kleber\\\/\",\"name\":\"Cherry Gorilla in Premium-Qualit\u00e4t - Everyday Chem Shop\",\"isPartOf\":{\"@id\":\"https:\\\/\\\/everydaychemshop.com\\\/de\\\/#website\"},\"primaryImageOfPage\":{\"@id\":\"https:\\\/\\\/everydaychemshop.com\\\/de\\\/product\\\/kirsch-gorilla-kleber\\\/#primaryimage\"},\"image\":{\"@id\":\"https:\\\/\\\/everydaychemshop.com\\\/de\\\/product\\\/kirsch-gorilla-kleber\\\/#primaryimage\"},\"thumbnailUrl\":\"https:\\\/\\\/everydaychemshop.com\\\/de\\\/wp-content\\\/uploads\\\/sites\\\/3\\\/2022\\\/11\\\/Cherry-Gorilla-C-scaled-1.jpeg\",\"datePublished\":\"2022-11-20T06:47:12+00:00\",\"dateModified\":\"2023-04-06T05:45:43+00:00\",\"description\":\"Kaufen Sie Cherry Gorilla in Premium-Qualit\u00e4t online. Wir verkaufen Cherry Gorilla in bester Qualit\u00e4t online. Bitte kontaktieren Sie f\u00fcr weitere Informationen und Preise.\",\"breadcrumb\":{\"@id\":\"https:\\\/\\\/everydaychemshop.com\\\/de\\\/product\\\/kirsch-gorilla-kleber\\\/#breadcrumb\"},\"inLanguage\":\"en-US\",\"potentialAction\":[{\"@type\":\"ReadAction\",\"target\":[\"https:\\\/\\\/everydaychemshop.com\\\/de\\\/product\\\/kirsch-gorilla-kleber\\\/\"]}]},{\"@type\":\"ImageObject\",\"inLanguage\":\"en-US\",\"@id\":\"https:\\\/\\\/everydaychemshop.com\\\/de\\\/product\\\/kirsch-gorilla-kleber\\\/#primaryimage\",\"url\":\"https:\\\/\\\/everydaychemshop.com\\\/de\\\/wp-content\\\/uploads\\\/sites\\\/3\\\/2022\\\/11\\\/Cherry-Gorilla-C-scaled-1.jpeg\",\"contentUrl\":\"https:\\\/\\\/everydaychemshop.com\\\/de\\\/wp-content\\\/uploads\\\/sites\\\/3\\\/2022\\\/11\\\/Cherry-Gorilla-C-scaled-1.jpeg\",\"width\":1920,\"height\":2560,\"caption\":\"Kaufen Sie Cherry Gorilla in Premium-Qualit\u00e4t online\"},{\"@type\":\"BreadcrumbList\",\"@id\":\"https:\\\/\\\/everydaychemshop.com\\\/de\\\/product\\\/kirsch-gorilla-kleber\\\/#breadcrumb\",\"itemListElement\":[{\"@type\":\"ListItem\",\"position\":1,\"name\":\"Home\",\"item\":\"https:\\\/\\\/everydaychemshop.com\\\/de\\\/\"},{\"@type\":\"ListItem\",\"position\":2,\"name\":\"Produkte\",\"item\":\"https:\\\/\\\/everydaychemshop.com\\\/de\\\/produkte\\\/\"},{\"@type\":\"ListItem\",\"position\":3,\"name\":\"Cherry Gorilla alias Cherry Gorilla Glue\"}]},{\"@type\":\"WebSite\",\"@id\":\"https:\\\/\\\/everydaychemshop.com\\\/de\\\/#website\",\"url\":\"https:\\\/\\\/everydaychemshop.com\\\/de\\\/\",\"name\":\"Everyday Chem Shop\",\"description\":\"\",\"potentialAction\":[{\"@type\":\"SearchAction\",\"target\":{\"@type\":\"EntryPoint\",\"urlTemplate\":\"https:\\\/\\\/everydaychemshop.com\\\/de\\\/?s={search_term_string}\"},\"query-input\":{\"@type\":\"PropertyValueSpecification\",\"valueRequired\":true,\"valueName\":\"search_term_string\"}}],\"inLanguage\":\"en-US\"}]}<\/script>\n<!-- \/ Yoast SEO Premium plugin. -->","yoast_head_json":{"title":"Cherry Gorilla in Premium-Qualit\u00e4t - Everyday Chem Shop","description":"Kaufen Sie Cherry Gorilla in Premium-Qualit\u00e4t online. Wir verkaufen Cherry Gorilla in bester Qualit\u00e4t online. Bitte kontaktieren Sie f\u00fcr weitere Informationen und Preise.","robots":{"index":"index","follow":"follow","max-snippet":"max-snippet:-1","max-image-preview":"max-image-preview:large","max-video-preview":"max-video-preview:-1"},"canonical":"https:\/\/everydaychemshop.com\/de\/product\/kirsch-gorilla-kleber\/","og_locale":"en_US","og_type":"article","og_title":"Cherry Gorilla alias Cherry Gorilla Glue","og_description":"Kaufen Sie Cherry Gorilla in Premium-Qualit\u00e4t online. Wir verkaufen Cherry Gorilla in bester Qualit\u00e4t online. Bitte kontaktieren Sie f\u00fcr weitere Informationen und Preise.","og_url":"https:\/\/everydaychemshop.com\/de\/product\/kirsch-gorilla-kleber\/","og_site_name":"Everyday Chem Shop","article_modified_time":"2023-04-06T05:45:43+00:00","og_image":[{"width":1920,"height":2560,"url":"https:\/\/everydaychemshop.com\/de\/wp-content\/uploads\/sites\/3\/2022\/11\/Cherry-Gorilla-C-scaled-1.jpeg","type":"image\/jpeg"}],"twitter_card":"summary_large_image","twitter_misc":{"Est. reading time":"1 minute"},"schema":{"@context":"https:\/\/schema.org","@graph":[{"@type":"WebPage","@id":"https:\/\/everydaychemshop.com\/de\/product\/kirsch-gorilla-kleber\/","url":"https:\/\/everydaychemshop.com\/de\/product\/kirsch-gorilla-kleber\/","name":"Cherry Gorilla in Premium-Qualit\u00e4t - Everyday Chem Shop","isPartOf":{"@id":"https:\/\/everydaychemshop.com\/de\/#website"},"primaryImageOfPage":{"@id":"https:\/\/everydaychemshop.com\/de\/product\/kirsch-gorilla-kleber\/#primaryimage"},"image":{"@id":"https:\/\/everydaychemshop.com\/de\/product\/kirsch-gorilla-kleber\/#primaryimage"},"thumbnailUrl":"https:\/\/everydaychemshop.com\/de\/wp-content\/uploads\/sites\/3\/2022\/11\/Cherry-Gorilla-C-scaled-1.jpeg","datePublished":"2022-11-20T06:47:12+00:00","dateModified":"2023-04-06T05:45:43+00:00","description":"Kaufen Sie Cherry Gorilla in Premium-Qualit\u00e4t online. Wir verkaufen Cherry Gorilla in bester Qualit\u00e4t online. Bitte kontaktieren Sie f\u00fcr weitere Informationen und Preise.","breadcrumb":{"@id":"https:\/\/everydaychemshop.com\/de\/product\/kirsch-gorilla-kleber\/#breadcrumb"},"inLanguage":"en-US","potentialAction":[{"@type":"ReadAction","target":["https:\/\/everydaychemshop.com\/de\/product\/kirsch-gorilla-kleber\/"]}]},{"@type":"ImageObject","inLanguage":"en-US","@id":"https:\/\/everydaychemshop.com\/de\/product\/kirsch-gorilla-kleber\/#primaryimage","url":"https:\/\/everydaychemshop.com\/de\/wp-content\/uploads\/sites\/3\/2022\/11\/Cherry-Gorilla-C-scaled-1.jpeg","contentUrl":"https:\/\/everydaychemshop.com\/de\/wp-content\/uploads\/sites\/3\/2022\/11\/Cherry-Gorilla-C-scaled-1.jpeg","width":1920,"height":2560,"caption":"Kaufen Sie Cherry Gorilla in Premium-Qualit\u00e4t online"},{"@type":"BreadcrumbList","@id":"https:\/\/everydaychemshop.com\/de\/product\/kirsch-gorilla-kleber\/#breadcrumb","itemListElement":[{"@type":"ListItem","position":1,"name":"Home","item":"https:\/\/everydaychemshop.com\/de\/"},{"@type":"ListItem","position":2,"name":"Produkte","item":"https:\/\/everydaychemshop.com\/de\/produkte\/"},{"@type":"ListItem","position":3,"name":"Cherry Gorilla alias Cherry Gorilla Glue"}]},{"@type":"WebSite","@id":"https:\/\/everydaychemshop.com\/de\/#website","url":"https:\/\/everydaychemshop.com\/de\/","name":"Everyday Chem Shop","description":"","potentialAction":[{"@type":"SearchAction","target":{"@type":"EntryPoint","urlTemplate":"https:\/\/everydaychemshop.com\/de\/?s={search_term_string}"},"query-input":{"@type":"PropertyValueSpecification","valueRequired":true,"valueName":"search_term_string"}}],"inLanguage":"en-US"}]}},"_links":{"self":[{"href":"https:\/\/everydaychemshop.com\/de\/wp-json\/wp\/v2\/product\/8284","targetHints":{"allow":["GET"]}}],"collection":[{"href":"https:\/\/everydaychemshop.com\/de\/wp-json\/wp\/v2\/product"}],"about":[{"href":"https:\/\/everydaychemshop.com\/de\/wp-json\/wp\/v2\/types\/product"}],"replies":[{"embeddable":true,"href":"https:\/\/everydaychemshop.com\/de\/wp-json\/wp\/v2\/comments?post=8284"}],"wp:featuredmedia":[{"embeddable":true,"href":"https:\/\/everydaychemshop.com\/de\/wp-json\/wp\/v2\/media\/8286"}],"wp:attachment":[{"href":"https:\/\/everydaychemshop.com\/de\/wp-json\/wp\/v2\/media?parent=8284"}],"wp:term":[{"taxonomy":"product_brand","embeddable":true,"href":"https:\/\/everydaychemshop.com\/de\/wp-json\/wp\/v2\/product_brand?post=8284"},{"taxonomy":"product_cat","embeddable":true,"href":"https:\/\/everydaychemshop.com\/de\/wp-json\/wp\/v2\/product_cat?post=8284"},{"taxonomy":"product_tag","embeddable":true,"href":"https:\/\/everydaychemshop.com\/de\/wp-json\/wp\/v2\/product_tag?post=8284"}],"curies":[{"name":"wp","href":"https:\/\/api.w.org\/{rel}","templated":true}]}}