{"id":8293,"date":"2022-11-20T06:59:04","date_gmt":"2022-11-20T06:59:04","guid":{"rendered":"https:\/\/everydaychemshop.com\/de\/?post_type=product&#038;p=8293"},"modified":"2023-04-06T05:44:29","modified_gmt":"2023-04-06T05:44:29","slug":"hawaii-kiefer-hanf-blume","status":"publish","type":"product","link":"https:\/\/everydaychemshop.com\/de\/product\/hawaii-kiefer-hanf-blume\/","title":{"rendered":"Hawaiianische Kiefern-Hanf-Blume"},"content":{"rendered":"<h1><strong>Kaufen Sie Hawaiian Pine Hanf Flower online<\/strong><\/h1>\n<p><a href=\"https:\/\/everydaychemshop.com\/de\/product\/hawaii-kiefer-hanf-blume\/\">Kaufen Sie Hawaiian Pine Hanf Flower online<\/a>. Schweben Sie mit unserem k\u00f6stlichen Hybriden, der Hawaiian Haze, in die Tropen! Diese spezielle CBD-Sorte von Plain Jane bietet au\u00dfergew\u00f6hnliche Aromen und Wirkungen, die Sie ruhig und fr\u00f6hlich f\u00fchlen lassen. Hawaiian Haze CBD-Bl\u00fcten, die unter dem sonnigen Himmel von Oregon angebaut werden, sind perfekt getrimmt und gebrauchsfertig. Ihre ausgeh\u00e4rteten Knospen setzen ein intensives tropisches Aroma <a href=\"https:\/\/de.wikipedia.org\/wiki\/Cannabidiol\">frei<\/a>, das an Papaya, Ananas und Passionsfrucht erinnert. Die s\u00fc\u00dfen, fruchtigen Aromen, die von ihren Terpenen erzeugt werden, werden durch sanfte Kiefern- und Holznoten erg\u00e4nzt. Hawaiian Haze Hanfbl\u00fcten sind k\u00fchn und sch\u00f6n! Sie besitzen eine satte tannengr\u00fcne Farbe und sind oft mit einer dicken Schicht aus leuchtenden blutorangen Stempeln bedeckt. Jetzt enthalten die CBD-Bl\u00fcten von Plain Jane Hawaiian Haze eine F\u00fclle von Cannabinoiden und Terpenen, die beide synergetisch wirken und beruhigende und entspannende Effekte erzeugen. Beim Rauchen oder Verdampfen beschreiben Fans die Wirkung oft als energetisierend, kombiniert mit einer allm\u00e4hlichen Muskel- und Geistesentspannung. Der Haupt-CBD-Gehalt dieser Sorte betr\u00e4gt 11,0226 %. Und zu den wichtigsten Terpenen, die in ihren Bl\u00fcten gefunden werden, geh\u00f6ren Alpha-Pinen, Myrcen und Terpinolen.<\/p>\n<p>Alle Hanfbl\u00fcten von Plain Jane erf\u00fcllen die Farm Bill 2018, sodass sie einen THC-Gehalt von weniger als 0,3 % aufweisen. Das bedeutet, dass unsere Hawaiian Haze Hanfbl\u00fcten keine psychoaktiv-berauschende Wirkung haben. Plain Jane Hawaiian Haze CBD-Bl\u00fcten enthalten CBD-Gehalte von\u00a011,0226\u00a0%.<\/p>\n<p><strong>Anwendung<\/strong><\/p>\n<p>Plain Jane Hawaiian Haze CBD-Hanfbl\u00fcten werden am besten durch Rauchen oder Verdampfen konsumiert. Viele Fans entscheiden sich daf\u00fcr, ihre Plain Jane Hanfbl\u00fcten zu zermahlen, zu rollen und zu rauchen. Sie k\u00f6nnen Hanfbl\u00fcten jedoch auch \u00fcber Bongs und Trockenverdampfer konsumieren.<\/p>\n<p>Schauen Sie sich unsere rohen, rein nat\u00fcrlichen\u00a0Plain Jane an Zigarettenpapier!<\/p>\n<p><strong>Was ist CBD?<\/strong><\/p>\n<p>CBD, auch bekannt als Cannabidiol, ist ein gut erforschtes Cannabinoid, das in unseren Plain-Jane-Hanfbl\u00fcten dominiert . CBD-reiche Hanfbl\u00fcten sind nicht psychoaktiv, was bedeutet, dass sie ihren Benutzer nicht high machen. Heute gilt CBD als eines der am besten untersuchten Cannabinoide der Hanfpflanze, vor allem, weil angenommen wird, dass es eine Reihe von therapeutischen Eigenschaften hat.<\/p>\n<p>Zu den von Kunden am h\u00e4ufigsten berichteten Vorteilen geh\u00f6ren:<\/p>\n<ul>\n<li style=\"list-style-type: none\">\n<ul>\n<li>Befreiung von Angstzust\u00e4nden<\/li>\n<\/ul>\n<\/li>\n<\/ul>\n<p>&nbsp;<\/p>\n<ul>\n<li style=\"list-style-type: none\">\n<ul>\n<li>Linderung von Migr\u00e4ne und Kopfschmerzen<\/li>\n<\/ul>\n<\/li>\n<\/ul>\n<p>Plain Jane hat derzeit hochwertiges CBD auf Lager, das in den USA hergestellt wird. Einige unserer Top-Seller sind unsere \u00a0CBD-\u00d6le und -Topika,\u00a0CBD-Hanfbl\u00fcten,\u00a0CBD-Gummis und mehr !<\/p>\n<p><strong>Achtung<\/strong><\/p>\n<p>&nbsp;<\/p>\n<ul>\n<li style=\"list-style-type: none\">\n<ul>\n<li>Verwenden Sie das Produkt nicht, w\u00e4hrend Sie ein Fahrzeug oder schwere Maschinen bedienen.<\/li>\n<\/ul>\n<\/li>\n<\/ul>\n<p>&nbsp;<\/p>\n<ul>\n<li>\n<ul>\n<li>Verantwortlich verwenden und au\u00dferhalb der Reichweite von Kindern aufbewahren.<\/li>\n<\/ul>\n<\/li>\n<\/ul>\n<p>&nbsp;<\/p>\n<ul>\n<li style=\"list-style-type: none\">\n<ul>\n<li>\u00a0Wenn Sie regelm\u00e4\u00dfig oder zuf\u00e4llig einem Drogenscreening unterzogen werden, sollten Sie dieses Produkt am besten nicht konsumieren. Die meisten Standard-Drogentests k\u00f6nnen den Unterschied zwischen Delta-8-THC und Delta-9 nicht erkennen.<\/li>\n<\/ul>\n<\/li>\n<\/ul>\n<p>&nbsp;<\/p>\n<ul>\n<li style=\"list-style-type: none\">\n<ul>\n<li>\u00a0Plain Jane kann nicht f\u00fcr Personen verantwortlich gemacht werden, die dieses Produkt konsumieren.<\/li>\n<\/ul>\n<\/li>\n<\/ul>\n<p>&nbsp;<\/p>\n<ul>\n<li style=\"list-style-type: none\">\n<ul>\n<li>\u00a0Die\u00a0Food and Drug Administration\u00a0hat diese Aussagen nicht bewertet.<\/li>\n<\/ul>\n<\/li>\n<\/ul>\n<p>&nbsp;<\/p>\n<ul>\n<li style=\"list-style-type: none\">\n<ul>\n<li>\u00a0Dieses Produkt dient nicht der Diagnose, Behandlung, Heilung oder Vorbeugung von Krankheiten. Mit Vorsicht verwenden.<\/li>\n<\/ul>\n<\/li>\n<\/ul>\n<p>&nbsp;<\/p>\n<ul>\n<li style=\"list-style-type: none\">\n<ul>\n<li>Nicht verwenden, wenn Sie schwanger sind.<\/li>\n<\/ul>\n<\/li>\n<\/ul>\n<p>&nbsp;<\/p>\n<p><strong>Plain Jane-Versandrichtlinie<\/strong><\/p>\n<p>Plain Jane ist stets bestrebt, Bestellungen von unserem Fulfillment-Center innerhalb von 1\u20133 Werktagen zu versenden. Wie lange es dauert, bis Ihr Paket ankommt, h\u00e4ngt jedoch von der von Ihnen gew\u00e4hlten Versandart ab.<\/p>\n<p>Wenn Sie sich f\u00fcr den Expressversand entscheiden, kommt das Produkt 1-2 Werktage nach dem Versand an.<\/p>\n<p>Hinweis: Unsere gesch\u00e4tzte Lieferzeit beginnt mit dem Versand Ihres Pakets, was bis zu 3 bis 7 Werktage dauern kann, nachdem Ihr Kauf bearbeitet wurde.<\/p>\n<p>Wir bieten kostenlosen Versand f\u00fcr alle US-Bestellungen \u00fcber 40 $ . Diese Bestellungen werden per USPS First Class Versand versendet. Wenn Sie Ihr Produkt fr\u00fcher ben\u00f6tigen, haben Sie immer noch die M\u00f6glichkeit, w\u00e4hrend des Bestellvorgangs eine andere Versandart auszuw\u00e4hlen. Aufgrund der aktuellen Vorschriften ist bei einigen Artikeln die Unterschrift eines Erwachsenen erforderlich und werden mit UPS versandt. Zus\u00e4tzliche Versandkosten werden an der Kasse angezeigt.<\/p>\n<p>Wir senden eine Best\u00e4tigungs-E-Mail mit einer Sendungsverfolgungsnummer, wenn Ihre Bestellung versandt wurde. Versandkosten sind nicht erstattungsf\u00e4hig. Wir versenden nur in die Vereinigten Staaten und in die Territorien der Vereinigten Staaten.<\/p>\n<p>Plain Jane ist bestrebt, bei jedem Einkauf maximale Kundenzufriedenheit zu gew\u00e4hrleisten.<\/p>\n<p>Wenn Sie besch\u00e4digte oder fehlerhafte Produkte erhalten, lassen Sie es uns wissen und wir erstatten oder ersetzen Ihre Artikel. Wir akzeptieren nur R\u00fccksendungen und R\u00fcckerstattungen f\u00fcr K\u00e4ufe, die \u00fcber unseren Online-Shop get\u00e4tigt wurden.<\/p>\n<p>Wir haben keine Geld-zur\u00fcck-Garantie, da CBD jeden Einzelnen anders betrifft.<\/p>\n<p>Wir bieten keine R\u00fcckerstattungen an Produkte, die verwendet oder ge\u00f6ffnet wurden.<\/p>\n<p>Wenn Ihr Paket verloren geht oder sich versp\u00e4tet, empfehlen wir Ihnen, sich an Ihren Versanddienstleister zu wenden. Dies ist normalerweise USPS. Bei Fragen k\u00f6nnen Sie sich unter 800-ASK-USPS an USPS wenden. Wenn Sie \u00fcber UPS gegangen sind, kontaktieren Sie sie unter 866-PICK-UPS.<\/p>\n<p>F\u00fcr Blumenbestellungen mit First Class Mail gibt es keine Versicherungspolice. Wenn das Paket verloren geht, bieten wir daher keinen Ersatz oder eine R\u00fcckerstattung an.<\/p>\n<p>Wir sind nicht verantwortlich f\u00fcr Pakete, die aus Ihrem Briefkasten oder Ihrer Haust\u00fcr gestohlen werden<\/p>\n","protected":false},"excerpt":{"rendered":"<p>Schwebe mit unserem k\u00f6stlichen Hybriden, dem Hawaiian Haze, in die Tropen! Diese spezielle CBD-Sorte von Plain Jane bietet au\u00dfergew\u00f6hnliche Aromen und Wirkungen, die Sie ruhig und fr\u00f6hlich f\u00fchlen lassen.<\/p>\n","protected":false},"featured_media":8295,"comment_status":"open","ping_status":"closed","template":"","meta":{"inline_featured_image":false},"product_brand":[],"product_cat":[60],"product_tag":[],"class_list":{"0":"post-8293","1":"product","2":"type-product","3":"status-publish","4":"has-post-thumbnail","6":"product_cat-cbd-hanf-blume","8":"first","9":"instock","10":"shipping-taxable","11":"purchasable","12":"product-type-variable","13":"has-default-attributes"},"yoast_head":"<!-- This site is optimized with the Yoast SEO Premium plugin v19.2 (Yoast SEO v27.3) - https:\/\/yoast.com\/product\/yoast-seo-premium-wordpress\/ -->\n<title>Kaufen Sie Hawaiian Pine Hanf Flower - Everyday Chem Shop<\/title>\n<meta name=\"description\" content=\"Kaufen Sie Hawaiian Pine Hanf Flower online. Wir verkaufen Hawaiian Pine Hanf Flower in Premium-Qualit\u00e4t online. Bitte kontaktieren Sie f\u00fcr weitere Informationen und Preise.\" \/>\n<meta name=\"robots\" content=\"index, follow, max-snippet:-1, max-image-preview:large, max-video-preview:-1\" \/>\n<link rel=\"canonical\" href=\"https:\/\/everydaychemshop.com\/de\/product\/hawaii-kiefer-hanf-blume\/\" \/>\n<meta property=\"og:locale\" content=\"en_US\" \/>\n<meta property=\"og:type\" content=\"article\" \/>\n<meta property=\"og:title\" content=\"Hawaiianische Kiefern-Hanf-Blume\" \/>\n<meta property=\"og:description\" content=\"Kaufen Sie Hawaiian Pine Hanf Flower online. Wir verkaufen Hawaiian Pine Hanf Flower in Premium-Qualit\u00e4t online. Bitte kontaktieren Sie f\u00fcr weitere Informationen und Preise.\" \/>\n<meta property=\"og:url\" content=\"https:\/\/everydaychemshop.com\/de\/product\/hawaii-kiefer-hanf-blume\/\" \/>\n<meta property=\"og:site_name\" content=\"Everyday Chem Shop\" \/>\n<meta property=\"article:modified_time\" content=\"2023-04-06T05:44:29+00:00\" \/>\n<meta property=\"og:image\" content=\"https:\/\/everydaychemshop.com\/de\/wp-content\/uploads\/sites\/3\/2022\/11\/plain_jane_-_hawaiian_haze_02__46672_1592418041_1280_1280__73248.jpg\" \/>\n\t<meta property=\"og:image:width\" content=\"640\" \/>\n\t<meta property=\"og:image:height\" content=\"640\" \/>\n\t<meta property=\"og:image:type\" content=\"image\/jpeg\" \/>\n<meta name=\"twitter:card\" content=\"summary_large_image\" \/>\n<meta name=\"twitter:label1\" content=\"Est. reading time\" \/>\n\t<meta name=\"twitter:data1\" content=\"4 minutes\" \/>\n<script type=\"application\/ld+json\" class=\"yoast-schema-graph\">{\"@context\":\"https:\\\/\\\/schema.org\",\"@graph\":[{\"@type\":\"WebPage\",\"@id\":\"https:\\\/\\\/everydaychemshop.com\\\/de\\\/product\\\/hawaii-kiefer-hanf-blume\\\/\",\"url\":\"https:\\\/\\\/everydaychemshop.com\\\/de\\\/product\\\/hawaii-kiefer-hanf-blume\\\/\",\"name\":\"Kaufen Sie Hawaiian Pine Hanf Flower - Everyday Chem Shop\",\"isPartOf\":{\"@id\":\"https:\\\/\\\/everydaychemshop.com\\\/de\\\/#website\"},\"primaryImageOfPage\":{\"@id\":\"https:\\\/\\\/everydaychemshop.com\\\/de\\\/product\\\/hawaii-kiefer-hanf-blume\\\/#primaryimage\"},\"image\":{\"@id\":\"https:\\\/\\\/everydaychemshop.com\\\/de\\\/product\\\/hawaii-kiefer-hanf-blume\\\/#primaryimage\"},\"thumbnailUrl\":\"https:\\\/\\\/everydaychemshop.com\\\/de\\\/wp-content\\\/uploads\\\/sites\\\/3\\\/2022\\\/11\\\/plain_jane_-_hawaiian_haze_02__46672_1592418041_1280_1280__73248.jpg\",\"datePublished\":\"2022-11-20T06:59:04+00:00\",\"dateModified\":\"2023-04-06T05:44:29+00:00\",\"description\":\"Kaufen Sie Hawaiian Pine Hanf Flower online. Wir verkaufen Hawaiian Pine Hanf Flower in Premium-Qualit\u00e4t online. Bitte kontaktieren Sie f\u00fcr weitere Informationen und Preise.\",\"breadcrumb\":{\"@id\":\"https:\\\/\\\/everydaychemshop.com\\\/de\\\/product\\\/hawaii-kiefer-hanf-blume\\\/#breadcrumb\"},\"inLanguage\":\"en-US\",\"potentialAction\":[{\"@type\":\"ReadAction\",\"target\":[\"https:\\\/\\\/everydaychemshop.com\\\/de\\\/product\\\/hawaii-kiefer-hanf-blume\\\/\"]}]},{\"@type\":\"ImageObject\",\"inLanguage\":\"en-US\",\"@id\":\"https:\\\/\\\/everydaychemshop.com\\\/de\\\/product\\\/hawaii-kiefer-hanf-blume\\\/#primaryimage\",\"url\":\"https:\\\/\\\/everydaychemshop.com\\\/de\\\/wp-content\\\/uploads\\\/sites\\\/3\\\/2022\\\/11\\\/plain_jane_-_hawaiian_haze_02__46672_1592418041_1280_1280__73248.jpg\",\"contentUrl\":\"https:\\\/\\\/everydaychemshop.com\\\/de\\\/wp-content\\\/uploads\\\/sites\\\/3\\\/2022\\\/11\\\/plain_jane_-_hawaiian_haze_02__46672_1592418041_1280_1280__73248.jpg\",\"width\":640,\"height\":640,\"caption\":\"Kaufen Sie Hawaiian Pine Hanf Flower online\"},{\"@type\":\"BreadcrumbList\",\"@id\":\"https:\\\/\\\/everydaychemshop.com\\\/de\\\/product\\\/hawaii-kiefer-hanf-blume\\\/#breadcrumb\",\"itemListElement\":[{\"@type\":\"ListItem\",\"position\":1,\"name\":\"Home\",\"item\":\"https:\\\/\\\/everydaychemshop.com\\\/de\\\/\"},{\"@type\":\"ListItem\",\"position\":2,\"name\":\"Produkte\",\"item\":\"https:\\\/\\\/everydaychemshop.com\\\/de\\\/produkte\\\/\"},{\"@type\":\"ListItem\",\"position\":3,\"name\":\"Hawaiianische Kiefern-Hanf-Blume\"}]},{\"@type\":\"WebSite\",\"@id\":\"https:\\\/\\\/everydaychemshop.com\\\/de\\\/#website\",\"url\":\"https:\\\/\\\/everydaychemshop.com\\\/de\\\/\",\"name\":\"Everyday Chem Shop\",\"description\":\"\",\"potentialAction\":[{\"@type\":\"SearchAction\",\"target\":{\"@type\":\"EntryPoint\",\"urlTemplate\":\"https:\\\/\\\/everydaychemshop.com\\\/de\\\/?s={search_term_string}\"},\"query-input\":{\"@type\":\"PropertyValueSpecification\",\"valueRequired\":true,\"valueName\":\"search_term_string\"}}],\"inLanguage\":\"en-US\"}]}<\/script>\n<!-- \/ Yoast SEO Premium plugin. -->","yoast_head_json":{"title":"Kaufen Sie Hawaiian Pine Hanf Flower - Everyday Chem Shop","description":"Kaufen Sie Hawaiian Pine Hanf Flower online. Wir verkaufen Hawaiian Pine Hanf Flower in Premium-Qualit\u00e4t online. Bitte kontaktieren Sie f\u00fcr weitere Informationen und Preise.","robots":{"index":"index","follow":"follow","max-snippet":"max-snippet:-1","max-image-preview":"max-image-preview:large","max-video-preview":"max-video-preview:-1"},"canonical":"https:\/\/everydaychemshop.com\/de\/product\/hawaii-kiefer-hanf-blume\/","og_locale":"en_US","og_type":"article","og_title":"Hawaiianische Kiefern-Hanf-Blume","og_description":"Kaufen Sie Hawaiian Pine Hanf Flower online. Wir verkaufen Hawaiian Pine Hanf Flower in Premium-Qualit\u00e4t online. Bitte kontaktieren Sie f\u00fcr weitere Informationen und Preise.","og_url":"https:\/\/everydaychemshop.com\/de\/product\/hawaii-kiefer-hanf-blume\/","og_site_name":"Everyday Chem Shop","article_modified_time":"2023-04-06T05:44:29+00:00","og_image":[{"width":640,"height":640,"url":"https:\/\/everydaychemshop.com\/de\/wp-content\/uploads\/sites\/3\/2022\/11\/plain_jane_-_hawaiian_haze_02__46672_1592418041_1280_1280__73248.jpg","type":"image\/jpeg"}],"twitter_card":"summary_large_image","twitter_misc":{"Est. reading time":"4 minutes"},"schema":{"@context":"https:\/\/schema.org","@graph":[{"@type":"WebPage","@id":"https:\/\/everydaychemshop.com\/de\/product\/hawaii-kiefer-hanf-blume\/","url":"https:\/\/everydaychemshop.com\/de\/product\/hawaii-kiefer-hanf-blume\/","name":"Kaufen Sie Hawaiian Pine Hanf Flower - Everyday Chem Shop","isPartOf":{"@id":"https:\/\/everydaychemshop.com\/de\/#website"},"primaryImageOfPage":{"@id":"https:\/\/everydaychemshop.com\/de\/product\/hawaii-kiefer-hanf-blume\/#primaryimage"},"image":{"@id":"https:\/\/everydaychemshop.com\/de\/product\/hawaii-kiefer-hanf-blume\/#primaryimage"},"thumbnailUrl":"https:\/\/everydaychemshop.com\/de\/wp-content\/uploads\/sites\/3\/2022\/11\/plain_jane_-_hawaiian_haze_02__46672_1592418041_1280_1280__73248.jpg","datePublished":"2022-11-20T06:59:04+00:00","dateModified":"2023-04-06T05:44:29+00:00","description":"Kaufen Sie Hawaiian Pine Hanf Flower online. Wir verkaufen Hawaiian Pine Hanf Flower in Premium-Qualit\u00e4t online. Bitte kontaktieren Sie f\u00fcr weitere Informationen und Preise.","breadcrumb":{"@id":"https:\/\/everydaychemshop.com\/de\/product\/hawaii-kiefer-hanf-blume\/#breadcrumb"},"inLanguage":"en-US","potentialAction":[{"@type":"ReadAction","target":["https:\/\/everydaychemshop.com\/de\/product\/hawaii-kiefer-hanf-blume\/"]}]},{"@type":"ImageObject","inLanguage":"en-US","@id":"https:\/\/everydaychemshop.com\/de\/product\/hawaii-kiefer-hanf-blume\/#primaryimage","url":"https:\/\/everydaychemshop.com\/de\/wp-content\/uploads\/sites\/3\/2022\/11\/plain_jane_-_hawaiian_haze_02__46672_1592418041_1280_1280__73248.jpg","contentUrl":"https:\/\/everydaychemshop.com\/de\/wp-content\/uploads\/sites\/3\/2022\/11\/plain_jane_-_hawaiian_haze_02__46672_1592418041_1280_1280__73248.jpg","width":640,"height":640,"caption":"Kaufen Sie Hawaiian Pine Hanf Flower online"},{"@type":"BreadcrumbList","@id":"https:\/\/everydaychemshop.com\/de\/product\/hawaii-kiefer-hanf-blume\/#breadcrumb","itemListElement":[{"@type":"ListItem","position":1,"name":"Home","item":"https:\/\/everydaychemshop.com\/de\/"},{"@type":"ListItem","position":2,"name":"Produkte","item":"https:\/\/everydaychemshop.com\/de\/produkte\/"},{"@type":"ListItem","position":3,"name":"Hawaiianische Kiefern-Hanf-Blume"}]},{"@type":"WebSite","@id":"https:\/\/everydaychemshop.com\/de\/#website","url":"https:\/\/everydaychemshop.com\/de\/","name":"Everyday Chem Shop","description":"","potentialAction":[{"@type":"SearchAction","target":{"@type":"EntryPoint","urlTemplate":"https:\/\/everydaychemshop.com\/de\/?s={search_term_string}"},"query-input":{"@type":"PropertyValueSpecification","valueRequired":true,"valueName":"search_term_string"}}],"inLanguage":"en-US"}]}},"_links":{"self":[{"href":"https:\/\/everydaychemshop.com\/de\/wp-json\/wp\/v2\/product\/8293","targetHints":{"allow":["GET"]}}],"collection":[{"href":"https:\/\/everydaychemshop.com\/de\/wp-json\/wp\/v2\/product"}],"about":[{"href":"https:\/\/everydaychemshop.com\/de\/wp-json\/wp\/v2\/types\/product"}],"replies":[{"embeddable":true,"href":"https:\/\/everydaychemshop.com\/de\/wp-json\/wp\/v2\/comments?post=8293"}],"wp:featuredmedia":[{"embeddable":true,"href":"https:\/\/everydaychemshop.com\/de\/wp-json\/wp\/v2\/media\/8295"}],"wp:attachment":[{"href":"https:\/\/everydaychemshop.com\/de\/wp-json\/wp\/v2\/media?parent=8293"}],"wp:term":[{"taxonomy":"product_brand","embeddable":true,"href":"https:\/\/everydaychemshop.com\/de\/wp-json\/wp\/v2\/product_brand?post=8293"},{"taxonomy":"product_cat","embeddable":true,"href":"https:\/\/everydaychemshop.com\/de\/wp-json\/wp\/v2\/product_cat?post=8293"},{"taxonomy":"product_tag","embeddable":true,"href":"https:\/\/everydaychemshop.com\/de\/wp-json\/wp\/v2\/product_tag?post=8293"}],"curies":[{"name":"wp","href":"https:\/\/api.w.org\/{rel}","templated":true}]}}