{"id":8309,"date":"2022-11-20T07:19:03","date_gmt":"2022-11-20T07:19:03","guid":{"rendered":"https:\/\/everydaychemshop.com\/de\/?post_type=product&#038;p=8309"},"modified":"2023-04-06T05:41:14","modified_gmt":"2023-04-06T05:41:14","slug":"saurer-diesel-cbd-hanfblume","status":"publish","type":"product","link":"https:\/\/everydaychemshop.com\/de\/product\/saurer-diesel-cbd-hanfblume\/","title":{"rendered":"Sour Diesel CBD-Hanfbl\u00fcte"},"content":{"rendered":"<h1><strong>Kaufen Sie Sour Diesel CBD-Hanfbl\u00fcten online<\/strong><\/h1>\n<p><a href=\"https:\/\/everydaychemshop.com\/de\/product\/saurer-diesel-cbd-hanfblume\/\">Kaufen Sie Sour Diesel CBD-Hanfbl\u00fcten online<\/a>. Die urspr\u00fcngliche Sour Diesel CBD-Hanfbl\u00fcte ist eine Hybridsorte, die ihre Abstammung mit der legend\u00e4ren Sorte Chemdog 91 und Super Skunk teilt. Plain Jane Sour Diesel Hanfbl\u00fcten sind die perfekte Wahl f\u00fcr Kenner, die den geilen Benzingeschmack erleben m\u00f6chten, den wir oft mit der Sorte Sour Diesel in Verbindung bringen. Wenn Sie diese in Oregon angebauten CBD-Bl\u00fcten zum ersten Mal kaufen, werden <a href=\"https:\/\/de.wikipedia.org\/wiki\/Cannabidiol\">Sie<\/a> feststellen, dass sie ziemlich dicht und saftig sind. Jede handgeschnittene CBD-Blume wird ein intensives Benzin-Zitrusaroma freisetzen, das durch die Verpackung sickert. Beim Rauchen oder Verdampfen erzeugen diese aromatischen Bl\u00fcten einen sanften Zug und cremigen Rauch, der einen besonders pikanten Zitrusgeschmack auf Ihren Geschmacksknospen hinterl\u00e4sst. Der Wirkungseintritt ist in der Regel eine Kombination aus Entspannung und Energie. Es kann als eine tiefe Welle der Ruhe beginnen, die Muskelverspannungen und Stress lindert. Allm\u00e4hlich k\u00f6nnen sich die Wirkungen von CBD entwickeln, den Benutzer mit Energie versorgen und den Geist kl\u00e4ren. Plain Jane&#8217;s Sour Diesel CBD-Hanfbl\u00fcten besitzen ein vielf\u00e4ltiges Profil an Cannabinoiden, daher ist sie eine ausgezeichnete Wahl f\u00fcr diejenigen, die die Vorteile des Entourage-Effekts genie\u00dfen m\u00f6chten. Die wichtigsten Cannabinoide, die in ihren Knospen gedeihen, sind CBDA, CBGA, CBD und THCA. Wenn Sie sich jetzt fragen, ob das Terpenprofil genauso farbenfroh ist, dann haben wir gute Neuigkeiten! Saure Diesel-Hanfbl\u00fcten besitzen in der Tat ein vielf\u00e4ltiges Profil an Terpenen, von denen die meisten Caryophyllen, D-Limonen, Myrcen, Beta-Pinen und Linalool enthalten.<\/p>\n<p>Alle Plain-Jane-Hanfbl\u00fcten entsprechen dem Farm Bill 2018 so dass sie einen THC-Gehalt von weniger als 0,3 % enthalten. Das bedeutet, dass unsere Sour Diesel Hanfbl\u00fcten keine psychoaktiv-berauschenden Wirkungen haben. Plain Jane Sour Diesel CBD-Bl\u00fcten k\u00f6nnen CBD-Gehalte von 19 % bis 25 % enthalten.<\/p>\n<h2><b>Anleitung<\/b><\/h2>\n<p>Plain Jane Sour Diesel CBD-Hanfbl\u00fcten werden am besten konsumiert B. durch Rauchen oder Dampfen. Viele Fans entscheiden sich daf\u00fcr, ihre Plain Jane Hanfbl\u00fcten zu zermahlen, zu rollen und zu rauchen. Sie k\u00f6nnen Hanfbl\u00fcten jedoch auch \u00fcber Bongs und Trockenverdampfer konsumieren.<\/p>\n<h2><b>Was ist CBD?<\/b><\/h2>\n<p>CBD, auch bekannt als Cannabidiol, ist ein gut erforschtes Cannabinoid dominant in unseren Plain Jane Hanfbl\u00fcten. CBD-reiche Hanfbl\u00fcten sind nicht psychoaktiv, was bedeutet, dass sie ihren Benutzer nicht high machen. Heute gilt CBD als eines der am besten untersuchten Cannabinoide der Hanfpflanze, vor allem, weil angenommen wird, dass es eine Reihe von therapeutischen Eigenschaften hat.<\/p>\n<p>Zu den von Kunden am h\u00e4ufigsten berichteten Vorteilen geh\u00f6ren:<\/p>\n<ul>\n<li style=\"list-style-type: none\">\n<ul>\n<li>Befreiung von Angstzust\u00e4nden<\/li>\n<\/ul>\n<\/li>\n<\/ul>\n<p>&nbsp;<\/p>\n<ul>\n<li style=\"list-style-type: none\">\n<ul>\n<li>Linderung von Migr\u00e4ne und Kopfschmerzen<\/li>\n<\/ul>\n<\/li>\n<\/ul>\n<p>Plain Jane hat derzeit hochwertiges CBD auf Lager, das in den USA hergestellt wird. Einige unserer Top-Seller sind unsere\u00a0CBD-\u00d6le und -Topika,\u00a0CBD-Hanfbl\u00fcten,\u00a0CBD-Gummibonbons und mehr!<\/p>\n<h2><b>Achtung<\/b><\/h2>\n<p>&nbsp;<\/p>\n<ul>\n<li>\n<ul>\n<li style=\"list-style-type: none\">\n<ul>\n<li>Verwenden Sie das Produkt nicht, w\u00e4hrend Sie ein Fahrzeug oder schwere Maschinen bedienen.<\/li>\n<\/ul>\n<\/li>\n<\/ul>\n<ul>\n<li style=\"list-style-type: none\">\n<ul>\n<li>Umsichtig verwenden und au\u00dferhalb der Reichweite von Kindern aufbewahren.<\/li>\n<\/ul>\n<\/li>\n<\/ul>\n<ul>\n<li style=\"list-style-type: none\">\n<ul>\n<li>\u00a0Wenn Sie regelm\u00e4\u00dfigen oder zuf\u00e4lligen Drogenscreenings unterzogen werden, ist es am besten, nicht zu konsumieren dieses Produkt. Die meisten Standard-Drogentests k\u00f6nnen den Unterschied zwischen Delta-8-THC und Delta-9 nicht erkennen.<\/li>\n<\/ul>\n<\/li>\n<\/ul>\n<ul>\n<li>\n<ul>\n<li>\u00a0Plain Jane kann nicht f\u00fcr Personen verantwortlich gemacht werden, die dieses Produkt konsumieren.<\/li>\n<\/ul>\n<\/li>\n<\/ul>\n<ul>\n<li style=\"list-style-type: none\">\n<ul>\n<li>\u00a0Die\u00a0Food and Drug Administration\u00a0hat diese Aussagen nicht bewertet.<\/li>\n<\/ul>\n<\/li>\n<\/ul>\n<ul>\n<li style=\"list-style-type: none\">\n<ul>\n<li>\u00a0Dieses Produkt dient nicht der Diagnose, Behandlung, Heilung oder Vorbeugung von Krankheiten. Mit Vorsicht verwenden.<\/li>\n<\/ul>\n<\/li>\n<\/ul>\n<ul>\n<li>Nicht verwenden, wenn Sie schwanger sind.<\/li>\n<\/ul>\n<\/li>\n<\/ul>\n","protected":false},"excerpt":{"rendered":"<p>Die originalen CBD-Hanfbl\u00fcten von Sour Diesel sind eine Hybridsorte, die ihre Abstammung mit der legend\u00e4ren Sorte Chemdog 91 und Super Skunk teilt.<\/p>\n","protected":false},"featured_media":8311,"comment_status":"open","ping_status":"closed","template":"","meta":{"inline_featured_image":false},"product_brand":[],"product_cat":[60],"product_tag":[],"class_list":{"0":"post-8309","1":"product","2":"type-product","3":"status-publish","4":"has-post-thumbnail","6":"product_cat-cbd-hanf-blume","8":"first","9":"instock","10":"shipping-taxable","11":"purchasable","12":"product-type-variable","13":"has-default-attributes"},"yoast_head":"<!-- This site is optimized with the Yoast SEO Premium plugin v19.2 (Yoast SEO v27.3) - https:\/\/yoast.com\/product\/yoast-seo-premium-wordpress\/ -->\n<title>Kaufen Sie Sour Diesel CBD-Hanfbl\u00fcten - Everyday Chem Shop<\/title>\n<meta name=\"description\" content=\"Kaufen Sie Sour Diesel CBD-Hanfbl\u00fcten online. Wir verkaufen hochwertige Sour Diesel CBD-Hanfbl\u00fcten online. Bitte kontaktieren Sie f\u00fcr weitere Informationen und Preise.\" \/>\n<meta name=\"robots\" content=\"index, follow, max-snippet:-1, max-image-preview:large, max-video-preview:-1\" \/>\n<link rel=\"canonical\" href=\"https:\/\/everydaychemshop.com\/de\/product\/saurer-diesel-cbd-hanfblume\/\" \/>\n<meta property=\"og:locale\" content=\"en_US\" \/>\n<meta property=\"og:type\" content=\"article\" \/>\n<meta property=\"og:title\" content=\"Sour Diesel CBD-Hanfbl\u00fcte\" \/>\n<meta property=\"og:description\" content=\"Kaufen Sie Sour Diesel CBD-Hanfbl\u00fcten online. Wir verkaufen hochwertige Sour Diesel CBD-Hanfbl\u00fcten online. Bitte kontaktieren Sie f\u00fcr weitere Informationen und Preise.\" \/>\n<meta property=\"og:url\" content=\"https:\/\/everydaychemshop.com\/de\/product\/saurer-diesel-cbd-hanfblume\/\" \/>\n<meta property=\"og:site_name\" content=\"Everyday Chem Shop\" \/>\n<meta property=\"article:modified_time\" content=\"2023-04-06T05:41:14+00:00\" \/>\n<meta property=\"og:image\" content=\"https:\/\/everydaychemshop.com\/de\/wp-content\/uploads\/sites\/3\/2022\/11\/Sour-Diesel-CBD-Hemp-Flower.jpg\" \/>\n\t<meta property=\"og:image:width\" content=\"640\" \/>\n\t<meta property=\"og:image:height\" content=\"965\" \/>\n\t<meta property=\"og:image:type\" content=\"image\/jpeg\" \/>\n<meta name=\"twitter:card\" content=\"summary_large_image\" \/>\n<meta name=\"twitter:label1\" content=\"Est. reading time\" \/>\n\t<meta name=\"twitter:data1\" content=\"3 minutes\" \/>\n<script type=\"application\/ld+json\" class=\"yoast-schema-graph\">{\"@context\":\"https:\\\/\\\/schema.org\",\"@graph\":[{\"@type\":\"WebPage\",\"@id\":\"https:\\\/\\\/everydaychemshop.com\\\/de\\\/product\\\/saurer-diesel-cbd-hanfblume\\\/\",\"url\":\"https:\\\/\\\/everydaychemshop.com\\\/de\\\/product\\\/saurer-diesel-cbd-hanfblume\\\/\",\"name\":\"Kaufen Sie Sour Diesel CBD-Hanfbl\u00fcten - Everyday Chem Shop\",\"isPartOf\":{\"@id\":\"https:\\\/\\\/everydaychemshop.com\\\/de\\\/#website\"},\"primaryImageOfPage\":{\"@id\":\"https:\\\/\\\/everydaychemshop.com\\\/de\\\/product\\\/saurer-diesel-cbd-hanfblume\\\/#primaryimage\"},\"image\":{\"@id\":\"https:\\\/\\\/everydaychemshop.com\\\/de\\\/product\\\/saurer-diesel-cbd-hanfblume\\\/#primaryimage\"},\"thumbnailUrl\":\"https:\\\/\\\/everydaychemshop.com\\\/de\\\/wp-content\\\/uploads\\\/sites\\\/3\\\/2022\\\/11\\\/Sour-Diesel-CBD-Hemp-Flower.jpg\",\"datePublished\":\"2022-11-20T07:19:03+00:00\",\"dateModified\":\"2023-04-06T05:41:14+00:00\",\"description\":\"Kaufen Sie Sour Diesel CBD-Hanfbl\u00fcten online. Wir verkaufen hochwertige Sour Diesel CBD-Hanfbl\u00fcten online. Bitte kontaktieren Sie f\u00fcr weitere Informationen und Preise.\",\"breadcrumb\":{\"@id\":\"https:\\\/\\\/everydaychemshop.com\\\/de\\\/product\\\/saurer-diesel-cbd-hanfblume\\\/#breadcrumb\"},\"inLanguage\":\"en-US\",\"potentialAction\":[{\"@type\":\"ReadAction\",\"target\":[\"https:\\\/\\\/everydaychemshop.com\\\/de\\\/product\\\/saurer-diesel-cbd-hanfblume\\\/\"]}]},{\"@type\":\"ImageObject\",\"inLanguage\":\"en-US\",\"@id\":\"https:\\\/\\\/everydaychemshop.com\\\/de\\\/product\\\/saurer-diesel-cbd-hanfblume\\\/#primaryimage\",\"url\":\"https:\\\/\\\/everydaychemshop.com\\\/de\\\/wp-content\\\/uploads\\\/sites\\\/3\\\/2022\\\/11\\\/Sour-Diesel-CBD-Hemp-Flower.jpg\",\"contentUrl\":\"https:\\\/\\\/everydaychemshop.com\\\/de\\\/wp-content\\\/uploads\\\/sites\\\/3\\\/2022\\\/11\\\/Sour-Diesel-CBD-Hemp-Flower.jpg\",\"width\":640,\"height\":965,\"caption\":\"Kaufen Sie Sour Diesel CBD-Hanfbl\u00fcten online\"},{\"@type\":\"BreadcrumbList\",\"@id\":\"https:\\\/\\\/everydaychemshop.com\\\/de\\\/product\\\/saurer-diesel-cbd-hanfblume\\\/#breadcrumb\",\"itemListElement\":[{\"@type\":\"ListItem\",\"position\":1,\"name\":\"Home\",\"item\":\"https:\\\/\\\/everydaychemshop.com\\\/de\\\/\"},{\"@type\":\"ListItem\",\"position\":2,\"name\":\"Produkte\",\"item\":\"https:\\\/\\\/everydaychemshop.com\\\/de\\\/produkte\\\/\"},{\"@type\":\"ListItem\",\"position\":3,\"name\":\"Sour Diesel CBD-Hanfbl\u00fcte\"}]},{\"@type\":\"WebSite\",\"@id\":\"https:\\\/\\\/everydaychemshop.com\\\/de\\\/#website\",\"url\":\"https:\\\/\\\/everydaychemshop.com\\\/de\\\/\",\"name\":\"Everyday Chem Shop\",\"description\":\"\",\"potentialAction\":[{\"@type\":\"SearchAction\",\"target\":{\"@type\":\"EntryPoint\",\"urlTemplate\":\"https:\\\/\\\/everydaychemshop.com\\\/de\\\/?s={search_term_string}\"},\"query-input\":{\"@type\":\"PropertyValueSpecification\",\"valueRequired\":true,\"valueName\":\"search_term_string\"}}],\"inLanguage\":\"en-US\"}]}<\/script>\n<!-- \/ Yoast SEO Premium plugin. -->","yoast_head_json":{"title":"Kaufen Sie Sour Diesel CBD-Hanfbl\u00fcten - Everyday Chem Shop","description":"Kaufen Sie Sour Diesel CBD-Hanfbl\u00fcten online. Wir verkaufen hochwertige Sour Diesel CBD-Hanfbl\u00fcten online. Bitte kontaktieren Sie f\u00fcr weitere Informationen und Preise.","robots":{"index":"index","follow":"follow","max-snippet":"max-snippet:-1","max-image-preview":"max-image-preview:large","max-video-preview":"max-video-preview:-1"},"canonical":"https:\/\/everydaychemshop.com\/de\/product\/saurer-diesel-cbd-hanfblume\/","og_locale":"en_US","og_type":"article","og_title":"Sour Diesel CBD-Hanfbl\u00fcte","og_description":"Kaufen Sie Sour Diesel CBD-Hanfbl\u00fcten online. Wir verkaufen hochwertige Sour Diesel CBD-Hanfbl\u00fcten online. Bitte kontaktieren Sie f\u00fcr weitere Informationen und Preise.","og_url":"https:\/\/everydaychemshop.com\/de\/product\/saurer-diesel-cbd-hanfblume\/","og_site_name":"Everyday Chem Shop","article_modified_time":"2023-04-06T05:41:14+00:00","og_image":[{"width":640,"height":965,"url":"https:\/\/everydaychemshop.com\/de\/wp-content\/uploads\/sites\/3\/2022\/11\/Sour-Diesel-CBD-Hemp-Flower.jpg","type":"image\/jpeg"}],"twitter_card":"summary_large_image","twitter_misc":{"Est. reading time":"3 minutes"},"schema":{"@context":"https:\/\/schema.org","@graph":[{"@type":"WebPage","@id":"https:\/\/everydaychemshop.com\/de\/product\/saurer-diesel-cbd-hanfblume\/","url":"https:\/\/everydaychemshop.com\/de\/product\/saurer-diesel-cbd-hanfblume\/","name":"Kaufen Sie Sour Diesel CBD-Hanfbl\u00fcten - Everyday Chem Shop","isPartOf":{"@id":"https:\/\/everydaychemshop.com\/de\/#website"},"primaryImageOfPage":{"@id":"https:\/\/everydaychemshop.com\/de\/product\/saurer-diesel-cbd-hanfblume\/#primaryimage"},"image":{"@id":"https:\/\/everydaychemshop.com\/de\/product\/saurer-diesel-cbd-hanfblume\/#primaryimage"},"thumbnailUrl":"https:\/\/everydaychemshop.com\/de\/wp-content\/uploads\/sites\/3\/2022\/11\/Sour-Diesel-CBD-Hemp-Flower.jpg","datePublished":"2022-11-20T07:19:03+00:00","dateModified":"2023-04-06T05:41:14+00:00","description":"Kaufen Sie Sour Diesel CBD-Hanfbl\u00fcten online. Wir verkaufen hochwertige Sour Diesel CBD-Hanfbl\u00fcten online. Bitte kontaktieren Sie f\u00fcr weitere Informationen und Preise.","breadcrumb":{"@id":"https:\/\/everydaychemshop.com\/de\/product\/saurer-diesel-cbd-hanfblume\/#breadcrumb"},"inLanguage":"en-US","potentialAction":[{"@type":"ReadAction","target":["https:\/\/everydaychemshop.com\/de\/product\/saurer-diesel-cbd-hanfblume\/"]}]},{"@type":"ImageObject","inLanguage":"en-US","@id":"https:\/\/everydaychemshop.com\/de\/product\/saurer-diesel-cbd-hanfblume\/#primaryimage","url":"https:\/\/everydaychemshop.com\/de\/wp-content\/uploads\/sites\/3\/2022\/11\/Sour-Diesel-CBD-Hemp-Flower.jpg","contentUrl":"https:\/\/everydaychemshop.com\/de\/wp-content\/uploads\/sites\/3\/2022\/11\/Sour-Diesel-CBD-Hemp-Flower.jpg","width":640,"height":965,"caption":"Kaufen Sie Sour Diesel CBD-Hanfbl\u00fcten online"},{"@type":"BreadcrumbList","@id":"https:\/\/everydaychemshop.com\/de\/product\/saurer-diesel-cbd-hanfblume\/#breadcrumb","itemListElement":[{"@type":"ListItem","position":1,"name":"Home","item":"https:\/\/everydaychemshop.com\/de\/"},{"@type":"ListItem","position":2,"name":"Produkte","item":"https:\/\/everydaychemshop.com\/de\/produkte\/"},{"@type":"ListItem","position":3,"name":"Sour Diesel CBD-Hanfbl\u00fcte"}]},{"@type":"WebSite","@id":"https:\/\/everydaychemshop.com\/de\/#website","url":"https:\/\/everydaychemshop.com\/de\/","name":"Everyday Chem Shop","description":"","potentialAction":[{"@type":"SearchAction","target":{"@type":"EntryPoint","urlTemplate":"https:\/\/everydaychemshop.com\/de\/?s={search_term_string}"},"query-input":{"@type":"PropertyValueSpecification","valueRequired":true,"valueName":"search_term_string"}}],"inLanguage":"en-US"}]}},"_links":{"self":[{"href":"https:\/\/everydaychemshop.com\/de\/wp-json\/wp\/v2\/product\/8309","targetHints":{"allow":["GET"]}}],"collection":[{"href":"https:\/\/everydaychemshop.com\/de\/wp-json\/wp\/v2\/product"}],"about":[{"href":"https:\/\/everydaychemshop.com\/de\/wp-json\/wp\/v2\/types\/product"}],"replies":[{"embeddable":true,"href":"https:\/\/everydaychemshop.com\/de\/wp-json\/wp\/v2\/comments?post=8309"}],"wp:featuredmedia":[{"embeddable":true,"href":"https:\/\/everydaychemshop.com\/de\/wp-json\/wp\/v2\/media\/8311"}],"wp:attachment":[{"href":"https:\/\/everydaychemshop.com\/de\/wp-json\/wp\/v2\/media?parent=8309"}],"wp:term":[{"taxonomy":"product_brand","embeddable":true,"href":"https:\/\/everydaychemshop.com\/de\/wp-json\/wp\/v2\/product_brand?post=8309"},{"taxonomy":"product_cat","embeddable":true,"href":"https:\/\/everydaychemshop.com\/de\/wp-json\/wp\/v2\/product_cat?post=8309"},{"taxonomy":"product_tag","embeddable":true,"href":"https:\/\/everydaychemshop.com\/de\/wp-json\/wp\/v2\/product_tag?post=8309"}],"curies":[{"name":"wp","href":"https:\/\/api.w.org\/{rel}","templated":true}]}}