{"id":8315,"date":"2022-11-20T07:29:18","date_gmt":"2022-11-20T07:29:18","guid":{"rendered":"https:\/\/everydaychemshop.com\/de\/?post_type=product&#038;p=8315"},"modified":"2023-04-06T05:40:03","modified_gmt":"2023-04-06T05:40:03","slug":"suzy-q-cbd-hanfblume","status":"publish","type":"product","link":"https:\/\/everydaychemshop.com\/de\/product\/suzy-q-cbd-hanfblume\/","title":{"rendered":"Suzy Q CBD-Hanfbl\u00fcte"},"content":{"rendered":"<h1>Kaufen Sie Suzy Q CBD Hanfbl\u00fcten online<\/h1>\n<p><a href=\"https:\/\/everydaychemshop.com\/de\/product\/suzy-q-cbd-hanfblume\/\">Kaufen Sie Suzy Q CBD Hanfbl\u00fcten online<\/a>. Sicherstellung der Hanfbl\u00fctenqualit\u00e4t von der Farm bis zum Verkauf<\/p>\n<p>Suzy Q Hanfbl\u00fcte wird auf einer wundersch\u00f6nen 100 Hektar gro\u00dfen Farm in Nordkalifornien angebaut. Das idyllische nordkalifornische Klima f\u00fchlt sich an wie endloser Sommer, und diese trockenen, hellen <a href=\"https:\/\/de.wikipedia.org\/wiki\/Cannabidiol\">Tage<\/a> bedeuten Rekordernten mit wundersch\u00f6nen Blumen, die nicht unter Schimmel oder echtem Mehltau leiden.<\/p>\n<p>Unsere Farm ist biologisch, was bedeutet, dass wir niemals Verwenden Sie chemische D\u00fcngemittel oder Pestizide. Wir achten sehr darauf, eine richtige Permakultur zu gew\u00e4hrleisten \u2013 ein landwirtschaftliches \u00d6kosystem, das nachhaltig und autark ist. Eine M\u00f6glichkeit, dies zu tun, ist Top-Dressing-D\u00fcngung, die die Wurzeln h\u00e4rter arbeiten l\u00e4sst, um einen gesunden Boden zu f\u00f6rdern, in dem unsere Pflanzen gedeihen werden.<\/p>\n<p>Sobald sie ihr volles Potenzial erreicht haben, werden unsere Hanfpflanzen aufgeh\u00e4ngt umgedreht trocknen, dann trocken aush\u00e4rten und von Hand zurechtschneiden. Cannabis ist eine empfindliche Pflanze. Schon kleine Fehler beim Anbau oder der Ernte k\u00f6nnen die Qualit\u00e4t der Knospen schnell beeintr\u00e4chtigen. Wir bestehen auf totaler Transparenz und Qualit\u00e4tskontrolle \u2026 und das sollten Sie auch. Hanfbl\u00fcten erfordern nicht weniger.<\/p>\n<p>Unabh\u00e4ngige Tests unserer CBD-Hanfbl\u00fcte<br \/>\nJede Ernte wird in einem\u00a0unabh\u00e4ngiges\u00a0Labor, das DEA-registriert, ISO 17025-akkreditiert, AHCA-akkreditiert und CLIA-akkreditiert ist. Die Full-Panel-Tests pr\u00fcfen auf:<\/p>\n<p>Die Potenz von CBD, THC und anderen Cannabinoiden.<br \/>\nSchwermetalle (Blei, Quecksilber, Arsen, Cadmium).<br \/>\nBakterien wie Coli und andere Krankheitserreger.<br \/>\nMykotoxine und andere Verunreinigungen.<br \/>\nWir legen jeder Bestellung ein Analysezertifikat bei, sodass Sie immer genau wissen, was Sie beim Kauf von Crescent Flower erhalten.<\/p>\n","protected":false},"excerpt":{"rendered":"<p>Kaufen Sie Suzy Q CBD Hanfbl\u00fcte Vollspektrum-Hanfbl\u00fcte. Suzy Q ist eine CBD-reiche, niedrige THC-Sorte mit Piniengeschmack, die hilft, Symptome mit wenig bis gar keinem euphorischen High zu behandeln.<\/p>\n<p>Suzy Q ist eine CBD-reiche, niedrige THC-Sorte mit Piniengeschmack hilft bei der Behandlung von Symptomen mit wenig bis gar keinem High. Eine gro\u00dfartige Sorte, die der CBD-Familie hinzugef\u00fcgt werden kann.<br \/>\nCbd: 15-17 %<\/p>\n<p>Thc: 0,2 %<\/p>\n","protected":false},"featured_media":8317,"comment_status":"open","ping_status":"closed","template":"","meta":{"inline_featured_image":false},"product_brand":[],"product_cat":[60],"product_tag":[],"class_list":{"0":"post-8315","1":"product","2":"type-product","3":"status-publish","4":"has-post-thumbnail","6":"product_cat-cbd-hanf-blume","8":"first","9":"instock","10":"shipping-taxable","11":"purchasable","12":"product-type-variable","13":"has-default-attributes"},"yoast_head":"<!-- This site is optimized with the Yoast SEO Premium plugin v19.2 (Yoast SEO v27.3) - https:\/\/yoast.com\/product\/yoast-seo-premium-wordpress\/ -->\n<title>Kaufen Sie Suzy Q CBD Hanfbl\u00fcten online- Everyday Chem Shop<\/title>\n<meta name=\"description\" content=\"Kaufen Sie Suzy Q CBD Hanfbl\u00fcten online. Wir verkaufen hochwertige Suzy Q CBD-Hanfbl\u00fcten. Kontakt f\u00fcr weitere Informationen und Preise zur Bestellung.\" \/>\n<meta name=\"robots\" content=\"index, follow, max-snippet:-1, max-image-preview:large, max-video-preview:-1\" \/>\n<link rel=\"canonical\" href=\"https:\/\/everydaychemshop.com\/de\/product\/suzy-q-cbd-hanfblume\/\" \/>\n<meta property=\"og:locale\" content=\"en_US\" \/>\n<meta property=\"og:type\" content=\"article\" \/>\n<meta property=\"og:title\" content=\"Suzy Q CBD-Hanfbl\u00fcte\" \/>\n<meta property=\"og:description\" content=\"Kaufen Sie Suzy Q CBD Hanfbl\u00fcten online. Wir verkaufen hochwertige Suzy Q CBD-Hanfbl\u00fcten. Kontakt f\u00fcr weitere Informationen und Preise zur Bestellung.\" \/>\n<meta property=\"og:url\" content=\"https:\/\/everydaychemshop.com\/de\/product\/suzy-q-cbd-hanfblume\/\" \/>\n<meta property=\"og:site_name\" content=\"Everyday Chem Shop\" \/>\n<meta property=\"article:modified_time\" content=\"2023-04-06T05:40:03+00:00\" \/>\n<meta property=\"og:image\" content=\"https:\/\/everydaychemshop.com\/de\/wp-content\/uploads\/sites\/3\/2022\/11\/Buy-Suzy-Q-CBD-Hemp-Flower-Online.jpg\" \/>\n\t<meta property=\"og:image:width\" content=\"600\" \/>\n\t<meta property=\"og:image:height\" content=\"600\" \/>\n\t<meta property=\"og:image:type\" content=\"image\/jpeg\" \/>\n<meta name=\"twitter:card\" content=\"summary_large_image\" \/>\n<meta name=\"twitter:label1\" content=\"Est. reading time\" \/>\n\t<meta name=\"twitter:data1\" content=\"2 minutes\" \/>\n<script type=\"application\/ld+json\" class=\"yoast-schema-graph\">{\"@context\":\"https:\\\/\\\/schema.org\",\"@graph\":[{\"@type\":\"WebPage\",\"@id\":\"https:\\\/\\\/everydaychemshop.com\\\/de\\\/product\\\/suzy-q-cbd-hanfblume\\\/\",\"url\":\"https:\\\/\\\/everydaychemshop.com\\\/de\\\/product\\\/suzy-q-cbd-hanfblume\\\/\",\"name\":\"Kaufen Sie Suzy Q CBD Hanfbl\u00fcten online- Everyday Chem Shop\",\"isPartOf\":{\"@id\":\"https:\\\/\\\/everydaychemshop.com\\\/de\\\/#website\"},\"primaryImageOfPage\":{\"@id\":\"https:\\\/\\\/everydaychemshop.com\\\/de\\\/product\\\/suzy-q-cbd-hanfblume\\\/#primaryimage\"},\"image\":{\"@id\":\"https:\\\/\\\/everydaychemshop.com\\\/de\\\/product\\\/suzy-q-cbd-hanfblume\\\/#primaryimage\"},\"thumbnailUrl\":\"https:\\\/\\\/everydaychemshop.com\\\/de\\\/wp-content\\\/uploads\\\/sites\\\/3\\\/2022\\\/11\\\/Buy-Suzy-Q-CBD-Hemp-Flower-Online.jpg\",\"datePublished\":\"2022-11-20T07:29:18+00:00\",\"dateModified\":\"2023-04-06T05:40:03+00:00\",\"description\":\"Kaufen Sie Suzy Q CBD Hanfbl\u00fcten online. Wir verkaufen hochwertige Suzy Q CBD-Hanfbl\u00fcten. Kontakt f\u00fcr weitere Informationen und Preise zur Bestellung.\",\"breadcrumb\":{\"@id\":\"https:\\\/\\\/everydaychemshop.com\\\/de\\\/product\\\/suzy-q-cbd-hanfblume\\\/#breadcrumb\"},\"inLanguage\":\"en-US\",\"potentialAction\":[{\"@type\":\"ReadAction\",\"target\":[\"https:\\\/\\\/everydaychemshop.com\\\/de\\\/product\\\/suzy-q-cbd-hanfblume\\\/\"]}]},{\"@type\":\"ImageObject\",\"inLanguage\":\"en-US\",\"@id\":\"https:\\\/\\\/everydaychemshop.com\\\/de\\\/product\\\/suzy-q-cbd-hanfblume\\\/#primaryimage\",\"url\":\"https:\\\/\\\/everydaychemshop.com\\\/de\\\/wp-content\\\/uploads\\\/sites\\\/3\\\/2022\\\/11\\\/Buy-Suzy-Q-CBD-Hemp-Flower-Online.jpg\",\"contentUrl\":\"https:\\\/\\\/everydaychemshop.com\\\/de\\\/wp-content\\\/uploads\\\/sites\\\/3\\\/2022\\\/11\\\/Buy-Suzy-Q-CBD-Hemp-Flower-Online.jpg\",\"width\":600,\"height\":600,\"caption\":\"Kaufen Sie Suzy Q CBD Hanfbl\u00fcten online\"},{\"@type\":\"BreadcrumbList\",\"@id\":\"https:\\\/\\\/everydaychemshop.com\\\/de\\\/product\\\/suzy-q-cbd-hanfblume\\\/#breadcrumb\",\"itemListElement\":[{\"@type\":\"ListItem\",\"position\":1,\"name\":\"Home\",\"item\":\"https:\\\/\\\/everydaychemshop.com\\\/de\\\/\"},{\"@type\":\"ListItem\",\"position\":2,\"name\":\"Produkte\",\"item\":\"https:\\\/\\\/everydaychemshop.com\\\/de\\\/produkte\\\/\"},{\"@type\":\"ListItem\",\"position\":3,\"name\":\"Suzy Q CBD-Hanfbl\u00fcte\"}]},{\"@type\":\"WebSite\",\"@id\":\"https:\\\/\\\/everydaychemshop.com\\\/de\\\/#website\",\"url\":\"https:\\\/\\\/everydaychemshop.com\\\/de\\\/\",\"name\":\"Everyday Chem Shop\",\"description\":\"\",\"potentialAction\":[{\"@type\":\"SearchAction\",\"target\":{\"@type\":\"EntryPoint\",\"urlTemplate\":\"https:\\\/\\\/everydaychemshop.com\\\/de\\\/?s={search_term_string}\"},\"query-input\":{\"@type\":\"PropertyValueSpecification\",\"valueRequired\":true,\"valueName\":\"search_term_string\"}}],\"inLanguage\":\"en-US\"}]}<\/script>\n<!-- \/ Yoast SEO Premium plugin. -->","yoast_head_json":{"title":"Kaufen Sie Suzy Q CBD Hanfbl\u00fcten online- Everyday Chem Shop","description":"Kaufen Sie Suzy Q CBD Hanfbl\u00fcten online. Wir verkaufen hochwertige Suzy Q CBD-Hanfbl\u00fcten. Kontakt f\u00fcr weitere Informationen und Preise zur Bestellung.","robots":{"index":"index","follow":"follow","max-snippet":"max-snippet:-1","max-image-preview":"max-image-preview:large","max-video-preview":"max-video-preview:-1"},"canonical":"https:\/\/everydaychemshop.com\/de\/product\/suzy-q-cbd-hanfblume\/","og_locale":"en_US","og_type":"article","og_title":"Suzy Q CBD-Hanfbl\u00fcte","og_description":"Kaufen Sie Suzy Q CBD Hanfbl\u00fcten online. Wir verkaufen hochwertige Suzy Q CBD-Hanfbl\u00fcten. Kontakt f\u00fcr weitere Informationen und Preise zur Bestellung.","og_url":"https:\/\/everydaychemshop.com\/de\/product\/suzy-q-cbd-hanfblume\/","og_site_name":"Everyday Chem Shop","article_modified_time":"2023-04-06T05:40:03+00:00","og_image":[{"width":600,"height":600,"url":"https:\/\/everydaychemshop.com\/de\/wp-content\/uploads\/sites\/3\/2022\/11\/Buy-Suzy-Q-CBD-Hemp-Flower-Online.jpg","type":"image\/jpeg"}],"twitter_card":"summary_large_image","twitter_misc":{"Est. reading time":"2 minutes"},"schema":{"@context":"https:\/\/schema.org","@graph":[{"@type":"WebPage","@id":"https:\/\/everydaychemshop.com\/de\/product\/suzy-q-cbd-hanfblume\/","url":"https:\/\/everydaychemshop.com\/de\/product\/suzy-q-cbd-hanfblume\/","name":"Kaufen Sie Suzy Q CBD Hanfbl\u00fcten online- Everyday Chem Shop","isPartOf":{"@id":"https:\/\/everydaychemshop.com\/de\/#website"},"primaryImageOfPage":{"@id":"https:\/\/everydaychemshop.com\/de\/product\/suzy-q-cbd-hanfblume\/#primaryimage"},"image":{"@id":"https:\/\/everydaychemshop.com\/de\/product\/suzy-q-cbd-hanfblume\/#primaryimage"},"thumbnailUrl":"https:\/\/everydaychemshop.com\/de\/wp-content\/uploads\/sites\/3\/2022\/11\/Buy-Suzy-Q-CBD-Hemp-Flower-Online.jpg","datePublished":"2022-11-20T07:29:18+00:00","dateModified":"2023-04-06T05:40:03+00:00","description":"Kaufen Sie Suzy Q CBD Hanfbl\u00fcten online. Wir verkaufen hochwertige Suzy Q CBD-Hanfbl\u00fcten. Kontakt f\u00fcr weitere Informationen und Preise zur Bestellung.","breadcrumb":{"@id":"https:\/\/everydaychemshop.com\/de\/product\/suzy-q-cbd-hanfblume\/#breadcrumb"},"inLanguage":"en-US","potentialAction":[{"@type":"ReadAction","target":["https:\/\/everydaychemshop.com\/de\/product\/suzy-q-cbd-hanfblume\/"]}]},{"@type":"ImageObject","inLanguage":"en-US","@id":"https:\/\/everydaychemshop.com\/de\/product\/suzy-q-cbd-hanfblume\/#primaryimage","url":"https:\/\/everydaychemshop.com\/de\/wp-content\/uploads\/sites\/3\/2022\/11\/Buy-Suzy-Q-CBD-Hemp-Flower-Online.jpg","contentUrl":"https:\/\/everydaychemshop.com\/de\/wp-content\/uploads\/sites\/3\/2022\/11\/Buy-Suzy-Q-CBD-Hemp-Flower-Online.jpg","width":600,"height":600,"caption":"Kaufen Sie Suzy Q CBD Hanfbl\u00fcten online"},{"@type":"BreadcrumbList","@id":"https:\/\/everydaychemshop.com\/de\/product\/suzy-q-cbd-hanfblume\/#breadcrumb","itemListElement":[{"@type":"ListItem","position":1,"name":"Home","item":"https:\/\/everydaychemshop.com\/de\/"},{"@type":"ListItem","position":2,"name":"Produkte","item":"https:\/\/everydaychemshop.com\/de\/produkte\/"},{"@type":"ListItem","position":3,"name":"Suzy Q CBD-Hanfbl\u00fcte"}]},{"@type":"WebSite","@id":"https:\/\/everydaychemshop.com\/de\/#website","url":"https:\/\/everydaychemshop.com\/de\/","name":"Everyday Chem Shop","description":"","potentialAction":[{"@type":"SearchAction","target":{"@type":"EntryPoint","urlTemplate":"https:\/\/everydaychemshop.com\/de\/?s={search_term_string}"},"query-input":{"@type":"PropertyValueSpecification","valueRequired":true,"valueName":"search_term_string"}}],"inLanguage":"en-US"}]}},"_links":{"self":[{"href":"https:\/\/everydaychemshop.com\/de\/wp-json\/wp\/v2\/product\/8315","targetHints":{"allow":["GET"]}}],"collection":[{"href":"https:\/\/everydaychemshop.com\/de\/wp-json\/wp\/v2\/product"}],"about":[{"href":"https:\/\/everydaychemshop.com\/de\/wp-json\/wp\/v2\/types\/product"}],"replies":[{"embeddable":true,"href":"https:\/\/everydaychemshop.com\/de\/wp-json\/wp\/v2\/comments?post=8315"}],"wp:featuredmedia":[{"embeddable":true,"href":"https:\/\/everydaychemshop.com\/de\/wp-json\/wp\/v2\/media\/8317"}],"wp:attachment":[{"href":"https:\/\/everydaychemshop.com\/de\/wp-json\/wp\/v2\/media?parent=8315"}],"wp:term":[{"taxonomy":"product_brand","embeddable":true,"href":"https:\/\/everydaychemshop.com\/de\/wp-json\/wp\/v2\/product_brand?post=8315"},{"taxonomy":"product_cat","embeddable":true,"href":"https:\/\/everydaychemshop.com\/de\/wp-json\/wp\/v2\/product_cat?post=8315"},{"taxonomy":"product_tag","embeddable":true,"href":"https:\/\/everydaychemshop.com\/de\/wp-json\/wp\/v2\/product_tag?post=8315"}],"curies":[{"name":"wp","href":"https:\/\/api.w.org\/{rel}","templated":true}]}}