{"id":8332,"date":"2022-11-22T22:31:34","date_gmt":"2022-11-22T22:31:34","guid":{"rendered":"https:\/\/everydaychemshop.com\/de\/?post_type=product&#038;p=8332"},"modified":"2023-04-06T05:37:31","modified_gmt":"2023-04-06T05:37:31","slug":"kaufen-hochzeitstorte-thc-destillat-top-shelf","status":"publish","type":"product","link":"https:\/\/everydaychemshop.com\/de\/product\/kaufen-hochzeitstorte-thc-destillat-top-shelf\/","title":{"rendered":"Hochzeitstorte THC-Destillat \u2013 Erstklassig"},"content":{"rendered":"<h1>Hochzeitstorte THC Destillat online kaufen<\/h1>\n<p><a href=\"https:\/\/everydaychemshop.com\/de\/product\/kaufen-hochzeitstorte-thc-destillat-top-shelf\/\">Hochzeitstorte THC Destillat online kaufen<\/a> \u2013 Top Shelf \u2013 THC\u00a0Destillat \u00a0ist ein gereinigter, l\u00f6sungsmittelfreier Cannabisextrakt mit\u00a0THC Niveaus\u00a0von 98\u00a0% . Es ist ein klares, goldenes Konzentrat, das w\u00e4hrend des Filtrations-\/Destillationsprozesses unter Verwendung modernster Technologie von allen Wachsen, Fetten und \u00d6len gereinigt wird, <a href=\"https:\/\/de.wikipedia.org\/wiki\/Tetrahydrocannabinol\">um<\/a> ein reines, dickfl\u00fcssiges, klares \u00d6l herzustellen, das als essbares, topisches oder gerauchtes\/verdampftes \u00d6l verwendet werden kann ! Dies ist ein extrem dickfl\u00fcssiges \u00d6l in einer Glasspritze. Erw\u00e4rmen Sie die Spritze vor Gebrauch vorsichtig.<\/p>\n","protected":false},"excerpt":{"rendered":"<p>Weltweiter Versand<br \/>\nMindestbestellmenge ist 2<br \/>\nKontaktieren Sie uns f\u00fcr gr\u00f6\u00dfere Bestellungen<br \/>\nWir liefern hochreine Produkte mit einem sehr guten und diskreten Versandsystem. Mit 12-j\u00e4hriger Erfahrung in der Lieferung von Forschungschemikalien; Wir konzentrieren uns auf Sicherheit.<\/p>\n<p>Wir sind zuverl\u00e4ssig, vertrauensw\u00fcrdig, schnelle Lieferung und qualitativ hochwertige Produkte nur zu einem erschwinglichen Preis.<\/p>\n","protected":false},"featured_media":8340,"comment_status":"open","ping_status":"closed","template":"","meta":{"inline_featured_image":false},"product_brand":[],"product_cat":[61],"product_tag":[601,612,613,615,614,618,616,609,593,594,589,591,592,588,621,619,620,602,600,603,605,611,607,585,598,586,587,590,599,617,610,608,604,606,597,595,596],"class_list":{"0":"post-8332","1":"product","2":"type-product","3":"status-publish","4":"has-post-thumbnail","6":"product_cat-cannabis-produkte","7":"product_tag-bestellen-thc-destillat","8":"product_tag-destillat-online-bestellen","9":"product_tag-thc-destillat-online-usa-bestellen","10":"product_tag-destillat-l-online-bestellen","11":"product_tag-bestelle-thc-destillatl-online-usa","12":"product_tag-thc-destillatl-online-de-bestellen","13":"product_tag-bestellen-thc-destillat-spritze","14":"product_tag-buy-bulk-thc-distillate","15":"product_tag-buy-cbd-distillate","16":"product_tag-buy-cbd-distillate-uk","17":"product_tag-buy-thc-distillate-oil-online","18":"product_tag-buy-thc-distillate-oil-online-canada","19":"product_tag-buy-thc-distillate-oil-online-uk","20":"product_tag-buy-thc-distillate-oil-online-usa","21":"product_tag-buy-wedding-cake-thc-distillate","22":"product_tag-cbd-destillat-bestellen","23":"product_tag-bestellung-cbd-destillat-uk","24":"product_tag-thc-destillat-zu-verkaufen","25":"product_tag-thc-destillat-preis","26":"product_tag-thc-destillation-equipment","27":"product_tag-thc-destillationstemperatur","28":"product_tag-grohandel-thc-destillat","29":"product_tag-kaufen-billiges-thc-destillat","30":"product_tag-kaufen-thc-destillat","31":"product_tag-kaufen-thc-destillat-colorado","32":"product_tag-kaufen-thc-destillat-online","33":"product_tag-kaufen-thc-destillat-online-usa","34":"product_tag-kaufen-thc-destillat-spritze","35":"product_tag-oz-of-thc-destillat-kaufen","36":"product_tag-order-thc-distillate-oil-online-canada","37":"product_tag-preis-fr-destillat-thc-bulk","38":"product_tag-thc-destillat-chemikalie","39":"product_tag-thc-destillat-kauf","40":"product_tag-thc-destillat-temperatur","41":"product_tag-wo-man-thc-destillat-in-kalifornien-kauft","42":"product_tag-wo-zu-kaufen-thc-destillat","43":"product_tag-wo-man-thc-destillat-online-kaufen-kann","45":"first","46":"instock","47":"shipping-taxable","48":"purchasable","49":"product-type-variable","50":"has-default-attributes"},"yoast_head":"<!-- This site is optimized with the Yoast SEO Premium plugin v19.2 (Yoast SEO v27.3) - https:\/\/yoast.com\/product\/yoast-seo-premium-wordpress\/ -->\n<title>Hochzeitstorte THC Destillat online kaufen - Everyday Chem Shop<\/title>\n<meta name=\"description\" content=\"Hochzeitstorte THC Destillat online kaufen. Wir verkaufen hochwertiges THC-Destillat. Kontakt f\u00fcr weitere Informationen zu Preisen und Bestellm\u00f6glichkeiten.\" \/>\n<meta name=\"robots\" content=\"index, follow, max-snippet:-1, max-image-preview:large, max-video-preview:-1\" \/>\n<link rel=\"canonical\" href=\"https:\/\/everydaychemshop.com\/de\/product\/kaufen-hochzeitstorte-thc-destillat-top-shelf\/\" \/>\n<meta property=\"og:locale\" content=\"en_US\" \/>\n<meta property=\"og:type\" content=\"article\" \/>\n<meta property=\"og:title\" content=\"Hochzeitstorte THC-Destillat \u2013 Erstklassig\" \/>\n<meta property=\"og:description\" content=\"Hochzeitstorte THC Destillat online kaufen. Wir verkaufen hochwertiges THC-Destillat. Kontakt f\u00fcr weitere Informationen zu Preisen und Bestellm\u00f6glichkeiten.\" \/>\n<meta property=\"og:url\" content=\"https:\/\/everydaychemshop.com\/de\/product\/kaufen-hochzeitstorte-thc-destillat-top-shelf\/\" \/>\n<meta property=\"og:site_name\" content=\"Everyday Chem Shop\" \/>\n<meta property=\"article:modified_time\" content=\"2023-04-06T05:37:31+00:00\" \/>\n<meta property=\"og:image\" content=\"https:\/\/everydaychemshop.com\/de\/wp-content\/uploads\/sites\/3\/2022\/11\/Buy-Wedding-Cake-THC-Distillate-\u2013-Top-Shelf.jpg\" \/>\n\t<meta property=\"og:image:width\" content=\"600\" \/>\n\t<meta property=\"og:image:height\" content=\"600\" \/>\n\t<meta property=\"og:image:type\" content=\"image\/jpeg\" \/>\n<meta name=\"twitter:card\" content=\"summary_large_image\" \/>\n<meta name=\"twitter:label1\" content=\"Est. reading time\" \/>\n\t<meta name=\"twitter:data1\" content=\"1 minute\" \/>\n<script type=\"application\/ld+json\" class=\"yoast-schema-graph\">{\"@context\":\"https:\\\/\\\/schema.org\",\"@graph\":[{\"@type\":\"WebPage\",\"@id\":\"https:\\\/\\\/everydaychemshop.com\\\/de\\\/product\\\/kaufen-hochzeitstorte-thc-destillat-top-shelf\\\/\",\"url\":\"https:\\\/\\\/everydaychemshop.com\\\/de\\\/product\\\/kaufen-hochzeitstorte-thc-destillat-top-shelf\\\/\",\"name\":\"Hochzeitstorte THC Destillat online kaufen - Everyday Chem Shop\",\"isPartOf\":{\"@id\":\"https:\\\/\\\/everydaychemshop.com\\\/de\\\/#website\"},\"primaryImageOfPage\":{\"@id\":\"https:\\\/\\\/everydaychemshop.com\\\/de\\\/product\\\/kaufen-hochzeitstorte-thc-destillat-top-shelf\\\/#primaryimage\"},\"image\":{\"@id\":\"https:\\\/\\\/everydaychemshop.com\\\/de\\\/product\\\/kaufen-hochzeitstorte-thc-destillat-top-shelf\\\/#primaryimage\"},\"thumbnailUrl\":\"https:\\\/\\\/everydaychemshop.com\\\/de\\\/wp-content\\\/uploads\\\/sites\\\/3\\\/2022\\\/11\\\/Buy-Wedding-Cake-THC-Distillate-\u2013-Top-Shelf.jpg\",\"datePublished\":\"2022-11-22T22:31:34+00:00\",\"dateModified\":\"2023-04-06T05:37:31+00:00\",\"description\":\"Hochzeitstorte THC Destillat online kaufen. Wir verkaufen hochwertiges THC-Destillat. Kontakt f\u00fcr weitere Informationen zu Preisen und Bestellm\u00f6glichkeiten.\",\"breadcrumb\":{\"@id\":\"https:\\\/\\\/everydaychemshop.com\\\/de\\\/product\\\/kaufen-hochzeitstorte-thc-destillat-top-shelf\\\/#breadcrumb\"},\"inLanguage\":\"en-US\",\"potentialAction\":[{\"@type\":\"ReadAction\",\"target\":[\"https:\\\/\\\/everydaychemshop.com\\\/de\\\/product\\\/kaufen-hochzeitstorte-thc-destillat-top-shelf\\\/\"]}]},{\"@type\":\"ImageObject\",\"inLanguage\":\"en-US\",\"@id\":\"https:\\\/\\\/everydaychemshop.com\\\/de\\\/product\\\/kaufen-hochzeitstorte-thc-destillat-top-shelf\\\/#primaryimage\",\"url\":\"https:\\\/\\\/everydaychemshop.com\\\/de\\\/wp-content\\\/uploads\\\/sites\\\/3\\\/2022\\\/11\\\/Buy-Wedding-Cake-THC-Distillate-\u2013-Top-Shelf.jpg\",\"contentUrl\":\"https:\\\/\\\/everydaychemshop.com\\\/de\\\/wp-content\\\/uploads\\\/sites\\\/3\\\/2022\\\/11\\\/Buy-Wedding-Cake-THC-Distillate-\u2013-Top-Shelf.jpg\",\"width\":600,\"height\":600,\"caption\":\"Hochzeitstorte THC Destillat online kaufen\"},{\"@type\":\"BreadcrumbList\",\"@id\":\"https:\\\/\\\/everydaychemshop.com\\\/de\\\/product\\\/kaufen-hochzeitstorte-thc-destillat-top-shelf\\\/#breadcrumb\",\"itemListElement\":[{\"@type\":\"ListItem\",\"position\":1,\"name\":\"Home\",\"item\":\"https:\\\/\\\/everydaychemshop.com\\\/de\\\/\"},{\"@type\":\"ListItem\",\"position\":2,\"name\":\"Produkte\",\"item\":\"https:\\\/\\\/everydaychemshop.com\\\/de\\\/produkte\\\/\"},{\"@type\":\"ListItem\",\"position\":3,\"name\":\"Hochzeitstorte THC-Destillat \u2013 Erstklassig\"}]},{\"@type\":\"WebSite\",\"@id\":\"https:\\\/\\\/everydaychemshop.com\\\/de\\\/#website\",\"url\":\"https:\\\/\\\/everydaychemshop.com\\\/de\\\/\",\"name\":\"Everyday Chem Shop\",\"description\":\"\",\"potentialAction\":[{\"@type\":\"SearchAction\",\"target\":{\"@type\":\"EntryPoint\",\"urlTemplate\":\"https:\\\/\\\/everydaychemshop.com\\\/de\\\/?s={search_term_string}\"},\"query-input\":{\"@type\":\"PropertyValueSpecification\",\"valueRequired\":true,\"valueName\":\"search_term_string\"}}],\"inLanguage\":\"en-US\"}]}<\/script>\n<!-- \/ Yoast SEO Premium plugin. -->","yoast_head_json":{"title":"Hochzeitstorte THC Destillat online kaufen - Everyday Chem Shop","description":"Hochzeitstorte THC Destillat online kaufen. Wir verkaufen hochwertiges THC-Destillat. Kontakt f\u00fcr weitere Informationen zu Preisen und Bestellm\u00f6glichkeiten.","robots":{"index":"index","follow":"follow","max-snippet":"max-snippet:-1","max-image-preview":"max-image-preview:large","max-video-preview":"max-video-preview:-1"},"canonical":"https:\/\/everydaychemshop.com\/de\/product\/kaufen-hochzeitstorte-thc-destillat-top-shelf\/","og_locale":"en_US","og_type":"article","og_title":"Hochzeitstorte THC-Destillat \u2013 Erstklassig","og_description":"Hochzeitstorte THC Destillat online kaufen. Wir verkaufen hochwertiges THC-Destillat. Kontakt f\u00fcr weitere Informationen zu Preisen und Bestellm\u00f6glichkeiten.","og_url":"https:\/\/everydaychemshop.com\/de\/product\/kaufen-hochzeitstorte-thc-destillat-top-shelf\/","og_site_name":"Everyday Chem Shop","article_modified_time":"2023-04-06T05:37:31+00:00","og_image":[{"width":600,"height":600,"url":"https:\/\/everydaychemshop.com\/de\/wp-content\/uploads\/sites\/3\/2022\/11\/Buy-Wedding-Cake-THC-Distillate-\u2013-Top-Shelf.jpg","type":"image\/jpeg"}],"twitter_card":"summary_large_image","twitter_misc":{"Est. reading time":"1 minute"},"schema":{"@context":"https:\/\/schema.org","@graph":[{"@type":"WebPage","@id":"https:\/\/everydaychemshop.com\/de\/product\/kaufen-hochzeitstorte-thc-destillat-top-shelf\/","url":"https:\/\/everydaychemshop.com\/de\/product\/kaufen-hochzeitstorte-thc-destillat-top-shelf\/","name":"Hochzeitstorte THC Destillat online kaufen - Everyday Chem Shop","isPartOf":{"@id":"https:\/\/everydaychemshop.com\/de\/#website"},"primaryImageOfPage":{"@id":"https:\/\/everydaychemshop.com\/de\/product\/kaufen-hochzeitstorte-thc-destillat-top-shelf\/#primaryimage"},"image":{"@id":"https:\/\/everydaychemshop.com\/de\/product\/kaufen-hochzeitstorte-thc-destillat-top-shelf\/#primaryimage"},"thumbnailUrl":"https:\/\/everydaychemshop.com\/de\/wp-content\/uploads\/sites\/3\/2022\/11\/Buy-Wedding-Cake-THC-Distillate-\u2013-Top-Shelf.jpg","datePublished":"2022-11-22T22:31:34+00:00","dateModified":"2023-04-06T05:37:31+00:00","description":"Hochzeitstorte THC Destillat online kaufen. Wir verkaufen hochwertiges THC-Destillat. Kontakt f\u00fcr weitere Informationen zu Preisen und Bestellm\u00f6glichkeiten.","breadcrumb":{"@id":"https:\/\/everydaychemshop.com\/de\/product\/kaufen-hochzeitstorte-thc-destillat-top-shelf\/#breadcrumb"},"inLanguage":"en-US","potentialAction":[{"@type":"ReadAction","target":["https:\/\/everydaychemshop.com\/de\/product\/kaufen-hochzeitstorte-thc-destillat-top-shelf\/"]}]},{"@type":"ImageObject","inLanguage":"en-US","@id":"https:\/\/everydaychemshop.com\/de\/product\/kaufen-hochzeitstorte-thc-destillat-top-shelf\/#primaryimage","url":"https:\/\/everydaychemshop.com\/de\/wp-content\/uploads\/sites\/3\/2022\/11\/Buy-Wedding-Cake-THC-Distillate-\u2013-Top-Shelf.jpg","contentUrl":"https:\/\/everydaychemshop.com\/de\/wp-content\/uploads\/sites\/3\/2022\/11\/Buy-Wedding-Cake-THC-Distillate-\u2013-Top-Shelf.jpg","width":600,"height":600,"caption":"Hochzeitstorte THC Destillat online kaufen"},{"@type":"BreadcrumbList","@id":"https:\/\/everydaychemshop.com\/de\/product\/kaufen-hochzeitstorte-thc-destillat-top-shelf\/#breadcrumb","itemListElement":[{"@type":"ListItem","position":1,"name":"Home","item":"https:\/\/everydaychemshop.com\/de\/"},{"@type":"ListItem","position":2,"name":"Produkte","item":"https:\/\/everydaychemshop.com\/de\/produkte\/"},{"@type":"ListItem","position":3,"name":"Hochzeitstorte THC-Destillat \u2013 Erstklassig"}]},{"@type":"WebSite","@id":"https:\/\/everydaychemshop.com\/de\/#website","url":"https:\/\/everydaychemshop.com\/de\/","name":"Everyday Chem Shop","description":"","potentialAction":[{"@type":"SearchAction","target":{"@type":"EntryPoint","urlTemplate":"https:\/\/everydaychemshop.com\/de\/?s={search_term_string}"},"query-input":{"@type":"PropertyValueSpecification","valueRequired":true,"valueName":"search_term_string"}}],"inLanguage":"en-US"}]}},"_links":{"self":[{"href":"https:\/\/everydaychemshop.com\/de\/wp-json\/wp\/v2\/product\/8332","targetHints":{"allow":["GET"]}}],"collection":[{"href":"https:\/\/everydaychemshop.com\/de\/wp-json\/wp\/v2\/product"}],"about":[{"href":"https:\/\/everydaychemshop.com\/de\/wp-json\/wp\/v2\/types\/product"}],"replies":[{"embeddable":true,"href":"https:\/\/everydaychemshop.com\/de\/wp-json\/wp\/v2\/comments?post=8332"}],"wp:featuredmedia":[{"embeddable":true,"href":"https:\/\/everydaychemshop.com\/de\/wp-json\/wp\/v2\/media\/8340"}],"wp:attachment":[{"href":"https:\/\/everydaychemshop.com\/de\/wp-json\/wp\/v2\/media?parent=8332"}],"wp:term":[{"taxonomy":"product_brand","embeddable":true,"href":"https:\/\/everydaychemshop.com\/de\/wp-json\/wp\/v2\/product_brand?post=8332"},{"taxonomy":"product_cat","embeddable":true,"href":"https:\/\/everydaychemshop.com\/de\/wp-json\/wp\/v2\/product_cat?post=8332"},{"taxonomy":"product_tag","embeddable":true,"href":"https:\/\/everydaychemshop.com\/de\/wp-json\/wp\/v2\/product_tag?post=8332"}],"curies":[{"name":"wp","href":"https:\/\/api.w.org\/{rel}","templated":true}]}}