{"id":8341,"date":"2022-11-22T22:43:59","date_gmt":"2022-11-22T22:43:59","guid":{"rendered":"https:\/\/everydaychemshop.com\/de\/?post_type=product&#038;p=8341"},"modified":"2023-04-06T05:36:21","modified_gmt":"2023-04-06T05:36:21","slug":"cbd-premium-co2-extrahiertes-ol","status":"publish","type":"product","link":"https:\/\/everydaychemshop.com\/de\/product\/cbd-premium-co2-extrahiertes-ol\/","title":{"rendered":"CBD-Premium-CO2-extrahiertes \u00d6l"},"content":{"rendered":"<h1>CBD Premium CO2-extrahiertes \u00d6l online<\/h1>\n<p><a href=\"https:\/\/everydaychemshop.com\/de\/product\/cbd-premium-co2-extrahiertes-ol\/\">CBD Premium CO2-extrahiertes \u00d6l online<\/a>. Die Cannabinoide werden w\u00e4hrend der CO2-Extraktion gesammelt. Das scheint ein \u00d6l zu produzieren, das viel leichter zu inhalieren ist, ohne Sch\u00e4rfe.<br \/>\nDiese spezielle Charge von Medikamenten stammt von\u00a0ACDC, einer Cannabissorte, die daf\u00fcr bekannt ist, dass sie einen hohen CBD-Gehalt aufweist.<\/p>\n<p>&nbsp;<\/p>\n<p>Cannabinoide wurden w\u00e4hrend der CO2-Extraktion gesammelt. Das scheint f\u00fcr ein \u00d6l zu sorgen, <a href=\"https:\/\/de.wikipedia.org\/wiki\/Cannabidiol\">das<\/a> viel leichter einzuatmen ist, ohne aggressiv zu sein.<br \/>\nDiese spezielle Charge von Drogen wird aus ACDC hergestellt, einer Cannabissorte, die daf\u00fcr bekannt ist, auf hohe CBD-Konzentrationen getestet zu werden.<\/p>\n<p>Unsere Vape-\u00d6lkartuschen geh\u00f6ren zu den leistungsst\u00e4rksten auf dem Markt. Was Sie sehen, ist, was Sie g\u00e4hnen. Unsere Labortests f\u00fcr jede Charge sind auf der Verpackung aufgedruckt und die meisten Chargen testen auf mehr als 70 % THC. Dar\u00fcber hinaus sind der Geschmack und die Extraktion unserer Kartuschen aufgrund unseres nat\u00fcrlichen Prozesses, bei dem wir Terpene verwenden, die nat\u00fcrlicherweise in Bl\u00fcten vorkommen, sehr empfindlich. aber<\/p>\n<p>\u00d6lkartusche mit THC Vape Pen kaufen, THC Kartusche zum Verkauf online, \u00d6lkartusche f\u00fcr Vape Pen, vorgef\u00fcllte Kartusche mit Haschisch\u00f6l zum Verkauf<\/p>\n<p>Unser \u00d6l ist eines der st\u00e4rksten auf der Markt. Im Gegensatz zu vielen anderen Marken, die Ihnen eine rohe und dann verd\u00fcnnte Ausbeute liefern, ist bei Pure das, was Sie sehen, was Sie verdampfen. Unsere Labortests f\u00fcr jede Charge sind auf der Verpackung aufgedruckt und die meisten Chargen testen auf mehr als 70 % THC. Dar\u00fcber hinaus sind der Geschmack und die Extraktion unserer Kartuschen aufgrund unseres nat\u00fcrlichen Prozesses, bei dem wir Terpene verwenden, die nat\u00fcrlicherweise in Bl\u00fcten vorkommen, sehr empfindlich.<\/p>\n","protected":false},"excerpt":{"rendered":"<p>Premium-CO2-extrahiertes \u00d6l mit hohem CBD-Gehalt bei Green Valley CBD USA. Premium-CO2-\u00d6l mit hohem CBD-Gehalt. Gesamte aktive Cannabinoide: 80 % THC: 24 % CBD: 56 % CO2-Extraktions-Marihuana-\u00d6lkartusche. Kommt in 1 g. Bestellen Sie online cbd-CO2-\u00d6l.<\/p>\n<p>&nbsp;<\/p>\n<p>Gesamt aktive Cannabinoide: 80 %<br \/>\nTHC: 24 %<br \/>\nCBD: 56 %<\/p>\n<h3>Kaufen Sie THC-Cannabis\u00f6lkartuschen<\/h3>\n<p>der Produktpreis betr\u00e4gt: pro 1-g-Kartusche<br \/>\n<strong>Mindestbestellmenge: 3 Kartuschen<\/strong><\/p>\n","protected":false},"featured_media":8349,"comment_status":"open","ping_status":"closed","template":"","meta":{"inline_featured_image":false},"product_brand":[],"product_cat":[61],"product_tag":[627,633,624,632,630,622,637,640,634,635,636,639,631,638,642,643,623,626,641,628,625,629],"class_list":{"0":"post-8341","1":"product","2":"type-product","3":"status-publish","4":"has-post-thumbnail","6":"product_cat-cannabis-produkte","7":"product_tag-buy-cbd-premium-co2","8":"product_tag-buy-cbd-premium-co2-extracted","9":"product_tag-buy-cbd-premium-co2-extracted-oil-online","10":"product_tag-buy-high-cbd-premium-co2-extracted-oil","11":"product_tag-buy-high-cbd-premium-co2-extracted-oil-online","12":"product_tag-buy-high-cbd-premium-co2-extracted-oil-online-usa-cbd-premium-co2-extracted-oil-for-sale-online","13":"product_tag-high-thc-cannabisl-zum-verkauf","14":"product_tag-cbd-premium-co2-extracted-legal-in-usa","15":"product_tag-cbd-premium-co2-extracted-oil","16":"product_tag-cbd-premium-co2-extracted-oil-for-sale","17":"product_tag-co2-extrahiertes-l-zum-verkauf","18":"product_tag-co2-extrahiertes-l","19":"product_tag-kaufen-co2-extrahiertes-l","20":"product_tag-hoch-hoch-cbd-prmie-zum-verkauf","21":"product_tag-how-to-order-cbd-premium-co2-extracted","22":"product_tag-ist-cbd-premium-co2-extrahiert-legal-in-kanada","23":"product_tag-kaufen-cbd-premium-co2-online","24":"product_tag-kaufen-cbd-premium-co2-extrahiert-online","25":"product_tag-kaufen-cbd-premium-co2-extrahiert-online-usa","26":"product_tag-kaufen-co2-extrahiertes-cannabisl","27":"product_tag-co2-extrahiertes-l-online-usa-kaufen","28":"product_tag-kaufen-high-cbd-premium-co2","30":"first","31":"instock","32":"shipping-taxable","33":"purchasable","34":"product-type-variable","35":"has-default-attributes"},"yoast_head":"<!-- This site is optimized with the Yoast SEO Premium plugin v19.2 (Yoast SEO v27.3) - https:\/\/yoast.com\/product\/yoast-seo-premium-wordpress\/ -->\n<title>CBD Premium CO2-extrahiertes \u00d6l online - Everyday Chem Shop<\/title>\n<meta name=\"description\" content=\"CBD Premium CO2-extrahiertes \u00d6l online. Sie k\u00f6nnen CBD Premium CO2-extrahiertes \u00d6l Online USA online kaufen. Kontakt f\u00fcr weitere Informationen und Preise.\" \/>\n<meta name=\"robots\" content=\"index, follow, max-snippet:-1, max-image-preview:large, max-video-preview:-1\" \/>\n<link rel=\"canonical\" href=\"https:\/\/everydaychemshop.com\/de\/product\/cbd-premium-co2-extrahiertes-ol\/\" \/>\n<meta property=\"og:locale\" content=\"en_US\" \/>\n<meta property=\"og:type\" content=\"article\" \/>\n<meta property=\"og:title\" content=\"CBD-Premium-CO2-extrahiertes \u00d6l\" \/>\n<meta property=\"og:description\" content=\"CBD Premium CO2-extrahiertes \u00d6l online. Sie k\u00f6nnen CBD Premium CO2-extrahiertes \u00d6l Online USA online kaufen. Kontakt f\u00fcr weitere Informationen und Preise.\" \/>\n<meta property=\"og:url\" content=\"https:\/\/everydaychemshop.com\/de\/product\/cbd-premium-co2-extrahiertes-ol\/\" \/>\n<meta property=\"og:site_name\" content=\"Everyday Chem Shop\" \/>\n<meta property=\"article:modified_time\" content=\"2023-04-06T05:36:21+00:00\" \/>\n<meta property=\"og:image\" content=\"https:\/\/everydaychemshop.com\/de\/wp-content\/uploads\/sites\/3\/2022\/11\/Buy-High-CBD-Premium-CO2-Extracted-Oil-Online-USA.jpg\" \/>\n\t<meta property=\"og:image:width\" content=\"600\" \/>\n\t<meta property=\"og:image:height\" content=\"600\" \/>\n\t<meta property=\"og:image:type\" content=\"image\/jpeg\" \/>\n<meta name=\"twitter:card\" content=\"summary_large_image\" \/>\n<meta name=\"twitter:label1\" content=\"Est. reading time\" \/>\n\t<meta name=\"twitter:data1\" content=\"2 minutes\" \/>\n<script type=\"application\/ld+json\" class=\"yoast-schema-graph\">{\"@context\":\"https:\\\/\\\/schema.org\",\"@graph\":[{\"@type\":\"WebPage\",\"@id\":\"https:\\\/\\\/everydaychemshop.com\\\/de\\\/product\\\/cbd-premium-co2-extrahiertes-ol\\\/\",\"url\":\"https:\\\/\\\/everydaychemshop.com\\\/de\\\/product\\\/cbd-premium-co2-extrahiertes-ol\\\/\",\"name\":\"CBD Premium CO2-extrahiertes \u00d6l online - Everyday Chem Shop\",\"isPartOf\":{\"@id\":\"https:\\\/\\\/everydaychemshop.com\\\/de\\\/#website\"},\"primaryImageOfPage\":{\"@id\":\"https:\\\/\\\/everydaychemshop.com\\\/de\\\/product\\\/cbd-premium-co2-extrahiertes-ol\\\/#primaryimage\"},\"image\":{\"@id\":\"https:\\\/\\\/everydaychemshop.com\\\/de\\\/product\\\/cbd-premium-co2-extrahiertes-ol\\\/#primaryimage\"},\"thumbnailUrl\":\"https:\\\/\\\/everydaychemshop.com\\\/de\\\/wp-content\\\/uploads\\\/sites\\\/3\\\/2022\\\/11\\\/Buy-High-CBD-Premium-CO2-Extracted-Oil-Online-USA.jpg\",\"datePublished\":\"2022-11-22T22:43:59+00:00\",\"dateModified\":\"2023-04-06T05:36:21+00:00\",\"description\":\"CBD Premium CO2-extrahiertes \u00d6l online. Sie k\u00f6nnen CBD Premium CO2-extrahiertes \u00d6l Online USA online kaufen. Kontakt f\u00fcr weitere Informationen und Preise.\",\"breadcrumb\":{\"@id\":\"https:\\\/\\\/everydaychemshop.com\\\/de\\\/product\\\/cbd-premium-co2-extrahiertes-ol\\\/#breadcrumb\"},\"inLanguage\":\"en-US\",\"potentialAction\":[{\"@type\":\"ReadAction\",\"target\":[\"https:\\\/\\\/everydaychemshop.com\\\/de\\\/product\\\/cbd-premium-co2-extrahiertes-ol\\\/\"]}]},{\"@type\":\"ImageObject\",\"inLanguage\":\"en-US\",\"@id\":\"https:\\\/\\\/everydaychemshop.com\\\/de\\\/product\\\/cbd-premium-co2-extrahiertes-ol\\\/#primaryimage\",\"url\":\"https:\\\/\\\/everydaychemshop.com\\\/de\\\/wp-content\\\/uploads\\\/sites\\\/3\\\/2022\\\/11\\\/Buy-High-CBD-Premium-CO2-Extracted-Oil-Online-USA.jpg\",\"contentUrl\":\"https:\\\/\\\/everydaychemshop.com\\\/de\\\/wp-content\\\/uploads\\\/sites\\\/3\\\/2022\\\/11\\\/Buy-High-CBD-Premium-CO2-Extracted-Oil-Online-USA.jpg\",\"width\":600,\"height\":600,\"caption\":\"CBD Premium CO2-extrahiertes \u00d6l online\"},{\"@type\":\"BreadcrumbList\",\"@id\":\"https:\\\/\\\/everydaychemshop.com\\\/de\\\/product\\\/cbd-premium-co2-extrahiertes-ol\\\/#breadcrumb\",\"itemListElement\":[{\"@type\":\"ListItem\",\"position\":1,\"name\":\"Home\",\"item\":\"https:\\\/\\\/everydaychemshop.com\\\/de\\\/\"},{\"@type\":\"ListItem\",\"position\":2,\"name\":\"Produkte\",\"item\":\"https:\\\/\\\/everydaychemshop.com\\\/de\\\/produkte\\\/\"},{\"@type\":\"ListItem\",\"position\":3,\"name\":\"CBD-Premium-CO2-extrahiertes \u00d6l\"}]},{\"@type\":\"WebSite\",\"@id\":\"https:\\\/\\\/everydaychemshop.com\\\/de\\\/#website\",\"url\":\"https:\\\/\\\/everydaychemshop.com\\\/de\\\/\",\"name\":\"Everyday Chem Shop\",\"description\":\"\",\"potentialAction\":[{\"@type\":\"SearchAction\",\"target\":{\"@type\":\"EntryPoint\",\"urlTemplate\":\"https:\\\/\\\/everydaychemshop.com\\\/de\\\/?s={search_term_string}\"},\"query-input\":{\"@type\":\"PropertyValueSpecification\",\"valueRequired\":true,\"valueName\":\"search_term_string\"}}],\"inLanguage\":\"en-US\"}]}<\/script>\n<!-- \/ Yoast SEO Premium plugin. -->","yoast_head_json":{"title":"CBD Premium CO2-extrahiertes \u00d6l online - Everyday Chem Shop","description":"CBD Premium CO2-extrahiertes \u00d6l online. Sie k\u00f6nnen CBD Premium CO2-extrahiertes \u00d6l Online USA online kaufen. Kontakt f\u00fcr weitere Informationen und Preise.","robots":{"index":"index","follow":"follow","max-snippet":"max-snippet:-1","max-image-preview":"max-image-preview:large","max-video-preview":"max-video-preview:-1"},"canonical":"https:\/\/everydaychemshop.com\/de\/product\/cbd-premium-co2-extrahiertes-ol\/","og_locale":"en_US","og_type":"article","og_title":"CBD-Premium-CO2-extrahiertes \u00d6l","og_description":"CBD Premium CO2-extrahiertes \u00d6l online. Sie k\u00f6nnen CBD Premium CO2-extrahiertes \u00d6l Online USA online kaufen. Kontakt f\u00fcr weitere Informationen und Preise.","og_url":"https:\/\/everydaychemshop.com\/de\/product\/cbd-premium-co2-extrahiertes-ol\/","og_site_name":"Everyday Chem Shop","article_modified_time":"2023-04-06T05:36:21+00:00","og_image":[{"width":600,"height":600,"url":"https:\/\/everydaychemshop.com\/de\/wp-content\/uploads\/sites\/3\/2022\/11\/Buy-High-CBD-Premium-CO2-Extracted-Oil-Online-USA.jpg","type":"image\/jpeg"}],"twitter_card":"summary_large_image","twitter_misc":{"Est. reading time":"2 minutes"},"schema":{"@context":"https:\/\/schema.org","@graph":[{"@type":"WebPage","@id":"https:\/\/everydaychemshop.com\/de\/product\/cbd-premium-co2-extrahiertes-ol\/","url":"https:\/\/everydaychemshop.com\/de\/product\/cbd-premium-co2-extrahiertes-ol\/","name":"CBD Premium CO2-extrahiertes \u00d6l online - Everyday Chem Shop","isPartOf":{"@id":"https:\/\/everydaychemshop.com\/de\/#website"},"primaryImageOfPage":{"@id":"https:\/\/everydaychemshop.com\/de\/product\/cbd-premium-co2-extrahiertes-ol\/#primaryimage"},"image":{"@id":"https:\/\/everydaychemshop.com\/de\/product\/cbd-premium-co2-extrahiertes-ol\/#primaryimage"},"thumbnailUrl":"https:\/\/everydaychemshop.com\/de\/wp-content\/uploads\/sites\/3\/2022\/11\/Buy-High-CBD-Premium-CO2-Extracted-Oil-Online-USA.jpg","datePublished":"2022-11-22T22:43:59+00:00","dateModified":"2023-04-06T05:36:21+00:00","description":"CBD Premium CO2-extrahiertes \u00d6l online. Sie k\u00f6nnen CBD Premium CO2-extrahiertes \u00d6l Online USA online kaufen. Kontakt f\u00fcr weitere Informationen und Preise.","breadcrumb":{"@id":"https:\/\/everydaychemshop.com\/de\/product\/cbd-premium-co2-extrahiertes-ol\/#breadcrumb"},"inLanguage":"en-US","potentialAction":[{"@type":"ReadAction","target":["https:\/\/everydaychemshop.com\/de\/product\/cbd-premium-co2-extrahiertes-ol\/"]}]},{"@type":"ImageObject","inLanguage":"en-US","@id":"https:\/\/everydaychemshop.com\/de\/product\/cbd-premium-co2-extrahiertes-ol\/#primaryimage","url":"https:\/\/everydaychemshop.com\/de\/wp-content\/uploads\/sites\/3\/2022\/11\/Buy-High-CBD-Premium-CO2-Extracted-Oil-Online-USA.jpg","contentUrl":"https:\/\/everydaychemshop.com\/de\/wp-content\/uploads\/sites\/3\/2022\/11\/Buy-High-CBD-Premium-CO2-Extracted-Oil-Online-USA.jpg","width":600,"height":600,"caption":"CBD Premium CO2-extrahiertes \u00d6l online"},{"@type":"BreadcrumbList","@id":"https:\/\/everydaychemshop.com\/de\/product\/cbd-premium-co2-extrahiertes-ol\/#breadcrumb","itemListElement":[{"@type":"ListItem","position":1,"name":"Home","item":"https:\/\/everydaychemshop.com\/de\/"},{"@type":"ListItem","position":2,"name":"Produkte","item":"https:\/\/everydaychemshop.com\/de\/produkte\/"},{"@type":"ListItem","position":3,"name":"CBD-Premium-CO2-extrahiertes \u00d6l"}]},{"@type":"WebSite","@id":"https:\/\/everydaychemshop.com\/de\/#website","url":"https:\/\/everydaychemshop.com\/de\/","name":"Everyday Chem Shop","description":"","potentialAction":[{"@type":"SearchAction","target":{"@type":"EntryPoint","urlTemplate":"https:\/\/everydaychemshop.com\/de\/?s={search_term_string}"},"query-input":{"@type":"PropertyValueSpecification","valueRequired":true,"valueName":"search_term_string"}}],"inLanguage":"en-US"}]}},"_links":{"self":[{"href":"https:\/\/everydaychemshop.com\/de\/wp-json\/wp\/v2\/product\/8341","targetHints":{"allow":["GET"]}}],"collection":[{"href":"https:\/\/everydaychemshop.com\/de\/wp-json\/wp\/v2\/product"}],"about":[{"href":"https:\/\/everydaychemshop.com\/de\/wp-json\/wp\/v2\/types\/product"}],"replies":[{"embeddable":true,"href":"https:\/\/everydaychemshop.com\/de\/wp-json\/wp\/v2\/comments?post=8341"}],"wp:featuredmedia":[{"embeddable":true,"href":"https:\/\/everydaychemshop.com\/de\/wp-json\/wp\/v2\/media\/8349"}],"wp:attachment":[{"href":"https:\/\/everydaychemshop.com\/de\/wp-json\/wp\/v2\/media?parent=8341"}],"wp:term":[{"taxonomy":"product_brand","embeddable":true,"href":"https:\/\/everydaychemshop.com\/de\/wp-json\/wp\/v2\/product_brand?post=8341"},{"taxonomy":"product_cat","embeddable":true,"href":"https:\/\/everydaychemshop.com\/de\/wp-json\/wp\/v2\/product_cat?post=8341"},{"taxonomy":"product_tag","embeddable":true,"href":"https:\/\/everydaychemshop.com\/de\/wp-json\/wp\/v2\/product_tag?post=8341"}],"curies":[{"name":"wp","href":"https:\/\/api.w.org\/{rel}","templated":true}]}}