{"id":8350,"date":"2022-11-22T22:49:42","date_gmt":"2022-11-22T22:49:42","guid":{"rendered":"https:\/\/everydaychemshop.com\/de\/?post_type=product&#038;p=8350"},"modified":"2023-04-06T05:35:09","modified_gmt":"2023-04-06T05:35:09","slug":"100mg-thc-hanfsamenol-kapseln","status":"publish","type":"product","link":"https:\/\/everydaychemshop.com\/de\/product\/100mg-thc-hanfsamenol-kapseln\/","title":{"rendered":"100mg THC Hanfsamen\u00f6l-Kapseln"},"content":{"rendered":"<h1>100 mg THC Hanfsamen\u00f6l-Kapseln<\/h1>\n<p><a href=\"https:\/\/everydaychemshop.com\/de\/product\/100mg-thc-hanfsamenol-kapseln\/\">100 mg THC Hanfsamen\u00f6l-Kapseln<\/a>. Nicht zu verwechseln mit den beliebten, aber minderwertigen THC-Pulverkapseln. Jede dieser Kapseln enth\u00e4lt 100 mg THC-Hanfsamen\u00f6l. Verkauft in Packungen mit 3 St\u00fcck<\/p>\n<p>Unsere THC-\u00d6lkapseln werden aus der ganzen Cannabispflanze formuliert <a href=\"https:\/\/de.wikipedia.org\/wiki\/Tetrahydrocannabinol\">und<\/a> sind reich an Terpenen. Diese Kapseln enthalten THC und Hanfsamen\u00f6l von h\u00f6chster Qualit\u00e4t. Hanfsamen\u00f6l hat ein Verh\u00e4ltnis von Omega 6 zu Omega 3 von 3 zu 1 und bietet die optimalen Voraussetzungen f\u00fcr eine langfristige Gesundheit. Alle unsere THC-\u00d6le werden im Labor getestet, um h\u00f6chste Qualit\u00e4t und Sicherheit zu gew\u00e4hrleisten.<\/p>\n","protected":false},"excerpt":{"rendered":"<p>Hanf\u00f6l wird regelm\u00e4\u00dfig als Haarsp\u00fclung oder Hautcreme verwendet. Einige Untersuchungen haben ergeben, dass Hanfsamen\u00f6l bei trockener, gereizter Haut wirken und bei Nebenwirkungen von Dermatitis, einem typischen Hautzustand, helfen kann. Wenn es f\u00fcr Dermatitis-Manifestationen verwendet wird, k\u00f6nnte es den Bedarf an \u00e4rztlich empfohlenen Medikamenten verringern<\/p>\n<p>&nbsp;<\/p>\n<ul>\n<li>Weltweiter Versand<\/li>\n<li>Jede Kapsel enth\u00e4lt 100 mg THC .<\/li>\n<li>Jede Flasche enth\u00e4lt 3 Kapseln.<\/li>\n<li>Die Mindestbestellmenge betr\u00e4gt\u00a0<strong><em>3 Flaschen<\/em><\/strong><\/li>\n<li>Kontaktieren Sie uns f\u00fcr gr\u00f6\u00dfere Bestellungen<\/li>\n<\/ul>\n","protected":false},"featured_media":8357,"comment_status":"open","ping_status":"closed","template":"","meta":{"inline_featured_image":false},"product_brand":[],"product_cat":[61],"product_tag":[648,652,644,654,645,649,650,663,664,661,656,662,646,658,657,659,660,653,655,647,651],"class_list":{"0":"post-8350","1":"product","2":"type-product","3":"status-publish","4":"has-post-thumbnail","6":"product_cat-cannabis-produkte","7":"product_tag-1000mg-thc-hanfsamenl-kapsel-zu-verkaufen","8":"product_tag-1000mg-thc-l-zum-verkauf-in-den-usa","9":"product_tag-buy-100mg-thc-hemp-seed-oil-capsules-buy-thc-capsules","10":"product_tag-canada","11":"product_tag-hanfsamen-kaufen","12":"product_tag-thc-hanfsamen-zu-verkaufen","13":"product_tag-hanfsamen-online-kaufen","14":"product_tag-how-to-order-1000mg-thc-capsule","15":"product_tag-is-1000mg-thc-hemp-oil-legal-in-canada","16":"product_tag-is-1000mg-thc-hemp-seed-oil-capsule-legal-in-usa","17":"product_tag-kaufen","18":"product_tag-kaufen-1000mg-thc-online-l-usa","19":"product_tag-thc-kapseln-online-kaufen","20":"product_tag-lieferanten","21":"product_tag-online","22":"product_tag-sichere-lieferung","23":"product_tag-du-kannst-noch-1000mg-thc-kapseln-bekommen","24":"product_tag-usa","25":"product_tag-vereinigtes-knigreich","26":"product_tag-wo-zu-kaufen-1000mg-thc-hanfl","27":"product_tag-wo-man-thc-l-online-kaufen-kann","29":"first","30":"instock","31":"shipping-taxable","32":"purchasable","33":"product-type-variable","34":"has-default-attributes"},"yoast_head":"<!-- This site is optimized with the Yoast SEO Premium plugin v19.2 (Yoast SEO v27.3) - https:\/\/yoast.com\/product\/yoast-seo-premium-wordpress\/ -->\n<title>100 mg THC Hanfsamen\u00f6l-Kapseln- Everyday Chem Shop<\/title>\n<meta name=\"description\" content=\"100 mg THC Hanfsamen\u00f6l-Kapseln. Wir verkaufen die besten 100 mg THC-Hanfsamen\u00f6lkapseln. Bitte kontaktieren Sie uns f\u00fcr weitere Informationen und Preise.\" \/>\n<meta name=\"robots\" content=\"index, follow, max-snippet:-1, max-image-preview:large, max-video-preview:-1\" \/>\n<link rel=\"canonical\" href=\"https:\/\/everydaychemshop.com\/de\/product\/100mg-thc-hanfsamenol-kapseln\/\" \/>\n<meta property=\"og:locale\" content=\"en_US\" \/>\n<meta property=\"og:type\" content=\"article\" \/>\n<meta property=\"og:title\" content=\"100mg THC Hanfsamen\u00f6l-Kapseln\" \/>\n<meta property=\"og:description\" content=\"100 mg THC Hanfsamen\u00f6l-Kapseln. Wir verkaufen die besten 100 mg THC-Hanfsamen\u00f6lkapseln. Bitte kontaktieren Sie uns f\u00fcr weitere Informationen und Preise.\" \/>\n<meta property=\"og:url\" content=\"https:\/\/everydaychemshop.com\/de\/product\/100mg-thc-hanfsamenol-kapseln\/\" \/>\n<meta property=\"og:site_name\" content=\"Everyday Chem Shop\" \/>\n<meta property=\"article:modified_time\" content=\"2023-04-06T05:35:09+00:00\" \/>\n<meta property=\"og:image\" content=\"https:\/\/everydaychemshop.com\/de\/wp-content\/uploads\/sites\/3\/2022\/11\/Buy-100mg-THC-Hemp-Seed-Oil-Capsules.jpg\" \/>\n\t<meta property=\"og:image:width\" content=\"600\" \/>\n\t<meta property=\"og:image:height\" content=\"600\" \/>\n\t<meta property=\"og:image:type\" content=\"image\/jpeg\" \/>\n<meta name=\"twitter:card\" content=\"summary_large_image\" \/>\n<meta name=\"twitter:label1\" content=\"Est. reading time\" \/>\n\t<meta name=\"twitter:data1\" content=\"1 minute\" \/>\n<script type=\"application\/ld+json\" class=\"yoast-schema-graph\">{\"@context\":\"https:\\\/\\\/schema.org\",\"@graph\":[{\"@type\":\"WebPage\",\"@id\":\"https:\\\/\\\/everydaychemshop.com\\\/de\\\/product\\\/100mg-thc-hanfsamenol-kapseln\\\/\",\"url\":\"https:\\\/\\\/everydaychemshop.com\\\/de\\\/product\\\/100mg-thc-hanfsamenol-kapseln\\\/\",\"name\":\"100 mg THC Hanfsamen\u00f6l-Kapseln- Everyday Chem Shop\",\"isPartOf\":{\"@id\":\"https:\\\/\\\/everydaychemshop.com\\\/de\\\/#website\"},\"primaryImageOfPage\":{\"@id\":\"https:\\\/\\\/everydaychemshop.com\\\/de\\\/product\\\/100mg-thc-hanfsamenol-kapseln\\\/#primaryimage\"},\"image\":{\"@id\":\"https:\\\/\\\/everydaychemshop.com\\\/de\\\/product\\\/100mg-thc-hanfsamenol-kapseln\\\/#primaryimage\"},\"thumbnailUrl\":\"https:\\\/\\\/everydaychemshop.com\\\/de\\\/wp-content\\\/uploads\\\/sites\\\/3\\\/2022\\\/11\\\/Buy-100mg-THC-Hemp-Seed-Oil-Capsules.jpg\",\"datePublished\":\"2022-11-22T22:49:42+00:00\",\"dateModified\":\"2023-04-06T05:35:09+00:00\",\"description\":\"100 mg THC Hanfsamen\u00f6l-Kapseln. Wir verkaufen die besten 100 mg THC-Hanfsamen\u00f6lkapseln. Bitte kontaktieren Sie uns f\u00fcr weitere Informationen und Preise.\",\"breadcrumb\":{\"@id\":\"https:\\\/\\\/everydaychemshop.com\\\/de\\\/product\\\/100mg-thc-hanfsamenol-kapseln\\\/#breadcrumb\"},\"inLanguage\":\"en-US\",\"potentialAction\":[{\"@type\":\"ReadAction\",\"target\":[\"https:\\\/\\\/everydaychemshop.com\\\/de\\\/product\\\/100mg-thc-hanfsamenol-kapseln\\\/\"]}]},{\"@type\":\"ImageObject\",\"inLanguage\":\"en-US\",\"@id\":\"https:\\\/\\\/everydaychemshop.com\\\/de\\\/product\\\/100mg-thc-hanfsamenol-kapseln\\\/#primaryimage\",\"url\":\"https:\\\/\\\/everydaychemshop.com\\\/de\\\/wp-content\\\/uploads\\\/sites\\\/3\\\/2022\\\/11\\\/Buy-100mg-THC-Hemp-Seed-Oil-Capsules.jpg\",\"contentUrl\":\"https:\\\/\\\/everydaychemshop.com\\\/de\\\/wp-content\\\/uploads\\\/sites\\\/3\\\/2022\\\/11\\\/Buy-100mg-THC-Hemp-Seed-Oil-Capsules.jpg\",\"width\":600,\"height\":600,\"caption\":\"100 mg THC Hanfsamen\u00f6l-Kapseln\"},{\"@type\":\"BreadcrumbList\",\"@id\":\"https:\\\/\\\/everydaychemshop.com\\\/de\\\/product\\\/100mg-thc-hanfsamenol-kapseln\\\/#breadcrumb\",\"itemListElement\":[{\"@type\":\"ListItem\",\"position\":1,\"name\":\"Home\",\"item\":\"https:\\\/\\\/everydaychemshop.com\\\/de\\\/\"},{\"@type\":\"ListItem\",\"position\":2,\"name\":\"Produkte\",\"item\":\"https:\\\/\\\/everydaychemshop.com\\\/de\\\/produkte\\\/\"},{\"@type\":\"ListItem\",\"position\":3,\"name\":\"100mg THC Hanfsamen\u00f6l-Kapseln\"}]},{\"@type\":\"WebSite\",\"@id\":\"https:\\\/\\\/everydaychemshop.com\\\/de\\\/#website\",\"url\":\"https:\\\/\\\/everydaychemshop.com\\\/de\\\/\",\"name\":\"Everyday Chem Shop\",\"description\":\"\",\"potentialAction\":[{\"@type\":\"SearchAction\",\"target\":{\"@type\":\"EntryPoint\",\"urlTemplate\":\"https:\\\/\\\/everydaychemshop.com\\\/de\\\/?s={search_term_string}\"},\"query-input\":{\"@type\":\"PropertyValueSpecification\",\"valueRequired\":true,\"valueName\":\"search_term_string\"}}],\"inLanguage\":\"en-US\"}]}<\/script>\n<!-- \/ Yoast SEO Premium plugin. -->","yoast_head_json":{"title":"100 mg THC Hanfsamen\u00f6l-Kapseln- Everyday Chem Shop","description":"100 mg THC Hanfsamen\u00f6l-Kapseln. Wir verkaufen die besten 100 mg THC-Hanfsamen\u00f6lkapseln. Bitte kontaktieren Sie uns f\u00fcr weitere Informationen und Preise.","robots":{"index":"index","follow":"follow","max-snippet":"max-snippet:-1","max-image-preview":"max-image-preview:large","max-video-preview":"max-video-preview:-1"},"canonical":"https:\/\/everydaychemshop.com\/de\/product\/100mg-thc-hanfsamenol-kapseln\/","og_locale":"en_US","og_type":"article","og_title":"100mg THC Hanfsamen\u00f6l-Kapseln","og_description":"100 mg THC Hanfsamen\u00f6l-Kapseln. Wir verkaufen die besten 100 mg THC-Hanfsamen\u00f6lkapseln. Bitte kontaktieren Sie uns f\u00fcr weitere Informationen und Preise.","og_url":"https:\/\/everydaychemshop.com\/de\/product\/100mg-thc-hanfsamenol-kapseln\/","og_site_name":"Everyday Chem Shop","article_modified_time":"2023-04-06T05:35:09+00:00","og_image":[{"width":600,"height":600,"url":"https:\/\/everydaychemshop.com\/de\/wp-content\/uploads\/sites\/3\/2022\/11\/Buy-100mg-THC-Hemp-Seed-Oil-Capsules.jpg","type":"image\/jpeg"}],"twitter_card":"summary_large_image","twitter_misc":{"Est. reading time":"1 minute"},"schema":{"@context":"https:\/\/schema.org","@graph":[{"@type":"WebPage","@id":"https:\/\/everydaychemshop.com\/de\/product\/100mg-thc-hanfsamenol-kapseln\/","url":"https:\/\/everydaychemshop.com\/de\/product\/100mg-thc-hanfsamenol-kapseln\/","name":"100 mg THC Hanfsamen\u00f6l-Kapseln- Everyday Chem Shop","isPartOf":{"@id":"https:\/\/everydaychemshop.com\/de\/#website"},"primaryImageOfPage":{"@id":"https:\/\/everydaychemshop.com\/de\/product\/100mg-thc-hanfsamenol-kapseln\/#primaryimage"},"image":{"@id":"https:\/\/everydaychemshop.com\/de\/product\/100mg-thc-hanfsamenol-kapseln\/#primaryimage"},"thumbnailUrl":"https:\/\/everydaychemshop.com\/de\/wp-content\/uploads\/sites\/3\/2022\/11\/Buy-100mg-THC-Hemp-Seed-Oil-Capsules.jpg","datePublished":"2022-11-22T22:49:42+00:00","dateModified":"2023-04-06T05:35:09+00:00","description":"100 mg THC Hanfsamen\u00f6l-Kapseln. Wir verkaufen die besten 100 mg THC-Hanfsamen\u00f6lkapseln. Bitte kontaktieren Sie uns f\u00fcr weitere Informationen und Preise.","breadcrumb":{"@id":"https:\/\/everydaychemshop.com\/de\/product\/100mg-thc-hanfsamenol-kapseln\/#breadcrumb"},"inLanguage":"en-US","potentialAction":[{"@type":"ReadAction","target":["https:\/\/everydaychemshop.com\/de\/product\/100mg-thc-hanfsamenol-kapseln\/"]}]},{"@type":"ImageObject","inLanguage":"en-US","@id":"https:\/\/everydaychemshop.com\/de\/product\/100mg-thc-hanfsamenol-kapseln\/#primaryimage","url":"https:\/\/everydaychemshop.com\/de\/wp-content\/uploads\/sites\/3\/2022\/11\/Buy-100mg-THC-Hemp-Seed-Oil-Capsules.jpg","contentUrl":"https:\/\/everydaychemshop.com\/de\/wp-content\/uploads\/sites\/3\/2022\/11\/Buy-100mg-THC-Hemp-Seed-Oil-Capsules.jpg","width":600,"height":600,"caption":"100 mg THC Hanfsamen\u00f6l-Kapseln"},{"@type":"BreadcrumbList","@id":"https:\/\/everydaychemshop.com\/de\/product\/100mg-thc-hanfsamenol-kapseln\/#breadcrumb","itemListElement":[{"@type":"ListItem","position":1,"name":"Home","item":"https:\/\/everydaychemshop.com\/de\/"},{"@type":"ListItem","position":2,"name":"Produkte","item":"https:\/\/everydaychemshop.com\/de\/produkte\/"},{"@type":"ListItem","position":3,"name":"100mg THC Hanfsamen\u00f6l-Kapseln"}]},{"@type":"WebSite","@id":"https:\/\/everydaychemshop.com\/de\/#website","url":"https:\/\/everydaychemshop.com\/de\/","name":"Everyday Chem Shop","description":"","potentialAction":[{"@type":"SearchAction","target":{"@type":"EntryPoint","urlTemplate":"https:\/\/everydaychemshop.com\/de\/?s={search_term_string}"},"query-input":{"@type":"PropertyValueSpecification","valueRequired":true,"valueName":"search_term_string"}}],"inLanguage":"en-US"}]}},"_links":{"self":[{"href":"https:\/\/everydaychemshop.com\/de\/wp-json\/wp\/v2\/product\/8350","targetHints":{"allow":["GET"]}}],"collection":[{"href":"https:\/\/everydaychemshop.com\/de\/wp-json\/wp\/v2\/product"}],"about":[{"href":"https:\/\/everydaychemshop.com\/de\/wp-json\/wp\/v2\/types\/product"}],"replies":[{"embeddable":true,"href":"https:\/\/everydaychemshop.com\/de\/wp-json\/wp\/v2\/comments?post=8350"}],"wp:featuredmedia":[{"embeddable":true,"href":"https:\/\/everydaychemshop.com\/de\/wp-json\/wp\/v2\/media\/8357"}],"wp:attachment":[{"href":"https:\/\/everydaychemshop.com\/de\/wp-json\/wp\/v2\/media?parent=8350"}],"wp:term":[{"taxonomy":"product_brand","embeddable":true,"href":"https:\/\/everydaychemshop.com\/de\/wp-json\/wp\/v2\/product_brand?post=8350"},{"taxonomy":"product_cat","embeddable":true,"href":"https:\/\/everydaychemshop.com\/de\/wp-json\/wp\/v2\/product_cat?post=8350"},{"taxonomy":"product_tag","embeddable":true,"href":"https:\/\/everydaychemshop.com\/de\/wp-json\/wp\/v2\/product_tag?post=8350"}],"curies":[{"name":"wp","href":"https:\/\/api.w.org\/{rel}","templated":true}]}}