{"id":8358,"date":"2022-11-22T22:53:32","date_gmt":"2022-11-22T22:53:32","guid":{"rendered":"https:\/\/everydaychemshop.com\/de\/?post_type=product&#038;p=8358"},"modified":"2023-04-06T05:34:07","modified_gmt":"2023-04-06T05:34:07","slug":"kaufen-1000mg-thc-tinktur-keey","status":"publish","type":"product","link":"https:\/\/everydaychemshop.com\/de\/product\/kaufen-1000mg-thc-tinktur-keey\/","title":{"rendered":"1000 mg Tinktur mit THC-Geschmack \u2013 Keey"},"content":{"rendered":"<h1>1000 mg Tinktur mit THC-Geschmack \u2013 Keey<\/h1>\n<p><a href=\"https:\/\/everydaychemshop.com\/de\/product\/kaufen-1000mg-thc-tinktur-keey\/\">1000 mg Tinktur mit THC-Geschmack<\/a>. Gr\u00fcne Minze, Blaubeere, Kirsche, Gr\u00fcner Apfel, Mango, Orange, Erdbeere, Wassermelone<\/p>\n<p>&nbsp;<\/p>\n<p>Kaufen 1000 mg Tinktur mit THC-Aroma \u2013 Keey ist wahrscheinlich das beliebteste Produkt auf dem Markt. Dies liegt daran, dass es sowohl f\u00fcr Anf\u00e4nger als auch f\u00fcr starke Benutzer eine gro\u00dfartige Dosis ist und lange h\u00e4lt, bevor Sie mehr brauchen. Es gibt auch viele gesundheitliche Vorteile, die mit der Verwendung von THC verbunden sind.<\/p>\n<p>Wir sind hier, um Ihnen bei all Ihren Bed\u00fcrfnissen und Anforderungen zu helfen. Wenden Sie sich einfach an unseren Online-Shop und kaufen Sie bequem ein. Ihre Anforderungen sind jetzt nur noch einen Klick <a href=\"https:\/\/de.wikipedia.org\/wiki\/Tetrahydrocannabinol\">entfernt<\/a>. Kontaktieren Sie uns sofort!<\/p>\n<p>THC-Tinkturen k\u00f6nnen auch zu Ihren gesch\u00e4tzten Speisen und Erfrischungen hinzugef\u00fcgt werden, f\u00fcr Personen, die nach zuverl\u00e4ssigen Wirkungen suchen. Erinnern; In jedem Fall kann diese Sch\u00e4rfe Cannabinoide verderben, also f\u00fcgen Sie Ihrem Abendessen oder Ihrer Erfrischung Ihre THC-Portion hinzu, wenn es servierfertig ist<\/p>\n<p>Weltweiter Versand<br \/>\n1000 mg THC pro 30 ml<br \/>\nMinimum Bestellmenge ist 2<br \/>\nKontaktieren Sie uns f\u00fcr gr\u00f6\u00dfere Bestellungen<\/p>\n","protected":false},"excerpt":{"rendered":"<p>Tinkturen bieten enorme Vorteile gegen\u00fcber anderen Techniken zur Regulierung klinischer Cannabinoide. Unsere Keey THC-Tinkturen werden in einer 30-ml-Glasflasche mit einem einfach zu verwendenden Perlenger\u00e4t geliefert, das genaue und kontrollierte Dosierungen ohne Fehler ber\u00fccksichtigt. Tinkturen k\u00f6nnen auf verschiedene Weise kontrolliert werden und bieten eine aufmerksame Methode zur Beruhigung von Personen. THC-\u00d6l kann sublingual eingenommen werden, indem die Tinkturen unter der Zunge aufgetragen und etwa 60 Sekunden lang gehalten werden, um eine Retention durch den sublingualen Korridor unter der Zunge in Betracht zu ziehen. Untersuchungen haben ergeben, dass diese Transportstrategie Cannabinoide ber\u00fccksichtigt, um sich als umso effektiver und schneller verf\u00fcgbar f\u00fcr den K\u00f6rper zur Aufnahme in das Kreislaufsystem zu erweisen.<\/p>\n<p>&nbsp;<\/p>\n<ul>\n<li>Weltweiter Versand<\/li>\n<li>Mindestbestellmenge ist\u00a0<strong>2<\/strong><\/li>\n<li>Kontaktieren Sie uns f\u00fcr gr\u00f6\u00dfere Bestellungen<\/li>\n<\/ul>\n<p>&nbsp;<\/p>\n","protected":false},"featured_media":8360,"comment_status":"open","ping_status":"closed","template":"","meta":{"inline_featured_image":false},"product_brand":[],"product_cat":[61],"product_tag":[669,673,666,676,667,671,654,677,675,678,656,665,658,657,659,674,670,653,655,672,668],"class_list":{"0":"post-8358","1":"product","2":"type-product","3":"status-publish","4":"has-post-thumbnail","6":"product_cat-cannabis-produkte","7":"product_tag-1000-mg-thc-tinktur-zum-verkauf","8":"product_tag-1000mg-thc-tinktur-zum-verkauf-in-den-usa","9":"product_tag-aromatisierte-tinktur-kaufen","10":"product_tag-buy-1000mg-thc-tincture-online-usa","11":"product_tag-buy-thc-tincture-online","12":"product_tag-buy-tincture-online","13":"product_tag-canada","14":"product_tag-how-to-order-1000mg-thc-tincture","15":"product_tag-is-1000mg-thc-flavoured-tincture-legal-in-usa","16":"product_tag-is-1000mg-thc-tincture-legal-in-canada","17":"product_tag-kaufen","18":"product_tag-kaufen-1000mg-thc-tinktur-kaufen-thc-tinktur","19":"product_tag-lieferanten","20":"product_tag-online","21":"product_tag-sichere-lieferung","22":"product_tag-du-kannst-noch-1000mg-thc-tinktur-bekommen","23":"product_tag-thc-tinktur-zu-verkaufen","24":"product_tag-usa","25":"product_tag-vereinigtes-knigreich","26":"product_tag-where-to-buy-thc-tincture-online","27":"product_tag-wo-zu-kaufen-1000mg-thc-tinktur","29":"first","30":"instock","31":"shipping-taxable","32":"purchasable","33":"product-type-simple"},"yoast_head":"<!-- This site is optimized with the Yoast SEO Premium plugin v19.2 (Yoast SEO v27.3) - https:\/\/yoast.com\/product\/yoast-seo-premium-wordpress\/ -->\n<title>1000 mg Tinktur mit THC-Geschmack - Everyday Chem Shop<\/title>\n<meta name=\"description\" content=\"1000 mg Tinktur mit THC-Geschmack. Tinkturen bieten enorme Vorteile gegen\u00fcber anderen Techniken zur Regulierung klinischer Cannabinoide.\" \/>\n<meta name=\"robots\" content=\"index, follow, max-snippet:-1, max-image-preview:large, max-video-preview:-1\" \/>\n<link rel=\"canonical\" href=\"https:\/\/everydaychemshop.com\/de\/product\/kaufen-1000mg-thc-tinktur-keey\/\" \/>\n<meta property=\"og:locale\" content=\"en_US\" \/>\n<meta property=\"og:type\" content=\"article\" \/>\n<meta property=\"og:title\" content=\"1000 mg Tinktur mit THC-Geschmack \u2013 Keey\" \/>\n<meta property=\"og:description\" content=\"1000 mg Tinktur mit THC-Geschmack. Tinkturen bieten enorme Vorteile gegen\u00fcber anderen Techniken zur Regulierung klinischer Cannabinoide.\" \/>\n<meta property=\"og:url\" content=\"https:\/\/everydaychemshop.com\/de\/product\/kaufen-1000mg-thc-tinktur-keey\/\" \/>\n<meta property=\"og:site_name\" content=\"Everyday Chem Shop\" \/>\n<meta property=\"article:modified_time\" content=\"2023-04-06T05:34:07+00:00\" \/>\n<meta property=\"og:image\" content=\"https:\/\/everydaychemshop.com\/de\/wp-content\/uploads\/sites\/3\/2022\/11\/Buy-1000mg-THC-Flavoured-Tincture.jpg\" \/>\n\t<meta property=\"og:image:width\" content=\"600\" \/>\n\t<meta property=\"og:image:height\" content=\"600\" \/>\n\t<meta property=\"og:image:type\" content=\"image\/jpeg\" \/>\n<meta name=\"twitter:card\" content=\"summary_large_image\" \/>\n<meta name=\"twitter:label1\" content=\"Est. reading time\" \/>\n\t<meta name=\"twitter:data1\" content=\"1 minute\" \/>\n<script type=\"application\/ld+json\" class=\"yoast-schema-graph\">{\"@context\":\"https:\\\/\\\/schema.org\",\"@graph\":[{\"@type\":\"WebPage\",\"@id\":\"https:\\\/\\\/everydaychemshop.com\\\/de\\\/product\\\/kaufen-1000mg-thc-tinktur-keey\\\/\",\"url\":\"https:\\\/\\\/everydaychemshop.com\\\/de\\\/product\\\/kaufen-1000mg-thc-tinktur-keey\\\/\",\"name\":\"1000 mg Tinktur mit THC-Geschmack - Everyday Chem Shop\",\"isPartOf\":{\"@id\":\"https:\\\/\\\/everydaychemshop.com\\\/de\\\/#website\"},\"primaryImageOfPage\":{\"@id\":\"https:\\\/\\\/everydaychemshop.com\\\/de\\\/product\\\/kaufen-1000mg-thc-tinktur-keey\\\/#primaryimage\"},\"image\":{\"@id\":\"https:\\\/\\\/everydaychemshop.com\\\/de\\\/product\\\/kaufen-1000mg-thc-tinktur-keey\\\/#primaryimage\"},\"thumbnailUrl\":\"https:\\\/\\\/everydaychemshop.com\\\/de\\\/wp-content\\\/uploads\\\/sites\\\/3\\\/2022\\\/11\\\/Buy-1000mg-THC-Flavoured-Tincture.jpg\",\"datePublished\":\"2022-11-22T22:53:32+00:00\",\"dateModified\":\"2023-04-06T05:34:07+00:00\",\"description\":\"1000 mg Tinktur mit THC-Geschmack. Tinkturen bieten enorme Vorteile gegen\u00fcber anderen Techniken zur Regulierung klinischer Cannabinoide.\",\"breadcrumb\":{\"@id\":\"https:\\\/\\\/everydaychemshop.com\\\/de\\\/product\\\/kaufen-1000mg-thc-tinktur-keey\\\/#breadcrumb\"},\"inLanguage\":\"en-US\",\"potentialAction\":[{\"@type\":\"ReadAction\",\"target\":[\"https:\\\/\\\/everydaychemshop.com\\\/de\\\/product\\\/kaufen-1000mg-thc-tinktur-keey\\\/\"]}]},{\"@type\":\"ImageObject\",\"inLanguage\":\"en-US\",\"@id\":\"https:\\\/\\\/everydaychemshop.com\\\/de\\\/product\\\/kaufen-1000mg-thc-tinktur-keey\\\/#primaryimage\",\"url\":\"https:\\\/\\\/everydaychemshop.com\\\/de\\\/wp-content\\\/uploads\\\/sites\\\/3\\\/2022\\\/11\\\/Buy-1000mg-THC-Flavoured-Tincture.jpg\",\"contentUrl\":\"https:\\\/\\\/everydaychemshop.com\\\/de\\\/wp-content\\\/uploads\\\/sites\\\/3\\\/2022\\\/11\\\/Buy-1000mg-THC-Flavoured-Tincture.jpg\",\"width\":600,\"height\":600,\"caption\":\"1000 mg Tinktur mit THC-Geschmack\"},{\"@type\":\"BreadcrumbList\",\"@id\":\"https:\\\/\\\/everydaychemshop.com\\\/de\\\/product\\\/kaufen-1000mg-thc-tinktur-keey\\\/#breadcrumb\",\"itemListElement\":[{\"@type\":\"ListItem\",\"position\":1,\"name\":\"Home\",\"item\":\"https:\\\/\\\/everydaychemshop.com\\\/de\\\/\"},{\"@type\":\"ListItem\",\"position\":2,\"name\":\"Produkte\",\"item\":\"https:\\\/\\\/everydaychemshop.com\\\/de\\\/produkte\\\/\"},{\"@type\":\"ListItem\",\"position\":3,\"name\":\"1000 mg Tinktur mit THC-Geschmack \u2013 Keey\"}]},{\"@type\":\"WebSite\",\"@id\":\"https:\\\/\\\/everydaychemshop.com\\\/de\\\/#website\",\"url\":\"https:\\\/\\\/everydaychemshop.com\\\/de\\\/\",\"name\":\"Everyday Chem Shop\",\"description\":\"\",\"potentialAction\":[{\"@type\":\"SearchAction\",\"target\":{\"@type\":\"EntryPoint\",\"urlTemplate\":\"https:\\\/\\\/everydaychemshop.com\\\/de\\\/?s={search_term_string}\"},\"query-input\":{\"@type\":\"PropertyValueSpecification\",\"valueRequired\":true,\"valueName\":\"search_term_string\"}}],\"inLanguage\":\"en-US\"}]}<\/script>\n<!-- \/ Yoast SEO Premium plugin. -->","yoast_head_json":{"title":"1000 mg Tinktur mit THC-Geschmack - Everyday Chem Shop","description":"1000 mg Tinktur mit THC-Geschmack. Tinkturen bieten enorme Vorteile gegen\u00fcber anderen Techniken zur Regulierung klinischer Cannabinoide.","robots":{"index":"index","follow":"follow","max-snippet":"max-snippet:-1","max-image-preview":"max-image-preview:large","max-video-preview":"max-video-preview:-1"},"canonical":"https:\/\/everydaychemshop.com\/de\/product\/kaufen-1000mg-thc-tinktur-keey\/","og_locale":"en_US","og_type":"article","og_title":"1000 mg Tinktur mit THC-Geschmack \u2013 Keey","og_description":"1000 mg Tinktur mit THC-Geschmack. Tinkturen bieten enorme Vorteile gegen\u00fcber anderen Techniken zur Regulierung klinischer Cannabinoide.","og_url":"https:\/\/everydaychemshop.com\/de\/product\/kaufen-1000mg-thc-tinktur-keey\/","og_site_name":"Everyday Chem Shop","article_modified_time":"2023-04-06T05:34:07+00:00","og_image":[{"width":600,"height":600,"url":"https:\/\/everydaychemshop.com\/de\/wp-content\/uploads\/sites\/3\/2022\/11\/Buy-1000mg-THC-Flavoured-Tincture.jpg","type":"image\/jpeg"}],"twitter_card":"summary_large_image","twitter_misc":{"Est. reading time":"1 minute"},"schema":{"@context":"https:\/\/schema.org","@graph":[{"@type":"WebPage","@id":"https:\/\/everydaychemshop.com\/de\/product\/kaufen-1000mg-thc-tinktur-keey\/","url":"https:\/\/everydaychemshop.com\/de\/product\/kaufen-1000mg-thc-tinktur-keey\/","name":"1000 mg Tinktur mit THC-Geschmack - Everyday Chem Shop","isPartOf":{"@id":"https:\/\/everydaychemshop.com\/de\/#website"},"primaryImageOfPage":{"@id":"https:\/\/everydaychemshop.com\/de\/product\/kaufen-1000mg-thc-tinktur-keey\/#primaryimage"},"image":{"@id":"https:\/\/everydaychemshop.com\/de\/product\/kaufen-1000mg-thc-tinktur-keey\/#primaryimage"},"thumbnailUrl":"https:\/\/everydaychemshop.com\/de\/wp-content\/uploads\/sites\/3\/2022\/11\/Buy-1000mg-THC-Flavoured-Tincture.jpg","datePublished":"2022-11-22T22:53:32+00:00","dateModified":"2023-04-06T05:34:07+00:00","description":"1000 mg Tinktur mit THC-Geschmack. Tinkturen bieten enorme Vorteile gegen\u00fcber anderen Techniken zur Regulierung klinischer Cannabinoide.","breadcrumb":{"@id":"https:\/\/everydaychemshop.com\/de\/product\/kaufen-1000mg-thc-tinktur-keey\/#breadcrumb"},"inLanguage":"en-US","potentialAction":[{"@type":"ReadAction","target":["https:\/\/everydaychemshop.com\/de\/product\/kaufen-1000mg-thc-tinktur-keey\/"]}]},{"@type":"ImageObject","inLanguage":"en-US","@id":"https:\/\/everydaychemshop.com\/de\/product\/kaufen-1000mg-thc-tinktur-keey\/#primaryimage","url":"https:\/\/everydaychemshop.com\/de\/wp-content\/uploads\/sites\/3\/2022\/11\/Buy-1000mg-THC-Flavoured-Tincture.jpg","contentUrl":"https:\/\/everydaychemshop.com\/de\/wp-content\/uploads\/sites\/3\/2022\/11\/Buy-1000mg-THC-Flavoured-Tincture.jpg","width":600,"height":600,"caption":"1000 mg Tinktur mit THC-Geschmack"},{"@type":"BreadcrumbList","@id":"https:\/\/everydaychemshop.com\/de\/product\/kaufen-1000mg-thc-tinktur-keey\/#breadcrumb","itemListElement":[{"@type":"ListItem","position":1,"name":"Home","item":"https:\/\/everydaychemshop.com\/de\/"},{"@type":"ListItem","position":2,"name":"Produkte","item":"https:\/\/everydaychemshop.com\/de\/produkte\/"},{"@type":"ListItem","position":3,"name":"1000 mg Tinktur mit THC-Geschmack \u2013 Keey"}]},{"@type":"WebSite","@id":"https:\/\/everydaychemshop.com\/de\/#website","url":"https:\/\/everydaychemshop.com\/de\/","name":"Everyday Chem Shop","description":"","potentialAction":[{"@type":"SearchAction","target":{"@type":"EntryPoint","urlTemplate":"https:\/\/everydaychemshop.com\/de\/?s={search_term_string}"},"query-input":{"@type":"PropertyValueSpecification","valueRequired":true,"valueName":"search_term_string"}}],"inLanguage":"en-US"}]}},"_links":{"self":[{"href":"https:\/\/everydaychemshop.com\/de\/wp-json\/wp\/v2\/product\/8358","targetHints":{"allow":["GET"]}}],"collection":[{"href":"https:\/\/everydaychemshop.com\/de\/wp-json\/wp\/v2\/product"}],"about":[{"href":"https:\/\/everydaychemshop.com\/de\/wp-json\/wp\/v2\/types\/product"}],"replies":[{"embeddable":true,"href":"https:\/\/everydaychemshop.com\/de\/wp-json\/wp\/v2\/comments?post=8358"}],"wp:featuredmedia":[{"embeddable":true,"href":"https:\/\/everydaychemshop.com\/de\/wp-json\/wp\/v2\/media\/8360"}],"wp:attachment":[{"href":"https:\/\/everydaychemshop.com\/de\/wp-json\/wp\/v2\/media?parent=8358"}],"wp:term":[{"taxonomy":"product_brand","embeddable":true,"href":"https:\/\/everydaychemshop.com\/de\/wp-json\/wp\/v2\/product_brand?post=8358"},{"taxonomy":"product_cat","embeddable":true,"href":"https:\/\/everydaychemshop.com\/de\/wp-json\/wp\/v2\/product_cat?post=8358"},{"taxonomy":"product_tag","embeddable":true,"href":"https:\/\/everydaychemshop.com\/de\/wp-json\/wp\/v2\/product_tag?post=8358"}],"curies":[{"name":"wp","href":"https:\/\/api.w.org\/{rel}","templated":true}]}}