{"id":3985,"date":"2018-09-11T13:11:53","date_gmt":"2018-09-11T13:11:53","guid":{"rendered":"https:\/\/www.ekko-wp.com\/?page_id=3985"},"modified":"2023-01-03T20:40:14","modified_gmt":"2023-01-03T20:40:14","slug":"terminos-y-condiciones","status":"publish","type":"page","link":"https:\/\/everydaychemshop.com\/es\/terminos-y-condiciones\/","title":{"rendered":"T\u00e9rminos y condiciones"},"content":{"rendered":"<h3>Informaci\u00f3n general<\/h3>\n<p>Una de nuestras principales prioridades es la privacidad de nuestros visitantes. Este documento de Pol\u00edtica de privacidad contiene tipos de informaci\u00f3n que Everyday Chem Shop recopila y registra y c\u00f3mo la usamos.<\/p>\n<p>Si tiene preguntas adicionales o requiere m\u00e1s informaci\u00f3n sobre nuestra Pol\u00edtica de privacidad, no dude en contactarnos a trav\u00e9s del correo electr\u00f3nico a Incubator.<\/p>\n<h3>Archivos de registro<\/h3>\n<p>Everyday Chem Shop sigue un procedimiento est\u00e1ndar de uso de archivos de registro. Estos archivos registran a los visitantes cuando visitan sitios web. Todas las empresas de alojamiento hacen esto y forman parte del an\u00e1lisis de los servicios de alojamiento. La informaci\u00f3n recopilada por los archivos de registro incluye:<\/p>\n<ul>\n<li>direcciones de protocolo de Internet (IP)<\/li>\n<li>tipo de navegador, proveedor de servicios de Internet (ISP)<\/li>\n<li>sello de fecha y hora, p\u00e1ginas de referencia\/salida<\/li>\n<li>posiblemente el n\u00famero de clics<\/li>\n<\/ul>\n<h3>Pol\u00edticas de privacidad<\/h3>\n<p>Puede consultar esta lista para encontrar la Pol\u00edtica de privacidad de cada uno de los socios publicitarios de Incubator.<\/p>\n<p>Los servidores de anuncios o redes publicitarias de terceros utilizan tecnolog\u00edas como cookies, JavaScript o balizas web que se utilizan en sus respectivos anuncios y enlaces que aparecen en Incubator, que se env\u00edan directamente al navegador de los usuarios. Reciben autom\u00e1ticamente su direcci\u00f3n IP cuando esto ocurre. Estas tecnolog\u00edas se utilizan para medir la efectividad de sus campa\u00f1as publicitarias y\/o para personalizar el contenido publicitario que ve en los sitios web que visita.<\/p>\n<p>Tenga en cuenta que Everyday Chem Shop no tiene acceso ni control sobre estas cookies que utilizan los anunciantes de terceros.<\/p>\n<h3>Pol\u00edticas de terceros<\/h3>\n<p>La Pol\u00edtica de privacidad de Incubator no se aplica a otros anunciantes o sitios web. Por lo tanto, le recomendamos que consulte las Pol\u00edticas de privacidad respectivas de estos servidores de anuncios de terceros para obtener informaci\u00f3n m\u00e1s detallada. Puede incluir sus pr\u00e1cticas e instrucciones sobre c\u00f3mo excluirse de ciertas opciones. Puede encontrar una lista completa de estas Pol\u00edticas de Privacidad y sus enlaces aqu\u00ed: Enlaces a la Pol\u00edtica de Privacidad.<\/p>\n<p>Puede optar por deshabilitar las cookies a trav\u00e9s de las opciones de su navegador individual. Para conocer informaci\u00f3n m\u00e1s detallada sobre la gesti\u00f3n de cookies con navegadores web espec\u00edficos, se puede encontrar en los sitios web respectivos de los navegadores. \u00bfQu\u00e9 son las cookies?<\/p>\n<h3>Informaci\u00f3n de ni\u00f1os<\/h3>\n<p>Otra parte de nuestra prioridad es agregar protecci\u00f3n para los ni\u00f1os mientras usan Internet. Alentamos a los padres y tutores a observar, participar y\/o monitorear y guiar su actividad en l\u00ednea.<\/p>\n<p>Incubator no recopila a sabiendas ninguna informaci\u00f3n de identificaci\u00f3n personal de ni\u00f1os menores de 13 a\u00f1os. Si cree que su hijo proporcion\u00f3 este tipo de informaci\u00f3n en nuestro sitio web, le recomendamos encarecidamente que se comunique con nosotros de inmediato y haremos todo lo posible para eliminarlo de inmediato. dicha informaci\u00f3n de nuestros registros.<\/p>\n<h3>Privacidad en l\u00ednea<\/h3>\n<p>Esta pol\u00edtica de privacidad se aplica solo a nuestras actividades en l\u00ednea y es v\u00e1lida para los visitantes de nuestro sitio web con respecto a la informaci\u00f3n que compartieron y\/o recopilaron en Everyday Chem Shop. Esta pol\u00edtica no se aplica a ninguna informaci\u00f3n recopilada fuera de l\u00ednea o a trav\u00e9s de canales que no sean este sitio web.<br \/>\nAl utilizar nuestro sitio web, usted acepta nuestra Pol\u00edtica de privacidad y acepta sus T\u00e9rminos y condiciones.<\/p>\n<h3>Actualizar<\/h3>\n<p>Esta Pol\u00edtica de privacidad se actualiz\u00f3 por \u00faltima vez el 20 de mayo de 2022. Si habr\u00e1 alguna actualizaci\u00f3n, enmienda o cambio en nuestra Pol\u00edtica de privacidad, estos se publicar\u00e1n en esta p\u00e1gina.<\/p>\n","protected":false},"excerpt":{"rendered":"<p>Informaci\u00f3n general Una de nuestras principales prioridades es la privacidad de nuestros visitantes. Este documento de Pol\u00edtica de privacidad contiene [&hellip;]<\/p>\n","protected":false},"author":1,"featured_media":0,"parent":0,"menu_order":0,"comment_status":"closed","ping_status":"closed","template":"","meta":{"inline_featured_image":false,"footnotes":""},"class_list":["post-3985","page","type-page","status-publish","hentry"],"yoast_head":"<!-- This site is optimized with the Yoast SEO Premium plugin v19.2 (Yoast SEO v27.3) - https:\/\/yoast.com\/product\/yoast-seo-premium-wordpress\/ -->\n<title>T\u00e9rminos y condiciones - Everyday Chem Shop<\/title>\n<meta name=\"robots\" content=\"index, follow, max-snippet:-1, max-image-preview:large, max-video-preview:-1\" \/>\n<link rel=\"canonical\" href=\"https:\/\/everydaychemshop.com\/es\/terminos-y-condiciones\/\" \/>\n<meta property=\"og:locale\" content=\"en_US\" \/>\n<meta property=\"og:type\" content=\"article\" \/>\n<meta property=\"og:title\" content=\"T\u00e9rminos y condiciones\" \/>\n<meta property=\"og:description\" content=\"Informaci\u00f3n general Una de nuestras principales prioridades es la privacidad de nuestros visitantes. Este documento de Pol\u00edtica de privacidad contiene [&hellip;]\" \/>\n<meta property=\"og:url\" content=\"https:\/\/everydaychemshop.com\/es\/terminos-y-condiciones\/\" \/>\n<meta property=\"og:site_name\" content=\"Everyday Chem Shop\" \/>\n<meta property=\"article:modified_time\" content=\"2023-01-03T20:40:14+00:00\" \/>\n<meta name=\"twitter:card\" content=\"summary_large_image\" \/>\n<meta name=\"twitter:label1\" content=\"Est. reading time\" \/>\n\t<meta name=\"twitter:data1\" content=\"3 minutes\" \/>\n<script type=\"application\/ld+json\" class=\"yoast-schema-graph\">{\"@context\":\"https:\\\/\\\/schema.org\",\"@graph\":[{\"@type\":\"WebPage\",\"@id\":\"https:\\\/\\\/everydaychemshop.com\\\/es\\\/terminos-y-condiciones\\\/\",\"url\":\"https:\\\/\\\/everydaychemshop.com\\\/es\\\/terminos-y-condiciones\\\/\",\"name\":\"T\u00e9rminos y condiciones - Everyday Chem Shop\",\"isPartOf\":{\"@id\":\"https:\\\/\\\/everydaychemshop.com\\\/es\\\/#website\"},\"datePublished\":\"2018-09-11T13:11:53+00:00\",\"dateModified\":\"2023-01-03T20:40:14+00:00\",\"breadcrumb\":{\"@id\":\"https:\\\/\\\/everydaychemshop.com\\\/es\\\/terminos-y-condiciones\\\/#breadcrumb\"},\"inLanguage\":\"en-US\",\"potentialAction\":[{\"@type\":\"ReadAction\",\"target\":[\"https:\\\/\\\/everydaychemshop.com\\\/es\\\/terminos-y-condiciones\\\/\"]}]},{\"@type\":\"BreadcrumbList\",\"@id\":\"https:\\\/\\\/everydaychemshop.com\\\/es\\\/terminos-y-condiciones\\\/#breadcrumb\",\"itemListElement\":[{\"@type\":\"ListItem\",\"position\":1,\"name\":\"Home\",\"item\":\"https:\\\/\\\/everydaychemshop.com\\\/es\\\/\"},{\"@type\":\"ListItem\",\"position\":2,\"name\":\"T\u00e9rminos y condiciones\"}]},{\"@type\":\"WebSite\",\"@id\":\"https:\\\/\\\/everydaychemshop.com\\\/es\\\/#website\",\"url\":\"https:\\\/\\\/everydaychemshop.com\\\/es\\\/\",\"name\":\"Everyday Chem Shop\",\"description\":\"\",\"potentialAction\":[{\"@type\":\"SearchAction\",\"target\":{\"@type\":\"EntryPoint\",\"urlTemplate\":\"https:\\\/\\\/everydaychemshop.com\\\/es\\\/?s={search_term_string}\"},\"query-input\":{\"@type\":\"PropertyValueSpecification\",\"valueRequired\":true,\"valueName\":\"search_term_string\"}}],\"inLanguage\":\"en-US\"}]}<\/script>\n<!-- \/ Yoast SEO Premium plugin. -->","yoast_head_json":{"title":"T\u00e9rminos y condiciones - Everyday Chem Shop","robots":{"index":"index","follow":"follow","max-snippet":"max-snippet:-1","max-image-preview":"max-image-preview:large","max-video-preview":"max-video-preview:-1"},"canonical":"https:\/\/everydaychemshop.com\/es\/terminos-y-condiciones\/","og_locale":"en_US","og_type":"article","og_title":"T\u00e9rminos y condiciones","og_description":"Informaci\u00f3n general Una de nuestras principales prioridades es la privacidad de nuestros visitantes. Este documento de Pol\u00edtica de privacidad contiene [&hellip;]","og_url":"https:\/\/everydaychemshop.com\/es\/terminos-y-condiciones\/","og_site_name":"Everyday Chem Shop","article_modified_time":"2023-01-03T20:40:14+00:00","twitter_card":"summary_large_image","twitter_misc":{"Est. reading time":"3 minutes"},"schema":{"@context":"https:\/\/schema.org","@graph":[{"@type":"WebPage","@id":"https:\/\/everydaychemshop.com\/es\/terminos-y-condiciones\/","url":"https:\/\/everydaychemshop.com\/es\/terminos-y-condiciones\/","name":"T\u00e9rminos y condiciones - Everyday Chem Shop","isPartOf":{"@id":"https:\/\/everydaychemshop.com\/es\/#website"},"datePublished":"2018-09-11T13:11:53+00:00","dateModified":"2023-01-03T20:40:14+00:00","breadcrumb":{"@id":"https:\/\/everydaychemshop.com\/es\/terminos-y-condiciones\/#breadcrumb"},"inLanguage":"en-US","potentialAction":[{"@type":"ReadAction","target":["https:\/\/everydaychemshop.com\/es\/terminos-y-condiciones\/"]}]},{"@type":"BreadcrumbList","@id":"https:\/\/everydaychemshop.com\/es\/terminos-y-condiciones\/#breadcrumb","itemListElement":[{"@type":"ListItem","position":1,"name":"Home","item":"https:\/\/everydaychemshop.com\/es\/"},{"@type":"ListItem","position":2,"name":"T\u00e9rminos y condiciones"}]},{"@type":"WebSite","@id":"https:\/\/everydaychemshop.com\/es\/#website","url":"https:\/\/everydaychemshop.com\/es\/","name":"Everyday Chem Shop","description":"","potentialAction":[{"@type":"SearchAction","target":{"@type":"EntryPoint","urlTemplate":"https:\/\/everydaychemshop.com\/es\/?s={search_term_string}"},"query-input":{"@type":"PropertyValueSpecification","valueRequired":true,"valueName":"search_term_string"}}],"inLanguage":"en-US"}]}},"_links":{"self":[{"href":"https:\/\/everydaychemshop.com\/es\/wp-json\/wp\/v2\/pages\/3985","targetHints":{"allow":["GET"]}}],"collection":[{"href":"https:\/\/everydaychemshop.com\/es\/wp-json\/wp\/v2\/pages"}],"about":[{"href":"https:\/\/everydaychemshop.com\/es\/wp-json\/wp\/v2\/types\/page"}],"author":[{"embeddable":true,"href":"https:\/\/everydaychemshop.com\/es\/wp-json\/wp\/v2\/users\/1"}],"replies":[{"embeddable":true,"href":"https:\/\/everydaychemshop.com\/es\/wp-json\/wp\/v2\/comments?post=3985"}],"version-history":[{"count":3,"href":"https:\/\/everydaychemshop.com\/es\/wp-json\/wp\/v2\/pages\/3985\/revisions"}],"predecessor-version":[{"id":8499,"href":"https:\/\/everydaychemshop.com\/es\/wp-json\/wp\/v2\/pages\/3985\/revisions\/8499"}],"wp:attachment":[{"href":"https:\/\/everydaychemshop.com\/es\/wp-json\/wp\/v2\/media?parent=3985"}],"curies":[{"name":"wp","href":"https:\/\/api.w.org\/{rel}","templated":true}]}}