{"id":7583,"date":"2022-11-16T09:42:03","date_gmt":"2022-11-16T09:42:03","guid":{"rendered":"https:\/\/everydaychemshop.com\/es\/?post_type=product&#038;p=7583"},"modified":"2023-04-07T09:34:10","modified_gmt":"2023-04-07T09:34:10","slug":"comprar-aprobarbitone-online","status":"publish","type":"product","link":"https:\/\/everydaychemshop.com\/es\/product\/comprar-aprobarbitone-online\/","title":{"rendered":"Aprobarbitona"},"content":{"rendered":"<h1>Compre pastillas de Aprobarbitone en l\u00ednea<\/h1>\n<p class=\"tt\"><a href=\"https:\/\/everydaychemshop.com\/es\/product\/comprar-aprobarbitone-online\/\">Compre pastillas de Aprobarbitone en l\u00ednea<\/a>. Compre Aprobarbitone en l\u00ednea de la farmacia Nembutal en l\u00ednea de primer nivel<\/p>\n<p>La farmacia en l\u00ednea Nembutal ha estado trabajando en esta industria durante un largo per\u00edodo. Ahora hemos entendido completamente las perspectivas y los requisitos de los clientes de todo el mundo. Estamos aqu\u00ed para completar todos los requisitos relacionados con Aprobarbitone. Si desea comprar Aprobarbitone en l\u00ednea, entonces nuestra farmacia es la mejor para hacerlo. Estamos disponibles con este medicamento a precios m\u00f3dicos. <a href=\"https:\/\/en.wikipedia.org\/wiki\/Aprobarbital\">Puede<\/a> compr\u00e1rnoslo c\u00f3modamente y se lo enviaremos dentro del tiempo mencionado <a href=\"https:\/\/en.wikipedia.org\/wiki\/Aprobarbital\">span<\/a>.<\/p>\n<h4 class=\"tt\">\u00bfQu\u00e9 puede hacer Aprobarbitone por usted?<\/h4>\n<p>El uso de Aprobarbitone puede ayudarlo a dormir bien por la noche. En definitiva, es un tratamiento perfecto para personas con insomnio. Es conocido por sus incre\u00edbles propiedades como sedante, hipn\u00f3tico y anticonvulsivo.<\/p>\n<h4 class=\"tt\">\u00bfPor qu\u00e9 deber\u00eda elegirnos para comprar Aprobarbitone en l\u00ednea?<\/h4>\n<p>Somos un equipo especializado de personas que tienen una profunda experiencia en el campo de los medicamentos y las drogas. Adem\u00e1s de eso, estamos haciendo que Aprobarbitone y otros productos est\u00e9n disponibles en todas partes del mundo. Ahora puede comprar Aprobarbitone en l\u00ednea al mejor precio desde su propia casa. Estamos a un clic de distancia. Env\u00ede su pedido para comprar Aprobarbitone en l\u00ednea hoy y rec\u00edbalo pronto en la direcci\u00f3n mencionada.<\/p>\n<p><strong>\u00bfSabe d\u00f3nde comprar Aprobarbitone sin receta?<\/strong><\/p>\n<p>Aprobarbitone a la venta, valor de la calle Brallobarbital, dosis de Aprobarbitone, c\u00f3mo hacer Aprobarbitone, d\u00f3nde puedo Aprobarbitone en l\u00ednea, d\u00f3nde obtener Aprobarbitone, qu\u00e9 es Aprobarbitone, Aprobarbitone de calidad superior a la venta. Todas estas preguntas sin respuesta pueden obtener sus respuestas a trav\u00e9s de nosotros. Solo necesita visitar nuestro sitio web y obtendr\u00e1 las respuestas sobre c\u00f3mo y d\u00f3nde puede comprar pastillas de Aprobarbitone sin receta en l\u00ednea.<\/p>\n<p>\u00bfQu\u00e9 pasa con Aprobarbitone? \u00bfT\u00fa tambi\u00e9n sabes d\u00f3nde conseguir Aprobarbitone de venta online sin receta? comprar Aprobarbitone a la venta, c\u00f3mo hacer Aprobarbitone, c\u00f3mo se ve Aprobarbitone, precio de calle de Aprobarbitone, precio de Aprobarbitone, d\u00f3nde comprar Aprobarbitone, Aprobarbitone puro, d\u00f3nde puedo comprar Aprobarbitone en l\u00ednea sin receta, comprar Aprobarbitone puro en l\u00ednea sin receta.<\/p>\n<p>Aprobarbitone (Vesparax) de buena calidad en l\u00ednea: Se comprende perfectamente que las personas no conf\u00eden r\u00e1pidamente en la calidad del Aprobarbitone en l\u00ednea que se vende en l\u00ednea porque no pueden examinarlo f\u00edsicamente. Pero no es lo mismo con los proveedores online de Aprobarbitone Online. Los productos aqu\u00ed son fieles a su descripci\u00f3n con un mantenimiento de alta calidad realizado bajo la supervisi\u00f3n de expertos.<\/p>\n<p>Fast &amp; Env\u00edo discreto: la entrega del Aprobarbitone en l\u00ednea despu\u00e9s de recibir el pedido se realiza dentro del plazo prometido. El equipo de env\u00edo pone todo su esfuerzo en hacer que el proceso de env\u00edo y entrega sea fluido y r\u00e1pido. Tambi\u00e9n puede esperar excelentes servicios al comprar Aprobarbitone en l\u00ednea del profesional en la plataforma en l\u00ednea.<\/p>\n","protected":false},"excerpt":{"rendered":"<p><strong>\u00bfC\u00f3mo pedir Aprobarbitone en Online Nembutal Pharmacy?<\/strong><\/p>\n<p>Online Nembutal Pharmacy es un destino perfecto para satisfacer sus necesidades y requisitos con respecto a Aprobarbitone. Simplemente puede agregar su medicamento al carrito, completar el procedimiento de pago y realizar un pedido en nuestro sitio web. Ac\u00e9rquese a nuestra farmacia ahora y obtenga lo mejor para su salud. \u00a1Obtenga Aprobarbital a la venta hoy!<\/p>\n","protected":false},"featured_media":7613,"comment_status":"open","ping_status":"closed","template":"","meta":{"inline_featured_image":false},"product_brand":[],"product_cat":[58],"product_tag":[],"class_list":{"0":"post-7583","1":"product","2":"type-product","3":"status-publish","4":"has-post-thumbnail","6":"product_cat-productos-nembutal","8":"first","9":"instock","10":"featured","11":"shipping-taxable","12":"purchasable","13":"product-type-variable","14":"has-default-attributes"},"yoast_head":"<!-- This site is optimized with the Yoast SEO Premium plugin v19.2 (Yoast SEO v27.3) - https:\/\/yoast.com\/product\/yoast-seo-premium-wordpress\/ -->\n<title>Compre pastillas de Aprobarbitone en l\u00ednea - Everyday Chem Shop<\/title>\n<meta name=\"description\" content=\"Compre pastillas de Aprobarbitone en l\u00ednea. Si est\u00e1 buscando c\u00f3mo comprar Aprobarbitone, entonces est\u00e1 en el lugar correcto para comprar Aprobarbitone en l\u00ednea.\" \/>\n<meta name=\"robots\" content=\"index, follow, max-snippet:-1, max-image-preview:large, max-video-preview:-1\" \/>\n<link rel=\"canonical\" href=\"https:\/\/everydaychemshop.com\/es\/product\/comprar-aprobarbitone-online\/\" \/>\n<meta property=\"og:locale\" content=\"en_US\" \/>\n<meta property=\"og:type\" content=\"article\" \/>\n<meta property=\"og:title\" content=\"Aprobarbitona\" \/>\n<meta property=\"og:description\" content=\"Compre pastillas de Aprobarbitone en l\u00ednea. Si est\u00e1 buscando c\u00f3mo comprar Aprobarbitone, entonces est\u00e1 en el lugar correcto para comprar Aprobarbitone en l\u00ednea.\" \/>\n<meta property=\"og:url\" content=\"https:\/\/everydaychemshop.com\/es\/product\/comprar-aprobarbitone-online\/\" \/>\n<meta property=\"og:site_name\" content=\"Everyday Chem Shop\" \/>\n<meta property=\"article:modified_time\" content=\"2023-04-07T09:34:10+00:00\" \/>\n<meta property=\"og:image\" content=\"https:\/\/everydaychemshop.com\/es\/wp-content\/uploads\/sites\/4\/2022\/11\/Aprobarbitone-1.jpg\" \/>\n\t<meta property=\"og:image:width\" content=\"600\" \/>\n\t<meta property=\"og:image:height\" content=\"600\" \/>\n\t<meta property=\"og:image:type\" content=\"image\/jpeg\" \/>\n<meta name=\"twitter:card\" content=\"summary_large_image\" \/>\n<meta name=\"twitter:label1\" content=\"Est. reading time\" \/>\n\t<meta name=\"twitter:data1\" content=\"3 minutes\" \/>\n<script type=\"application\/ld+json\" class=\"yoast-schema-graph\">{\"@context\":\"https:\\\/\\\/schema.org\",\"@graph\":[{\"@type\":\"WebPage\",\"@id\":\"https:\\\/\\\/everydaychemshop.com\\\/es\\\/product\\\/comprar-aprobarbitone-online\\\/\",\"url\":\"https:\\\/\\\/everydaychemshop.com\\\/es\\\/product\\\/comprar-aprobarbitone-online\\\/\",\"name\":\"Compre pastillas de Aprobarbitone en l\u00ednea - Everyday Chem Shop\",\"isPartOf\":{\"@id\":\"https:\\\/\\\/everydaychemshop.com\\\/es\\\/#website\"},\"primaryImageOfPage\":{\"@id\":\"https:\\\/\\\/everydaychemshop.com\\\/es\\\/product\\\/comprar-aprobarbitone-online\\\/#primaryimage\"},\"image\":{\"@id\":\"https:\\\/\\\/everydaychemshop.com\\\/es\\\/product\\\/comprar-aprobarbitone-online\\\/#primaryimage\"},\"thumbnailUrl\":\"https:\\\/\\\/everydaychemshop.com\\\/es\\\/wp-content\\\/uploads\\\/sites\\\/4\\\/2022\\\/11\\\/Aprobarbitone-1.jpg\",\"datePublished\":\"2022-11-16T09:42:03+00:00\",\"dateModified\":\"2023-04-07T09:34:10+00:00\",\"description\":\"Compre pastillas de Aprobarbitone en l\u00ednea. Si est\u00e1 buscando c\u00f3mo comprar Aprobarbitone, entonces est\u00e1 en el lugar correcto para comprar Aprobarbitone en l\u00ednea.\",\"breadcrumb\":{\"@id\":\"https:\\\/\\\/everydaychemshop.com\\\/es\\\/product\\\/comprar-aprobarbitone-online\\\/#breadcrumb\"},\"inLanguage\":\"en-US\",\"potentialAction\":[{\"@type\":\"ReadAction\",\"target\":[\"https:\\\/\\\/everydaychemshop.com\\\/es\\\/product\\\/comprar-aprobarbitone-online\\\/\"]}]},{\"@type\":\"ImageObject\",\"inLanguage\":\"en-US\",\"@id\":\"https:\\\/\\\/everydaychemshop.com\\\/es\\\/product\\\/comprar-aprobarbitone-online\\\/#primaryimage\",\"url\":\"https:\\\/\\\/everydaychemshop.com\\\/es\\\/wp-content\\\/uploads\\\/sites\\\/4\\\/2022\\\/11\\\/Aprobarbitone-1.jpg\",\"contentUrl\":\"https:\\\/\\\/everydaychemshop.com\\\/es\\\/wp-content\\\/uploads\\\/sites\\\/4\\\/2022\\\/11\\\/Aprobarbitone-1.jpg\",\"width\":600,\"height\":600,\"caption\":\"Compre pastillas de Aprobarbitone en l\u00ednea\"},{\"@type\":\"BreadcrumbList\",\"@id\":\"https:\\\/\\\/everydaychemshop.com\\\/es\\\/product\\\/comprar-aprobarbitone-online\\\/#breadcrumb\",\"itemListElement\":[{\"@type\":\"ListItem\",\"position\":1,\"name\":\"Home\",\"item\":\"https:\\\/\\\/everydaychemshop.com\\\/es\\\/\"},{\"@type\":\"ListItem\",\"position\":2,\"name\":\"Productos\",\"item\":\"https:\\\/\\\/everydaychemshop.com\\\/es\\\/productos\\\/\"},{\"@type\":\"ListItem\",\"position\":3,\"name\":\"Aprobarbitona\"}]},{\"@type\":\"WebSite\",\"@id\":\"https:\\\/\\\/everydaychemshop.com\\\/es\\\/#website\",\"url\":\"https:\\\/\\\/everydaychemshop.com\\\/es\\\/\",\"name\":\"Everyday Chem Shop\",\"description\":\"\",\"potentialAction\":[{\"@type\":\"SearchAction\",\"target\":{\"@type\":\"EntryPoint\",\"urlTemplate\":\"https:\\\/\\\/everydaychemshop.com\\\/es\\\/?s={search_term_string}\"},\"query-input\":{\"@type\":\"PropertyValueSpecification\",\"valueRequired\":true,\"valueName\":\"search_term_string\"}}],\"inLanguage\":\"en-US\"}]}<\/script>\n<!-- \/ Yoast SEO Premium plugin. -->","yoast_head_json":{"title":"Compre pastillas de Aprobarbitone en l\u00ednea - Everyday Chem Shop","description":"Compre pastillas de Aprobarbitone en l\u00ednea. Si est\u00e1 buscando c\u00f3mo comprar Aprobarbitone, entonces est\u00e1 en el lugar correcto para comprar Aprobarbitone en l\u00ednea.","robots":{"index":"index","follow":"follow","max-snippet":"max-snippet:-1","max-image-preview":"max-image-preview:large","max-video-preview":"max-video-preview:-1"},"canonical":"https:\/\/everydaychemshop.com\/es\/product\/comprar-aprobarbitone-online\/","og_locale":"en_US","og_type":"article","og_title":"Aprobarbitona","og_description":"Compre pastillas de Aprobarbitone en l\u00ednea. Si est\u00e1 buscando c\u00f3mo comprar Aprobarbitone, entonces est\u00e1 en el lugar correcto para comprar Aprobarbitone en l\u00ednea.","og_url":"https:\/\/everydaychemshop.com\/es\/product\/comprar-aprobarbitone-online\/","og_site_name":"Everyday Chem Shop","article_modified_time":"2023-04-07T09:34:10+00:00","og_image":[{"width":600,"height":600,"url":"https:\/\/everydaychemshop.com\/es\/wp-content\/uploads\/sites\/4\/2022\/11\/Aprobarbitone-1.jpg","type":"image\/jpeg"}],"twitter_card":"summary_large_image","twitter_misc":{"Est. reading time":"3 minutes"},"schema":{"@context":"https:\/\/schema.org","@graph":[{"@type":"WebPage","@id":"https:\/\/everydaychemshop.com\/es\/product\/comprar-aprobarbitone-online\/","url":"https:\/\/everydaychemshop.com\/es\/product\/comprar-aprobarbitone-online\/","name":"Compre pastillas de Aprobarbitone en l\u00ednea - Everyday Chem Shop","isPartOf":{"@id":"https:\/\/everydaychemshop.com\/es\/#website"},"primaryImageOfPage":{"@id":"https:\/\/everydaychemshop.com\/es\/product\/comprar-aprobarbitone-online\/#primaryimage"},"image":{"@id":"https:\/\/everydaychemshop.com\/es\/product\/comprar-aprobarbitone-online\/#primaryimage"},"thumbnailUrl":"https:\/\/everydaychemshop.com\/es\/wp-content\/uploads\/sites\/4\/2022\/11\/Aprobarbitone-1.jpg","datePublished":"2022-11-16T09:42:03+00:00","dateModified":"2023-04-07T09:34:10+00:00","description":"Compre pastillas de Aprobarbitone en l\u00ednea. Si est\u00e1 buscando c\u00f3mo comprar Aprobarbitone, entonces est\u00e1 en el lugar correcto para comprar Aprobarbitone en l\u00ednea.","breadcrumb":{"@id":"https:\/\/everydaychemshop.com\/es\/product\/comprar-aprobarbitone-online\/#breadcrumb"},"inLanguage":"en-US","potentialAction":[{"@type":"ReadAction","target":["https:\/\/everydaychemshop.com\/es\/product\/comprar-aprobarbitone-online\/"]}]},{"@type":"ImageObject","inLanguage":"en-US","@id":"https:\/\/everydaychemshop.com\/es\/product\/comprar-aprobarbitone-online\/#primaryimage","url":"https:\/\/everydaychemshop.com\/es\/wp-content\/uploads\/sites\/4\/2022\/11\/Aprobarbitone-1.jpg","contentUrl":"https:\/\/everydaychemshop.com\/es\/wp-content\/uploads\/sites\/4\/2022\/11\/Aprobarbitone-1.jpg","width":600,"height":600,"caption":"Compre pastillas de Aprobarbitone en l\u00ednea"},{"@type":"BreadcrumbList","@id":"https:\/\/everydaychemshop.com\/es\/product\/comprar-aprobarbitone-online\/#breadcrumb","itemListElement":[{"@type":"ListItem","position":1,"name":"Home","item":"https:\/\/everydaychemshop.com\/es\/"},{"@type":"ListItem","position":2,"name":"Productos","item":"https:\/\/everydaychemshop.com\/es\/productos\/"},{"@type":"ListItem","position":3,"name":"Aprobarbitona"}]},{"@type":"WebSite","@id":"https:\/\/everydaychemshop.com\/es\/#website","url":"https:\/\/everydaychemshop.com\/es\/","name":"Everyday Chem Shop","description":"","potentialAction":[{"@type":"SearchAction","target":{"@type":"EntryPoint","urlTemplate":"https:\/\/everydaychemshop.com\/es\/?s={search_term_string}"},"query-input":{"@type":"PropertyValueSpecification","valueRequired":true,"valueName":"search_term_string"}}],"inLanguage":"en-US"}]}},"_links":{"self":[{"href":"https:\/\/everydaychemshop.com\/es\/wp-json\/wp\/v2\/product\/7583","targetHints":{"allow":["GET"]}}],"collection":[{"href":"https:\/\/everydaychemshop.com\/es\/wp-json\/wp\/v2\/product"}],"about":[{"href":"https:\/\/everydaychemshop.com\/es\/wp-json\/wp\/v2\/types\/product"}],"replies":[{"embeddable":true,"href":"https:\/\/everydaychemshop.com\/es\/wp-json\/wp\/v2\/comments?post=7583"}],"wp:featuredmedia":[{"embeddable":true,"href":"https:\/\/everydaychemshop.com\/es\/wp-json\/wp\/v2\/media\/7613"}],"wp:attachment":[{"href":"https:\/\/everydaychemshop.com\/es\/wp-json\/wp\/v2\/media?parent=7583"}],"wp:term":[{"taxonomy":"product_brand","embeddable":true,"href":"https:\/\/everydaychemshop.com\/es\/wp-json\/wp\/v2\/product_brand?post=7583"},{"taxonomy":"product_cat","embeddable":true,"href":"https:\/\/everydaychemshop.com\/es\/wp-json\/wp\/v2\/product_cat?post=7583"},{"taxonomy":"product_tag","embeddable":true,"href":"https:\/\/everydaychemshop.com\/es\/wp-json\/wp\/v2\/product_tag?post=7583"}],"curies":[{"name":"wp","href":"https:\/\/api.w.org\/{rel}","templated":true}]}}