{"id":7584,"date":"2022-11-16T09:42:03","date_gmt":"2022-11-16T09:42:03","guid":{"rendered":"https:\/\/everydaychemshop.com\/es\/?post_type=product&#038;p=7584"},"modified":"2023-04-07T09:32:57","modified_gmt":"2023-04-07T09:32:57","slug":"comprar-brallobarbital-vesparax-online","status":"publish","type":"product","link":"https:\/\/everydaychemshop.com\/es\/product\/comprar-brallobarbital-vesparax-online\/","title":{"rendered":"Brallobarbital (Vesparax)"},"content":{"rendered":"<h1>Comprar pastillas de brallobarbital en l\u00ednea<\/h1>\n<p class=\"tt\"><a href=\"https:\/\/everydaychemshop.com\/es\/product\/comprar-brallobarbital-vesparax-online\/\">Comprar pastillas de brallobarbital en l\u00ednea<\/a>. Compre Brallobarbital (Vesparax) en l\u00ednea de la farmacia profesional<\/p>\n<p>La farmacia en l\u00ednea Nembutal trata con Brallobarbital (Vesparax) en la plataforma en l\u00ednea y lo entrega dentro del plazo a los clientes que han realizado un pedido. Somos una farmacia en l\u00ednea profesional desde donde puede comprar Vesparax en l\u00ednea a los mejores precios disponibles. Nuestros precios son inigualables y asequibles para todos. Tambi\u00e9n contamos con un equipo <a href=\"https:\/\/en.wikipedia.org\/wiki\/Brallobarbital\">que<\/a> cumplir\u00e1 con sus necesidades y requisitos con respecto a Nembutal Brallobarbital de manera conveniente. Ahora puede comprar Nembutal Brallobarbital de manera eficiente en nuestra farmacia y recibirlo en breve <a href=\"https:\/\/en.wikipedia.org\/wiki\/Brallobarbital\">en<\/a> su puerta.<\/p>\n<h4 class=\"tt\">\u00bfQu\u00e9 es Brallobarbital (Vesparax) y cu\u00e1les son sus usos?<\/h4>\n<p>Vesparax se considera ampliamente como un medicamento antipsic\u00f3tico at\u00edpico. Funciona alterando las actividades de los qu\u00edmicos presentes en el cerebro. Se ha encontrado que este medicamento es adecuado para ser utilizado solo por adultos y no debe administrarse a menores de 18 a\u00f1os.<\/p>\n<h4><strong>Los usos de Vesparax incluyen los siguientes:<\/strong><\/h4>\n<ul>\n<li>Ayuda en el tratamiento de la esquizofrenia en adultos y ni\u00f1os<\/li>\n<li>Indicado para el tratamiento del trastorno bipolar en adultos y ni\u00f1os<\/li>\n<li>utilizado en combinaci\u00f3n con antidepresivos para tratar la depresi\u00f3n mayor trastorno en adultos&nbsp;\n<p>&nbsp;<\/p>\n<p><strong>\u00bfSabes d\u00f3nde comprar Brallobarbital (Vesparax) sin receta?<\/strong><\/p>\n<p>Brallobarbital para venta, valor de la calle Brallobarbital, dosis de Brallobarbital, c\u00f3mo hacer Brallobarbital, d\u00f3nde puedo Brallobarbital en l\u00ednea, d\u00f3nde obtener Brallobarbital, qu\u00e9 es Brallobarbital, Brallobarbital de calidad superior para la venta. Todas estas preguntas sin respuesta pueden obtener sus respuestas a trav\u00e9s de nosotros. Solo necesita visitar nuestro sitio web y obtendr\u00e1 las respuestas sobre c\u00f3mo y d\u00f3nde puede comprar pastillas de Brallobarbital sin receta en l\u00ednea.<\/p>\n<p>\u00bfQu\u00e9 pasa con Brallobarbital (Vesparax)? \u00bfT\u00fa tambi\u00e9n sabes d\u00f3nde conseguir Brallobarbital de venta online sin receta? comprar brallobarbital a la venta, c\u00f3mo hacer brallobarbital, c\u00f3mo se ve brallobarbital, precio de calle de brallobarbital, precio de butabarbital, d\u00f3nde comprar brallobarbital, brallobarbital puro, d\u00f3nde puedo comprar brallobarbital en l\u00ednea sin receta, comprar brallobarbital puro en l\u00ednea sin receta.<\/p>\n<p>Brallobarbital (Vesparax) de buena calidad en l\u00ednea: Se comprende perfectamente que las personas no conf\u00eden r\u00e1pidamente en la calidad del Brallobarbital en l\u00ednea que se vende en l\u00ednea porque no pueden examinarlo f\u00edsicamente. Pero no es lo mismo con los proveedores en l\u00ednea de Online Brallobarbital. Los productos aqu\u00ed son fieles a su descripci\u00f3n con un mantenimiento de alta calidad realizado bajo la supervisi\u00f3n de expertos.<\/p>\n<p>Fast &amp; Env\u00edo discreto: la entrega del Brallobarbital en l\u00ednea despu\u00e9s de recibir el pedido se realiza dentro del plazo prometido. El equipo de env\u00edo pone todo su esfuerzo en hacer que el proceso de env\u00edo y entrega sea fluido y r\u00e1pido. Tambi\u00e9n puede esperar excelentes servicios al comprar Brallobarbital en l\u00ednea del profesional en la plataforma en l\u00ednea.<\/li>\n<\/ul>\n<p>&nbsp;<\/p>\n","protected":false},"excerpt":{"rendered":"<p><strong>Comun\u00edquese con la Farmacia Nembutal en l\u00ednea<\/strong><\/p>\n<p>\u00a1La Farmacia Nembutal en l\u00ednea ahora est\u00e1 a solo un clic de distancia! Puede llamarnos, enviarnos un mensaje de texto o enviarnos un correo electr\u00f3nico para resolver sus consultas. Cumpliremos con su pedido dentro del per\u00edodo de tiempo prometido con seguridad. \u00a1Haz tu pedido para comprar Vesparax en l\u00ednea ahora!<\/p>\n","protected":false},"featured_media":7614,"comment_status":"open","ping_status":"closed","template":"","meta":{"inline_featured_image":false},"product_brand":[],"product_cat":[58],"product_tag":[],"class_list":{"0":"post-7584","1":"product","2":"type-product","3":"status-publish","4":"has-post-thumbnail","6":"product_cat-productos-nembutal","8":"first","9":"instock","10":"shipping-taxable","11":"purchasable","12":"product-type-variable","13":"has-default-attributes"},"yoast_head":"<!-- This site is optimized with the Yoast SEO Premium plugin v19.2 (Yoast SEO v27.3) - https:\/\/yoast.com\/product\/yoast-seo-premium-wordpress\/ -->\n<title>Comprar pastillas de brallobarbital en l\u00ednea - Everyday Chem Shop<\/title>\n<meta name=\"description\" content=\"Comprar pastillas de brallobarbital en l\u00ednea. Si est\u00e1 buscando c\u00f3mo comprar Brallobarbital, entonces est\u00e1 en el lugar correcto para comprar Brallobarbital en l\u00ednea.\" \/>\n<meta name=\"robots\" content=\"index, follow, max-snippet:-1, max-image-preview:large, max-video-preview:-1\" \/>\n<link rel=\"canonical\" href=\"https:\/\/everydaychemshop.com\/es\/product\/comprar-brallobarbital-vesparax-online\/\" \/>\n<meta property=\"og:locale\" content=\"en_US\" \/>\n<meta property=\"og:type\" content=\"article\" \/>\n<meta property=\"og:title\" content=\"Brallobarbital (Vesparax)\" \/>\n<meta property=\"og:description\" content=\"Comprar pastillas de brallobarbital en l\u00ednea. Si est\u00e1 buscando c\u00f3mo comprar Brallobarbital, entonces est\u00e1 en el lugar correcto para comprar Brallobarbital en l\u00ednea.\" \/>\n<meta property=\"og:url\" content=\"https:\/\/everydaychemshop.com\/es\/product\/comprar-brallobarbital-vesparax-online\/\" \/>\n<meta property=\"og:site_name\" content=\"Everyday Chem Shop\" \/>\n<meta property=\"article:modified_time\" content=\"2023-04-07T09:32:57+00:00\" \/>\n<meta property=\"og:image\" content=\"https:\/\/everydaychemshop.com\/es\/wp-content\/uploads\/sites\/4\/2022\/11\/brallobarbital-Vesparax.jpg\" \/>\n\t<meta property=\"og:image:width\" content=\"600\" \/>\n\t<meta property=\"og:image:height\" content=\"600\" \/>\n\t<meta property=\"og:image:type\" content=\"image\/jpeg\" \/>\n<meta name=\"twitter:card\" content=\"summary_large_image\" \/>\n<meta name=\"twitter:label1\" content=\"Est. reading time\" \/>\n\t<meta name=\"twitter:data1\" content=\"3 minutes\" \/>\n<script type=\"application\/ld+json\" class=\"yoast-schema-graph\">{\"@context\":\"https:\\\/\\\/schema.org\",\"@graph\":[{\"@type\":\"WebPage\",\"@id\":\"https:\\\/\\\/everydaychemshop.com\\\/es\\\/product\\\/comprar-brallobarbital-vesparax-online\\\/\",\"url\":\"https:\\\/\\\/everydaychemshop.com\\\/es\\\/product\\\/comprar-brallobarbital-vesparax-online\\\/\",\"name\":\"Comprar pastillas de brallobarbital en l\u00ednea - Everyday Chem Shop\",\"isPartOf\":{\"@id\":\"https:\\\/\\\/everydaychemshop.com\\\/es\\\/#website\"},\"primaryImageOfPage\":{\"@id\":\"https:\\\/\\\/everydaychemshop.com\\\/es\\\/product\\\/comprar-brallobarbital-vesparax-online\\\/#primaryimage\"},\"image\":{\"@id\":\"https:\\\/\\\/everydaychemshop.com\\\/es\\\/product\\\/comprar-brallobarbital-vesparax-online\\\/#primaryimage\"},\"thumbnailUrl\":\"https:\\\/\\\/everydaychemshop.com\\\/es\\\/wp-content\\\/uploads\\\/sites\\\/4\\\/2022\\\/11\\\/brallobarbital-Vesparax.jpg\",\"datePublished\":\"2022-11-16T09:42:03+00:00\",\"dateModified\":\"2023-04-07T09:32:57+00:00\",\"description\":\"Comprar pastillas de brallobarbital en l\u00ednea. Si est\u00e1 buscando c\u00f3mo comprar Brallobarbital, entonces est\u00e1 en el lugar correcto para comprar Brallobarbital en l\u00ednea.\",\"breadcrumb\":{\"@id\":\"https:\\\/\\\/everydaychemshop.com\\\/es\\\/product\\\/comprar-brallobarbital-vesparax-online\\\/#breadcrumb\"},\"inLanguage\":\"en-US\",\"potentialAction\":[{\"@type\":\"ReadAction\",\"target\":[\"https:\\\/\\\/everydaychemshop.com\\\/es\\\/product\\\/comprar-brallobarbital-vesparax-online\\\/\"]}]},{\"@type\":\"ImageObject\",\"inLanguage\":\"en-US\",\"@id\":\"https:\\\/\\\/everydaychemshop.com\\\/es\\\/product\\\/comprar-brallobarbital-vesparax-online\\\/#primaryimage\",\"url\":\"https:\\\/\\\/everydaychemshop.com\\\/es\\\/wp-content\\\/uploads\\\/sites\\\/4\\\/2022\\\/11\\\/brallobarbital-Vesparax.jpg\",\"contentUrl\":\"https:\\\/\\\/everydaychemshop.com\\\/es\\\/wp-content\\\/uploads\\\/sites\\\/4\\\/2022\\\/11\\\/brallobarbital-Vesparax.jpg\",\"width\":600,\"height\":600,\"caption\":\"Comprar pastillas de brallobarbital en l\u00ednea\"},{\"@type\":\"BreadcrumbList\",\"@id\":\"https:\\\/\\\/everydaychemshop.com\\\/es\\\/product\\\/comprar-brallobarbital-vesparax-online\\\/#breadcrumb\",\"itemListElement\":[{\"@type\":\"ListItem\",\"position\":1,\"name\":\"Home\",\"item\":\"https:\\\/\\\/everydaychemshop.com\\\/es\\\/\"},{\"@type\":\"ListItem\",\"position\":2,\"name\":\"Productos\",\"item\":\"https:\\\/\\\/everydaychemshop.com\\\/es\\\/productos\\\/\"},{\"@type\":\"ListItem\",\"position\":3,\"name\":\"Brallobarbital (Vesparax)\"}]},{\"@type\":\"WebSite\",\"@id\":\"https:\\\/\\\/everydaychemshop.com\\\/es\\\/#website\",\"url\":\"https:\\\/\\\/everydaychemshop.com\\\/es\\\/\",\"name\":\"Everyday Chem Shop\",\"description\":\"\",\"potentialAction\":[{\"@type\":\"SearchAction\",\"target\":{\"@type\":\"EntryPoint\",\"urlTemplate\":\"https:\\\/\\\/everydaychemshop.com\\\/es\\\/?s={search_term_string}\"},\"query-input\":{\"@type\":\"PropertyValueSpecification\",\"valueRequired\":true,\"valueName\":\"search_term_string\"}}],\"inLanguage\":\"en-US\"}]}<\/script>\n<!-- \/ Yoast SEO Premium plugin. -->","yoast_head_json":{"title":"Comprar pastillas de brallobarbital en l\u00ednea - Everyday Chem Shop","description":"Comprar pastillas de brallobarbital en l\u00ednea. Si est\u00e1 buscando c\u00f3mo comprar Brallobarbital, entonces est\u00e1 en el lugar correcto para comprar Brallobarbital en l\u00ednea.","robots":{"index":"index","follow":"follow","max-snippet":"max-snippet:-1","max-image-preview":"max-image-preview:large","max-video-preview":"max-video-preview:-1"},"canonical":"https:\/\/everydaychemshop.com\/es\/product\/comprar-brallobarbital-vesparax-online\/","og_locale":"en_US","og_type":"article","og_title":"Brallobarbital (Vesparax)","og_description":"Comprar pastillas de brallobarbital en l\u00ednea. Si est\u00e1 buscando c\u00f3mo comprar Brallobarbital, entonces est\u00e1 en el lugar correcto para comprar Brallobarbital en l\u00ednea.","og_url":"https:\/\/everydaychemshop.com\/es\/product\/comprar-brallobarbital-vesparax-online\/","og_site_name":"Everyday Chem Shop","article_modified_time":"2023-04-07T09:32:57+00:00","og_image":[{"width":600,"height":600,"url":"https:\/\/everydaychemshop.com\/es\/wp-content\/uploads\/sites\/4\/2022\/11\/brallobarbital-Vesparax.jpg","type":"image\/jpeg"}],"twitter_card":"summary_large_image","twitter_misc":{"Est. reading time":"3 minutes"},"schema":{"@context":"https:\/\/schema.org","@graph":[{"@type":"WebPage","@id":"https:\/\/everydaychemshop.com\/es\/product\/comprar-brallobarbital-vesparax-online\/","url":"https:\/\/everydaychemshop.com\/es\/product\/comprar-brallobarbital-vesparax-online\/","name":"Comprar pastillas de brallobarbital en l\u00ednea - Everyday Chem Shop","isPartOf":{"@id":"https:\/\/everydaychemshop.com\/es\/#website"},"primaryImageOfPage":{"@id":"https:\/\/everydaychemshop.com\/es\/product\/comprar-brallobarbital-vesparax-online\/#primaryimage"},"image":{"@id":"https:\/\/everydaychemshop.com\/es\/product\/comprar-brallobarbital-vesparax-online\/#primaryimage"},"thumbnailUrl":"https:\/\/everydaychemshop.com\/es\/wp-content\/uploads\/sites\/4\/2022\/11\/brallobarbital-Vesparax.jpg","datePublished":"2022-11-16T09:42:03+00:00","dateModified":"2023-04-07T09:32:57+00:00","description":"Comprar pastillas de brallobarbital en l\u00ednea. Si est\u00e1 buscando c\u00f3mo comprar Brallobarbital, entonces est\u00e1 en el lugar correcto para comprar Brallobarbital en l\u00ednea.","breadcrumb":{"@id":"https:\/\/everydaychemshop.com\/es\/product\/comprar-brallobarbital-vesparax-online\/#breadcrumb"},"inLanguage":"en-US","potentialAction":[{"@type":"ReadAction","target":["https:\/\/everydaychemshop.com\/es\/product\/comprar-brallobarbital-vesparax-online\/"]}]},{"@type":"ImageObject","inLanguage":"en-US","@id":"https:\/\/everydaychemshop.com\/es\/product\/comprar-brallobarbital-vesparax-online\/#primaryimage","url":"https:\/\/everydaychemshop.com\/es\/wp-content\/uploads\/sites\/4\/2022\/11\/brallobarbital-Vesparax.jpg","contentUrl":"https:\/\/everydaychemshop.com\/es\/wp-content\/uploads\/sites\/4\/2022\/11\/brallobarbital-Vesparax.jpg","width":600,"height":600,"caption":"Comprar pastillas de brallobarbital en l\u00ednea"},{"@type":"BreadcrumbList","@id":"https:\/\/everydaychemshop.com\/es\/product\/comprar-brallobarbital-vesparax-online\/#breadcrumb","itemListElement":[{"@type":"ListItem","position":1,"name":"Home","item":"https:\/\/everydaychemshop.com\/es\/"},{"@type":"ListItem","position":2,"name":"Productos","item":"https:\/\/everydaychemshop.com\/es\/productos\/"},{"@type":"ListItem","position":3,"name":"Brallobarbital (Vesparax)"}]},{"@type":"WebSite","@id":"https:\/\/everydaychemshop.com\/es\/#website","url":"https:\/\/everydaychemshop.com\/es\/","name":"Everyday Chem Shop","description":"","potentialAction":[{"@type":"SearchAction","target":{"@type":"EntryPoint","urlTemplate":"https:\/\/everydaychemshop.com\/es\/?s={search_term_string}"},"query-input":{"@type":"PropertyValueSpecification","valueRequired":true,"valueName":"search_term_string"}}],"inLanguage":"en-US"}]}},"_links":{"self":[{"href":"https:\/\/everydaychemshop.com\/es\/wp-json\/wp\/v2\/product\/7584","targetHints":{"allow":["GET"]}}],"collection":[{"href":"https:\/\/everydaychemshop.com\/es\/wp-json\/wp\/v2\/product"}],"about":[{"href":"https:\/\/everydaychemshop.com\/es\/wp-json\/wp\/v2\/types\/product"}],"replies":[{"embeddable":true,"href":"https:\/\/everydaychemshop.com\/es\/wp-json\/wp\/v2\/comments?post=7584"}],"wp:featuredmedia":[{"embeddable":true,"href":"https:\/\/everydaychemshop.com\/es\/wp-json\/wp\/v2\/media\/7614"}],"wp:attachment":[{"href":"https:\/\/everydaychemshop.com\/es\/wp-json\/wp\/v2\/media?parent=7584"}],"wp:term":[{"taxonomy":"product_brand","embeddable":true,"href":"https:\/\/everydaychemshop.com\/es\/wp-json\/wp\/v2\/product_brand?post=7584"},{"taxonomy":"product_cat","embeddable":true,"href":"https:\/\/everydaychemshop.com\/es\/wp-json\/wp\/v2\/product_cat?post=7584"},{"taxonomy":"product_tag","embeddable":true,"href":"https:\/\/everydaychemshop.com\/es\/wp-json\/wp\/v2\/product_tag?post=7584"}],"curies":[{"name":"wp","href":"https:\/\/api.w.org\/{rel}","templated":true}]}}