{"id":7585,"date":"2022-11-16T09:42:03","date_gmt":"2022-11-16T09:42:03","guid":{"rendered":"https:\/\/everydaychemshop.com\/es\/?post_type=product&#038;p=7585"},"modified":"2023-04-07T09:31:46","modified_gmt":"2023-04-07T09:31:46","slug":"comprar-butabarbital-online","status":"publish","type":"product","link":"https:\/\/everydaychemshop.com\/es\/product\/comprar-butabarbital-online\/","title":{"rendered":"Butabarbital"},"content":{"rendered":"<h1>Comprar pastillas de butabarbital en l\u00ednea<\/h1>\n<p class=\"tt\"><a href=\"https:\/\/everydaychemshop.com\/es\/product\/comprar-butabarbital-online\/\">Comprar pastillas de butabarbital en l\u00ednea<\/a>. Comprar Butabarbital S\u00f3dico 50 mg Tabletas Online en The Top Pharmacy<\/p>\n<p>La Farmacia Nembutal Online es una farmacia ideal para comprar Butabarbital S\u00f3dico 50 mg Tabletas a los mejores precios. Nos dedicamos a esta industria de medicamentos durante un per\u00edodo prolongado de tiempo. Puede confiar en <a href=\"https:\/\/en.wikipedia.org\/wiki\/Butabarbital\">en<\/a> nosotros para recibir lo mejor para su salud. Los miembros de nuestro equipo profesional no decepcionar\u00e1n sus expectativas de ninguna manera. \u00a1C\u00f3mprelo ahora!<\/p>\n<h4 class=\"tt\">\u00bfC\u00f3mo puede hacer el mejor uso del butabarbital s\u00f3dico despu\u00e9s de compr\u00e1rnoslo?<\/h4>\n<p>El butabarbital s\u00f3dico es un medicamento perfecto que se puede usar <a href=\"https:\/\/en.wikipedia.org\/wiki\/Butabarbital\">para<\/a> el tratamiento del insomnio en las personas. Por lo general, es un medicamento a corto plazo. La industria m\u00e9dica puede utilizar este producto como sedante antes de cualquier cirug\u00eda.<\/p>\n<p>Para garantizar una adecuada medicaci\u00f3n sobre Butabarbital S\u00f3dico, ofrecemos una gu\u00eda manual a nuestros clientes. En esta gu\u00eda manual, se mencionan todas las instrucciones relacionadas con el medicamento. Puede leerlos f\u00e1cilmente uno por uno y usarlos para los fines previstos. Puedes tener toda tu confianza en nuestra farmacia online profesional. Siempre pensamos lo mejor para nuestros valiosos clientes. Siempre nos preocupamos por la salud de las personas y revisamos todos los productos antes de entregarlos.<\/p>\n<p>Para comprar Butabarbital S\u00f3dico al mejor precio, puede contactarnos. Nuestro equipo interpretar\u00e1 su pedido y preparar\u00e1 el mismo para su entrega en el pr\u00f3ximo momento. Sus medicamentos le llegar\u00e1n dentro del tiempo asignado por nuestra farmacia en l\u00ednea. \u00a1Ordene Nembutal barato ahora!<\/p>\n<p><strong>\u00bfSabe d\u00f3nde comprar Butabarbital sin receta?<\/strong><\/p>\n<p>Butabarbital a la venta, valor de Butabarbital en la calle, dosis de Butabarbital, c\u00f3mo hacer Butabarbital, \u00bfd\u00f3nde puedo Butabarbital en l\u00ednea, d\u00f3nde conseguir Butabarbital, qu\u00e9 es Butabarbital, Butabarbital de primera calidad a la venta. Todas estas preguntas sin respuesta pueden obtener sus respuestas a trav\u00e9s de nosotros. Solo necesita visitar nuestro sitio web y obtendr\u00e1 las respuestas sobre c\u00f3mo y d\u00f3nde puede comprar pastillas de Butabarbital sin receta en l\u00ednea.<\/p>\n<p>\u00bfQu\u00e9 pasa con Butabarbital? \u00bfT\u00fa tambi\u00e9n sabes d\u00f3nde conseguir Butabarbital de venta online sin receta? comprar butabarbital a la venta, c\u00f3mo hacer butabarbital, c\u00f3mo se ve butabarbital, precio de venta al p\u00fablico de butabarbital, precio de butabarbital, d\u00f3nde comprar butabarbital, butabarbital puro, d\u00f3nde puedo comprar butabarbital en l\u00ednea sin receta, comprar butabarbital puro en l\u00ednea sin receta.<\/p>\n<p>Butabarbital de buena calidad en l\u00ednea: Se comprende perfectamente que las personas no conf\u00eden r\u00e1pidamente en la calidad del Butabarbital en l\u00ednea que se vende en l\u00ednea porque no pueden examinarlo f\u00edsicamente. Pero no es lo mismo con los proveedores online de Butabarbital Online. Los productos aqu\u00ed son fieles a su descripci\u00f3n con un mantenimiento de alta calidad realizado bajo la supervisi\u00f3n de expertos.<\/p>\n<p>Fast &amp; Env\u00edo discreto: La entrega del Butabarbital en l\u00ednea despu\u00e9s de recibir el pedido se realiza dentro del plazo prometido. El equipo de env\u00edo pone todo su esfuerzo en hacer que el proceso de env\u00edo y entrega sea fluido y r\u00e1pido. Tambi\u00e9n puede esperar excelentes servicios al comprar Butabarbital en l\u00ednea del profesional en la plataforma en l\u00ednea.<\/p>\n","protected":false},"excerpt":{"rendered":"<p><strong>\u00bfC\u00f3mo pedir Butabarbital S\u00f3dico de la Farmacia Nembutal en L\u00ednea?<\/strong><\/p>\n<p>La Farmacia Nembutal en L\u00ednea ya est\u00e1 disponible en la etapa en l\u00ednea. Env\u00ede los detalles de su pedido para comprar tabletas de 50 mg de butabarbital s\u00f3dico en nuestro sitio web oficial y luego realice el pago del mismo. Una vez realizado el pedido, se completar\u00e1 dentro del plazo mencionado. \u00a1Haz tu pedido hoy!<\/p>\n","protected":false},"featured_media":7615,"comment_status":"closed","ping_status":"closed","template":"","meta":{"inline_featured_image":false},"product_brand":[],"product_cat":[58],"product_tag":[],"class_list":{"0":"post-7585","1":"product","2":"type-product","3":"status-publish","4":"has-post-thumbnail","6":"product_cat-productos-nembutal","8":"first","9":"instock","10":"featured","11":"shipping-taxable","12":"purchasable","13":"product-type-variable","14":"has-default-attributes"},"yoast_head":"<!-- This site is optimized with the Yoast SEO Premium plugin v19.2 (Yoast SEO v27.3) - https:\/\/yoast.com\/product\/yoast-seo-premium-wordpress\/ -->\n<title>Comprar pastillas de butabarbital en l\u00ednea - Everyday Chem Shop<\/title>\n<meta name=\"description\" content=\"Comprar pastillas de butabarbital en l\u00ednea. Si est\u00e1 buscando c\u00f3mo comprar Butabarbital, entonces est\u00e1 en el lugar correcto para comprar Butabarbital en l\u00ednea.\" \/>\n<meta name=\"robots\" content=\"index, follow, max-snippet:-1, max-image-preview:large, max-video-preview:-1\" \/>\n<link rel=\"canonical\" href=\"https:\/\/everydaychemshop.com\/es\/product\/comprar-butabarbital-online\/\" \/>\n<meta property=\"og:locale\" content=\"en_US\" \/>\n<meta property=\"og:type\" content=\"article\" \/>\n<meta property=\"og:title\" content=\"Butabarbital\" \/>\n<meta property=\"og:description\" content=\"Comprar pastillas de butabarbital en l\u00ednea. Si est\u00e1 buscando c\u00f3mo comprar Butabarbital, entonces est\u00e1 en el lugar correcto para comprar Butabarbital en l\u00ednea.\" \/>\n<meta property=\"og:url\" content=\"https:\/\/everydaychemshop.com\/es\/product\/comprar-butabarbital-online\/\" \/>\n<meta property=\"og:site_name\" content=\"Everyday Chem Shop\" \/>\n<meta property=\"article:modified_time\" content=\"2023-04-07T09:31:46+00:00\" \/>\n<meta property=\"og:image\" content=\"https:\/\/everydaychemshop.com\/es\/wp-content\/uploads\/sites\/4\/2022\/11\/Butabarbital.jpg\" \/>\n\t<meta property=\"og:image:width\" content=\"600\" \/>\n\t<meta property=\"og:image:height\" content=\"600\" \/>\n\t<meta property=\"og:image:type\" content=\"image\/jpeg\" \/>\n<meta name=\"twitter:card\" content=\"summary_large_image\" \/>\n<meta name=\"twitter:label1\" content=\"Est. reading time\" \/>\n\t<meta name=\"twitter:data1\" content=\"3 minutes\" \/>\n<script type=\"application\/ld+json\" class=\"yoast-schema-graph\">{\"@context\":\"https:\\\/\\\/schema.org\",\"@graph\":[{\"@type\":\"WebPage\",\"@id\":\"https:\\\/\\\/everydaychemshop.com\\\/es\\\/product\\\/comprar-butabarbital-online\\\/\",\"url\":\"https:\\\/\\\/everydaychemshop.com\\\/es\\\/product\\\/comprar-butabarbital-online\\\/\",\"name\":\"Comprar pastillas de butabarbital en l\u00ednea - Everyday Chem Shop\",\"isPartOf\":{\"@id\":\"https:\\\/\\\/everydaychemshop.com\\\/es\\\/#website\"},\"primaryImageOfPage\":{\"@id\":\"https:\\\/\\\/everydaychemshop.com\\\/es\\\/product\\\/comprar-butabarbital-online\\\/#primaryimage\"},\"image\":{\"@id\":\"https:\\\/\\\/everydaychemshop.com\\\/es\\\/product\\\/comprar-butabarbital-online\\\/#primaryimage\"},\"thumbnailUrl\":\"https:\\\/\\\/everydaychemshop.com\\\/es\\\/wp-content\\\/uploads\\\/sites\\\/4\\\/2022\\\/11\\\/Butabarbital.jpg\",\"datePublished\":\"2022-11-16T09:42:03+00:00\",\"dateModified\":\"2023-04-07T09:31:46+00:00\",\"description\":\"Comprar pastillas de butabarbital en l\u00ednea. Si est\u00e1 buscando c\u00f3mo comprar Butabarbital, entonces est\u00e1 en el lugar correcto para comprar Butabarbital en l\u00ednea.\",\"breadcrumb\":{\"@id\":\"https:\\\/\\\/everydaychemshop.com\\\/es\\\/product\\\/comprar-butabarbital-online\\\/#breadcrumb\"},\"inLanguage\":\"en-US\",\"potentialAction\":[{\"@type\":\"ReadAction\",\"target\":[\"https:\\\/\\\/everydaychemshop.com\\\/es\\\/product\\\/comprar-butabarbital-online\\\/\"]}]},{\"@type\":\"ImageObject\",\"inLanguage\":\"en-US\",\"@id\":\"https:\\\/\\\/everydaychemshop.com\\\/es\\\/product\\\/comprar-butabarbital-online\\\/#primaryimage\",\"url\":\"https:\\\/\\\/everydaychemshop.com\\\/es\\\/wp-content\\\/uploads\\\/sites\\\/4\\\/2022\\\/11\\\/Butabarbital.jpg\",\"contentUrl\":\"https:\\\/\\\/everydaychemshop.com\\\/es\\\/wp-content\\\/uploads\\\/sites\\\/4\\\/2022\\\/11\\\/Butabarbital.jpg\",\"width\":600,\"height\":600,\"caption\":\"Comprar pastillas de butabarbital en l\u00ednea\"},{\"@type\":\"BreadcrumbList\",\"@id\":\"https:\\\/\\\/everydaychemshop.com\\\/es\\\/product\\\/comprar-butabarbital-online\\\/#breadcrumb\",\"itemListElement\":[{\"@type\":\"ListItem\",\"position\":1,\"name\":\"Home\",\"item\":\"https:\\\/\\\/everydaychemshop.com\\\/es\\\/\"},{\"@type\":\"ListItem\",\"position\":2,\"name\":\"Productos\",\"item\":\"https:\\\/\\\/everydaychemshop.com\\\/es\\\/productos\\\/\"},{\"@type\":\"ListItem\",\"position\":3,\"name\":\"Butabarbital\"}]},{\"@type\":\"WebSite\",\"@id\":\"https:\\\/\\\/everydaychemshop.com\\\/es\\\/#website\",\"url\":\"https:\\\/\\\/everydaychemshop.com\\\/es\\\/\",\"name\":\"Everyday Chem Shop\",\"description\":\"\",\"potentialAction\":[{\"@type\":\"SearchAction\",\"target\":{\"@type\":\"EntryPoint\",\"urlTemplate\":\"https:\\\/\\\/everydaychemshop.com\\\/es\\\/?s={search_term_string}\"},\"query-input\":{\"@type\":\"PropertyValueSpecification\",\"valueRequired\":true,\"valueName\":\"search_term_string\"}}],\"inLanguage\":\"en-US\"}]}<\/script>\n<!-- \/ Yoast SEO Premium plugin. -->","yoast_head_json":{"title":"Comprar pastillas de butabarbital en l\u00ednea - Everyday Chem Shop","description":"Comprar pastillas de butabarbital en l\u00ednea. Si est\u00e1 buscando c\u00f3mo comprar Butabarbital, entonces est\u00e1 en el lugar correcto para comprar Butabarbital en l\u00ednea.","robots":{"index":"index","follow":"follow","max-snippet":"max-snippet:-1","max-image-preview":"max-image-preview:large","max-video-preview":"max-video-preview:-1"},"canonical":"https:\/\/everydaychemshop.com\/es\/product\/comprar-butabarbital-online\/","og_locale":"en_US","og_type":"article","og_title":"Butabarbital","og_description":"Comprar pastillas de butabarbital en l\u00ednea. Si est\u00e1 buscando c\u00f3mo comprar Butabarbital, entonces est\u00e1 en el lugar correcto para comprar Butabarbital en l\u00ednea.","og_url":"https:\/\/everydaychemshop.com\/es\/product\/comprar-butabarbital-online\/","og_site_name":"Everyday Chem Shop","article_modified_time":"2023-04-07T09:31:46+00:00","og_image":[{"width":600,"height":600,"url":"https:\/\/everydaychemshop.com\/es\/wp-content\/uploads\/sites\/4\/2022\/11\/Butabarbital.jpg","type":"image\/jpeg"}],"twitter_card":"summary_large_image","twitter_misc":{"Est. reading time":"3 minutes"},"schema":{"@context":"https:\/\/schema.org","@graph":[{"@type":"WebPage","@id":"https:\/\/everydaychemshop.com\/es\/product\/comprar-butabarbital-online\/","url":"https:\/\/everydaychemshop.com\/es\/product\/comprar-butabarbital-online\/","name":"Comprar pastillas de butabarbital en l\u00ednea - Everyday Chem Shop","isPartOf":{"@id":"https:\/\/everydaychemshop.com\/es\/#website"},"primaryImageOfPage":{"@id":"https:\/\/everydaychemshop.com\/es\/product\/comprar-butabarbital-online\/#primaryimage"},"image":{"@id":"https:\/\/everydaychemshop.com\/es\/product\/comprar-butabarbital-online\/#primaryimage"},"thumbnailUrl":"https:\/\/everydaychemshop.com\/es\/wp-content\/uploads\/sites\/4\/2022\/11\/Butabarbital.jpg","datePublished":"2022-11-16T09:42:03+00:00","dateModified":"2023-04-07T09:31:46+00:00","description":"Comprar pastillas de butabarbital en l\u00ednea. Si est\u00e1 buscando c\u00f3mo comprar Butabarbital, entonces est\u00e1 en el lugar correcto para comprar Butabarbital en l\u00ednea.","breadcrumb":{"@id":"https:\/\/everydaychemshop.com\/es\/product\/comprar-butabarbital-online\/#breadcrumb"},"inLanguage":"en-US","potentialAction":[{"@type":"ReadAction","target":["https:\/\/everydaychemshop.com\/es\/product\/comprar-butabarbital-online\/"]}]},{"@type":"ImageObject","inLanguage":"en-US","@id":"https:\/\/everydaychemshop.com\/es\/product\/comprar-butabarbital-online\/#primaryimage","url":"https:\/\/everydaychemshop.com\/es\/wp-content\/uploads\/sites\/4\/2022\/11\/Butabarbital.jpg","contentUrl":"https:\/\/everydaychemshop.com\/es\/wp-content\/uploads\/sites\/4\/2022\/11\/Butabarbital.jpg","width":600,"height":600,"caption":"Comprar pastillas de butabarbital en l\u00ednea"},{"@type":"BreadcrumbList","@id":"https:\/\/everydaychemshop.com\/es\/product\/comprar-butabarbital-online\/#breadcrumb","itemListElement":[{"@type":"ListItem","position":1,"name":"Home","item":"https:\/\/everydaychemshop.com\/es\/"},{"@type":"ListItem","position":2,"name":"Productos","item":"https:\/\/everydaychemshop.com\/es\/productos\/"},{"@type":"ListItem","position":3,"name":"Butabarbital"}]},{"@type":"WebSite","@id":"https:\/\/everydaychemshop.com\/es\/#website","url":"https:\/\/everydaychemshop.com\/es\/","name":"Everyday Chem Shop","description":"","potentialAction":[{"@type":"SearchAction","target":{"@type":"EntryPoint","urlTemplate":"https:\/\/everydaychemshop.com\/es\/?s={search_term_string}"},"query-input":{"@type":"PropertyValueSpecification","valueRequired":true,"valueName":"search_term_string"}}],"inLanguage":"en-US"}]}},"_links":{"self":[{"href":"https:\/\/everydaychemshop.com\/es\/wp-json\/wp\/v2\/product\/7585","targetHints":{"allow":["GET"]}}],"collection":[{"href":"https:\/\/everydaychemshop.com\/es\/wp-json\/wp\/v2\/product"}],"about":[{"href":"https:\/\/everydaychemshop.com\/es\/wp-json\/wp\/v2\/types\/product"}],"replies":[{"embeddable":true,"href":"https:\/\/everydaychemshop.com\/es\/wp-json\/wp\/v2\/comments?post=7585"}],"wp:featuredmedia":[{"embeddable":true,"href":"https:\/\/everydaychemshop.com\/es\/wp-json\/wp\/v2\/media\/7615"}],"wp:attachment":[{"href":"https:\/\/everydaychemshop.com\/es\/wp-json\/wp\/v2\/media?parent=7585"}],"wp:term":[{"taxonomy":"product_brand","embeddable":true,"href":"https:\/\/everydaychemshop.com\/es\/wp-json\/wp\/v2\/product_brand?post=7585"},{"taxonomy":"product_cat","embeddable":true,"href":"https:\/\/everydaychemshop.com\/es\/wp-json\/wp\/v2\/product_cat?post=7585"},{"taxonomy":"product_tag","embeddable":true,"href":"https:\/\/everydaychemshop.com\/es\/wp-json\/wp\/v2\/product_tag?post=7585"}],"curies":[{"name":"wp","href":"https:\/\/api.w.org\/{rel}","templated":true}]}}