{"id":7587,"date":"2022-11-16T09:42:04","date_gmt":"2022-11-16T09:42:04","guid":{"rendered":"https:\/\/everydaychemshop.com\/es\/?post_type=product&#038;p=7587"},"modified":"2023-04-07T09:27:27","modified_gmt":"2023-04-07T09:27:27","slug":"comprar-capsulas-de-nembutal-online","status":"publish","type":"product","link":"https:\/\/everydaychemshop.com\/es\/product\/comprar-capsulas-de-nembutal-online\/","title":{"rendered":"C\u00e1psulas de Nembutal"},"content":{"rendered":"<h1><strong>Compre c\u00e1psulas de Nembutal en l\u00ednea<\/strong><\/h1>\n<p><a href=\"https:\/\/everydaychemshop.com\/es\/product\/comprar-capsulas-de-nembutal-online\/\">Compre c\u00e1psulas de Nembutal en l\u00ednea<\/a>. Conozca a los principales proveedores y distribuidores de c\u00e1psulas de Nembutal en nuestra farmacia de Nembutal en l\u00ednea<\/p>\n<p>\u00bfEst\u00e1 buscando una farmacia en l\u00ednea confiable y profesional que pueda ayudarlo a comprar c\u00e1psulas de Nembutal en l\u00ednea al mejor precio? Si es as\u00ed, entonces definitivamente ha venido al lugar correcto. Somos una farmacia en l\u00ednea reconocida conocida bajo el nombre de Farmacia Nembutal en L\u00ednea. Al ser los mejores vendedores y proveedores en el mercado en l\u00ednea, hemos ganado una gran cantidad de clientes leales que regularmente compran c\u00e1psulas de Nembutal en nuestra farmacia en l\u00ednea.<\/p>\n<p>Incluso si est\u00e1 comprando c\u00e1psulas de Nembutal por primera vez de nuestra farmacia online, no te preocupes por nada. S\u00f3lo obtendr\u00e1 lo mejor de aqu\u00ed. Siempre estamos aqu\u00ed para ayudarlo a comprar C\u00e1psulas de Nembutal en l\u00ednea de manera conveniente. Seguimos los est\u00e1ndares adecuados de la industria y proporcionamos a nuestros clientes sus productos de la misma manera. Nuestra farmacia en l\u00ednea no hace ning\u00fan <a href=\"https:\/\/en.wikipedia.org\/wiki\/Pentobarbital\">compromiso<\/a> con la calidad, el empaque o <a href=\"https:\/\/es.wikipedia.org\/wiki\/Pentobarbital\">la<\/a> entrega de las C\u00e1psulas de Nembutal. Si est\u00e1 ansioso por comprar c\u00e1psulas de Nembutal, cont\u00e1ctenos hoy y cumpla con sus requisitos en un per\u00edodo breve.<\/p>\n<p class=\"tt\"><strong>Por qu\u00e9 elegir la farmacia en l\u00ednea de Nembutal es la mejor decisi\u00f3n para comprar \u00bfC\u00e1psulas de Nembutal?<\/strong><\/p>\n<p>Si desea C\u00e1psulas de Nembutal de una manera precisa con control de calidad y entrega r\u00e1pida, entonces elegirnos es siempre la mejor opci\u00f3n. Online Nembutal Pharmacy vende c\u00e1psulas de Nembutal de la mejor calidad a precios asequibles en todo el mundo. Una cosa que nos mantiene en el buen camino es que no utilizamos intermediarios en nuestro proceso de transacci\u00f3n. Nos comunicamos directamente con los clientes y completamos su pedido a tiempo.<\/p>\n<p>Por trabajar en este dominio durante un largo per\u00edodo, nuestros clientes nos han apreciado en forma de cr\u00edticas y comentarios positivos. Nuestro equipo se asegura de que Nembutal Capsules llegue a los clientes de manera segura. Con cada producto, proporcionamos un conjunto adjunto de instrucciones. Estas instrucciones lo ayudar\u00e1n a administrar su medicaci\u00f3n en Nembutal Capsules de manera protegida.<\/p>\n<p>Nuestros excelentes servicios est\u00e1n disponibles todo el tiempo para usted. Puede obtener m\u00e1s informaci\u00f3n sobre el medicamento en Nembutal Capsules con la ayuda de nuestra farmacia en l\u00ednea. Anteriormente, la gente sol\u00eda tener problemas para comprar c\u00e1psulas de Nembutal. Pero con el avance del tiempo, ha llegado nuestra farmacia en l\u00ednea con productos Nembutal. Puede comprarlos en cualquier momento y en cualquier lugar.<\/p>\n<p><strong>\u00bfSabe d\u00f3nde comprar c\u00e1psulas de nembutal en l\u00ednea?<\/strong><\/p>\n<p>c\u00e1psulas de nembutal a la venta, c\u00e1psulas de nembutal valor en la calle, nembutal dosis de c\u00e1psulas, c\u00f3mo hacer pastillas de nembutal, d\u00f3nde puedo comprar c\u00e1psulas de nembutal en l\u00ednea, d\u00f3nde obtener c\u00e1psulas de nembutal, qu\u00e9 son las c\u00e1psulas de nembutal, c\u00e1psulas de nembutal de primera calidad a la venta. Todas estas preguntas sin respuesta pueden obtener sus respuestas a trav\u00e9s de nosotros. Solo necesita visitar nuestro sitio web y obtendr\u00e1 las respuestas sobre c\u00f3mo y d\u00f3nde puede comprar c\u00e1psulas de nembutal en l\u00ednea.<\/p>\n<p>\u00bfQu\u00e9 pasa con las c\u00e1psulas de nembutal? \u00bfSabe tambi\u00e9n d\u00f3nde conseguir c\u00e1psulas de nembutal a la venta online? comprar c\u00e1psulas de nembutal a la venta, c\u00f3mo hacer c\u00e1psulas de nembutal, c\u00f3mo se ven las c\u00e1psulas de nembutal, precio de calle de las c\u00e1psulas de nembutal, precio del polvo de nembutal, d\u00f3nde comprar c\u00e1psulas de nembutal, polvo de nembutal puro, d\u00f3nde puedo comprar c\u00e1psulas de nembutal en l\u00ednea, pastillas de nembutal Seconal, compre c\u00e1psulas de nembutal puras en l\u00ednea.<\/p>\n<p>C\u00e1psulas de nembutal de buena calidad en l\u00ednea: Se entiende completamente que las personas no conf\u00edan r\u00e1pidamente en la calidad de las c\u00e1psulas de nembutal en l\u00ednea que se venden en l\u00ednea porque no pueden examinarlas f\u00edsicamente. Pero no es lo mismo con los proveedores en l\u00ednea de c\u00e1psulas de nembutal en l\u00ednea. Los productos aqu\u00ed son fieles a su descripci\u00f3n con un mantenimiento de alta calidad realizado bajo las supervisi\u00f3n de los expertos.<\/p>\n<p>Fast &amp; Env\u00edo discreto: La entrega de las c\u00e1psulas de nembutal en l\u00ednea despu\u00e9s de recibir el pedido se realiza dentro del plazo prometido. El equipo de env\u00edo pone todo su esfuerzo en hacer que el proceso de env\u00edo y entrega sea fluido y r\u00e1pido. Tambi\u00e9n puede esperar excelentes servicios al comprar c\u00e1psulas de nembutal en l\u00ednea del profesional en la plataforma en l\u00ednea.<\/p>\n","protected":false},"excerpt":{"rendered":"<p><strong>\u00bfC\u00f3mo realizar un pedido de c\u00e1psulas de Nembutal en l\u00ednea?<\/strong><\/p>\n<p>En nuestro sitio web oficial, puede agregar su requisito para comprar c\u00e1psulas de Nembutal en l\u00ednea al mejor precio y lograrlo En un corto periodo de tiempo. Su pedido es nuestra responsabilidad. \u00a1Cont\u00e1ctenos hoy y obtenga C\u00e1psulas de Nembutal a la venta de la manera m\u00e1s simple!<\/p>\n","protected":false},"featured_media":7617,"comment_status":"closed","ping_status":"closed","template":"","meta":{"inline_featured_image":false},"product_brand":[],"product_cat":[58],"product_tag":[],"class_list":{"0":"post-7587","1":"product","2":"type-product","3":"status-publish","4":"has-post-thumbnail","6":"product_cat-productos-nembutal","8":"first","9":"instock","10":"featured","11":"shipping-taxable","12":"purchasable","13":"product-type-variable","14":"has-default-attributes"},"yoast_head":"<!-- This site is optimized with the Yoast SEO Premium plugin v19.2 (Yoast SEO v27.3) - https:\/\/yoast.com\/product\/yoast-seo-premium-wordpress\/ -->\n<title>Compre c\u00e1psulas de Nembutal en l\u00ednea - Everyday Chem Shop<\/title>\n<meta name=\"description\" content=\"Compre c\u00e1psulas de Nembutal en l\u00ednea. Si est\u00e1 buscando c\u00f3mo comprar c\u00e1psulas de Nembutal, entonces est\u00e1 en el lugar correcto para comprar c\u00e1psulas de Nembutal en l\u00ednea.\" \/>\n<meta name=\"robots\" content=\"index, follow, max-snippet:-1, max-image-preview:large, max-video-preview:-1\" \/>\n<link rel=\"canonical\" href=\"https:\/\/everydaychemshop.com\/es\/product\/comprar-capsulas-de-nembutal-online\/\" \/>\n<meta property=\"og:locale\" content=\"en_US\" \/>\n<meta property=\"og:type\" content=\"article\" \/>\n<meta property=\"og:title\" content=\"C\u00e1psulas de Nembutal\" \/>\n<meta property=\"og:description\" content=\"Compre c\u00e1psulas de Nembutal en l\u00ednea. Si est\u00e1 buscando c\u00f3mo comprar c\u00e1psulas de Nembutal, entonces est\u00e1 en el lugar correcto para comprar c\u00e1psulas de Nembutal en l\u00ednea.\" \/>\n<meta property=\"og:url\" content=\"https:\/\/everydaychemshop.com\/es\/product\/comprar-capsulas-de-nembutal-online\/\" \/>\n<meta property=\"og:site_name\" content=\"Everyday Chem Shop\" \/>\n<meta property=\"article:modified_time\" content=\"2023-04-07T09:27:27+00:00\" \/>\n<meta property=\"og:image\" content=\"https:\/\/everydaychemshop.com\/es\/wp-content\/uploads\/sites\/4\/2022\/11\/nembutal-capsules.jpg\" \/>\n\t<meta property=\"og:image:width\" content=\"600\" \/>\n\t<meta property=\"og:image:height\" content=\"600\" \/>\n\t<meta property=\"og:image:type\" content=\"image\/jpeg\" \/>\n<meta name=\"twitter:card\" content=\"summary_large_image\" \/>\n<meta name=\"twitter:label1\" content=\"Est. reading time\" \/>\n\t<meta name=\"twitter:data1\" content=\"4 minutes\" \/>\n<script type=\"application\/ld+json\" class=\"yoast-schema-graph\">{\"@context\":\"https:\\\/\\\/schema.org\",\"@graph\":[{\"@type\":\"WebPage\",\"@id\":\"https:\\\/\\\/everydaychemshop.com\\\/es\\\/product\\\/comprar-capsulas-de-nembutal-online\\\/\",\"url\":\"https:\\\/\\\/everydaychemshop.com\\\/es\\\/product\\\/comprar-capsulas-de-nembutal-online\\\/\",\"name\":\"Compre c\u00e1psulas de Nembutal en l\u00ednea - Everyday Chem Shop\",\"isPartOf\":{\"@id\":\"https:\\\/\\\/everydaychemshop.com\\\/es\\\/#website\"},\"primaryImageOfPage\":{\"@id\":\"https:\\\/\\\/everydaychemshop.com\\\/es\\\/product\\\/comprar-capsulas-de-nembutal-online\\\/#primaryimage\"},\"image\":{\"@id\":\"https:\\\/\\\/everydaychemshop.com\\\/es\\\/product\\\/comprar-capsulas-de-nembutal-online\\\/#primaryimage\"},\"thumbnailUrl\":\"https:\\\/\\\/everydaychemshop.com\\\/es\\\/wp-content\\\/uploads\\\/sites\\\/4\\\/2022\\\/11\\\/nembutal-capsules.jpg\",\"datePublished\":\"2022-11-16T09:42:04+00:00\",\"dateModified\":\"2023-04-07T09:27:27+00:00\",\"description\":\"Compre c\u00e1psulas de Nembutal en l\u00ednea. Si est\u00e1 buscando c\u00f3mo comprar c\u00e1psulas de Nembutal, entonces est\u00e1 en el lugar correcto para comprar c\u00e1psulas de Nembutal en l\u00ednea.\",\"breadcrumb\":{\"@id\":\"https:\\\/\\\/everydaychemshop.com\\\/es\\\/product\\\/comprar-capsulas-de-nembutal-online\\\/#breadcrumb\"},\"inLanguage\":\"en-US\",\"potentialAction\":[{\"@type\":\"ReadAction\",\"target\":[\"https:\\\/\\\/everydaychemshop.com\\\/es\\\/product\\\/comprar-capsulas-de-nembutal-online\\\/\"]}]},{\"@type\":\"ImageObject\",\"inLanguage\":\"en-US\",\"@id\":\"https:\\\/\\\/everydaychemshop.com\\\/es\\\/product\\\/comprar-capsulas-de-nembutal-online\\\/#primaryimage\",\"url\":\"https:\\\/\\\/everydaychemshop.com\\\/es\\\/wp-content\\\/uploads\\\/sites\\\/4\\\/2022\\\/11\\\/nembutal-capsules.jpg\",\"contentUrl\":\"https:\\\/\\\/everydaychemshop.com\\\/es\\\/wp-content\\\/uploads\\\/sites\\\/4\\\/2022\\\/11\\\/nembutal-capsules.jpg\",\"width\":600,\"height\":600,\"caption\":\"Compre c\u00e1psulas de Nembutal en l\u00ednea\"},{\"@type\":\"BreadcrumbList\",\"@id\":\"https:\\\/\\\/everydaychemshop.com\\\/es\\\/product\\\/comprar-capsulas-de-nembutal-online\\\/#breadcrumb\",\"itemListElement\":[{\"@type\":\"ListItem\",\"position\":1,\"name\":\"Home\",\"item\":\"https:\\\/\\\/everydaychemshop.com\\\/es\\\/\"},{\"@type\":\"ListItem\",\"position\":2,\"name\":\"Productos\",\"item\":\"https:\\\/\\\/everydaychemshop.com\\\/es\\\/productos\\\/\"},{\"@type\":\"ListItem\",\"position\":3,\"name\":\"C\u00e1psulas de Nembutal\"}]},{\"@type\":\"WebSite\",\"@id\":\"https:\\\/\\\/everydaychemshop.com\\\/es\\\/#website\",\"url\":\"https:\\\/\\\/everydaychemshop.com\\\/es\\\/\",\"name\":\"Everyday Chem Shop\",\"description\":\"\",\"potentialAction\":[{\"@type\":\"SearchAction\",\"target\":{\"@type\":\"EntryPoint\",\"urlTemplate\":\"https:\\\/\\\/everydaychemshop.com\\\/es\\\/?s={search_term_string}\"},\"query-input\":{\"@type\":\"PropertyValueSpecification\",\"valueRequired\":true,\"valueName\":\"search_term_string\"}}],\"inLanguage\":\"en-US\"}]}<\/script>\n<!-- \/ Yoast SEO Premium plugin. -->","yoast_head_json":{"title":"Compre c\u00e1psulas de Nembutal en l\u00ednea - Everyday Chem Shop","description":"Compre c\u00e1psulas de Nembutal en l\u00ednea. Si est\u00e1 buscando c\u00f3mo comprar c\u00e1psulas de Nembutal, entonces est\u00e1 en el lugar correcto para comprar c\u00e1psulas de Nembutal en l\u00ednea.","robots":{"index":"index","follow":"follow","max-snippet":"max-snippet:-1","max-image-preview":"max-image-preview:large","max-video-preview":"max-video-preview:-1"},"canonical":"https:\/\/everydaychemshop.com\/es\/product\/comprar-capsulas-de-nembutal-online\/","og_locale":"en_US","og_type":"article","og_title":"C\u00e1psulas de Nembutal","og_description":"Compre c\u00e1psulas de Nembutal en l\u00ednea. Si est\u00e1 buscando c\u00f3mo comprar c\u00e1psulas de Nembutal, entonces est\u00e1 en el lugar correcto para comprar c\u00e1psulas de Nembutal en l\u00ednea.","og_url":"https:\/\/everydaychemshop.com\/es\/product\/comprar-capsulas-de-nembutal-online\/","og_site_name":"Everyday Chem Shop","article_modified_time":"2023-04-07T09:27:27+00:00","og_image":[{"width":600,"height":600,"url":"https:\/\/everydaychemshop.com\/es\/wp-content\/uploads\/sites\/4\/2022\/11\/nembutal-capsules.jpg","type":"image\/jpeg"}],"twitter_card":"summary_large_image","twitter_misc":{"Est. reading time":"4 minutes"},"schema":{"@context":"https:\/\/schema.org","@graph":[{"@type":"WebPage","@id":"https:\/\/everydaychemshop.com\/es\/product\/comprar-capsulas-de-nembutal-online\/","url":"https:\/\/everydaychemshop.com\/es\/product\/comprar-capsulas-de-nembutal-online\/","name":"Compre c\u00e1psulas de Nembutal en l\u00ednea - Everyday Chem Shop","isPartOf":{"@id":"https:\/\/everydaychemshop.com\/es\/#website"},"primaryImageOfPage":{"@id":"https:\/\/everydaychemshop.com\/es\/product\/comprar-capsulas-de-nembutal-online\/#primaryimage"},"image":{"@id":"https:\/\/everydaychemshop.com\/es\/product\/comprar-capsulas-de-nembutal-online\/#primaryimage"},"thumbnailUrl":"https:\/\/everydaychemshop.com\/es\/wp-content\/uploads\/sites\/4\/2022\/11\/nembutal-capsules.jpg","datePublished":"2022-11-16T09:42:04+00:00","dateModified":"2023-04-07T09:27:27+00:00","description":"Compre c\u00e1psulas de Nembutal en l\u00ednea. Si est\u00e1 buscando c\u00f3mo comprar c\u00e1psulas de Nembutal, entonces est\u00e1 en el lugar correcto para comprar c\u00e1psulas de Nembutal en l\u00ednea.","breadcrumb":{"@id":"https:\/\/everydaychemshop.com\/es\/product\/comprar-capsulas-de-nembutal-online\/#breadcrumb"},"inLanguage":"en-US","potentialAction":[{"@type":"ReadAction","target":["https:\/\/everydaychemshop.com\/es\/product\/comprar-capsulas-de-nembutal-online\/"]}]},{"@type":"ImageObject","inLanguage":"en-US","@id":"https:\/\/everydaychemshop.com\/es\/product\/comprar-capsulas-de-nembutal-online\/#primaryimage","url":"https:\/\/everydaychemshop.com\/es\/wp-content\/uploads\/sites\/4\/2022\/11\/nembutal-capsules.jpg","contentUrl":"https:\/\/everydaychemshop.com\/es\/wp-content\/uploads\/sites\/4\/2022\/11\/nembutal-capsules.jpg","width":600,"height":600,"caption":"Compre c\u00e1psulas de Nembutal en l\u00ednea"},{"@type":"BreadcrumbList","@id":"https:\/\/everydaychemshop.com\/es\/product\/comprar-capsulas-de-nembutal-online\/#breadcrumb","itemListElement":[{"@type":"ListItem","position":1,"name":"Home","item":"https:\/\/everydaychemshop.com\/es\/"},{"@type":"ListItem","position":2,"name":"Productos","item":"https:\/\/everydaychemshop.com\/es\/productos\/"},{"@type":"ListItem","position":3,"name":"C\u00e1psulas de Nembutal"}]},{"@type":"WebSite","@id":"https:\/\/everydaychemshop.com\/es\/#website","url":"https:\/\/everydaychemshop.com\/es\/","name":"Everyday Chem Shop","description":"","potentialAction":[{"@type":"SearchAction","target":{"@type":"EntryPoint","urlTemplate":"https:\/\/everydaychemshop.com\/es\/?s={search_term_string}"},"query-input":{"@type":"PropertyValueSpecification","valueRequired":true,"valueName":"search_term_string"}}],"inLanguage":"en-US"}]}},"_links":{"self":[{"href":"https:\/\/everydaychemshop.com\/es\/wp-json\/wp\/v2\/product\/7587","targetHints":{"allow":["GET"]}}],"collection":[{"href":"https:\/\/everydaychemshop.com\/es\/wp-json\/wp\/v2\/product"}],"about":[{"href":"https:\/\/everydaychemshop.com\/es\/wp-json\/wp\/v2\/types\/product"}],"replies":[{"embeddable":true,"href":"https:\/\/everydaychemshop.com\/es\/wp-json\/wp\/v2\/comments?post=7587"}],"wp:featuredmedia":[{"embeddable":true,"href":"https:\/\/everydaychemshop.com\/es\/wp-json\/wp\/v2\/media\/7617"}],"wp:attachment":[{"href":"https:\/\/everydaychemshop.com\/es\/wp-json\/wp\/v2\/media?parent=7587"}],"wp:term":[{"taxonomy":"product_brand","embeddable":true,"href":"https:\/\/everydaychemshop.com\/es\/wp-json\/wp\/v2\/product_brand?post=7587"},{"taxonomy":"product_cat","embeddable":true,"href":"https:\/\/everydaychemshop.com\/es\/wp-json\/wp\/v2\/product_cat?post=7587"},{"taxonomy":"product_tag","embeddable":true,"href":"https:\/\/everydaychemshop.com\/es\/wp-json\/wp\/v2\/product_tag?post=7587"}],"curies":[{"name":"wp","href":"https:\/\/api.w.org\/{rel}","templated":true}]}}