{"id":7590,"date":"2022-11-16T09:42:05","date_gmt":"2022-11-16T09:42:05","guid":{"rendered":"https:\/\/everydaychemshop.com\/es\/?post_type=product&#038;p=7590"},"modified":"2023-04-07T09:25:16","modified_gmt":"2023-04-07T09:25:16","slug":"comprar-pentobarbital-sodio-liquido-oral-online","status":"publish","type":"product","link":"https:\/\/everydaychemshop.com\/es\/product\/comprar-pentobarbital-sodio-liquido-oral-online\/","title":{"rendered":"Compre pentobarbital s\u00f3dico (l\u00edquido) (oral) en l\u00ednea"},"content":{"rendered":"<h1 class=\"tt\">Comprar pentobarbital s\u00f3dico oral en l\u00ednea<\/h1>\n<p><a href=\"https:\/\/everydaychemshop.com\/es\/product\/comprar-pentobarbital-sodio-liquido-oral-online\/\">Comprar pentobarbital s\u00f3dico oral en l\u00ednea<\/a>. NEMBUTAL Sodium Solution (inyecci\u00f3n de pentobarbital s\u00f3dico) es una soluci\u00f3n est\u00e9ril para inyecci\u00f3n intravenosa o intramuscular. Cada mL contiene pentobarbital s\u00f3dico 50 mg, en veh\u00edculo de propilenglicol al 40%, alcohol al 10% y agua para inyecci\u00f3n, a volumen. El pH se ajusta a aproximadamente 9,5 con \u00e1cido clorh\u00eddrico <a href=\"https:\/\/en.wikipedia.org\/wiki\/Pentobarbital\">y<\/a>\/o hidr\u00f3xido de sodio. Este medicamento se inyecta en un m\u00fasculo o una vena. Compre pentobarbital s\u00f3dico en l\u00ednea, pentobarbital para la eutanasia, grupo de pentobarbital s\u00f3dico, pentobarbital s\u00f3dico l\u00edquido, pentobarbital s\u00f3dico para la eutanasia animal.<\/p>\n<p>La compra de pentobarbital s\u00f3dico en l\u00ednea ahora es posible en Nembutal Group. Ahora puede solicitar la compra de la inyecci\u00f3n de pentobarbital s\u00f3dico y recibirla en su direcci\u00f3n dentro del plazo prometido. \u00a1Cont\u00e1ctanos ahora! Pentobarbital para la eutanasia, Pentobarbital s\u00f3dico l\u00edquido, Pentobarbital s\u00f3dico para la eutanasia animal,<\/p>\n<p class=\"tt\"><strong>\u00bfQu\u00e9 es el pentobarbital y sus usos?<\/strong><\/p>\n<p>El pentobarbital es un barbit\u00farico que act\u00faa como depresor o sedante, utilizado a corto plazo para tratar el insomnio. El pentobarbital tambi\u00e9n se usa como tratamiento de emergencia para las convulsiones y para hacer que los pacientes se duerman antes de la cirug\u00eda. Comprar pentobarbital s\u00f3dico online, Pentobarbital para eutanasia, Pentobarbital s\u00f3dico para eutanasia animal.<\/p>\n<p>En dosis altas, el pentobarbital provoca la muerte por paro respiratorio. Se utiliza para la eutanasia veterinaria y lo utilizan algunos estados de EE. UU. y el gobierno federal de EE. UU. para la ejecuci\u00f3n <a href=\"https:\/\/es.wikipedia.org\/wiki\/Pentobarbital\">de<\/a> delincuentes condenados. Compre pentobarbital s\u00f3dico en l\u00ednea<sup id=\"cite_ref-2\" class=\"reference\"><\/sup><\/p>\n<p>El pentobarbital puede causar la muerte cuando se usa en dosis altas. Se utiliza para la eutanasia tanto en humanos como en animales. Tambi\u00e9n se usa solo, o en combinaci\u00f3n con agentes complementarios como la fenito\u00edna, en soluciones inyectables comerciales para la eutanasia animal.<\/p>\n<p><strong>Pentobarbital para la eutanasia<\/strong><\/p>\n<p>Pentobarbital ( Nembutal) es un hipn\u00f3tico sedante barbit\u00farico de acci\u00f3n corta que se usa ampliamente en la pr\u00e1ctica veterinaria para la anestesia y la eutanasia. Tambi\u00e9n se recomienda como f\u00e1rmaco para la eutanasia o el suicidio asistido debido a su r\u00e1pido inicio del coma y la percepci\u00f3n de una muerte pac\u00edfica. Compre pentobarbital s\u00f3dico en l\u00ednea<\/p>\n<p><strong>\u00bfC\u00f3mo se administra el pentobarbital s\u00f3dico?<\/strong><\/p>\n<div id=\"_joT9X9rQHMb1gQa08rz4CA32\" class=\"gy6Qzb oNjtBb V1sL5c\" aria-labelledby=\"_joT9X9rQHMb1gQa08rz4CA33\">\n<div>\n<div id=\"_joT9X9rQHMb1gQa08rz4CA34\" class=\"y8URue\" data-hveid=\"CBEQDA\" data-ved=\"2ahUKEwjaz5v_oZbuAhXGesAKHTQ5D48Qu04oAXoECBEQDA\">\n<div class=\"mod\" data-md=\"61\">\n<div class=\" LGOjhe\" role=\"heading\" data-attrid=\"wa:\/description\" data-hveid=\"CAsQAA\"><span class=\"ILfuVd NA6bn\"><span class=\"hgKElc\">El pentobarbital se puede administrar por v\u00eda intraperitoneal o intravenosa. Cuando se usa como anest\u00e9sico general, el pentobarbital se puede administrar como un bolo (Borkowski et al., 1990) o CRI. Las soluciones comerciales suelen contener propilenglicol, que puede causar dolor al inyectarse y tromboflebitis. Comprar pentobarbital s\u00f3dico en l\u00ednea<\/span><\/span><\/div>\n<\/div>\n<\/div>\n<\/div>\n<\/div>\n<p>&nbsp;<\/p>\n","protected":false},"excerpt":{"rendered":"<p>La inyecci\u00f3n de pentobarbital s\u00f3dico es una soluci\u00f3n est\u00e9ril para inyecci\u00f3n intravenosa o intramuscular. Cada mL contiene pentobarbital s\u00f3dico 50 mg, en veh\u00edculo de propilenglicol al 40%, alcohol al 10% y agua para inyecci\u00f3n, a volumen. El pH se ajusta a aproximadamente 9,5 con \u00e1cido clorh\u00eddrico y\/o hidr\u00f3xido de sodio.<\/p>\n","protected":false},"featured_media":7628,"comment_status":"open","ping_status":"closed","template":"","meta":{"inline_featured_image":false},"product_brand":[],"product_cat":[58],"product_tag":[110,108,109,112,74,63,64,67,69,66,65,103,113,114,115,78,106,100,81,83,82,85,71,90,72,73,105,104,102,76,87,88,80,79,89,75,77,86,95,96,97,98,91,93,92,68,94,70,101,84,99,107,111],"class_list":{"0":"post-7590","1":"product","2":"type-product","3":"status-publish","4":"has-post-thumbnail","6":"product_cat-productos-nembutal","7":"product_tag-donde-puedo-comprar-pentobarbital-sodio-pastillas-para-dormir","8":"product_tag-donde-puedo-comprar-nembutal-pentobarbital-sdico","9":"product_tag-donde-puedo-comprar-pentobarbital-sodio","10":"product_tag-donde-se-puede-comprar-pentobarbital-sodio","11":"product_tag-pentobarbital-sodio-anestesia","12":"product_tag-buy-nembutal-pentobarbital-sodium","13":"product_tag-buy-pentobarbital-sodium","14":"product_tag-buy-sodium-pentobarbital-uk","15":"product_tag-can-you-buy-pentobarbital-sodium-over-the-counter","16":"product_tag-comprar-pentobarbital-sodio-pentobarbital-sodio-sal","17":"product_tag-comprar-pentobarbital-sodio-2021","18":"product_tag-sodio-pentobarbital-costo","19":"product_tag-donde-comprar-pentobarbital-sodio","20":"product_tag-donde-comprar-pentobarbital-sodio-para-perros","21":"product_tag-donde-conseguir-pentobarbital-sodio","22":"product_tag-dosificacin-de-pentobarbital-sdico","23":"product_tag-fabricantes-de-pentobarbital-sdico","24":"product_tag-fenobarbital-sdico-intravenoso","25":"product_tag-pentobarbital-sodium-group","26":"product_tag-inyeccin-de-pentobarbital-sdico-para-humanos","27":"product_tag-pentobarbital-sodio-inyeccion-para-perros","28":"product_tag-pentobarbital-sodio-inyeccion-usp","29":"product_tag-nembutal","30":"product_tag-pentobarbital-sodio-pastillas","31":"product_tag-pentobarbital","32":"product_tag-pentobarbital-de-sodio-dosis-letal","33":"product_tag-pentobarbital-sdico-para-la-eutanasia","34":"product_tag-pentobarbital-sdico-para-eutanasia-animal","35":"product_tag-sodio-pentobarbital-nembutal","36":"product_tag-pentobarbital-sodio-china","37":"product_tag-pentobarbital-sodium-nz","38":"product_tag-pentobarbital-sodio-oral","39":"product_tag-pentobarbital-sodio-para-humanos","40":"product_tag-pentobarbital-sodio-para-perros","41":"product_tag-pentobarbital-sodio-over-the-counter","42":"product_tag-pentobarbital-sodio-comprar","43":"product_tag-pentobarbital-sodio-muerte","44":"product_tag-pentobarbital-sodium-liquid","45":"product_tag-pentobarbital-sodium-sleeping-pills","46":"product_tag-pentobarbital-sodium-sleeping-pills-over-the-counter","47":"product_tag-pentobarbital-sodium-tablets","48":"product_tag-pentobarbital-sodium-where-to-buy","49":"product_tag-pentobarbital-sodio-polvo","50":"product_tag-pentobarbital-sodio-precio","51":"product_tag-recetan-de-pentobarbital-sdico","52":"product_tag-puedo-comprar-pentobarbital","53":"product_tag-pentobarbital-sodio-sal","54":"product_tag-puede-usted-comprar-pentobarbital-sodio","55":"product_tag-sodio","56":"product_tag-solucin-inyectable-de-pentobarbital-sdico","57":"product_tag-uso-de-pentobarbital","58":"product_tag-sodio-pentobarbital-vida-til","59":"product_tag-where-can-i-buy-sodium-pentobarbital","61":"first","62":"instock","63":"shipping-taxable","64":"purchasable","65":"product-type-variable","66":"has-default-attributes"},"yoast_head":"<!-- This site is optimized with the Yoast SEO Premium plugin v19.2 (Yoast SEO v27.3) - https:\/\/yoast.com\/product\/yoast-seo-premium-wordpress\/ -->\n<title>Comprar pentobarbital s\u00f3dico oral en l\u00ednea - Everyday Chem Shop<\/title>\n<meta name=\"description\" content=\"Comprar pentobarbital s\u00f3dico oral en l\u00ednea. Si est\u00e1 buscando c\u00f3mo comprar Pentobarbital Sodium l\u00edquido oral, entonces est\u00e1 en el lugar correcto para comprar Pentobarbital Sodium l\u00edquido oral en l\u00ednea.\" \/>\n<meta name=\"robots\" content=\"index, follow, max-snippet:-1, max-image-preview:large, max-video-preview:-1\" \/>\n<link rel=\"canonical\" href=\"https:\/\/everydaychemshop.com\/es\/product\/comprar-pentobarbital-sodio-liquido-oral-online\/\" \/>\n<meta property=\"og:locale\" content=\"en_US\" \/>\n<meta property=\"og:type\" content=\"article\" \/>\n<meta property=\"og:title\" content=\"Compre pentobarbital s\u00f3dico (l\u00edquido) (oral) en l\u00ednea\" \/>\n<meta property=\"og:description\" content=\"Comprar pentobarbital s\u00f3dico oral en l\u00ednea. Si est\u00e1 buscando c\u00f3mo comprar Pentobarbital Sodium l\u00edquido oral, entonces est\u00e1 en el lugar correcto para comprar Pentobarbital Sodium l\u00edquido oral en l\u00ednea.\" \/>\n<meta property=\"og:url\" content=\"https:\/\/everydaychemshop.com\/es\/product\/comprar-pentobarbital-sodio-liquido-oral-online\/\" \/>\n<meta property=\"og:site_name\" content=\"Everyday Chem Shop\" \/>\n<meta property=\"article:modified_time\" content=\"2023-04-07T09:25:16+00:00\" \/>\n<meta property=\"og:image\" content=\"https:\/\/everydaychemshop.com\/es\/wp-content\/uploads\/sites\/4\/2022\/11\/Pentobarbital-sodium.jpg\" \/>\n\t<meta property=\"og:image:width\" content=\"600\" \/>\n\t<meta property=\"og:image:height\" content=\"600\" \/>\n\t<meta property=\"og:image:type\" content=\"image\/jpeg\" \/>\n<meta name=\"twitter:card\" content=\"summary_large_image\" \/>\n<meta name=\"twitter:label1\" content=\"Est. reading time\" \/>\n\t<meta name=\"twitter:data1\" content=\"2 minutes\" \/>\n<script type=\"application\/ld+json\" class=\"yoast-schema-graph\">{\"@context\":\"https:\\\/\\\/schema.org\",\"@graph\":[{\"@type\":\"WebPage\",\"@id\":\"https:\\\/\\\/everydaychemshop.com\\\/es\\\/product\\\/comprar-pentobarbital-sodio-liquido-oral-online\\\/\",\"url\":\"https:\\\/\\\/everydaychemshop.com\\\/es\\\/product\\\/comprar-pentobarbital-sodio-liquido-oral-online\\\/\",\"name\":\"Comprar pentobarbital s\u00f3dico oral en l\u00ednea - Everyday Chem Shop\",\"isPartOf\":{\"@id\":\"https:\\\/\\\/everydaychemshop.com\\\/es\\\/#website\"},\"primaryImageOfPage\":{\"@id\":\"https:\\\/\\\/everydaychemshop.com\\\/es\\\/product\\\/comprar-pentobarbital-sodio-liquido-oral-online\\\/#primaryimage\"},\"image\":{\"@id\":\"https:\\\/\\\/everydaychemshop.com\\\/es\\\/product\\\/comprar-pentobarbital-sodio-liquido-oral-online\\\/#primaryimage\"},\"thumbnailUrl\":\"https:\\\/\\\/everydaychemshop.com\\\/es\\\/wp-content\\\/uploads\\\/sites\\\/4\\\/2022\\\/11\\\/Pentobarbital-sodium.jpg\",\"datePublished\":\"2022-11-16T09:42:05+00:00\",\"dateModified\":\"2023-04-07T09:25:16+00:00\",\"description\":\"Comprar pentobarbital s\u00f3dico oral en l\u00ednea. Si est\u00e1 buscando c\u00f3mo comprar Pentobarbital Sodium l\u00edquido oral, entonces est\u00e1 en el lugar correcto para comprar Pentobarbital Sodium l\u00edquido oral en l\u00ednea.\",\"breadcrumb\":{\"@id\":\"https:\\\/\\\/everydaychemshop.com\\\/es\\\/product\\\/comprar-pentobarbital-sodio-liquido-oral-online\\\/#breadcrumb\"},\"inLanguage\":\"en-US\",\"potentialAction\":[{\"@type\":\"ReadAction\",\"target\":[\"https:\\\/\\\/everydaychemshop.com\\\/es\\\/product\\\/comprar-pentobarbital-sodio-liquido-oral-online\\\/\"]}]},{\"@type\":\"ImageObject\",\"inLanguage\":\"en-US\",\"@id\":\"https:\\\/\\\/everydaychemshop.com\\\/es\\\/product\\\/comprar-pentobarbital-sodio-liquido-oral-online\\\/#primaryimage\",\"url\":\"https:\\\/\\\/everydaychemshop.com\\\/es\\\/wp-content\\\/uploads\\\/sites\\\/4\\\/2022\\\/11\\\/Pentobarbital-sodium.jpg\",\"contentUrl\":\"https:\\\/\\\/everydaychemshop.com\\\/es\\\/wp-content\\\/uploads\\\/sites\\\/4\\\/2022\\\/11\\\/Pentobarbital-sodium.jpg\",\"width\":600,\"height\":600,\"caption\":\"Comprar pentobarbital s\u00f3dico oral en l\u00ednea\"},{\"@type\":\"BreadcrumbList\",\"@id\":\"https:\\\/\\\/everydaychemshop.com\\\/es\\\/product\\\/comprar-pentobarbital-sodio-liquido-oral-online\\\/#breadcrumb\",\"itemListElement\":[{\"@type\":\"ListItem\",\"position\":1,\"name\":\"Home\",\"item\":\"https:\\\/\\\/everydaychemshop.com\\\/es\\\/\"},{\"@type\":\"ListItem\",\"position\":2,\"name\":\"Productos\",\"item\":\"https:\\\/\\\/everydaychemshop.com\\\/es\\\/productos\\\/\"},{\"@type\":\"ListItem\",\"position\":3,\"name\":\"Compre pentobarbital s\u00f3dico (l\u00edquido) (oral) en l\u00ednea\"}]},{\"@type\":\"WebSite\",\"@id\":\"https:\\\/\\\/everydaychemshop.com\\\/es\\\/#website\",\"url\":\"https:\\\/\\\/everydaychemshop.com\\\/es\\\/\",\"name\":\"Everyday Chem Shop\",\"description\":\"\",\"potentialAction\":[{\"@type\":\"SearchAction\",\"target\":{\"@type\":\"EntryPoint\",\"urlTemplate\":\"https:\\\/\\\/everydaychemshop.com\\\/es\\\/?s={search_term_string}\"},\"query-input\":{\"@type\":\"PropertyValueSpecification\",\"valueRequired\":true,\"valueName\":\"search_term_string\"}}],\"inLanguage\":\"en-US\"}]}<\/script>\n<!-- \/ Yoast SEO Premium plugin. -->","yoast_head_json":{"title":"Comprar pentobarbital s\u00f3dico oral en l\u00ednea - Everyday Chem Shop","description":"Comprar pentobarbital s\u00f3dico oral en l\u00ednea. Si est\u00e1 buscando c\u00f3mo comprar Pentobarbital Sodium l\u00edquido oral, entonces est\u00e1 en el lugar correcto para comprar Pentobarbital Sodium l\u00edquido oral en l\u00ednea.","robots":{"index":"index","follow":"follow","max-snippet":"max-snippet:-1","max-image-preview":"max-image-preview:large","max-video-preview":"max-video-preview:-1"},"canonical":"https:\/\/everydaychemshop.com\/es\/product\/comprar-pentobarbital-sodio-liquido-oral-online\/","og_locale":"en_US","og_type":"article","og_title":"Compre pentobarbital s\u00f3dico (l\u00edquido) (oral) en l\u00ednea","og_description":"Comprar pentobarbital s\u00f3dico oral en l\u00ednea. Si est\u00e1 buscando c\u00f3mo comprar Pentobarbital Sodium l\u00edquido oral, entonces est\u00e1 en el lugar correcto para comprar Pentobarbital Sodium l\u00edquido oral en l\u00ednea.","og_url":"https:\/\/everydaychemshop.com\/es\/product\/comprar-pentobarbital-sodio-liquido-oral-online\/","og_site_name":"Everyday Chem Shop","article_modified_time":"2023-04-07T09:25:16+00:00","og_image":[{"width":600,"height":600,"url":"https:\/\/everydaychemshop.com\/es\/wp-content\/uploads\/sites\/4\/2022\/11\/Pentobarbital-sodium.jpg","type":"image\/jpeg"}],"twitter_card":"summary_large_image","twitter_misc":{"Est. reading time":"2 minutes"},"schema":{"@context":"https:\/\/schema.org","@graph":[{"@type":"WebPage","@id":"https:\/\/everydaychemshop.com\/es\/product\/comprar-pentobarbital-sodio-liquido-oral-online\/","url":"https:\/\/everydaychemshop.com\/es\/product\/comprar-pentobarbital-sodio-liquido-oral-online\/","name":"Comprar pentobarbital s\u00f3dico oral en l\u00ednea - Everyday Chem Shop","isPartOf":{"@id":"https:\/\/everydaychemshop.com\/es\/#website"},"primaryImageOfPage":{"@id":"https:\/\/everydaychemshop.com\/es\/product\/comprar-pentobarbital-sodio-liquido-oral-online\/#primaryimage"},"image":{"@id":"https:\/\/everydaychemshop.com\/es\/product\/comprar-pentobarbital-sodio-liquido-oral-online\/#primaryimage"},"thumbnailUrl":"https:\/\/everydaychemshop.com\/es\/wp-content\/uploads\/sites\/4\/2022\/11\/Pentobarbital-sodium.jpg","datePublished":"2022-11-16T09:42:05+00:00","dateModified":"2023-04-07T09:25:16+00:00","description":"Comprar pentobarbital s\u00f3dico oral en l\u00ednea. Si est\u00e1 buscando c\u00f3mo comprar Pentobarbital Sodium l\u00edquido oral, entonces est\u00e1 en el lugar correcto para comprar Pentobarbital Sodium l\u00edquido oral en l\u00ednea.","breadcrumb":{"@id":"https:\/\/everydaychemshop.com\/es\/product\/comprar-pentobarbital-sodio-liquido-oral-online\/#breadcrumb"},"inLanguage":"en-US","potentialAction":[{"@type":"ReadAction","target":["https:\/\/everydaychemshop.com\/es\/product\/comprar-pentobarbital-sodio-liquido-oral-online\/"]}]},{"@type":"ImageObject","inLanguage":"en-US","@id":"https:\/\/everydaychemshop.com\/es\/product\/comprar-pentobarbital-sodio-liquido-oral-online\/#primaryimage","url":"https:\/\/everydaychemshop.com\/es\/wp-content\/uploads\/sites\/4\/2022\/11\/Pentobarbital-sodium.jpg","contentUrl":"https:\/\/everydaychemshop.com\/es\/wp-content\/uploads\/sites\/4\/2022\/11\/Pentobarbital-sodium.jpg","width":600,"height":600,"caption":"Comprar pentobarbital s\u00f3dico oral en l\u00ednea"},{"@type":"BreadcrumbList","@id":"https:\/\/everydaychemshop.com\/es\/product\/comprar-pentobarbital-sodio-liquido-oral-online\/#breadcrumb","itemListElement":[{"@type":"ListItem","position":1,"name":"Home","item":"https:\/\/everydaychemshop.com\/es\/"},{"@type":"ListItem","position":2,"name":"Productos","item":"https:\/\/everydaychemshop.com\/es\/productos\/"},{"@type":"ListItem","position":3,"name":"Compre pentobarbital s\u00f3dico (l\u00edquido) (oral) en l\u00ednea"}]},{"@type":"WebSite","@id":"https:\/\/everydaychemshop.com\/es\/#website","url":"https:\/\/everydaychemshop.com\/es\/","name":"Everyday Chem Shop","description":"","potentialAction":[{"@type":"SearchAction","target":{"@type":"EntryPoint","urlTemplate":"https:\/\/everydaychemshop.com\/es\/?s={search_term_string}"},"query-input":{"@type":"PropertyValueSpecification","valueRequired":true,"valueName":"search_term_string"}}],"inLanguage":"en-US"}]}},"_links":{"self":[{"href":"https:\/\/everydaychemshop.com\/es\/wp-json\/wp\/v2\/product\/7590","targetHints":{"allow":["GET"]}}],"collection":[{"href":"https:\/\/everydaychemshop.com\/es\/wp-json\/wp\/v2\/product"}],"about":[{"href":"https:\/\/everydaychemshop.com\/es\/wp-json\/wp\/v2\/types\/product"}],"replies":[{"embeddable":true,"href":"https:\/\/everydaychemshop.com\/es\/wp-json\/wp\/v2\/comments?post=7590"}],"wp:featuredmedia":[{"embeddable":true,"href":"https:\/\/everydaychemshop.com\/es\/wp-json\/wp\/v2\/media\/7628"}],"wp:attachment":[{"href":"https:\/\/everydaychemshop.com\/es\/wp-json\/wp\/v2\/media?parent=7590"}],"wp:term":[{"taxonomy":"product_brand","embeddable":true,"href":"https:\/\/everydaychemshop.com\/es\/wp-json\/wp\/v2\/product_brand?post=7590"},{"taxonomy":"product_cat","embeddable":true,"href":"https:\/\/everydaychemshop.com\/es\/wp-json\/wp\/v2\/product_cat?post=7590"},{"taxonomy":"product_tag","embeddable":true,"href":"https:\/\/everydaychemshop.com\/es\/wp-json\/wp\/v2\/product_tag?post=7590"}],"curies":[{"name":"wp","href":"https:\/\/api.w.org\/{rel}","templated":true}]}}