{"id":7634,"date":"2022-11-16T09:43:11","date_gmt":"2022-11-16T09:43:11","guid":{"rendered":"https:\/\/everydaychemshop.com\/es\/?post_type=product&#038;p=7634"},"modified":"2023-04-07T09:22:53","modified_gmt":"2023-04-07T09:22:53","slug":"comprar-fenobarbital-fenobarbital-luminal","status":"publish","type":"product","link":"https:\/\/everydaychemshop.com\/es\/product\/comprar-fenobarbital-fenobarbital-luminal\/","title":{"rendered":"Comprar Fenobarbital (Fenobarbital) \/ Luminal"},"content":{"rendered":"<h1 class=\"tt\">Compre pastillas de fenobarbital en l\u00ednea<\/h1>\n<p><a href=\"https:\/\/everydaychemshop.com\/es\/product\/comprar-fenobarbital-fenobarbital-luminal\/\">Compre pastillas de fenobarbital en l\u00ednea<\/a>. Everyday Chem Shop es una farmacia confiable que <a href=\"https:\/\/en.wikipedia.org\/wiki\/Phenobarbital\">ayuda<\/a> a las personas a recibir sus medicamentos y medicamentos de manera conveniente. Si est\u00e1 dispuesto a comprar fenobarbital Luminal en l\u00ednea, no pierda la oportunidad de visitarnos en l\u00ednea. Estamos vendiendo este medicamento a precios asequibles aqu\u00ed.<\/p>\n<p>Nuestra farmacia en l\u00ednea ha sido consistente en brindar a los clientes medicamentos de primera calidad. Todos los medicamentos se entregan aqu\u00ed dentro del tiempo asignado a los clientes. No consideramos ning\u00fan retraso en nuestro trabajo y somos r\u00e1pidos con cada procesamiento. Si est\u00e1 buscando una farmacia en l\u00ednea como <a href=\"https:\/\/es.wikipedia.org\/wiki\/Fenobarbital\">nosotros<\/a>, con\u00e9ctese con nosotros hoy mismo y ordene Fenobarbital Luminal en l\u00ednea al mejor precio y rec\u00edbalo pronto.<\/p>\n<h3 class=\"tt\">\u00bfC\u00f3mo podemos ayudarlo de manera segura? \u00bfUtiliza Phenobarbital Luminal?<\/h3>\n<p>Phenobarbital Luminal es un f\u00e1rmaco eficaz que se usa ampliamente para controlar ciertos tipos de convulsiones. Tambi\u00e9n puede usar este medicamento para el tratamiento de la ansiedad, los problemas para dormir y otros. Es muy importante que hable con su m\u00e9dico antes de usar este medicamento. Hable con su m\u00e9dico para obtener detalles completos y luego comience el medicamento con Fenobarbital Luminal.<\/p>\n<p>Nuestra farmacia en l\u00ednea brinda una gu\u00eda de medicamentos junto con todos los productos. Por lo tanto, puede seguir las instrucciones y hacer uso de este medicamento de manera segura. Estamos aqu\u00ed para ayudarlo a comprar Fenobarbital Luminal en l\u00ednea de una manera f\u00e1cil. Comun\u00edquese con nosotros hoy y aproveche los beneficios de este medicamento. Estamos aqu\u00ed para servirle con un apoyo constante.<\/p>\n<p><strong>\u00bfSabe d\u00f3nde comprar fenobarbital Luminal en l\u00ednea?<\/strong><\/p>\n<p>Fenobarbital Luminal a la venta, fenobarbital Luminal valor en la calle , dosis de Fenobarbital Luminal, c\u00f3mo hacer Fenobarbital Luminal, d\u00f3nde puedo comprar Fenobarbital Luminal en l\u00ednea, d\u00f3nde obtener Fenobarbital Luminal en l\u00ednea, qu\u00e9 es Fenobarbital Luminal, Fenobarbital Luminal de primera calidad a la venta. Todas estas preguntas sin respuesta pueden obtener sus respuestas a trav\u00e9s de nosotros. Solo necesita visitar nuestro sitio web y obtendr\u00e1 las respuestas sobre c\u00f3mo y d\u00f3nde puede comprar Fenobarbital Luminal en l\u00ednea.<\/p>\n<p>\u00bfQu\u00e9 pasa con Fenobarbital Luminal? \u00bfSabe tambi\u00e9n d\u00f3nde conseguir fenobarbital a la venta en l\u00ednea? comprar fenobarbital luminal fenobarbital luminal a la venta, c\u00f3mo hacer fenobarbital luminal, c\u00f3mo se ve fenobarbital luminal, precio de calle de fenobarbital luminal, precio de fenobarbital luminal, d\u00f3nde comprar fenobarbital luminal, fenobarbital puro, d\u00f3nde puedo comprar fenobarbital luminal en l\u00ednea, polvo de fentanilo en polvo proveedores, compre Fenobarbital Luminal puro en l\u00ednea.<\/p>\n<p>Fenobarbital Luminal de buena calidad en l\u00ednea en l\u00ednea: Se entiende completamente que las personas no conf\u00edan r\u00e1pidamente en la calidad del Fenobarbital Luminal en l\u00ednea que se vende en l\u00ednea porque no pueden examinarlo f\u00edsicamente. Pero no es lo mismo con los proveedores online de Phenobarbital Luminal Online. Los productos aqu\u00ed son fieles a su descripci\u00f3n con un mantenimiento de alta calidad realizado bajo la supervisi\u00f3n de expertos.<\/p>\n<p>Fast &amp; Env\u00edo discreto: La entrega del Fenobarbital Luminal en l\u00ednea despu\u00e9s de recibir el pedido se realiza dentro del plazo prometido. El equipo de env\u00edo pone todo su esfuerzo en hacer que el proceso de env\u00edo y entrega sea fluido y r\u00e1pido. Tambi\u00e9n puede esperar excelentes servicios al comprar Fenobarbital Luminal en l\u00ednea del profesional en la plataforma en l\u00ednea.<\/p>\n","protected":false},"excerpt":{"rendered":"<p><strong>\u00bfD\u00f3nde puedo comprar Fenobarbital Luminal al mejor precio?<\/strong><\/p>\n<p>Ahora puede realizar la compra de Fenobarbital Luminal en la Farmacia Online Nembutal. Su pedido a Phenobarbital Luminal para la venta se completar\u00e1 en el menor tiempo posible. Todo lo que necesita hacer es llamarnos, enviarnos un mensaje de texto o enviarnos un correo electr\u00f3nico hoy y recibir sus medicamentos pronto. \u00a1Con\u00e9ctate ahora!<\/p>\n","protected":false},"featured_media":7660,"comment_status":"closed","ping_status":"closed","template":"","meta":{"inline_featured_image":false},"product_brand":[],"product_cat":[58],"product_tag":[],"class_list":{"0":"post-7634","1":"product","2":"type-product","3":"status-publish","4":"has-post-thumbnail","6":"product_cat-productos-nembutal","8":"first","9":"instock","10":"shipping-taxable","11":"purchasable","12":"product-type-variable","13":"has-default-attributes"},"yoast_head":"<!-- This site is optimized with the Yoast SEO Premium plugin v19.2 (Yoast SEO v27.3) - https:\/\/yoast.com\/product\/yoast-seo-premium-wordpress\/ -->\n<title>Compre pastillas de fenobarbital en l\u00ednea - Everyday Chem Shop<\/title>\n<meta name=\"description\" content=\"Compre pastillas de fenobarbital en l\u00ednea. Si est\u00e1 buscando c\u00f3mo comprar Fenobarbital Luminal en l\u00ednea, entonces est\u00e1 en el lugar correcto para comprar Fenobarbital Luminal en l\u00ednea.\" \/>\n<meta name=\"robots\" content=\"index, follow, max-snippet:-1, max-image-preview:large, max-video-preview:-1\" \/>\n<link rel=\"canonical\" href=\"https:\/\/everydaychemshop.com\/es\/product\/comprar-fenobarbital-fenobarbital-luminal\/\" \/>\n<meta property=\"og:locale\" content=\"en_US\" \/>\n<meta property=\"og:type\" content=\"article\" \/>\n<meta property=\"og:title\" content=\"Comprar Fenobarbital (Fenobarbital) \/ Luminal\" \/>\n<meta property=\"og:description\" content=\"Compre pastillas de fenobarbital en l\u00ednea. Si est\u00e1 buscando c\u00f3mo comprar Fenobarbital Luminal en l\u00ednea, entonces est\u00e1 en el lugar correcto para comprar Fenobarbital Luminal en l\u00ednea.\" \/>\n<meta property=\"og:url\" content=\"https:\/\/everydaychemshop.com\/es\/product\/comprar-fenobarbital-fenobarbital-luminal\/\" \/>\n<meta property=\"og:site_name\" content=\"Everyday Chem Shop\" \/>\n<meta property=\"article:modified_time\" content=\"2023-04-07T09:22:53+00:00\" \/>\n<meta property=\"og:image\" content=\"https:\/\/everydaychemshop.com\/es\/wp-content\/uploads\/sites\/4\/2022\/11\/PhenobarbitalLuminal.jpg\" \/>\n\t<meta property=\"og:image:width\" content=\"600\" \/>\n\t<meta property=\"og:image:height\" content=\"600\" \/>\n\t<meta property=\"og:image:type\" content=\"image\/jpeg\" \/>\n<meta name=\"twitter:card\" content=\"summary_large_image\" \/>\n<meta name=\"twitter:label1\" content=\"Est. reading time\" \/>\n\t<meta name=\"twitter:data1\" content=\"3 minutes\" \/>\n<script type=\"application\/ld+json\" class=\"yoast-schema-graph\">{\"@context\":\"https:\\\/\\\/schema.org\",\"@graph\":[{\"@type\":\"WebPage\",\"@id\":\"https:\\\/\\\/everydaychemshop.com\\\/es\\\/product\\\/comprar-fenobarbital-fenobarbital-luminal\\\/\",\"url\":\"https:\\\/\\\/everydaychemshop.com\\\/es\\\/product\\\/comprar-fenobarbital-fenobarbital-luminal\\\/\",\"name\":\"Compre pastillas de fenobarbital en l\u00ednea - Everyday Chem Shop\",\"isPartOf\":{\"@id\":\"https:\\\/\\\/everydaychemshop.com\\\/es\\\/#website\"},\"primaryImageOfPage\":{\"@id\":\"https:\\\/\\\/everydaychemshop.com\\\/es\\\/product\\\/comprar-fenobarbital-fenobarbital-luminal\\\/#primaryimage\"},\"image\":{\"@id\":\"https:\\\/\\\/everydaychemshop.com\\\/es\\\/product\\\/comprar-fenobarbital-fenobarbital-luminal\\\/#primaryimage\"},\"thumbnailUrl\":\"https:\\\/\\\/everydaychemshop.com\\\/es\\\/wp-content\\\/uploads\\\/sites\\\/4\\\/2022\\\/11\\\/PhenobarbitalLuminal.jpg\",\"datePublished\":\"2022-11-16T09:43:11+00:00\",\"dateModified\":\"2023-04-07T09:22:53+00:00\",\"description\":\"Compre pastillas de fenobarbital en l\u00ednea. Si est\u00e1 buscando c\u00f3mo comprar Fenobarbital Luminal en l\u00ednea, entonces est\u00e1 en el lugar correcto para comprar Fenobarbital Luminal en l\u00ednea.\",\"breadcrumb\":{\"@id\":\"https:\\\/\\\/everydaychemshop.com\\\/es\\\/product\\\/comprar-fenobarbital-fenobarbital-luminal\\\/#breadcrumb\"},\"inLanguage\":\"en-US\",\"potentialAction\":[{\"@type\":\"ReadAction\",\"target\":[\"https:\\\/\\\/everydaychemshop.com\\\/es\\\/product\\\/comprar-fenobarbital-fenobarbital-luminal\\\/\"]}]},{\"@type\":\"ImageObject\",\"inLanguage\":\"en-US\",\"@id\":\"https:\\\/\\\/everydaychemshop.com\\\/es\\\/product\\\/comprar-fenobarbital-fenobarbital-luminal\\\/#primaryimage\",\"url\":\"https:\\\/\\\/everydaychemshop.com\\\/es\\\/wp-content\\\/uploads\\\/sites\\\/4\\\/2022\\\/11\\\/PhenobarbitalLuminal.jpg\",\"contentUrl\":\"https:\\\/\\\/everydaychemshop.com\\\/es\\\/wp-content\\\/uploads\\\/sites\\\/4\\\/2022\\\/11\\\/PhenobarbitalLuminal.jpg\",\"width\":600,\"height\":600,\"caption\":\"Compre pastillas de fenobarbital en l\u00ednea\"},{\"@type\":\"BreadcrumbList\",\"@id\":\"https:\\\/\\\/everydaychemshop.com\\\/es\\\/product\\\/comprar-fenobarbital-fenobarbital-luminal\\\/#breadcrumb\",\"itemListElement\":[{\"@type\":\"ListItem\",\"position\":1,\"name\":\"Home\",\"item\":\"https:\\\/\\\/everydaychemshop.com\\\/es\\\/\"},{\"@type\":\"ListItem\",\"position\":2,\"name\":\"Productos\",\"item\":\"https:\\\/\\\/everydaychemshop.com\\\/es\\\/productos\\\/\"},{\"@type\":\"ListItem\",\"position\":3,\"name\":\"Comprar Fenobarbital (Fenobarbital) \\\/ Luminal\"}]},{\"@type\":\"WebSite\",\"@id\":\"https:\\\/\\\/everydaychemshop.com\\\/es\\\/#website\",\"url\":\"https:\\\/\\\/everydaychemshop.com\\\/es\\\/\",\"name\":\"Everyday Chem Shop\",\"description\":\"\",\"potentialAction\":[{\"@type\":\"SearchAction\",\"target\":{\"@type\":\"EntryPoint\",\"urlTemplate\":\"https:\\\/\\\/everydaychemshop.com\\\/es\\\/?s={search_term_string}\"},\"query-input\":{\"@type\":\"PropertyValueSpecification\",\"valueRequired\":true,\"valueName\":\"search_term_string\"}}],\"inLanguage\":\"en-US\"}]}<\/script>\n<!-- \/ Yoast SEO Premium plugin. -->","yoast_head_json":{"title":"Compre pastillas de fenobarbital en l\u00ednea - Everyday Chem Shop","description":"Compre pastillas de fenobarbital en l\u00ednea. Si est\u00e1 buscando c\u00f3mo comprar Fenobarbital Luminal en l\u00ednea, entonces est\u00e1 en el lugar correcto para comprar Fenobarbital Luminal en l\u00ednea.","robots":{"index":"index","follow":"follow","max-snippet":"max-snippet:-1","max-image-preview":"max-image-preview:large","max-video-preview":"max-video-preview:-1"},"canonical":"https:\/\/everydaychemshop.com\/es\/product\/comprar-fenobarbital-fenobarbital-luminal\/","og_locale":"en_US","og_type":"article","og_title":"Comprar Fenobarbital (Fenobarbital) \/ Luminal","og_description":"Compre pastillas de fenobarbital en l\u00ednea. Si est\u00e1 buscando c\u00f3mo comprar Fenobarbital Luminal en l\u00ednea, entonces est\u00e1 en el lugar correcto para comprar Fenobarbital Luminal en l\u00ednea.","og_url":"https:\/\/everydaychemshop.com\/es\/product\/comprar-fenobarbital-fenobarbital-luminal\/","og_site_name":"Everyday Chem Shop","article_modified_time":"2023-04-07T09:22:53+00:00","og_image":[{"width":600,"height":600,"url":"https:\/\/everydaychemshop.com\/es\/wp-content\/uploads\/sites\/4\/2022\/11\/PhenobarbitalLuminal.jpg","type":"image\/jpeg"}],"twitter_card":"summary_large_image","twitter_misc":{"Est. reading time":"3 minutes"},"schema":{"@context":"https:\/\/schema.org","@graph":[{"@type":"WebPage","@id":"https:\/\/everydaychemshop.com\/es\/product\/comprar-fenobarbital-fenobarbital-luminal\/","url":"https:\/\/everydaychemshop.com\/es\/product\/comprar-fenobarbital-fenobarbital-luminal\/","name":"Compre pastillas de fenobarbital en l\u00ednea - Everyday Chem Shop","isPartOf":{"@id":"https:\/\/everydaychemshop.com\/es\/#website"},"primaryImageOfPage":{"@id":"https:\/\/everydaychemshop.com\/es\/product\/comprar-fenobarbital-fenobarbital-luminal\/#primaryimage"},"image":{"@id":"https:\/\/everydaychemshop.com\/es\/product\/comprar-fenobarbital-fenobarbital-luminal\/#primaryimage"},"thumbnailUrl":"https:\/\/everydaychemshop.com\/es\/wp-content\/uploads\/sites\/4\/2022\/11\/PhenobarbitalLuminal.jpg","datePublished":"2022-11-16T09:43:11+00:00","dateModified":"2023-04-07T09:22:53+00:00","description":"Compre pastillas de fenobarbital en l\u00ednea. Si est\u00e1 buscando c\u00f3mo comprar Fenobarbital Luminal en l\u00ednea, entonces est\u00e1 en el lugar correcto para comprar Fenobarbital Luminal en l\u00ednea.","breadcrumb":{"@id":"https:\/\/everydaychemshop.com\/es\/product\/comprar-fenobarbital-fenobarbital-luminal\/#breadcrumb"},"inLanguage":"en-US","potentialAction":[{"@type":"ReadAction","target":["https:\/\/everydaychemshop.com\/es\/product\/comprar-fenobarbital-fenobarbital-luminal\/"]}]},{"@type":"ImageObject","inLanguage":"en-US","@id":"https:\/\/everydaychemshop.com\/es\/product\/comprar-fenobarbital-fenobarbital-luminal\/#primaryimage","url":"https:\/\/everydaychemshop.com\/es\/wp-content\/uploads\/sites\/4\/2022\/11\/PhenobarbitalLuminal.jpg","contentUrl":"https:\/\/everydaychemshop.com\/es\/wp-content\/uploads\/sites\/4\/2022\/11\/PhenobarbitalLuminal.jpg","width":600,"height":600,"caption":"Compre pastillas de fenobarbital en l\u00ednea"},{"@type":"BreadcrumbList","@id":"https:\/\/everydaychemshop.com\/es\/product\/comprar-fenobarbital-fenobarbital-luminal\/#breadcrumb","itemListElement":[{"@type":"ListItem","position":1,"name":"Home","item":"https:\/\/everydaychemshop.com\/es\/"},{"@type":"ListItem","position":2,"name":"Productos","item":"https:\/\/everydaychemshop.com\/es\/productos\/"},{"@type":"ListItem","position":3,"name":"Comprar Fenobarbital (Fenobarbital) \/ Luminal"}]},{"@type":"WebSite","@id":"https:\/\/everydaychemshop.com\/es\/#website","url":"https:\/\/everydaychemshop.com\/es\/","name":"Everyday Chem Shop","description":"","potentialAction":[{"@type":"SearchAction","target":{"@type":"EntryPoint","urlTemplate":"https:\/\/everydaychemshop.com\/es\/?s={search_term_string}"},"query-input":{"@type":"PropertyValueSpecification","valueRequired":true,"valueName":"search_term_string"}}],"inLanguage":"en-US"}]}},"_links":{"self":[{"href":"https:\/\/everydaychemshop.com\/es\/wp-json\/wp\/v2\/product\/7634","targetHints":{"allow":["GET"]}}],"collection":[{"href":"https:\/\/everydaychemshop.com\/es\/wp-json\/wp\/v2\/product"}],"about":[{"href":"https:\/\/everydaychemshop.com\/es\/wp-json\/wp\/v2\/types\/product"}],"replies":[{"embeddable":true,"href":"https:\/\/everydaychemshop.com\/es\/wp-json\/wp\/v2\/comments?post=7634"}],"wp:featuredmedia":[{"embeddable":true,"href":"https:\/\/everydaychemshop.com\/es\/wp-json\/wp\/v2\/media\/7660"}],"wp:attachment":[{"href":"https:\/\/everydaychemshop.com\/es\/wp-json\/wp\/v2\/media?parent=7634"}],"wp:term":[{"taxonomy":"product_brand","embeddable":true,"href":"https:\/\/everydaychemshop.com\/es\/wp-json\/wp\/v2\/product_brand?post=7634"},{"taxonomy":"product_cat","embeddable":true,"href":"https:\/\/everydaychemshop.com\/es\/wp-json\/wp\/v2\/product_cat?post=7634"},{"taxonomy":"product_tag","embeddable":true,"href":"https:\/\/everydaychemshop.com\/es\/wp-json\/wp\/v2\/product_tag?post=7634"}],"curies":[{"name":"wp","href":"https:\/\/api.w.org\/{rel}","templated":true}]}}