{"id":7648,"date":"2022-11-16T09:43:14","date_gmt":"2022-11-16T09:43:14","guid":{"rendered":"https:\/\/everydaychemshop.com\/es\/?post_type=product&#038;p=7648"},"modified":"2023-04-07T09:18:34","modified_gmt":"2023-04-07T09:18:34","slug":"comprar-pastillas-xanax-online","status":"publish","type":"product","link":"https:\/\/everydaychemshop.com\/es\/product\/comprar-pastillas-xanax-online\/","title":{"rendered":"Pastillas Xanax"},"content":{"rendered":"<h1>Comprar pastillas Xanax en l\u00ednea<\/h1>\n<p><a href=\"https:\/\/everydaychemshop.com\/es\/product\/comprar-pastillas-xanax-online\/\">Comprar pastillas Xanax en l\u00ednea<\/a>, Xanax, tambi\u00e9n llamado Aprazolam, es un medicamento del tipo de las benzodiazepinas <a href=\"https:\/\/en.wikipedia.org\/wiki\/Alprazolam\">utilizado<\/a> para aliviar las manifestaciones relacionadas con la tensi\u00f3n y los ataques de ansiedad. como miseria, PMS (condici\u00f3n premenstrual), ciertos miedos y convulsiones. XANAX est\u00e1 demostrado para el tratamiento de problemas de nerviosismo y el alivio temporal de los efectos secundarios del malestar en adultos. XANAX tambi\u00e9n est\u00e1 demostrado para el tratamiento del problema del frenes\u00ed en adultos con o sin temor a las manchas y situaciones que pueden <a href=\"https:\/\/es.wikipedia.org\/wiki\/Alprazolam\">causar<\/a> frenes\u00ed, indefensi\u00f3n o verg\u00fcenza (agorafobia). Compre pastillas de Xanax en la web<\/p>\n<p>\u00bfEs correcto decir que est\u00e1 experimentando tormentos? Actualmente puede obtener sus medicamentos contra el dolor desde la comodidad de su hogar u oficina, vendemos las mejores pastillas para el dolor cl\u00ednico para ayudar con el dolor y muchas otras enfermedades, como incluir; xanax, oxycontin, oxicodona, dilaudid, demerol, metadona (dolophine, metadosa), roxycodone, diazepam, ritalin, percocet, concerta, tramadol, adderall, hidrocodona, morfina. Tenemos un r\u00e9cord del 100% en transmisiones fruct\u00edferas. Comprar pastillas Xanax en la web<\/p>\n<p>Disponemos de medicamentos para el tratamiento de dolores cr\u00f3nicos de espalda, hacha, nerviosismo, problema de alarma, des\u00e1nimo, disfunci\u00f3n er\u00e9ctil, disfunci\u00f3n sexual, narcolepsia, corpulencia, miseria, cansancio, suplemento para adelgazar y m\u00e1s en la web (no se requiere remedio).<\/p>\n<p>&#8211; No se requiere remedio<\/p>\n<p>&#8211; expreso antes por el momento o transporte en 24 horas<\/p>\n<p>&#8211; El embalaje es fijo excepcionalmente discreto, envuelto con una l\u00e1mina de aluminio, libre de cualquier peligro<\/p>\n<p>&#8211; Sin marca suministro ilimitado de paquetes<\/p>\n<p>&#8211; 100% atenci\u00f3n al cliente y respaldo.<\/p>\n<p>&#8211; Garant\u00eda de devoluci\u00f3n de dinero<\/p>\n<p>&#8211; Ofrecemos gestiones de transporte casa por casa<\/p>\n<p>&#8211; Costos excelentes e insuperables.<\/p>\n<p>Empacamos los paquetes cuidadosamente con papel de tungsteno y carb\u00f3n para evitar a trav\u00e9s de las tradicionales m\u00e1quinas de rayos X en las terminales a\u00e9reas. Los paquetes est\u00e1n perfectamente cargados con papeles de bendici\u00f3n desde el exterior. Compre pastillas de Xanax en la web<\/p>\n<p>\u00bfBusca XANAX de 2 mg barato en l\u00ednea? \u00a1Ordene XANAX 2 mg de Global Home Med a precios asequibles y env\u00edelo directamente a su hogar!<\/p>\n<p>Compre Alprazolam en el Reino Unido&#8230; Alprazolam (Xanax) 2 mg Marca del Reino Unido\/UE&#8230; La tableta de 2 mg es una versi\u00f3n m\u00e1s potente de este eficaz medicamento para la ansiedad en el Reino Unido<\/p>\n<p>Comprar Xanax en l\u00ednea \u2013 Barra de Xanax a la venta \u2013Comprar xanax de 2 mg en l\u00ednea \u2013Comprar xanax de 1 mg en l\u00ednea \u2013 Xanax puede sentirse sedante y calmante, haci\u00e9ndote sentir relajado y tranquilo<\/p>\n<p>Comprar Xanax 2Mg Reino Unido Materializaci\u00f3n ergon\u00f3mica Ordenar Xanax Durante la noche \u00bfsalificado convexamente? Fustier Wilburn obliga a comprar Xanax en l\u00ednea Reddit oferta sutil<\/p>\n<p>Compre barato, xanax en l\u00ednea sin receta. Zoloft gen\u00e9rico mejores farmacias en l\u00ednea xanax barato en l\u00ednea comprar fentermina. Im\u00e1genes de barras gen\u00e9ricas de xanax 2 mg<\/p>\n<p>Comprar Xanax 2 mg Alprazolam 0.5 MG, 1MG,2MG Tablet se usa para tratar los trastornos de p\u00e1nico y la ansiedad, como el miedo extremo inesperado y la tensi\u00f3n debido al estr\u00e9s. Se recomienda comenzar con una dosis peque\u00f1a y aumentarla gradualmente. No deje de tomar este medicamento repentinamente ya que puede causar s\u00edntomas de abstinencia como convulsiones, comportamiento agresivo, visi\u00f3n borrosa, etc.<\/p>\n<p>Tome Alprazolam 0.5 MG Tablet con o sin alimentos. No tome en cantidades mayores a las recomendadas. Consulte al m\u00e9dico si experimenta alg\u00fan efecto indeseable. No deje de tomar el medicamento sin consultar a su m\u00e9dico, ya que puede causar s\u00edntomas de abstinencia.<\/p>\n<p>C\u00f3mo funciona<br \/>\nEste medicamento se une a los canales de cloruro y facilita la entrada de iones de cloruro, por lo que provoca hiperpolarizaci\u00f3n y estabilizaci\u00f3n de la membrana neuronal, impidiendo una mayor excitaci\u00f3n de la c\u00e9lula.<\/p>\n<p><strong>\u00bfSabes d\u00f3nde comprar pastillas Xanax sin receta?<\/strong><\/p>\n<p>Venta de pastillas Xanax, Valor en la calle de las p\u00edldoras Xanax, dosis de las p\u00edldoras Xanax, c\u00f3mo hacer p\u00edldoras Xanax, d\u00f3nde puedo Pastillas Xanax en l\u00ednea, d\u00f3nde conseguir pastillas Xanax, qu\u00e9 son las pastillas Xanax, pastillas Xanax de primera calidad a la venta. Todas estas preguntas sin respuesta pueden obtener sus respuestas a trav\u00e9s de nosotros. Solo tiene que visitar nuestro sitio web y obtendr\u00e1 las respuestas sobre c\u00f3mo y d\u00f3nde puede comprar pastillas de metadona sin receta en l\u00ednea.<\/p>\n<p>\u00bfQu\u00e9 pasa con las pastillas Xanax? \u00bfSabe tambi\u00e9n d\u00f3nde conseguir pastillas de Xanax a la venta online sin receta? comprar pastillas Xanax a la venta, c\u00f3mo hacer pastillas Xanax, c\u00f3mo son las pastillas Xanax, precio de calle de las pastillas Xanax, precio de las pastillas Xanax, d\u00f3nde comprar pastillas Xanax, pastillas Xanax puras, d\u00f3nde puedo comprar pastillas Xanax en l\u00ednea sin receta, comprar pastillas puras P\u00edldoras de Xanax en l\u00ednea sin receta.<\/p>\n<p>P\u00edldoras de Xanax de buena calidad en l\u00ednea: se entiende completamente que las personas no conf\u00edan r\u00e1pidamente en la calidad de las p\u00edldoras de Xanax en l\u00ednea que se venden en l\u00ednea porque no pueden examinarlas f\u00edsicamente. Pero no es lo mismo con los proveedores en l\u00ednea de p\u00edldoras Xanax en l\u00ednea. Los productos aqu\u00ed son fieles a su descripci\u00f3n con un mantenimiento de alta calidad realizado bajo la supervisi\u00f3n de expertos.<\/p>\n<p>Fast &amp; Env\u00edo discreto: la entrega de las p\u00edldoras Xanax en l\u00ednea despu\u00e9s de recibir el pedido se realiza dentro del plazo prometido. El equipo de env\u00edo pone todo su esfuerzo en hacer que el proceso de env\u00edo y entrega sea fluido y r\u00e1pido. Tambi\u00e9n puede esperar excelentes servicios al comprar p\u00edldoras Xanax en l\u00ednea del profesional en la plataforma en l\u00ednea.<\/p>\n","protected":false},"excerpt":{"rendered":"<p>Comprar Xanax 2 MG Tablet se usa para tratar los trastornos de p\u00e1nico y la ansiedad, como el miedo extremo inesperado y la tensi\u00f3n debido al estr\u00e9s. Se recomienda comenzar con una dosis peque\u00f1a y aumentarla gradualmente. No deje de tomar este medicamento repentinamente ya que puede causar s\u00edntomas de abstinencia como convulsiones, comportamiento agresivo, visi\u00f3n borrosa, etc.<\/p>\n","protected":false},"featured_media":7675,"comment_status":"open","ping_status":"closed","template":"","meta":{"inline_featured_image":false},"product_brand":[],"product_cat":[116],"product_tag":[117,128,119,120,122,123,125,121,133,124,118,127,135,132,134,131,126,129,130],"class_list":{"0":"post-7648","1":"product","2":"type-product","3":"status-publish","4":"has-post-thumbnail","6":"product_cat-pain-killers","7":"product_tag-2mg-xanax-for-sale","8":"product_tag-barritas-de-xanax-en-venta-online","9":"product_tag-buy-alprazolam-online","10":"product_tag-como-comprar-alprazolam-online","11":"product_tag-compra-alprazolam-online","12":"product_tag-comprar-pastillas-xanax-en-la-web","13":"product_tag-donde-comprar-alprazolam-online","14":"product_tag-ordenar-alprazolam-online","15":"product_tag-xanax-pastillas-para-la-venta-online","16":"product_tag-the-best-place-to-buy-alprazolam-online","17":"product_tag-venta-de-alprazolam","18":"product_tag-barritas-xanax-en-venta","19":"product_tag-barritas-xanax-amarillas-a-la-venta","20":"product_tag-venta-de-pastillas-de-xanax","21":"product_tag-xanax-tabletas-para-la-venta","22":"product_tag-xanax-para-la-venta-sin-receta","23":"product_tag-xanax-2mg-para-la-venta","24":"product_tag-xanax-en-venta","25":"product_tag-xanax-para-la-venta-online","27":"first","28":"instock","29":"featured","30":"shipping-taxable","31":"purchasable","32":"product-type-variable","33":"has-default-attributes"},"yoast_head":"<!-- This site is optimized with the Yoast SEO Premium plugin v19.2 (Yoast SEO v27.3) - https:\/\/yoast.com\/product\/yoast-seo-premium-wordpress\/ -->\n<title>Comprar pastillas Xanax en l\u00ednea - Everyday Chem Shop<\/title>\n<meta name=\"description\" content=\"Comprar pastillas Xanax en l\u00ednea. Si est\u00e1 buscando c\u00f3mo comprar p\u00edldoras Xanax en l\u00ednea, entonces est\u00e1 en el lugar correcto para comprar p\u00edldoras Xanax en l\u00ednea.\" \/>\n<meta name=\"robots\" content=\"index, follow, max-snippet:-1, max-image-preview:large, max-video-preview:-1\" \/>\n<link rel=\"canonical\" href=\"https:\/\/everydaychemshop.com\/es\/product\/comprar-pastillas-xanax-online\/\" \/>\n<meta property=\"og:locale\" content=\"en_US\" \/>\n<meta property=\"og:type\" content=\"article\" \/>\n<meta property=\"og:title\" content=\"Pastillas Xanax\" \/>\n<meta property=\"og:description\" content=\"Comprar pastillas Xanax en l\u00ednea. Si est\u00e1 buscando c\u00f3mo comprar p\u00edldoras Xanax en l\u00ednea, entonces est\u00e1 en el lugar correcto para comprar p\u00edldoras Xanax en l\u00ednea.\" \/>\n<meta property=\"og:url\" content=\"https:\/\/everydaychemshop.com\/es\/product\/comprar-pastillas-xanax-online\/\" \/>\n<meta property=\"og:site_name\" content=\"Everyday Chem Shop\" \/>\n<meta property=\"article:modified_time\" content=\"2023-04-07T09:18:34+00:00\" \/>\n<meta property=\"og:image\" content=\"https:\/\/everydaychemshop.com\/es\/wp-content\/uploads\/sites\/4\/2022\/11\/Buy-XANAX-XR-ALPRAZOLAM-EXTENDED-RELEASE-TABLETS-2-Mg-50-TABLETS-RX-ONLY.jpg\" \/>\n\t<meta property=\"og:image:width\" content=\"1200\" \/>\n\t<meta property=\"og:image:height\" content=\"1200\" \/>\n\t<meta property=\"og:image:type\" content=\"image\/jpeg\" \/>\n<meta name=\"twitter:card\" content=\"summary_large_image\" \/>\n<meta name=\"twitter:label1\" content=\"Est. reading time\" \/>\n\t<meta name=\"twitter:data1\" content=\"4 minutes\" \/>\n<script type=\"application\/ld+json\" class=\"yoast-schema-graph\">{\"@context\":\"https:\\\/\\\/schema.org\",\"@graph\":[{\"@type\":\"WebPage\",\"@id\":\"https:\\\/\\\/everydaychemshop.com\\\/es\\\/product\\\/comprar-pastillas-xanax-online\\\/\",\"url\":\"https:\\\/\\\/everydaychemshop.com\\\/es\\\/product\\\/comprar-pastillas-xanax-online\\\/\",\"name\":\"Comprar pastillas Xanax en l\u00ednea - Everyday Chem Shop\",\"isPartOf\":{\"@id\":\"https:\\\/\\\/everydaychemshop.com\\\/es\\\/#website\"},\"primaryImageOfPage\":{\"@id\":\"https:\\\/\\\/everydaychemshop.com\\\/es\\\/product\\\/comprar-pastillas-xanax-online\\\/#primaryimage\"},\"image\":{\"@id\":\"https:\\\/\\\/everydaychemshop.com\\\/es\\\/product\\\/comprar-pastillas-xanax-online\\\/#primaryimage\"},\"thumbnailUrl\":\"https:\\\/\\\/everydaychemshop.com\\\/es\\\/wp-content\\\/uploads\\\/sites\\\/4\\\/2022\\\/11\\\/Buy-XANAX-XR-ALPRAZOLAM-EXTENDED-RELEASE-TABLETS-2-Mg-50-TABLETS-RX-ONLY.jpg\",\"datePublished\":\"2022-11-16T09:43:14+00:00\",\"dateModified\":\"2023-04-07T09:18:34+00:00\",\"description\":\"Comprar pastillas Xanax en l\u00ednea. Si est\u00e1 buscando c\u00f3mo comprar p\u00edldoras Xanax en l\u00ednea, entonces est\u00e1 en el lugar correcto para comprar p\u00edldoras Xanax en l\u00ednea.\",\"breadcrumb\":{\"@id\":\"https:\\\/\\\/everydaychemshop.com\\\/es\\\/product\\\/comprar-pastillas-xanax-online\\\/#breadcrumb\"},\"inLanguage\":\"en-US\",\"potentialAction\":[{\"@type\":\"ReadAction\",\"target\":[\"https:\\\/\\\/everydaychemshop.com\\\/es\\\/product\\\/comprar-pastillas-xanax-online\\\/\"]}]},{\"@type\":\"ImageObject\",\"inLanguage\":\"en-US\",\"@id\":\"https:\\\/\\\/everydaychemshop.com\\\/es\\\/product\\\/comprar-pastillas-xanax-online\\\/#primaryimage\",\"url\":\"https:\\\/\\\/everydaychemshop.com\\\/es\\\/wp-content\\\/uploads\\\/sites\\\/4\\\/2022\\\/11\\\/Buy-XANAX-XR-ALPRAZOLAM-EXTENDED-RELEASE-TABLETS-2-Mg-50-TABLETS-RX-ONLY.jpg\",\"contentUrl\":\"https:\\\/\\\/everydaychemshop.com\\\/es\\\/wp-content\\\/uploads\\\/sites\\\/4\\\/2022\\\/11\\\/Buy-XANAX-XR-ALPRAZOLAM-EXTENDED-RELEASE-TABLETS-2-Mg-50-TABLETS-RX-ONLY.jpg\",\"width\":1200,\"height\":1200,\"caption\":\"Comprar pastillas Xanax en l\u00ednea\"},{\"@type\":\"BreadcrumbList\",\"@id\":\"https:\\\/\\\/everydaychemshop.com\\\/es\\\/product\\\/comprar-pastillas-xanax-online\\\/#breadcrumb\",\"itemListElement\":[{\"@type\":\"ListItem\",\"position\":1,\"name\":\"Home\",\"item\":\"https:\\\/\\\/everydaychemshop.com\\\/es\\\/\"},{\"@type\":\"ListItem\",\"position\":2,\"name\":\"Productos\",\"item\":\"https:\\\/\\\/everydaychemshop.com\\\/es\\\/productos\\\/\"},{\"@type\":\"ListItem\",\"position\":3,\"name\":\"Pastillas Xanax\"}]},{\"@type\":\"WebSite\",\"@id\":\"https:\\\/\\\/everydaychemshop.com\\\/es\\\/#website\",\"url\":\"https:\\\/\\\/everydaychemshop.com\\\/es\\\/\",\"name\":\"Everyday Chem Shop\",\"description\":\"\",\"potentialAction\":[{\"@type\":\"SearchAction\",\"target\":{\"@type\":\"EntryPoint\",\"urlTemplate\":\"https:\\\/\\\/everydaychemshop.com\\\/es\\\/?s={search_term_string}\"},\"query-input\":{\"@type\":\"PropertyValueSpecification\",\"valueRequired\":true,\"valueName\":\"search_term_string\"}}],\"inLanguage\":\"en-US\"}]}<\/script>\n<!-- \/ Yoast SEO Premium plugin. -->","yoast_head_json":{"title":"Comprar pastillas Xanax en l\u00ednea - Everyday Chem Shop","description":"Comprar pastillas Xanax en l\u00ednea. Si est\u00e1 buscando c\u00f3mo comprar p\u00edldoras Xanax en l\u00ednea, entonces est\u00e1 en el lugar correcto para comprar p\u00edldoras Xanax en l\u00ednea.","robots":{"index":"index","follow":"follow","max-snippet":"max-snippet:-1","max-image-preview":"max-image-preview:large","max-video-preview":"max-video-preview:-1"},"canonical":"https:\/\/everydaychemshop.com\/es\/product\/comprar-pastillas-xanax-online\/","og_locale":"en_US","og_type":"article","og_title":"Pastillas Xanax","og_description":"Comprar pastillas Xanax en l\u00ednea. Si est\u00e1 buscando c\u00f3mo comprar p\u00edldoras Xanax en l\u00ednea, entonces est\u00e1 en el lugar correcto para comprar p\u00edldoras Xanax en l\u00ednea.","og_url":"https:\/\/everydaychemshop.com\/es\/product\/comprar-pastillas-xanax-online\/","og_site_name":"Everyday Chem Shop","article_modified_time":"2023-04-07T09:18:34+00:00","og_image":[{"width":1200,"height":1200,"url":"https:\/\/everydaychemshop.com\/es\/wp-content\/uploads\/sites\/4\/2022\/11\/Buy-XANAX-XR-ALPRAZOLAM-EXTENDED-RELEASE-TABLETS-2-Mg-50-TABLETS-RX-ONLY.jpg","type":"image\/jpeg"}],"twitter_card":"summary_large_image","twitter_misc":{"Est. reading time":"4 minutes"},"schema":{"@context":"https:\/\/schema.org","@graph":[{"@type":"WebPage","@id":"https:\/\/everydaychemshop.com\/es\/product\/comprar-pastillas-xanax-online\/","url":"https:\/\/everydaychemshop.com\/es\/product\/comprar-pastillas-xanax-online\/","name":"Comprar pastillas Xanax en l\u00ednea - Everyday Chem Shop","isPartOf":{"@id":"https:\/\/everydaychemshop.com\/es\/#website"},"primaryImageOfPage":{"@id":"https:\/\/everydaychemshop.com\/es\/product\/comprar-pastillas-xanax-online\/#primaryimage"},"image":{"@id":"https:\/\/everydaychemshop.com\/es\/product\/comprar-pastillas-xanax-online\/#primaryimage"},"thumbnailUrl":"https:\/\/everydaychemshop.com\/es\/wp-content\/uploads\/sites\/4\/2022\/11\/Buy-XANAX-XR-ALPRAZOLAM-EXTENDED-RELEASE-TABLETS-2-Mg-50-TABLETS-RX-ONLY.jpg","datePublished":"2022-11-16T09:43:14+00:00","dateModified":"2023-04-07T09:18:34+00:00","description":"Comprar pastillas Xanax en l\u00ednea. Si est\u00e1 buscando c\u00f3mo comprar p\u00edldoras Xanax en l\u00ednea, entonces est\u00e1 en el lugar correcto para comprar p\u00edldoras Xanax en l\u00ednea.","breadcrumb":{"@id":"https:\/\/everydaychemshop.com\/es\/product\/comprar-pastillas-xanax-online\/#breadcrumb"},"inLanguage":"en-US","potentialAction":[{"@type":"ReadAction","target":["https:\/\/everydaychemshop.com\/es\/product\/comprar-pastillas-xanax-online\/"]}]},{"@type":"ImageObject","inLanguage":"en-US","@id":"https:\/\/everydaychemshop.com\/es\/product\/comprar-pastillas-xanax-online\/#primaryimage","url":"https:\/\/everydaychemshop.com\/es\/wp-content\/uploads\/sites\/4\/2022\/11\/Buy-XANAX-XR-ALPRAZOLAM-EXTENDED-RELEASE-TABLETS-2-Mg-50-TABLETS-RX-ONLY.jpg","contentUrl":"https:\/\/everydaychemshop.com\/es\/wp-content\/uploads\/sites\/4\/2022\/11\/Buy-XANAX-XR-ALPRAZOLAM-EXTENDED-RELEASE-TABLETS-2-Mg-50-TABLETS-RX-ONLY.jpg","width":1200,"height":1200,"caption":"Comprar pastillas Xanax en l\u00ednea"},{"@type":"BreadcrumbList","@id":"https:\/\/everydaychemshop.com\/es\/product\/comprar-pastillas-xanax-online\/#breadcrumb","itemListElement":[{"@type":"ListItem","position":1,"name":"Home","item":"https:\/\/everydaychemshop.com\/es\/"},{"@type":"ListItem","position":2,"name":"Productos","item":"https:\/\/everydaychemshop.com\/es\/productos\/"},{"@type":"ListItem","position":3,"name":"Pastillas Xanax"}]},{"@type":"WebSite","@id":"https:\/\/everydaychemshop.com\/es\/#website","url":"https:\/\/everydaychemshop.com\/es\/","name":"Everyday Chem Shop","description":"","potentialAction":[{"@type":"SearchAction","target":{"@type":"EntryPoint","urlTemplate":"https:\/\/everydaychemshop.com\/es\/?s={search_term_string}"},"query-input":{"@type":"PropertyValueSpecification","valueRequired":true,"valueName":"search_term_string"}}],"inLanguage":"en-US"}]}},"_links":{"self":[{"href":"https:\/\/everydaychemshop.com\/es\/wp-json\/wp\/v2\/product\/7648","targetHints":{"allow":["GET"]}}],"collection":[{"href":"https:\/\/everydaychemshop.com\/es\/wp-json\/wp\/v2\/product"}],"about":[{"href":"https:\/\/everydaychemshop.com\/es\/wp-json\/wp\/v2\/types\/product"}],"replies":[{"embeddable":true,"href":"https:\/\/everydaychemshop.com\/es\/wp-json\/wp\/v2\/comments?post=7648"}],"wp:featuredmedia":[{"embeddable":true,"href":"https:\/\/everydaychemshop.com\/es\/wp-json\/wp\/v2\/media\/7675"}],"wp:attachment":[{"href":"https:\/\/everydaychemshop.com\/es\/wp-json\/wp\/v2\/media?parent=7648"}],"wp:term":[{"taxonomy":"product_brand","embeddable":true,"href":"https:\/\/everydaychemshop.com\/es\/wp-json\/wp\/v2\/product_brand?post=7648"},{"taxonomy":"product_cat","embeddable":true,"href":"https:\/\/everydaychemshop.com\/es\/wp-json\/wp\/v2\/product_cat?post=7648"},{"taxonomy":"product_tag","embeddable":true,"href":"https:\/\/everydaychemshop.com\/es\/wp-json\/wp\/v2\/product_tag?post=7648"}],"curies":[{"name":"wp","href":"https:\/\/api.w.org\/{rel}","templated":true}]}}