{"id":7653,"date":"2022-11-16T09:43:15","date_gmt":"2022-11-16T09:43:15","guid":{"rendered":"https:\/\/everydaychemshop.com\/es\/?post_type=product&#038;p=7653"},"modified":"2023-04-07T09:17:23","modified_gmt":"2023-04-07T09:17:23","slug":"comprar-oxicodona-pastillas-online","status":"publish","type":"product","link":"https:\/\/everydaychemshop.com\/es\/product\/comprar-oxicodona-pastillas-online\/","title":{"rendered":"Pastillas de oxicodona"},"content":{"rendered":"<h1>Compre pastillas de oxicodona en l\u00ednea<\/h1>\n<p><a href=\"https:\/\/everydaychemshop.com\/es\/product\/comprar-oxicodona-pastillas-online\/\">Compre pastillas de oxicodona en l\u00ednea<\/a>. La oxicodona es el <a href=\"https:\/\/en.wikipedia.org\/wiki\/Oxycodone\">fijador<\/a> fundamental s\u00f3lido en numerosos analg\u00e9sicos recomendados para personas con agon\u00eda de moderada a grave. Estas p\u00edldoras vienen en diferentes formas, tama\u00f1os y matices dependiendo de la porci\u00f3n y la marca. La oxicodona tambi\u00e9n se recomienda de vez en cuando en estructura fluida. A menudo se promociona como un medicamento combinado con diferentes recetas, incluido el paracetamol, el medicamento para el dolor de cabeza y el ibuprofeno, con varias marcas que dependen de la mezcla. Las marcas absolutamente m\u00e1s comunes para los medicamentos a base de oxicodona son: Compre pastillas de oxicodona en l\u00ednea<\/p>\n<p>\u00bfEs correcto decir que est\u00e1 experimentando tormento? Actualmente, puede obtener su medicamento para el dolor desde la comodidad de su hogar u oficina, vendemos las mejores pastillas para el <a href=\"https:\/\/es.wikipedia.org\/wiki\/Oxicodona\">dolor<\/a> cl\u00ednico para ayudar con el dolor y muchas otras enfermedades como Incluir; xanax, oxycontin, oxicodona, dilaudid, demerol, metadona (dolophine, metadosa), roxycodone, diazepam, ritalin, percocet, concerta, tramadol, adderall, hidrocodona, morfina. Tenemos un r\u00e9cord del 100% en transmisiones fruct\u00edferas. Brindamos una amplia gama de servicios a nuestros clientes para comprar oxicodona en l\u00ednea sin ning\u00fan problema.<\/p>\n<p>Tenemos medicamentos para el tratamiento del dolor de espalda constante, la pirater\u00eda, el nerviosismo, el problema de alarma, la tristeza, la disfunci\u00f3n er\u00e9ctil y la disfunci\u00f3n sexual. , narcolepsia, corpulencia, miseria, debilidad, suplemento para bajar de peso y m\u00e1s en la web (no se requiere remedio)<\/p>\n<p>&#8211; No se requiere soluci\u00f3n<\/p>\n<p>&#8211; Express por el momento o transporte en 24 horas<\/p>\n<p>&#8211; El paquete se fija cuidadosamente, se envuelve con papel de aluminio, libre de todo da\u00f1o<\/p>\n<p>&#8211; No se requiere marcar cuando aparece el paquete<\/p>\n<p>&#8211; 100 % asistencia y respaldo al cliente.<\/p>\n<p>&#8211; Garant\u00eda de devoluci\u00f3n de dinero<\/p>\n<p>&#8211; Ofrecemos administraci\u00f3n de transporte casa a casa<\/p>\n<p>&#8211; Excelentes e incre\u00edbles costos.<\/p>\n<p>Envolvemos cautelosamente los paquetes con tungsteno y papel carb\u00f3n para evitar las m\u00e1quinas de rayos X de aduanas en las terminales a\u00e9reas. Los paquetes est\u00e1n deliciosamente envueltos con papeles de regalo desde una perspectiva externa. Rolland Meds ofrece diferentes servicios y tambi\u00e9n lo pone a disposici\u00f3n para brindar a los clientes medicamentos de calidad. Tambi\u00e9n tenemos oxicodona lista y disponible lista para comprar en l\u00ednea. No dude en ponerse en contacto con nosotros una vez que desee pedir oxicodona en l\u00ednea y estaremos a su servicio.<\/p>\n<p><strong>\u00bfSabe d\u00f3nde comprar pastillas de oxicodona sin receta?<\/strong><\/p>\n<p>Pastillas de oxicodona a la venta, precio de venta de pastillas de oxicodona, dosis de pastillas de oxicodona, c\u00f3mo hacer pastillas de oxicodona, d\u00f3nde puedo comprar pastillas de oxicodona en l\u00ednea, d\u00f3nde conseguir pastillas de oxicodona, qu\u00e9 son las pastillas de oxicodona, pastillas de oxicodona de primera calidad a la venta. Todas estas preguntas sin respuesta pueden obtener sus respuestas a trav\u00e9s de nosotros. Solo necesita visitar nuestro sitio web y obtendr\u00e1 las respuestas sobre c\u00f3mo y d\u00f3nde puede comprar pastillas de metadona sin receta en l\u00ednea.<\/p>\n<p>\u00bfQu\u00e9 pasa con las pastillas de oxicodona? \u00bfSabe tambi\u00e9n d\u00f3nde conseguir pastillas de oxicodona a la venta online sin receta? comprar pastillas de oxicodona a la venta, c\u00f3mo hacer pastillas de oxicodona, c\u00f3mo son las pastillas de oxicodona, precio de venta al p\u00fablico de las pastillas de oxicodona, precio de las pastillas de oxicodona, d\u00f3nde comprar pastillas de oxicodona, pastillas de oxicodona puras, d\u00f3nde puedo comprar pastillas de oxicodona en l\u00ednea sin receta, comprar pastillas puras P\u00edldoras de oxicodona en l\u00ednea sin receta.<\/p>\n<p>P\u00edldoras de oxicodona de buena calidad en l\u00ednea: Se entiende completamente que las personas no conf\u00edan r\u00e1pidamente en la calidad de las p\u00edldoras de oxicodona en l\u00ednea que se venden en l\u00ednea porque no pueden examinarlas f\u00edsicamente. Pero no es lo mismo con los proveedores en l\u00ednea de p\u00edldoras de oxicodona en l\u00ednea. Los productos aqu\u00ed son fieles a su descripci\u00f3n con un mantenimiento de alta calidad realizado bajo la supervisi\u00f3n de expertos.<\/p>\n<p>Fast &amp; Env\u00edo discreto: la entrega de las p\u00edldoras de oxicodona en l\u00ednea despu\u00e9s de recibir el pedido se realiza dentro del plazo prometido. \u00c9l El equipo de env\u00edo pone todo su esfuerzo en hacer que el proceso de env\u00edo y entrega sea fluido y r\u00e1pido. Tambi\u00e9n puede esperar excelentes servicios al comprar p\u00edldoras de oxicodona en l\u00ednea del profesional en la plataforma en l\u00ednea.<\/p>\n","protected":false},"excerpt":{"rendered":"<p>La oxicodona es un f\u00e1rmaco de precio moderado que se utiliza para tratar el dolor de moderado a intenso. Esta droga es un poco m\u00e1s popular que las drogas comparables.<\/p>\n","protected":false},"featured_media":7676,"comment_status":"open","ping_status":"closed","template":"","meta":{"inline_featured_image":false},"product_brand":[],"product_cat":[116],"product_tag":[137,136,138,141,139,140,145,148,146,147,142,143,152,144,149,151,150],"class_list":{"0":"post-7653","1":"product","2":"type-product","3":"status-publish","4":"has-post-thumbnail","6":"product_cat-pain-killers","7":"product_tag-cmo-conseguir-roxycodone","8":"product_tag-comprar-roxycodone-online","9":"product_tag-ordenar-roxycodone","10":"product_tag-oxicodona-para-la-venta-en-el-extranjero","11":"product_tag-oxycodone-30mg-for-sale","12":"product_tag-oxycodone-for-sale-no-prescription","13":"product_tag-oxycontin-80mg-for-sale-online","14":"product_tag-oxycontin-en-venta-online","15":"product_tag-oxycontin-for-sale","16":"product_tag-oxycontin-for-sale-no-prescription","17":"product_tag-oxicodona-pastillas-para-la-venta-online","18":"product_tag-oxicodona-en-polvo-para-la-venta","19":"product_tag-roxycodone-pills-for-sale-online","20":"product_tag-oxycontin-80mg-para-la-venta","21":"product_tag-oxycontin-pastillas-para-la-venta","22":"product_tag-roxycodone-para-la-venta","23":"product_tag-oxycontin-tabletas-para-la-venta","25":"first","26":"instock","27":"shipping-taxable","28":"purchasable","29":"product-type-variable","30":"has-default-attributes"},"yoast_head":"<!-- This site is optimized with the Yoast SEO Premium plugin v19.2 (Yoast SEO v27.3) - https:\/\/yoast.com\/product\/yoast-seo-premium-wordpress\/ -->\n<title>Compre pastillas de oxicodona en l\u00ednea - Everyday Chem Shop<\/title>\n<meta name=\"description\" content=\"Compre pastillas de oxicodona en l\u00ednea. Si est\u00e1 buscando c\u00f3mo comprar p\u00edldoras de oxicodona en l\u00ednea, entonces est\u00e1 en el lugar correcto para comprar p\u00edldoras de oxicodona en l\u00ednea.\" \/>\n<meta name=\"robots\" content=\"index, follow, max-snippet:-1, max-image-preview:large, max-video-preview:-1\" \/>\n<link rel=\"canonical\" href=\"https:\/\/everydaychemshop.com\/es\/product\/comprar-oxicodona-pastillas-online\/\" \/>\n<meta property=\"og:locale\" content=\"en_US\" \/>\n<meta property=\"og:type\" content=\"article\" \/>\n<meta property=\"og:title\" content=\"Pastillas de oxicodona\" \/>\n<meta property=\"og:description\" content=\"Compre pastillas de oxicodona en l\u00ednea. Si est\u00e1 buscando c\u00f3mo comprar p\u00edldoras de oxicodona en l\u00ednea, entonces est\u00e1 en el lugar correcto para comprar p\u00edldoras de oxicodona en l\u00ednea.\" \/>\n<meta property=\"og:url\" content=\"https:\/\/everydaychemshop.com\/es\/product\/comprar-oxicodona-pastillas-online\/\" \/>\n<meta property=\"og:site_name\" content=\"Everyday Chem Shop\" \/>\n<meta property=\"article:modified_time\" content=\"2023-04-07T09:17:23+00:00\" \/>\n<meta property=\"og:image\" content=\"https:\/\/everydaychemshop.com\/es\/wp-content\/uploads\/sites\/4\/2022\/11\/OXYCODONE-30mg-15-MG-1.png\" \/>\n\t<meta property=\"og:image:width\" content=\"590\" \/>\n\t<meta property=\"og:image:height\" content=\"472\" \/>\n\t<meta property=\"og:image:type\" content=\"image\/png\" \/>\n<meta name=\"twitter:card\" content=\"summary_large_image\" \/>\n<meta name=\"twitter:label1\" content=\"Est. reading time\" \/>\n\t<meta name=\"twitter:data1\" content=\"4 minutes\" \/>\n<script type=\"application\/ld+json\" class=\"yoast-schema-graph\">{\"@context\":\"https:\\\/\\\/schema.org\",\"@graph\":[{\"@type\":\"WebPage\",\"@id\":\"https:\\\/\\\/everydaychemshop.com\\\/es\\\/product\\\/comprar-oxicodona-pastillas-online\\\/\",\"url\":\"https:\\\/\\\/everydaychemshop.com\\\/es\\\/product\\\/comprar-oxicodona-pastillas-online\\\/\",\"name\":\"Compre pastillas de oxicodona en l\u00ednea - Everyday Chem Shop\",\"isPartOf\":{\"@id\":\"https:\\\/\\\/everydaychemshop.com\\\/es\\\/#website\"},\"primaryImageOfPage\":{\"@id\":\"https:\\\/\\\/everydaychemshop.com\\\/es\\\/product\\\/comprar-oxicodona-pastillas-online\\\/#primaryimage\"},\"image\":{\"@id\":\"https:\\\/\\\/everydaychemshop.com\\\/es\\\/product\\\/comprar-oxicodona-pastillas-online\\\/#primaryimage\"},\"thumbnailUrl\":\"https:\\\/\\\/everydaychemshop.com\\\/es\\\/wp-content\\\/uploads\\\/sites\\\/4\\\/2022\\\/11\\\/OXYCODONE-30mg-15-MG-1.png\",\"datePublished\":\"2022-11-16T09:43:15+00:00\",\"dateModified\":\"2023-04-07T09:17:23+00:00\",\"description\":\"Compre pastillas de oxicodona en l\u00ednea. Si est\u00e1 buscando c\u00f3mo comprar p\u00edldoras de oxicodona en l\u00ednea, entonces est\u00e1 en el lugar correcto para comprar p\u00edldoras de oxicodona en l\u00ednea.\",\"breadcrumb\":{\"@id\":\"https:\\\/\\\/everydaychemshop.com\\\/es\\\/product\\\/comprar-oxicodona-pastillas-online\\\/#breadcrumb\"},\"inLanguage\":\"en-US\",\"potentialAction\":[{\"@type\":\"ReadAction\",\"target\":[\"https:\\\/\\\/everydaychemshop.com\\\/es\\\/product\\\/comprar-oxicodona-pastillas-online\\\/\"]}]},{\"@type\":\"ImageObject\",\"inLanguage\":\"en-US\",\"@id\":\"https:\\\/\\\/everydaychemshop.com\\\/es\\\/product\\\/comprar-oxicodona-pastillas-online\\\/#primaryimage\",\"url\":\"https:\\\/\\\/everydaychemshop.com\\\/es\\\/wp-content\\\/uploads\\\/sites\\\/4\\\/2022\\\/11\\\/OXYCODONE-30mg-15-MG-1.png\",\"contentUrl\":\"https:\\\/\\\/everydaychemshop.com\\\/es\\\/wp-content\\\/uploads\\\/sites\\\/4\\\/2022\\\/11\\\/OXYCODONE-30mg-15-MG-1.png\",\"width\":590,\"height\":472,\"caption\":\"Compre pastillas de oxicodona en l\u00ednea\"},{\"@type\":\"BreadcrumbList\",\"@id\":\"https:\\\/\\\/everydaychemshop.com\\\/es\\\/product\\\/comprar-oxicodona-pastillas-online\\\/#breadcrumb\",\"itemListElement\":[{\"@type\":\"ListItem\",\"position\":1,\"name\":\"Home\",\"item\":\"https:\\\/\\\/everydaychemshop.com\\\/es\\\/\"},{\"@type\":\"ListItem\",\"position\":2,\"name\":\"Productos\",\"item\":\"https:\\\/\\\/everydaychemshop.com\\\/es\\\/productos\\\/\"},{\"@type\":\"ListItem\",\"position\":3,\"name\":\"Pastillas de oxicodona\"}]},{\"@type\":\"WebSite\",\"@id\":\"https:\\\/\\\/everydaychemshop.com\\\/es\\\/#website\",\"url\":\"https:\\\/\\\/everydaychemshop.com\\\/es\\\/\",\"name\":\"Everyday Chem Shop\",\"description\":\"\",\"potentialAction\":[{\"@type\":\"SearchAction\",\"target\":{\"@type\":\"EntryPoint\",\"urlTemplate\":\"https:\\\/\\\/everydaychemshop.com\\\/es\\\/?s={search_term_string}\"},\"query-input\":{\"@type\":\"PropertyValueSpecification\",\"valueRequired\":true,\"valueName\":\"search_term_string\"}}],\"inLanguage\":\"en-US\"}]}<\/script>\n<!-- \/ Yoast SEO Premium plugin. -->","yoast_head_json":{"title":"Compre pastillas de oxicodona en l\u00ednea - Everyday Chem Shop","description":"Compre pastillas de oxicodona en l\u00ednea. Si est\u00e1 buscando c\u00f3mo comprar p\u00edldoras de oxicodona en l\u00ednea, entonces est\u00e1 en el lugar correcto para comprar p\u00edldoras de oxicodona en l\u00ednea.","robots":{"index":"index","follow":"follow","max-snippet":"max-snippet:-1","max-image-preview":"max-image-preview:large","max-video-preview":"max-video-preview:-1"},"canonical":"https:\/\/everydaychemshop.com\/es\/product\/comprar-oxicodona-pastillas-online\/","og_locale":"en_US","og_type":"article","og_title":"Pastillas de oxicodona","og_description":"Compre pastillas de oxicodona en l\u00ednea. Si est\u00e1 buscando c\u00f3mo comprar p\u00edldoras de oxicodona en l\u00ednea, entonces est\u00e1 en el lugar correcto para comprar p\u00edldoras de oxicodona en l\u00ednea.","og_url":"https:\/\/everydaychemshop.com\/es\/product\/comprar-oxicodona-pastillas-online\/","og_site_name":"Everyday Chem Shop","article_modified_time":"2023-04-07T09:17:23+00:00","og_image":[{"width":590,"height":472,"url":"https:\/\/everydaychemshop.com\/es\/wp-content\/uploads\/sites\/4\/2022\/11\/OXYCODONE-30mg-15-MG-1.png","type":"image\/png"}],"twitter_card":"summary_large_image","twitter_misc":{"Est. reading time":"4 minutes"},"schema":{"@context":"https:\/\/schema.org","@graph":[{"@type":"WebPage","@id":"https:\/\/everydaychemshop.com\/es\/product\/comprar-oxicodona-pastillas-online\/","url":"https:\/\/everydaychemshop.com\/es\/product\/comprar-oxicodona-pastillas-online\/","name":"Compre pastillas de oxicodona en l\u00ednea - Everyday Chem Shop","isPartOf":{"@id":"https:\/\/everydaychemshop.com\/es\/#website"},"primaryImageOfPage":{"@id":"https:\/\/everydaychemshop.com\/es\/product\/comprar-oxicodona-pastillas-online\/#primaryimage"},"image":{"@id":"https:\/\/everydaychemshop.com\/es\/product\/comprar-oxicodona-pastillas-online\/#primaryimage"},"thumbnailUrl":"https:\/\/everydaychemshop.com\/es\/wp-content\/uploads\/sites\/4\/2022\/11\/OXYCODONE-30mg-15-MG-1.png","datePublished":"2022-11-16T09:43:15+00:00","dateModified":"2023-04-07T09:17:23+00:00","description":"Compre pastillas de oxicodona en l\u00ednea. Si est\u00e1 buscando c\u00f3mo comprar p\u00edldoras de oxicodona en l\u00ednea, entonces est\u00e1 en el lugar correcto para comprar p\u00edldoras de oxicodona en l\u00ednea.","breadcrumb":{"@id":"https:\/\/everydaychemshop.com\/es\/product\/comprar-oxicodona-pastillas-online\/#breadcrumb"},"inLanguage":"en-US","potentialAction":[{"@type":"ReadAction","target":["https:\/\/everydaychemshop.com\/es\/product\/comprar-oxicodona-pastillas-online\/"]}]},{"@type":"ImageObject","inLanguage":"en-US","@id":"https:\/\/everydaychemshop.com\/es\/product\/comprar-oxicodona-pastillas-online\/#primaryimage","url":"https:\/\/everydaychemshop.com\/es\/wp-content\/uploads\/sites\/4\/2022\/11\/OXYCODONE-30mg-15-MG-1.png","contentUrl":"https:\/\/everydaychemshop.com\/es\/wp-content\/uploads\/sites\/4\/2022\/11\/OXYCODONE-30mg-15-MG-1.png","width":590,"height":472,"caption":"Compre pastillas de oxicodona en l\u00ednea"},{"@type":"BreadcrumbList","@id":"https:\/\/everydaychemshop.com\/es\/product\/comprar-oxicodona-pastillas-online\/#breadcrumb","itemListElement":[{"@type":"ListItem","position":1,"name":"Home","item":"https:\/\/everydaychemshop.com\/es\/"},{"@type":"ListItem","position":2,"name":"Productos","item":"https:\/\/everydaychemshop.com\/es\/productos\/"},{"@type":"ListItem","position":3,"name":"Pastillas de oxicodona"}]},{"@type":"WebSite","@id":"https:\/\/everydaychemshop.com\/es\/#website","url":"https:\/\/everydaychemshop.com\/es\/","name":"Everyday Chem Shop","description":"","potentialAction":[{"@type":"SearchAction","target":{"@type":"EntryPoint","urlTemplate":"https:\/\/everydaychemshop.com\/es\/?s={search_term_string}"},"query-input":{"@type":"PropertyValueSpecification","valueRequired":true,"valueName":"search_term_string"}}],"inLanguage":"en-US"}]}},"_links":{"self":[{"href":"https:\/\/everydaychemshop.com\/es\/wp-json\/wp\/v2\/product\/7653","targetHints":{"allow":["GET"]}}],"collection":[{"href":"https:\/\/everydaychemshop.com\/es\/wp-json\/wp\/v2\/product"}],"about":[{"href":"https:\/\/everydaychemshop.com\/es\/wp-json\/wp\/v2\/types\/product"}],"replies":[{"embeddable":true,"href":"https:\/\/everydaychemshop.com\/es\/wp-json\/wp\/v2\/comments?post=7653"}],"wp:featuredmedia":[{"embeddable":true,"href":"https:\/\/everydaychemshop.com\/es\/wp-json\/wp\/v2\/media\/7676"}],"wp:attachment":[{"href":"https:\/\/everydaychemshop.com\/es\/wp-json\/wp\/v2\/media?parent=7653"}],"wp:term":[{"taxonomy":"product_brand","embeddable":true,"href":"https:\/\/everydaychemshop.com\/es\/wp-json\/wp\/v2\/product_brand?post=7653"},{"taxonomy":"product_cat","embeddable":true,"href":"https:\/\/everydaychemshop.com\/es\/wp-json\/wp\/v2\/product_cat?post=7653"},{"taxonomy":"product_tag","embeddable":true,"href":"https:\/\/everydaychemshop.com\/es\/wp-json\/wp\/v2\/product_tag?post=7653"}],"curies":[{"name":"wp","href":"https:\/\/api.w.org\/{rel}","templated":true}]}}