{"id":7666,"date":"2022-11-16T09:43:44","date_gmt":"2022-11-16T09:43:44","guid":{"rendered":"https:\/\/everydaychemshop.com\/es\/?post_type=product&#038;p=7666"},"modified":"2023-04-07T09:16:10","modified_gmt":"2023-04-07T09:16:10","slug":"comprar-adderall-pastillas-online","status":"publish","type":"product","link":"https:\/\/everydaychemshop.com\/es\/product\/comprar-adderall-pastillas-online\/","title":{"rendered":"Pastillas de Adderall"},"content":{"rendered":"<h1>Comprar pastillas de Adderall en l\u00ednea<\/h1>\n<p><a href=\"https:\/\/everydaychemshop.com\/es\/product\/comprar-adderall-pastillas-online\/\">Comprar pastillas de Adderall en l\u00ednea<\/a>. Adderall 30 MG es un tipo de droga que se forma combinando y dextroanfetamina. Estos dos componentes sirven como estimulantes primarios de un sistema nervioso. Adem\u00e1s, estos estimulantes impactan en las sustancias qu\u00edmicas del cerebro y los nervios para controlar los impulsos y la hiperactividad. El f\u00e1rmaco se utiliza b\u00e1sicamente para curar la narcolepsia y el trastorno de hiperactividad (TDAH). Est\u00e1 permitido consumir en pa\u00edses espec\u00edficos, predominantemente Canad\u00e1 y Estados Unidos.<\/p>\n<p>El mayor problema en\u00a0<em>Comprar Adderall 30Mg<\/em>\u00a0en l\u00ednea se reduce a esta palabra que comienza <a href=\"https:\/\/es.wikipedia.org\/wiki\/Adderall\">con<\/a> WCada hija o hijo es nacido con una memoria decente<\/p>\n<p><em>Comprar Adderall 30mg<\/em>. No se requiere receta m\u00e9dica. Env\u00edo 100% seguro y discreto. La entrega al d\u00eda siguiente est\u00e1 disponible. Garant\u00eda de devoluci\u00f3n de dinero.<\/p>\n<p>Puede\u00a0<em>comprar Adderall<\/em>\u00a0pastillas en l\u00ednea sin receta, Adderall en computadora abierta, \u00bfpuedo\u00a0<em>comprar Adderall<\/em>\u00a0en l\u00ednea?<\/p>\n<h4><strong>Precauciones con respecto a la dosificaci\u00f3n:<\/strong><\/h4>\n<p>Podr\u00eda ser necesario tomar Adderall XR<strong><em>\u00a0<\/em><\/strong>en una persona, pero se debe consultar al m\u00e9dico. antes de la primera dosis si tiene tiroides hiperactiva, presi\u00f3n arterial alta moderada a severa, glaucoma, cualquier enfermedad card\u00edaca o incluso si una persona era adicta a las drogas o al alcohol anteriormente. Tambi\u00e9n se recomienda a las personas que no abusen de su dosis, ya que podr\u00eda causar efectos secundarios graves en el coraz\u00f3n o, lo que es peor, la muerte.<\/p>\n<h4><strong>Resultado positivo:<\/strong><\/h4>\n<p>Como consumir drogas de cualquier tipo tiene efectos ya sean negativos o positivos. Adderall 30 MG<strong><em>\u00a0<\/em><\/strong>tambi\u00e9n lo tiene. Se ha observado que usarlo por un per\u00edodo m\u00e1s corto seg\u00fan las indicaciones del m\u00e9dico, tiene un impacto positivo en la salud de la persona debido a la prevenci\u00f3n de los s\u00edntomas del TDAH. Ocurre porque:<\/p>\n<ul>\n<li>Aumenta la presencia de neurotransmisores en nuestro cerebro como la dopamina y la norepinefrina. Adem\u00e1s, estas sustancias qu\u00edmicas espec\u00edficas en el cerebro funcionan para aumentar los niveles de energ\u00eda, el estado de alerta y la atenci\u00f3n.<\/li>\n<li>La droga puede aumentar la frecuencia card\u00edaca y mantener el flujo de sangre a los m\u00fasculos.<\/li>\n<li>Constante su uso seg\u00fan lo recomendado por los m\u00e9dicos puede generar una mayor energ\u00eda y vigor que se dice que es similar al consumo de coca\u00edna.<\/li>\n<\/ul>\n<h4><strong>Resultado negativo:<\/strong><\/h4>\n<p>Dado que es uno de los medicamentos sensibles y consumir Adderall 30 MG<strong><em>\u00a0<\/em><\/strong>incluso despu\u00e9s de la prescripci\u00f3n de un experto podr\u00eda tener un impacto negativo en la salud.<\/p>\n<ul>\n<li>Irritabilidad<\/li>\n<li>P\u00e9rdida de peso no saludable debido a la supresi\u00f3n del apetito<\/li>\n<li>Inquietud y patrones de sue\u00f1o alterados<\/li>\n<li>Problemas card\u00edacos graves<\/li>\n<\/ul>\n<h4><strong> En caso de abuso:<\/strong><\/h4>\n<p>Los m\u00e9dicos siempre advirtieron a los pacientes que tomaran la medicaci\u00f3n con entusiasmo y, aunque no quisieran, se abusaba de la ingesta de Adderall 30 MG, lo que dar\u00eda como resultado un aumento de los niveles de energ\u00eda junto con una vigorizaci\u00f3n intensa. Adem\u00e1s, el abuso de esta \u00faltima droga puede generar s\u00edntomas molestos como:<\/p>\n<ul>\n<li>Menos concentraci\u00f3n en las cosas<\/li>\n<li>Depresi\u00f3n y letargo<\/li>\n<li>Fatiga<\/li>\n<\/ul>\n<h4><strong>Puntos a tener en cuenta:<\/strong><\/h4>\n<p>Adem\u00e1s, antes de tomar Adderall 30 MG<strong><em>\u00a0<\/em><\/strong>hay algunos puntos a considerar.<\/p>\n<p>Los investigadores sugirieron a las personas que no lo consumieran si han estado usando inhibidores de la MAO, incluidos linezoild, inyecci\u00f3n de azul de metileno, isocarboxazida, rasagilina y otros, en los \u00faltimos 14 d\u00edas, ya que puede provocar una interacci\u00f3n intensa con los medicamentos. lo cual sin duda no es saludable.<\/p>\n<p>Adem\u00e1s, una persona con alergias a medicamentos estimulantes debe evitarlo o si ya est\u00e1 lidiando con:<\/p>\n<ul>\n<li>Cualquier enfermedad card\u00edaca o coronaria grave enfermedad<\/li>\n<li>Presi\u00f3n arterial (normal a alta)<\/li>\n<li>Ansiedad y tensi\u00f3n intensas<\/li>\n<li>Adicci\u00f3n a las drogas o al alcohol<\/li>\n<\/ul>\n<h4><strong>\u00bfQu\u00e9 pasa si una persona es dependiente de Adderall XR?<\/strong><\/h4>\n<p>La dependencia de tal droga tendr\u00eda dos tipos de resultados, es decir, psicol\u00f3gico y f\u00edsico.<\/p>\n<p>A la persona lo encontrar\u00eda psicol\u00f3gicamente dependiente o adicto a \u00e9l si lo toma a diario y se convierte en parte de su vida. Adem\u00e1s, un menor acceso a \u00e9l por cualquier motivo podr\u00eda ser perturbador y el estr\u00e9s o los dolores de cabeza ocurrir\u00edan con frecuencia en las personas psicol\u00f3gicamente adictivas.<\/p>\n<p>Adem\u00e1s, en primer lugar, para las personas psicol\u00f3gicamente dependientes que lo consum\u00edan a menudo llegaba a niveles peligrosos y ten\u00edan continuar su ingesta aunque signifique poner en riesgo su vida. Sin embargo, en tal caso, hay una cura disponible. Este h\u00e1bito se puede mejorar con un tratamiento psicol\u00f3gico para cambiar los patrones de comportamiento. Una terapia llamada terapia cognitiva conductual podr\u00eda ser \u00fatil, seg\u00fan los expertos.<\/p>\n<p>En segundo lugar, cuando la persona est\u00e1 acostumbrada a la disponibilidad de un nivel m\u00e1s alto de dopamina en su cerebro y restringe Adderall XR<em><strong>\u00a0<\/strong> <\/em>en tal caso, el nivel de dopamina podr\u00eda disminuir y la persona se enfrentar\u00eda a:<\/p>\n<p>&nbsp;<\/p>\n<ul>\n<li>Depresi\u00f3n o cansancio<\/li>\n<li>Dormir anormalmente o permanecer despierto por horas inusuales<\/li>\n<\/ul>\n<p>Es pertinente mencionar aqu\u00ed que esta dependencia f\u00edsica puede <a href=\"https:\/\/cs.wikipedia.org\/wiki\/Adderall\">despertar<\/a> ganas de consumirlo m\u00e1s para estar satisfecha, lo que puede llevar a una persona a varios efectos y a una sobredosis.<\/p>\n<p>Sin embargo, consumirlos solo despu\u00e9s del consejo de un experto o tomando todas las precauciones posibles puede evitar que las personas tengan resultados negativos<\/p>\n<h4><strong>\u00bfSabe d\u00f3nde comprar pastillas Adderall sin receta?<\/strong><\/h4>\n<p>P\u00edldoras Adderall a la venta, precio de venta de pastillas Adderall, dosificaci\u00f3n de pastillas Adderall, c\u00f3mo hacer pastillas Adderall, qu\u00e9 Puedo comprar pastillas Adderall en l\u00ednea, d\u00f3nde conseguir pastillas Adderall, qu\u00e9 son las pastillas Adderall, pastillas Adderall de primera calidad a la venta. Todas estas preguntas sin respuesta pueden obtener sus respuestas a trav\u00e9s de nosotros. Solo tiene que visitar nuestro sitio web y obtendr\u00e1 las respuestas sobre c\u00f3mo y d\u00f3nde puede comprar pastillas de metadona sin receta en l\u00ednea.<\/p>\n<p>\u00bfQu\u00e9 pasa con las pastillas de Adderall? \u00bfSabe tambi\u00e9n d\u00f3nde conseguir pastillas de Adderall para la venta en l\u00ednea sin receta? comprar pastillas Adderall a la venta, c\u00f3mo hacer pastillas Adderall, c\u00f3mo son las pastillas Adderall, precio de calle de las pastillas Adderall, precio de las pastillas Adderall, d\u00f3nde comprar pastillas Adderall, pastillas Adderall puras, d\u00f3nde puedo comprar pastillas Adderall en l\u00ednea sin receta, comprar pastillas puras P\u00edldoras de Adderall en l\u00ednea sin receta.<\/p>\n<p>P\u00edldoras de Adderall de buena calidad en l\u00ednea: Se entiende completamente que las personas no conf\u00edan r\u00e1pidamente en la calidad de las p\u00edldoras de Adderall en l\u00ednea que se venden en l\u00ednea porque no pueden examinarlas f\u00edsicamente. Pero no es lo mismo con los proveedores en l\u00ednea de p\u00edldoras Adderall en l\u00ednea. Los productos aqu\u00ed son fieles a su descripci\u00f3n con un mantenimiento de alta calidad realizado bajo la supervisi\u00f3n de expertos.<\/p>\n<p>Fast &amp; Env\u00edo discreto: la entrega de las p\u00edldoras Adderall en l\u00ednea despu\u00e9s de recibir el pedido se realiza dentro del plazo prometido. El equipo de env\u00edo pone todo su esfuerzo en hacer que el proceso de env\u00edo y entrega sea fluido y r\u00e1pido. Tambi\u00e9n puede esperar excelentes servicios al comprar p\u00edldoras de Adderall en l\u00ednea del profesional en la plataforma en l\u00ednea.<\/p>\n","protected":false},"excerpt":{"rendered":"<p>Adderall 30 MG es un tipo de droga que se forma combinando y dextroanfetamina. Estos dos componentes sirven como estimulantes primarios de un sistema nervioso. Adem\u00e1s, estos estimulantes impactan en las sustancias qu\u00edmicas del cerebro y los nervios para controlar los impulsos y la hiperactividad<\/p>\n","protected":false},"featured_media":7692,"comment_status":"open","ping_status":"closed","template":"","meta":{"inline_featured_image":false},"product_brand":[],"product_cat":[116],"product_tag":[153,155,154,159,158,156,157],"class_list":{"0":"post-7666","1":"product","2":"type-product","3":"status-publish","4":"has-post-thumbnail","6":"product_cat-pain-killers","7":"product_tag-adderall-30-mg-para-la-venta","8":"product_tag-como-comprar-adderall-30-mg-online","9":"product_tag-comprar-adderall-30-mg-online","10":"product_tag-donde-comprar-adderall-30-mg-online","11":"product_tag-el-mejor-lugar-para-comprar-adderall-30-mg-online","12":"product_tag-ordenar-adderall-30-mg-online","13":"product_tag-purchase-adderall-30-mg-online","15":"first","16":"instock","17":"shipping-taxable","18":"purchasable","19":"product-type-variable","20":"has-default-attributes"},"yoast_head":"<!-- This site is optimized with the Yoast SEO Premium plugin v19.2 (Yoast SEO v27.3) - https:\/\/yoast.com\/product\/yoast-seo-premium-wordpress\/ -->\n<title>Comprar pastillas de Adderall en l\u00ednea - Everyday Chem Shop<\/title>\n<meta name=\"description\" content=\"Comprar pastillas de Adderall en l\u00ednea. Si est\u00e1 buscando c\u00f3mo comprar p\u00edldoras Adderall en l\u00ednea, entonces est\u00e1 en el lugar correcto para comprar p\u00edldoras Adderall en l\u00ednea.\" \/>\n<meta name=\"robots\" content=\"index, follow, max-snippet:-1, max-image-preview:large, max-video-preview:-1\" \/>\n<link rel=\"canonical\" href=\"https:\/\/everydaychemshop.com\/es\/product\/comprar-adderall-pastillas-online\/\" \/>\n<meta property=\"og:locale\" content=\"en_US\" \/>\n<meta property=\"og:type\" content=\"article\" \/>\n<meta property=\"og:title\" content=\"Pastillas de Adderall\" \/>\n<meta property=\"og:description\" content=\"Comprar pastillas de Adderall en l\u00ednea. Si est\u00e1 buscando c\u00f3mo comprar p\u00edldoras Adderall en l\u00ednea, entonces est\u00e1 en el lugar correcto para comprar p\u00edldoras Adderall en l\u00ednea.\" \/>\n<meta property=\"og:url\" content=\"https:\/\/everydaychemshop.com\/es\/product\/comprar-adderall-pastillas-online\/\" \/>\n<meta property=\"og:site_name\" content=\"Everyday Chem Shop\" \/>\n<meta property=\"article:modified_time\" content=\"2023-04-07T09:16:10+00:00\" \/>\n<meta property=\"og:image\" content=\"https:\/\/everydaychemshop.com\/es\/wp-content\/uploads\/sites\/4\/2022\/11\/Buy-Adderall-30-MG.jpg\" \/>\n\t<meta property=\"og:image:width\" content=\"1200\" \/>\n\t<meta property=\"og:image:height\" content=\"1200\" \/>\n\t<meta property=\"og:image:type\" content=\"image\/jpeg\" \/>\n<meta name=\"twitter:card\" content=\"summary_large_image\" \/>\n<meta name=\"twitter:label1\" content=\"Est. reading time\" \/>\n\t<meta name=\"twitter:data1\" content=\"6 minutes\" \/>\n<script type=\"application\/ld+json\" class=\"yoast-schema-graph\">{\"@context\":\"https:\\\/\\\/schema.org\",\"@graph\":[{\"@type\":\"WebPage\",\"@id\":\"https:\\\/\\\/everydaychemshop.com\\\/es\\\/product\\\/comprar-adderall-pastillas-online\\\/\",\"url\":\"https:\\\/\\\/everydaychemshop.com\\\/es\\\/product\\\/comprar-adderall-pastillas-online\\\/\",\"name\":\"Comprar pastillas de Adderall en l\u00ednea - Everyday Chem Shop\",\"isPartOf\":{\"@id\":\"https:\\\/\\\/everydaychemshop.com\\\/es\\\/#website\"},\"primaryImageOfPage\":{\"@id\":\"https:\\\/\\\/everydaychemshop.com\\\/es\\\/product\\\/comprar-adderall-pastillas-online\\\/#primaryimage\"},\"image\":{\"@id\":\"https:\\\/\\\/everydaychemshop.com\\\/es\\\/product\\\/comprar-adderall-pastillas-online\\\/#primaryimage\"},\"thumbnailUrl\":\"https:\\\/\\\/everydaychemshop.com\\\/es\\\/wp-content\\\/uploads\\\/sites\\\/4\\\/2022\\\/11\\\/Buy-Adderall-30-MG.jpg\",\"datePublished\":\"2022-11-16T09:43:44+00:00\",\"dateModified\":\"2023-04-07T09:16:10+00:00\",\"description\":\"Comprar pastillas de Adderall en l\u00ednea. Si est\u00e1 buscando c\u00f3mo comprar p\u00edldoras Adderall en l\u00ednea, entonces est\u00e1 en el lugar correcto para comprar p\u00edldoras Adderall en l\u00ednea.\",\"breadcrumb\":{\"@id\":\"https:\\\/\\\/everydaychemshop.com\\\/es\\\/product\\\/comprar-adderall-pastillas-online\\\/#breadcrumb\"},\"inLanguage\":\"en-US\",\"potentialAction\":[{\"@type\":\"ReadAction\",\"target\":[\"https:\\\/\\\/everydaychemshop.com\\\/es\\\/product\\\/comprar-adderall-pastillas-online\\\/\"]}]},{\"@type\":\"ImageObject\",\"inLanguage\":\"en-US\",\"@id\":\"https:\\\/\\\/everydaychemshop.com\\\/es\\\/product\\\/comprar-adderall-pastillas-online\\\/#primaryimage\",\"url\":\"https:\\\/\\\/everydaychemshop.com\\\/es\\\/wp-content\\\/uploads\\\/sites\\\/4\\\/2022\\\/11\\\/Buy-Adderall-30-MG.jpg\",\"contentUrl\":\"https:\\\/\\\/everydaychemshop.com\\\/es\\\/wp-content\\\/uploads\\\/sites\\\/4\\\/2022\\\/11\\\/Buy-Adderall-30-MG.jpg\",\"width\":1200,\"height\":1200,\"caption\":\"Comprar pastillas de Adderall en l\u00ednea\"},{\"@type\":\"BreadcrumbList\",\"@id\":\"https:\\\/\\\/everydaychemshop.com\\\/es\\\/product\\\/comprar-adderall-pastillas-online\\\/#breadcrumb\",\"itemListElement\":[{\"@type\":\"ListItem\",\"position\":1,\"name\":\"Home\",\"item\":\"https:\\\/\\\/everydaychemshop.com\\\/es\\\/\"},{\"@type\":\"ListItem\",\"position\":2,\"name\":\"Productos\",\"item\":\"https:\\\/\\\/everydaychemshop.com\\\/es\\\/productos\\\/\"},{\"@type\":\"ListItem\",\"position\":3,\"name\":\"Pastillas de Adderall\"}]},{\"@type\":\"WebSite\",\"@id\":\"https:\\\/\\\/everydaychemshop.com\\\/es\\\/#website\",\"url\":\"https:\\\/\\\/everydaychemshop.com\\\/es\\\/\",\"name\":\"Everyday Chem Shop\",\"description\":\"\",\"potentialAction\":[{\"@type\":\"SearchAction\",\"target\":{\"@type\":\"EntryPoint\",\"urlTemplate\":\"https:\\\/\\\/everydaychemshop.com\\\/es\\\/?s={search_term_string}\"},\"query-input\":{\"@type\":\"PropertyValueSpecification\",\"valueRequired\":true,\"valueName\":\"search_term_string\"}}],\"inLanguage\":\"en-US\"}]}<\/script>\n<!-- \/ Yoast SEO Premium plugin. -->","yoast_head_json":{"title":"Comprar pastillas de Adderall en l\u00ednea - Everyday Chem Shop","description":"Comprar pastillas de Adderall en l\u00ednea. Si est\u00e1 buscando c\u00f3mo comprar p\u00edldoras Adderall en l\u00ednea, entonces est\u00e1 en el lugar correcto para comprar p\u00edldoras Adderall en l\u00ednea.","robots":{"index":"index","follow":"follow","max-snippet":"max-snippet:-1","max-image-preview":"max-image-preview:large","max-video-preview":"max-video-preview:-1"},"canonical":"https:\/\/everydaychemshop.com\/es\/product\/comprar-adderall-pastillas-online\/","og_locale":"en_US","og_type":"article","og_title":"Pastillas de Adderall","og_description":"Comprar pastillas de Adderall en l\u00ednea. Si est\u00e1 buscando c\u00f3mo comprar p\u00edldoras Adderall en l\u00ednea, entonces est\u00e1 en el lugar correcto para comprar p\u00edldoras Adderall en l\u00ednea.","og_url":"https:\/\/everydaychemshop.com\/es\/product\/comprar-adderall-pastillas-online\/","og_site_name":"Everyday Chem Shop","article_modified_time":"2023-04-07T09:16:10+00:00","og_image":[{"width":1200,"height":1200,"url":"https:\/\/everydaychemshop.com\/es\/wp-content\/uploads\/sites\/4\/2022\/11\/Buy-Adderall-30-MG.jpg","type":"image\/jpeg"}],"twitter_card":"summary_large_image","twitter_misc":{"Est. reading time":"6 minutes"},"schema":{"@context":"https:\/\/schema.org","@graph":[{"@type":"WebPage","@id":"https:\/\/everydaychemshop.com\/es\/product\/comprar-adderall-pastillas-online\/","url":"https:\/\/everydaychemshop.com\/es\/product\/comprar-adderall-pastillas-online\/","name":"Comprar pastillas de Adderall en l\u00ednea - Everyday Chem Shop","isPartOf":{"@id":"https:\/\/everydaychemshop.com\/es\/#website"},"primaryImageOfPage":{"@id":"https:\/\/everydaychemshop.com\/es\/product\/comprar-adderall-pastillas-online\/#primaryimage"},"image":{"@id":"https:\/\/everydaychemshop.com\/es\/product\/comprar-adderall-pastillas-online\/#primaryimage"},"thumbnailUrl":"https:\/\/everydaychemshop.com\/es\/wp-content\/uploads\/sites\/4\/2022\/11\/Buy-Adderall-30-MG.jpg","datePublished":"2022-11-16T09:43:44+00:00","dateModified":"2023-04-07T09:16:10+00:00","description":"Comprar pastillas de Adderall en l\u00ednea. Si est\u00e1 buscando c\u00f3mo comprar p\u00edldoras Adderall en l\u00ednea, entonces est\u00e1 en el lugar correcto para comprar p\u00edldoras Adderall en l\u00ednea.","breadcrumb":{"@id":"https:\/\/everydaychemshop.com\/es\/product\/comprar-adderall-pastillas-online\/#breadcrumb"},"inLanguage":"en-US","potentialAction":[{"@type":"ReadAction","target":["https:\/\/everydaychemshop.com\/es\/product\/comprar-adderall-pastillas-online\/"]}]},{"@type":"ImageObject","inLanguage":"en-US","@id":"https:\/\/everydaychemshop.com\/es\/product\/comprar-adderall-pastillas-online\/#primaryimage","url":"https:\/\/everydaychemshop.com\/es\/wp-content\/uploads\/sites\/4\/2022\/11\/Buy-Adderall-30-MG.jpg","contentUrl":"https:\/\/everydaychemshop.com\/es\/wp-content\/uploads\/sites\/4\/2022\/11\/Buy-Adderall-30-MG.jpg","width":1200,"height":1200,"caption":"Comprar pastillas de Adderall en l\u00ednea"},{"@type":"BreadcrumbList","@id":"https:\/\/everydaychemshop.com\/es\/product\/comprar-adderall-pastillas-online\/#breadcrumb","itemListElement":[{"@type":"ListItem","position":1,"name":"Home","item":"https:\/\/everydaychemshop.com\/es\/"},{"@type":"ListItem","position":2,"name":"Productos","item":"https:\/\/everydaychemshop.com\/es\/productos\/"},{"@type":"ListItem","position":3,"name":"Pastillas de Adderall"}]},{"@type":"WebSite","@id":"https:\/\/everydaychemshop.com\/es\/#website","url":"https:\/\/everydaychemshop.com\/es\/","name":"Everyday Chem Shop","description":"","potentialAction":[{"@type":"SearchAction","target":{"@type":"EntryPoint","urlTemplate":"https:\/\/everydaychemshop.com\/es\/?s={search_term_string}"},"query-input":{"@type":"PropertyValueSpecification","valueRequired":true,"valueName":"search_term_string"}}],"inLanguage":"en-US"}]}},"_links":{"self":[{"href":"https:\/\/everydaychemshop.com\/es\/wp-json\/wp\/v2\/product\/7666","targetHints":{"allow":["GET"]}}],"collection":[{"href":"https:\/\/everydaychemshop.com\/es\/wp-json\/wp\/v2\/product"}],"about":[{"href":"https:\/\/everydaychemshop.com\/es\/wp-json\/wp\/v2\/types\/product"}],"replies":[{"embeddable":true,"href":"https:\/\/everydaychemshop.com\/es\/wp-json\/wp\/v2\/comments?post=7666"}],"wp:featuredmedia":[{"embeddable":true,"href":"https:\/\/everydaychemshop.com\/es\/wp-json\/wp\/v2\/media\/7692"}],"wp:attachment":[{"href":"https:\/\/everydaychemshop.com\/es\/wp-json\/wp\/v2\/media?parent=7666"}],"wp:term":[{"taxonomy":"product_brand","embeddable":true,"href":"https:\/\/everydaychemshop.com\/es\/wp-json\/wp\/v2\/product_brand?post=7666"},{"taxonomy":"product_cat","embeddable":true,"href":"https:\/\/everydaychemshop.com\/es\/wp-json\/wp\/v2\/product_cat?post=7666"},{"taxonomy":"product_tag","embeddable":true,"href":"https:\/\/everydaychemshop.com\/es\/wp-json\/wp\/v2\/product_tag?post=7666"}],"curies":[{"name":"wp","href":"https:\/\/api.w.org\/{rel}","templated":true}]}}