{"id":7672,"date":"2022-11-16T09:43:46","date_gmt":"2022-11-16T09:43:46","guid":{"rendered":"https:\/\/everydaychemshop.com\/es\/?post_type=product&#038;p=7672"},"modified":"2023-04-07T09:14:43","modified_gmt":"2023-04-07T09:14:43","slug":"comprar-pastillas-de-metadona-online","status":"publish","type":"product","link":"https:\/\/everydaychemshop.com\/es\/product\/comprar-pastillas-de-metadona-online\/","title":{"rendered":"Pastillas de metadona"},"content":{"rendered":"<h1>Comprar pastillas de metadona en l\u00ednea<\/h1>\n<p><a href=\"https:\/\/everydaychemshop.com\/es\/product\/comprar-pastillas-de-metadona-online\/\">Comprar pastillas de metadona en l\u00ednea<\/a>, la metadona es un medicamento opioide de acci\u00f3n prolongada que se usa para reemplazar los opioides de acci\u00f3n m\u00e1s corta a los que una persona puede ser adicta, como la hero\u00edna, la oxicodona, el fentanilo o la hidromorfona. De acci\u00f3n prolongada significa que el medicamento funciona m\u00e1s lentamente en el cuerpo y durante un per\u00edodo de tiempo m\u00e1s prolongado. Los efectos de la metadona duran de 24 a 36 horas. Por el contrario, una persona que usa opioides de acci\u00f3n corta para evitar la abstinencia debe tomarlos de tres a cuatro veces al d\u00eda. Compre pastillas de metadona en la web<\/p>\n<p>Cuando la metadona se toma en la dosis correcta, previene los s\u00edntomas de abstinencia <a href=\"https:\/\/es.wikipedia.org\/wiki\/Metadona\">y<\/a> reduce los antojos de la droga sin hacer que la persona se sienta drogada (euf\u00f3rica) o somnolienta. Esto reduce los da\u00f1os asociados con el abuso de opioides y brinda a las personas adictas a los opioides la oportunidad de estabilizar sus vidas. Este tratamiento se conoce como terapia de mantenimiento con metadona, que es un tipo de terapia con agonistas opioides. La terapia con metadona para la adicci\u00f3n a los opioides funciona de manera similar a la buprenorfina, <a href=\"https:\/\/en.wikipedia.org\/wiki\/Methadone\">otra<\/a> terapia con agonistas opioides. Compre pastillas de metadona en l\u00ednea<\/p>\n<p>\u00bfSufre de dolor? ahora puede obtener su medicamento para el dolor desde la comodidad de su hogar u oficina, vendemos las mejores pastillas m\u00e9dicas para el dolor para aliviar el dolor y muchas otras afecciones, como; Xanax, Oxycontin, Oxicodona, Dilaudid, Demerol, Metadona (Dolophine, Metadosa), Roxicodona, Diazepam, Ritalin, Percocet, Concerta, Tramadol, Adderall, Hidrocodona, Morfina. Tenemos un registro del 100% de partos exitosos.<\/p>\n<p>Contamos con medicamentos para el tratamiento del dolor de espalda cr\u00f3nico, tos, ansiedad, trastorno de p\u00e1nico, depresi\u00f3n, disfunci\u00f3n er\u00e9ctil, disfunci\u00f3n sexual, narcolepsia, obesidad, depresi\u00f3n, fatiga , suplemento para bajar de peso y m\u00e1s en l\u00ednea (sin receta m\u00e9dica) compre pastillas de metadona en l\u00ednea<\/p>\n<p>&#8211; Sin receta m\u00e9dica<br \/>\n&#8211; Entrega urgente al d\u00eda siguiente o al d\u00eda siguiente<br \/>\n&#8211; El paquete est\u00e1 sellado y envuelto de manera muy discreta con papel de aluminio, seguro y protegido<br \/>\n&#8211; No se requiere firma cuando llega el paquete<br \/>\n&#8211; 100 % de servicio y soporte al cliente.<br \/>\n&#8211; Garant\u00eda de devoluci\u00f3n de dinero<br \/>\n&#8211; Ofrecemos entrega puerta a puerta servicio<br \/>\n&#8211; Excelentes e insuperables precios.<\/p>\n<p>Envolvemos cuidadosamente los paquetes con tungsteno y papel carb\u00f3n para evitar las m\u00e1quinas de rayos x de aduanas en los aeropuertos. Los paquetes est\u00e1n bellamente envueltos con papeles de regalo desde el exterior.<\/p>\n<h4>Dolophine (Methadone)<\/h4>\n<p>Dolophine Metadona 10MG,\u00a0este\u00a0medicamento\u00a0se usa para tratar el dolor intenso continuo (como el causado por el c\u00e1ncer). La metadona\u00a0pertenece a una clase de f\u00e1rmacos conocidos como analg\u00e9sicos opi\u00e1ceos (narc\u00f3ticos). Funciona en el cerebro para cambiar la forma en que su cuerpo se siente y responde al dolor.<\/p>\n<p>Dolophine Metadona 10MG, no use este medicamento para aliviar el dolor leve o que desaparecer\u00e1 en unos d\u00edas (como dolor de la cirug\u00eda). Este medicamento no es para uso ocasional (&#8220;seg\u00fan sea necesario&#8221;).<\/p>\n<p>Dolophine Metadona 10MG, este medicamento tambi\u00e9n se usa para tratar la adicci\u00f3n a los opi\u00e1ceos (como Heriod) como parte de un programa de tratamiento aprobado. Ayuda a prevenir los s\u00edntomas de abstinencia causados \u200b\u200bpor la suspensi\u00f3n de otros opioides.<\/p>\n<h4>C\u00f3mo usar Dolophine (Methadone) 10MG<\/h4>\n<p>Consulte tambi\u00e9n la secci\u00f3n de Advertencia.<\/p>\n<p>Lea\u00a0Dolophine Metadone 10MG Gu\u00eda y Folleto de informaci\u00f3n para el paciente, si lo tiene su farmac\u00e9utico, antes de empezar a usar metadona y cada vez que renueve su receta. Si tiene alguna duda, consulte a su m\u00e9dico o farmac\u00e9utico.<\/p>\n<p>Dolophine Metadona 10 mg, tome este medicamento por v\u00eda oral siguiendo un horario regular seg\u00fan las indicaciones de su m\u00e9dico y no seg\u00fan sea necesario para el dolor repentino (irruptivo). Puede tomar este medicamento con o sin alimentos. Si tiene n\u00e1useas, puede ser \u00fatil tomar este medicamento con alimentos. Preg\u00fantele a su m\u00e9dico o farmac\u00e9utico acerca de otras formas de disminuir las n\u00e1useas (por ejemplo, recostarse durante 1 a 2 horas con el menor movimiento posible de la cabeza).<\/p>\n<p>Si est\u00e1 usando la formulaci\u00f3n l\u00edquida de este medicamento, mida la dosificar con cuidado utilizando un dispositivo\/cuchara de medici\u00f3n especial. No use una cuchara dom\u00e9stica porque es posible que no obtenga la dosis correcta.<\/p>\n<p>La dosificaci\u00f3n depender\u00e1 de su afecci\u00f3n m\u00e9dica y de su respuesta al tratamiento.<\/p>\n<p>Dolophine Metadona 10 mg,\u00a0este\u00a0medicamento\u00a0se usa para tratar el dolor continuo intenso (como el debido al c\u00e1ncer). La metadona\u00a0pertenece a una clase de f\u00e1rmacos conocidos como analg\u00e9sicos opi\u00e1ceos (narc\u00f3ticos). Act\u00faa en el cerebro para cambiar la forma en que su cuerpo se siente y responde al dolor.Este medicamento puede causar reacciones de abstinencia, especialmente si lo usa regularmente durante un per\u00edodo prolongado o en dosis altas. En tales casos, pueden presentarse s\u00edntomas de abstinencia (por ejemplo, inquietud, ojos llorosos, ruidos, n\u00e1useas, sudoraci\u00f3n, dolores musculares) si deja de usar este medicamento repentinamente. Para prevenir las reacciones de abstinencia, su m\u00e9dico puede reducir su dosis gradualmente. Consulte a su m\u00e9dico o farmac\u00e9utico para obtener m\u00e1s detalles e informe de inmediato cualquier reacci\u00f3n de abstinencia.<\/p>\n<p>Aunque ayuda a muchas personas, este medicamento a veces puede causar adicci\u00f3n. Este riesgo puede ser mayor si tiene un trastorno por uso de sustancias (como el uso excesivo o la adicci\u00f3n a las drogas\/el alcohol). Tome este medicamento exactamente como se lo recetaron para reducir el riesgo de adicci\u00f3n. Detener el tratamiento de mantenimiento con metadona tiene un alto riesgo de volver al abuso de Dolophine Metadona 10 mg. Consulte a su m\u00e9dico o farmac\u00e9utico para obtener m\u00e1s informaci\u00f3n.<\/p>\n<p>Informe a su m\u00e9dico si su afecci\u00f3n persiste o empeora. Dolophine (Methadone) 10MG.<\/p>\n<p>Pastillas de metadona a la venta, metadona a la venta, metadona a la venta en l\u00ednea, tabletas de metadona a la venta, metadona a la venta sin receta, precio de metadona en la calle, Compre pastillas de metadona en la web.<\/p>\n<p><strong>\u00bfSabe d\u00f3nde comprar pastillas de metadona sin receta?<\/strong><\/p>\n<p>Pastillas de metadona a la venta, precio de venta de pastillas de metadona, dosificaci\u00f3n de pastillas de metadona, c\u00f3mo hacer pastillas de metadona , \u00bfd\u00f3nde puedo comprar pastillas de metadona en l\u00ednea?, \u00bfd\u00f3nde conseguir pastillas de metadona?, \u00bfqu\u00e9 son las pastillas de metadona? Todas estas preguntas sin respuesta pueden obtener sus respuestas a trav\u00e9s de nosotros. Solo tiene que visitar nuestro sitio web y obtendr\u00e1 las respuestas sobre c\u00f3mo y d\u00f3nde puede comprar pastillas de metadona sin receta en l\u00ednea.<\/p>\n<p>\u00bfQu\u00e9 pasa con las pastillas de metadona? \u00bfT\u00fa tambi\u00e9n sabes d\u00f3nde conseguir pastillas de Metadona a la venta online sin receta? comprar pastillas de metadona a la venta, c\u00f3mo hacer pastillas de metadona, c\u00f3mo son las pastillas de metadona, precio de calle de las pastillas de metadona, precio de las pastillas de metadona, d\u00f3nde comprar pastillas de metadona, pastillas de metadona pura, d\u00f3nde puedo comprar pastillas de metadona en l\u00ednea sin receta, comprar pastillas puras P\u00edldoras de metadona en l\u00ednea sin receta m\u00e9dica.<\/p>\n<p>P\u00edldoras de metadona en l\u00ednea de buena calidad: Se entiende completamente que las personas no conf\u00edan r\u00e1pidamente en la calidad de las p\u00edldoras de metadona en l\u00ednea que se venden en l\u00ednea porque no pueden examinarlas f\u00edsicamente. Pero no es lo mismo con los proveedores en l\u00ednea de p\u00edldoras de metadona en l\u00ednea. Los productos aqu\u00ed son fieles a su descripci\u00f3n con un mantenimiento de alta calidad realizado bajo la supervisi\u00f3n de expertos.<\/p>\n<p>Fast &amp; Env\u00edo discreto: La entrega de las p\u00edldoras de metadona en l\u00ednea despu\u00e9s de recibir el pedido se realiza dentro del plazo prometido. El equipo de env\u00edo pone todo su esfuerzo en hacer que el proceso de env\u00edo y entrega sea fluido y r\u00e1pido. Tambi\u00e9n puede esperar excelentes servicios al comprar pastillas de metadona en l\u00ednea del profesional en la plataforma en l\u00ednea.<\/p>\n","protected":false},"excerpt":{"rendered":"<p>La METADONA es un analg\u00e9sico. Se utiliza para tratar el dolor intenso. El medicamento tambi\u00e9n se utiliza para prevenir los s\u00edntomas de abstinencia en personas adictas a otras drogas<\/p>\n","protected":false},"featured_media":7693,"comment_status":"open","ping_status":"closed","template":"","meta":{"inline_featured_image":false},"product_brand":[],"product_cat":[116],"product_tag":[160,162,163,164,165,161,167,166],"class_list":{"0":"post-7672","1":"product","2":"type-product","3":"status-publish","4":"has-post-thumbnail","6":"product_cat-pain-killers","7":"product_tag-cmo-conseguir-metadona","8":"product_tag-methadone-for-sale","9":"product_tag-methadone-for-sale-no-prescription","10":"product_tag-methadone-for-sale-online","11":"product_tag-methadone-pills-for-sale","12":"product_tag-metadona-10mg-pastillas","13":"product_tag-tabletas-de-metadona-a-la-venta","14":"product_tag-metadona-calle-valor","16":"first","17":"instock","18":"shipping-taxable","19":"purchasable","20":"product-type-variable","21":"has-default-attributes"},"yoast_head":"<!-- This site is optimized with the Yoast SEO Premium plugin v19.2 (Yoast SEO v27.3) - https:\/\/yoast.com\/product\/yoast-seo-premium-wordpress\/ -->\n<title>Comprar pastillas de metadona en l\u00ednea - Everyday Chem Shop<\/title>\n<meta name=\"description\" content=\"Comprar pastillas de metadona en l\u00ednea. Si est\u00e1 buscando c\u00f3mo comprar pastillas de metadona en l\u00ednea, entonces est\u00e1 en el lugar correcto para comprar pastillas de metadona en l\u00ednea.\" \/>\n<meta name=\"robots\" content=\"index, follow, max-snippet:-1, max-image-preview:large, max-video-preview:-1\" \/>\n<link rel=\"canonical\" href=\"https:\/\/everydaychemshop.com\/es\/product\/comprar-pastillas-de-metadona-online\/\" \/>\n<meta property=\"og:locale\" content=\"en_US\" \/>\n<meta property=\"og:type\" content=\"article\" \/>\n<meta property=\"og:title\" content=\"Pastillas de metadona\" \/>\n<meta property=\"og:description\" content=\"Comprar pastillas de metadona en l\u00ednea. Si est\u00e1 buscando c\u00f3mo comprar pastillas de metadona en l\u00ednea, entonces est\u00e1 en el lugar correcto para comprar pastillas de metadona en l\u00ednea.\" \/>\n<meta property=\"og:url\" content=\"https:\/\/everydaychemshop.com\/es\/product\/comprar-pastillas-de-metadona-online\/\" \/>\n<meta property=\"og:site_name\" content=\"Everyday Chem Shop\" \/>\n<meta property=\"article:modified_time\" content=\"2023-04-07T09:14:43+00:00\" \/>\n<meta property=\"og:image\" content=\"https:\/\/everydaychemshop.com\/es\/wp-content\/uploads\/sites\/4\/2022\/11\/Dolophine-Methadone-10-MG.jpg\" \/>\n\t<meta property=\"og:image:width\" content=\"1200\" \/>\n\t<meta property=\"og:image:height\" content=\"1200\" \/>\n\t<meta property=\"og:image:type\" content=\"image\/jpeg\" \/>\n<meta name=\"twitter:card\" content=\"summary_large_image\" \/>\n<meta name=\"twitter:label1\" content=\"Est. reading time\" \/>\n\t<meta name=\"twitter:data1\" content=\"6 minutes\" \/>\n<script type=\"application\/ld+json\" class=\"yoast-schema-graph\">{\"@context\":\"https:\\\/\\\/schema.org\",\"@graph\":[{\"@type\":\"WebPage\",\"@id\":\"https:\\\/\\\/everydaychemshop.com\\\/es\\\/product\\\/comprar-pastillas-de-metadona-online\\\/\",\"url\":\"https:\\\/\\\/everydaychemshop.com\\\/es\\\/product\\\/comprar-pastillas-de-metadona-online\\\/\",\"name\":\"Comprar pastillas de metadona en l\u00ednea - Everyday Chem Shop\",\"isPartOf\":{\"@id\":\"https:\\\/\\\/everydaychemshop.com\\\/es\\\/#website\"},\"primaryImageOfPage\":{\"@id\":\"https:\\\/\\\/everydaychemshop.com\\\/es\\\/product\\\/comprar-pastillas-de-metadona-online\\\/#primaryimage\"},\"image\":{\"@id\":\"https:\\\/\\\/everydaychemshop.com\\\/es\\\/product\\\/comprar-pastillas-de-metadona-online\\\/#primaryimage\"},\"thumbnailUrl\":\"https:\\\/\\\/everydaychemshop.com\\\/es\\\/wp-content\\\/uploads\\\/sites\\\/4\\\/2022\\\/11\\\/Dolophine-Methadone-10-MG.jpg\",\"datePublished\":\"2022-11-16T09:43:46+00:00\",\"dateModified\":\"2023-04-07T09:14:43+00:00\",\"description\":\"Comprar pastillas de metadona en l\u00ednea. Si est\u00e1 buscando c\u00f3mo comprar pastillas de metadona en l\u00ednea, entonces est\u00e1 en el lugar correcto para comprar pastillas de metadona en l\u00ednea.\",\"breadcrumb\":{\"@id\":\"https:\\\/\\\/everydaychemshop.com\\\/es\\\/product\\\/comprar-pastillas-de-metadona-online\\\/#breadcrumb\"},\"inLanguage\":\"en-US\",\"potentialAction\":[{\"@type\":\"ReadAction\",\"target\":[\"https:\\\/\\\/everydaychemshop.com\\\/es\\\/product\\\/comprar-pastillas-de-metadona-online\\\/\"]}]},{\"@type\":\"ImageObject\",\"inLanguage\":\"en-US\",\"@id\":\"https:\\\/\\\/everydaychemshop.com\\\/es\\\/product\\\/comprar-pastillas-de-metadona-online\\\/#primaryimage\",\"url\":\"https:\\\/\\\/everydaychemshop.com\\\/es\\\/wp-content\\\/uploads\\\/sites\\\/4\\\/2022\\\/11\\\/Dolophine-Methadone-10-MG.jpg\",\"contentUrl\":\"https:\\\/\\\/everydaychemshop.com\\\/es\\\/wp-content\\\/uploads\\\/sites\\\/4\\\/2022\\\/11\\\/Dolophine-Methadone-10-MG.jpg\",\"width\":1200,\"height\":1200,\"caption\":\"Comprar pastillas de metadona en l\u00ednea\"},{\"@type\":\"BreadcrumbList\",\"@id\":\"https:\\\/\\\/everydaychemshop.com\\\/es\\\/product\\\/comprar-pastillas-de-metadona-online\\\/#breadcrumb\",\"itemListElement\":[{\"@type\":\"ListItem\",\"position\":1,\"name\":\"Home\",\"item\":\"https:\\\/\\\/everydaychemshop.com\\\/es\\\/\"},{\"@type\":\"ListItem\",\"position\":2,\"name\":\"Productos\",\"item\":\"https:\\\/\\\/everydaychemshop.com\\\/es\\\/productos\\\/\"},{\"@type\":\"ListItem\",\"position\":3,\"name\":\"Pastillas de metadona\"}]},{\"@type\":\"WebSite\",\"@id\":\"https:\\\/\\\/everydaychemshop.com\\\/es\\\/#website\",\"url\":\"https:\\\/\\\/everydaychemshop.com\\\/es\\\/\",\"name\":\"Everyday Chem Shop\",\"description\":\"\",\"potentialAction\":[{\"@type\":\"SearchAction\",\"target\":{\"@type\":\"EntryPoint\",\"urlTemplate\":\"https:\\\/\\\/everydaychemshop.com\\\/es\\\/?s={search_term_string}\"},\"query-input\":{\"@type\":\"PropertyValueSpecification\",\"valueRequired\":true,\"valueName\":\"search_term_string\"}}],\"inLanguage\":\"en-US\"}]}<\/script>\n<!-- \/ Yoast SEO Premium plugin. -->","yoast_head_json":{"title":"Comprar pastillas de metadona en l\u00ednea - Everyday Chem Shop","description":"Comprar pastillas de metadona en l\u00ednea. Si est\u00e1 buscando c\u00f3mo comprar pastillas de metadona en l\u00ednea, entonces est\u00e1 en el lugar correcto para comprar pastillas de metadona en l\u00ednea.","robots":{"index":"index","follow":"follow","max-snippet":"max-snippet:-1","max-image-preview":"max-image-preview:large","max-video-preview":"max-video-preview:-1"},"canonical":"https:\/\/everydaychemshop.com\/es\/product\/comprar-pastillas-de-metadona-online\/","og_locale":"en_US","og_type":"article","og_title":"Pastillas de metadona","og_description":"Comprar pastillas de metadona en l\u00ednea. Si est\u00e1 buscando c\u00f3mo comprar pastillas de metadona en l\u00ednea, entonces est\u00e1 en el lugar correcto para comprar pastillas de metadona en l\u00ednea.","og_url":"https:\/\/everydaychemshop.com\/es\/product\/comprar-pastillas-de-metadona-online\/","og_site_name":"Everyday Chem Shop","article_modified_time":"2023-04-07T09:14:43+00:00","og_image":[{"width":1200,"height":1200,"url":"https:\/\/everydaychemshop.com\/es\/wp-content\/uploads\/sites\/4\/2022\/11\/Dolophine-Methadone-10-MG.jpg","type":"image\/jpeg"}],"twitter_card":"summary_large_image","twitter_misc":{"Est. reading time":"6 minutes"},"schema":{"@context":"https:\/\/schema.org","@graph":[{"@type":"WebPage","@id":"https:\/\/everydaychemshop.com\/es\/product\/comprar-pastillas-de-metadona-online\/","url":"https:\/\/everydaychemshop.com\/es\/product\/comprar-pastillas-de-metadona-online\/","name":"Comprar pastillas de metadona en l\u00ednea - Everyday Chem Shop","isPartOf":{"@id":"https:\/\/everydaychemshop.com\/es\/#website"},"primaryImageOfPage":{"@id":"https:\/\/everydaychemshop.com\/es\/product\/comprar-pastillas-de-metadona-online\/#primaryimage"},"image":{"@id":"https:\/\/everydaychemshop.com\/es\/product\/comprar-pastillas-de-metadona-online\/#primaryimage"},"thumbnailUrl":"https:\/\/everydaychemshop.com\/es\/wp-content\/uploads\/sites\/4\/2022\/11\/Dolophine-Methadone-10-MG.jpg","datePublished":"2022-11-16T09:43:46+00:00","dateModified":"2023-04-07T09:14:43+00:00","description":"Comprar pastillas de metadona en l\u00ednea. Si est\u00e1 buscando c\u00f3mo comprar pastillas de metadona en l\u00ednea, entonces est\u00e1 en el lugar correcto para comprar pastillas de metadona en l\u00ednea.","breadcrumb":{"@id":"https:\/\/everydaychemshop.com\/es\/product\/comprar-pastillas-de-metadona-online\/#breadcrumb"},"inLanguage":"en-US","potentialAction":[{"@type":"ReadAction","target":["https:\/\/everydaychemshop.com\/es\/product\/comprar-pastillas-de-metadona-online\/"]}]},{"@type":"ImageObject","inLanguage":"en-US","@id":"https:\/\/everydaychemshop.com\/es\/product\/comprar-pastillas-de-metadona-online\/#primaryimage","url":"https:\/\/everydaychemshop.com\/es\/wp-content\/uploads\/sites\/4\/2022\/11\/Dolophine-Methadone-10-MG.jpg","contentUrl":"https:\/\/everydaychemshop.com\/es\/wp-content\/uploads\/sites\/4\/2022\/11\/Dolophine-Methadone-10-MG.jpg","width":1200,"height":1200,"caption":"Comprar pastillas de metadona en l\u00ednea"},{"@type":"BreadcrumbList","@id":"https:\/\/everydaychemshop.com\/es\/product\/comprar-pastillas-de-metadona-online\/#breadcrumb","itemListElement":[{"@type":"ListItem","position":1,"name":"Home","item":"https:\/\/everydaychemshop.com\/es\/"},{"@type":"ListItem","position":2,"name":"Productos","item":"https:\/\/everydaychemshop.com\/es\/productos\/"},{"@type":"ListItem","position":3,"name":"Pastillas de metadona"}]},{"@type":"WebSite","@id":"https:\/\/everydaychemshop.com\/es\/#website","url":"https:\/\/everydaychemshop.com\/es\/","name":"Everyday Chem Shop","description":"","potentialAction":[{"@type":"SearchAction","target":{"@type":"EntryPoint","urlTemplate":"https:\/\/everydaychemshop.com\/es\/?s={search_term_string}"},"query-input":{"@type":"PropertyValueSpecification","valueRequired":true,"valueName":"search_term_string"}}],"inLanguage":"en-US"}]}},"_links":{"self":[{"href":"https:\/\/everydaychemshop.com\/es\/wp-json\/wp\/v2\/product\/7672","targetHints":{"allow":["GET"]}}],"collection":[{"href":"https:\/\/everydaychemshop.com\/es\/wp-json\/wp\/v2\/product"}],"about":[{"href":"https:\/\/everydaychemshop.com\/es\/wp-json\/wp\/v2\/types\/product"}],"replies":[{"embeddable":true,"href":"https:\/\/everydaychemshop.com\/es\/wp-json\/wp\/v2\/comments?post=7672"}],"wp:featuredmedia":[{"embeddable":true,"href":"https:\/\/everydaychemshop.com\/es\/wp-json\/wp\/v2\/media\/7693"}],"wp:attachment":[{"href":"https:\/\/everydaychemshop.com\/es\/wp-json\/wp\/v2\/media?parent=7672"}],"wp:term":[{"taxonomy":"product_brand","embeddable":true,"href":"https:\/\/everydaychemshop.com\/es\/wp-json\/wp\/v2\/product_brand?post=7672"},{"taxonomy":"product_cat","embeddable":true,"href":"https:\/\/everydaychemshop.com\/es\/wp-json\/wp\/v2\/product_cat?post=7672"},{"taxonomy":"product_tag","embeddable":true,"href":"https:\/\/everydaychemshop.com\/es\/wp-json\/wp\/v2\/product_tag?post=7672"}],"curies":[{"name":"wp","href":"https:\/\/api.w.org\/{rel}","templated":true}]}}