{"id":7699,"date":"2022-11-16T09:44:40","date_gmt":"2022-11-16T09:44:40","guid":{"rendered":"https:\/\/everydaychemshop.com\/es\/?post_type=product&#038;p=7699"},"modified":"2023-04-07T09:09:32","modified_gmt":"2023-04-07T09:09:32","slug":"comprar-dilaudid-pastillas-online","status":"publish","type":"product","link":"https:\/\/everydaychemshop.com\/es\/product\/comprar-dilaudid-pastillas-online\/","title":{"rendered":"Pastillas Dilaudid"},"content":{"rendered":"<h1>Comprar pastillas Dilaudid online<\/h1>\n<p><a href=\"https:\/\/everydaychemshop.com\/es\/product\/comprar-dilaudid-pastillas-online\/\">Comprar pastillas Dilaudid online<\/a>. Compre Dilaudid 8 mg, Hydromorphone es un analg\u00e9sico opioide. Un opioide a veces se denomina narc\u00f3tico.<\/p>\n<p>Dilaudid 8 mg se usa para tratar el dolor moderado a intenso .<\/p>\n<p>La forma de liberaci\u00f3n prolongada de este medicamento es para el tratamiento continuo del dolor moderado a intenso. Esta presentaci\u00f3n de Dilaudid 8 mg no se usa seg\u00fan sea necesario para el dolor.<\/p>\n<p>Dilaudid 8 mg Hydromorphone tambi\u00e9n puede usarse para fines no mencionados en esta gu\u00eda del medicamento.<\/p>\n<h4>\u00bfCu\u00e1l es la informaci\u00f3n m\u00e1s importante que debo saber sobre la hidromorfona?<\/h4>\n<p>No debe tomar hidromorfona si tiene problemas respiratorios graves o <a href=\"https:\/\/es.wikipedia.org\/wiki\/Opioide\">una<\/a> obstrucci\u00f3n en el est\u00f3mago o los intestinos.<\/p>\n<p><b> Dilaudid 8 mg de hidromorfona puede hacer que su respiraci\u00f3n sea m\u00e1s lenta o detenerse, y puede crear h\u00e1bito.<\/b>\u00a0Use solo la dosis recetada y trague una p\u00edldora de liberaci\u00f3n prolongada entera para evitar una dosis potencialmente fatal. Nunca comparta Dilaudid 8 mg con otra persona.<\/p>\n<figure class=\"promo-box vmig slideshow ga-event\" data-ga_event-category=\"Slideshow\" data-ga_event-action=\"SS-Promo-Impression\" data-ga_event-noninteraction=\"true\"><figcaption><\/figcaption><\/figure>\n<p><strong>EL USO INCORRECTO DE MEDICAMENTOS NARC\u00d3TICOS PUEDE CAUSAR ADICCI\u00d3N, SOBREDOSIS O LA MUERTE, especialmente en un ni\u00f1o u otra persona que usa el medicamento sin receta m\u00e9dica.<\/strong><\/p>\n<p><strong>Dilaudid 8 mg puede causar s\u00edntomas de abstinencia potencialmente mortales en un reci\u00e9n nacido si la madre ha tomado este medicamento durante el embarazo.<\/strong><\/p>\n<p><b>No beba alcohol.<\/b>\u00a0Efectos secundarios peligrosos o la muerte podr\u00edan ocurrir.<\/p>\n<p>\u00bfQu\u00e9 debo discutir con mi proveedor de atenci\u00f3n m\u00e9dica antes de usar hidromorfona?<\/p>\n<p>Debe No tome este medicamento si alguna vez ha tenido una reacci\u00f3n al\u00e9rgica a la hidromorfona u otros medicamentos narc\u00f3ticos, o si tiene:<\/p>\n<ul>\n<li>asma grave o problemas respiratorios;<\/li>\n<li>un bloqueo en su est\u00f3mago o intestinos; o<\/li>\n<li>una obstrucci\u00f3n intestinal llamada \u00edleo paral\u00edtico.<\/li>\n<\/ul>\n<p>Dilaudid 8 mg de hidromorfona si ha usado un inhibidor de la MAO en los \u00faltimos 14 d\u00edas. Podr\u00eda ocurrir una interacci\u00f3n medicamentosa peligrosa. Los inhibidores de la MAO incluyen isocarboxazida, linezolida, inyecci\u00f3n de azul de metileno, fenelzina, rasagilina, selegilina, tranilcipromina y otros.<\/p>\n<p>Algunos medicamentos pueden interactuar con la hidromorfona y causar una afecci\u00f3n grave llamada s\u00edndrome serotonin\u00e9rgico. No olvide informarle a su m\u00e9dico si tambi\u00e9n toma medicamentos para la depresi\u00f3n, enfermedades mentales, enfermedad de Parkinson, migra\u00f1as, infecciones graves o para prevenir las n\u00e1useas y los v\u00f3mitos. Preg\u00fantele a su m\u00e9dico antes de hacer cualquier cambio en c\u00f3mo o cu\u00e1ndo toma sus medicamentos.<\/p>\n<p>Es posible que no pueda tomar Dilaudid 8 mg de hidromorfona si NO est\u00e1 siendo tratado con un analg\u00e9sico opioide (narc\u00f3tico) similar. y son tolerantes a ella. Hable con su m\u00e9dico si no est\u00e1 seguro de ser tolerante a los opioides.<\/p>\n<p>Para asegurarse de que la hidromorfona sea segura para usted, informe a su m\u00e9dico si tiene:<\/p>\n<ul>\n<li>cualquier tipo de problemas respiratorios o enfermedad pulmonar;<\/li>\n<li>antecedentes de lesi\u00f3n en la cabeza, tumor cerebral o convulsiones;<\/li>\n<li>antecedentes de abuso de drogas, adicci\u00f3n al alcohol o enfermedad mental;<\/li>\n<li>problemas para orinar;<\/li>\n<li>enfermedad hep\u00e1tica o renal;<\/li>\n<li>alergia al sulfito;<\/li>\n<li>enfermedad de Addison u otros trastornos de las gl\u00e1ndulas suprarrenales;<\/li>\n<li>problemas con su ves\u00edcula biliar, p\u00e1ncreas o tiroides; o<\/li>\n<li>si usa un sedante como Valium (diazepam, alprazolam, lorazepam, Ativan, Klonopin, Restoril, Tranxene, Versed, Xanax y otros).<\/li>\n<\/ul>\n<p><strong>\u00bfSabe d\u00f3nde comprar pastillas Dilaudid sin receta?<\/strong><\/p>\n<p>Pastillas Dilaudid a la venta, precio de venta de pastillas Dilaudid, dosificaci\u00f3n de pastillas Dilaudid, c\u00f3mo hacer pastillas Dilaudid, d\u00f3nde puedo comprar pastillas Dilaudid en l\u00ednea , d\u00f3nde conseguir las pastillas Dilaudid , qu\u00e9 son las pastillas Dilaudid , Dilaudid de primera calidad pastillas para la venta. Todas estas preguntas sin respuesta pueden obtener sus respuestas a trav\u00e9s de nosotros. Solo necesita visitar nuestro sitio web y obtendr\u00e1 las respuestas sobre c\u00f3mo y d\u00f3nde puede comprar pastillas de fentanilo sin receta en l\u00ednea.<\/p>\n<p>\u00bfQu\u00e9 pasa con las pastillas Dilaudid? \u00bfT\u00fa tambi\u00e9n sabes d\u00f3nde conseguir pastillas Dilaudid de venta online sin receta? comprar pastillas Dilaudid a la venta, c\u00f3mo hacer pastillas Dilaudid, c\u00f3mo son las pastillas Dilaudid, precio de venta de pastillas Dilaudid, precio de pastillas Dilaudid, d\u00f3nde comprar pastillas Dilaudid, pastillas Dilaudid puras, d\u00f3nde puedo comprar pastillas Dilaudid en l\u00ednea sin receta, comprar pastillas puras Pastillas Dilaudid en l\u00ednea sin receta.<\/p>\n<p>P\u00edldoras Dilaudid de buena calidad en l\u00ednea: Se entiende completamente que las personas no conf\u00edan r\u00e1pidamente en la calidad de las p\u00edldoras Dilaudid en l\u00ednea que se venden en l\u00ednea porque no pueden examinarlas f\u00edsicamente. Pero no es lo mismo con los proveedores en l\u00ednea de p\u00edldoras Dilaudid en l\u00ednea. Los productos aqu\u00ed son fieles a su descripci\u00f3n con un mantenimiento de alta calidad realizado bajo la supervisi\u00f3n de expertos.<\/p>\n<p>Fast &amp; Env\u00edo discreto: La entrega de las p\u00edldoras Dilaudid en l\u00ednea despu\u00e9s de recibir el pedido se realiza dentro del plazo prometido. El equipo de env\u00edo pone todo su esfuerzo en hacer que el proceso de env\u00edo y entrega sea fluido y r\u00e1pido. Tambi\u00e9n puede esperar excelentes servicios al comprar p\u00edldoras Dilaudid en l\u00ednea del profesional en la plataforma en l\u00ednea.<\/p>\n","protected":false},"excerpt":{"rendered":"<p><b>Dilaudid 8 mg de hidromorfona puede hacer que su respiraci\u00f3n sea m\u00e1s lenta o detenerse, y puede crear h\u00e1bito.<\/b>\u00a0Use solo la dosis recetada y trague una p\u00edldora de liberaci\u00f3n prolongada entera para evitar una dosis potencialmente fatal. Nunca comparta Dilaudid 8 mg con otra persona.<\/p>\n","protected":false},"featured_media":7715,"comment_status":"open","ping_status":"closed","template":"","meta":{"inline_featured_image":false},"product_brand":[],"product_cat":[116],"product_tag":[188,186,187,192,191,189,190],"class_list":{"0":"post-7699","1":"product","2":"type-product","3":"status-publish","4":"has-post-thumbnail","6":"product_cat-pain-killers","7":"product_tag-como-comprar-dilaudid-8-mg-online","8":"product_tag-comprar-dilaudid-8-mg-online","9":"product_tag-dilaudid-8-mg-para-la-venta","10":"product_tag-donde-comprar-dilaudid-8-mg-online","11":"product_tag-el-lugar-de-apuestas-para-comprar-dilaudid-8-mg-online","12":"product_tag-ordenar-dilaudid-8-mg-online","13":"product_tag-purchase-dilaudid-8-mg-online","15":"first","16":"instock","17":"shipping-taxable","18":"purchasable","19":"product-type-variable","20":"has-default-attributes"},"yoast_head":"<!-- This site is optimized with the Yoast SEO Premium plugin v19.2 (Yoast SEO v27.3) - https:\/\/yoast.com\/product\/yoast-seo-premium-wordpress\/ -->\n<title>Comprar pastillas Dilaudid online - Everyday Chem Shop<\/title>\n<meta name=\"description\" content=\"Comprar pastillas Dilaudid online. Si est\u00e1 buscando c\u00f3mo comprar p\u00edldoras Dilaudid en l\u00ednea, entonces est\u00e1 en el lugar correcto para comprar p\u00edldoras Dilaudid en l\u00ednea.\" \/>\n<meta name=\"robots\" content=\"index, follow, max-snippet:-1, max-image-preview:large, max-video-preview:-1\" \/>\n<link rel=\"canonical\" href=\"https:\/\/everydaychemshop.com\/es\/product\/comprar-dilaudid-pastillas-online\/\" \/>\n<meta property=\"og:locale\" content=\"en_US\" \/>\n<meta property=\"og:type\" content=\"article\" \/>\n<meta property=\"og:title\" content=\"Pastillas Dilaudid\" \/>\n<meta property=\"og:description\" content=\"Comprar pastillas Dilaudid online. Si est\u00e1 buscando c\u00f3mo comprar p\u00edldoras Dilaudid en l\u00ednea, entonces est\u00e1 en el lugar correcto para comprar p\u00edldoras Dilaudid en l\u00ednea.\" \/>\n<meta property=\"og:url\" content=\"https:\/\/everydaychemshop.com\/es\/product\/comprar-dilaudid-pastillas-online\/\" \/>\n<meta property=\"og:site_name\" content=\"Everyday Chem Shop\" \/>\n<meta property=\"article:modified_time\" content=\"2023-04-07T09:09:32+00:00\" \/>\n<meta property=\"og:image\" content=\"https:\/\/everydaychemshop.com\/es\/wp-content\/uploads\/sites\/4\/2022\/11\/Buy-Dilaudid-8-mg.jpg\" \/>\n\t<meta property=\"og:image:width\" content=\"1200\" \/>\n\t<meta property=\"og:image:height\" content=\"1200\" \/>\n\t<meta property=\"og:image:type\" content=\"image\/jpeg\" \/>\n<meta name=\"twitter:card\" content=\"summary_large_image\" \/>\n<meta name=\"twitter:label1\" content=\"Est. reading time\" \/>\n\t<meta name=\"twitter:data1\" content=\"4 minutes\" \/>\n<script type=\"application\/ld+json\" class=\"yoast-schema-graph\">{\"@context\":\"https:\\\/\\\/schema.org\",\"@graph\":[{\"@type\":\"WebPage\",\"@id\":\"https:\\\/\\\/everydaychemshop.com\\\/es\\\/product\\\/comprar-dilaudid-pastillas-online\\\/\",\"url\":\"https:\\\/\\\/everydaychemshop.com\\\/es\\\/product\\\/comprar-dilaudid-pastillas-online\\\/\",\"name\":\"Comprar pastillas Dilaudid online - Everyday Chem Shop\",\"isPartOf\":{\"@id\":\"https:\\\/\\\/everydaychemshop.com\\\/es\\\/#website\"},\"primaryImageOfPage\":{\"@id\":\"https:\\\/\\\/everydaychemshop.com\\\/es\\\/product\\\/comprar-dilaudid-pastillas-online\\\/#primaryimage\"},\"image\":{\"@id\":\"https:\\\/\\\/everydaychemshop.com\\\/es\\\/product\\\/comprar-dilaudid-pastillas-online\\\/#primaryimage\"},\"thumbnailUrl\":\"https:\\\/\\\/everydaychemshop.com\\\/es\\\/wp-content\\\/uploads\\\/sites\\\/4\\\/2022\\\/11\\\/Buy-Dilaudid-8-mg.jpg\",\"datePublished\":\"2022-11-16T09:44:40+00:00\",\"dateModified\":\"2023-04-07T09:09:32+00:00\",\"description\":\"Comprar pastillas Dilaudid online. Si est\u00e1 buscando c\u00f3mo comprar p\u00edldoras Dilaudid en l\u00ednea, entonces est\u00e1 en el lugar correcto para comprar p\u00edldoras Dilaudid en l\u00ednea.\",\"breadcrumb\":{\"@id\":\"https:\\\/\\\/everydaychemshop.com\\\/es\\\/product\\\/comprar-dilaudid-pastillas-online\\\/#breadcrumb\"},\"inLanguage\":\"en-US\",\"potentialAction\":[{\"@type\":\"ReadAction\",\"target\":[\"https:\\\/\\\/everydaychemshop.com\\\/es\\\/product\\\/comprar-dilaudid-pastillas-online\\\/\"]}]},{\"@type\":\"ImageObject\",\"inLanguage\":\"en-US\",\"@id\":\"https:\\\/\\\/everydaychemshop.com\\\/es\\\/product\\\/comprar-dilaudid-pastillas-online\\\/#primaryimage\",\"url\":\"https:\\\/\\\/everydaychemshop.com\\\/es\\\/wp-content\\\/uploads\\\/sites\\\/4\\\/2022\\\/11\\\/Buy-Dilaudid-8-mg.jpg\",\"contentUrl\":\"https:\\\/\\\/everydaychemshop.com\\\/es\\\/wp-content\\\/uploads\\\/sites\\\/4\\\/2022\\\/11\\\/Buy-Dilaudid-8-mg.jpg\",\"width\":1200,\"height\":1200,\"caption\":\"Comprar pastillas Dilaudid online\"},{\"@type\":\"BreadcrumbList\",\"@id\":\"https:\\\/\\\/everydaychemshop.com\\\/es\\\/product\\\/comprar-dilaudid-pastillas-online\\\/#breadcrumb\",\"itemListElement\":[{\"@type\":\"ListItem\",\"position\":1,\"name\":\"Home\",\"item\":\"https:\\\/\\\/everydaychemshop.com\\\/es\\\/\"},{\"@type\":\"ListItem\",\"position\":2,\"name\":\"Productos\",\"item\":\"https:\\\/\\\/everydaychemshop.com\\\/es\\\/productos\\\/\"},{\"@type\":\"ListItem\",\"position\":3,\"name\":\"Pastillas Dilaudid\"}]},{\"@type\":\"WebSite\",\"@id\":\"https:\\\/\\\/everydaychemshop.com\\\/es\\\/#website\",\"url\":\"https:\\\/\\\/everydaychemshop.com\\\/es\\\/\",\"name\":\"Everyday Chem Shop\",\"description\":\"\",\"potentialAction\":[{\"@type\":\"SearchAction\",\"target\":{\"@type\":\"EntryPoint\",\"urlTemplate\":\"https:\\\/\\\/everydaychemshop.com\\\/es\\\/?s={search_term_string}\"},\"query-input\":{\"@type\":\"PropertyValueSpecification\",\"valueRequired\":true,\"valueName\":\"search_term_string\"}}],\"inLanguage\":\"en-US\"}]}<\/script>\n<!-- \/ Yoast SEO Premium plugin. -->","yoast_head_json":{"title":"Comprar pastillas Dilaudid online - Everyday Chem Shop","description":"Comprar pastillas Dilaudid online. Si est\u00e1 buscando c\u00f3mo comprar p\u00edldoras Dilaudid en l\u00ednea, entonces est\u00e1 en el lugar correcto para comprar p\u00edldoras Dilaudid en l\u00ednea.","robots":{"index":"index","follow":"follow","max-snippet":"max-snippet:-1","max-image-preview":"max-image-preview:large","max-video-preview":"max-video-preview:-1"},"canonical":"https:\/\/everydaychemshop.com\/es\/product\/comprar-dilaudid-pastillas-online\/","og_locale":"en_US","og_type":"article","og_title":"Pastillas Dilaudid","og_description":"Comprar pastillas Dilaudid online. Si est\u00e1 buscando c\u00f3mo comprar p\u00edldoras Dilaudid en l\u00ednea, entonces est\u00e1 en el lugar correcto para comprar p\u00edldoras Dilaudid en l\u00ednea.","og_url":"https:\/\/everydaychemshop.com\/es\/product\/comprar-dilaudid-pastillas-online\/","og_site_name":"Everyday Chem Shop","article_modified_time":"2023-04-07T09:09:32+00:00","og_image":[{"width":1200,"height":1200,"url":"https:\/\/everydaychemshop.com\/es\/wp-content\/uploads\/sites\/4\/2022\/11\/Buy-Dilaudid-8-mg.jpg","type":"image\/jpeg"}],"twitter_card":"summary_large_image","twitter_misc":{"Est. reading time":"4 minutes"},"schema":{"@context":"https:\/\/schema.org","@graph":[{"@type":"WebPage","@id":"https:\/\/everydaychemshop.com\/es\/product\/comprar-dilaudid-pastillas-online\/","url":"https:\/\/everydaychemshop.com\/es\/product\/comprar-dilaudid-pastillas-online\/","name":"Comprar pastillas Dilaudid online - Everyday Chem Shop","isPartOf":{"@id":"https:\/\/everydaychemshop.com\/es\/#website"},"primaryImageOfPage":{"@id":"https:\/\/everydaychemshop.com\/es\/product\/comprar-dilaudid-pastillas-online\/#primaryimage"},"image":{"@id":"https:\/\/everydaychemshop.com\/es\/product\/comprar-dilaudid-pastillas-online\/#primaryimage"},"thumbnailUrl":"https:\/\/everydaychemshop.com\/es\/wp-content\/uploads\/sites\/4\/2022\/11\/Buy-Dilaudid-8-mg.jpg","datePublished":"2022-11-16T09:44:40+00:00","dateModified":"2023-04-07T09:09:32+00:00","description":"Comprar pastillas Dilaudid online. Si est\u00e1 buscando c\u00f3mo comprar p\u00edldoras Dilaudid en l\u00ednea, entonces est\u00e1 en el lugar correcto para comprar p\u00edldoras Dilaudid en l\u00ednea.","breadcrumb":{"@id":"https:\/\/everydaychemshop.com\/es\/product\/comprar-dilaudid-pastillas-online\/#breadcrumb"},"inLanguage":"en-US","potentialAction":[{"@type":"ReadAction","target":["https:\/\/everydaychemshop.com\/es\/product\/comprar-dilaudid-pastillas-online\/"]}]},{"@type":"ImageObject","inLanguage":"en-US","@id":"https:\/\/everydaychemshop.com\/es\/product\/comprar-dilaudid-pastillas-online\/#primaryimage","url":"https:\/\/everydaychemshop.com\/es\/wp-content\/uploads\/sites\/4\/2022\/11\/Buy-Dilaudid-8-mg.jpg","contentUrl":"https:\/\/everydaychemshop.com\/es\/wp-content\/uploads\/sites\/4\/2022\/11\/Buy-Dilaudid-8-mg.jpg","width":1200,"height":1200,"caption":"Comprar pastillas Dilaudid online"},{"@type":"BreadcrumbList","@id":"https:\/\/everydaychemshop.com\/es\/product\/comprar-dilaudid-pastillas-online\/#breadcrumb","itemListElement":[{"@type":"ListItem","position":1,"name":"Home","item":"https:\/\/everydaychemshop.com\/es\/"},{"@type":"ListItem","position":2,"name":"Productos","item":"https:\/\/everydaychemshop.com\/es\/productos\/"},{"@type":"ListItem","position":3,"name":"Pastillas Dilaudid"}]},{"@type":"WebSite","@id":"https:\/\/everydaychemshop.com\/es\/#website","url":"https:\/\/everydaychemshop.com\/es\/","name":"Everyday Chem Shop","description":"","potentialAction":[{"@type":"SearchAction","target":{"@type":"EntryPoint","urlTemplate":"https:\/\/everydaychemshop.com\/es\/?s={search_term_string}"},"query-input":{"@type":"PropertyValueSpecification","valueRequired":true,"valueName":"search_term_string"}}],"inLanguage":"en-US"}]}},"_links":{"self":[{"href":"https:\/\/everydaychemshop.com\/es\/wp-json\/wp\/v2\/product\/7699","targetHints":{"allow":["GET"]}}],"collection":[{"href":"https:\/\/everydaychemshop.com\/es\/wp-json\/wp\/v2\/product"}],"about":[{"href":"https:\/\/everydaychemshop.com\/es\/wp-json\/wp\/v2\/types\/product"}],"replies":[{"embeddable":true,"href":"https:\/\/everydaychemshop.com\/es\/wp-json\/wp\/v2\/comments?post=7699"}],"wp:featuredmedia":[{"embeddable":true,"href":"https:\/\/everydaychemshop.com\/es\/wp-json\/wp\/v2\/media\/7715"}],"wp:attachment":[{"href":"https:\/\/everydaychemshop.com\/es\/wp-json\/wp\/v2\/media?parent=7699"}],"wp:term":[{"taxonomy":"product_brand","embeddable":true,"href":"https:\/\/everydaychemshop.com\/es\/wp-json\/wp\/v2\/product_brand?post=7699"},{"taxonomy":"product_cat","embeddable":true,"href":"https:\/\/everydaychemshop.com\/es\/wp-json\/wp\/v2\/product_cat?post=7699"},{"taxonomy":"product_tag","embeddable":true,"href":"https:\/\/everydaychemshop.com\/es\/wp-json\/wp\/v2\/product_tag?post=7699"}],"curies":[{"name":"wp","href":"https:\/\/api.w.org\/{rel}","templated":true}]}}