{"id":7746,"date":"2022-11-16T09:45:59","date_gmt":"2022-11-16T09:45:59","guid":{"rendered":"https:\/\/everydaychemshop.com\/es\/?post_type=product&#038;p=7746"},"modified":"2023-04-07T08:58:26","modified_gmt":"2023-04-07T08:58:26","slug":"comprar-metilona-online","status":"publish","type":"product","link":"https:\/\/everydaychemshop.com\/es\/product\/comprar-metilona-online\/","title":{"rendered":"Comprar metilona online"},"content":{"rendered":"<h1>Comprar cristal de metilona online<\/h1>\n<p><a href=\"https:\/\/everydaychemshop.com\/es\/product\/comprar-metilona-online\/\">Comprar cristal de metilona online<\/a>. La metilona es un estimulante con un leve efecto alucin\u00f3geno. Debido a que es una sustancia relativamente nueva, se llama sustancia qu\u00edmica de investigaci\u00f3n. Se recomienda tratar la metilona con precauci\u00f3n: debido a su corta existencia, no se han realizado muchas investigaciones y no se sabe mucho sobre los efectos a largo plazo o las tasas de adicci\u00f3n.<\/p>\n<p>Por lo general, se ofrece en forma de polvo, pero las pastillas son tambi\u00e9n en circulaci\u00f3n. Al igual que con XTC, estas tabletas pueden diferir en tama\u00f1o, color y concentraci\u00f3n.<\/p>\n<p>La metilona se puede comprar en\u00a0First Trust Chemical\u00a0en cualquiera de las tres\u00a0formas: cristales grandes (nuestra m\u00e1s popular), polvo farmac\u00e9utico fino o cristales peque\u00f1os . Consulte nuestra lista de otros productos <a href=\"https:\/\/es.wikipedia.org\/wiki\/Clorhidrato_de_metilona\">finos<\/a> disponibles para usted ahora. First Trust Chemical es su proveedor de productos de alta calidad y puede\u00a0comprarlos ahora.<\/p>\n<h3>SU CUENTA SER\u00c1 TRATADA CON CUIDADO PARA COMPRAR METILONA<\/h3>\n<p>Todas las consultas de ventas se mantienen confidenciales. Cuando se convierte en cliente, la informaci\u00f3n de su cuenta nunca se comparte ni se distribuye. Es posible que le hagamos preguntas antes de proceder con la venta que solicita, pero esto es por su propia seguridad. First Trust Chemical quiere ser conocido por nada m\u00e1s que alta calidad y satisfacci\u00f3n del cliente.<\/p>\n<p>Una vez que First Trust Chemical apruebe su compra, podr\u00e1 comprar . Su entrega est\u00e1 garantizada. No prometeremos la venta de ning\u00fan pedido que no podamos entregar.<\/p>\n<p>La metilona es una droga qu\u00edmica que tiene una estructura muy similar a la MDMA y tiene efectos comparables. es un estimulante con un leve efecto alucin\u00f3geno. Debido a que es una sustancia relativamente nueva, se llama sustancia qu\u00edmica de investigaci\u00f3n. Se recomienda tratar la metilona con precauci\u00f3n: debido a su breve existencia, no se han realizado muchas investigaciones y no se sabe mucho sobre los efectos a largo plazo o las tasas de adicci\u00f3n.<\/p>\n<p>Por lo general, se ofrece en forma de polvo, pero las pastillas son en <a href=\"https:\/\/en.wikipedia.org\/wiki\/Methylone\">circulaci\u00f3n<\/a> tambi\u00e9n. Al igual que con XTC, estas tabletas pueden diferir en tama\u00f1o, color y concentraci\u00f3n.<\/p>\n<p><strong>\u00bfSabe d\u00f3nde comprar Methylone?<\/strong><\/p>\n<p>Methylone a la venta, Methylone street valor, dosis de metilona, \u200b\u200bc\u00f3mo hacer metilona, \u200b\u200bd\u00f3nde puedo metilona en l\u00ednea, d\u00f3nde obtener metilona, \u200b\u200bqu\u00e9 es metilona, \u200b\u200bmetilona de primera calidad a la venta. Todas estas preguntas sin respuesta pueden obtener sus respuestas a trav\u00e9s de nosotros. Solo necesita visitar nuestro sitio web y obtendr\u00e1 las respuestas sobre c\u00f3mo y d\u00f3nde puede comprar metilona en l\u00ednea.<\/p>\n<p>\u00bfQu\u00e9 pasa con la metilona? \u00bfSabes tambi\u00e9n d\u00f3nde conseguir metilona a la venta online? comprar metilona a la venta, c\u00f3mo hacer metilona, \u200b\u200bc\u00f3mo es la metilona, \u200b\u200bprecio de calle de metilona, \u200b\u200bprecio de metilona, \u200b\u200bd\u00f3nde comprar metilona, \u200b\u200bmetilona pura, d\u00f3nde puedo comprar metilona en l\u00ednea, comprar metilona pura en l\u00ednea.<\/p>\n<p>Metilona de buena calidad en l\u00ednea: se comprende perfectamente que las personas no conf\u00eden r\u00e1pidamente en la calidad de la metilona en l\u00ednea que se vende en l\u00ednea porque no pueden examinarla f\u00edsicamente. Pero no es lo mismo con los proveedores en l\u00ednea de Online Methylone. Los productos aqu\u00ed son fieles a su descripci\u00f3n con un mantenimiento de alta calidad realizado bajo la supervisi\u00f3n de expertos.<\/p>\n<p>Fast &amp; Env\u00edo discreto: la entrega de la metilona en l\u00ednea despu\u00e9s de recibir el pedido se realiza dentro del plazo prometido. El equipo de env\u00edo pone todo su esfuerzo en hacer que el proceso de env\u00edo y entrega sea fluido y r\u00e1pido. Tambi\u00e9n puede esperar excelentes servicios al comprar metilona en l\u00ednea del profesional en la plataforma en l\u00ednea.<\/p>\n","protected":false},"excerpt":{"rendered":"<p>La metilona es un estimulante con un leve efecto alucin\u00f3geno. Debido a que es una sustancia relativamente nueva, se llama sustancia qu\u00edmica de investigaci\u00f3n. Se recomienda tratar la metilona con precauci\u00f3n: debido a su breve existencia, no se han realizado muchas investigaciones y no se sabe mucho sobre los efectos a largo plazo o las tasas de adicci\u00f3n.<\/p>\n","protected":false},"featured_media":7773,"comment_status":"open","ping_status":"closed","template":"","meta":{"inline_featured_image":false},"product_brand":[],"product_cat":[264],"product_tag":[325,324,330,327,326,328],"class_list":{"0":"post-7746","1":"product","2":"type-product","3":"status-publish","4":"has-post-thumbnail","6":"product_cat-investigacion-quimica","7":"product_tag-cmo-comprar-metilona-online","8":"product_tag-comprar-metilona-online","9":"product_tag-donde-comprar-metilona-online","10":"product_tag-methylone-for-sale","11":"product_tag-metilona","12":"product_tag-orden-metilona-online","14":"first","15":"instock","16":"shipping-taxable","17":"purchasable","18":"product-type-variable","19":"has-default-attributes"},"yoast_head":"<!-- This site is optimized with the Yoast SEO Premium plugin v19.2 (Yoast SEO v27.3) - https:\/\/yoast.com\/product\/yoast-seo-premium-wordpress\/ -->\n<title>Comprar cristal de metilona online - Everyday Chem Shop<\/title>\n<meta name=\"description\" content=\"Comprar cristal de metilona online. Si est\u00e1 buscando c\u00f3mo comprar metilona en l\u00ednea, entonces est\u00e1 en el lugar correcto para comprar metilona en l\u00ednea.\" \/>\n<meta name=\"robots\" content=\"index, follow, max-snippet:-1, max-image-preview:large, max-video-preview:-1\" \/>\n<link rel=\"canonical\" href=\"https:\/\/everydaychemshop.com\/es\/product\/comprar-metilona-online\/\" \/>\n<meta property=\"og:locale\" content=\"en_US\" \/>\n<meta property=\"og:type\" content=\"article\" \/>\n<meta property=\"og:title\" content=\"Comprar metilona online\" \/>\n<meta property=\"og:description\" content=\"Comprar cristal de metilona online. Si est\u00e1 buscando c\u00f3mo comprar metilona en l\u00ednea, entonces est\u00e1 en el lugar correcto para comprar metilona en l\u00ednea.\" \/>\n<meta property=\"og:url\" content=\"https:\/\/everydaychemshop.com\/es\/product\/comprar-metilona-online\/\" \/>\n<meta property=\"og:site_name\" content=\"Everyday Chem Shop\" \/>\n<meta property=\"article:modified_time\" content=\"2023-04-07T08:58:26+00:00\" \/>\n<meta property=\"og:image\" content=\"https:\/\/everydaychemshop.com\/es\/wp-content\/uploads\/sites\/4\/2022\/11\/Buy-METHYLONE-CRYSTAL.jpg\" \/>\n\t<meta property=\"og:image:width\" content=\"1200\" \/>\n\t<meta property=\"og:image:height\" content=\"1200\" \/>\n\t<meta property=\"og:image:type\" content=\"image\/jpeg\" \/>\n<meta name=\"twitter:card\" content=\"summary_large_image\" \/>\n<meta name=\"twitter:label1\" content=\"Est. reading time\" \/>\n\t<meta name=\"twitter:data1\" content=\"3 minutes\" \/>\n<script type=\"application\/ld+json\" class=\"yoast-schema-graph\">{\"@context\":\"https:\\\/\\\/schema.org\",\"@graph\":[{\"@type\":\"WebPage\",\"@id\":\"https:\\\/\\\/everydaychemshop.com\\\/es\\\/product\\\/comprar-metilona-online\\\/\",\"url\":\"https:\\\/\\\/everydaychemshop.com\\\/es\\\/product\\\/comprar-metilona-online\\\/\",\"name\":\"Comprar cristal de metilona online - Everyday Chem Shop\",\"isPartOf\":{\"@id\":\"https:\\\/\\\/everydaychemshop.com\\\/es\\\/#website\"},\"primaryImageOfPage\":{\"@id\":\"https:\\\/\\\/everydaychemshop.com\\\/es\\\/product\\\/comprar-metilona-online\\\/#primaryimage\"},\"image\":{\"@id\":\"https:\\\/\\\/everydaychemshop.com\\\/es\\\/product\\\/comprar-metilona-online\\\/#primaryimage\"},\"thumbnailUrl\":\"https:\\\/\\\/everydaychemshop.com\\\/es\\\/wp-content\\\/uploads\\\/sites\\\/4\\\/2022\\\/11\\\/Buy-METHYLONE-CRYSTAL.jpg\",\"datePublished\":\"2022-11-16T09:45:59+00:00\",\"dateModified\":\"2023-04-07T08:58:26+00:00\",\"description\":\"Comprar cristal de metilona online. Si est\u00e1 buscando c\u00f3mo comprar metilona en l\u00ednea, entonces est\u00e1 en el lugar correcto para comprar metilona en l\u00ednea.\",\"breadcrumb\":{\"@id\":\"https:\\\/\\\/everydaychemshop.com\\\/es\\\/product\\\/comprar-metilona-online\\\/#breadcrumb\"},\"inLanguage\":\"en-US\",\"potentialAction\":[{\"@type\":\"ReadAction\",\"target\":[\"https:\\\/\\\/everydaychemshop.com\\\/es\\\/product\\\/comprar-metilona-online\\\/\"]}]},{\"@type\":\"ImageObject\",\"inLanguage\":\"en-US\",\"@id\":\"https:\\\/\\\/everydaychemshop.com\\\/es\\\/product\\\/comprar-metilona-online\\\/#primaryimage\",\"url\":\"https:\\\/\\\/everydaychemshop.com\\\/es\\\/wp-content\\\/uploads\\\/sites\\\/4\\\/2022\\\/11\\\/Buy-METHYLONE-CRYSTAL.jpg\",\"contentUrl\":\"https:\\\/\\\/everydaychemshop.com\\\/es\\\/wp-content\\\/uploads\\\/sites\\\/4\\\/2022\\\/11\\\/Buy-METHYLONE-CRYSTAL.jpg\",\"width\":1200,\"height\":1200,\"caption\":\"Comprar cristal de metilona online\"},{\"@type\":\"BreadcrumbList\",\"@id\":\"https:\\\/\\\/everydaychemshop.com\\\/es\\\/product\\\/comprar-metilona-online\\\/#breadcrumb\",\"itemListElement\":[{\"@type\":\"ListItem\",\"position\":1,\"name\":\"Home\",\"item\":\"https:\\\/\\\/everydaychemshop.com\\\/es\\\/\"},{\"@type\":\"ListItem\",\"position\":2,\"name\":\"Productos\",\"item\":\"https:\\\/\\\/everydaychemshop.com\\\/es\\\/productos\\\/\"},{\"@type\":\"ListItem\",\"position\":3,\"name\":\"Comprar metilona online\"}]},{\"@type\":\"WebSite\",\"@id\":\"https:\\\/\\\/everydaychemshop.com\\\/es\\\/#website\",\"url\":\"https:\\\/\\\/everydaychemshop.com\\\/es\\\/\",\"name\":\"Everyday Chem Shop\",\"description\":\"\",\"potentialAction\":[{\"@type\":\"SearchAction\",\"target\":{\"@type\":\"EntryPoint\",\"urlTemplate\":\"https:\\\/\\\/everydaychemshop.com\\\/es\\\/?s={search_term_string}\"},\"query-input\":{\"@type\":\"PropertyValueSpecification\",\"valueRequired\":true,\"valueName\":\"search_term_string\"}}],\"inLanguage\":\"en-US\"}]}<\/script>\n<!-- \/ Yoast SEO Premium plugin. -->","yoast_head_json":{"title":"Comprar cristal de metilona online - Everyday Chem Shop","description":"Comprar cristal de metilona online. Si est\u00e1 buscando c\u00f3mo comprar metilona en l\u00ednea, entonces est\u00e1 en el lugar correcto para comprar metilona en l\u00ednea.","robots":{"index":"index","follow":"follow","max-snippet":"max-snippet:-1","max-image-preview":"max-image-preview:large","max-video-preview":"max-video-preview:-1"},"canonical":"https:\/\/everydaychemshop.com\/es\/product\/comprar-metilona-online\/","og_locale":"en_US","og_type":"article","og_title":"Comprar metilona online","og_description":"Comprar cristal de metilona online. Si est\u00e1 buscando c\u00f3mo comprar metilona en l\u00ednea, entonces est\u00e1 en el lugar correcto para comprar metilona en l\u00ednea.","og_url":"https:\/\/everydaychemshop.com\/es\/product\/comprar-metilona-online\/","og_site_name":"Everyday Chem Shop","article_modified_time":"2023-04-07T08:58:26+00:00","og_image":[{"width":1200,"height":1200,"url":"https:\/\/everydaychemshop.com\/es\/wp-content\/uploads\/sites\/4\/2022\/11\/Buy-METHYLONE-CRYSTAL.jpg","type":"image\/jpeg"}],"twitter_card":"summary_large_image","twitter_misc":{"Est. reading time":"3 minutes"},"schema":{"@context":"https:\/\/schema.org","@graph":[{"@type":"WebPage","@id":"https:\/\/everydaychemshop.com\/es\/product\/comprar-metilona-online\/","url":"https:\/\/everydaychemshop.com\/es\/product\/comprar-metilona-online\/","name":"Comprar cristal de metilona online - Everyday Chem Shop","isPartOf":{"@id":"https:\/\/everydaychemshop.com\/es\/#website"},"primaryImageOfPage":{"@id":"https:\/\/everydaychemshop.com\/es\/product\/comprar-metilona-online\/#primaryimage"},"image":{"@id":"https:\/\/everydaychemshop.com\/es\/product\/comprar-metilona-online\/#primaryimage"},"thumbnailUrl":"https:\/\/everydaychemshop.com\/es\/wp-content\/uploads\/sites\/4\/2022\/11\/Buy-METHYLONE-CRYSTAL.jpg","datePublished":"2022-11-16T09:45:59+00:00","dateModified":"2023-04-07T08:58:26+00:00","description":"Comprar cristal de metilona online. Si est\u00e1 buscando c\u00f3mo comprar metilona en l\u00ednea, entonces est\u00e1 en el lugar correcto para comprar metilona en l\u00ednea.","breadcrumb":{"@id":"https:\/\/everydaychemshop.com\/es\/product\/comprar-metilona-online\/#breadcrumb"},"inLanguage":"en-US","potentialAction":[{"@type":"ReadAction","target":["https:\/\/everydaychemshop.com\/es\/product\/comprar-metilona-online\/"]}]},{"@type":"ImageObject","inLanguage":"en-US","@id":"https:\/\/everydaychemshop.com\/es\/product\/comprar-metilona-online\/#primaryimage","url":"https:\/\/everydaychemshop.com\/es\/wp-content\/uploads\/sites\/4\/2022\/11\/Buy-METHYLONE-CRYSTAL.jpg","contentUrl":"https:\/\/everydaychemshop.com\/es\/wp-content\/uploads\/sites\/4\/2022\/11\/Buy-METHYLONE-CRYSTAL.jpg","width":1200,"height":1200,"caption":"Comprar cristal de metilona online"},{"@type":"BreadcrumbList","@id":"https:\/\/everydaychemshop.com\/es\/product\/comprar-metilona-online\/#breadcrumb","itemListElement":[{"@type":"ListItem","position":1,"name":"Home","item":"https:\/\/everydaychemshop.com\/es\/"},{"@type":"ListItem","position":2,"name":"Productos","item":"https:\/\/everydaychemshop.com\/es\/productos\/"},{"@type":"ListItem","position":3,"name":"Comprar metilona online"}]},{"@type":"WebSite","@id":"https:\/\/everydaychemshop.com\/es\/#website","url":"https:\/\/everydaychemshop.com\/es\/","name":"Everyday Chem Shop","description":"","potentialAction":[{"@type":"SearchAction","target":{"@type":"EntryPoint","urlTemplate":"https:\/\/everydaychemshop.com\/es\/?s={search_term_string}"},"query-input":{"@type":"PropertyValueSpecification","valueRequired":true,"valueName":"search_term_string"}}],"inLanguage":"en-US"}]}},"_links":{"self":[{"href":"https:\/\/everydaychemshop.com\/es\/wp-json\/wp\/v2\/product\/7746","targetHints":{"allow":["GET"]}}],"collection":[{"href":"https:\/\/everydaychemshop.com\/es\/wp-json\/wp\/v2\/product"}],"about":[{"href":"https:\/\/everydaychemshop.com\/es\/wp-json\/wp\/v2\/types\/product"}],"replies":[{"embeddable":true,"href":"https:\/\/everydaychemshop.com\/es\/wp-json\/wp\/v2\/comments?post=7746"}],"wp:featuredmedia":[{"embeddable":true,"href":"https:\/\/everydaychemshop.com\/es\/wp-json\/wp\/v2\/media\/7773"}],"wp:attachment":[{"href":"https:\/\/everydaychemshop.com\/es\/wp-json\/wp\/v2\/media?parent=7746"}],"wp:term":[{"taxonomy":"product_brand","embeddable":true,"href":"https:\/\/everydaychemshop.com\/es\/wp-json\/wp\/v2\/product_brand?post=7746"},{"taxonomy":"product_cat","embeddable":true,"href":"https:\/\/everydaychemshop.com\/es\/wp-json\/wp\/v2\/product_cat?post=7746"},{"taxonomy":"product_tag","embeddable":true,"href":"https:\/\/everydaychemshop.com\/es\/wp-json\/wp\/v2\/product_tag?post=7746"}],"curies":[{"name":"wp","href":"https:\/\/api.w.org\/{rel}","templated":true}]}}