{"id":7762,"date":"2022-11-16T09:46:33","date_gmt":"2022-11-16T09:46:33","guid":{"rendered":"https:\/\/everydaychemshop.com\/es\/?post_type=product&#038;p=7762"},"modified":"2023-04-07T08:54:10","modified_gmt":"2023-04-07T08:54:10","slug":"comprar-jwh-250-online","status":"publish","type":"product","link":"https:\/\/everydaychemshop.com\/es\/product\/comprar-jwh-250-online\/","title":{"rendered":"Comprar JWH-250 en l\u00ednea"},"content":{"rendered":"<h1>Comprar polvo JWH-250 online<\/h1>\n<p><a href=\"https:\/\/everydaychemshop.com\/es\/product\/comprar-jwh-250-online\/\">Comprar polvo JWH-250 online<\/a>. JWH-250 es un agonista de los receptores de cannabinoides fabricado que se ha identificado en productos desde finales de la d\u00e9cada de 2000. Fue creado por el Dr. John W. Huffman y un informe al respecto fue distribuido en 2005 por Huffman et al. Compre JWH-250 en la web.<\/p>\n<p>El medicamento es un fenilacetilindol y act\u00faa como un agonista. en los receptores CB1 y CB2. Tiene una parcialidad de ~11 nM en CB1 y ~33 nM en CB2.<\/p>\n<p>Un par de a\u00f1os despu\u00e9s de que se mencionara por primera vez en <a href=\"https:\/\/en.wikipedia.org\/ wiki\/JWH-250\">escribiendo<\/a>, JWH-250 lleg\u00f3 al mercado, con la identificaci\u00f3n principal proveniente de la polic\u00eda alemana en mayo de 2009. Descubrieron el medicamento en una mezcla natural para fumar. Compre JWH-250 en Internet<\/p>\n<p>Tambi\u00e9n se reconoci\u00f3 en polvos y combinaciones vendidos en Internet a analistas en Jap\u00f3n. Estos ejemplos conten\u00edan 77-165 mg por cada art\u00edculo.<\/p>\n<p>Debido a la forma en que se vendi\u00f3, es casi seguro que las personas han estado en contacto con JWH-250 sin saberlo.<\/p>\n<p>Masa molar: 335,439 g\/mol<\/p>\n<p>ChEMBL Id: 188031<\/p>\n<p>ChemSpider ID: 23256117<\/p>\n<p>PubChem CID: 44397540<\/p>\n<p>Receta: C22H25NO2<\/p>\n<p><strong>\u00bfSabe d\u00f3nde comprar JWH-250?<\/strong><\/p>\n<p>JWH-250 a la venta, valor de JWH-250 en la calle, dosis de JWH-250, c\u00f3mo para hacer JWH-250, \u00bfd\u00f3nde puedo JWH-250 en l\u00ednea, d\u00f3nde conseguir JWH-250, qu\u00e9 es JWH-250, JWH-250 de primera calidad a la venta? Todas estas preguntas sin respuesta pueden obtener sus respuestas a trav\u00e9s de nosotros. Solo necesita visitar nuestro sitio web y obtendr\u00e1 las respuestas sobre c\u00f3mo y d\u00f3nde puede comprar JWH-250 en l\u00ednea.<\/p>\n<p>\u00bfQu\u00e9 pasa con JWH-250? \u00bfTambi\u00e9n sabe d\u00f3nde conseguir JWH-250 a la venta en l\u00ednea? compre JWH-250 a la venta, c\u00f3mo hacer JWH-250, c\u00f3mo se ve JWH-250, precio de venta al p\u00fablico de JWH-250, precio de JWH-250, d\u00f3nde comprar JWH-250, JWH-250 puro, d\u00f3nde puedo comprar JWH -250 en l\u00ednea, compre JWH-250 puro en l\u00ednea.<\/p>\n<p>Buena calidad JWH-250 en l\u00ednea: se entiende completamente que las personas no conf\u00edan r\u00e1pidamente en la calidad de JWH-250 en l\u00ednea vendido en l\u00ednea porque no pueden examinarlo f\u00edsicamente. Pero no es lo mismo con los proveedores en l\u00ednea Online JWH-250. Los productos aqu\u00ed son fieles a su descripci\u00f3n con un mantenimiento de alta calidad realizado bajo la supervisi\u00f3n de expertos.<\/p>\n<p>Fast &amp; Env\u00edo discreto: la entrega del JWH-250 en l\u00ednea despu\u00e9s de recibir el pedido se realiza dentro del plazo prometido. El equipo de env\u00edo pone todo su esfuerzo en hacer que el proceso de env\u00edo y entrega sea fluido y r\u00e1pido. Tambi\u00e9n puede esperar excelentes servicios al comprar JWH-250 en l\u00ednea del profesional en la plataforma en l\u00ednea.<\/p>\n","protected":false},"excerpt":{"rendered":"<p>Compre\u00a0<a href=\"https:\/\/en.wikipedia.org\/wiki\/JWH-250\">JWH-250<\/a>\u00a0en la web. JWH-250 es un agonista de los receptores de cannabinoides fabricado que se ha identificado en productos desde finales de la d\u00e9cada de 2000. Fue creado por el Dr. John W. Huffman y un informe sobre \u00e9l fue distribuido en 2005 por Huffman et al. Compra JWH-250 en la web.<\/p>\n","protected":false},"featured_media":7790,"comment_status":"open","ping_status":"closed","template":"","meta":{"inline_featured_image":false},"product_brand":[],"product_cat":[264],"product_tag":[386,349,350,353,378,354,355,362,376,346,347,373,375,374,348,377,352,351,372,370,383,384,385,382,379,356,359,360,361,366,367,368,345,357,369,365,381,363,364,358],"class_list":{"0":"post-7762","1":"product","2":"type-product","3":"status-publish","4":"has-post-thumbnail","6":"product_cat-investigacion-quimica","7":"product_tag-dnde-podra-comprar-jwh-250","8":"product_tag-buy-jwh-250-online","9":"product_tag-buy-legit-jwh-250-for-sale-webpage","10":"product_tag-buy-modest-mephedrone-online","11":"product_tag-calidad-jwh-250-disponible-para-comprar","12":"product_tag-cmo-comprar-barato-jwh-250-envo-mundial","13":"product_tag-cmo-comprar-modest-jwh-250-envo-mundial","14":"product_tag-jwh-250-compra","15":"product_tag-compra-masa-jwh-250","16":"product_tag-comprar-jwh-250","17":"product_tag-comprar-jwh-250-a-precios-asequibles","18":"product_tag-compra-jwh-250-disponible-para-ser-comprado","19":"product_tag-compra-jwh-250-en-la-web","20":"product_tag-compra-jwh-250-para-uso-individual","21":"product_tag-comprar-jwh-250-para-uso-personal","22":"product_tag-compra-modesta-jwh-250","23":"product_tag-comprar-modesta-jwh-250-online","24":"product_tag-compre-modesto-jwh-250-para-uso-de-la-planta","25":"product_tag-compra-jwh-250-a-valor-modesto","26":"product_tag-compra-genuino-jwh-250-disponible-para-ser-comprado-pagina","27":"product_tag-donde-comprar-jwh-250","28":"product_tag-donde-comprar-jwh-250para-uso-individual","29":"product_tag-donde-comprar-modest-jwh-250-tienda","30":"product_tag-dnde-conseguir-jwh-250-disponible-para-ser-comprado","31":"product_tag-calidad-jwh-250-en-venta","32":"product_tag-jwh-250-disponible-para-ser-comprado","33":"product_tag-jwh-250-en-venta","34":"product_tag-jwh-250-medication-available-to-be-purchased","35":"product_tag-jwh-250-plant-nourishment-for-sale","36":"product_tag-jwh-250-store","37":"product_tag-jwh-250-where-to-purchase","38":"product_tag-jwh-250-wholesale","39":"product_tag-mejor-lugar-para-comprar-jwh-250","40":"product_tag-jwh-250-ofrenda","41":"product_tag-mjwh-250-proveedores","42":"product_tag-jwh-250-sales-de-ducha-disponibles-para-comprar","43":"product_tag-sin-adulterar-jwh-250","44":"product_tag-jwh-250-sitios-de-compra","45":"product_tag-jwh-250-solicitud","46":"product_tag-jwh-250-drogas-en-venta","48":"first","49":"instock","50":"sale","51":"featured","52":"shipping-taxable","53":"purchasable","54":"product-type-variable","55":"has-default-attributes"},"yoast_head":"<!-- This site is optimized with the Yoast SEO Premium plugin v19.2 (Yoast SEO v27.3) - https:\/\/yoast.com\/product\/yoast-seo-premium-wordpress\/ -->\n<title>Comprar polvo JWH-250 online - Everyday Chem Shop<\/title>\n<meta name=\"description\" content=\"Comprar polvo JWH-250 online. Si est\u00e1 buscando c\u00f3mo comprar JWH-250 en l\u00ednea, entonces est\u00e1 en el lugar correcto para comprar JWH-250 en l\u00ednea.\" \/>\n<meta name=\"robots\" content=\"index, follow, max-snippet:-1, max-image-preview:large, max-video-preview:-1\" \/>\n<link rel=\"canonical\" href=\"https:\/\/everydaychemshop.com\/es\/product\/comprar-jwh-250-online\/\" \/>\n<meta property=\"og:locale\" content=\"en_US\" \/>\n<meta property=\"og:type\" content=\"article\" \/>\n<meta property=\"og:title\" content=\"Comprar JWH-250 en l\u00ednea\" \/>\n<meta property=\"og:description\" content=\"Comprar polvo JWH-250 online. Si est\u00e1 buscando c\u00f3mo comprar JWH-250 en l\u00ednea, entonces est\u00e1 en el lugar correcto para comprar JWH-250 en l\u00ednea.\" \/>\n<meta property=\"og:url\" content=\"https:\/\/everydaychemshop.com\/es\/product\/comprar-jwh-250-online\/\" \/>\n<meta property=\"og:site_name\" content=\"Everyday Chem Shop\" \/>\n<meta property=\"article:modified_time\" content=\"2023-04-07T08:54:10+00:00\" \/>\n<meta property=\"og:image\" content=\"https:\/\/everydaychemshop.com\/es\/wp-content\/uploads\/sites\/4\/2022\/11\/jwh-250.jpg\" \/>\n\t<meta property=\"og:image:width\" content=\"1200\" \/>\n\t<meta property=\"og:image:height\" content=\"1200\" \/>\n\t<meta property=\"og:image:type\" content=\"image\/jpeg\" \/>\n<meta name=\"twitter:card\" content=\"summary_large_image\" \/>\n<meta name=\"twitter:label1\" content=\"Est. reading time\" \/>\n\t<meta name=\"twitter:data1\" content=\"2 minutes\" \/>\n<script type=\"application\/ld+json\" class=\"yoast-schema-graph\">{\"@context\":\"https:\\\/\\\/schema.org\",\"@graph\":[{\"@type\":\"WebPage\",\"@id\":\"https:\\\/\\\/everydaychemshop.com\\\/es\\\/product\\\/comprar-jwh-250-online\\\/\",\"url\":\"https:\\\/\\\/everydaychemshop.com\\\/es\\\/product\\\/comprar-jwh-250-online\\\/\",\"name\":\"Comprar polvo JWH-250 online - Everyday Chem Shop\",\"isPartOf\":{\"@id\":\"https:\\\/\\\/everydaychemshop.com\\\/es\\\/#website\"},\"primaryImageOfPage\":{\"@id\":\"https:\\\/\\\/everydaychemshop.com\\\/es\\\/product\\\/comprar-jwh-250-online\\\/#primaryimage\"},\"image\":{\"@id\":\"https:\\\/\\\/everydaychemshop.com\\\/es\\\/product\\\/comprar-jwh-250-online\\\/#primaryimage\"},\"thumbnailUrl\":\"https:\\\/\\\/everydaychemshop.com\\\/es\\\/wp-content\\\/uploads\\\/sites\\\/4\\\/2022\\\/11\\\/jwh-250.jpg\",\"datePublished\":\"2022-11-16T09:46:33+00:00\",\"dateModified\":\"2023-04-07T08:54:10+00:00\",\"description\":\"Comprar polvo JWH-250 online. Si est\u00e1 buscando c\u00f3mo comprar JWH-250 en l\u00ednea, entonces est\u00e1 en el lugar correcto para comprar JWH-250 en l\u00ednea.\",\"breadcrumb\":{\"@id\":\"https:\\\/\\\/everydaychemshop.com\\\/es\\\/product\\\/comprar-jwh-250-online\\\/#breadcrumb\"},\"inLanguage\":\"en-US\",\"potentialAction\":[{\"@type\":\"ReadAction\",\"target\":[\"https:\\\/\\\/everydaychemshop.com\\\/es\\\/product\\\/comprar-jwh-250-online\\\/\"]}]},{\"@type\":\"ImageObject\",\"inLanguage\":\"en-US\",\"@id\":\"https:\\\/\\\/everydaychemshop.com\\\/es\\\/product\\\/comprar-jwh-250-online\\\/#primaryimage\",\"url\":\"https:\\\/\\\/everydaychemshop.com\\\/es\\\/wp-content\\\/uploads\\\/sites\\\/4\\\/2022\\\/11\\\/jwh-250.jpg\",\"contentUrl\":\"https:\\\/\\\/everydaychemshop.com\\\/es\\\/wp-content\\\/uploads\\\/sites\\\/4\\\/2022\\\/11\\\/jwh-250.jpg\",\"width\":1200,\"height\":1200,\"caption\":\"Comprar polvo JWH-250 online\"},{\"@type\":\"BreadcrumbList\",\"@id\":\"https:\\\/\\\/everydaychemshop.com\\\/es\\\/product\\\/comprar-jwh-250-online\\\/#breadcrumb\",\"itemListElement\":[{\"@type\":\"ListItem\",\"position\":1,\"name\":\"Home\",\"item\":\"https:\\\/\\\/everydaychemshop.com\\\/es\\\/\"},{\"@type\":\"ListItem\",\"position\":2,\"name\":\"Productos\",\"item\":\"https:\\\/\\\/everydaychemshop.com\\\/es\\\/productos\\\/\"},{\"@type\":\"ListItem\",\"position\":3,\"name\":\"Comprar JWH-250 en l\u00ednea\"}]},{\"@type\":\"WebSite\",\"@id\":\"https:\\\/\\\/everydaychemshop.com\\\/es\\\/#website\",\"url\":\"https:\\\/\\\/everydaychemshop.com\\\/es\\\/\",\"name\":\"Everyday Chem Shop\",\"description\":\"\",\"potentialAction\":[{\"@type\":\"SearchAction\",\"target\":{\"@type\":\"EntryPoint\",\"urlTemplate\":\"https:\\\/\\\/everydaychemshop.com\\\/es\\\/?s={search_term_string}\"},\"query-input\":{\"@type\":\"PropertyValueSpecification\",\"valueRequired\":true,\"valueName\":\"search_term_string\"}}],\"inLanguage\":\"en-US\"}]}<\/script>\n<!-- \/ Yoast SEO Premium plugin. -->","yoast_head_json":{"title":"Comprar polvo JWH-250 online - Everyday Chem Shop","description":"Comprar polvo JWH-250 online. Si est\u00e1 buscando c\u00f3mo comprar JWH-250 en l\u00ednea, entonces est\u00e1 en el lugar correcto para comprar JWH-250 en l\u00ednea.","robots":{"index":"index","follow":"follow","max-snippet":"max-snippet:-1","max-image-preview":"max-image-preview:large","max-video-preview":"max-video-preview:-1"},"canonical":"https:\/\/everydaychemshop.com\/es\/product\/comprar-jwh-250-online\/","og_locale":"en_US","og_type":"article","og_title":"Comprar JWH-250 en l\u00ednea","og_description":"Comprar polvo JWH-250 online. Si est\u00e1 buscando c\u00f3mo comprar JWH-250 en l\u00ednea, entonces est\u00e1 en el lugar correcto para comprar JWH-250 en l\u00ednea.","og_url":"https:\/\/everydaychemshop.com\/es\/product\/comprar-jwh-250-online\/","og_site_name":"Everyday Chem Shop","article_modified_time":"2023-04-07T08:54:10+00:00","og_image":[{"width":1200,"height":1200,"url":"https:\/\/everydaychemshop.com\/es\/wp-content\/uploads\/sites\/4\/2022\/11\/jwh-250.jpg","type":"image\/jpeg"}],"twitter_card":"summary_large_image","twitter_misc":{"Est. reading time":"2 minutes"},"schema":{"@context":"https:\/\/schema.org","@graph":[{"@type":"WebPage","@id":"https:\/\/everydaychemshop.com\/es\/product\/comprar-jwh-250-online\/","url":"https:\/\/everydaychemshop.com\/es\/product\/comprar-jwh-250-online\/","name":"Comprar polvo JWH-250 online - Everyday Chem Shop","isPartOf":{"@id":"https:\/\/everydaychemshop.com\/es\/#website"},"primaryImageOfPage":{"@id":"https:\/\/everydaychemshop.com\/es\/product\/comprar-jwh-250-online\/#primaryimage"},"image":{"@id":"https:\/\/everydaychemshop.com\/es\/product\/comprar-jwh-250-online\/#primaryimage"},"thumbnailUrl":"https:\/\/everydaychemshop.com\/es\/wp-content\/uploads\/sites\/4\/2022\/11\/jwh-250.jpg","datePublished":"2022-11-16T09:46:33+00:00","dateModified":"2023-04-07T08:54:10+00:00","description":"Comprar polvo JWH-250 online. Si est\u00e1 buscando c\u00f3mo comprar JWH-250 en l\u00ednea, entonces est\u00e1 en el lugar correcto para comprar JWH-250 en l\u00ednea.","breadcrumb":{"@id":"https:\/\/everydaychemshop.com\/es\/product\/comprar-jwh-250-online\/#breadcrumb"},"inLanguage":"en-US","potentialAction":[{"@type":"ReadAction","target":["https:\/\/everydaychemshop.com\/es\/product\/comprar-jwh-250-online\/"]}]},{"@type":"ImageObject","inLanguage":"en-US","@id":"https:\/\/everydaychemshop.com\/es\/product\/comprar-jwh-250-online\/#primaryimage","url":"https:\/\/everydaychemshop.com\/es\/wp-content\/uploads\/sites\/4\/2022\/11\/jwh-250.jpg","contentUrl":"https:\/\/everydaychemshop.com\/es\/wp-content\/uploads\/sites\/4\/2022\/11\/jwh-250.jpg","width":1200,"height":1200,"caption":"Comprar polvo JWH-250 online"},{"@type":"BreadcrumbList","@id":"https:\/\/everydaychemshop.com\/es\/product\/comprar-jwh-250-online\/#breadcrumb","itemListElement":[{"@type":"ListItem","position":1,"name":"Home","item":"https:\/\/everydaychemshop.com\/es\/"},{"@type":"ListItem","position":2,"name":"Productos","item":"https:\/\/everydaychemshop.com\/es\/productos\/"},{"@type":"ListItem","position":3,"name":"Comprar JWH-250 en l\u00ednea"}]},{"@type":"WebSite","@id":"https:\/\/everydaychemshop.com\/es\/#website","url":"https:\/\/everydaychemshop.com\/es\/","name":"Everyday Chem Shop","description":"","potentialAction":[{"@type":"SearchAction","target":{"@type":"EntryPoint","urlTemplate":"https:\/\/everydaychemshop.com\/es\/?s={search_term_string}"},"query-input":{"@type":"PropertyValueSpecification","valueRequired":true,"valueName":"search_term_string"}}],"inLanguage":"en-US"}]}},"_links":{"self":[{"href":"https:\/\/everydaychemshop.com\/es\/wp-json\/wp\/v2\/product\/7762","targetHints":{"allow":["GET"]}}],"collection":[{"href":"https:\/\/everydaychemshop.com\/es\/wp-json\/wp\/v2\/product"}],"about":[{"href":"https:\/\/everydaychemshop.com\/es\/wp-json\/wp\/v2\/types\/product"}],"replies":[{"embeddable":true,"href":"https:\/\/everydaychemshop.com\/es\/wp-json\/wp\/v2\/comments?post=7762"}],"wp:featuredmedia":[{"embeddable":true,"href":"https:\/\/everydaychemshop.com\/es\/wp-json\/wp\/v2\/media\/7790"}],"wp:attachment":[{"href":"https:\/\/everydaychemshop.com\/es\/wp-json\/wp\/v2\/media?parent=7762"}],"wp:term":[{"taxonomy":"product_brand","embeddable":true,"href":"https:\/\/everydaychemshop.com\/es\/wp-json\/wp\/v2\/product_brand?post=7762"},{"taxonomy":"product_cat","embeddable":true,"href":"https:\/\/everydaychemshop.com\/es\/wp-json\/wp\/v2\/product_cat?post=7762"},{"taxonomy":"product_tag","embeddable":true,"href":"https:\/\/everydaychemshop.com\/es\/wp-json\/wp\/v2\/product_tag?post=7762"}],"curies":[{"name":"wp","href":"https:\/\/api.w.org\/{rel}","templated":true}]}}