{"id":7776,"date":"2022-11-16T09:47:01","date_gmt":"2022-11-16T09:47:01","guid":{"rendered":"https:\/\/everydaychemshop.com\/es\/?post_type=product&#038;p=7776"},"modified":"2023-04-07T08:51:39","modified_gmt":"2023-04-07T08:51:39","slug":"comprar-mdai-online","status":"publish","type":"product","link":"https:\/\/everydaychemshop.com\/es\/product\/comprar-mdai-online\/","title":{"rendered":"MDAI"},"content":{"rendered":"<h1>Comprar cristales MDAI en l\u00ednea<\/h1>\n<p><a href=\"https:\/\/everydaychemshop.com\/es\/product\/comprar-mdai-online\/\">Comprar cristales MDAI en l\u00ednea<\/a>. MDAI y cualquier fenetilamina restante vendida en este sitio se proponen para aplicaciones cient\u00edficas y de investigaci\u00f3n. La prueba sint\u00e9tica llamada MDA.I es una droga arquitecto con posibles impactos fisiol\u00f3gicos y psicoactivos y tiene la ecuaci\u00f3n subat\u00f3mica C10H11NO2 &#8211; HCl. El peso de la ecuaci\u00f3n tiene el valor de 213,7 g\/mol. Compre MDAI en la web.<\/p>\n<p>Esta sustancia es realmente nueva, por lo que se desconocen las propiedades toxicol\u00f3gicas y fisiol\u00f3gicas de MDAI. Los subsidiarios de fenetilamina, por ejemplo, 5,6-metilendioxi-2-aminoindano, <a href=\"https:\/\/en.wikipedia.org\/wiki\/MDAI\">pueden<\/a> tener propiedades energizantes y propiedades entact\u00f3genas. Compre MDAI en la web.<\/p>\n<p>6,7-Dihydro-5H-indeno[5,6-d]-1,3-dioxol-6-amine, monohydrochloride y cualquier medicamento creador restante vendido en este sitio se proponen para investigaci\u00f3n y aplicaciones medibles.<\/p>\n<p>Guarde amablemente esta fenetilamina en un lugar fresco y seco. La seguridad del compuesto de fenetilamina MDA.I es de hasta 2 a\u00f1os en condiciones de capacidad leg\u00edtima. Compre MDA.I en la web.<\/p>\n<p>\u00bfPor qu\u00e9 comprarnos MDA.I?<\/p>\n<p>\u2605 Tenemos una larga historia de intercambio en el mercado, por lo que se beneficiar\u00e1 de nuestra experiencia.<\/p>\n<p>\u2605 MDAI ha sido probado y verificado.<\/p>\n<p>\u2605 Puede comprar MDAI utilizando Bitcoin, MoneyGram y Western Union o transferencia bancaria.<\/p>\n<p>\u00bfQu\u00e9 obtiene cuando compra MDA.I de nosotros?<\/p>\n<p>&#8211; Un bolsillo fijo de papel de aluminio que contiene 6,7-dihidro-5H-indeno[5,6-d]-1,3-dioxol-6-amina, monoclorhidrato sint\u00e9tico de investigaci\u00f3n de la mejor calidad<\/p>\n<p>&#8211; Receta fuerte pura como el vidrio<\/p>\n<p>&#8211; \u226598% de inmaculabilidad<\/p>\n<p>Solicitud de MDAI en la web, MDAI disponible para comprar, remedio de MDAI, MDAI 10 mg, p\u00edldoras de MDAI disponibles para comprar en la web, c\u00f3mo obtener la soluci\u00f3n de MDAI, c\u00f3mo obtener MDAI, MDAI, dosis de MDAI, MDAI 60 mg disponibles para comprar, MDAI 15 mg, estimaci\u00f3n de camino, p\u00edldoras de MDAI disponibles para comprar, MDAI disponible para comprar sin remedio, tabletas de sulfato de MDAI disponibles para comprar, MDAI disponible para comprar, MD AI disponible para comprar, MDAI 30 mg disponible para comprar, pastillas de MDAI disponibles para comprar en la web, MDAI en polvo disponible para comprar, MDAI disponible para comprar, MDAI disponible para comprar sin remedio, MDAI disponible para comprar en el extranjero , compre MDAI en la web, MDAI disponible para comprar, c\u00f3mo obtener MDAI, solicite MDAI .<\/p>\n<p>Ofrecemos servicio acelerado entre 1 y 2 d\u00edas universalmente. Nuestros transportes son 100 % cuidadosos y r\u00e1pidos, de esta manera aseguran a todos los clientes y paquetes para el transporte, lo que hace que el negocio siempre sea un \u00e9xito.<\/p>\n<p><strong>\u00bfSabe d\u00f3nde comprar MDAI?<\/strong><\/p>\n<p>MDAI a la venta, valor en la calle de MDAI, dosis de MDAI, c\u00f3mo hacer MDAI, d\u00f3nde puedo MDAI en l\u00ednea, d\u00f3nde obtener MDAI, qu\u00e9 es MDAI, MDAI de primera calidad a la venta. Todas estas preguntas sin respuesta pueden obtener sus respuestas a trav\u00e9s de nosotros Solo tiene que visitar nuestro sitio web y obtendr\u00e1 las respuestas sobre c\u00f3mo y d\u00f3nde puede comprar MDAI en l\u00ednea.<\/p>\n<p>\u00bfQu\u00e9 pasa con MDAI? \u00bfSabe tambi\u00e9n d\u00f3nde conseguir MDAI a la venta en l\u00ednea? comprar MDAI a la venta, c\u00f3mo hacer MDAI, c\u00f3mo se ve MDAI, precio de venta al p\u00fablico de MDAI, precio de MDAI, d\u00f3nde comprar MDAI, MDAI puro, d\u00f3nde puedo comprar MDAI en l\u00ednea, comprar MDAI puro en l\u00ednea.<\/p>\n<p>Buena calidad MDAI en l\u00ednea: Se entiende completamente que las personas d No conf\u00ede r\u00e1pidamente en la calidad de MDAI en l\u00ednea vendido en l\u00ednea porque no puede examinarlo f\u00edsicamente. Pero no es lo mismo con los proveedores en l\u00ednea Online MDAI. Los productos aqu\u00ed son fieles a su descripci\u00f3n con un mantenimiento de alta calidad realizado bajo la supervisi\u00f3n de expertos.<\/p>\n<p>Fast &amp; Env\u00edo discreto: La entrega de MDAIonline despu\u00e9s de recibir el pedido se realiza dentro del plazo prometido. El equipo de env\u00edo pone todo su esfuerzo en hacer que el proceso de env\u00edo y entrega sea fluido y r\u00e1pido. Tambi\u00e9n puede esperar excelentes servicios al comprar MDAI en l\u00ednea del profesional en la plataforma en l\u00ednea.<\/p>\n","protected":false},"excerpt":{"rendered":"<p>La MDAI que se vende en l\u00ednea tiene el nombre completo de la IUPAC de monoclorhidrato de 6,7-dihidro-5H-indeno[5,6-d]-1,3-dioxol-6-amina, que pertenece a una clase de sustancias qu\u00edmicas de investigaci\u00f3n de fenetilamina.<br \/>\nMDAI\u00a0\u00a0podr\u00eda tener propiedades entact\u00f3genas y estimulantes.<\/p>\n","protected":false},"featured_media":7806,"comment_status":"open","ping_status":"closed","template":"","meta":{"inline_featured_image":false},"product_brand":[],"product_cat":[264],"product_tag":[420,419,421,423,422,425,426,424],"class_list":{"0":"post-7776","1":"product","2":"type-product","3":"status-publish","4":"has-post-thumbnail","6":"product_cat-investigacion-quimica","7":"product_tag-cmo-conseguir-mdai","8":"product_tag-comprar-mdai-online","9":"product_tag-mdai-en-venta","10":"product_tag-mdai-en-venta-en-el-extranjero","11":"product_tag-mdai-para-la-venta-sin-receta","12":"product_tag-reclamante-de-la-orden","13":"product_tag-orden-mdai-online","14":"product_tag-mdai-calle-valor","16":"first","17":"instock","18":"shipping-taxable","19":"purchasable","20":"product-type-variable","21":"has-default-attributes"},"yoast_head":"<!-- This site is optimized with the Yoast SEO Premium plugin v19.2 (Yoast SEO v27.3) - https:\/\/yoast.com\/product\/yoast-seo-premium-wordpress\/ -->\n<title>Comprar cristales MDAI en l\u00ednea - Everyday Chem Shop<\/title>\n<meta name=\"description\" content=\"Comprar cristales MDAI en l\u00ednea. Si est\u00e1 buscando c\u00f3mo comprar MDAI en l\u00ednea, entonces est\u00e1 en el lugar correcto para comprar MDAI en l\u00ednea.\" \/>\n<meta name=\"robots\" content=\"index, follow, max-snippet:-1, max-image-preview:large, max-video-preview:-1\" \/>\n<link rel=\"canonical\" href=\"https:\/\/everydaychemshop.com\/es\/product\/comprar-mdai-online\/\" \/>\n<meta property=\"og:locale\" content=\"en_US\" \/>\n<meta property=\"og:type\" content=\"article\" \/>\n<meta property=\"og:title\" content=\"MDAI\" \/>\n<meta property=\"og:description\" content=\"Comprar cristales MDAI en l\u00ednea. Si est\u00e1 buscando c\u00f3mo comprar MDAI en l\u00ednea, entonces est\u00e1 en el lugar correcto para comprar MDAI en l\u00ednea.\" \/>\n<meta property=\"og:url\" content=\"https:\/\/everydaychemshop.com\/es\/product\/comprar-mdai-online\/\" \/>\n<meta property=\"og:site_name\" content=\"Everyday Chem Shop\" \/>\n<meta property=\"article:modified_time\" content=\"2023-04-07T08:51:39+00:00\" \/>\n<meta property=\"og:image\" content=\"https:\/\/everydaychemshop.com\/es\/wp-content\/uploads\/sites\/4\/2022\/11\/MDAI.jpg\" \/>\n\t<meta property=\"og:image:width\" content=\"1200\" \/>\n\t<meta property=\"og:image:height\" content=\"1200\" \/>\n\t<meta property=\"og:image:type\" content=\"image\/jpeg\" \/>\n<meta name=\"twitter:card\" content=\"summary_large_image\" \/>\n<meta name=\"twitter:label1\" content=\"Est. reading time\" \/>\n\t<meta name=\"twitter:data1\" content=\"3 minutes\" \/>\n<script type=\"application\/ld+json\" class=\"yoast-schema-graph\">{\"@context\":\"https:\\\/\\\/schema.org\",\"@graph\":[{\"@type\":\"WebPage\",\"@id\":\"https:\\\/\\\/everydaychemshop.com\\\/es\\\/product\\\/comprar-mdai-online\\\/\",\"url\":\"https:\\\/\\\/everydaychemshop.com\\\/es\\\/product\\\/comprar-mdai-online\\\/\",\"name\":\"Comprar cristales MDAI en l\u00ednea - Everyday Chem Shop\",\"isPartOf\":{\"@id\":\"https:\\\/\\\/everydaychemshop.com\\\/es\\\/#website\"},\"primaryImageOfPage\":{\"@id\":\"https:\\\/\\\/everydaychemshop.com\\\/es\\\/product\\\/comprar-mdai-online\\\/#primaryimage\"},\"image\":{\"@id\":\"https:\\\/\\\/everydaychemshop.com\\\/es\\\/product\\\/comprar-mdai-online\\\/#primaryimage\"},\"thumbnailUrl\":\"https:\\\/\\\/everydaychemshop.com\\\/es\\\/wp-content\\\/uploads\\\/sites\\\/4\\\/2022\\\/11\\\/MDAI.jpg\",\"datePublished\":\"2022-11-16T09:47:01+00:00\",\"dateModified\":\"2023-04-07T08:51:39+00:00\",\"description\":\"Comprar cristales MDAI en l\u00ednea. Si est\u00e1 buscando c\u00f3mo comprar MDAI en l\u00ednea, entonces est\u00e1 en el lugar correcto para comprar MDAI en l\u00ednea.\",\"breadcrumb\":{\"@id\":\"https:\\\/\\\/everydaychemshop.com\\\/es\\\/product\\\/comprar-mdai-online\\\/#breadcrumb\"},\"inLanguage\":\"en-US\",\"potentialAction\":[{\"@type\":\"ReadAction\",\"target\":[\"https:\\\/\\\/everydaychemshop.com\\\/es\\\/product\\\/comprar-mdai-online\\\/\"]}]},{\"@type\":\"ImageObject\",\"inLanguage\":\"en-US\",\"@id\":\"https:\\\/\\\/everydaychemshop.com\\\/es\\\/product\\\/comprar-mdai-online\\\/#primaryimage\",\"url\":\"https:\\\/\\\/everydaychemshop.com\\\/es\\\/wp-content\\\/uploads\\\/sites\\\/4\\\/2022\\\/11\\\/MDAI.jpg\",\"contentUrl\":\"https:\\\/\\\/everydaychemshop.com\\\/es\\\/wp-content\\\/uploads\\\/sites\\\/4\\\/2022\\\/11\\\/MDAI.jpg\",\"width\":1200,\"height\":1200,\"caption\":\"Comprar cristales MDAI en l\u00ednea\"},{\"@type\":\"BreadcrumbList\",\"@id\":\"https:\\\/\\\/everydaychemshop.com\\\/es\\\/product\\\/comprar-mdai-online\\\/#breadcrumb\",\"itemListElement\":[{\"@type\":\"ListItem\",\"position\":1,\"name\":\"Home\",\"item\":\"https:\\\/\\\/everydaychemshop.com\\\/es\\\/\"},{\"@type\":\"ListItem\",\"position\":2,\"name\":\"Productos\",\"item\":\"https:\\\/\\\/everydaychemshop.com\\\/es\\\/productos\\\/\"},{\"@type\":\"ListItem\",\"position\":3,\"name\":\"MDAI\"}]},{\"@type\":\"WebSite\",\"@id\":\"https:\\\/\\\/everydaychemshop.com\\\/es\\\/#website\",\"url\":\"https:\\\/\\\/everydaychemshop.com\\\/es\\\/\",\"name\":\"Everyday Chem Shop\",\"description\":\"\",\"potentialAction\":[{\"@type\":\"SearchAction\",\"target\":{\"@type\":\"EntryPoint\",\"urlTemplate\":\"https:\\\/\\\/everydaychemshop.com\\\/es\\\/?s={search_term_string}\"},\"query-input\":{\"@type\":\"PropertyValueSpecification\",\"valueRequired\":true,\"valueName\":\"search_term_string\"}}],\"inLanguage\":\"en-US\"}]}<\/script>\n<!-- \/ Yoast SEO Premium plugin. -->","yoast_head_json":{"title":"Comprar cristales MDAI en l\u00ednea - Everyday Chem Shop","description":"Comprar cristales MDAI en l\u00ednea. Si est\u00e1 buscando c\u00f3mo comprar MDAI en l\u00ednea, entonces est\u00e1 en el lugar correcto para comprar MDAI en l\u00ednea.","robots":{"index":"index","follow":"follow","max-snippet":"max-snippet:-1","max-image-preview":"max-image-preview:large","max-video-preview":"max-video-preview:-1"},"canonical":"https:\/\/everydaychemshop.com\/es\/product\/comprar-mdai-online\/","og_locale":"en_US","og_type":"article","og_title":"MDAI","og_description":"Comprar cristales MDAI en l\u00ednea. Si est\u00e1 buscando c\u00f3mo comprar MDAI en l\u00ednea, entonces est\u00e1 en el lugar correcto para comprar MDAI en l\u00ednea.","og_url":"https:\/\/everydaychemshop.com\/es\/product\/comprar-mdai-online\/","og_site_name":"Everyday Chem Shop","article_modified_time":"2023-04-07T08:51:39+00:00","og_image":[{"width":1200,"height":1200,"url":"https:\/\/everydaychemshop.com\/es\/wp-content\/uploads\/sites\/4\/2022\/11\/MDAI.jpg","type":"image\/jpeg"}],"twitter_card":"summary_large_image","twitter_misc":{"Est. reading time":"3 minutes"},"schema":{"@context":"https:\/\/schema.org","@graph":[{"@type":"WebPage","@id":"https:\/\/everydaychemshop.com\/es\/product\/comprar-mdai-online\/","url":"https:\/\/everydaychemshop.com\/es\/product\/comprar-mdai-online\/","name":"Comprar cristales MDAI en l\u00ednea - Everyday Chem Shop","isPartOf":{"@id":"https:\/\/everydaychemshop.com\/es\/#website"},"primaryImageOfPage":{"@id":"https:\/\/everydaychemshop.com\/es\/product\/comprar-mdai-online\/#primaryimage"},"image":{"@id":"https:\/\/everydaychemshop.com\/es\/product\/comprar-mdai-online\/#primaryimage"},"thumbnailUrl":"https:\/\/everydaychemshop.com\/es\/wp-content\/uploads\/sites\/4\/2022\/11\/MDAI.jpg","datePublished":"2022-11-16T09:47:01+00:00","dateModified":"2023-04-07T08:51:39+00:00","description":"Comprar cristales MDAI en l\u00ednea. Si est\u00e1 buscando c\u00f3mo comprar MDAI en l\u00ednea, entonces est\u00e1 en el lugar correcto para comprar MDAI en l\u00ednea.","breadcrumb":{"@id":"https:\/\/everydaychemshop.com\/es\/product\/comprar-mdai-online\/#breadcrumb"},"inLanguage":"en-US","potentialAction":[{"@type":"ReadAction","target":["https:\/\/everydaychemshop.com\/es\/product\/comprar-mdai-online\/"]}]},{"@type":"ImageObject","inLanguage":"en-US","@id":"https:\/\/everydaychemshop.com\/es\/product\/comprar-mdai-online\/#primaryimage","url":"https:\/\/everydaychemshop.com\/es\/wp-content\/uploads\/sites\/4\/2022\/11\/MDAI.jpg","contentUrl":"https:\/\/everydaychemshop.com\/es\/wp-content\/uploads\/sites\/4\/2022\/11\/MDAI.jpg","width":1200,"height":1200,"caption":"Comprar cristales MDAI en l\u00ednea"},{"@type":"BreadcrumbList","@id":"https:\/\/everydaychemshop.com\/es\/product\/comprar-mdai-online\/#breadcrumb","itemListElement":[{"@type":"ListItem","position":1,"name":"Home","item":"https:\/\/everydaychemshop.com\/es\/"},{"@type":"ListItem","position":2,"name":"Productos","item":"https:\/\/everydaychemshop.com\/es\/productos\/"},{"@type":"ListItem","position":3,"name":"MDAI"}]},{"@type":"WebSite","@id":"https:\/\/everydaychemshop.com\/es\/#website","url":"https:\/\/everydaychemshop.com\/es\/","name":"Everyday Chem Shop","description":"","potentialAction":[{"@type":"SearchAction","target":{"@type":"EntryPoint","urlTemplate":"https:\/\/everydaychemshop.com\/es\/?s={search_term_string}"},"query-input":{"@type":"PropertyValueSpecification","valueRequired":true,"valueName":"search_term_string"}}],"inLanguage":"en-US"}]}},"_links":{"self":[{"href":"https:\/\/everydaychemshop.com\/es\/wp-json\/wp\/v2\/product\/7776","targetHints":{"allow":["GET"]}}],"collection":[{"href":"https:\/\/everydaychemshop.com\/es\/wp-json\/wp\/v2\/product"}],"about":[{"href":"https:\/\/everydaychemshop.com\/es\/wp-json\/wp\/v2\/types\/product"}],"replies":[{"embeddable":true,"href":"https:\/\/everydaychemshop.com\/es\/wp-json\/wp\/v2\/comments?post=7776"}],"wp:featuredmedia":[{"embeddable":true,"href":"https:\/\/everydaychemshop.com\/es\/wp-json\/wp\/v2\/media\/7806"}],"wp:attachment":[{"href":"https:\/\/everydaychemshop.com\/es\/wp-json\/wp\/v2\/media?parent=7776"}],"wp:term":[{"taxonomy":"product_brand","embeddable":true,"href":"https:\/\/everydaychemshop.com\/es\/wp-json\/wp\/v2\/product_brand?post=7776"},{"taxonomy":"product_cat","embeddable":true,"href":"https:\/\/everydaychemshop.com\/es\/wp-json\/wp\/v2\/product_cat?post=7776"},{"taxonomy":"product_tag","embeddable":true,"href":"https:\/\/everydaychemshop.com\/es\/wp-json\/wp\/v2\/product_tag?post=7776"}],"curies":[{"name":"wp","href":"https:\/\/api.w.org\/{rel}","templated":true}]}}