{"id":7794,"date":"2022-11-16T09:47:42","date_gmt":"2022-11-16T09:47:42","guid":{"rendered":"https:\/\/everydaychemshop.com\/es\/?post_type=product&#038;p=7794"},"modified":"2023-04-07T08:49:09","modified_gmt":"2023-04-07T08:49:09","slug":"comprar-butilona-online","status":"publish","type":"product","link":"https:\/\/everydaychemshop.com\/es\/product\/comprar-butilona-online\/","title":{"rendered":"Butilona"},"content":{"rendered":"<h1>Comprar polvo de butilona online<\/h1>\n<p><a href=\"https:\/\/everydaychemshop.com\/es\/product\/comprar-butilona-online\/\">Comprar polvo de butilona online<\/a>. La butilona (tambi\u00e9n conocida como \u03b2-ceto-N-metilbenzodioxolilbutanamina, \u03b2k-MBDB o B1) es un entact\u00f3geno sint\u00e9tico y estimulante de las clases de fenetilamina y catinona. La butilona es el an\u00e1logo \u03b2-ceto de MBDB y el an\u00e1logo metilendioxi sustituido de la bufedrona.<\/p>\n<p>Como droga de dise\u00f1o, com\u00fanmente se vende en la calle junto con la etilona como sustituto o falsificaci\u00f3n de la MDMA y la metilona (todas de los cuales se ha llegado a denominar colectivamente &#8220;Molly&#8221;) debido a la disminuci\u00f3n de la disponibilidad de metilona en el mercado de productos qu\u00edmicos de investigaci\u00f3n.<\/p>\n<p>Sin embargo, a pesar del comportamiento y farmacol\u00f3gicas similitudes entre butylone y MDMA, los efectos subjetivos observados de ambas sustancias no son completamente id\u00e9nticos.<\/p>\n<p>Butylone tiene solo una breve historia de uso humano y es se ha informado que es menos potente que sus parientes, la metilona y la etilona, \u200b\u200badem\u00e1s de poseer efectos estimulantes <a href=\"https:\/\/en.wikipedia.org\/wiki\/Butylone\">m\u00e1s<\/a> cl\u00e1sicos que efectos entact\u00f3genos.<\/p>\n<p>Tambi\u00e9n llamada \u03b2-ceto-N-metilbenzodioxolilbutanamina, es una mol\u00e9cula sint\u00e9tica de la familia de las catinonas. Las catinonas son estructuralmente similares a las anfetaminas en que contienen un n\u00facleo de fenetilamina con un anillo de fenilo unido a un grupo amino (NH2) a trav\u00e9s de una cadena de etilo con una sustituci\u00f3n de etilo adicional en R\u03b1. Las catinonas, como la butilona, \u200b\u200bson fenetilaminas alfa-metiladas (es decir, anfetaminas), pero se diferencian de ellas por la adici\u00f3n de un grupo funcional cetona (un grupo carbonilo en R\u03b2). Butylone contiene una sustituci\u00f3n de metilo en RN, una sustituci\u00f3n que se comparte con MDEA, ethylone, 4-MEC y algunos otros estimulantes y entact\u00f3genos. Adem\u00e1s, la butilona contiene sustituciones en R3 y R4 del anillo de fenilo con grupos de ox\u00edgeno. Estos grupos de ox\u00edgeno se incorporan a un anillo metilendioxi a trav\u00e9s de una cadena de metileno. La butilona comparte este anillo de metilendioxi con MDA, MDAI y MDMA.<\/p>\n<p>Act\u00faa como un agente liberador\/inhibidor de la recaptaci\u00f3n mixto de serotonina, norepinefrina y dopamina. Estos son los neurotransmisores a cargo del placer, la recompensa, la motivaci\u00f3n y el enfoque. Esto se hace inhibiendo la recaptaci\u00f3n y reabsorci\u00f3n de los neurotransmisores despu\u00e9s de que hayan realizado su funci\u00f3n de transmitir un impulso neural, esencialmente permiti\u00e9ndoles acumularse y reutilizarse, provocando efectos f\u00edsicamente estimulantes y euf\u00f3ricos.<\/p>\n<p><strong> \u00bfSabe d\u00f3nde comprar butilona en l\u00ednea?<\/strong><\/p>\n<p>Butilona a la venta, valor de butilona en la calle, dosis de butilona, \u200b\u200bc\u00f3mo hacer polvo de butilona, \u200b\u200bd\u00f3nde puedo comprar butilona en l\u00ednea, d\u00f3nde obtener butilona en l\u00ednea, \u00bfQu\u00e9 es Butylone? Polvo de Butylone de primera calidad para la venta. Todas estas preguntas sin respuesta pueden obtener sus respuestas a trav\u00e9s de nosotros. Solo necesita visitar nuestro sitio web y obtendr\u00e1 las respuestas sobre c\u00f3mo y d\u00f3nde puede comprar pastillas de fentanilo en l\u00ednea.<\/p>\n<p>\u00bfQu\u00e9 pasa con el polvo de butilona? \u00bfT\u00fa tambi\u00e9n sabes d\u00f3nde conseguir butilona a la venta online? comprar polvo de butilona, \u200b\u200bpolvo de butilona a la venta, c\u00f3mo hacer polvo de butilona, \u200b\u200bc\u00f3mo se ve el polvo de butilona, \u200b\u200bprecio de calle del polvo de butilona, \u200b\u200bprecio de polvo de butilona, \u200b\u200bd\u00f3nde comprar polvo de butilona, \u200b\u200bpolvo de butilona puro, d\u00f3nde puedo comprar polvo de butilona en l\u00ednea, butilona proveedores de polvo, forma de polvo de butilona, \u200b\u200bcomprar polvo de butilona puro, precio de polvo de butilona<\/p>\n<p>Butilona de buena calidad en l\u00ednea: se entiende completamente que las personas no conf\u00edan r\u00e1pidamente en la calidad de la butilona que se vende en l\u00ednea porque no pueden examinar f\u00edsicamente. Pero no ocurre lo mismo con los proveedores de Butilona Online. Los productos aqu\u00ed son fieles a su descripci\u00f3n con un mantenimiento de alta calidad realizado bajo la supervisi\u00f3n de expertos.<\/p>\n<p>Fast &amp; Env\u00edo discreto: La entrega de Butylone despu\u00e9s de recibir el pedido se realiza dentro del plazo prometido. El equipo de env\u00edo pone todo su esfuerzo en hacer que el proceso de env\u00edo y entrega sea fluido y r\u00e1pido. Tambi\u00e9n puede esperar excelentes servicios al comprar Butylone de el profesional en la plataforma online.<\/p>\n","protected":false},"excerpt":{"rendered":"<p>La butilona (tambi\u00e9n conocida como \u03b2-ceto-N-metilbenzodioxolilbutanamina, \u03b2k-MBDB o B1) es un entact\u00f3geno sint\u00e9tico y estimulante de las clases de fenetilamina y catinona. La butilona es el an\u00e1logo \u03b2-ceto de MBDB y el an\u00e1logo metilendioxi sustituido de la bufedrona.<\/p>\n","protected":false},"featured_media":7808,"comment_status":"open","ping_status":"closed","template":"","meta":{"inline_featured_image":false},"product_brand":[],"product_cat":[264],"product_tag":[428,429,431,433,430,435,436,437,438,439,441,442,447,434,446,432,449,451,450,448,444,443,445,440],"class_list":{"0":"post-7794","1":"product","2":"type-product","3":"status-publish","4":"has-post-thumbnail","6":"product_cat-investigacion-quimica","7":"product_tag-99-pureza-butilona-online","8":"product_tag-butilona","9":"product_tag-butylone-bk-mbdb-para-la-venta-en-todo-el-mundo","10":"product_tag-venta-de-butilona","11":"product_tag-butylone-bk-mbdb-for-sale","12":"product_tag-buy-butylone-online","13":"product_tag-buy-butylone-powder-and-crystals-online-buy-methylone-powder-and-crystal-online","14":"product_tag-buy-cheap-butylone-online","15":"product_tag-buy-ethylone-powder-and-crystal-online","16":"product_tag-cheap-butylone-for-sale","17":"product_tag-como-comprar-butilona-cristal-online","18":"product_tag-como-comprar-butilona-onlinel","19":"product_tag-compra-butilona-con-bitcoin","20":"product_tag-comprar-butilona-cristal-online","21":"product_tag-compra-butilona-online","22":"product_tag-cristal-de-butilona-a-la-venta","23":"product_tag-donde-comprar-butilona-bk-mbdb","24":"product_tag-donde-comprar-butilona-online","25":"product_tag-donde-comprar-butylone-crystal-online","26":"product_tag-el-mejor-lugar-para-comprar-butilona-online","27":"product_tag-order-butylone-online","28":"product_tag-ordenar-butylone-crystal-online","29":"product_tag-purchase-butylone-crystal-online","30":"product_tag-entrega-rpida-investigacin-qumica","32":"first","33":"instock","34":"sale","35":"shipping-taxable","36":"purchasable","37":"product-type-variable","38":"has-default-attributes"},"yoast_head":"<!-- This site is optimized with the Yoast SEO Premium plugin v19.2 (Yoast SEO v27.3) - https:\/\/yoast.com\/product\/yoast-seo-premium-wordpress\/ -->\n<title>Comprar polvo de butilona online - Everyday Chem Shop<\/title>\n<meta name=\"description\" content=\"Comprar polvo de butilona online. Si est\u00e1 buscando c\u00f3mo comprar Butylone en l\u00ednea, entonces est\u00e1 en el lugar correcto para comprar Butylone en l\u00ednea.\" \/>\n<meta name=\"robots\" content=\"index, follow, max-snippet:-1, max-image-preview:large, max-video-preview:-1\" \/>\n<link rel=\"canonical\" href=\"https:\/\/everydaychemshop.com\/es\/product\/comprar-butilona-online\/\" \/>\n<meta property=\"og:locale\" content=\"en_US\" \/>\n<meta property=\"og:type\" content=\"article\" \/>\n<meta property=\"og:title\" content=\"Butilona\" \/>\n<meta property=\"og:description\" content=\"Comprar polvo de butilona online. Si est\u00e1 buscando c\u00f3mo comprar Butylone en l\u00ednea, entonces est\u00e1 en el lugar correcto para comprar Butylone en l\u00ednea.\" \/>\n<meta property=\"og:url\" content=\"https:\/\/everydaychemshop.com\/es\/product\/comprar-butilona-online\/\" \/>\n<meta property=\"og:site_name\" content=\"Everyday Chem Shop\" \/>\n<meta property=\"article:modified_time\" content=\"2023-04-07T08:49:09+00:00\" \/>\n<meta property=\"og:image\" content=\"https:\/\/everydaychemshop.com\/es\/wp-content\/uploads\/sites\/4\/2022\/11\/Buy-Butylone-powder.jpg\" \/>\n\t<meta property=\"og:image:width\" content=\"1200\" \/>\n\t<meta property=\"og:image:height\" content=\"1200\" \/>\n\t<meta property=\"og:image:type\" content=\"image\/jpeg\" \/>\n<meta name=\"twitter:card\" content=\"summary_large_image\" \/>\n<meta name=\"twitter:label1\" content=\"Est. reading time\" \/>\n\t<meta name=\"twitter:data1\" content=\"3 minutes\" \/>\n<script type=\"application\/ld+json\" class=\"yoast-schema-graph\">{\"@context\":\"https:\\\/\\\/schema.org\",\"@graph\":[{\"@type\":\"WebPage\",\"@id\":\"https:\\\/\\\/everydaychemshop.com\\\/es\\\/product\\\/comprar-butilona-online\\\/\",\"url\":\"https:\\\/\\\/everydaychemshop.com\\\/es\\\/product\\\/comprar-butilona-online\\\/\",\"name\":\"Comprar polvo de butilona online - Everyday Chem Shop\",\"isPartOf\":{\"@id\":\"https:\\\/\\\/everydaychemshop.com\\\/es\\\/#website\"},\"primaryImageOfPage\":{\"@id\":\"https:\\\/\\\/everydaychemshop.com\\\/es\\\/product\\\/comprar-butilona-online\\\/#primaryimage\"},\"image\":{\"@id\":\"https:\\\/\\\/everydaychemshop.com\\\/es\\\/product\\\/comprar-butilona-online\\\/#primaryimage\"},\"thumbnailUrl\":\"https:\\\/\\\/everydaychemshop.com\\\/es\\\/wp-content\\\/uploads\\\/sites\\\/4\\\/2022\\\/11\\\/Buy-Butylone-powder.jpg\",\"datePublished\":\"2022-11-16T09:47:42+00:00\",\"dateModified\":\"2023-04-07T08:49:09+00:00\",\"description\":\"Comprar polvo de butilona online. Si est\u00e1 buscando c\u00f3mo comprar Butylone en l\u00ednea, entonces est\u00e1 en el lugar correcto para comprar Butylone en l\u00ednea.\",\"breadcrumb\":{\"@id\":\"https:\\\/\\\/everydaychemshop.com\\\/es\\\/product\\\/comprar-butilona-online\\\/#breadcrumb\"},\"inLanguage\":\"en-US\",\"potentialAction\":[{\"@type\":\"ReadAction\",\"target\":[\"https:\\\/\\\/everydaychemshop.com\\\/es\\\/product\\\/comprar-butilona-online\\\/\"]}]},{\"@type\":\"ImageObject\",\"inLanguage\":\"en-US\",\"@id\":\"https:\\\/\\\/everydaychemshop.com\\\/es\\\/product\\\/comprar-butilona-online\\\/#primaryimage\",\"url\":\"https:\\\/\\\/everydaychemshop.com\\\/es\\\/wp-content\\\/uploads\\\/sites\\\/4\\\/2022\\\/11\\\/Buy-Butylone-powder.jpg\",\"contentUrl\":\"https:\\\/\\\/everydaychemshop.com\\\/es\\\/wp-content\\\/uploads\\\/sites\\\/4\\\/2022\\\/11\\\/Buy-Butylone-powder.jpg\",\"width\":1200,\"height\":1200,\"caption\":\"Comprar polvo de butilona online\"},{\"@type\":\"BreadcrumbList\",\"@id\":\"https:\\\/\\\/everydaychemshop.com\\\/es\\\/product\\\/comprar-butilona-online\\\/#breadcrumb\",\"itemListElement\":[{\"@type\":\"ListItem\",\"position\":1,\"name\":\"Home\",\"item\":\"https:\\\/\\\/everydaychemshop.com\\\/es\\\/\"},{\"@type\":\"ListItem\",\"position\":2,\"name\":\"Productos\",\"item\":\"https:\\\/\\\/everydaychemshop.com\\\/es\\\/productos\\\/\"},{\"@type\":\"ListItem\",\"position\":3,\"name\":\"Butilona\"}]},{\"@type\":\"WebSite\",\"@id\":\"https:\\\/\\\/everydaychemshop.com\\\/es\\\/#website\",\"url\":\"https:\\\/\\\/everydaychemshop.com\\\/es\\\/\",\"name\":\"Everyday Chem Shop\",\"description\":\"\",\"potentialAction\":[{\"@type\":\"SearchAction\",\"target\":{\"@type\":\"EntryPoint\",\"urlTemplate\":\"https:\\\/\\\/everydaychemshop.com\\\/es\\\/?s={search_term_string}\"},\"query-input\":{\"@type\":\"PropertyValueSpecification\",\"valueRequired\":true,\"valueName\":\"search_term_string\"}}],\"inLanguage\":\"en-US\"}]}<\/script>\n<!-- \/ Yoast SEO Premium plugin. -->","yoast_head_json":{"title":"Comprar polvo de butilona online - Everyday Chem Shop","description":"Comprar polvo de butilona online. Si est\u00e1 buscando c\u00f3mo comprar Butylone en l\u00ednea, entonces est\u00e1 en el lugar correcto para comprar Butylone en l\u00ednea.","robots":{"index":"index","follow":"follow","max-snippet":"max-snippet:-1","max-image-preview":"max-image-preview:large","max-video-preview":"max-video-preview:-1"},"canonical":"https:\/\/everydaychemshop.com\/es\/product\/comprar-butilona-online\/","og_locale":"en_US","og_type":"article","og_title":"Butilona","og_description":"Comprar polvo de butilona online. Si est\u00e1 buscando c\u00f3mo comprar Butylone en l\u00ednea, entonces est\u00e1 en el lugar correcto para comprar Butylone en l\u00ednea.","og_url":"https:\/\/everydaychemshop.com\/es\/product\/comprar-butilona-online\/","og_site_name":"Everyday Chem Shop","article_modified_time":"2023-04-07T08:49:09+00:00","og_image":[{"width":1200,"height":1200,"url":"https:\/\/everydaychemshop.com\/es\/wp-content\/uploads\/sites\/4\/2022\/11\/Buy-Butylone-powder.jpg","type":"image\/jpeg"}],"twitter_card":"summary_large_image","twitter_misc":{"Est. reading time":"3 minutes"},"schema":{"@context":"https:\/\/schema.org","@graph":[{"@type":"WebPage","@id":"https:\/\/everydaychemshop.com\/es\/product\/comprar-butilona-online\/","url":"https:\/\/everydaychemshop.com\/es\/product\/comprar-butilona-online\/","name":"Comprar polvo de butilona online - Everyday Chem Shop","isPartOf":{"@id":"https:\/\/everydaychemshop.com\/es\/#website"},"primaryImageOfPage":{"@id":"https:\/\/everydaychemshop.com\/es\/product\/comprar-butilona-online\/#primaryimage"},"image":{"@id":"https:\/\/everydaychemshop.com\/es\/product\/comprar-butilona-online\/#primaryimage"},"thumbnailUrl":"https:\/\/everydaychemshop.com\/es\/wp-content\/uploads\/sites\/4\/2022\/11\/Buy-Butylone-powder.jpg","datePublished":"2022-11-16T09:47:42+00:00","dateModified":"2023-04-07T08:49:09+00:00","description":"Comprar polvo de butilona online. Si est\u00e1 buscando c\u00f3mo comprar Butylone en l\u00ednea, entonces est\u00e1 en el lugar correcto para comprar Butylone en l\u00ednea.","breadcrumb":{"@id":"https:\/\/everydaychemshop.com\/es\/product\/comprar-butilona-online\/#breadcrumb"},"inLanguage":"en-US","potentialAction":[{"@type":"ReadAction","target":["https:\/\/everydaychemshop.com\/es\/product\/comprar-butilona-online\/"]}]},{"@type":"ImageObject","inLanguage":"en-US","@id":"https:\/\/everydaychemshop.com\/es\/product\/comprar-butilona-online\/#primaryimage","url":"https:\/\/everydaychemshop.com\/es\/wp-content\/uploads\/sites\/4\/2022\/11\/Buy-Butylone-powder.jpg","contentUrl":"https:\/\/everydaychemshop.com\/es\/wp-content\/uploads\/sites\/4\/2022\/11\/Buy-Butylone-powder.jpg","width":1200,"height":1200,"caption":"Comprar polvo de butilona online"},{"@type":"BreadcrumbList","@id":"https:\/\/everydaychemshop.com\/es\/product\/comprar-butilona-online\/#breadcrumb","itemListElement":[{"@type":"ListItem","position":1,"name":"Home","item":"https:\/\/everydaychemshop.com\/es\/"},{"@type":"ListItem","position":2,"name":"Productos","item":"https:\/\/everydaychemshop.com\/es\/productos\/"},{"@type":"ListItem","position":3,"name":"Butilona"}]},{"@type":"WebSite","@id":"https:\/\/everydaychemshop.com\/es\/#website","url":"https:\/\/everydaychemshop.com\/es\/","name":"Everyday Chem Shop","description":"","potentialAction":[{"@type":"SearchAction","target":{"@type":"EntryPoint","urlTemplate":"https:\/\/everydaychemshop.com\/es\/?s={search_term_string}"},"query-input":{"@type":"PropertyValueSpecification","valueRequired":true,"valueName":"search_term_string"}}],"inLanguage":"en-US"}]}},"_links":{"self":[{"href":"https:\/\/everydaychemshop.com\/es\/wp-json\/wp\/v2\/product\/7794","targetHints":{"allow":["GET"]}}],"collection":[{"href":"https:\/\/everydaychemshop.com\/es\/wp-json\/wp\/v2\/product"}],"about":[{"href":"https:\/\/everydaychemshop.com\/es\/wp-json\/wp\/v2\/types\/product"}],"replies":[{"embeddable":true,"href":"https:\/\/everydaychemshop.com\/es\/wp-json\/wp\/v2\/comments?post=7794"}],"wp:featuredmedia":[{"embeddable":true,"href":"https:\/\/everydaychemshop.com\/es\/wp-json\/wp\/v2\/media\/7808"}],"wp:attachment":[{"href":"https:\/\/everydaychemshop.com\/es\/wp-json\/wp\/v2\/media?parent=7794"}],"wp:term":[{"taxonomy":"product_brand","embeddable":true,"href":"https:\/\/everydaychemshop.com\/es\/wp-json\/wp\/v2\/product_brand?post=7794"},{"taxonomy":"product_cat","embeddable":true,"href":"https:\/\/everydaychemshop.com\/es\/wp-json\/wp\/v2\/product_cat?post=7794"},{"taxonomy":"product_tag","embeddable":true,"href":"https:\/\/everydaychemshop.com\/es\/wp-json\/wp\/v2\/product_tag?post=7794"}],"curies":[{"name":"wp","href":"https:\/\/api.w.org\/{rel}","templated":true}]}}