{"id":7800,"date":"2022-11-16T09:47:44","date_gmt":"2022-11-16T09:47:44","guid":{"rendered":"https:\/\/everydaychemshop.com\/es\/?post_type=product&#038;p=7800"},"modified":"2023-04-07T08:47:58","modified_gmt":"2023-04-07T08:47:58","slug":"comprar-bufedrona-online","status":"publish","type":"product","link":"https:\/\/everydaychemshop.com\/es\/product\/comprar-bufedrona-online\/","title":{"rendered":"Bufedrona"},"content":{"rendered":"<h1>Comprar polvo de bufedrona en l\u00ednea<\/h1>\n<p><a href=\"https:\/\/everydaychemshop.com\/es\/product\/comprar-bufedrona-online\/\">Comprar polvo de bufedrona en l\u00ednea<\/a>. La historia de la bufedrona comienza en 1928. Cuando se sintetiz\u00f3 por primera vez la sustancia qu\u00edmica de investigaci\u00f3n, se incluy\u00f3 en la clase de fenetilaminas y catinonas. Est\u00e1 prohibido consumir bufedrona para la venta, pero est\u00e1 disponible en el mercado de productos qu\u00edmicos de investigaci\u00f3n para fines forenses y de investigaci\u00f3n. En nuestra tienda en l\u00ednea de bufedrona, encontrar\u00e1 Bufedrona a la venta, as\u00ed como muchos <a href=\"https:\/\/es.wikipedia.org\/wiki\/Droga\">otros<\/a> estimulantes a la venta similares a Bufedrona.<\/p>\n<p>Conocida como MABP, esta droga de dise\u00f1o es una beta-cetona. Si necesita comprar an\u00e1logos de metanfetamina, MABP ser\u00e1 una buena opci\u00f3n.<\/p>\n<p>Puede comprar MABP en l\u00ednea con entrega en todo el mundo. Nuestra empresa se dedica a la venta al por mayor de MABP. Al estar incluido en el \u00e1rea gris, el qu\u00edmico de investigaci\u00f3n MABP es ampliamente utilizado entre los investigadores y cient\u00edficos en varias pruebas y experimentos. Cuando necesite MABP Compre en l\u00ednea SOLAMENTE a proveedores confiables. De esta forma, obtendr\u00e1 sustancias puras a un precio asequible.<\/p>\n<p>Antes de que los clientes soliciten MABP en l\u00ednea, recomendamos leer la informaci\u00f3n sobre los efectos y los efectos secundarios de MABP para saber qu\u00e9 esperar de la experiencia con MABP. Tambi\u00e9n es posible familiarizarse con los informes de viaje de MABP y los casos de muerte de MABP, as\u00ed como el mal viaje y las lesiones de MABP a partir de declaraciones de usuarios anteriores que visitaron la p\u00e1gina Erowid de MABP.<\/p>\n<p>Todos los usuarios de MABP manifestaron un sentimiento de euforia. Tambi\u00e9n admitieron que es muy importante c\u00f3mo tomar y usar MABP. No solo conduce a un estado de \u00e1nimo elevado, sino que las personas se vuelven m\u00e1s habladoras, su ritmo card\u00edaco aumenta. Su habla se volvi\u00f3 arrastrada y no pueden conciliar el sue\u00f1o. Se sent\u00edan inquietos y ten\u00edan mayores habilidades de comunicaci\u00f3n y motivaci\u00f3n.<\/p>\n<p>MABP es un potente liberador de dopamina. Comparar MABP y metanfetamina MABP es m\u00e1s euf\u00f3rico y menos estimulante.<\/p>\n<p>Todos los usuarios de Buphedrone manifestaron un sentimiento de euforia. Tambi\u00e9n admitieron que es muy importante c\u00f3mo tomar y usar bufedrona. No solo conduce a un estado de \u00e1nimo elevado, sino que las personas se vuelven m\u00e1s habladoras, su ritmo card\u00edaco aumenta. Su habla se volvi\u00f3 arrastrada y no pueden conciliar el sue\u00f1o. Se sent\u00edan inquietos y ten\u00edan mayores habilidades de comunicaci\u00f3n, as\u00ed como motivaci\u00f3n.<\/p>\n<p>\u00bfSabe d\u00f3nde comprar bufedrona en l\u00ednea?<\/p>\n<p>Bufedrona a la venta, valor de Bufedrona en la calle, dosis de Bufedrona, c\u00f3mo hacer Bufedrona en polvo, d\u00f3nde puedo comprar Bufedrona en l\u00ednea, d\u00f3nde obtener Bufedrona en l\u00ednea, qu\u00e9 es Bufedrona, Bufedrona en polvo de primera calidad a la venta. Todas estas preguntas sin respuesta pueden obtener sus respuestas a trav\u00e9s de nosotros. Solo necesita visitar nuestro sitio web y obtendr\u00e1 las respuestas sobre c\u00f3mo y d\u00f3nde puede comprar pastillas de fentanilo en l\u00ednea.<\/p>\n<p>\u00bfQu\u00e9 pasa con el polvo de bufedrona? \u00bfSabe tambi\u00e9n d\u00f3nde conseguir bufedrona a la venta online? comprar polvo de bufedrona, polvo de bufedrona a la venta, c\u00f3mo hacer polvo de bufedrona, c\u00f3mo se ve el polvo de bufedrona, precio de calle del polvo de bufedrona, precio de polvo de bufedrona, d\u00f3nde comprar polvo de bufedrona, polvo puro de bufedrona, d\u00f3nde puedo comprar polvo de bufedrona en l\u00ednea, bufedrona proveedores de polvo, forma de polvo de bufedrona, compre polvo de bufedrona puro, precio de polvo de bufedrona<\/p>\n<p>Bufedrona de buena calidad en l\u00ednea: se entiende completamente que las personas no conf\u00edan r\u00e1pidamente en la calidad de la bufedrona que se vende en l\u00ednea porque no pueden examinar f\u00edsicamente. Pero no es lo mismo con los proveedores de bufedrona en l\u00ednea. Los productos aqu\u00ed son fieles a su descripci\u00f3n con un mantenimiento de alta calidad realizado bajo la supervisi\u00f3n de expertos.<\/p>\n<p>Fast &amp; Env\u00edo discreto: la entrega de Buphedrone despu\u00e9s de recibir el pedido se realiza dentro del plazo prometido. El equipo de env\u00edo pone todo su esfuerzo en hacer que el proceso de env\u00edo y entrega sea fluido y r\u00e1pido. Tambi\u00e9n puede esperar excelentes servicios al comprar bufedrona del profesional en la plataforma en l\u00ednea.<\/p>\n","protected":false},"excerpt":{"rendered":"<p>Compre bufedrona en l\u00ednea<a href=\"https:\/\/en.wikipedia.org\/wiki\/Buphedrone\">. La historia de la bufedrona comienza en 1928. Cuando se sintetiz\u00f3 por primera vez la sustancia qu\u00edmica de investigaci\u00f3n, se incluy\u00f3 en la clase de fenetilaminas y catinonas. Est\u00e1 prohibido consumir bufedrona para la venta, pero est\u00e1 disponible en el mercado de productos qu\u00edmicos de investigaci\u00f3n para fines forenses y de investigaci\u00f3n. En nuestra tienda online de bufedrona encontrar\u00e1 Bufedrona a la venta as\u00ed como muchos otros estimulantes a la venta similares a Bufedrona.<\/a><\/p>\n","protected":false},"featured_media":7824,"comment_status":"open","ping_status":"closed","template":"","meta":{"inline_featured_image":false},"product_brand":[],"product_cat":[264],"product_tag":[453,454,452,456,457,458,459,460,455],"class_list":{"0":"post-7800","1":"product","2":"type-product","3":"status-publish","4":"has-post-thumbnail","6":"product_cat-investigacion-quimica","7":"product_tag-buphedrone-comprar","8":"product_tag-venta-de-bufedrona","9":"product_tag-buphedrone","10":"product_tag-comprar-bufedrona-online","11":"product_tag-comprar-mabp","12":"product_tag-comprar-mabp-online","13":"product_tag-mabp-for-sale","14":"product_tag-orden-buphedrone","15":"product_tag-bufedrona-premium","17":"first","18":"instock","19":"shipping-taxable","20":"purchasable","21":"product-type-variable","22":"has-default-attributes"},"yoast_head":"<!-- This site is optimized with the Yoast SEO Premium plugin v19.2 (Yoast SEO v27.3) - https:\/\/yoast.com\/product\/yoast-seo-premium-wordpress\/ -->\n<title>Comprar polvo de bufedrona en l\u00ednea - Everyday Chem Shop<\/title>\n<meta name=\"description\" content=\"Comprar polvo de bufedrona en l\u00ednea. Si est\u00e1 buscando c\u00f3mo comprar Buphedrone en l\u00ednea, entonces est\u00e1 en el lugar correcto para comprar Buphedrone en l\u00ednea.\" \/>\n<meta name=\"robots\" content=\"index, follow, max-snippet:-1, max-image-preview:large, max-video-preview:-1\" \/>\n<link rel=\"canonical\" href=\"https:\/\/everydaychemshop.com\/es\/product\/comprar-bufedrona-online\/\" \/>\n<meta property=\"og:locale\" content=\"en_US\" \/>\n<meta property=\"og:type\" content=\"article\" \/>\n<meta property=\"og:title\" content=\"Bufedrona\" \/>\n<meta property=\"og:description\" content=\"Comprar polvo de bufedrona en l\u00ednea. Si est\u00e1 buscando c\u00f3mo comprar Buphedrone en l\u00ednea, entonces est\u00e1 en el lugar correcto para comprar Buphedrone en l\u00ednea.\" \/>\n<meta property=\"og:url\" content=\"https:\/\/everydaychemshop.com\/es\/product\/comprar-bufedrona-online\/\" \/>\n<meta property=\"og:site_name\" content=\"Everyday Chem Shop\" \/>\n<meta property=\"article:modified_time\" content=\"2023-04-07T08:47:58+00:00\" \/>\n<meta property=\"og:image\" content=\"https:\/\/everydaychemshop.com\/es\/wp-content\/uploads\/sites\/4\/2022\/11\/Buphedrone.jpg\" \/>\n\t<meta property=\"og:image:width\" content=\"1200\" \/>\n\t<meta property=\"og:image:height\" content=\"1200\" \/>\n\t<meta property=\"og:image:type\" content=\"image\/jpeg\" \/>\n<meta name=\"twitter:card\" content=\"summary_large_image\" \/>\n<meta name=\"twitter:label1\" content=\"Est. reading time\" \/>\n\t<meta name=\"twitter:data1\" content=\"3 minutes\" \/>\n<script type=\"application\/ld+json\" class=\"yoast-schema-graph\">{\"@context\":\"https:\\\/\\\/schema.org\",\"@graph\":[{\"@type\":\"WebPage\",\"@id\":\"https:\\\/\\\/everydaychemshop.com\\\/es\\\/product\\\/comprar-bufedrona-online\\\/\",\"url\":\"https:\\\/\\\/everydaychemshop.com\\\/es\\\/product\\\/comprar-bufedrona-online\\\/\",\"name\":\"Comprar polvo de bufedrona en l\u00ednea - Everyday Chem Shop\",\"isPartOf\":{\"@id\":\"https:\\\/\\\/everydaychemshop.com\\\/es\\\/#website\"},\"primaryImageOfPage\":{\"@id\":\"https:\\\/\\\/everydaychemshop.com\\\/es\\\/product\\\/comprar-bufedrona-online\\\/#primaryimage\"},\"image\":{\"@id\":\"https:\\\/\\\/everydaychemshop.com\\\/es\\\/product\\\/comprar-bufedrona-online\\\/#primaryimage\"},\"thumbnailUrl\":\"https:\\\/\\\/everydaychemshop.com\\\/es\\\/wp-content\\\/uploads\\\/sites\\\/4\\\/2022\\\/11\\\/Buphedrone.jpg\",\"datePublished\":\"2022-11-16T09:47:44+00:00\",\"dateModified\":\"2023-04-07T08:47:58+00:00\",\"description\":\"Comprar polvo de bufedrona en l\u00ednea. Si est\u00e1 buscando c\u00f3mo comprar Buphedrone en l\u00ednea, entonces est\u00e1 en el lugar correcto para comprar Buphedrone en l\u00ednea.\",\"breadcrumb\":{\"@id\":\"https:\\\/\\\/everydaychemshop.com\\\/es\\\/product\\\/comprar-bufedrona-online\\\/#breadcrumb\"},\"inLanguage\":\"en-US\",\"potentialAction\":[{\"@type\":\"ReadAction\",\"target\":[\"https:\\\/\\\/everydaychemshop.com\\\/es\\\/product\\\/comprar-bufedrona-online\\\/\"]}]},{\"@type\":\"ImageObject\",\"inLanguage\":\"en-US\",\"@id\":\"https:\\\/\\\/everydaychemshop.com\\\/es\\\/product\\\/comprar-bufedrona-online\\\/#primaryimage\",\"url\":\"https:\\\/\\\/everydaychemshop.com\\\/es\\\/wp-content\\\/uploads\\\/sites\\\/4\\\/2022\\\/11\\\/Buphedrone.jpg\",\"contentUrl\":\"https:\\\/\\\/everydaychemshop.com\\\/es\\\/wp-content\\\/uploads\\\/sites\\\/4\\\/2022\\\/11\\\/Buphedrone.jpg\",\"width\":1200,\"height\":1200,\"caption\":\"Comprar polvo de bufedrona en l\u00ednea\"},{\"@type\":\"BreadcrumbList\",\"@id\":\"https:\\\/\\\/everydaychemshop.com\\\/es\\\/product\\\/comprar-bufedrona-online\\\/#breadcrumb\",\"itemListElement\":[{\"@type\":\"ListItem\",\"position\":1,\"name\":\"Home\",\"item\":\"https:\\\/\\\/everydaychemshop.com\\\/es\\\/\"},{\"@type\":\"ListItem\",\"position\":2,\"name\":\"Productos\",\"item\":\"https:\\\/\\\/everydaychemshop.com\\\/es\\\/productos\\\/\"},{\"@type\":\"ListItem\",\"position\":3,\"name\":\"Bufedrona\"}]},{\"@type\":\"WebSite\",\"@id\":\"https:\\\/\\\/everydaychemshop.com\\\/es\\\/#website\",\"url\":\"https:\\\/\\\/everydaychemshop.com\\\/es\\\/\",\"name\":\"Everyday Chem Shop\",\"description\":\"\",\"potentialAction\":[{\"@type\":\"SearchAction\",\"target\":{\"@type\":\"EntryPoint\",\"urlTemplate\":\"https:\\\/\\\/everydaychemshop.com\\\/es\\\/?s={search_term_string}\"},\"query-input\":{\"@type\":\"PropertyValueSpecification\",\"valueRequired\":true,\"valueName\":\"search_term_string\"}}],\"inLanguage\":\"en-US\"}]}<\/script>\n<!-- \/ Yoast SEO Premium plugin. -->","yoast_head_json":{"title":"Comprar polvo de bufedrona en l\u00ednea - Everyday Chem Shop","description":"Comprar polvo de bufedrona en l\u00ednea. Si est\u00e1 buscando c\u00f3mo comprar Buphedrone en l\u00ednea, entonces est\u00e1 en el lugar correcto para comprar Buphedrone en l\u00ednea.","robots":{"index":"index","follow":"follow","max-snippet":"max-snippet:-1","max-image-preview":"max-image-preview:large","max-video-preview":"max-video-preview:-1"},"canonical":"https:\/\/everydaychemshop.com\/es\/product\/comprar-bufedrona-online\/","og_locale":"en_US","og_type":"article","og_title":"Bufedrona","og_description":"Comprar polvo de bufedrona en l\u00ednea. Si est\u00e1 buscando c\u00f3mo comprar Buphedrone en l\u00ednea, entonces est\u00e1 en el lugar correcto para comprar Buphedrone en l\u00ednea.","og_url":"https:\/\/everydaychemshop.com\/es\/product\/comprar-bufedrona-online\/","og_site_name":"Everyday Chem Shop","article_modified_time":"2023-04-07T08:47:58+00:00","og_image":[{"width":1200,"height":1200,"url":"https:\/\/everydaychemshop.com\/es\/wp-content\/uploads\/sites\/4\/2022\/11\/Buphedrone.jpg","type":"image\/jpeg"}],"twitter_card":"summary_large_image","twitter_misc":{"Est. reading time":"3 minutes"},"schema":{"@context":"https:\/\/schema.org","@graph":[{"@type":"WebPage","@id":"https:\/\/everydaychemshop.com\/es\/product\/comprar-bufedrona-online\/","url":"https:\/\/everydaychemshop.com\/es\/product\/comprar-bufedrona-online\/","name":"Comprar polvo de bufedrona en l\u00ednea - Everyday Chem Shop","isPartOf":{"@id":"https:\/\/everydaychemshop.com\/es\/#website"},"primaryImageOfPage":{"@id":"https:\/\/everydaychemshop.com\/es\/product\/comprar-bufedrona-online\/#primaryimage"},"image":{"@id":"https:\/\/everydaychemshop.com\/es\/product\/comprar-bufedrona-online\/#primaryimage"},"thumbnailUrl":"https:\/\/everydaychemshop.com\/es\/wp-content\/uploads\/sites\/4\/2022\/11\/Buphedrone.jpg","datePublished":"2022-11-16T09:47:44+00:00","dateModified":"2023-04-07T08:47:58+00:00","description":"Comprar polvo de bufedrona en l\u00ednea. Si est\u00e1 buscando c\u00f3mo comprar Buphedrone en l\u00ednea, entonces est\u00e1 en el lugar correcto para comprar Buphedrone en l\u00ednea.","breadcrumb":{"@id":"https:\/\/everydaychemshop.com\/es\/product\/comprar-bufedrona-online\/#breadcrumb"},"inLanguage":"en-US","potentialAction":[{"@type":"ReadAction","target":["https:\/\/everydaychemshop.com\/es\/product\/comprar-bufedrona-online\/"]}]},{"@type":"ImageObject","inLanguage":"en-US","@id":"https:\/\/everydaychemshop.com\/es\/product\/comprar-bufedrona-online\/#primaryimage","url":"https:\/\/everydaychemshop.com\/es\/wp-content\/uploads\/sites\/4\/2022\/11\/Buphedrone.jpg","contentUrl":"https:\/\/everydaychemshop.com\/es\/wp-content\/uploads\/sites\/4\/2022\/11\/Buphedrone.jpg","width":1200,"height":1200,"caption":"Comprar polvo de bufedrona en l\u00ednea"},{"@type":"BreadcrumbList","@id":"https:\/\/everydaychemshop.com\/es\/product\/comprar-bufedrona-online\/#breadcrumb","itemListElement":[{"@type":"ListItem","position":1,"name":"Home","item":"https:\/\/everydaychemshop.com\/es\/"},{"@type":"ListItem","position":2,"name":"Productos","item":"https:\/\/everydaychemshop.com\/es\/productos\/"},{"@type":"ListItem","position":3,"name":"Bufedrona"}]},{"@type":"WebSite","@id":"https:\/\/everydaychemshop.com\/es\/#website","url":"https:\/\/everydaychemshop.com\/es\/","name":"Everyday Chem Shop","description":"","potentialAction":[{"@type":"SearchAction","target":{"@type":"EntryPoint","urlTemplate":"https:\/\/everydaychemshop.com\/es\/?s={search_term_string}"},"query-input":{"@type":"PropertyValueSpecification","valueRequired":true,"valueName":"search_term_string"}}],"inLanguage":"en-US"}]}},"_links":{"self":[{"href":"https:\/\/everydaychemshop.com\/es\/wp-json\/wp\/v2\/product\/7800","targetHints":{"allow":["GET"]}}],"collection":[{"href":"https:\/\/everydaychemshop.com\/es\/wp-json\/wp\/v2\/product"}],"about":[{"href":"https:\/\/everydaychemshop.com\/es\/wp-json\/wp\/v2\/types\/product"}],"replies":[{"embeddable":true,"href":"https:\/\/everydaychemshop.com\/es\/wp-json\/wp\/v2\/comments?post=7800"}],"wp:featuredmedia":[{"embeddable":true,"href":"https:\/\/everydaychemshop.com\/es\/wp-json\/wp\/v2\/media\/7824"}],"wp:attachment":[{"href":"https:\/\/everydaychemshop.com\/es\/wp-json\/wp\/v2\/media?parent=7800"}],"wp:term":[{"taxonomy":"product_brand","embeddable":true,"href":"https:\/\/everydaychemshop.com\/es\/wp-json\/wp\/v2\/product_brand?post=7800"},{"taxonomy":"product_cat","embeddable":true,"href":"https:\/\/everydaychemshop.com\/es\/wp-json\/wp\/v2\/product_cat?post=7800"},{"taxonomy":"product_tag","embeddable":true,"href":"https:\/\/everydaychemshop.com\/es\/wp-json\/wp\/v2\/product_tag?post=7800"}],"curies":[{"name":"wp","href":"https:\/\/api.w.org\/{rel}","templated":true}]}}