{"id":7818,"date":"2022-11-16T09:48:20","date_gmt":"2022-11-16T09:48:20","guid":{"rendered":"https:\/\/everydaychemshop.com\/es\/?post_type=product&#038;p=7818"},"modified":"2025-11-25T09:15:38","modified_gmt":"2025-11-25T09:15:38","slug":"comprar-ketamina-en-polvo-online","status":"publish","type":"product","link":"https:\/\/everydaychemshop.com\/es\/product\/comprar-ketamina-en-polvo-online\/","title":{"rendered":"Ketamina en polvo en l\u00ednea"},"content":{"rendered":"<h1>Compre Ketamina en Polvo Online: Calidad Premium y Entrega Discreta<\/h1>\n<p><a href=\"https:\/\/everydaychemshop.com\/es\/product\/comprar-ketamina-en-polvo-online\/\">Compre Ketamina en Polvo Pura Online<\/a>. \u00bfBusca comprar Ketamina en Polvo online con confianza? En Everyday Chem Shop, ofrecemos Ketamina en Polvo pura de primera calidad, procedente de laboratorios de confianza, con una pureza del 99% para todas sus necesidades de investigaci\u00f3n. Ya sea que est\u00e9 explorando sus propiedades como anest\u00e9sico disociativo o antagonista del receptor NMDA, nuestro Ketamina en Polvo HCL de alta calidad ofrece una fiabilidad y potencia inigualables.<\/p>\n<p>\u00bfPor qu\u00e9 elegir nuestro Ketamina en Polvo?<br \/>\nPureza Comprobada en Laboratorio: Cada lote de nuestros cristales de Ketamina se somete a rigurosas pruebas para garantizar una pureza superior al 99% del HCL, sin rellenos ni concesiones.<br \/>\nAplicaciones Vers\u00e1tiles de Investigaci\u00f3n: Ideal para estudiar los usos terap\u00e9uticos de la Ketamina en el manejo del dolor, el tratamiento de la depresi\u00f3n o la anestesia veterinaria. Nota: Solo para fines de investigaci\u00f3n leg\u00edtimos.<br \/>\nPrecios Competitivos: Desde solo $150 por 10 g, con descuentos por volumen en Ketamina en Polvo al por mayor. Acceso asequible sin sacrificar la calidad.<br \/>\nDiscreto y seguro: Priorizamos su privacidad con env\u00edos discretos a todo el mundo. Los pedidos se empaquetan de forma an\u00f3nima y contamos con seguimiento si lo solicita.<\/p>\n<p>Nuestros clientes elogian los efectos de acci\u00f3n r\u00e1pida y los resultados consistentes de nuestro polvo de ketamina pura. &#8220;\u00a1El mejor lugar para comprar ketamina en l\u00ednea: discreto y potente!&#8221; \u2013 Investigador satisfecho.<\/p>\n<p>Cantidades disponibles y env\u00edo r\u00e1pido<\/p>\n<p>Compre polvo de ketamina en l\u00ednea hoy mismo y disfrute de un servicio premium. Enviamos discretamente a los 50 estados e internacionalmente, utilizando transportistas de confianza como USPS y DHL. \u00a1Env\u00edo gratuito en pedidos superiores a $500!<\/p>\n<p>M\u00e9todos de pago seguros<\/p>\n<p>Compre con tranquilidad con:<\/p>\n<p>Tarjetas de cr\u00e9dito\/d\u00e9bito (Visa, Mastercard)<br \/>\nCriptomonedas (Bitcoin, Ethereum)<br \/>\nTransferencia bancaria<br \/>\nMoneyGram\/Western Union<\/p>\n<p>Todas las transacciones est\u00e1n cifradas y se procesan de forma segura. No almacenamos sus datos financieros.<\/p>\n<p>Avisos legales importantes<\/p>\n<p>La ketamina es una sustancia controlada regulada bajo la Lista III en EE. UU. Nuestro polvo de ketamina para investigaci\u00f3n se vende exclusivamente para uso cient\u00edfico y de laboratorio. No est\u00e1 destinado al consumo humano, tratamiento m\u00e9dico ni fines recreativos. Consulte siempre las leyes y profesionales locales antes de comprar. Everyday Chem Shop promueve el manejo responsable y el cumplimiento normativo.<\/p>\n<p>\u00bfListo para comprar ketamina en polvo en l\u00ednea? A\u00f1\u00e1dalo al carrito ahora para acceder al instante a ketamina de alta calidad a la venta. \u00bfTiene alguna pregunta? Contacte con nuestro equipo de soporte 24\/7.<\/p>\n","protected":false},"excerpt":{"rendered":"<p>Se ha demostrado que la ketamina es suficiente para tratar el des\u00e1nimo en pacientes con trastorno bipolar que no han respondido a los antidepresivos.<\/p>\n","protected":false},"featured_media":7826,"comment_status":"open","ping_status":"closed","template":"","meta":{"inline_featured_image":false},"product_brand":[],"product_cat":[264,116],"product_tag":[317,318,321,323,322,320,319],"class_list":{"0":"post-7818","1":"product","2":"type-product","3":"status-publish","4":"has-post-thumbnail","6":"product_cat-investigacion-quimica","7":"product_cat-pain-killers","8":"product_tag-buy-ketamine-hcl-online","9":"product_tag-como-comprar-ketamina-hcl-online","10":"product_tag-compra-ketamina-hcl-online","11":"product_tag-donde-comprar-ketamina-hcl-online","12":"product_tag-el-mejor-lugar-para-comprar-ketamina-hcl-online","13":"product_tag-ordenar-ketamina-hcl-online","14":"product_tag-ketamina-hcl-para-la-venta","16":"first","17":"instock","18":"featured","19":"shipping-taxable","20":"purchasable","21":"product-type-variable"},"yoast_head":"<!-- This site is optimized with the Yoast SEO Premium plugin v19.2 (Yoast SEO v27.3) - https:\/\/yoast.com\/product\/yoast-seo-premium-wordpress\/ -->\n<title>Compre Ketamina en Polvo Pura Online - Everyday Chem Shop<\/title>\n<meta name=\"description\" content=\"Descubra ketamina en polvo premium a la venta en l\u00ednea. Cristales de HCL 99 % puros, env\u00edo discreto a todo el mundo y pagos seguros. Pida ketamina de investigaci\u00f3n de alta calidad hoy mismo para una entrega r\u00e1pida y confiable. \u00a1Compre ahora en Everyday Chem Shop!\" \/>\n<meta name=\"robots\" content=\"index, follow, max-snippet:-1, max-image-preview:large, max-video-preview:-1\" \/>\n<link rel=\"canonical\" href=\"https:\/\/everydaychemshop.com\/es\/product\/comprar-ketamina-en-polvo-online\/\" \/>\n<meta property=\"og:locale\" content=\"en_US\" \/>\n<meta property=\"og:type\" content=\"article\" \/>\n<meta property=\"og:title\" content=\"Ketamina en polvo en l\u00ednea\" \/>\n<meta property=\"og:description\" content=\"Descubra ketamina en polvo premium a la venta en l\u00ednea. Cristales de HCL 99 % puros, env\u00edo discreto a todo el mundo y pagos seguros. Pida ketamina de investigaci\u00f3n de alta calidad hoy mismo para una entrega r\u00e1pida y confiable. \u00a1Compre ahora en Everyday Chem Shop!\" \/>\n<meta property=\"og:url\" content=\"https:\/\/everydaychemshop.com\/es\/product\/comprar-ketamina-en-polvo-online\/\" \/>\n<meta property=\"og:site_name\" content=\"Everyday Chem Shop\" \/>\n<meta property=\"article:modified_time\" content=\"2025-11-25T09:15:38+00:00\" \/>\n<meta property=\"og:image\" content=\"https:\/\/everydaychemshop.com\/es\/wp-content\/uploads\/sites\/4\/2022\/11\/Ketamine.jpg\" \/>\n\t<meta property=\"og:image:width\" content=\"225\" \/>\n\t<meta property=\"og:image:height\" content=\"225\" \/>\n\t<meta property=\"og:image:type\" content=\"image\/jpeg\" \/>\n<meta name=\"twitter:card\" content=\"summary_large_image\" \/>\n<meta name=\"twitter:label1\" content=\"Est. reading time\" \/>\n\t<meta name=\"twitter:data1\" content=\"2 minutes\" \/>\n<script type=\"application\/ld+json\" class=\"yoast-schema-graph\">{\"@context\":\"https:\\\/\\\/schema.org\",\"@graph\":[{\"@type\":\"WebPage\",\"@id\":\"https:\\\/\\\/everydaychemshop.com\\\/es\\\/product\\\/comprar-ketamina-en-polvo-online\\\/\",\"url\":\"https:\\\/\\\/everydaychemshop.com\\\/es\\\/product\\\/comprar-ketamina-en-polvo-online\\\/\",\"name\":\"Compre Ketamina en Polvo Pura Online - Everyday Chem Shop\",\"isPartOf\":{\"@id\":\"https:\\\/\\\/everydaychemshop.com\\\/es\\\/#website\"},\"primaryImageOfPage\":{\"@id\":\"https:\\\/\\\/everydaychemshop.com\\\/es\\\/product\\\/comprar-ketamina-en-polvo-online\\\/#primaryimage\"},\"image\":{\"@id\":\"https:\\\/\\\/everydaychemshop.com\\\/es\\\/product\\\/comprar-ketamina-en-polvo-online\\\/#primaryimage\"},\"thumbnailUrl\":\"https:\\\/\\\/everydaychemshop.com\\\/es\\\/wp-content\\\/uploads\\\/sites\\\/4\\\/2022\\\/11\\\/Ketamine.jpg\",\"datePublished\":\"2022-11-16T09:48:20+00:00\",\"dateModified\":\"2025-11-25T09:15:38+00:00\",\"description\":\"Descubra ketamina en polvo premium a la venta en l\u00ednea. Cristales de HCL 99 % puros, env\u00edo discreto a todo el mundo y pagos seguros. Pida ketamina de investigaci\u00f3n de alta calidad hoy mismo para una entrega r\u00e1pida y confiable. \u00a1Compre ahora en Everyday Chem Shop!\",\"breadcrumb\":{\"@id\":\"https:\\\/\\\/everydaychemshop.com\\\/es\\\/product\\\/comprar-ketamina-en-polvo-online\\\/#breadcrumb\"},\"inLanguage\":\"en-US\",\"potentialAction\":[{\"@type\":\"ReadAction\",\"target\":[\"https:\\\/\\\/everydaychemshop.com\\\/es\\\/product\\\/comprar-ketamina-en-polvo-online\\\/\"]}]},{\"@type\":\"ImageObject\",\"inLanguage\":\"en-US\",\"@id\":\"https:\\\/\\\/everydaychemshop.com\\\/es\\\/product\\\/comprar-ketamina-en-polvo-online\\\/#primaryimage\",\"url\":\"https:\\\/\\\/everydaychemshop.com\\\/es\\\/wp-content\\\/uploads\\\/sites\\\/4\\\/2022\\\/11\\\/Ketamine.jpg\",\"contentUrl\":\"https:\\\/\\\/everydaychemshop.com\\\/es\\\/wp-content\\\/uploads\\\/sites\\\/4\\\/2022\\\/11\\\/Ketamine.jpg\",\"width\":225,\"height\":225,\"caption\":\"Compre Ketamina en Polvo Pura Online\"},{\"@type\":\"BreadcrumbList\",\"@id\":\"https:\\\/\\\/everydaychemshop.com\\\/es\\\/product\\\/comprar-ketamina-en-polvo-online\\\/#breadcrumb\",\"itemListElement\":[{\"@type\":\"ListItem\",\"position\":1,\"name\":\"Home\",\"item\":\"https:\\\/\\\/everydaychemshop.com\\\/es\\\/\"},{\"@type\":\"ListItem\",\"position\":2,\"name\":\"Productos\",\"item\":\"https:\\\/\\\/everydaychemshop.com\\\/es\\\/productos\\\/\"},{\"@type\":\"ListItem\",\"position\":3,\"name\":\"Ketamina en polvo en l\u00ednea\"}]},{\"@type\":\"WebSite\",\"@id\":\"https:\\\/\\\/everydaychemshop.com\\\/es\\\/#website\",\"url\":\"https:\\\/\\\/everydaychemshop.com\\\/es\\\/\",\"name\":\"Everyday Chem Shop\",\"description\":\"\",\"potentialAction\":[{\"@type\":\"SearchAction\",\"target\":{\"@type\":\"EntryPoint\",\"urlTemplate\":\"https:\\\/\\\/everydaychemshop.com\\\/es\\\/?s={search_term_string}\"},\"query-input\":{\"@type\":\"PropertyValueSpecification\",\"valueRequired\":true,\"valueName\":\"search_term_string\"}}],\"inLanguage\":\"en-US\"}]}<\/script>\n<!-- \/ Yoast SEO Premium plugin. -->","yoast_head_json":{"title":"Compre Ketamina en Polvo Pura Online - Everyday Chem Shop","description":"Descubra ketamina en polvo premium a la venta en l\u00ednea. Cristales de HCL 99 % puros, env\u00edo discreto a todo el mundo y pagos seguros. Pida ketamina de investigaci\u00f3n de alta calidad hoy mismo para una entrega r\u00e1pida y confiable. \u00a1Compre ahora en Everyday Chem Shop!","robots":{"index":"index","follow":"follow","max-snippet":"max-snippet:-1","max-image-preview":"max-image-preview:large","max-video-preview":"max-video-preview:-1"},"canonical":"https:\/\/everydaychemshop.com\/es\/product\/comprar-ketamina-en-polvo-online\/","og_locale":"en_US","og_type":"article","og_title":"Ketamina en polvo en l\u00ednea","og_description":"Descubra ketamina en polvo premium a la venta en l\u00ednea. Cristales de HCL 99 % puros, env\u00edo discreto a todo el mundo y pagos seguros. Pida ketamina de investigaci\u00f3n de alta calidad hoy mismo para una entrega r\u00e1pida y confiable. \u00a1Compre ahora en Everyday Chem Shop!","og_url":"https:\/\/everydaychemshop.com\/es\/product\/comprar-ketamina-en-polvo-online\/","og_site_name":"Everyday Chem Shop","article_modified_time":"2025-11-25T09:15:38+00:00","og_image":[{"width":225,"height":225,"url":"https:\/\/everydaychemshop.com\/es\/wp-content\/uploads\/sites\/4\/2022\/11\/Ketamine.jpg","type":"image\/jpeg"}],"twitter_card":"summary_large_image","twitter_misc":{"Est. reading time":"2 minutes"},"schema":{"@context":"https:\/\/schema.org","@graph":[{"@type":"WebPage","@id":"https:\/\/everydaychemshop.com\/es\/product\/comprar-ketamina-en-polvo-online\/","url":"https:\/\/everydaychemshop.com\/es\/product\/comprar-ketamina-en-polvo-online\/","name":"Compre Ketamina en Polvo Pura Online - Everyday Chem Shop","isPartOf":{"@id":"https:\/\/everydaychemshop.com\/es\/#website"},"primaryImageOfPage":{"@id":"https:\/\/everydaychemshop.com\/es\/product\/comprar-ketamina-en-polvo-online\/#primaryimage"},"image":{"@id":"https:\/\/everydaychemshop.com\/es\/product\/comprar-ketamina-en-polvo-online\/#primaryimage"},"thumbnailUrl":"https:\/\/everydaychemshop.com\/es\/wp-content\/uploads\/sites\/4\/2022\/11\/Ketamine.jpg","datePublished":"2022-11-16T09:48:20+00:00","dateModified":"2025-11-25T09:15:38+00:00","description":"Descubra ketamina en polvo premium a la venta en l\u00ednea. Cristales de HCL 99 % puros, env\u00edo discreto a todo el mundo y pagos seguros. Pida ketamina de investigaci\u00f3n de alta calidad hoy mismo para una entrega r\u00e1pida y confiable. \u00a1Compre ahora en Everyday Chem Shop!","breadcrumb":{"@id":"https:\/\/everydaychemshop.com\/es\/product\/comprar-ketamina-en-polvo-online\/#breadcrumb"},"inLanguage":"en-US","potentialAction":[{"@type":"ReadAction","target":["https:\/\/everydaychemshop.com\/es\/product\/comprar-ketamina-en-polvo-online\/"]}]},{"@type":"ImageObject","inLanguage":"en-US","@id":"https:\/\/everydaychemshop.com\/es\/product\/comprar-ketamina-en-polvo-online\/#primaryimage","url":"https:\/\/everydaychemshop.com\/es\/wp-content\/uploads\/sites\/4\/2022\/11\/Ketamine.jpg","contentUrl":"https:\/\/everydaychemshop.com\/es\/wp-content\/uploads\/sites\/4\/2022\/11\/Ketamine.jpg","width":225,"height":225,"caption":"Compre Ketamina en Polvo Pura Online"},{"@type":"BreadcrumbList","@id":"https:\/\/everydaychemshop.com\/es\/product\/comprar-ketamina-en-polvo-online\/#breadcrumb","itemListElement":[{"@type":"ListItem","position":1,"name":"Home","item":"https:\/\/everydaychemshop.com\/es\/"},{"@type":"ListItem","position":2,"name":"Productos","item":"https:\/\/everydaychemshop.com\/es\/productos\/"},{"@type":"ListItem","position":3,"name":"Ketamina en polvo en l\u00ednea"}]},{"@type":"WebSite","@id":"https:\/\/everydaychemshop.com\/es\/#website","url":"https:\/\/everydaychemshop.com\/es\/","name":"Everyday Chem Shop","description":"","potentialAction":[{"@type":"SearchAction","target":{"@type":"EntryPoint","urlTemplate":"https:\/\/everydaychemshop.com\/es\/?s={search_term_string}"},"query-input":{"@type":"PropertyValueSpecification","valueRequired":true,"valueName":"search_term_string"}}],"inLanguage":"en-US"}]}},"_links":{"self":[{"href":"https:\/\/everydaychemshop.com\/es\/wp-json\/wp\/v2\/product\/7818","targetHints":{"allow":["GET"]}}],"collection":[{"href":"https:\/\/everydaychemshop.com\/es\/wp-json\/wp\/v2\/product"}],"about":[{"href":"https:\/\/everydaychemshop.com\/es\/wp-json\/wp\/v2\/types\/product"}],"replies":[{"embeddable":true,"href":"https:\/\/everydaychemshop.com\/es\/wp-json\/wp\/v2\/comments?post=7818"}],"wp:featuredmedia":[{"embeddable":true,"href":"https:\/\/everydaychemshop.com\/es\/wp-json\/wp\/v2\/media\/7826"}],"wp:attachment":[{"href":"https:\/\/everydaychemshop.com\/es\/wp-json\/wp\/v2\/media?parent=7818"}],"wp:term":[{"taxonomy":"product_brand","embeddable":true,"href":"https:\/\/everydaychemshop.com\/es\/wp-json\/wp\/v2\/product_brand?post=7818"},{"taxonomy":"product_cat","embeddable":true,"href":"https:\/\/everydaychemshop.com\/es\/wp-json\/wp\/v2\/product_cat?post=7818"},{"taxonomy":"product_tag","embeddable":true,"href":"https:\/\/everydaychemshop.com\/es\/wp-json\/wp\/v2\/product_tag?post=7818"}],"curies":[{"name":"wp","href":"https:\/\/api.w.org\/{rel}","templated":true}]}}