{"id":7885,"date":"2022-11-16T19:26:10","date_gmt":"2022-11-16T19:26:10","guid":{"rendered":"https:\/\/everydaychemshop.com\/es\/?post_type=product&#038;p=7885"},"modified":"2023-04-07T08:35:44","modified_gmt":"2023-04-07T08:35:44","slug":"clear-k2-incienso-spray","status":"publish","type":"product","link":"https:\/\/everydaychemshop.com\/es\/product\/clear-k2-incienso-spray\/","title":{"rendered":"Spray de incienso Clear K2"},"content":{"rendered":"<h1>Comprar Incienso K2 spray online<\/h1>\n<p><a href=\"https:\/\/everydaychemshop.com\/es\/product\/clear-k2-incienso-spray\/\">Comprar Incienso K2 spray online<\/a>, compre el spray de incienso Clear K2 a un precio razonable a precios de venta al por mayor. Todas nuestras bebidas y aerosoles de incienso k2 son incoloros, inodoros y realmente limpios cuando se roc\u00edan en un trozo de papel.<\/p>\n<p>Los cannabinoides sint\u00e9ticos se consideran a trav\u00e9s de algunos de los nombres emblem\u00e1ticos que incluyen K2, Spice, Arizona, Black Mamba, Bombay Blue, Genie, Zohai, Banana Cream Nuke, Krypton, Lava Red y muchos m\u00e1s.<\/p>\n<p>En algunos pa\u00edses de habla hispana, incluidos Chile y Argentina,<\/p>\n<p>Tales Los arreglos a menudo se consideran &#8220;cripy&#8221;.<\/p>\n<p>Nelson afirma que, en comparaci\u00f3n con la marihuana, los productos <a href=\"https:\/\/nida.nih.gov\/research-topics\/synthetic-cannabinoids-k2spice\">que<\/a> contienen cannabinoides artificiales &#8220;son bastante diferentes, y las consecuencias son mucho m\u00e1s impredecibles<\/p>\n<p>Los cannabinoides sint\u00e9ticos se consideran a trav\u00e9s de algunos de los nombres emblem\u00e1ticos que incluyen K2, Spice, Arizona, Black Mamba, Bombay Blue, Genie, Zohai, Banana Cream Nuke, Krypton, Lava Red y muchos m\u00e1s.<\/p>\n<p>En un pocos pa\u00edses de habla hispana, incluidos Chile y Argentina,<\/p>\n<p>Dichos arreglos se califican regularmente como &#8220;crujientes&#8221;.<\/p>\n<p>Ellos son llamados regularmente \u201cmarihuana artificial\u201d, \u201chierbas herbales\u201d, \u201cincienso natural\u201d<\/p>\n<p>Liquid K2 en papel<\/p>\n<p>Te presentamos pr\u00e1cticamente los productos perfectos que puedes comprar. Es una variaci\u00f3n perfecta de e-l\u00edquido de incienso natural que alguna vez hemos experimentado. Puede cosechar algunos de los nombres m\u00e1s famosos en la industria u obtener sus mezclas vivas personalizadas que le brindan nuevas cantidades de aroma que no cre\u00eda que fuera posible tener \u00e9xito. Compre porros preenrollados en el movimiento de su puerta en cualquier lugar en Reino Unido. Pre-roll se refiere a unos cuantos porros que se han enrollado previamente. Los dispensarios suelen comercializar pre-rolls. Los porros pre-roll tienden a ser incre\u00edblemente baratos, peque\u00f1os y discretos. Son perfectos.<\/p>\n<p>K2 Liquid Spray<\/p>\n<p>Sepa lo que est\u00e1 obteniendo al seleccionar esta mezcla. Las mezclas 100% naturales fueron seleccionadas a mano para brindarle la mezcla m\u00e1s suave. Enumeramos los elementos del spray de papel limpio arriba para que reconozca lo que est\u00e1 recibiendo en la parte delantera como la base de nuestro producto.<\/p>\n<p>Es f\u00e1cil ver por qu\u00e9 el spray de papel limpio k2 ha sido un internacional constante incienso superventas para nosotros los m\u00e1s all\u00e1 de 10 a\u00f1os. Comprar K2 Incienso Spray Online<\/p>\n","protected":false},"excerpt":{"rendered":"<p>Aerosol de incienso K2 inodoro e incoloro disponible a la venta a los mejores precios econ\u00f3micos. Necesitas una botella de 25 ml para rociar una hoja de papel A4 completa.<\/p>\n","protected":false},"featured_media":7892,"comment_status":"open","ping_status":"closed","template":"","meta":{"inline_featured_image":false},"product_brand":[],"product_cat":[116],"product_tag":[],"class_list":{"0":"post-7885","1":"product","2":"type-product","3":"status-publish","4":"has-post-thumbnail","6":"product_cat-pain-killers","8":"first","9":"instock","10":"shipping-taxable","11":"purchasable","12":"product-type-variable","13":"has-default-attributes"},"yoast_head":"<!-- This site is optimized with the Yoast SEO Premium plugin v19.2 (Yoast SEO v27.3) - https:\/\/yoast.com\/product\/yoast-seo-premium-wordpress\/ -->\n<title>Comprar Incienso K2 spray online - Everyday Chem Shop<\/title>\n<meta name=\"description\" content=\"Comprar Incienso K2 spray online. Vendemos spray de incienso K2 de la mejor calidad en l\u00ednea. P\u00f3ngase en contacto con nosotros para obtener m\u00e1s informaci\u00f3n y precios.\" \/>\n<meta name=\"robots\" content=\"index, follow, max-snippet:-1, max-image-preview:large, max-video-preview:-1\" \/>\n<link rel=\"canonical\" href=\"https:\/\/everydaychemshop.com\/es\/product\/clear-k2-incienso-spray\/\" \/>\n<meta property=\"og:locale\" content=\"en_US\" \/>\n<meta property=\"og:type\" content=\"article\" \/>\n<meta property=\"og:title\" content=\"Spray de incienso Clear K2\" \/>\n<meta property=\"og:description\" content=\"Comprar Incienso K2 spray online. Vendemos spray de incienso K2 de la mejor calidad en l\u00ednea. P\u00f3ngase en contacto con nosotros para obtener m\u00e1s informaci\u00f3n y precios.\" \/>\n<meta property=\"og:url\" content=\"https:\/\/everydaychemshop.com\/es\/product\/clear-k2-incienso-spray\/\" \/>\n<meta property=\"og:site_name\" content=\"Everyday Chem Shop\" \/>\n<meta property=\"article:modified_time\" content=\"2023-04-07T08:35:44+00:00\" \/>\n<meta property=\"og:image\" content=\"https:\/\/everydaychemshop.com\/es\/wp-content\/uploads\/sites\/4\/2022\/11\/fa7e91aea60b0795348e8f445e66ce46.jpg\" \/>\n\t<meta property=\"og:image:width\" content=\"280\" \/>\n\t<meta property=\"og:image:height\" content=\"280\" \/>\n\t<meta property=\"og:image:type\" content=\"image\/jpeg\" \/>\n<meta name=\"twitter:card\" content=\"summary_large_image\" \/>\n<meta name=\"twitter:label1\" content=\"Est. reading time\" \/>\n\t<meta name=\"twitter:data1\" content=\"2 minutes\" \/>\n<script type=\"application\/ld+json\" class=\"yoast-schema-graph\">{\"@context\":\"https:\\\/\\\/schema.org\",\"@graph\":[{\"@type\":\"WebPage\",\"@id\":\"https:\\\/\\\/everydaychemshop.com\\\/es\\\/product\\\/clear-k2-incienso-spray\\\/\",\"url\":\"https:\\\/\\\/everydaychemshop.com\\\/es\\\/product\\\/clear-k2-incienso-spray\\\/\",\"name\":\"Comprar Incienso K2 spray online - Everyday Chem Shop\",\"isPartOf\":{\"@id\":\"https:\\\/\\\/everydaychemshop.com\\\/es\\\/#website\"},\"primaryImageOfPage\":{\"@id\":\"https:\\\/\\\/everydaychemshop.com\\\/es\\\/product\\\/clear-k2-incienso-spray\\\/#primaryimage\"},\"image\":{\"@id\":\"https:\\\/\\\/everydaychemshop.com\\\/es\\\/product\\\/clear-k2-incienso-spray\\\/#primaryimage\"},\"thumbnailUrl\":\"https:\\\/\\\/everydaychemshop.com\\\/es\\\/wp-content\\\/uploads\\\/sites\\\/4\\\/2022\\\/11\\\/fa7e91aea60b0795348e8f445e66ce46.jpg\",\"datePublished\":\"2022-11-16T19:26:10+00:00\",\"dateModified\":\"2023-04-07T08:35:44+00:00\",\"description\":\"Comprar Incienso K2 spray online. Vendemos spray de incienso K2 de la mejor calidad en l\u00ednea. P\u00f3ngase en contacto con nosotros para obtener m\u00e1s informaci\u00f3n y precios.\",\"breadcrumb\":{\"@id\":\"https:\\\/\\\/everydaychemshop.com\\\/es\\\/product\\\/clear-k2-incienso-spray\\\/#breadcrumb\"},\"inLanguage\":\"en-US\",\"potentialAction\":[{\"@type\":\"ReadAction\",\"target\":[\"https:\\\/\\\/everydaychemshop.com\\\/es\\\/product\\\/clear-k2-incienso-spray\\\/\"]}]},{\"@type\":\"ImageObject\",\"inLanguage\":\"en-US\",\"@id\":\"https:\\\/\\\/everydaychemshop.com\\\/es\\\/product\\\/clear-k2-incienso-spray\\\/#primaryimage\",\"url\":\"https:\\\/\\\/everydaychemshop.com\\\/es\\\/wp-content\\\/uploads\\\/sites\\\/4\\\/2022\\\/11\\\/fa7e91aea60b0795348e8f445e66ce46.jpg\",\"contentUrl\":\"https:\\\/\\\/everydaychemshop.com\\\/es\\\/wp-content\\\/uploads\\\/sites\\\/4\\\/2022\\\/11\\\/fa7e91aea60b0795348e8f445e66ce46.jpg\",\"width\":280,\"height\":280,\"caption\":\"Comprar Incienso K2 spray online\"},{\"@type\":\"BreadcrumbList\",\"@id\":\"https:\\\/\\\/everydaychemshop.com\\\/es\\\/product\\\/clear-k2-incienso-spray\\\/#breadcrumb\",\"itemListElement\":[{\"@type\":\"ListItem\",\"position\":1,\"name\":\"Home\",\"item\":\"https:\\\/\\\/everydaychemshop.com\\\/es\\\/\"},{\"@type\":\"ListItem\",\"position\":2,\"name\":\"Productos\",\"item\":\"https:\\\/\\\/everydaychemshop.com\\\/es\\\/productos\\\/\"},{\"@type\":\"ListItem\",\"position\":3,\"name\":\"Spray de incienso Clear K2\"}]},{\"@type\":\"WebSite\",\"@id\":\"https:\\\/\\\/everydaychemshop.com\\\/es\\\/#website\",\"url\":\"https:\\\/\\\/everydaychemshop.com\\\/es\\\/\",\"name\":\"Everyday Chem Shop\",\"description\":\"\",\"potentialAction\":[{\"@type\":\"SearchAction\",\"target\":{\"@type\":\"EntryPoint\",\"urlTemplate\":\"https:\\\/\\\/everydaychemshop.com\\\/es\\\/?s={search_term_string}\"},\"query-input\":{\"@type\":\"PropertyValueSpecification\",\"valueRequired\":true,\"valueName\":\"search_term_string\"}}],\"inLanguage\":\"en-US\"}]}<\/script>\n<!-- \/ Yoast SEO Premium plugin. -->","yoast_head_json":{"title":"Comprar Incienso K2 spray online - Everyday Chem Shop","description":"Comprar Incienso K2 spray online. Vendemos spray de incienso K2 de la mejor calidad en l\u00ednea. P\u00f3ngase en contacto con nosotros para obtener m\u00e1s informaci\u00f3n y precios.","robots":{"index":"index","follow":"follow","max-snippet":"max-snippet:-1","max-image-preview":"max-image-preview:large","max-video-preview":"max-video-preview:-1"},"canonical":"https:\/\/everydaychemshop.com\/es\/product\/clear-k2-incienso-spray\/","og_locale":"en_US","og_type":"article","og_title":"Spray de incienso Clear K2","og_description":"Comprar Incienso K2 spray online. Vendemos spray de incienso K2 de la mejor calidad en l\u00ednea. P\u00f3ngase en contacto con nosotros para obtener m\u00e1s informaci\u00f3n y precios.","og_url":"https:\/\/everydaychemshop.com\/es\/product\/clear-k2-incienso-spray\/","og_site_name":"Everyday Chem Shop","article_modified_time":"2023-04-07T08:35:44+00:00","og_image":[{"width":280,"height":280,"url":"https:\/\/everydaychemshop.com\/es\/wp-content\/uploads\/sites\/4\/2022\/11\/fa7e91aea60b0795348e8f445e66ce46.jpg","type":"image\/jpeg"}],"twitter_card":"summary_large_image","twitter_misc":{"Est. reading time":"2 minutes"},"schema":{"@context":"https:\/\/schema.org","@graph":[{"@type":"WebPage","@id":"https:\/\/everydaychemshop.com\/es\/product\/clear-k2-incienso-spray\/","url":"https:\/\/everydaychemshop.com\/es\/product\/clear-k2-incienso-spray\/","name":"Comprar Incienso K2 spray online - Everyday Chem Shop","isPartOf":{"@id":"https:\/\/everydaychemshop.com\/es\/#website"},"primaryImageOfPage":{"@id":"https:\/\/everydaychemshop.com\/es\/product\/clear-k2-incienso-spray\/#primaryimage"},"image":{"@id":"https:\/\/everydaychemshop.com\/es\/product\/clear-k2-incienso-spray\/#primaryimage"},"thumbnailUrl":"https:\/\/everydaychemshop.com\/es\/wp-content\/uploads\/sites\/4\/2022\/11\/fa7e91aea60b0795348e8f445e66ce46.jpg","datePublished":"2022-11-16T19:26:10+00:00","dateModified":"2023-04-07T08:35:44+00:00","description":"Comprar Incienso K2 spray online. Vendemos spray de incienso K2 de la mejor calidad en l\u00ednea. P\u00f3ngase en contacto con nosotros para obtener m\u00e1s informaci\u00f3n y precios.","breadcrumb":{"@id":"https:\/\/everydaychemshop.com\/es\/product\/clear-k2-incienso-spray\/#breadcrumb"},"inLanguage":"en-US","potentialAction":[{"@type":"ReadAction","target":["https:\/\/everydaychemshop.com\/es\/product\/clear-k2-incienso-spray\/"]}]},{"@type":"ImageObject","inLanguage":"en-US","@id":"https:\/\/everydaychemshop.com\/es\/product\/clear-k2-incienso-spray\/#primaryimage","url":"https:\/\/everydaychemshop.com\/es\/wp-content\/uploads\/sites\/4\/2022\/11\/fa7e91aea60b0795348e8f445e66ce46.jpg","contentUrl":"https:\/\/everydaychemshop.com\/es\/wp-content\/uploads\/sites\/4\/2022\/11\/fa7e91aea60b0795348e8f445e66ce46.jpg","width":280,"height":280,"caption":"Comprar Incienso K2 spray online"},{"@type":"BreadcrumbList","@id":"https:\/\/everydaychemshop.com\/es\/product\/clear-k2-incienso-spray\/#breadcrumb","itemListElement":[{"@type":"ListItem","position":1,"name":"Home","item":"https:\/\/everydaychemshop.com\/es\/"},{"@type":"ListItem","position":2,"name":"Productos","item":"https:\/\/everydaychemshop.com\/es\/productos\/"},{"@type":"ListItem","position":3,"name":"Spray de incienso Clear K2"}]},{"@type":"WebSite","@id":"https:\/\/everydaychemshop.com\/es\/#website","url":"https:\/\/everydaychemshop.com\/es\/","name":"Everyday Chem Shop","description":"","potentialAction":[{"@type":"SearchAction","target":{"@type":"EntryPoint","urlTemplate":"https:\/\/everydaychemshop.com\/es\/?s={search_term_string}"},"query-input":{"@type":"PropertyValueSpecification","valueRequired":true,"valueName":"search_term_string"}}],"inLanguage":"en-US"}]}},"_links":{"self":[{"href":"https:\/\/everydaychemshop.com\/es\/wp-json\/wp\/v2\/product\/7885","targetHints":{"allow":["GET"]}}],"collection":[{"href":"https:\/\/everydaychemshop.com\/es\/wp-json\/wp\/v2\/product"}],"about":[{"href":"https:\/\/everydaychemshop.com\/es\/wp-json\/wp\/v2\/types\/product"}],"replies":[{"embeddable":true,"href":"https:\/\/everydaychemshop.com\/es\/wp-json\/wp\/v2\/comments?post=7885"}],"wp:featuredmedia":[{"embeddable":true,"href":"https:\/\/everydaychemshop.com\/es\/wp-json\/wp\/v2\/media\/7892"}],"wp:attachment":[{"href":"https:\/\/everydaychemshop.com\/es\/wp-json\/wp\/v2\/media?parent=7885"}],"wp:term":[{"taxonomy":"product_brand","embeddable":true,"href":"https:\/\/everydaychemshop.com\/es\/wp-json\/wp\/v2\/product_brand?post=7885"},{"taxonomy":"product_cat","embeddable":true,"href":"https:\/\/everydaychemshop.com\/es\/wp-json\/wp\/v2\/product_cat?post=7885"},{"taxonomy":"product_tag","embeddable":true,"href":"https:\/\/everydaychemshop.com\/es\/wp-json\/wp\/v2\/product_tag?post=7885"}],"curies":[{"name":"wp","href":"https:\/\/api.w.org\/{rel}","templated":true}]}}