{"id":7922,"date":"2022-11-17T09:26:52","date_gmt":"2022-11-17T09:26:52","guid":{"rendered":"https:\/\/everydaychemshop.com\/es\/?post_type=product&#038;p=7922"},"modified":"2023-04-07T08:25:18","modified_gmt":"2023-04-07T08:25:18","slug":"klonopin-clonazepam","status":"publish","type":"product","link":"https:\/\/everydaychemshop.com\/es\/product\/klonopin-clonazepam\/","title":{"rendered":"Clonopin Clonazepam"},"content":{"rendered":"<h1>Comprar pastillas de Klonopin en l\u00ednea<\/h1>\n<p><a href=\"https:\/\/everydaychemshop.com\/es\/product\/klonopin-clonazepam\/\">Comprar pastillas de Klonopin en l\u00ednea<\/a>. Klonopin es una benzodiazepina (ben-zoe-dye-AZE-eh-peen). Se cree que las benzodiazepinas funcionan mejorando la actividad de ciertos neurotransmisores en el cerebro.<\/p>\n<p>Klonopin se usa para tratar ciertos trastornos convulsivos (incluidas las crisis de ausencia o el s\u00edndrome de Lennox-Gastaut) en adultos y ni\u00f1os.<\/p>\n<p>Klonopin tambi\u00e9n se usa para tratar el trastorno de p\u00e1nico (incluida la agorafobia) <a href=\"https:\/\/es.wikipedia.org\/wiki\/Clonazepam\">en<\/a> adultos.<\/p>\n<p>Advertencias<br \/>\nKlonopin puede ralentizar o detener su respiraci\u00f3n, especialmente si ha usado recientemente un medicamento opioide, alcohol , u otras drogas que pueden hacer m\u00e1s lenta su respiraci\u00f3n.<\/p>\n<p>EL USO INCORRECTO DE CLONAZEPAM PUEDE CAUSAR ADICCI\u00d3N, SOBREDOSIS O LA MUERTE. Mantenga el medicamento en un lugar donde otros no puedan alcanzarlo. Nunca comparta Klonopin con otra persona. Vender o regalar este medicamento es ilegal.<\/p>\n<p>Algunas personas tienen pensamientos suicidas mientras toman Klonopin. Informe a su m\u00e9dico de inmediato si tiene cambios repentinos en el estado de \u00e1nimo o el comportamiento, o pensamientos suicidas.<\/p>\n<p>Busque atenci\u00f3n m\u00e9dica de inmediato si deja de usar Klonopin y tiene s\u00edntomas como: movimientos musculares inusuales, estar m\u00e1s activo o hablador, cambios repentinos y graves en el estado de \u00e1nimo o el comportamiento, confusi\u00f3n, alucinaciones, convulsiones o pensamientos suicidas.<\/p>\n<p>No deje de usar Klonopin sin consultar a su m\u00e9dico. Puede tener s\u00edntomas de abstinencia potencialmente mortales si deja de usar el medicamento repentinamente despu\u00e9s de un uso prolongado. Algunos s\u00edntomas de abstinencia pueden durar hasta 12 meses o m\u00e1s.<\/p>\n","protected":false},"excerpt":{"rendered":"<p>Klonopin (clonazepam) es un miembro de la clase de f\u00e1rmacos anticonvulsivos de benzodiazepina y se usa com\u00fanmente para la epilepsia, el trastorno de p\u00e1nico y la prevenci\u00f3n de convulsiones.<\/p>\n","protected":false},"featured_media":7928,"comment_status":"open","ping_status":"closed","template":"","meta":{"inline_featured_image":false},"product_brand":[],"product_cat":[116],"product_tag":[],"class_list":{"0":"post-7922","1":"product","2":"type-product","3":"status-publish","4":"has-post-thumbnail","6":"product_cat-pain-killers","8":"first","9":"instock","10":"shipping-taxable","11":"purchasable","12":"product-type-variable","13":"has-default-attributes"},"yoast_head":"<!-- This site is optimized with the Yoast SEO Premium plugin v19.2 (Yoast SEO v27.3) - https:\/\/yoast.com\/product\/yoast-seo-premium-wordpress\/ -->\n<title>Comprar pastillas de Klonopin en l\u00ednea - Everyday Chem Shop<\/title>\n<meta name=\"description\" content=\"Comprar pastillas de Klonopin en l\u00ednea. Vendemos pastillas de Klonopin de la mejor calidad en l\u00ednea. P\u00f3ngase en contacto para obtener m\u00e1s informaci\u00f3n y precios.\" \/>\n<meta name=\"robots\" content=\"index, follow, max-snippet:-1, max-image-preview:large, max-video-preview:-1\" \/>\n<link rel=\"canonical\" href=\"https:\/\/everydaychemshop.com\/es\/product\/klonopin-clonazepam\/\" \/>\n<meta property=\"og:locale\" content=\"en_US\" \/>\n<meta property=\"og:type\" content=\"article\" \/>\n<meta property=\"og:title\" content=\"Clonopin Clonazepam\" \/>\n<meta property=\"og:description\" content=\"Comprar pastillas de Klonopin en l\u00ednea. Vendemos pastillas de Klonopin de la mejor calidad en l\u00ednea. P\u00f3ngase en contacto para obtener m\u00e1s informaci\u00f3n y precios.\" \/>\n<meta property=\"og:url\" content=\"https:\/\/everydaychemshop.com\/es\/product\/klonopin-clonazepam\/\" \/>\n<meta property=\"og:site_name\" content=\"Everyday Chem Shop\" \/>\n<meta property=\"article:modified_time\" content=\"2023-04-07T08:25:18+00:00\" \/>\n<meta property=\"og:image\" content=\"https:\/\/everydaychemshop.com\/es\/wp-content\/uploads\/sites\/4\/2022\/11\/Klonopin-1-mg.jpg\" \/>\n\t<meta property=\"og:image:width\" content=\"300\" \/>\n\t<meta property=\"og:image:height\" content=\"225\" \/>\n\t<meta property=\"og:image:type\" content=\"image\/jpeg\" \/>\n<meta name=\"twitter:card\" content=\"summary_large_image\" \/>\n<meta name=\"twitter:label1\" content=\"Est. reading time\" \/>\n\t<meta name=\"twitter:data1\" content=\"2 minutes\" \/>\n<script type=\"application\/ld+json\" class=\"yoast-schema-graph\">{\"@context\":\"https:\\\/\\\/schema.org\",\"@graph\":[{\"@type\":\"WebPage\",\"@id\":\"https:\\\/\\\/everydaychemshop.com\\\/es\\\/product\\\/klonopin-clonazepam\\\/\",\"url\":\"https:\\\/\\\/everydaychemshop.com\\\/es\\\/product\\\/klonopin-clonazepam\\\/\",\"name\":\"Comprar pastillas de Klonopin en l\u00ednea - Everyday Chem Shop\",\"isPartOf\":{\"@id\":\"https:\\\/\\\/everydaychemshop.com\\\/es\\\/#website\"},\"primaryImageOfPage\":{\"@id\":\"https:\\\/\\\/everydaychemshop.com\\\/es\\\/product\\\/klonopin-clonazepam\\\/#primaryimage\"},\"image\":{\"@id\":\"https:\\\/\\\/everydaychemshop.com\\\/es\\\/product\\\/klonopin-clonazepam\\\/#primaryimage\"},\"thumbnailUrl\":\"https:\\\/\\\/everydaychemshop.com\\\/es\\\/wp-content\\\/uploads\\\/sites\\\/4\\\/2022\\\/11\\\/Klonopin-1-mg.jpg\",\"datePublished\":\"2022-11-17T09:26:52+00:00\",\"dateModified\":\"2023-04-07T08:25:18+00:00\",\"description\":\"Comprar pastillas de Klonopin en l\u00ednea. Vendemos pastillas de Klonopin de la mejor calidad en l\u00ednea. P\u00f3ngase en contacto para obtener m\u00e1s informaci\u00f3n y precios.\",\"breadcrumb\":{\"@id\":\"https:\\\/\\\/everydaychemshop.com\\\/es\\\/product\\\/klonopin-clonazepam\\\/#breadcrumb\"},\"inLanguage\":\"en-US\",\"potentialAction\":[{\"@type\":\"ReadAction\",\"target\":[\"https:\\\/\\\/everydaychemshop.com\\\/es\\\/product\\\/klonopin-clonazepam\\\/\"]}]},{\"@type\":\"ImageObject\",\"inLanguage\":\"en-US\",\"@id\":\"https:\\\/\\\/everydaychemshop.com\\\/es\\\/product\\\/klonopin-clonazepam\\\/#primaryimage\",\"url\":\"https:\\\/\\\/everydaychemshop.com\\\/es\\\/wp-content\\\/uploads\\\/sites\\\/4\\\/2022\\\/11\\\/Klonopin-1-mg.jpg\",\"contentUrl\":\"https:\\\/\\\/everydaychemshop.com\\\/es\\\/wp-content\\\/uploads\\\/sites\\\/4\\\/2022\\\/11\\\/Klonopin-1-mg.jpg\",\"width\":300,\"height\":225,\"caption\":\"Comprar pastillas de Klonopin en l\u00ednea\"},{\"@type\":\"BreadcrumbList\",\"@id\":\"https:\\\/\\\/everydaychemshop.com\\\/es\\\/product\\\/klonopin-clonazepam\\\/#breadcrumb\",\"itemListElement\":[{\"@type\":\"ListItem\",\"position\":1,\"name\":\"Home\",\"item\":\"https:\\\/\\\/everydaychemshop.com\\\/es\\\/\"},{\"@type\":\"ListItem\",\"position\":2,\"name\":\"Productos\",\"item\":\"https:\\\/\\\/everydaychemshop.com\\\/es\\\/productos\\\/\"},{\"@type\":\"ListItem\",\"position\":3,\"name\":\"Clonopin Clonazepam\"}]},{\"@type\":\"WebSite\",\"@id\":\"https:\\\/\\\/everydaychemshop.com\\\/es\\\/#website\",\"url\":\"https:\\\/\\\/everydaychemshop.com\\\/es\\\/\",\"name\":\"Everyday Chem Shop\",\"description\":\"\",\"potentialAction\":[{\"@type\":\"SearchAction\",\"target\":{\"@type\":\"EntryPoint\",\"urlTemplate\":\"https:\\\/\\\/everydaychemshop.com\\\/es\\\/?s={search_term_string}\"},\"query-input\":{\"@type\":\"PropertyValueSpecification\",\"valueRequired\":true,\"valueName\":\"search_term_string\"}}],\"inLanguage\":\"en-US\"}]}<\/script>\n<!-- \/ Yoast SEO Premium plugin. -->","yoast_head_json":{"title":"Comprar pastillas de Klonopin en l\u00ednea - Everyday Chem Shop","description":"Comprar pastillas de Klonopin en l\u00ednea. Vendemos pastillas de Klonopin de la mejor calidad en l\u00ednea. P\u00f3ngase en contacto para obtener m\u00e1s informaci\u00f3n y precios.","robots":{"index":"index","follow":"follow","max-snippet":"max-snippet:-1","max-image-preview":"max-image-preview:large","max-video-preview":"max-video-preview:-1"},"canonical":"https:\/\/everydaychemshop.com\/es\/product\/klonopin-clonazepam\/","og_locale":"en_US","og_type":"article","og_title":"Clonopin Clonazepam","og_description":"Comprar pastillas de Klonopin en l\u00ednea. Vendemos pastillas de Klonopin de la mejor calidad en l\u00ednea. P\u00f3ngase en contacto para obtener m\u00e1s informaci\u00f3n y precios.","og_url":"https:\/\/everydaychemshop.com\/es\/product\/klonopin-clonazepam\/","og_site_name":"Everyday Chem Shop","article_modified_time":"2023-04-07T08:25:18+00:00","og_image":[{"width":300,"height":225,"url":"https:\/\/everydaychemshop.com\/es\/wp-content\/uploads\/sites\/4\/2022\/11\/Klonopin-1-mg.jpg","type":"image\/jpeg"}],"twitter_card":"summary_large_image","twitter_misc":{"Est. reading time":"2 minutes"},"schema":{"@context":"https:\/\/schema.org","@graph":[{"@type":"WebPage","@id":"https:\/\/everydaychemshop.com\/es\/product\/klonopin-clonazepam\/","url":"https:\/\/everydaychemshop.com\/es\/product\/klonopin-clonazepam\/","name":"Comprar pastillas de Klonopin en l\u00ednea - Everyday Chem Shop","isPartOf":{"@id":"https:\/\/everydaychemshop.com\/es\/#website"},"primaryImageOfPage":{"@id":"https:\/\/everydaychemshop.com\/es\/product\/klonopin-clonazepam\/#primaryimage"},"image":{"@id":"https:\/\/everydaychemshop.com\/es\/product\/klonopin-clonazepam\/#primaryimage"},"thumbnailUrl":"https:\/\/everydaychemshop.com\/es\/wp-content\/uploads\/sites\/4\/2022\/11\/Klonopin-1-mg.jpg","datePublished":"2022-11-17T09:26:52+00:00","dateModified":"2023-04-07T08:25:18+00:00","description":"Comprar pastillas de Klonopin en l\u00ednea. Vendemos pastillas de Klonopin de la mejor calidad en l\u00ednea. P\u00f3ngase en contacto para obtener m\u00e1s informaci\u00f3n y precios.","breadcrumb":{"@id":"https:\/\/everydaychemshop.com\/es\/product\/klonopin-clonazepam\/#breadcrumb"},"inLanguage":"en-US","potentialAction":[{"@type":"ReadAction","target":["https:\/\/everydaychemshop.com\/es\/product\/klonopin-clonazepam\/"]}]},{"@type":"ImageObject","inLanguage":"en-US","@id":"https:\/\/everydaychemshop.com\/es\/product\/klonopin-clonazepam\/#primaryimage","url":"https:\/\/everydaychemshop.com\/es\/wp-content\/uploads\/sites\/4\/2022\/11\/Klonopin-1-mg.jpg","contentUrl":"https:\/\/everydaychemshop.com\/es\/wp-content\/uploads\/sites\/4\/2022\/11\/Klonopin-1-mg.jpg","width":300,"height":225,"caption":"Comprar pastillas de Klonopin en l\u00ednea"},{"@type":"BreadcrumbList","@id":"https:\/\/everydaychemshop.com\/es\/product\/klonopin-clonazepam\/#breadcrumb","itemListElement":[{"@type":"ListItem","position":1,"name":"Home","item":"https:\/\/everydaychemshop.com\/es\/"},{"@type":"ListItem","position":2,"name":"Productos","item":"https:\/\/everydaychemshop.com\/es\/productos\/"},{"@type":"ListItem","position":3,"name":"Clonopin Clonazepam"}]},{"@type":"WebSite","@id":"https:\/\/everydaychemshop.com\/es\/#website","url":"https:\/\/everydaychemshop.com\/es\/","name":"Everyday Chem Shop","description":"","potentialAction":[{"@type":"SearchAction","target":{"@type":"EntryPoint","urlTemplate":"https:\/\/everydaychemshop.com\/es\/?s={search_term_string}"},"query-input":{"@type":"PropertyValueSpecification","valueRequired":true,"valueName":"search_term_string"}}],"inLanguage":"en-US"}]}},"_links":{"self":[{"href":"https:\/\/everydaychemshop.com\/es\/wp-json\/wp\/v2\/product\/7922","targetHints":{"allow":["GET"]}}],"collection":[{"href":"https:\/\/everydaychemshop.com\/es\/wp-json\/wp\/v2\/product"}],"about":[{"href":"https:\/\/everydaychemshop.com\/es\/wp-json\/wp\/v2\/types\/product"}],"replies":[{"embeddable":true,"href":"https:\/\/everydaychemshop.com\/es\/wp-json\/wp\/v2\/comments?post=7922"}],"wp:featuredmedia":[{"embeddable":true,"href":"https:\/\/everydaychemshop.com\/es\/wp-json\/wp\/v2\/media\/7928"}],"wp:attachment":[{"href":"https:\/\/everydaychemshop.com\/es\/wp-json\/wp\/v2\/media?parent=7922"}],"wp:term":[{"taxonomy":"product_brand","embeddable":true,"href":"https:\/\/everydaychemshop.com\/es\/wp-json\/wp\/v2\/product_brand?post=7922"},{"taxonomy":"product_cat","embeddable":true,"href":"https:\/\/everydaychemshop.com\/es\/wp-json\/wp\/v2\/product_cat?post=7922"},{"taxonomy":"product_tag","embeddable":true,"href":"https:\/\/everydaychemshop.com\/es\/wp-json\/wp\/v2\/product_tag?post=7922"}],"curies":[{"name":"wp","href":"https:\/\/api.w.org\/{rel}","templated":true}]}}