{"id":7935,"date":"2022-11-17T10:00:02","date_gmt":"2022-11-17T10:00:02","guid":{"rendered":"https:\/\/everydaychemshop.com\/es\/?post_type=product&#038;p=7935"},"modified":"2023-04-07T08:22:39","modified_gmt":"2023-04-07T08:22:39","slug":"tramadol","status":"publish","type":"product","link":"https:\/\/everydaychemshop.com\/es\/product\/tramadol\/","title":{"rendered":"Tramadol"},"content":{"rendered":"<h1>Comprar pastillas de Tramadol en l\u00ednea<\/h1>\n<p><a href=\"https:\/\/everydaychemshop.com\/es\/product\/tramadol\/\">Comprar pastillas de Tramadol en l\u00ednea<\/a>. El tramadol es un medicamento fuerte para el dolor que se usa para tratar el dolor moderado a intenso que no se alivia con otros tipos de medicamentos para el dolor. Tramadol es un opioide sint\u00e9tico y act\u00faa en el cerebro y la columna vertebral (sistema nervioso central) para reducir la cantidad de dolor que siente.<\/p>\n<p>La forma de liberaci\u00f3n prolongada de tramadol es <a href=\"https:\/\/es.wikipedia.org\/wiki\/Tramadol\">para<\/a> el tratamiento del dolor las 24 horas del d\u00eda. . Esta forma de tramadol no es para usar seg\u00fan sea necesario para el dolor.<\/p>\n","protected":false},"excerpt":{"rendered":"<p>Tramadol es un miembro de la clase de f\u00e1rmacos opioides (analg\u00e9sicos narc\u00f3ticos) y se usa com\u00fanmente para la ansiedad, el dolor de espalda, el dolor cr\u00f3nico y otros.<\/p>\n","protected":false},"featured_media":7962,"comment_status":"open","ping_status":"closed","template":"","meta":{"inline_featured_image":false},"product_brand":[],"product_cat":[116],"product_tag":[],"class_list":{"0":"post-7935","1":"product","2":"type-product","3":"status-publish","4":"has-post-thumbnail","6":"product_cat-pain-killers","8":"first","9":"instock","10":"shipping-taxable","11":"purchasable","12":"product-type-variable","13":"has-default-attributes"},"yoast_head":"<!-- This site is optimized with the Yoast SEO Premium plugin v19.2 (Yoast SEO v27.3) - https:\/\/yoast.com\/product\/yoast-seo-premium-wordpress\/ -->\n<title>Comprar pastillas de Tramadol en l\u00ednea - Everyday Chem Shop<\/title>\n<meta name=\"description\" content=\"Comprar pastillas de Tramadol en l\u00ednea. Vendemos pastillas de Tramadol de la mejor calidad en l\u00ednea. P\u00f3ngase en contacto para obtener m\u00e1s informaci\u00f3n y precios para su pedido.\" \/>\n<meta name=\"robots\" content=\"index, follow, max-snippet:-1, max-image-preview:large, max-video-preview:-1\" \/>\n<link rel=\"canonical\" href=\"https:\/\/everydaychemshop.com\/es\/product\/tramadol\/\" \/>\n<meta property=\"og:locale\" content=\"en_US\" \/>\n<meta property=\"og:type\" content=\"article\" \/>\n<meta property=\"og:title\" content=\"Tramadol\" \/>\n<meta property=\"og:description\" content=\"Comprar pastillas de Tramadol en l\u00ednea. Vendemos pastillas de Tramadol de la mejor calidad en l\u00ednea. P\u00f3ngase en contacto para obtener m\u00e1s informaci\u00f3n y precios para su pedido.\" \/>\n<meta property=\"og:url\" content=\"https:\/\/everydaychemshop.com\/es\/product\/tramadol\/\" \/>\n<meta property=\"og:site_name\" content=\"Everyday Chem Shop\" \/>\n<meta property=\"article:modified_time\" content=\"2023-04-07T08:22:39+00:00\" \/>\n<meta property=\"og:image\" content=\"https:\/\/everydaychemshop.com\/es\/wp-content\/uploads\/sites\/4\/2022\/11\/CCA03770.jpg\" \/>\n\t<meta property=\"og:image:width\" content=\"288\" \/>\n\t<meta property=\"og:image:height\" content=\"216\" \/>\n\t<meta property=\"og:image:type\" content=\"image\/jpeg\" \/>\n<meta name=\"twitter:card\" content=\"summary_large_image\" \/>\n<meta name=\"twitter:label1\" content=\"Est. reading time\" \/>\n\t<meta name=\"twitter:data1\" content=\"1 minute\" \/>\n<script type=\"application\/ld+json\" class=\"yoast-schema-graph\">{\"@context\":\"https:\\\/\\\/schema.org\",\"@graph\":[{\"@type\":\"WebPage\",\"@id\":\"https:\\\/\\\/everydaychemshop.com\\\/es\\\/product\\\/tramadol\\\/\",\"url\":\"https:\\\/\\\/everydaychemshop.com\\\/es\\\/product\\\/tramadol\\\/\",\"name\":\"Comprar pastillas de Tramadol en l\u00ednea - Everyday Chem Shop\",\"isPartOf\":{\"@id\":\"https:\\\/\\\/everydaychemshop.com\\\/es\\\/#website\"},\"primaryImageOfPage\":{\"@id\":\"https:\\\/\\\/everydaychemshop.com\\\/es\\\/product\\\/tramadol\\\/#primaryimage\"},\"image\":{\"@id\":\"https:\\\/\\\/everydaychemshop.com\\\/es\\\/product\\\/tramadol\\\/#primaryimage\"},\"thumbnailUrl\":\"https:\\\/\\\/everydaychemshop.com\\\/es\\\/wp-content\\\/uploads\\\/sites\\\/4\\\/2022\\\/11\\\/CCA03770.jpg\",\"datePublished\":\"2022-11-17T10:00:02+00:00\",\"dateModified\":\"2023-04-07T08:22:39+00:00\",\"description\":\"Comprar pastillas de Tramadol en l\u00ednea. Vendemos pastillas de Tramadol de la mejor calidad en l\u00ednea. P\u00f3ngase en contacto para obtener m\u00e1s informaci\u00f3n y precios para su pedido.\",\"breadcrumb\":{\"@id\":\"https:\\\/\\\/everydaychemshop.com\\\/es\\\/product\\\/tramadol\\\/#breadcrumb\"},\"inLanguage\":\"en-US\",\"potentialAction\":[{\"@type\":\"ReadAction\",\"target\":[\"https:\\\/\\\/everydaychemshop.com\\\/es\\\/product\\\/tramadol\\\/\"]}]},{\"@type\":\"ImageObject\",\"inLanguage\":\"en-US\",\"@id\":\"https:\\\/\\\/everydaychemshop.com\\\/es\\\/product\\\/tramadol\\\/#primaryimage\",\"url\":\"https:\\\/\\\/everydaychemshop.com\\\/es\\\/wp-content\\\/uploads\\\/sites\\\/4\\\/2022\\\/11\\\/CCA03770.jpg\",\"contentUrl\":\"https:\\\/\\\/everydaychemshop.com\\\/es\\\/wp-content\\\/uploads\\\/sites\\\/4\\\/2022\\\/11\\\/CCA03770.jpg\",\"width\":288,\"height\":216,\"caption\":\"Comprar pastillas de Tramadol en l\u00ednea\"},{\"@type\":\"BreadcrumbList\",\"@id\":\"https:\\\/\\\/everydaychemshop.com\\\/es\\\/product\\\/tramadol\\\/#breadcrumb\",\"itemListElement\":[{\"@type\":\"ListItem\",\"position\":1,\"name\":\"Home\",\"item\":\"https:\\\/\\\/everydaychemshop.com\\\/es\\\/\"},{\"@type\":\"ListItem\",\"position\":2,\"name\":\"Productos\",\"item\":\"https:\\\/\\\/everydaychemshop.com\\\/es\\\/productos\\\/\"},{\"@type\":\"ListItem\",\"position\":3,\"name\":\"Tramadol\"}]},{\"@type\":\"WebSite\",\"@id\":\"https:\\\/\\\/everydaychemshop.com\\\/es\\\/#website\",\"url\":\"https:\\\/\\\/everydaychemshop.com\\\/es\\\/\",\"name\":\"Everyday Chem Shop\",\"description\":\"\",\"potentialAction\":[{\"@type\":\"SearchAction\",\"target\":{\"@type\":\"EntryPoint\",\"urlTemplate\":\"https:\\\/\\\/everydaychemshop.com\\\/es\\\/?s={search_term_string}\"},\"query-input\":{\"@type\":\"PropertyValueSpecification\",\"valueRequired\":true,\"valueName\":\"search_term_string\"}}],\"inLanguage\":\"en-US\"}]}<\/script>\n<!-- \/ Yoast SEO Premium plugin. -->","yoast_head_json":{"title":"Comprar pastillas de Tramadol en l\u00ednea - Everyday Chem Shop","description":"Comprar pastillas de Tramadol en l\u00ednea. Vendemos pastillas de Tramadol de la mejor calidad en l\u00ednea. P\u00f3ngase en contacto para obtener m\u00e1s informaci\u00f3n y precios para su pedido.","robots":{"index":"index","follow":"follow","max-snippet":"max-snippet:-1","max-image-preview":"max-image-preview:large","max-video-preview":"max-video-preview:-1"},"canonical":"https:\/\/everydaychemshop.com\/es\/product\/tramadol\/","og_locale":"en_US","og_type":"article","og_title":"Tramadol","og_description":"Comprar pastillas de Tramadol en l\u00ednea. Vendemos pastillas de Tramadol de la mejor calidad en l\u00ednea. P\u00f3ngase en contacto para obtener m\u00e1s informaci\u00f3n y precios para su pedido.","og_url":"https:\/\/everydaychemshop.com\/es\/product\/tramadol\/","og_site_name":"Everyday Chem Shop","article_modified_time":"2023-04-07T08:22:39+00:00","og_image":[{"width":288,"height":216,"url":"https:\/\/everydaychemshop.com\/es\/wp-content\/uploads\/sites\/4\/2022\/11\/CCA03770.jpg","type":"image\/jpeg"}],"twitter_card":"summary_large_image","twitter_misc":{"Est. reading time":"1 minute"},"schema":{"@context":"https:\/\/schema.org","@graph":[{"@type":"WebPage","@id":"https:\/\/everydaychemshop.com\/es\/product\/tramadol\/","url":"https:\/\/everydaychemshop.com\/es\/product\/tramadol\/","name":"Comprar pastillas de Tramadol en l\u00ednea - Everyday Chem Shop","isPartOf":{"@id":"https:\/\/everydaychemshop.com\/es\/#website"},"primaryImageOfPage":{"@id":"https:\/\/everydaychemshop.com\/es\/product\/tramadol\/#primaryimage"},"image":{"@id":"https:\/\/everydaychemshop.com\/es\/product\/tramadol\/#primaryimage"},"thumbnailUrl":"https:\/\/everydaychemshop.com\/es\/wp-content\/uploads\/sites\/4\/2022\/11\/CCA03770.jpg","datePublished":"2022-11-17T10:00:02+00:00","dateModified":"2023-04-07T08:22:39+00:00","description":"Comprar pastillas de Tramadol en l\u00ednea. Vendemos pastillas de Tramadol de la mejor calidad en l\u00ednea. P\u00f3ngase en contacto para obtener m\u00e1s informaci\u00f3n y precios para su pedido.","breadcrumb":{"@id":"https:\/\/everydaychemshop.com\/es\/product\/tramadol\/#breadcrumb"},"inLanguage":"en-US","potentialAction":[{"@type":"ReadAction","target":["https:\/\/everydaychemshop.com\/es\/product\/tramadol\/"]}]},{"@type":"ImageObject","inLanguage":"en-US","@id":"https:\/\/everydaychemshop.com\/es\/product\/tramadol\/#primaryimage","url":"https:\/\/everydaychemshop.com\/es\/wp-content\/uploads\/sites\/4\/2022\/11\/CCA03770.jpg","contentUrl":"https:\/\/everydaychemshop.com\/es\/wp-content\/uploads\/sites\/4\/2022\/11\/CCA03770.jpg","width":288,"height":216,"caption":"Comprar pastillas de Tramadol en l\u00ednea"},{"@type":"BreadcrumbList","@id":"https:\/\/everydaychemshop.com\/es\/product\/tramadol\/#breadcrumb","itemListElement":[{"@type":"ListItem","position":1,"name":"Home","item":"https:\/\/everydaychemshop.com\/es\/"},{"@type":"ListItem","position":2,"name":"Productos","item":"https:\/\/everydaychemshop.com\/es\/productos\/"},{"@type":"ListItem","position":3,"name":"Tramadol"}]},{"@type":"WebSite","@id":"https:\/\/everydaychemshop.com\/es\/#website","url":"https:\/\/everydaychemshop.com\/es\/","name":"Everyday Chem Shop","description":"","potentialAction":[{"@type":"SearchAction","target":{"@type":"EntryPoint","urlTemplate":"https:\/\/everydaychemshop.com\/es\/?s={search_term_string}"},"query-input":{"@type":"PropertyValueSpecification","valueRequired":true,"valueName":"search_term_string"}}],"inLanguage":"en-US"}]}},"_links":{"self":[{"href":"https:\/\/everydaychemshop.com\/es\/wp-json\/wp\/v2\/product\/7935","targetHints":{"allow":["GET"]}}],"collection":[{"href":"https:\/\/everydaychemshop.com\/es\/wp-json\/wp\/v2\/product"}],"about":[{"href":"https:\/\/everydaychemshop.com\/es\/wp-json\/wp\/v2\/types\/product"}],"replies":[{"embeddable":true,"href":"https:\/\/everydaychemshop.com\/es\/wp-json\/wp\/v2\/comments?post=7935"}],"wp:featuredmedia":[{"embeddable":true,"href":"https:\/\/everydaychemshop.com\/es\/wp-json\/wp\/v2\/media\/7962"}],"wp:attachment":[{"href":"https:\/\/everydaychemshop.com\/es\/wp-json\/wp\/v2\/media?parent=7935"}],"wp:term":[{"taxonomy":"product_brand","embeddable":true,"href":"https:\/\/everydaychemshop.com\/es\/wp-json\/wp\/v2\/product_brand?post=7935"},{"taxonomy":"product_cat","embeddable":true,"href":"https:\/\/everydaychemshop.com\/es\/wp-json\/wp\/v2\/product_cat?post=7935"},{"taxonomy":"product_tag","embeddable":true,"href":"https:\/\/everydaychemshop.com\/es\/wp-json\/wp\/v2\/product_tag?post=7935"}],"curies":[{"name":"wp","href":"https:\/\/api.w.org\/{rel}","templated":true}]}}