{"id":7964,"date":"2022-11-17T10:07:48","date_gmt":"2022-11-17T10:07:48","guid":{"rendered":"https:\/\/everydaychemshop.com\/es\/?post_type=product&#038;p=7964"},"modified":"2023-04-07T08:21:26","modified_gmt":"2023-04-07T08:21:26","slug":"comprar-w-18-pastillas","status":"publish","type":"product","link":"https:\/\/everydaychemshop.com\/es\/product\/comprar-w-18-pastillas\/","title":{"rendered":"Pastillas W-18"},"content":{"rendered":"<h1>Comprar pastillas W-18 en l\u00ednea<\/h1>\n<p><a href=\"https:\/\/everydaychemshop.com\/es\/product\/comprar-w-18-pastillas\/\">Comprar pastillas W-18 en l\u00ednea<\/a>. W-18 es un compuesto de una serie de 32 sustancias (llamadas W-1 a W-32) que se sintetizaron por primera vez en la investigaci\u00f3n acad\u00e9mica sobre el descubrimiento de f\u00e1rmacos analg\u00e9sicos en la d\u00e9cada de 1980 y aparecieron como drogas de dise\u00f1o en la d\u00e9cada de 2010. Compre polvo W-18 para la venta en l\u00ednea.<\/p>\n<p>W-18 fue inventado en la Universidad de Alberta por un laboratorio que trabajaba en el descubrimiento de f\u00e1rmacos analg\u00e9sicos en la d\u00e9cada de 1980. Los estudios preliminares en animales mostraron que <a href=\"https:\/\/en.wikipedia.org\/wiki\/W-18\">ten\u00eda<\/a> actividad analg\u00e9sica en ratones.<\/p>\n<p>En Europa y Estados Unidos en 2013, la mol\u00e9cula se descubri\u00f3 en el uso de drogas recreativas como reemplazo de otros narc\u00f3ticos prohibidos. En diciembre de 2015, los Equipos de Respuesta para el Cumplimiento de la Ley de Alberta (ALERT) descubrieron cuatro kilogramos de W-18 en un arresto por drogas en Edmonton. Health Canada encontr\u00f3 W-18 en al menos tres de las 110 tabletas de fentanilo confiscadas de una casa de Calgary en agosto de 2015.<\/p>\n<p>En la d\u00e9cada de 2010, la prensa popular afirm\u00f3 ampliamente que W-18 era un opioide. Sin embargo, esto fue desacreditado m\u00e1s tarde. Se encontr\u00f3 que tanto los receptores sigma como la prote\u00edna translocadora ten\u00edan poca actividad cuando se prob\u00f3 el W-18 (receptor de benzodiazepina perif\u00e9rico). Tambi\u00e9n tiene una afinidad micromolar por el canal de potasio hERG, que podr\u00eda causar arritmia card\u00edaca en grandes dosis.<br \/>\nW-18 inicialmente clasificado como un poderoso opioide<br \/>\nDespu\u00e9s de casi tres d\u00e9cadas de oscuridad, W-18 reapareci\u00f3 como una droga callejera de dise\u00f1o descubierta durante la investigaci\u00f3n de analg\u00e9sicos analg\u00e9sicos en la d\u00e9cada de 1980. Durante las primeras pruebas, la sustancia era cien veces m\u00e1s potente que el fentanilo. Es un poderoso analg\u00e9sico opioide que es 50 veces m\u00e1s fuerte que la hero\u00edna y 10,000 veces m\u00e1s potente que la morfina. 1. Las compa\u00f1\u00edas farmac\u00e9uticas nunca recogieron el medicamento. No obstante, W-18 est\u00e1 disponible para su compra a trav\u00e9s de Internet en los \u00faltimos a\u00f1os, con suministros provenientes de fuera de Canad\u00e1, donde se produjo por primera vez el medicamento. W-18 ha ganado r\u00e1pidamente atractivo como una droga callejera peligrosa y potencialmente mortal en Am\u00e9rica del Norte y Europa debido a su accesibilidad.<\/p>\n<p>W-18 se describi\u00f3 como el siguiente medicamento novedoso en la continua pandemia de opioides en muchas historias a principios de este a\u00f1o. W-18 se denomin\u00f3 un medicamento opioide de letalidad excepcional desde que se desarroll\u00f3 durante la investigaci\u00f3n de analg\u00e9sicos. Sus efectos se compararon con los de los opioides. 2 W-18, por otro lado, se diferenciaba de los medicamentos opi\u00e1ceos y otras drogas opioides en varios aspectos. Por ejemplo, el medicamento es indetectable en cualquier an\u00e1lisis de drogas est\u00e1ndar, incluidos los dise\u00f1ados espec\u00edficamente para identificar analg\u00e9sicos. Adem\u00e1s, la naloxona, destinada a revertir una sobredosis de opioides en una emergencia, no tiene impacto en las personas que sufren una sobredosis de W-18. A pesar de estas anomal\u00edas, el W-18 se clasific\u00f3 como un opioide, debido al aumento de las muertes por sobredosis relacionadas con su uso.<\/p>\n<p>Las muertes por sobredosis se disparan debido al W-18<br \/>\nAnteriormente, los traficantes de hero\u00edna dilu\u00edan su suministros con productos qu\u00edmicos como el bicarbonato de sodio para maximizar la cantidad de hero\u00edna que podr\u00edan vender. Sin embargo, debido a que esto disminuir\u00eda la potencia de la hero\u00edna, agregar\u00edan peque\u00f1as dosis de fentanilo para aumentar el poder de la mezcla significativamente da\u00f1ada. Como resultado de la hero\u00edna mezclada con fentanilo que tomaban los drogadictos, hubo un aumento en las muertes por sobredosis, especialmente en la costa este de Estados Unidos. Como resultado, era solo cuesti\u00f3n de tiempo antes de que el W-18, que se dice crea un subid\u00f3n similar al de la hero\u00edna y, al mismo tiempo, es mucho m\u00e1s peligroso que el fentanilo, se usara de la misma manera, lo que provoc\u00f3 un aumento de las muertes por sobredosis. 3 W-18 tambi\u00e9n viene en polvo blanco, lo que facilita su confusi\u00f3n con la hero\u00edna o la versi\u00f3n en polvo de fentanilo.<\/p>\n<p>La sustancia es un opioide sint\u00e9tico sin aplicaci\u00f3n cl\u00ednica reconocida. La droga fue creada por un grupo de cient\u00edficos canadienses en la d\u00e9cada de 1980 como parte de una serie de analg\u00e9sicos experimentales, pero nunca se prob\u00f3 en humanos. Como resultado, se desconocen la mayor\u00eda de sus posibles efectos adversos en las personas: el W-18 solo se ha evaluado en ratones de laboratorio.<\/p>\n<p>El W-18 es 100 veces m\u00e1s potente que el fentanilo en t\u00e9rminos de potencia. El fentanilo es una droga 100 veces m\u00e1s potente que la morfina. W-18 es 10.000 veces m\u00e1s potente que los opi\u00e1ceos tradicionales.<\/p>\n","protected":false},"excerpt":{"rendered":"<p>Compre p\u00edldoras W-18 a la venta en EE. UU., Canad\u00e1, Reino Unido, Asia y Europa en l\u00ednea Nuestro env\u00edo y entrega es 100% seguro y discreto.<\/p>\n","protected":false},"featured_media":7969,"comment_status":"open","ping_status":"closed","template":"","meta":{"inline_featured_image":false},"product_brand":[],"product_cat":[116],"product_tag":[461,462,463,464,465,470,471,472,473,478,482,466,476,474,475,468,467,477,469,506,505,499,491,479,497,500,502,501,480,504,481,493,486,487,483,484,485,489,490,494,496,492,503,488],"class_list":{"0":"post-7964","1":"product","2":"type-product","3":"status-publish","4":"has-post-thumbnail","6":"product_cat-pain-killers","7":"product_tag-best-place-to-buy-w-18-online","8":"product_tag-buy-w-18","9":"product_tag-buy-w-18-2mg-online","10":"product_tag-buy-w-18-australia","11":"product_tag-buy-w-18-drug-online","12":"product_tag-buy-w-18-germany-online","13":"product_tag-buy-w-18-in-australia","14":"product_tag-buy-w-18-in-canada","15":"product_tag-buy-w-18-in-uk","16":"product_tag-buy-w-18-usa","17":"product_tag-calidad-w-18-en-venta","18":"product_tag-comprar-w-18-drogas","19":"product_tag-comprar-w-18-pastillas","20":"product_tag-comprar-w-18-en-usa","21":"product_tag-comprar-w-18-online","22":"product_tag-comprar-w-18-en-venta","23":"product_tag-comprar-w-18-europa","24":"product_tag-comprar-w-18-es","25":"product_tag-comprar-w-18-en-venta-usa-online","26":"product_tag-donde-comprar-w-18-pastillas","27":"product_tag-donde-comprar-w-18-online","28":"product_tag-w-18-pastillas-efecto","29":"product_tag-efecto-w-18","30":"product_tag-es-w-18-legal","31":"product_tag-orden-w-18","32":"product_tag-w-18-pastillas-en-venta","33":"product_tag-w-18-pldoras-al-por-mayor","34":"product_tag-w-18-pldoras-pedido","35":"product_tag-pedido-w-18-en-venta","36":"product_tag-w-18-reddit","37":"product_tag-pedido-w-18-online","38":"product_tag-w-18-en-venta-online","39":"product_tag-w-18-buy-uk","40":"product_tag-w-18-buy-usa","41":"product_tag-w-18-comprar","42":"product_tag-w-18-comprar-canada","43":"product_tag-w-18-comprar-online","44":"product_tag-w-18-drogas","45":"product_tag-w-18-drugs-for-sale","46":"product_tag-w-18-en-lnea","47":"product_tag-w-18-online-en-usa","48":"product_tag-w-18-en-venta","49":"product_tag-w-18-precio-online","50":"product_tag-w-18-segundos","52":"first","53":"instock","54":"shipping-taxable","55":"purchasable","56":"product-type-variable","57":"has-default-attributes"},"yoast_head":"<!-- This site is optimized with the Yoast SEO Premium plugin v19.2 (Yoast SEO v27.3) - https:\/\/yoast.com\/product\/yoast-seo-premium-wordpress\/ -->\n<title>Comprar pastillas W-18 en l\u00ednea - Everyday Chem Shop<\/title>\n<meta name=\"description\" content=\"Comprar pastillas W-18 en l\u00ednea. Vendemos p\u00edldoras W-18 en l\u00ednea. Por favor cont\u00e1ctenos para m\u00e1s informaci\u00f3n para m\u00e1s informaci\u00f3n y precios.\" \/>\n<meta name=\"robots\" content=\"index, follow, max-snippet:-1, max-image-preview:large, max-video-preview:-1\" \/>\n<link rel=\"canonical\" href=\"https:\/\/everydaychemshop.com\/es\/product\/comprar-w-18-pastillas\/\" \/>\n<meta property=\"og:locale\" content=\"en_US\" \/>\n<meta property=\"og:type\" content=\"article\" \/>\n<meta property=\"og:title\" content=\"Pastillas W-18\" \/>\n<meta property=\"og:description\" content=\"Comprar pastillas W-18 en l\u00ednea. Vendemos p\u00edldoras W-18 en l\u00ednea. Por favor cont\u00e1ctenos para m\u00e1s informaci\u00f3n para m\u00e1s informaci\u00f3n y precios.\" \/>\n<meta property=\"og:url\" content=\"https:\/\/everydaychemshop.com\/es\/product\/comprar-w-18-pastillas\/\" \/>\n<meta property=\"og:site_name\" content=\"Everyday Chem Shop\" \/>\n<meta property=\"article:modified_time\" content=\"2023-04-07T08:21:26+00:00\" \/>\n<meta property=\"og:image\" content=\"https:\/\/everydaychemshop.com\/es\/wp-content\/uploads\/sites\/4\/2022\/11\/Buy-W-18-Pills.jpg\" \/>\n\t<meta property=\"og:image:width\" content=\"840\" \/>\n\t<meta property=\"og:image:height\" content=\"781\" \/>\n\t<meta property=\"og:image:type\" content=\"image\/jpeg\" \/>\n<meta name=\"twitter:card\" content=\"summary_large_image\" \/>\n<meta name=\"twitter:label1\" content=\"Est. reading time\" \/>\n\t<meta name=\"twitter:data1\" content=\"4 minutes\" \/>\n<script type=\"application\/ld+json\" class=\"yoast-schema-graph\">{\"@context\":\"https:\\\/\\\/schema.org\",\"@graph\":[{\"@type\":\"WebPage\",\"@id\":\"https:\\\/\\\/everydaychemshop.com\\\/es\\\/product\\\/comprar-w-18-pastillas\\\/\",\"url\":\"https:\\\/\\\/everydaychemshop.com\\\/es\\\/product\\\/comprar-w-18-pastillas\\\/\",\"name\":\"Comprar pastillas W-18 en l\u00ednea - Everyday Chem Shop\",\"isPartOf\":{\"@id\":\"https:\\\/\\\/everydaychemshop.com\\\/es\\\/#website\"},\"primaryImageOfPage\":{\"@id\":\"https:\\\/\\\/everydaychemshop.com\\\/es\\\/product\\\/comprar-w-18-pastillas\\\/#primaryimage\"},\"image\":{\"@id\":\"https:\\\/\\\/everydaychemshop.com\\\/es\\\/product\\\/comprar-w-18-pastillas\\\/#primaryimage\"},\"thumbnailUrl\":\"https:\\\/\\\/everydaychemshop.com\\\/es\\\/wp-content\\\/uploads\\\/sites\\\/4\\\/2022\\\/11\\\/Buy-W-18-Pills.jpg\",\"datePublished\":\"2022-11-17T10:07:48+00:00\",\"dateModified\":\"2023-04-07T08:21:26+00:00\",\"description\":\"Comprar pastillas W-18 en l\u00ednea. Vendemos p\u00edldoras W-18 en l\u00ednea. Por favor cont\u00e1ctenos para m\u00e1s informaci\u00f3n para m\u00e1s informaci\u00f3n y precios.\",\"breadcrumb\":{\"@id\":\"https:\\\/\\\/everydaychemshop.com\\\/es\\\/product\\\/comprar-w-18-pastillas\\\/#breadcrumb\"},\"inLanguage\":\"en-US\",\"potentialAction\":[{\"@type\":\"ReadAction\",\"target\":[\"https:\\\/\\\/everydaychemshop.com\\\/es\\\/product\\\/comprar-w-18-pastillas\\\/\"]}]},{\"@type\":\"ImageObject\",\"inLanguage\":\"en-US\",\"@id\":\"https:\\\/\\\/everydaychemshop.com\\\/es\\\/product\\\/comprar-w-18-pastillas\\\/#primaryimage\",\"url\":\"https:\\\/\\\/everydaychemshop.com\\\/es\\\/wp-content\\\/uploads\\\/sites\\\/4\\\/2022\\\/11\\\/Buy-W-18-Pills.jpg\",\"contentUrl\":\"https:\\\/\\\/everydaychemshop.com\\\/es\\\/wp-content\\\/uploads\\\/sites\\\/4\\\/2022\\\/11\\\/Buy-W-18-Pills.jpg\",\"width\":840,\"height\":781,\"caption\":\"Comprar pastillas W-18 en l\u00ednea\"},{\"@type\":\"BreadcrumbList\",\"@id\":\"https:\\\/\\\/everydaychemshop.com\\\/es\\\/product\\\/comprar-w-18-pastillas\\\/#breadcrumb\",\"itemListElement\":[{\"@type\":\"ListItem\",\"position\":1,\"name\":\"Home\",\"item\":\"https:\\\/\\\/everydaychemshop.com\\\/es\\\/\"},{\"@type\":\"ListItem\",\"position\":2,\"name\":\"Productos\",\"item\":\"https:\\\/\\\/everydaychemshop.com\\\/es\\\/productos\\\/\"},{\"@type\":\"ListItem\",\"position\":3,\"name\":\"Pastillas W-18\"}]},{\"@type\":\"WebSite\",\"@id\":\"https:\\\/\\\/everydaychemshop.com\\\/es\\\/#website\",\"url\":\"https:\\\/\\\/everydaychemshop.com\\\/es\\\/\",\"name\":\"Everyday Chem Shop\",\"description\":\"\",\"potentialAction\":[{\"@type\":\"SearchAction\",\"target\":{\"@type\":\"EntryPoint\",\"urlTemplate\":\"https:\\\/\\\/everydaychemshop.com\\\/es\\\/?s={search_term_string}\"},\"query-input\":{\"@type\":\"PropertyValueSpecification\",\"valueRequired\":true,\"valueName\":\"search_term_string\"}}],\"inLanguage\":\"en-US\"}]}<\/script>\n<!-- \/ Yoast SEO Premium plugin. -->","yoast_head_json":{"title":"Comprar pastillas W-18 en l\u00ednea - Everyday Chem Shop","description":"Comprar pastillas W-18 en l\u00ednea. Vendemos p\u00edldoras W-18 en l\u00ednea. Por favor cont\u00e1ctenos para m\u00e1s informaci\u00f3n para m\u00e1s informaci\u00f3n y precios.","robots":{"index":"index","follow":"follow","max-snippet":"max-snippet:-1","max-image-preview":"max-image-preview:large","max-video-preview":"max-video-preview:-1"},"canonical":"https:\/\/everydaychemshop.com\/es\/product\/comprar-w-18-pastillas\/","og_locale":"en_US","og_type":"article","og_title":"Pastillas W-18","og_description":"Comprar pastillas W-18 en l\u00ednea. Vendemos p\u00edldoras W-18 en l\u00ednea. Por favor cont\u00e1ctenos para m\u00e1s informaci\u00f3n para m\u00e1s informaci\u00f3n y precios.","og_url":"https:\/\/everydaychemshop.com\/es\/product\/comprar-w-18-pastillas\/","og_site_name":"Everyday Chem Shop","article_modified_time":"2023-04-07T08:21:26+00:00","og_image":[{"width":840,"height":781,"url":"https:\/\/everydaychemshop.com\/es\/wp-content\/uploads\/sites\/4\/2022\/11\/Buy-W-18-Pills.jpg","type":"image\/jpeg"}],"twitter_card":"summary_large_image","twitter_misc":{"Est. reading time":"4 minutes"},"schema":{"@context":"https:\/\/schema.org","@graph":[{"@type":"WebPage","@id":"https:\/\/everydaychemshop.com\/es\/product\/comprar-w-18-pastillas\/","url":"https:\/\/everydaychemshop.com\/es\/product\/comprar-w-18-pastillas\/","name":"Comprar pastillas W-18 en l\u00ednea - Everyday Chem Shop","isPartOf":{"@id":"https:\/\/everydaychemshop.com\/es\/#website"},"primaryImageOfPage":{"@id":"https:\/\/everydaychemshop.com\/es\/product\/comprar-w-18-pastillas\/#primaryimage"},"image":{"@id":"https:\/\/everydaychemshop.com\/es\/product\/comprar-w-18-pastillas\/#primaryimage"},"thumbnailUrl":"https:\/\/everydaychemshop.com\/es\/wp-content\/uploads\/sites\/4\/2022\/11\/Buy-W-18-Pills.jpg","datePublished":"2022-11-17T10:07:48+00:00","dateModified":"2023-04-07T08:21:26+00:00","description":"Comprar pastillas W-18 en l\u00ednea. Vendemos p\u00edldoras W-18 en l\u00ednea. Por favor cont\u00e1ctenos para m\u00e1s informaci\u00f3n para m\u00e1s informaci\u00f3n y precios.","breadcrumb":{"@id":"https:\/\/everydaychemshop.com\/es\/product\/comprar-w-18-pastillas\/#breadcrumb"},"inLanguage":"en-US","potentialAction":[{"@type":"ReadAction","target":["https:\/\/everydaychemshop.com\/es\/product\/comprar-w-18-pastillas\/"]}]},{"@type":"ImageObject","inLanguage":"en-US","@id":"https:\/\/everydaychemshop.com\/es\/product\/comprar-w-18-pastillas\/#primaryimage","url":"https:\/\/everydaychemshop.com\/es\/wp-content\/uploads\/sites\/4\/2022\/11\/Buy-W-18-Pills.jpg","contentUrl":"https:\/\/everydaychemshop.com\/es\/wp-content\/uploads\/sites\/4\/2022\/11\/Buy-W-18-Pills.jpg","width":840,"height":781,"caption":"Comprar pastillas W-18 en l\u00ednea"},{"@type":"BreadcrumbList","@id":"https:\/\/everydaychemshop.com\/es\/product\/comprar-w-18-pastillas\/#breadcrumb","itemListElement":[{"@type":"ListItem","position":1,"name":"Home","item":"https:\/\/everydaychemshop.com\/es\/"},{"@type":"ListItem","position":2,"name":"Productos","item":"https:\/\/everydaychemshop.com\/es\/productos\/"},{"@type":"ListItem","position":3,"name":"Pastillas W-18"}]},{"@type":"WebSite","@id":"https:\/\/everydaychemshop.com\/es\/#website","url":"https:\/\/everydaychemshop.com\/es\/","name":"Everyday Chem Shop","description":"","potentialAction":[{"@type":"SearchAction","target":{"@type":"EntryPoint","urlTemplate":"https:\/\/everydaychemshop.com\/es\/?s={search_term_string}"},"query-input":{"@type":"PropertyValueSpecification","valueRequired":true,"valueName":"search_term_string"}}],"inLanguage":"en-US"}]}},"_links":{"self":[{"href":"https:\/\/everydaychemshop.com\/es\/wp-json\/wp\/v2\/product\/7964","targetHints":{"allow":["GET"]}}],"collection":[{"href":"https:\/\/everydaychemshop.com\/es\/wp-json\/wp\/v2\/product"}],"about":[{"href":"https:\/\/everydaychemshop.com\/es\/wp-json\/wp\/v2\/types\/product"}],"replies":[{"embeddable":true,"href":"https:\/\/everydaychemshop.com\/es\/wp-json\/wp\/v2\/comments?post=7964"}],"wp:featuredmedia":[{"embeddable":true,"href":"https:\/\/everydaychemshop.com\/es\/wp-json\/wp\/v2\/media\/7969"}],"wp:attachment":[{"href":"https:\/\/everydaychemshop.com\/es\/wp-json\/wp\/v2\/media?parent=7964"}],"wp:term":[{"taxonomy":"product_brand","embeddable":true,"href":"https:\/\/everydaychemshop.com\/es\/wp-json\/wp\/v2\/product_brand?post=7964"},{"taxonomy":"product_cat","embeddable":true,"href":"https:\/\/everydaychemshop.com\/es\/wp-json\/wp\/v2\/product_cat?post=7964"},{"taxonomy":"product_tag","embeddable":true,"href":"https:\/\/everydaychemshop.com\/es\/wp-json\/wp\/v2\/product_tag?post=7964"}],"curies":[{"name":"wp","href":"https:\/\/api.w.org\/{rel}","templated":true}]}}