{"id":7970,"date":"2022-11-17T10:15:18","date_gmt":"2022-11-17T10:15:18","guid":{"rendered":"https:\/\/everydaychemshop.com\/es\/?post_type=product&#038;p=7970"},"modified":"2023-04-07T08:17:46","modified_gmt":"2023-04-07T08:17:46","slug":"comprar-ald-52-blotters","status":"publish","type":"product","link":"https:\/\/everydaychemshop.com\/es\/product\/comprar-ald-52-blotters\/","title":{"rendered":"Comprar secantes ALD-52"},"content":{"rendered":"<h1>Comprar papel secante ALD-52 en l\u00ednea<\/h1>\n<p><a href=\"https:\/\/everydaychemshop.com\/es\/product\/comprar-ald-52-blotters\/\">Comprar papel secante ALD-52 en l\u00ednea<\/a>. ALD-52 es un f\u00e1rmaco de moda que sobresale consolidado por varios res chems sinti\u00e9ndose ligado a la historia diferida de ALD-52 y otros nombres diferentes de ALD-52. Los investigadores compran ALD-52 en l\u00ednea para usar en el dominio de la medicaci\u00f3n, en objetivos recreativos y de investigaci\u00f3n. Los atributos psicotr\u00f3picos de ALD-52 lo hicieron indiscutible entre los trabajadores de laboratorio y los expertos en la materia. <a href=\"https:\/\/en.wikipedia.org\/wiki\/ALD-52\">Una<\/a> gran cantidad de clientes t\u00edpicos elige comprar disponible para ser comprado para tener excitaci\u00f3n, satisfacci\u00f3n, mantener las reservas de energ\u00eda, aumentar la actividad sexual.<\/p>\n<p>Nota para elegir ALD-52 fabricado a trav\u00e9s de los mejores tipos de progreso por m\u00e9todos para medida de recogida totalmente controlada. Amplios tramos de contribuci\u00f3n en la investigaci\u00f3n de mezclas fabricadas disponibles para comprar en el mercado hicieron posible regular el estado de la mano de obra creando medidas en los laboratorios chinos donde se fabrican todas las sales de ba\u00f1o.<\/p>\n<p>Como proveedor sin igual, nuestra asociaci\u00f3n toma una inter\u00e9s directo con asociaciones chinas leg\u00edtimas. Tiene licencia para comercializar sales de ducha de la m\u00e1xima impecabilidad y calidad de primer nivel. ALD-52 se mezcla bajo supervisi\u00f3n total y seg\u00fan lo declarado por todos los principios. Poniendo decisivamente los datos consistentes contempor\u00e1neos disponibles para dar el gasto m\u00e1s deslumbrante en el mejor sitio para comprar materiales de ingenier\u00eda de investigaci\u00f3n. En los laboratorios chinos, se transportan gr\u00e1nulos ALD-52, superficies de manchas ALD-52, polvos ALD-52. El remitente ALD-52 env\u00eda ALD-52 a cualquier pa\u00eds. El trabajo cercano con proveedores leg\u00edtimos de ALD-52 garantiza consecuencias trascendentales de sus pruebas e investigaciones.<\/p>\n<p>El proveedor ha sido un creador confiable de productos qu\u00edmicos de evaluaci\u00f3n durante mucho tiempo. El sitio le ha dado a los clientes una reputaci\u00f3n abrumadora en toda la red de res chems. ald 52 a la venta, ald 52 comprar, comprar ald 52, ald-52 comprar Como proveedores confiables de RC brindan a lo largo de todos los d\u00edas, ayudan a la organizaci\u00f3n con ejecutivos experimentados a trav\u00e9s de conversaciones en vivo, que tienen datos importantes para ayudarlo con cualquier condici\u00f3n problem\u00e1tica.<\/p>\n<p>En una investigaci\u00f3n sobresaliente dise\u00f1ada agrava las conversaciones disponibles para comprar existentes en la web, puede encontrar reacciones positivas de nuestros compradores, que actualmente est\u00e1n satisfechos con los tipos de ayuda ofrecidos y las mejores cosas compradas en esta l\u00ednea<\/p>\n","protected":false},"excerpt":{"rendered":"<p><em>ALD<\/em>\u2013<em>52<\/em>\u00a0a la venta en Europa,\u00a0<em>comprar<\/em>\u00a0con Bitcoin, env\u00edo discreto desde la UE. <em>Compre ALD<\/em>\u2013<em>52 Blotters<\/em>,\u00a0<em>ALD<\/em>\u2013<em>52<\/em>\u00a0polvo crudo, proveedor de productos qu\u00edmicos de investigaci\u00f3n.<\/p>\n","protected":false},"featured_media":7979,"comment_status":"open","ping_status":"closed","template":"","meta":{"inline_featured_image":false},"product_brand":[],"product_cat":[116],"product_tag":[],"class_list":{"0":"post-7970","1":"product","2":"type-product","3":"status-publish","4":"has-post-thumbnail","6":"product_cat-pain-killers","8":"first","9":"instock","10":"shipping-taxable","11":"purchasable","12":"product-type-variable","13":"has-default-attributes"},"yoast_head":"<!-- This site is optimized with the Yoast SEO Premium plugin v19.2 (Yoast SEO v27.3) - https:\/\/yoast.com\/product\/yoast-seo-premium-wordpress\/ -->\n<title>Comprar papel secante ALD-52 en l\u00ednea - Everyday Chem Shop<\/title>\n<meta name=\"description\" content=\"Comprar papel secante ALD-52 en l\u00ednea. Vendemos papel secante ALD-52 de la mejor calidad en l\u00ednea. P\u00f3ngase en contacto para obtener m\u00e1s informaci\u00f3n y precios.\" \/>\n<meta name=\"robots\" content=\"index, follow, max-snippet:-1, max-image-preview:large, max-video-preview:-1\" \/>\n<link rel=\"canonical\" href=\"https:\/\/everydaychemshop.com\/es\/product\/comprar-ald-52-blotters\/\" \/>\n<meta property=\"og:locale\" content=\"en_US\" \/>\n<meta property=\"og:type\" content=\"article\" \/>\n<meta property=\"og:title\" content=\"Comprar secantes ALD-52\" \/>\n<meta property=\"og:description\" content=\"Comprar papel secante ALD-52 en l\u00ednea. Vendemos papel secante ALD-52 de la mejor calidad en l\u00ednea. P\u00f3ngase en contacto para obtener m\u00e1s informaci\u00f3n y precios.\" \/>\n<meta property=\"og:url\" content=\"https:\/\/everydaychemshop.com\/es\/product\/comprar-ald-52-blotters\/\" \/>\n<meta property=\"og:site_name\" content=\"Everyday Chem Shop\" \/>\n<meta property=\"article:modified_time\" content=\"2023-04-07T08:17:46+00:00\" \/>\n<meta property=\"og:image\" content=\"https:\/\/everydaychemshop.com\/es\/wp-content\/uploads\/sites\/4\/2022\/11\/Buy-ALD-52-Blotters.jpg\" \/>\n\t<meta property=\"og:image:width\" content=\"350\" \/>\n\t<meta property=\"og:image:height\" content=\"350\" \/>\n\t<meta property=\"og:image:type\" content=\"image\/jpeg\" \/>\n<meta name=\"twitter:card\" content=\"summary_large_image\" \/>\n<meta name=\"twitter:label1\" content=\"Est. reading time\" \/>\n\t<meta name=\"twitter:data1\" content=\"2 minutes\" \/>\n<script type=\"application\/ld+json\" class=\"yoast-schema-graph\">{\"@context\":\"https:\\\/\\\/schema.org\",\"@graph\":[{\"@type\":\"WebPage\",\"@id\":\"https:\\\/\\\/everydaychemshop.com\\\/es\\\/product\\\/comprar-ald-52-blotters\\\/\",\"url\":\"https:\\\/\\\/everydaychemshop.com\\\/es\\\/product\\\/comprar-ald-52-blotters\\\/\",\"name\":\"Comprar papel secante ALD-52 en l\u00ednea - Everyday Chem Shop\",\"isPartOf\":{\"@id\":\"https:\\\/\\\/everydaychemshop.com\\\/es\\\/#website\"},\"primaryImageOfPage\":{\"@id\":\"https:\\\/\\\/everydaychemshop.com\\\/es\\\/product\\\/comprar-ald-52-blotters\\\/#primaryimage\"},\"image\":{\"@id\":\"https:\\\/\\\/everydaychemshop.com\\\/es\\\/product\\\/comprar-ald-52-blotters\\\/#primaryimage\"},\"thumbnailUrl\":\"https:\\\/\\\/everydaychemshop.com\\\/es\\\/wp-content\\\/uploads\\\/sites\\\/4\\\/2022\\\/11\\\/Buy-ALD-52-Blotters.jpg\",\"datePublished\":\"2022-11-17T10:15:18+00:00\",\"dateModified\":\"2023-04-07T08:17:46+00:00\",\"description\":\"Comprar papel secante ALD-52 en l\u00ednea. Vendemos papel secante ALD-52 de la mejor calidad en l\u00ednea. P\u00f3ngase en contacto para obtener m\u00e1s informaci\u00f3n y precios.\",\"breadcrumb\":{\"@id\":\"https:\\\/\\\/everydaychemshop.com\\\/es\\\/product\\\/comprar-ald-52-blotters\\\/#breadcrumb\"},\"inLanguage\":\"en-US\",\"potentialAction\":[{\"@type\":\"ReadAction\",\"target\":[\"https:\\\/\\\/everydaychemshop.com\\\/es\\\/product\\\/comprar-ald-52-blotters\\\/\"]}]},{\"@type\":\"ImageObject\",\"inLanguage\":\"en-US\",\"@id\":\"https:\\\/\\\/everydaychemshop.com\\\/es\\\/product\\\/comprar-ald-52-blotters\\\/#primaryimage\",\"url\":\"https:\\\/\\\/everydaychemshop.com\\\/es\\\/wp-content\\\/uploads\\\/sites\\\/4\\\/2022\\\/11\\\/Buy-ALD-52-Blotters.jpg\",\"contentUrl\":\"https:\\\/\\\/everydaychemshop.com\\\/es\\\/wp-content\\\/uploads\\\/sites\\\/4\\\/2022\\\/11\\\/Buy-ALD-52-Blotters.jpg\",\"width\":350,\"height\":350,\"caption\":\"Comprar papel secante ALD-52 en l\u00ednea\"},{\"@type\":\"BreadcrumbList\",\"@id\":\"https:\\\/\\\/everydaychemshop.com\\\/es\\\/product\\\/comprar-ald-52-blotters\\\/#breadcrumb\",\"itemListElement\":[{\"@type\":\"ListItem\",\"position\":1,\"name\":\"Home\",\"item\":\"https:\\\/\\\/everydaychemshop.com\\\/es\\\/\"},{\"@type\":\"ListItem\",\"position\":2,\"name\":\"Productos\",\"item\":\"https:\\\/\\\/everydaychemshop.com\\\/es\\\/productos\\\/\"},{\"@type\":\"ListItem\",\"position\":3,\"name\":\"Comprar secantes ALD-52\"}]},{\"@type\":\"WebSite\",\"@id\":\"https:\\\/\\\/everydaychemshop.com\\\/es\\\/#website\",\"url\":\"https:\\\/\\\/everydaychemshop.com\\\/es\\\/\",\"name\":\"Everyday Chem Shop\",\"description\":\"\",\"potentialAction\":[{\"@type\":\"SearchAction\",\"target\":{\"@type\":\"EntryPoint\",\"urlTemplate\":\"https:\\\/\\\/everydaychemshop.com\\\/es\\\/?s={search_term_string}\"},\"query-input\":{\"@type\":\"PropertyValueSpecification\",\"valueRequired\":true,\"valueName\":\"search_term_string\"}}],\"inLanguage\":\"en-US\"}]}<\/script>\n<!-- \/ Yoast SEO Premium plugin. -->","yoast_head_json":{"title":"Comprar papel secante ALD-52 en l\u00ednea - Everyday Chem Shop","description":"Comprar papel secante ALD-52 en l\u00ednea. Vendemos papel secante ALD-52 de la mejor calidad en l\u00ednea. P\u00f3ngase en contacto para obtener m\u00e1s informaci\u00f3n y precios.","robots":{"index":"index","follow":"follow","max-snippet":"max-snippet:-1","max-image-preview":"max-image-preview:large","max-video-preview":"max-video-preview:-1"},"canonical":"https:\/\/everydaychemshop.com\/es\/product\/comprar-ald-52-blotters\/","og_locale":"en_US","og_type":"article","og_title":"Comprar secantes ALD-52","og_description":"Comprar papel secante ALD-52 en l\u00ednea. Vendemos papel secante ALD-52 de la mejor calidad en l\u00ednea. P\u00f3ngase en contacto para obtener m\u00e1s informaci\u00f3n y precios.","og_url":"https:\/\/everydaychemshop.com\/es\/product\/comprar-ald-52-blotters\/","og_site_name":"Everyday Chem Shop","article_modified_time":"2023-04-07T08:17:46+00:00","og_image":[{"width":350,"height":350,"url":"https:\/\/everydaychemshop.com\/es\/wp-content\/uploads\/sites\/4\/2022\/11\/Buy-ALD-52-Blotters.jpg","type":"image\/jpeg"}],"twitter_card":"summary_large_image","twitter_misc":{"Est. reading time":"2 minutes"},"schema":{"@context":"https:\/\/schema.org","@graph":[{"@type":"WebPage","@id":"https:\/\/everydaychemshop.com\/es\/product\/comprar-ald-52-blotters\/","url":"https:\/\/everydaychemshop.com\/es\/product\/comprar-ald-52-blotters\/","name":"Comprar papel secante ALD-52 en l\u00ednea - Everyday Chem Shop","isPartOf":{"@id":"https:\/\/everydaychemshop.com\/es\/#website"},"primaryImageOfPage":{"@id":"https:\/\/everydaychemshop.com\/es\/product\/comprar-ald-52-blotters\/#primaryimage"},"image":{"@id":"https:\/\/everydaychemshop.com\/es\/product\/comprar-ald-52-blotters\/#primaryimage"},"thumbnailUrl":"https:\/\/everydaychemshop.com\/es\/wp-content\/uploads\/sites\/4\/2022\/11\/Buy-ALD-52-Blotters.jpg","datePublished":"2022-11-17T10:15:18+00:00","dateModified":"2023-04-07T08:17:46+00:00","description":"Comprar papel secante ALD-52 en l\u00ednea. Vendemos papel secante ALD-52 de la mejor calidad en l\u00ednea. P\u00f3ngase en contacto para obtener m\u00e1s informaci\u00f3n y precios.","breadcrumb":{"@id":"https:\/\/everydaychemshop.com\/es\/product\/comprar-ald-52-blotters\/#breadcrumb"},"inLanguage":"en-US","potentialAction":[{"@type":"ReadAction","target":["https:\/\/everydaychemshop.com\/es\/product\/comprar-ald-52-blotters\/"]}]},{"@type":"ImageObject","inLanguage":"en-US","@id":"https:\/\/everydaychemshop.com\/es\/product\/comprar-ald-52-blotters\/#primaryimage","url":"https:\/\/everydaychemshop.com\/es\/wp-content\/uploads\/sites\/4\/2022\/11\/Buy-ALD-52-Blotters.jpg","contentUrl":"https:\/\/everydaychemshop.com\/es\/wp-content\/uploads\/sites\/4\/2022\/11\/Buy-ALD-52-Blotters.jpg","width":350,"height":350,"caption":"Comprar papel secante ALD-52 en l\u00ednea"},{"@type":"BreadcrumbList","@id":"https:\/\/everydaychemshop.com\/es\/product\/comprar-ald-52-blotters\/#breadcrumb","itemListElement":[{"@type":"ListItem","position":1,"name":"Home","item":"https:\/\/everydaychemshop.com\/es\/"},{"@type":"ListItem","position":2,"name":"Productos","item":"https:\/\/everydaychemshop.com\/es\/productos\/"},{"@type":"ListItem","position":3,"name":"Comprar secantes ALD-52"}]},{"@type":"WebSite","@id":"https:\/\/everydaychemshop.com\/es\/#website","url":"https:\/\/everydaychemshop.com\/es\/","name":"Everyday Chem Shop","description":"","potentialAction":[{"@type":"SearchAction","target":{"@type":"EntryPoint","urlTemplate":"https:\/\/everydaychemshop.com\/es\/?s={search_term_string}"},"query-input":{"@type":"PropertyValueSpecification","valueRequired":true,"valueName":"search_term_string"}}],"inLanguage":"en-US"}]}},"_links":{"self":[{"href":"https:\/\/everydaychemshop.com\/es\/wp-json\/wp\/v2\/product\/7970","targetHints":{"allow":["GET"]}}],"collection":[{"href":"https:\/\/everydaychemshop.com\/es\/wp-json\/wp\/v2\/product"}],"about":[{"href":"https:\/\/everydaychemshop.com\/es\/wp-json\/wp\/v2\/types\/product"}],"replies":[{"embeddable":true,"href":"https:\/\/everydaychemshop.com\/es\/wp-json\/wp\/v2\/comments?post=7970"}],"wp:featuredmedia":[{"embeddable":true,"href":"https:\/\/everydaychemshop.com\/es\/wp-json\/wp\/v2\/media\/7979"}],"wp:attachment":[{"href":"https:\/\/everydaychemshop.com\/es\/wp-json\/wp\/v2\/media?parent=7970"}],"wp:term":[{"taxonomy":"product_brand","embeddable":true,"href":"https:\/\/everydaychemshop.com\/es\/wp-json\/wp\/v2\/product_brand?post=7970"},{"taxonomy":"product_cat","embeddable":true,"href":"https:\/\/everydaychemshop.com\/es\/wp-json\/wp\/v2\/product_cat?post=7970"},{"taxonomy":"product_tag","embeddable":true,"href":"https:\/\/everydaychemshop.com\/es\/wp-json\/wp\/v2\/product_tag?post=7970"}],"curies":[{"name":"wp","href":"https:\/\/api.w.org\/{rel}","templated":true}]}}